{"id":9976,"date":"2021-12-18T17:09:19","date_gmt":"2021-12-18T16:09:19","guid":{"rendered":"http:\/\/audi-klaus.at.server171-han.server-routing.com\/shop\/?post_type=product&#038;p=9976"},"modified":"2026-01-07T21:00:17","modified_gmt":"2026-01-07T20:00:17","slug":"audi-coupe-typ-89-wind-und-regenabweiser-links-895845121fl","status":"publish","type":"product","link":"https:\/\/audi-klaus.at\/shop\/produkt\/audi-coupe-typ-89-wind-und-regenabweiser-links-895845121fl\/","title":{"rendered":"Audi Coup\u00e9 Typ 89 Wind- und Regenabweiser links 895845121FL"},"content":{"rendered":"<p><strong><span style=\"color: #000000;\"><span style=\"font-family: Source Sans Pro, sans-serif;\"><span style=\"font-size: medium;\"><b>VAG Teilenummer<\/b><\/span><\/span><\/span><\/strong><span style=\"color: #000000;\"><span style=\"font-family: Source Sans Pro, sans-serif;\"><span style=\"font-size: medium;\"><b>:<\/b><\/span><\/span><\/span> 895 845 121 FL<span style=\"font-family: Source Sans Pro, sans-serif;\"><span style=\"font-size: medium;\"><br \/>\n<\/span><\/span><strong><span style=\"color: #000000;\"><span style=\"font-family: Source Sans Pro, sans-serif;\"><span style=\"font-size: medium;\"><b>Zustand:<\/b><\/span><\/span><\/span><\/strong><span style=\"color: #000000;\"><span style=\"font-family: Source Sans Pro, sans-serif;\"><span style=\"font-size: medium;\"> Gebraucht<\/span><\/span><\/span><span style=\"font-family: Source Sans Pro, sans-serif;\"><span style=\"font-size: medium;\"><br \/>\n<\/span><\/span><strong><span style=\"color: #000000;\"><span style=\"font-family: Source Sans Pro, sans-serif;\"><span style=\"font-size: medium;\"><b>Lieferumfang:<\/b><\/span><\/span><\/span><\/strong> <span style=\"color: #000000;\"><span style=\"font-family: Source Sans Pro, sans-serif;\"><span style=\"font-size: medium;\">wie in den Original-Abbildungen angegeben<\/span><\/span><\/span><span style=\"font-family: Source Sans Pro, sans-serif;\"><span style=\"font-size: medium;\"><br \/>\n<\/span><\/span><span style=\"color: #000000;\"><span style=\"font-family: Source Sans Pro, sans-serif;\"><span style=\"font-size: medium;\">Hinweis: Bitte \u00fcberpr\u00fcfen Sie vor dem Kauf anhand der eindeutigen Teilenummern, ob der Artikel zum Fahrzeug passt, um R\u00fccksendungen zu vermeiden! Trotz Angabe der entsprechenden Fahrzeugdaten ist eine eindeutige Zuordnung nur \u00fcber die Teilenummer m\u00f6glich! Die abgelesene Teilenummer ist die Teilenummer des Teils, welches geliefert wird. Die Originalteilnummer ist diejenige, die bei Neubestellung f\u00fcr dieses Teil gilt und der m\u00f6glicherweise abweichenden, gelieferten Teilenummer entspricht. Sollten weitere Fragen offen sein, kontaktieren Sie uns bitte unter <\/span><\/span><\/span><a href=\"mailto:office@audi-klaus.at\"><span style=\"font-family: Source Sans Pro, sans-serif;\"><span style=\"font-size: medium;\">office@audi-klaus.at<\/span><\/span><\/a><\/p>\n","protected":false},"excerpt":{"rendered":"<h5><strong><span style=\"font-size: 18pt;\">Marke: Audi<\/span><\/strong><\/h5>\n<h5><strong><span style=\"font-size: 18pt;\">Modell: Coup\u00e9<\/span><\/strong><\/h5>\n<h5><strong><span style=\"font-size: 18pt;\">Typ: 89<\/span><\/strong><\/h5>\n<h5 style=\"text-align: left;\"><span style=\"font-size: 14pt;\"><strong><span style=\"color: #d0121a;\">!!! Farbe kann variieren !!!<\/span><\/strong><\/span><\/h5>\n","protected":false},"featured_media":9827,"template":"","meta":[],"product_brand":[],"product_cat":[32,85,87,271],"product_tag":[5127],"class_list":{"0":"post-9976","1":"product","2":"type-product","3":"status-publish","4":"has-post-thumbnail","6":"product_cat-audi","7":"product_cat-coupe80","8":"product_cat-b3-typ89-80","9":"product_cat-karosserie-b3-80","10":"product_tag-895845121fl","12":"first","13":"outofstock","14":"taxable","15":"shipping-taxable","16":"purchasable","17":"product-type-simple"},"yoast_head":"<!-- This site is optimized with the Yoast SEO plugin v27.3 - https:\/\/yoast.com\/product\/yoast-seo-wordpress\/ -->\n<title>Audi Coup\u00e9 Typ 89 Wind- und Regenabweiser links 895845121FL - Audi-Klaus<\/title>\n<meta name=\"robots\" content=\"index, follow, max-snippet:-1, max-image-preview:large, max-video-preview:-1\" \/>\n<link rel=\"canonical\" href=\"https:\/\/audi-klaus.at\/shop\/produkt\/audi-coupe-typ-89-wind-und-regenabweiser-links-895845121fl\/\" \/>\n<meta property=\"og:locale\" content=\"de_DE\" \/>\n<meta property=\"og:type\" content=\"article\" \/>\n<meta property=\"og:title\" content=\"Audi Coup\u00e9 Typ 89 Wind- und Regenabweiser links 895845121FL - Audi-Klaus\" \/>\n<meta property=\"og:description\" content=\"Marke: Audi Modell: Coup\u00e9 Typ: 89 !!! Farbe kann variieren !!!\" \/>\n<meta property=\"og:url\" content=\"https:\/\/audi-klaus.at\/shop\/produkt\/audi-coupe-typ-89-wind-und-regenabweiser-links-895845121fl\/\" \/>\n<meta property=\"og:site_name\" content=\"Audi-Klaus\" \/>\n<meta property=\"article:publisher\" content=\"https:\/\/www.facebook.com\/audi.klaus.1312\/\" \/>\n<meta property=\"article:modified_time\" content=\"2026-01-07T20:00:17+00:00\" \/>\n<meta property=\"og:image\" content=\"https:\/\/audi-klaus.at\/shop\/wp-content\/uploads\/2021\/12\/zl58-1.jpg\" \/>\n\t<meta property=\"og:image:width\" content=\"430\" \/>\n\t<meta property=\"og:image:height\" content=\"430\" \/>\n\t<meta property=\"og:image:type\" content=\"image\/jpeg\" \/>\n<meta name=\"twitter:card\" content=\"summary_large_image\" \/>\n<meta name=\"twitter:label1\" content=\"Gesch\u00e4tzte Lesezeit\" \/>\n\t<meta name=\"twitter:data1\" content=\"1 Minute\" \/>\n<script type=\"application\/ld+json\" class=\"yoast-schema-graph\">{\"@context\":\"https:\\\/\\\/schema.org\",\"@graph\":[{\"@type\":\"WebPage\",\"@id\":\"https:\\\/\\\/audi-klaus.at\\\/shop\\\/produkt\\\/audi-coupe-typ-89-wind-und-regenabweiser-links-895845121fl\\\/\",\"url\":\"https:\\\/\\\/audi-klaus.at\\\/shop\\\/produkt\\\/audi-coupe-typ-89-wind-und-regenabweiser-links-895845121fl\\\/\",\"name\":\"Audi Coup\u00e9 Typ 89 Wind- und Regenabweiser links 895845121FL - Audi-Klaus\",\"isPartOf\":{\"@id\":\"https:\\\/\\\/audi-klaus.at\\\/shop\\\/#website\"},\"primaryImageOfPage\":{\"@id\":\"https:\\\/\\\/audi-klaus.at\\\/shop\\\/produkt\\\/audi-coupe-typ-89-wind-und-regenabweiser-links-895845121fl\\\/#primaryimage\"},\"image\":{\"@id\":\"https:\\\/\\\/audi-klaus.at\\\/shop\\\/produkt\\\/audi-coupe-typ-89-wind-und-regenabweiser-links-895845121fl\\\/#primaryimage\"},\"thumbnailUrl\":\"https:\\\/\\\/audi-klaus.at\\\/shop\\\/wp-content\\\/uploads\\\/2021\\\/12\\\/zl58-1.jpg\",\"datePublished\":\"2021-12-18T16:09:19+00:00\",\"dateModified\":\"2026-01-07T20:00:17+00:00\",\"breadcrumb\":{\"@id\":\"https:\\\/\\\/audi-klaus.at\\\/shop\\\/produkt\\\/audi-coupe-typ-89-wind-und-regenabweiser-links-895845121fl\\\/#breadcrumb\"},\"inLanguage\":\"de-AT\",\"potentialAction\":[{\"@type\":\"ReadAction\",\"target\":[\"https:\\\/\\\/audi-klaus.at\\\/shop\\\/produkt\\\/audi-coupe-typ-89-wind-und-regenabweiser-links-895845121fl\\\/\"]}]},{\"@type\":\"ImageObject\",\"inLanguage\":\"de-AT\",\"@id\":\"https:\\\/\\\/audi-klaus.at\\\/shop\\\/produkt\\\/audi-coupe-typ-89-wind-und-regenabweiser-links-895845121fl\\\/#primaryimage\",\"url\":\"https:\\\/\\\/audi-klaus.at\\\/shop\\\/wp-content\\\/uploads\\\/2021\\\/12\\\/zl58-1.jpg\",\"contentUrl\":\"https:\\\/\\\/audi-klaus.at\\\/shop\\\/wp-content\\\/uploads\\\/2021\\\/12\\\/zl58-1.jpg\",\"width\":430,\"height\":430},{\"@type\":\"BreadcrumbList\",\"@id\":\"https:\\\/\\\/audi-klaus.at\\\/shop\\\/produkt\\\/audi-coupe-typ-89-wind-und-regenabweiser-links-895845121fl\\\/#breadcrumb\",\"itemListElement\":[{\"@type\":\"ListItem\",\"position\":1,\"name\":\"Startseite\",\"item\":\"https:\\\/\\\/audi-klaus.at\\\/shop\\\/\"},{\"@type\":\"ListItem\",\"position\":2,\"name\":\"Shop\",\"item\":\"https:\\\/\\\/audi-klaus.at\\\/shop\\\/\"},{\"@type\":\"ListItem\",\"position\":3,\"name\":\"Audi Coup\u00e9 Typ 89 Wind- und Regenabweiser links 895845121FL\"}]},{\"@type\":\"WebSite\",\"@id\":\"https:\\\/\\\/audi-klaus.at\\\/shop\\\/#website\",\"url\":\"https:\\\/\\\/audi-klaus.at\\\/shop\\\/\",\"name\":\"Audi-Klaus\",\"description\":\"Ihr Gebrauchtteile Spezialist f\u00fcr die Marken Audi, VW (VAG)\",\"publisher\":{\"@id\":\"https:\\\/\\\/audi-klaus.at\\\/shop\\\/#organization\"},\"potentialAction\":[{\"@type\":\"SearchAction\",\"target\":{\"@type\":\"EntryPoint\",\"urlTemplate\":\"https:\\\/\\\/audi-klaus.at\\\/shop\\\/?s={search_term_string}\"},\"query-input\":{\"@type\":\"PropertyValueSpecification\",\"valueRequired\":true,\"valueName\":\"search_term_string\"}}],\"inLanguage\":\"de-AT\"},{\"@type\":\"Organization\",\"@id\":\"https:\\\/\\\/audi-klaus.at\\\/shop\\\/#organization\",\"name\":\"Audi-Klaus\",\"url\":\"https:\\\/\\\/audi-klaus.at\\\/shop\\\/\",\"logo\":{\"@type\":\"ImageObject\",\"inLanguage\":\"de-AT\",\"@id\":\"https:\\\/\\\/audi-klaus.at\\\/shop\\\/#\\\/schema\\\/logo\\\/image\\\/\",\"url\":\"https:\\\/\\\/audi-klaus.at\\\/shop\\\/wp-content\\\/uploads\\\/2024\\\/10\\\/Logo-Shop.webp\",\"contentUrl\":\"https:\\\/\\\/audi-klaus.at\\\/shop\\\/wp-content\\\/uploads\\\/2024\\\/10\\\/Logo-Shop.webp\",\"width\":470,\"height\":164,\"caption\":\"Audi-Klaus\"},\"image\":{\"@id\":\"https:\\\/\\\/audi-klaus.at\\\/shop\\\/#\\\/schema\\\/logo\\\/image\\\/\"},\"sameAs\":[\"https:\\\/\\\/www.facebook.com\\\/audi.klaus.1312\\\/\",\"https:\\\/\\\/www.instagram.com\\\/audi_klaus\\\/?igshid=1eca3qu2mdayg\"]}]}<\/script>\n<!-- \/ Yoast SEO plugin. -->","yoast_head_json":{"title":"Audi Coup\u00e9 Typ 89 Wind- und Regenabweiser links 895845121FL - Audi-Klaus","robots":{"index":"index","follow":"follow","max-snippet":"max-snippet:-1","max-image-preview":"max-image-preview:large","max-video-preview":"max-video-preview:-1"},"canonical":"https:\/\/audi-klaus.at\/shop\/produkt\/audi-coupe-typ-89-wind-und-regenabweiser-links-895845121fl\/","og_locale":"de_DE","og_type":"article","og_title":"Audi Coup\u00e9 Typ 89 Wind- und Regenabweiser links 895845121FL - Audi-Klaus","og_description":"Marke: Audi Modell: Coup\u00e9 Typ: 89 !!! Farbe kann variieren !!!","og_url":"https:\/\/audi-klaus.at\/shop\/produkt\/audi-coupe-typ-89-wind-und-regenabweiser-links-895845121fl\/","og_site_name":"Audi-Klaus","article_publisher":"https:\/\/www.facebook.com\/audi.klaus.1312\/","article_modified_time":"2026-01-07T20:00:17+00:00","og_image":[{"width":430,"height":430,"url":"https:\/\/audi-klaus.at\/shop\/wp-content\/uploads\/2021\/12\/zl58-1.jpg","type":"image\/jpeg"}],"twitter_card":"summary_large_image","twitter_misc":{"Gesch\u00e4tzte Lesezeit":"1 Minute"},"schema":{"@context":"https:\/\/schema.org","@graph":[{"@type":"WebPage","@id":"https:\/\/audi-klaus.at\/shop\/produkt\/audi-coupe-typ-89-wind-und-regenabweiser-links-895845121fl\/","url":"https:\/\/audi-klaus.at\/shop\/produkt\/audi-coupe-typ-89-wind-und-regenabweiser-links-895845121fl\/","name":"Audi Coup\u00e9 Typ 89 Wind- und Regenabweiser links 895845121FL - Audi-Klaus","isPartOf":{"@id":"https:\/\/audi-klaus.at\/shop\/#website"},"primaryImageOfPage":{"@id":"https:\/\/audi-klaus.at\/shop\/produkt\/audi-coupe-typ-89-wind-und-regenabweiser-links-895845121fl\/#primaryimage"},"image":{"@id":"https:\/\/audi-klaus.at\/shop\/produkt\/audi-coupe-typ-89-wind-und-regenabweiser-links-895845121fl\/#primaryimage"},"thumbnailUrl":"https:\/\/audi-klaus.at\/shop\/wp-content\/uploads\/2021\/12\/zl58-1.jpg","datePublished":"2021-12-18T16:09:19+00:00","dateModified":"2026-01-07T20:00:17+00:00","breadcrumb":{"@id":"https:\/\/audi-klaus.at\/shop\/produkt\/audi-coupe-typ-89-wind-und-regenabweiser-links-895845121fl\/#breadcrumb"},"inLanguage":"de-AT","potentialAction":[{"@type":"ReadAction","target":["https:\/\/audi-klaus.at\/shop\/produkt\/audi-coupe-typ-89-wind-und-regenabweiser-links-895845121fl\/"]}]},{"@type":"ImageObject","inLanguage":"de-AT","@id":"https:\/\/audi-klaus.at\/shop\/produkt\/audi-coupe-typ-89-wind-und-regenabweiser-links-895845121fl\/#primaryimage","url":"https:\/\/audi-klaus.at\/shop\/wp-content\/uploads\/2021\/12\/zl58-1.jpg","contentUrl":"https:\/\/audi-klaus.at\/shop\/wp-content\/uploads\/2021\/12\/zl58-1.jpg","width":430,"height":430},{"@type":"BreadcrumbList","@id":"https:\/\/audi-klaus.at\/shop\/produkt\/audi-coupe-typ-89-wind-und-regenabweiser-links-895845121fl\/#breadcrumb","itemListElement":[{"@type":"ListItem","position":1,"name":"Startseite","item":"https:\/\/audi-klaus.at\/shop\/"},{"@type":"ListItem","position":2,"name":"Shop","item":"https:\/\/audi-klaus.at\/shop\/"},{"@type":"ListItem","position":3,"name":"Audi Coup\u00e9 Typ 89 Wind- und Regenabweiser links 895845121FL"}]},{"@type":"WebSite","@id":"https:\/\/audi-klaus.at\/shop\/#website","url":"https:\/\/audi-klaus.at\/shop\/","name":"Audi-Klaus","description":"Ihr Gebrauchtteile Spezialist f\u00fcr die Marken Audi, VW (VAG)","publisher":{"@id":"https:\/\/audi-klaus.at\/shop\/#organization"},"potentialAction":[{"@type":"SearchAction","target":{"@type":"EntryPoint","urlTemplate":"https:\/\/audi-klaus.at\/shop\/?s={search_term_string}"},"query-input":{"@type":"PropertyValueSpecification","valueRequired":true,"valueName":"search_term_string"}}],"inLanguage":"de-AT"},{"@type":"Organization","@id":"https:\/\/audi-klaus.at\/shop\/#organization","name":"Audi-Klaus","url":"https:\/\/audi-klaus.at\/shop\/","logo":{"@type":"ImageObject","inLanguage":"de-AT","@id":"https:\/\/audi-klaus.at\/shop\/#\/schema\/logo\/image\/","url":"https:\/\/audi-klaus.at\/shop\/wp-content\/uploads\/2024\/10\/Logo-Shop.webp","contentUrl":"https:\/\/audi-klaus.at\/shop\/wp-content\/uploads\/2024\/10\/Logo-Shop.webp","width":470,"height":164,"caption":"Audi-Klaus"},"image":{"@id":"https:\/\/audi-klaus.at\/shop\/#\/schema\/logo\/image\/"},"sameAs":["https:\/\/www.facebook.com\/audi.klaus.1312\/","https:\/\/www.instagram.com\/audi_klaus\/?igshid=1eca3qu2mdayg"]}]}},"_links":{"self":[{"href":"https:\/\/audi-klaus.at\/shop\/wp-json\/wp\/v2\/product\/9976","targetHints":{"allow":["GET"]}}],"collection":[{"href":"https:\/\/audi-klaus.at\/shop\/wp-json\/wp\/v2\/product"}],"about":[{"href":"https:\/\/audi-klaus.at\/shop\/wp-json\/wp\/v2\/types\/product"}],"wp:featuredmedia":[{"embeddable":true,"href":"https:\/\/audi-klaus.at\/shop\/wp-json\/wp\/v2\/media\/9827"}],"wp:attachment":[{"href":"https:\/\/audi-klaus.at\/shop\/wp-json\/wp\/v2\/media?parent=9976"}],"wp:term":[{"taxonomy":"product_brand","embeddable":true,"href":"https:\/\/audi-klaus.at\/shop\/wp-json\/wp\/v2\/product_brand?post=9976"},{"taxonomy":"product_cat","embeddable":true,"href":"https:\/\/audi-klaus.at\/shop\/wp-json\/wp\/v2\/product_cat?post=9976"},{"taxonomy":"product_tag","embeddable":true,"href":"https:\/\/audi-klaus.at\/shop\/wp-json\/wp\/v2\/product_tag?post=9976"}],"curies":[{"name":"wp","href":"https:\/\/api.w.org\/{rel}","templated":true}]}}