{"id":96994,"date":"2025-09-23T09:49:39","date_gmt":"2025-09-23T07:49:39","guid":{"rendered":"https:\/\/audi-klaus.at\/shop\/?post_type=product&#038;p=96994"},"modified":"2026-01-07T22:58:51","modified_gmt":"2026-01-07T21:58:51","slug":"audi-a3-8p-tt-8j-vw-eos-golf-jetta-5-6-passat-b6-b7-cc-scirocco-3-seat-altea-5p-leon-2-toledo-3-skoda-octavia-superb-2-yeti-5l-ansaugschlauch-nos-1k0129618an","status":"publish","type":"product","link":"https:\/\/audi-klaus.at\/shop\/produkt\/audi-a3-8p-tt-8j-vw-eos-golf-jetta-5-6-passat-b6-b7-cc-scirocco-3-seat-altea-5p-leon-2-toledo-3-skoda-octavia-superb-2-yeti-5l-ansaugschlauch-nos-1k0129618an\/","title":{"rendered":"Audi A3\/8P\/TT\/8J\/Vw EOS\/Golf\/Jetta\/5\/6\/Passat\/B6\/B7\/CC\/Scirocco\/3\/Seat Altea\/5P\/Leon\/2\/Toledo\/3\/Skoda Octavia\/Superb\/2\/Yeti\/5L Ansaugschlauch NOS 1K0129618AN"},"content":{"rendered":"<h5 class=\"western\"><span style=\"color: #060606;\"><span style=\"font-family: Verdana, serif;\"><span style=\"font-size: small;\"><b>VAG Teilenummer<\/b><\/span><\/span><\/span><span style=\"color: #060606;\"><span style=\"font-family: Verdana, serif;\"><span style=\"font-size: small;\">: 1K0 129 618 AN<\/span><\/span><\/span><\/h5>\n<h5 class=\"western\"><span style=\"color: #060606;\"><span style=\"font-family: Verdana, serif;\"><span style=\"font-size: small;\"><b>Zustand:<\/b><\/span><\/span><\/span><span style=\"color: #060606;\"><span style=\"font-family: Verdana, serif;\"><span style=\"font-size: small;\">\u00a0<\/span><\/span><\/span><span style=\"color: #060606;\"><span style=\"font-family: Verdana, serif;\"><span style=\"font-size: small;\"><span lang=\"de-DE\">NOS ( New Old Stock \/ kann Lagerspuren aufweisen)<\/span><\/span><\/span><\/span><\/h5>\n<h5 class=\"western\"><span style=\"color: #060606;\"><span style=\"font-family: Verdana, serif;\"><span style=\"font-size: small;\"><b>Lieferumfang:<\/b><\/span><\/span><\/span><span style=\"color: #060606;\"><span style=\"font-family: Verdana, serif;\"><span style=\"font-size: small;\">\u00a0wie in den Original-Abbildungen angegeben<\/span><\/span><\/span><\/h5>\n<h5 class=\"western\"><span style=\"color: #060606;\"><span style=\"font-family: Verdana, serif;\"><span style=\"font-size: small;\"><b>Hinweis:<\/b><\/span><\/span><\/span><span style=\"color: #060606;\"><span style=\"font-family: Verdana, serif;\"><span style=\"font-size: small;\">\u00a0Bitte \u00fcberpr\u00fcfen Sie vor dem Kauf anhand der eindeutigen Teilenummern, ob der Artikel zum Fahrzeug passt, um R\u00fccksendungen zu vermeiden! Trotz Angabe der entsprechenden Fahrzeugdaten ist eine eindeutige Zuordnung nur \u00fcber die Teilenummer m\u00f6glich! Die abgelesene Teilenummer ist die Teilenummer des Teils, welches geliefert wird. Die Originalteilnummer ist diejenige, die bei Neubestellung f\u00fcr dieses Teil gilt und der m\u00f6glicherweise abweichenden, gelieferten Teilenummer entspricht. <\/span><\/span><\/span><\/h5>\n<h5 class=\"western\"><span style=\"color: #060606;\"><span style=\"font-family: Verdana, serif;\"><span style=\"font-size: small;\"><span lang=\"de-DE\">Neu<\/span><\/span><\/span><\/span><span style=\"color: #060606;\"><span style=\"font-family: Verdana, serif;\"><span style=\"font-size: small;\"> mit Gebrauchsspuren in Form von Verunreinigungen\/ kleinen Kratzern m\u00f6glich. Die Ware wird ungereinigt geliefert.<\/span><\/span><\/span><\/h5>\n<h5 class=\"western\"><span style=\"color: #060606;\"><span style=\"font-family: Verdana, serif;\"><span style=\"font-size: small;\">Sollten weitere Fragen offen sein, kontaktieren Sie uns bitte unter<\/span><\/span><\/span><span style=\"color: #060606;\"><span style=\"font-family: Verdana, serif;\"><span style=\"font-size: small;\"><u>\u00a0<\/u><\/span><\/span><\/span><a href=\"mailto:office@audi-klaus.at\"><span style=\"color: #0000ff;\"><span style=\"font-family: Verdana, serif;\"><span style=\"font-size: small;\"><u>office@audi-klaus.at<\/u><\/span><\/span><\/span><\/a><\/h5>\n","protected":false},"excerpt":{"rendered":"<h5 class=\"western\"><strong><span style=\"color: #000000;\"><span style=\"font-family: Source Sans Pro, serif;\"><span style=\"font-size: x-large;\"><b>Marke: Audi\/Vw\/Seat\/Skoda<br \/>\nModell: A3\/TT\/Vw EOS\/Golf\/Jetta\/Passat\/Scirocco\/Seat Altea\/Leon\/Toledo\/Skoda Octavia\/Superb\/Yeti<br \/>\nTyp:\u00a0<\/b><\/span><\/span><\/span><\/strong><strong><span style=\"color: #000000;\"><span style=\"font-family: Source Sans Pro, serif;\"><span style=\"font-size: x-large;\"><b>8P\/<\/b><\/span><\/span><\/span><\/strong><strong><span style=\"color: #000000;\"><span style=\"font-family: Source Sans Pro, serif;\"><span style=\"font-size: x-large;\"><b>8J\/<\/b><\/span><\/span><\/span><\/strong><strong><span style=\"color: #000000;\"><span style=\"font-family: Source Sans Pro, serif;\"><span style=\"font-size: x-large;\"><b>5\/6\/<\/b><\/span><\/span><\/span><\/strong><strong><span style=\"color: #000000;\"><span style=\"font-family: Source Sans Pro, serif;\"><span style=\"font-size: x-large;\"><b>B6\/B7\/CC\/3\/5P\/2\/3\/2\/5L<\/b><\/span><\/span><\/span><\/strong><\/h5>\n","protected":false},"featured_media":97040,"template":"","meta":[],"product_brand":[],"product_cat":[1207,1411,1135,2195,1213,1471,1164,2226,1234,1681,1165,2227,1235,1691,1167,2228,1236,1711,1170,2245,1240,32,1752,1176,2248,1309,369,2038,1179,2251,1319,384,2041,1197,2378,1378,454,2046,1198,2408,1379,468,2049,1206,2438,1401,961,2125],"product_tag":[35484,35485],"class_list":{"0":"post-96994","1":"product","2":"type-product","3":"status-publish","4":"has-post-thumbnail","6":"product_cat-6-162-2010-2014","7":"product_cat-motor-getriebe-6-162-2010-2014","8":"product_cat-motor-getriebe-8j-2006-2015","9":"product_cat-motor-getriebe-2-3t-2008-2015","10":"product_cat-3-2008-2014","11":"product_cat-motor-getriebe-3-2008-2014","12":"product_cat-vw","13":"product_cat-leon","14":"product_cat-b6-3c-2005-2010","15":"product_cat-motor-getriebe-b6-3c-2005-2010","16":"product_cat-golf","17":"product_cat-altea","18":"product_cat-cc-3c-2008-2012","19":"product_cat-motor-getriebe-b7-3c-2010-2014","20":"product_cat-jetta","21":"product_cat-toldedo","22":"product_cat-b7-3c-2010-2014","23":"product_cat-motor-getriebe-cc-3c-2008-2012","24":"product_cat-scirocco","25":"product_cat-2-1p-2005-2012","26":"product_cat-1f-2006-2015","27":"product_cat-audi","28":"product_cat-motor-getriebe-1f-2006-2015","29":"product_cat-passat","30":"product_cat-2004-2015","31":"product_cat-motor-getriebe-5-1k-2003-2010","32":"product_cat-a3","33":"product_cat-octavia","34":"product_cat-eos","35":"product_cat-3-5p-2004-2009","36":"product_cat-motor-getriebe-6-5k-2008-2014","37":"product_cat-tt","38":"product_cat-2-1z-2004-2012","39":"product_cat-5-1k-2003-2010","40":"product_cat-motor-getriebe-2-1p-2005-2012","41":"product_cat-seat","42":"product_cat-8p-2003-2013","43":"product_cat-superb","44":"product_cat-6-5k-2008-2014","45":"product_cat-motor-getriebe-2004-2015","46":"product_cat-skoda","47":"product_cat-motor-getriebe-8p-2003-2013","48":"product_cat-2-3t-2008-2015","49":"product_cat-5-1k2-2005-2010","50":"product_cat-motor-getriebe-3-5p-2004-2009","51":"product_cat-motor-getriebe-5-1k2-2005-2010","52":"product_cat-8j-2006-2015","53":"product_cat-motor-getriebe-2-1z-2004-2012","54":"product_tag-1k0129618an","55":"product_tag-m2353","57":"first","58":"instock","59":"taxable","60":"shipping-taxable","61":"purchasable","62":"product-type-simple"},"yoast_head":"<!-- This site is optimized with the Yoast SEO plugin v27.4 - https:\/\/yoast.com\/product\/yoast-seo-wordpress\/ -->\n<title>Audi A3\/8P\/TT\/8J\/Vw EOS\/Golf\/Jetta\/5\/6\/Passat\/B6\/B7\/CC\/Scirocco\/3\/Seat Altea\/5P\/Leon\/2\/Toledo\/3\/Skoda Octavia\/Superb\/2\/Yeti\/5L Ansaugschlauch NOS 1K0129618AN - Audi-Klaus<\/title>\n<meta name=\"description\" content=\"Audi-Klaus Audi A3\/8P\/TT\/8J\/Vw EOS\/Golf\/Jetta\/5\/6\/Passat\/B6\/B7\/CC\/Scirocco\/3\/Seat Altea\/5P\/Leon\/2\/Toledo\/3\/Skoda Octavia\/Superb\/2\/Yeti\/5L Ansaugschlauch NOS 1K0129618AN Audi A3\/8P\/TT\/8J\/Vw EOS\/Golf\/Jetta\/5\/6\/Passat\/B6\/B7\/CC\/Scirocco\/3\/Seat Altea\/5P\/Leon\/2\/Toledo\/3\/Skoda Octavia\/Superb\/2\/Yeti\/5L Ansaugschlauch NOS 1K0129618AN\" \/>\n<meta name=\"robots\" content=\"index, follow, max-snippet:-1, max-image-preview:large, max-video-preview:-1\" \/>\n<link rel=\"canonical\" href=\"https:\/\/audi-klaus.at\/shop\/produkt\/audi-a3-8p-tt-8j-vw-eos-golf-jetta-5-6-passat-b6-b7-cc-scirocco-3-seat-altea-5p-leon-2-toledo-3-skoda-octavia-superb-2-yeti-5l-ansaugschlauch-nos-1k0129618an\/\" \/>\n<meta property=\"og:locale\" content=\"de_DE\" \/>\n<meta property=\"og:type\" content=\"article\" \/>\n<meta property=\"og:title\" content=\"Audi A3\/8P\/TT\/8J\/Vw EOS\/Golf\/Jetta\/5\/6\/Passat\/B6\/B7\/CC\/Scirocco\/3\/Seat Altea\/5P\/Leon\/2\/Toledo\/3\/Skoda Octavia\/Superb\/2\/Yeti\/5L Ansaugschlauch NOS 1K0129618AN - Audi-Klaus\" \/>\n<meta property=\"og:description\" content=\"Audi-Klaus Audi A3\/8P\/TT\/8J\/Vw EOS\/Golf\/Jetta\/5\/6\/Passat\/B6\/B7\/CC\/Scirocco\/3\/Seat Altea\/5P\/Leon\/2\/Toledo\/3\/Skoda Octavia\/Superb\/2\/Yeti\/5L Ansaugschlauch NOS 1K0129618AN Audi A3\/8P\/TT\/8J\/Vw EOS\/Golf\/Jetta\/5\/6\/Passat\/B6\/B7\/CC\/Scirocco\/3\/Seat Altea\/5P\/Leon\/2\/Toledo\/3\/Skoda Octavia\/Superb\/2\/Yeti\/5L Ansaugschlauch NOS 1K0129618AN\" \/>\n<meta property=\"og:url\" content=\"https:\/\/audi-klaus.at\/shop\/produkt\/audi-a3-8p-tt-8j-vw-eos-golf-jetta-5-6-passat-b6-b7-cc-scirocco-3-seat-altea-5p-leon-2-toledo-3-skoda-octavia-superb-2-yeti-5l-ansaugschlauch-nos-1k0129618an\/\" \/>\n<meta property=\"og:site_name\" content=\"Audi-Klaus\" \/>\n<meta property=\"article:publisher\" content=\"https:\/\/www.facebook.com\/audi.klaus.1312\/\" \/>\n<meta property=\"article:modified_time\" content=\"2026-01-07T21:58:51+00:00\" \/>\n<meta property=\"og:image\" content=\"https:\/\/audi-klaus.at\/shop\/wp-content\/uploads\/2025\/09\/M2353-1.jpg\" \/>\n\t<meta property=\"og:image:width\" content=\"480\" \/>\n\t<meta property=\"og:image:height\" content=\"480\" \/>\n\t<meta property=\"og:image:type\" content=\"image\/jpeg\" \/>\n<meta name=\"twitter:card\" content=\"summary_large_image\" \/>\n<meta name=\"twitter:label1\" content=\"Gesch\u00e4tzte Lesezeit\" \/>\n\t<meta name=\"twitter:data1\" content=\"1 Minute\" \/>\n<script type=\"application\/ld+json\" class=\"yoast-schema-graph\">{\"@context\":\"https:\\\/\\\/schema.org\",\"@graph\":[{\"@type\":\"WebPage\",\"@id\":\"https:\\\/\\\/audi-klaus.at\\\/shop\\\/produkt\\\/audi-a3-8p-tt-8j-vw-eos-golf-jetta-5-6-passat-b6-b7-cc-scirocco-3-seat-altea-5p-leon-2-toledo-3-skoda-octavia-superb-2-yeti-5l-ansaugschlauch-nos-1k0129618an\\\/\",\"url\":\"https:\\\/\\\/audi-klaus.at\\\/shop\\\/produkt\\\/audi-a3-8p-tt-8j-vw-eos-golf-jetta-5-6-passat-b6-b7-cc-scirocco-3-seat-altea-5p-leon-2-toledo-3-skoda-octavia-superb-2-yeti-5l-ansaugschlauch-nos-1k0129618an\\\/\",\"name\":\"Audi A3\\\/8P\\\/TT\\\/8J\\\/Vw EOS\\\/Golf\\\/Jetta\\\/5\\\/6\\\/Passat\\\/B6\\\/B7\\\/CC\\\/Scirocco\\\/3\\\/Seat Altea\\\/5P\\\/Leon\\\/2\\\/Toledo\\\/3\\\/Skoda Octavia\\\/Superb\\\/2\\\/Yeti\\\/5L Ansaugschlauch NOS 1K0129618AN - Audi-Klaus\",\"isPartOf\":{\"@id\":\"https:\\\/\\\/audi-klaus.at\\\/shop\\\/#website\"},\"primaryImageOfPage\":{\"@id\":\"https:\\\/\\\/audi-klaus.at\\\/shop\\\/produkt\\\/audi-a3-8p-tt-8j-vw-eos-golf-jetta-5-6-passat-b6-b7-cc-scirocco-3-seat-altea-5p-leon-2-toledo-3-skoda-octavia-superb-2-yeti-5l-ansaugschlauch-nos-1k0129618an\\\/#primaryimage\"},\"image\":{\"@id\":\"https:\\\/\\\/audi-klaus.at\\\/shop\\\/produkt\\\/audi-a3-8p-tt-8j-vw-eos-golf-jetta-5-6-passat-b6-b7-cc-scirocco-3-seat-altea-5p-leon-2-toledo-3-skoda-octavia-superb-2-yeti-5l-ansaugschlauch-nos-1k0129618an\\\/#primaryimage\"},\"thumbnailUrl\":\"https:\\\/\\\/audi-klaus.at\\\/shop\\\/wp-content\\\/uploads\\\/2025\\\/09\\\/M2353-1.jpg\",\"datePublished\":\"2025-09-23T07:49:39+00:00\",\"dateModified\":\"2026-01-07T21:58:51+00:00\",\"description\":\"Audi-Klaus Audi A3\\\/8P\\\/TT\\\/8J\\\/Vw EOS\\\/Golf\\\/Jetta\\\/5\\\/6\\\/Passat\\\/B6\\\/B7\\\/CC\\\/Scirocco\\\/3\\\/Seat Altea\\\/5P\\\/Leon\\\/2\\\/Toledo\\\/3\\\/Skoda Octavia\\\/Superb\\\/2\\\/Yeti\\\/5L Ansaugschlauch NOS 1K0129618AN Audi A3\\\/8P\\\/TT\\\/8J\\\/Vw EOS\\\/Golf\\\/Jetta\\\/5\\\/6\\\/Passat\\\/B6\\\/B7\\\/CC\\\/Scirocco\\\/3\\\/Seat Altea\\\/5P\\\/Leon\\\/2\\\/Toledo\\\/3\\\/Skoda Octavia\\\/Superb\\\/2\\\/Yeti\\\/5L Ansaugschlauch NOS 1K0129618AN\",\"breadcrumb\":{\"@id\":\"https:\\\/\\\/audi-klaus.at\\\/shop\\\/produkt\\\/audi-a3-8p-tt-8j-vw-eos-golf-jetta-5-6-passat-b6-b7-cc-scirocco-3-seat-altea-5p-leon-2-toledo-3-skoda-octavia-superb-2-yeti-5l-ansaugschlauch-nos-1k0129618an\\\/#breadcrumb\"},\"inLanguage\":\"de-AT\",\"potentialAction\":[{\"@type\":\"ReadAction\",\"target\":[\"https:\\\/\\\/audi-klaus.at\\\/shop\\\/produkt\\\/audi-a3-8p-tt-8j-vw-eos-golf-jetta-5-6-passat-b6-b7-cc-scirocco-3-seat-altea-5p-leon-2-toledo-3-skoda-octavia-superb-2-yeti-5l-ansaugschlauch-nos-1k0129618an\\\/\"]}]},{\"@type\":\"ImageObject\",\"inLanguage\":\"de-AT\",\"@id\":\"https:\\\/\\\/audi-klaus.at\\\/shop\\\/produkt\\\/audi-a3-8p-tt-8j-vw-eos-golf-jetta-5-6-passat-b6-b7-cc-scirocco-3-seat-altea-5p-leon-2-toledo-3-skoda-octavia-superb-2-yeti-5l-ansaugschlauch-nos-1k0129618an\\\/#primaryimage\",\"url\":\"https:\\\/\\\/audi-klaus.at\\\/shop\\\/wp-content\\\/uploads\\\/2025\\\/09\\\/M2353-1.jpg\",\"contentUrl\":\"https:\\\/\\\/audi-klaus.at\\\/shop\\\/wp-content\\\/uploads\\\/2025\\\/09\\\/M2353-1.jpg\",\"width\":480,\"height\":480},{\"@type\":\"BreadcrumbList\",\"@id\":\"https:\\\/\\\/audi-klaus.at\\\/shop\\\/produkt\\\/audi-a3-8p-tt-8j-vw-eos-golf-jetta-5-6-passat-b6-b7-cc-scirocco-3-seat-altea-5p-leon-2-toledo-3-skoda-octavia-superb-2-yeti-5l-ansaugschlauch-nos-1k0129618an\\\/#breadcrumb\",\"itemListElement\":[{\"@type\":\"ListItem\",\"position\":1,\"name\":\"Startseite\",\"item\":\"https:\\\/\\\/audi-klaus.at\\\/shop\\\/\"},{\"@type\":\"ListItem\",\"position\":2,\"name\":\"Shop\",\"item\":\"https:\\\/\\\/audi-klaus.at\\\/shop\\\/\"},{\"@type\":\"ListItem\",\"position\":3,\"name\":\"Audi A3\\\/8P\\\/TT\\\/8J\\\/Vw EOS\\\/Golf\\\/Jetta\\\/5\\\/6\\\/Passat\\\/B6\\\/B7\\\/CC\\\/Scirocco\\\/3\\\/Seat Altea\\\/5P\\\/Leon\\\/2\\\/Toledo\\\/3\\\/Skoda Octavia\\\/Superb\\\/2\\\/Yeti\\\/5L Ansaugschlauch NOS 1K0129618AN\"}]},{\"@type\":\"WebSite\",\"@id\":\"https:\\\/\\\/audi-klaus.at\\\/shop\\\/#website\",\"url\":\"https:\\\/\\\/audi-klaus.at\\\/shop\\\/\",\"name\":\"Audi-Klaus\",\"description\":\"Ihr Gebrauchtteile Spezialist f\u00fcr die Marken Audi, VW (VAG)\",\"publisher\":{\"@id\":\"https:\\\/\\\/audi-klaus.at\\\/shop\\\/#organization\"},\"potentialAction\":[{\"@type\":\"SearchAction\",\"target\":{\"@type\":\"EntryPoint\",\"urlTemplate\":\"https:\\\/\\\/audi-klaus.at\\\/shop\\\/?s={search_term_string}\"},\"query-input\":{\"@type\":\"PropertyValueSpecification\",\"valueRequired\":true,\"valueName\":\"search_term_string\"}}],\"inLanguage\":\"de-AT\"},{\"@type\":\"Organization\",\"@id\":\"https:\\\/\\\/audi-klaus.at\\\/shop\\\/#organization\",\"name\":\"Audi-Klaus\",\"url\":\"https:\\\/\\\/audi-klaus.at\\\/shop\\\/\",\"logo\":{\"@type\":\"ImageObject\",\"inLanguage\":\"de-AT\",\"@id\":\"https:\\\/\\\/audi-klaus.at\\\/shop\\\/#\\\/schema\\\/logo\\\/image\\\/\",\"url\":\"https:\\\/\\\/audi-klaus.at\\\/shop\\\/wp-content\\\/uploads\\\/2024\\\/10\\\/Logo-Shop.webp\",\"contentUrl\":\"https:\\\/\\\/audi-klaus.at\\\/shop\\\/wp-content\\\/uploads\\\/2024\\\/10\\\/Logo-Shop.webp\",\"width\":470,\"height\":164,\"caption\":\"Audi-Klaus\"},\"image\":{\"@id\":\"https:\\\/\\\/audi-klaus.at\\\/shop\\\/#\\\/schema\\\/logo\\\/image\\\/\"},\"sameAs\":[\"https:\\\/\\\/www.facebook.com\\\/audi.klaus.1312\\\/\",\"https:\\\/\\\/www.instagram.com\\\/audi_klaus\\\/?igshid=1eca3qu2mdayg\"]}]}<\/script>\n<!-- \/ Yoast SEO plugin. -->","yoast_head_json":{"title":"Audi A3\/8P\/TT\/8J\/Vw EOS\/Golf\/Jetta\/5\/6\/Passat\/B6\/B7\/CC\/Scirocco\/3\/Seat Altea\/5P\/Leon\/2\/Toledo\/3\/Skoda Octavia\/Superb\/2\/Yeti\/5L Ansaugschlauch NOS 1K0129618AN - Audi-Klaus","description":"Audi-Klaus Audi A3\/8P\/TT\/8J\/Vw EOS\/Golf\/Jetta\/5\/6\/Passat\/B6\/B7\/CC\/Scirocco\/3\/Seat Altea\/5P\/Leon\/2\/Toledo\/3\/Skoda Octavia\/Superb\/2\/Yeti\/5L Ansaugschlauch NOS 1K0129618AN Audi A3\/8P\/TT\/8J\/Vw EOS\/Golf\/Jetta\/5\/6\/Passat\/B6\/B7\/CC\/Scirocco\/3\/Seat Altea\/5P\/Leon\/2\/Toledo\/3\/Skoda Octavia\/Superb\/2\/Yeti\/5L Ansaugschlauch NOS 1K0129618AN","robots":{"index":"index","follow":"follow","max-snippet":"max-snippet:-1","max-image-preview":"max-image-preview:large","max-video-preview":"max-video-preview:-1"},"canonical":"https:\/\/audi-klaus.at\/shop\/produkt\/audi-a3-8p-tt-8j-vw-eos-golf-jetta-5-6-passat-b6-b7-cc-scirocco-3-seat-altea-5p-leon-2-toledo-3-skoda-octavia-superb-2-yeti-5l-ansaugschlauch-nos-1k0129618an\/","og_locale":"de_DE","og_type":"article","og_title":"Audi A3\/8P\/TT\/8J\/Vw EOS\/Golf\/Jetta\/5\/6\/Passat\/B6\/B7\/CC\/Scirocco\/3\/Seat Altea\/5P\/Leon\/2\/Toledo\/3\/Skoda Octavia\/Superb\/2\/Yeti\/5L Ansaugschlauch NOS 1K0129618AN - Audi-Klaus","og_description":"Audi-Klaus Audi A3\/8P\/TT\/8J\/Vw EOS\/Golf\/Jetta\/5\/6\/Passat\/B6\/B7\/CC\/Scirocco\/3\/Seat Altea\/5P\/Leon\/2\/Toledo\/3\/Skoda Octavia\/Superb\/2\/Yeti\/5L Ansaugschlauch NOS 1K0129618AN Audi A3\/8P\/TT\/8J\/Vw EOS\/Golf\/Jetta\/5\/6\/Passat\/B6\/B7\/CC\/Scirocco\/3\/Seat Altea\/5P\/Leon\/2\/Toledo\/3\/Skoda Octavia\/Superb\/2\/Yeti\/5L Ansaugschlauch NOS 1K0129618AN","og_url":"https:\/\/audi-klaus.at\/shop\/produkt\/audi-a3-8p-tt-8j-vw-eos-golf-jetta-5-6-passat-b6-b7-cc-scirocco-3-seat-altea-5p-leon-2-toledo-3-skoda-octavia-superb-2-yeti-5l-ansaugschlauch-nos-1k0129618an\/","og_site_name":"Audi-Klaus","article_publisher":"https:\/\/www.facebook.com\/audi.klaus.1312\/","article_modified_time":"2026-01-07T21:58:51+00:00","og_image":[{"width":480,"height":480,"url":"https:\/\/audi-klaus.at\/shop\/wp-content\/uploads\/2025\/09\/M2353-1.jpg","type":"image\/jpeg"}],"twitter_card":"summary_large_image","twitter_misc":{"Gesch\u00e4tzte Lesezeit":"1 Minute"},"schema":{"@context":"https:\/\/schema.org","@graph":[{"@type":"WebPage","@id":"https:\/\/audi-klaus.at\/shop\/produkt\/audi-a3-8p-tt-8j-vw-eos-golf-jetta-5-6-passat-b6-b7-cc-scirocco-3-seat-altea-5p-leon-2-toledo-3-skoda-octavia-superb-2-yeti-5l-ansaugschlauch-nos-1k0129618an\/","url":"https:\/\/audi-klaus.at\/shop\/produkt\/audi-a3-8p-tt-8j-vw-eos-golf-jetta-5-6-passat-b6-b7-cc-scirocco-3-seat-altea-5p-leon-2-toledo-3-skoda-octavia-superb-2-yeti-5l-ansaugschlauch-nos-1k0129618an\/","name":"Audi A3\/8P\/TT\/8J\/Vw EOS\/Golf\/Jetta\/5\/6\/Passat\/B6\/B7\/CC\/Scirocco\/3\/Seat Altea\/5P\/Leon\/2\/Toledo\/3\/Skoda Octavia\/Superb\/2\/Yeti\/5L Ansaugschlauch NOS 1K0129618AN - Audi-Klaus","isPartOf":{"@id":"https:\/\/audi-klaus.at\/shop\/#website"},"primaryImageOfPage":{"@id":"https:\/\/audi-klaus.at\/shop\/produkt\/audi-a3-8p-tt-8j-vw-eos-golf-jetta-5-6-passat-b6-b7-cc-scirocco-3-seat-altea-5p-leon-2-toledo-3-skoda-octavia-superb-2-yeti-5l-ansaugschlauch-nos-1k0129618an\/#primaryimage"},"image":{"@id":"https:\/\/audi-klaus.at\/shop\/produkt\/audi-a3-8p-tt-8j-vw-eos-golf-jetta-5-6-passat-b6-b7-cc-scirocco-3-seat-altea-5p-leon-2-toledo-3-skoda-octavia-superb-2-yeti-5l-ansaugschlauch-nos-1k0129618an\/#primaryimage"},"thumbnailUrl":"https:\/\/audi-klaus.at\/shop\/wp-content\/uploads\/2025\/09\/M2353-1.jpg","datePublished":"2025-09-23T07:49:39+00:00","dateModified":"2026-01-07T21:58:51+00:00","description":"Audi-Klaus Audi A3\/8P\/TT\/8J\/Vw EOS\/Golf\/Jetta\/5\/6\/Passat\/B6\/B7\/CC\/Scirocco\/3\/Seat Altea\/5P\/Leon\/2\/Toledo\/3\/Skoda Octavia\/Superb\/2\/Yeti\/5L Ansaugschlauch NOS 1K0129618AN Audi A3\/8P\/TT\/8J\/Vw EOS\/Golf\/Jetta\/5\/6\/Passat\/B6\/B7\/CC\/Scirocco\/3\/Seat Altea\/5P\/Leon\/2\/Toledo\/3\/Skoda Octavia\/Superb\/2\/Yeti\/5L Ansaugschlauch NOS 1K0129618AN","breadcrumb":{"@id":"https:\/\/audi-klaus.at\/shop\/produkt\/audi-a3-8p-tt-8j-vw-eos-golf-jetta-5-6-passat-b6-b7-cc-scirocco-3-seat-altea-5p-leon-2-toledo-3-skoda-octavia-superb-2-yeti-5l-ansaugschlauch-nos-1k0129618an\/#breadcrumb"},"inLanguage":"de-AT","potentialAction":[{"@type":"ReadAction","target":["https:\/\/audi-klaus.at\/shop\/produkt\/audi-a3-8p-tt-8j-vw-eos-golf-jetta-5-6-passat-b6-b7-cc-scirocco-3-seat-altea-5p-leon-2-toledo-3-skoda-octavia-superb-2-yeti-5l-ansaugschlauch-nos-1k0129618an\/"]}]},{"@type":"ImageObject","inLanguage":"de-AT","@id":"https:\/\/audi-klaus.at\/shop\/produkt\/audi-a3-8p-tt-8j-vw-eos-golf-jetta-5-6-passat-b6-b7-cc-scirocco-3-seat-altea-5p-leon-2-toledo-3-skoda-octavia-superb-2-yeti-5l-ansaugschlauch-nos-1k0129618an\/#primaryimage","url":"https:\/\/audi-klaus.at\/shop\/wp-content\/uploads\/2025\/09\/M2353-1.jpg","contentUrl":"https:\/\/audi-klaus.at\/shop\/wp-content\/uploads\/2025\/09\/M2353-1.jpg","width":480,"height":480},{"@type":"BreadcrumbList","@id":"https:\/\/audi-klaus.at\/shop\/produkt\/audi-a3-8p-tt-8j-vw-eos-golf-jetta-5-6-passat-b6-b7-cc-scirocco-3-seat-altea-5p-leon-2-toledo-3-skoda-octavia-superb-2-yeti-5l-ansaugschlauch-nos-1k0129618an\/#breadcrumb","itemListElement":[{"@type":"ListItem","position":1,"name":"Startseite","item":"https:\/\/audi-klaus.at\/shop\/"},{"@type":"ListItem","position":2,"name":"Shop","item":"https:\/\/audi-klaus.at\/shop\/"},{"@type":"ListItem","position":3,"name":"Audi A3\/8P\/TT\/8J\/Vw EOS\/Golf\/Jetta\/5\/6\/Passat\/B6\/B7\/CC\/Scirocco\/3\/Seat Altea\/5P\/Leon\/2\/Toledo\/3\/Skoda Octavia\/Superb\/2\/Yeti\/5L Ansaugschlauch NOS 1K0129618AN"}]},{"@type":"WebSite","@id":"https:\/\/audi-klaus.at\/shop\/#website","url":"https:\/\/audi-klaus.at\/shop\/","name":"Audi-Klaus","description":"Ihr Gebrauchtteile Spezialist f\u00fcr die Marken Audi, VW (VAG)","publisher":{"@id":"https:\/\/audi-klaus.at\/shop\/#organization"},"potentialAction":[{"@type":"SearchAction","target":{"@type":"EntryPoint","urlTemplate":"https:\/\/audi-klaus.at\/shop\/?s={search_term_string}"},"query-input":{"@type":"PropertyValueSpecification","valueRequired":true,"valueName":"search_term_string"}}],"inLanguage":"de-AT"},{"@type":"Organization","@id":"https:\/\/audi-klaus.at\/shop\/#organization","name":"Audi-Klaus","url":"https:\/\/audi-klaus.at\/shop\/","logo":{"@type":"ImageObject","inLanguage":"de-AT","@id":"https:\/\/audi-klaus.at\/shop\/#\/schema\/logo\/image\/","url":"https:\/\/audi-klaus.at\/shop\/wp-content\/uploads\/2024\/10\/Logo-Shop.webp","contentUrl":"https:\/\/audi-klaus.at\/shop\/wp-content\/uploads\/2024\/10\/Logo-Shop.webp","width":470,"height":164,"caption":"Audi-Klaus"},"image":{"@id":"https:\/\/audi-klaus.at\/shop\/#\/schema\/logo\/image\/"},"sameAs":["https:\/\/www.facebook.com\/audi.klaus.1312\/","https:\/\/www.instagram.com\/audi_klaus\/?igshid=1eca3qu2mdayg"]}]}},"_links":{"self":[{"href":"https:\/\/audi-klaus.at\/shop\/wp-json\/wp\/v2\/product\/96994","targetHints":{"allow":["GET"]}}],"collection":[{"href":"https:\/\/audi-klaus.at\/shop\/wp-json\/wp\/v2\/product"}],"about":[{"href":"https:\/\/audi-klaus.at\/shop\/wp-json\/wp\/v2\/types\/product"}],"wp:featuredmedia":[{"embeddable":true,"href":"https:\/\/audi-klaus.at\/shop\/wp-json\/wp\/v2\/media\/97040"}],"wp:attachment":[{"href":"https:\/\/audi-klaus.at\/shop\/wp-json\/wp\/v2\/media?parent=96994"}],"wp:term":[{"taxonomy":"product_brand","embeddable":true,"href":"https:\/\/audi-klaus.at\/shop\/wp-json\/wp\/v2\/product_brand?post=96994"},{"taxonomy":"product_cat","embeddable":true,"href":"https:\/\/audi-klaus.at\/shop\/wp-json\/wp\/v2\/product_cat?post=96994"},{"taxonomy":"product_tag","embeddable":true,"href":"https:\/\/audi-klaus.at\/shop\/wp-json\/wp\/v2\/product_tag?post=96994"}],"curies":[{"name":"wp","href":"https:\/\/api.w.org\/{rel}","templated":true}]}}