{"id":95495,"date":"2025-08-21T14:43:40","date_gmt":"2025-08-21T12:43:40","guid":{"rendered":"https:\/\/audi-klaus.at\/shop\/?post_type=product&#038;p=95495"},"modified":"2026-01-07T22:58:26","modified_gmt":"2026-01-07T21:58:26","slug":"vw-bora-golf-3-passat-3b-vw-bora-golf-3-passat-3b-innenraumleuchte-beige-nos-3b0947291innenraumleuchte-beige-nos-3b0947291","status":"publish","type":"product","link":"https:\/\/audi-klaus.at\/shop\/produkt\/vw-bora-golf-3-passat-3b-vw-bora-golf-3-passat-3b-innenraumleuchte-beige-nos-3b0947291innenraumleuchte-beige-nos-3b0947291\/","title":{"rendered":"Vw Bora\/Golf\/3\/Passat\/3B Innenraumleuchte beige NOS 3B0947291"},"content":{"rendered":"<h5 class=\"western\"><span style=\"color: #060606;\"><span style=\"font-family: Verdana, serif;\"><span style=\"font-size: small;\"><b>VAG Teilenummer<\/b><\/span><\/span><\/span><span style=\"color: #060606;\"><span style=\"font-family: Verdana, serif;\"><span style=\"font-size: small;\">: 3B0 947 291<\/span><\/span><\/span><\/h5>\n<h5 class=\"western\"><span style=\"color: #060606;\"><span style=\"font-family: Verdana, serif;\"><span style=\"font-size: small;\"><b>Zustand:<\/b><\/span><\/span><\/span><span style=\"color: #060606;\"><span style=\"font-family: Verdana, serif;\"><span style=\"font-size: small;\">\u00a0<\/span><\/span><\/span><span style=\"color: #060606;\"><span style=\"font-family: Verdana, serif;\"><span style=\"font-size: small;\"><span lang=\"de-DE\">NOS (New Old Stock \/ kann Lagerspuren aufweisen)<\/span><\/span><\/span><\/span><\/h5>\n<h5 class=\"western\"><span style=\"color: #060606;\"><span style=\"font-family: Verdana, serif;\"><span style=\"font-size: small;\"><b>Lieferumfang:<\/b><\/span><\/span><\/span><span style=\"color: #060606;\"><span style=\"font-family: Verdana, serif;\"><span style=\"font-size: small;\">\u00a0wie in den Original-Abbildungen angegeben<\/span><\/span><\/span><\/h5>\n<h5 class=\"western\"><span style=\"color: #060606;\"><span style=\"font-family: Verdana, serif;\"><span style=\"font-size: small;\"><b>Hinweis:<\/b><\/span><\/span><\/span><span style=\"color: #060606;\"><span style=\"font-family: Verdana, serif;\"><span style=\"font-size: small;\">\u00a0Bitte \u00fcberpr\u00fcfen Sie vor dem Kauf anhand der eindeutigen Teilenummern, ob der Artikel zum Fahrzeug passt, um R\u00fccksendungen zu vermeiden! Trotz Angabe der entsprechenden Fahrzeugdaten ist eine eindeutige Zuordnung nur \u00fcber die Teilenummer m\u00f6glich! Die abgelesene Teilenummer ist die Teilenummer des Teils, welches geliefert wird. Die Originalteilnummer ist diejenige, die bei Neubestellung f\u00fcr dieses Teil gilt und der m\u00f6glicherweise abweichenden, gelieferten Teilenummer entspricht. <\/span><\/span><\/span><\/h5>\n<h5 class=\"western\"><span style=\"color: #060606;\"><span style=\"font-family: Verdana, serif;\"><span style=\"font-size: small;\"><span lang=\"de-DE\">Neu<\/span><\/span><\/span><\/span><span style=\"color: #060606;\"><span style=\"font-family: Verdana, serif;\"><span style=\"font-size: small;\"> mit Gebrauchsspuren in Form von Verunreinigungen\/ kleinen Kratzern m\u00f6glich. Die Ware wird ungereinigt geliefert.<\/span><\/span><\/span><\/h5>\n<h5 class=\"western\"><span style=\"color: #060606;\"><span style=\"font-family: Verdana, serif;\"><span style=\"font-size: small;\">Sollten weitere Fragen offen sein, kontaktieren Sie uns bitte unter<\/span><\/span><\/span><span style=\"color: #060606;\"><span style=\"font-family: Verdana, serif;\"><span style=\"font-size: small;\"><u>\u00a0<\/u><\/span><\/span><\/span><a href=\"mailto:office@audi-klaus.at\"><span style=\"color: #0000ff;\"><span style=\"font-family: Verdana, serif;\"><span style=\"font-size: small;\"><u>office@audi-klaus.at<\/u><\/span><\/span><\/span><\/a><\/h5>\n","protected":false},"excerpt":{"rendered":"<h5 class=\"western\"><strong><span style=\"color: #000000;\"><span style=\"font-family: Source Sans Pro, serif;\"><span style=\"font-size: x-large;\"><b>Marke: Vw<br \/>\nModell: Bora\/Golf\/Passat<br \/>\nTyp: 4<\/b><\/span><\/span><\/span><\/strong><\/h5>\n","protected":false},"featured_media":95432,"template":"","meta":[],"product_brand":[],"product_cat":[1176,1196,1210,1233,1288,1298,1440,1670,1164,1165,1169],"product_tag":[8286,34869],"class_list":{"0":"post-95495","1":"product","2":"type-product","3":"status-publish","4":"has-post-thumbnail","6":"product_cat-passat","7":"product_cat-4-1j-1997-2007","8":"product_cat-1j2-1998-2013","9":"product_cat-b5-3b-1996-2005","10":"product_cat-innenraum-3-1h-1990-1998","11":"product_cat-innenraum-4-1j-1997-2007","12":"product_cat-innenraum-1j2-1998-2013","13":"product_cat-innenraum-b5-3b-1996-2005","14":"product_cat-vw","15":"product_cat-golf","16":"product_cat-bora","17":"product_tag-3b0947291","18":"product_tag-ia3641","20":"first","21":"instock","22":"taxable","23":"shipping-taxable","24":"purchasable","25":"product-type-simple"},"yoast_head":"<!-- This site is optimized with the Yoast SEO plugin v27.3 - https:\/\/yoast.com\/product\/yoast-seo-wordpress\/ -->\n<title>Vw Bora\/Golf\/3\/Passat\/3B Innenraumleuchte beige NOS 3B0947291 - Audi-Klaus<\/title>\n<meta name=\"description\" content=\"Audi-Klaus Vw Bora\/Golf\/3\/Passat\/3B Innenraumleuchte beige NOS 3B0947291 Vw Bora\/Golf\/3\/Passat\/3B Innenraumleuchte beige NOS 3B0947291\" \/>\n<meta name=\"robots\" content=\"index, follow, max-snippet:-1, max-image-preview:large, max-video-preview:-1\" \/>\n<link rel=\"canonical\" href=\"https:\/\/audi-klaus.at\/shop\/produkt\/vw-bora-golf-3-passat-3b-vw-bora-golf-3-passat-3b-innenraumleuchte-beige-nos-3b0947291innenraumleuchte-beige-nos-3b0947291\/\" \/>\n<meta property=\"og:locale\" content=\"de_DE\" \/>\n<meta property=\"og:type\" content=\"article\" \/>\n<meta property=\"og:title\" content=\"Vw Bora\/Golf\/3\/Passat\/3B Innenraumleuchte beige NOS 3B0947291 - Audi-Klaus\" \/>\n<meta property=\"og:description\" content=\"Audi-Klaus Vw Bora\/Golf\/3\/Passat\/3B Innenraumleuchte beige NOS 3B0947291 Vw Bora\/Golf\/3\/Passat\/3B Innenraumleuchte beige NOS 3B0947291\" \/>\n<meta property=\"og:url\" content=\"https:\/\/audi-klaus.at\/shop\/produkt\/vw-bora-golf-3-passat-3b-vw-bora-golf-3-passat-3b-innenraumleuchte-beige-nos-3b0947291innenraumleuchte-beige-nos-3b0947291\/\" \/>\n<meta property=\"og:site_name\" content=\"Audi-Klaus\" \/>\n<meta property=\"article:publisher\" content=\"https:\/\/www.facebook.com\/audi.klaus.1312\/\" \/>\n<meta property=\"article:modified_time\" content=\"2026-01-07T21:58:26+00:00\" \/>\n<meta property=\"og:image\" content=\"https:\/\/audi-klaus.at\/shop\/wp-content\/uploads\/2025\/08\/IA3641-1-1.jpg\" \/>\n\t<meta property=\"og:image:width\" content=\"480\" \/>\n\t<meta property=\"og:image:height\" content=\"480\" \/>\n\t<meta property=\"og:image:type\" content=\"image\/jpeg\" \/>\n<meta name=\"twitter:card\" content=\"summary_large_image\" \/>\n<meta name=\"twitter:label1\" content=\"Gesch\u00e4tzte Lesezeit\" \/>\n\t<meta name=\"twitter:data1\" content=\"1 Minute\" \/>\n<script type=\"application\/ld+json\" class=\"yoast-schema-graph\">{\"@context\":\"https:\\\/\\\/schema.org\",\"@graph\":[{\"@type\":\"WebPage\",\"@id\":\"https:\\\/\\\/audi-klaus.at\\\/shop\\\/produkt\\\/vw-bora-golf-3-passat-3b-vw-bora-golf-3-passat-3b-innenraumleuchte-beige-nos-3b0947291innenraumleuchte-beige-nos-3b0947291\\\/\",\"url\":\"https:\\\/\\\/audi-klaus.at\\\/shop\\\/produkt\\\/vw-bora-golf-3-passat-3b-vw-bora-golf-3-passat-3b-innenraumleuchte-beige-nos-3b0947291innenraumleuchte-beige-nos-3b0947291\\\/\",\"name\":\"Vw Bora\\\/Golf\\\/3\\\/Passat\\\/3B Innenraumleuchte beige NOS 3B0947291 - Audi-Klaus\",\"isPartOf\":{\"@id\":\"https:\\\/\\\/audi-klaus.at\\\/shop\\\/#website\"},\"primaryImageOfPage\":{\"@id\":\"https:\\\/\\\/audi-klaus.at\\\/shop\\\/produkt\\\/vw-bora-golf-3-passat-3b-vw-bora-golf-3-passat-3b-innenraumleuchte-beige-nos-3b0947291innenraumleuchte-beige-nos-3b0947291\\\/#primaryimage\"},\"image\":{\"@id\":\"https:\\\/\\\/audi-klaus.at\\\/shop\\\/produkt\\\/vw-bora-golf-3-passat-3b-vw-bora-golf-3-passat-3b-innenraumleuchte-beige-nos-3b0947291innenraumleuchte-beige-nos-3b0947291\\\/#primaryimage\"},\"thumbnailUrl\":\"https:\\\/\\\/audi-klaus.at\\\/shop\\\/wp-content\\\/uploads\\\/2025\\\/08\\\/IA3641-1-1.jpg\",\"datePublished\":\"2025-08-21T12:43:40+00:00\",\"dateModified\":\"2026-01-07T21:58:26+00:00\",\"description\":\"Audi-Klaus Vw Bora\\\/Golf\\\/3\\\/Passat\\\/3B Innenraumleuchte beige NOS 3B0947291 Vw Bora\\\/Golf\\\/3\\\/Passat\\\/3B Innenraumleuchte beige NOS 3B0947291\",\"breadcrumb\":{\"@id\":\"https:\\\/\\\/audi-klaus.at\\\/shop\\\/produkt\\\/vw-bora-golf-3-passat-3b-vw-bora-golf-3-passat-3b-innenraumleuchte-beige-nos-3b0947291innenraumleuchte-beige-nos-3b0947291\\\/#breadcrumb\"},\"inLanguage\":\"de-AT\",\"potentialAction\":[{\"@type\":\"ReadAction\",\"target\":[\"https:\\\/\\\/audi-klaus.at\\\/shop\\\/produkt\\\/vw-bora-golf-3-passat-3b-vw-bora-golf-3-passat-3b-innenraumleuchte-beige-nos-3b0947291innenraumleuchte-beige-nos-3b0947291\\\/\"]}]},{\"@type\":\"ImageObject\",\"inLanguage\":\"de-AT\",\"@id\":\"https:\\\/\\\/audi-klaus.at\\\/shop\\\/produkt\\\/vw-bora-golf-3-passat-3b-vw-bora-golf-3-passat-3b-innenraumleuchte-beige-nos-3b0947291innenraumleuchte-beige-nos-3b0947291\\\/#primaryimage\",\"url\":\"https:\\\/\\\/audi-klaus.at\\\/shop\\\/wp-content\\\/uploads\\\/2025\\\/08\\\/IA3641-1-1.jpg\",\"contentUrl\":\"https:\\\/\\\/audi-klaus.at\\\/shop\\\/wp-content\\\/uploads\\\/2025\\\/08\\\/IA3641-1-1.jpg\",\"width\":480,\"height\":480},{\"@type\":\"BreadcrumbList\",\"@id\":\"https:\\\/\\\/audi-klaus.at\\\/shop\\\/produkt\\\/vw-bora-golf-3-passat-3b-vw-bora-golf-3-passat-3b-innenraumleuchte-beige-nos-3b0947291innenraumleuchte-beige-nos-3b0947291\\\/#breadcrumb\",\"itemListElement\":[{\"@type\":\"ListItem\",\"position\":1,\"name\":\"Startseite\",\"item\":\"https:\\\/\\\/audi-klaus.at\\\/shop\\\/\"},{\"@type\":\"ListItem\",\"position\":2,\"name\":\"Shop\",\"item\":\"https:\\\/\\\/audi-klaus.at\\\/shop\\\/\"},{\"@type\":\"ListItem\",\"position\":3,\"name\":\"Vw Bora\\\/Golf\\\/3\\\/Passat\\\/3B Innenraumleuchte beige NOS 3B0947291\"}]},{\"@type\":\"WebSite\",\"@id\":\"https:\\\/\\\/audi-klaus.at\\\/shop\\\/#website\",\"url\":\"https:\\\/\\\/audi-klaus.at\\\/shop\\\/\",\"name\":\"Audi-Klaus\",\"description\":\"Ihr Gebrauchtteile Spezialist f\u00fcr die Marken Audi, VW (VAG)\",\"publisher\":{\"@id\":\"https:\\\/\\\/audi-klaus.at\\\/shop\\\/#organization\"},\"potentialAction\":[{\"@type\":\"SearchAction\",\"target\":{\"@type\":\"EntryPoint\",\"urlTemplate\":\"https:\\\/\\\/audi-klaus.at\\\/shop\\\/?s={search_term_string}\"},\"query-input\":{\"@type\":\"PropertyValueSpecification\",\"valueRequired\":true,\"valueName\":\"search_term_string\"}}],\"inLanguage\":\"de-AT\"},{\"@type\":\"Organization\",\"@id\":\"https:\\\/\\\/audi-klaus.at\\\/shop\\\/#organization\",\"name\":\"Audi-Klaus\",\"url\":\"https:\\\/\\\/audi-klaus.at\\\/shop\\\/\",\"logo\":{\"@type\":\"ImageObject\",\"inLanguage\":\"de-AT\",\"@id\":\"https:\\\/\\\/audi-klaus.at\\\/shop\\\/#\\\/schema\\\/logo\\\/image\\\/\",\"url\":\"https:\\\/\\\/audi-klaus.at\\\/shop\\\/wp-content\\\/uploads\\\/2024\\\/10\\\/Logo-Shop.webp\",\"contentUrl\":\"https:\\\/\\\/audi-klaus.at\\\/shop\\\/wp-content\\\/uploads\\\/2024\\\/10\\\/Logo-Shop.webp\",\"width\":470,\"height\":164,\"caption\":\"Audi-Klaus\"},\"image\":{\"@id\":\"https:\\\/\\\/audi-klaus.at\\\/shop\\\/#\\\/schema\\\/logo\\\/image\\\/\"},\"sameAs\":[\"https:\\\/\\\/www.facebook.com\\\/audi.klaus.1312\\\/\",\"https:\\\/\\\/www.instagram.com\\\/audi_klaus\\\/?igshid=1eca3qu2mdayg\"]}]}<\/script>\n<!-- \/ Yoast SEO plugin. -->","yoast_head_json":{"title":"Vw Bora\/Golf\/3\/Passat\/3B Innenraumleuchte beige NOS 3B0947291 - Audi-Klaus","description":"Audi-Klaus Vw Bora\/Golf\/3\/Passat\/3B Innenraumleuchte beige NOS 3B0947291 Vw Bora\/Golf\/3\/Passat\/3B Innenraumleuchte beige NOS 3B0947291","robots":{"index":"index","follow":"follow","max-snippet":"max-snippet:-1","max-image-preview":"max-image-preview:large","max-video-preview":"max-video-preview:-1"},"canonical":"https:\/\/audi-klaus.at\/shop\/produkt\/vw-bora-golf-3-passat-3b-vw-bora-golf-3-passat-3b-innenraumleuchte-beige-nos-3b0947291innenraumleuchte-beige-nos-3b0947291\/","og_locale":"de_DE","og_type":"article","og_title":"Vw Bora\/Golf\/3\/Passat\/3B Innenraumleuchte beige NOS 3B0947291 - Audi-Klaus","og_description":"Audi-Klaus Vw Bora\/Golf\/3\/Passat\/3B Innenraumleuchte beige NOS 3B0947291 Vw Bora\/Golf\/3\/Passat\/3B Innenraumleuchte beige NOS 3B0947291","og_url":"https:\/\/audi-klaus.at\/shop\/produkt\/vw-bora-golf-3-passat-3b-vw-bora-golf-3-passat-3b-innenraumleuchte-beige-nos-3b0947291innenraumleuchte-beige-nos-3b0947291\/","og_site_name":"Audi-Klaus","article_publisher":"https:\/\/www.facebook.com\/audi.klaus.1312\/","article_modified_time":"2026-01-07T21:58:26+00:00","og_image":[{"width":480,"height":480,"url":"https:\/\/audi-klaus.at\/shop\/wp-content\/uploads\/2025\/08\/IA3641-1-1.jpg","type":"image\/jpeg"}],"twitter_card":"summary_large_image","twitter_misc":{"Gesch\u00e4tzte Lesezeit":"1 Minute"},"schema":{"@context":"https:\/\/schema.org","@graph":[{"@type":"WebPage","@id":"https:\/\/audi-klaus.at\/shop\/produkt\/vw-bora-golf-3-passat-3b-vw-bora-golf-3-passat-3b-innenraumleuchte-beige-nos-3b0947291innenraumleuchte-beige-nos-3b0947291\/","url":"https:\/\/audi-klaus.at\/shop\/produkt\/vw-bora-golf-3-passat-3b-vw-bora-golf-3-passat-3b-innenraumleuchte-beige-nos-3b0947291innenraumleuchte-beige-nos-3b0947291\/","name":"Vw Bora\/Golf\/3\/Passat\/3B Innenraumleuchte beige NOS 3B0947291 - Audi-Klaus","isPartOf":{"@id":"https:\/\/audi-klaus.at\/shop\/#website"},"primaryImageOfPage":{"@id":"https:\/\/audi-klaus.at\/shop\/produkt\/vw-bora-golf-3-passat-3b-vw-bora-golf-3-passat-3b-innenraumleuchte-beige-nos-3b0947291innenraumleuchte-beige-nos-3b0947291\/#primaryimage"},"image":{"@id":"https:\/\/audi-klaus.at\/shop\/produkt\/vw-bora-golf-3-passat-3b-vw-bora-golf-3-passat-3b-innenraumleuchte-beige-nos-3b0947291innenraumleuchte-beige-nos-3b0947291\/#primaryimage"},"thumbnailUrl":"https:\/\/audi-klaus.at\/shop\/wp-content\/uploads\/2025\/08\/IA3641-1-1.jpg","datePublished":"2025-08-21T12:43:40+00:00","dateModified":"2026-01-07T21:58:26+00:00","description":"Audi-Klaus Vw Bora\/Golf\/3\/Passat\/3B Innenraumleuchte beige NOS 3B0947291 Vw Bora\/Golf\/3\/Passat\/3B Innenraumleuchte beige NOS 3B0947291","breadcrumb":{"@id":"https:\/\/audi-klaus.at\/shop\/produkt\/vw-bora-golf-3-passat-3b-vw-bora-golf-3-passat-3b-innenraumleuchte-beige-nos-3b0947291innenraumleuchte-beige-nos-3b0947291\/#breadcrumb"},"inLanguage":"de-AT","potentialAction":[{"@type":"ReadAction","target":["https:\/\/audi-klaus.at\/shop\/produkt\/vw-bora-golf-3-passat-3b-vw-bora-golf-3-passat-3b-innenraumleuchte-beige-nos-3b0947291innenraumleuchte-beige-nos-3b0947291\/"]}]},{"@type":"ImageObject","inLanguage":"de-AT","@id":"https:\/\/audi-klaus.at\/shop\/produkt\/vw-bora-golf-3-passat-3b-vw-bora-golf-3-passat-3b-innenraumleuchte-beige-nos-3b0947291innenraumleuchte-beige-nos-3b0947291\/#primaryimage","url":"https:\/\/audi-klaus.at\/shop\/wp-content\/uploads\/2025\/08\/IA3641-1-1.jpg","contentUrl":"https:\/\/audi-klaus.at\/shop\/wp-content\/uploads\/2025\/08\/IA3641-1-1.jpg","width":480,"height":480},{"@type":"BreadcrumbList","@id":"https:\/\/audi-klaus.at\/shop\/produkt\/vw-bora-golf-3-passat-3b-vw-bora-golf-3-passat-3b-innenraumleuchte-beige-nos-3b0947291innenraumleuchte-beige-nos-3b0947291\/#breadcrumb","itemListElement":[{"@type":"ListItem","position":1,"name":"Startseite","item":"https:\/\/audi-klaus.at\/shop\/"},{"@type":"ListItem","position":2,"name":"Shop","item":"https:\/\/audi-klaus.at\/shop\/"},{"@type":"ListItem","position":3,"name":"Vw Bora\/Golf\/3\/Passat\/3B Innenraumleuchte beige NOS 3B0947291"}]},{"@type":"WebSite","@id":"https:\/\/audi-klaus.at\/shop\/#website","url":"https:\/\/audi-klaus.at\/shop\/","name":"Audi-Klaus","description":"Ihr Gebrauchtteile Spezialist f\u00fcr die Marken Audi, VW (VAG)","publisher":{"@id":"https:\/\/audi-klaus.at\/shop\/#organization"},"potentialAction":[{"@type":"SearchAction","target":{"@type":"EntryPoint","urlTemplate":"https:\/\/audi-klaus.at\/shop\/?s={search_term_string}"},"query-input":{"@type":"PropertyValueSpecification","valueRequired":true,"valueName":"search_term_string"}}],"inLanguage":"de-AT"},{"@type":"Organization","@id":"https:\/\/audi-klaus.at\/shop\/#organization","name":"Audi-Klaus","url":"https:\/\/audi-klaus.at\/shop\/","logo":{"@type":"ImageObject","inLanguage":"de-AT","@id":"https:\/\/audi-klaus.at\/shop\/#\/schema\/logo\/image\/","url":"https:\/\/audi-klaus.at\/shop\/wp-content\/uploads\/2024\/10\/Logo-Shop.webp","contentUrl":"https:\/\/audi-klaus.at\/shop\/wp-content\/uploads\/2024\/10\/Logo-Shop.webp","width":470,"height":164,"caption":"Audi-Klaus"},"image":{"@id":"https:\/\/audi-klaus.at\/shop\/#\/schema\/logo\/image\/"},"sameAs":["https:\/\/www.facebook.com\/audi.klaus.1312\/","https:\/\/www.instagram.com\/audi_klaus\/?igshid=1eca3qu2mdayg"]}]}},"_links":{"self":[{"href":"https:\/\/audi-klaus.at\/shop\/wp-json\/wp\/v2\/product\/95495","targetHints":{"allow":["GET"]}}],"collection":[{"href":"https:\/\/audi-klaus.at\/shop\/wp-json\/wp\/v2\/product"}],"about":[{"href":"https:\/\/audi-klaus.at\/shop\/wp-json\/wp\/v2\/types\/product"}],"wp:featuredmedia":[{"embeddable":true,"href":"https:\/\/audi-klaus.at\/shop\/wp-json\/wp\/v2\/media\/95432"}],"wp:attachment":[{"href":"https:\/\/audi-klaus.at\/shop\/wp-json\/wp\/v2\/media?parent=95495"}],"wp:term":[{"taxonomy":"product_brand","embeddable":true,"href":"https:\/\/audi-klaus.at\/shop\/wp-json\/wp\/v2\/product_brand?post=95495"},{"taxonomy":"product_cat","embeddable":true,"href":"https:\/\/audi-klaus.at\/shop\/wp-json\/wp\/v2\/product_cat?post=95495"},{"taxonomy":"product_tag","embeddable":true,"href":"https:\/\/audi-klaus.at\/shop\/wp-json\/wp\/v2\/product_tag?post=95495"}],"curies":[{"name":"wp","href":"https:\/\/api.w.org\/{rel}","templated":true}]}}