{"id":94081,"date":"2025-08-11T12:04:53","date_gmt":"2025-08-11T10:04:53","guid":{"rendered":"https:\/\/audi-klaus.at\/shop\/?post_type=product&#038;p=94081"},"modified":"2026-03-23T16:53:29","modified_gmt":"2026-03-23T15:53:29","slug":"vw-golf-cabrio-jetta-1-2-bus-t3-passat-b2-b3-scirocco-thermostat-nos-068121113h","status":"publish","type":"product","link":"https:\/\/audi-klaus.at\/shop\/produkt\/vw-golf-cabrio-jetta-1-2-bus-t3-passat-b2-b3-scirocco-thermostat-nos-068121113h\/","title":{"rendered":"Vw Golf\/Cabrio\/Jetta\/1\/2\/Bus\/T3\/Passat\/B2\/B3\/Scirocco Thermostat NOS 068121113H"},"content":{"rendered":"<h5 class=\"western\"><span style=\"color: #060606;\"><span style=\"font-family: Verdana, serif;\"><span style=\"font-size: small;\"><b>VAG Teilenummer<\/b><\/span><\/span><\/span><span style=\"color: #060606;\"><span style=\"font-family: Verdana, serif;\"><span style=\"font-size: small;\">: 068 121 113H<\/span><\/span><\/span><\/h5>\n<h5 class=\"western\"><span style=\"color: #060606;\"><span style=\"font-family: Verdana, serif;\"><span style=\"font-size: small;\"><b>Zustand:<\/b><\/span><\/span><\/span><span style=\"color: #060606;\"><span style=\"font-family: Verdana, serif;\"><span style=\"font-size: small;\">\u00a0<\/span><\/span><\/span><span style=\"color: #060606;\"><span style=\"font-family: Verdana, serif;\"><span style=\"font-size: small;\"><span lang=\"de-DE\">NOS (New Old Stock \/ kann Lagerspuren aufweisen)<\/span><\/span><\/span><\/span><\/h5>\n<h5 class=\"western\"><span style=\"color: #060606;\"><span style=\"font-family: Verdana, serif;\"><span style=\"font-size: small;\"><b>Lieferumfang:<\/b><\/span><\/span><\/span><span style=\"color: #060606;\"><span style=\"font-family: Verdana, serif;\"><span style=\"font-size: small;\">\u00a0wie in den Original-Abbildungen angegeben<\/span><\/span><\/span><\/h5>\n<h5 class=\"western\"><span style=\"color: #060606;\"><span style=\"font-family: Verdana, serif;\"><span style=\"font-size: small;\"><b>Hinweis:<\/b><\/span><\/span><\/span><span style=\"color: #060606;\"><span style=\"font-family: Verdana, serif;\"><span style=\"font-size: small;\">\u00a0Bitte \u00fcberpr\u00fcfen Sie vor dem Kauf anhand der eindeutigen Teilenummern, ob der Artikel zum Fahrzeug passt, um R\u00fccksendungen zu vermeiden! Trotz Angabe der entsprechenden Fahrzeugdaten ist eine eindeutige Zuordnung nur \u00fcber die Teilenummer m\u00f6glich! Die abgelesene Teilenummer ist die Teilenummer des Teils, welches geliefert wird. Die Originalteilnummer ist diejenige, die bei Neubestellung f\u00fcr dieses Teil gilt und der m\u00f6glicherweise abweichenden, gelieferten Teilenummer entspricht. <\/span><\/span><\/span><\/h5>\n<h5 class=\"western\"><span style=\"color: #060606;\"><span style=\"font-family: Verdana, serif;\"><span style=\"font-size: small;\"><span lang=\"de-DE\">Neu<\/span><\/span><\/span><\/span><span style=\"color: #060606;\"><span style=\"font-family: Verdana, serif;\"><span style=\"font-size: small;\"> mit Gebrauchsspuren in Form von Verunreinigungen\/ kleinen Kratzern m\u00f6glich. Die Ware wird ungereinigt geliefert.<\/span><\/span><\/span><\/h5>\n<h5 class=\"western\"><span style=\"color: #060606;\"><span style=\"font-family: Verdana, serif;\"><span style=\"font-size: small;\">Sollten weitere Fragen offen sein, kontaktieren Sie uns bitte unter<\/span><\/span><\/span><span style=\"color: #060606;\"><span style=\"font-family: Verdana, serif;\"><span style=\"font-size: small;\"><u>\u00a0<\/u><\/span><\/span><\/span><a href=\"mailto:office@audi-klaus.at\"><span style=\"color: #0000ff;\"><span style=\"font-family: Verdana, serif;\"><span style=\"font-size: small;\"><u>office@audi-klaus.at<\/u><\/span><\/span><\/span><\/a><\/h5>\n","protected":false},"excerpt":{"rendered":"<h5><b><span style=\"color: #000000;\"><span style=\"font-family: Source Sans Pro, serif;\"><span style=\"font-size: x-large;\">Marke: Vw<br \/>\nModell: Golf\/Jetta\/Cabrio\/Bus\/Passat\/Scirocco<br \/>\nTyp: 1\/2\/B2\/B3<\/span><\/span><\/span><\/b><\/h5>\n<h5 class=\"western\"><strong><span style=\"color: #c9211e;\"><span style=\"font-family: Source Sans Pro, serif;\"><span style=\"font-size: large;\">-87\u00b0C-102\u00b0C<\/span><\/span><\/span><\/strong><\/h5>\n","protected":false},"featured_media":94018,"template":"","meta":[],"product_brand":[],"product_cat":[1164,1205,1902,1165,1230,1166,1231,1167,1255,1170,1269,1176,1279,1186,1349,1193,1381,1194,1391,1201,1641,1204,1651],"product_tag":[34220,34221,34222],"class_list":{"0":"post-94081","1":"product","2":"type-product","3":"status-publish","4":"has-post-thumbnail","6":"product_cat-vw","7":"product_cat-2-165-1983-1992","8":"product_cat-motor-getriebe-t3-251-1979-1992","9":"product_cat-golf","10":"product_cat-b2-32b-1980-1988","11":"product_cat-golf-cabrio","12":"product_cat-b3-35i-1988-1993","13":"product_cat-jetta","14":"product_cat-t3-251-1979-1992","15":"product_cat-scirocco","16":"product_cat-motor-getriebe-1-171-1974-1985","17":"product_cat-passat","18":"product_cat-motor-getriebe-2-191-1983-1992","19":"product_cat-bus","20":"product_cat-motor-getriebe-1-155-1979-1993","21":"product_cat-1-171-1974-1985","22":"product_cat-motor-getriebe-1-161-1978-1987","23":"product_cat-2-191-1983-1992","24":"product_cat-motor-getriebe-2-165-1983-1992","25":"product_cat-1-155-1979-1993","26":"product_cat-motor-getriebe-b2-32b-1980-1988","27":"product_cat-1-161-1978-1987","28":"product_cat-motor-getriebe-b3-35i-1988-1993","29":"product_tag-068121113h","30":"product_tag-34221","31":"product_tag-m2337","33":"first","34":"outofstock","35":"taxable","36":"shipping-taxable","37":"purchasable","38":"product-type-simple"},"yoast_head":"<!-- This site is optimized with the Yoast SEO plugin v27.5 - https:\/\/yoast.com\/product\/yoast-seo-wordpress\/ -->\n<title>Vw Golf\/Cabrio\/Jetta\/1\/2\/Bus\/T3\/Passat\/B2\/B3\/Scirocco Thermostat NOS 068121113H - Audi-Klaus<\/title>\n<meta name=\"description\" content=\"Audi-Klaus Vw Golf\/Cabrio\/Jetta\/1\/2\/Bus\/T3\/Passat\/B2\/B3\/Scirocco Thermostat NOS 068121113H Vw Golf\/Cabrio\/Jetta\/1\/2\/Bus\/T3\/Passat\/B2\/B3\/Scirocco Thermostat NOS 068121113H\" \/>\n<meta name=\"robots\" content=\"index, follow, max-snippet:-1, max-image-preview:large, max-video-preview:-1\" \/>\n<link rel=\"canonical\" href=\"https:\/\/audi-klaus.at\/shop\/produkt\/vw-golf-cabrio-jetta-1-2-bus-t3-passat-b2-b3-scirocco-thermostat-nos-068121113h\/\" \/>\n<meta property=\"og:locale\" content=\"de_DE\" \/>\n<meta property=\"og:type\" content=\"article\" \/>\n<meta property=\"og:title\" content=\"Vw Golf\/Cabrio\/Jetta\/1\/2\/Bus\/T3\/Passat\/B2\/B3\/Scirocco Thermostat NOS 068121113H - Audi-Klaus\" \/>\n<meta property=\"og:description\" content=\"Audi-Klaus Vw Golf\/Cabrio\/Jetta\/1\/2\/Bus\/T3\/Passat\/B2\/B3\/Scirocco Thermostat NOS 068121113H Vw Golf\/Cabrio\/Jetta\/1\/2\/Bus\/T3\/Passat\/B2\/B3\/Scirocco Thermostat NOS 068121113H\" \/>\n<meta property=\"og:url\" content=\"https:\/\/audi-klaus.at\/shop\/produkt\/vw-golf-cabrio-jetta-1-2-bus-t3-passat-b2-b3-scirocco-thermostat-nos-068121113h\/\" \/>\n<meta property=\"og:site_name\" content=\"Audi-Klaus\" \/>\n<meta property=\"article:publisher\" content=\"https:\/\/www.facebook.com\/audi.klaus.1312\/\" \/>\n<meta property=\"article:modified_time\" content=\"2026-03-23T15:53:29+00:00\" \/>\n<meta property=\"og:image\" content=\"https:\/\/audi-klaus.at\/shop\/wp-content\/uploads\/2025\/08\/M2337-1.png\" \/>\n\t<meta property=\"og:image:width\" content=\"480\" \/>\n\t<meta property=\"og:image:height\" content=\"480\" \/>\n\t<meta property=\"og:image:type\" content=\"image\/png\" \/>\n<meta name=\"twitter:card\" content=\"summary_large_image\" \/>\n<meta name=\"twitter:label1\" content=\"Gesch\u00e4tzte Lesezeit\" \/>\n\t<meta name=\"twitter:data1\" content=\"1 Minute\" \/>\n<script type=\"application\/ld+json\" class=\"yoast-schema-graph\">{\"@context\":\"https:\\\/\\\/schema.org\",\"@graph\":[{\"@type\":\"WebPage\",\"@id\":\"https:\\\/\\\/audi-klaus.at\\\/shop\\\/produkt\\\/vw-golf-cabrio-jetta-1-2-bus-t3-passat-b2-b3-scirocco-thermostat-nos-068121113h\\\/\",\"url\":\"https:\\\/\\\/audi-klaus.at\\\/shop\\\/produkt\\\/vw-golf-cabrio-jetta-1-2-bus-t3-passat-b2-b3-scirocco-thermostat-nos-068121113h\\\/\",\"name\":\"Vw Golf\\\/Cabrio\\\/Jetta\\\/1\\\/2\\\/Bus\\\/T3\\\/Passat\\\/B2\\\/B3\\\/Scirocco Thermostat NOS 068121113H - Audi-Klaus\",\"isPartOf\":{\"@id\":\"https:\\\/\\\/audi-klaus.at\\\/shop\\\/#website\"},\"primaryImageOfPage\":{\"@id\":\"https:\\\/\\\/audi-klaus.at\\\/shop\\\/produkt\\\/vw-golf-cabrio-jetta-1-2-bus-t3-passat-b2-b3-scirocco-thermostat-nos-068121113h\\\/#primaryimage\"},\"image\":{\"@id\":\"https:\\\/\\\/audi-klaus.at\\\/shop\\\/produkt\\\/vw-golf-cabrio-jetta-1-2-bus-t3-passat-b2-b3-scirocco-thermostat-nos-068121113h\\\/#primaryimage\"},\"thumbnailUrl\":\"https:\\\/\\\/audi-klaus.at\\\/shop\\\/wp-content\\\/uploads\\\/2025\\\/08\\\/M2337-1.png\",\"datePublished\":\"2025-08-11T10:04:53+00:00\",\"dateModified\":\"2026-03-23T15:53:29+00:00\",\"description\":\"Audi-Klaus Vw Golf\\\/Cabrio\\\/Jetta\\\/1\\\/2\\\/Bus\\\/T3\\\/Passat\\\/B2\\\/B3\\\/Scirocco Thermostat NOS 068121113H Vw Golf\\\/Cabrio\\\/Jetta\\\/1\\\/2\\\/Bus\\\/T3\\\/Passat\\\/B2\\\/B3\\\/Scirocco Thermostat NOS 068121113H\",\"breadcrumb\":{\"@id\":\"https:\\\/\\\/audi-klaus.at\\\/shop\\\/produkt\\\/vw-golf-cabrio-jetta-1-2-bus-t3-passat-b2-b3-scirocco-thermostat-nos-068121113h\\\/#breadcrumb\"},\"inLanguage\":\"de-AT\",\"potentialAction\":[{\"@type\":\"ReadAction\",\"target\":[\"https:\\\/\\\/audi-klaus.at\\\/shop\\\/produkt\\\/vw-golf-cabrio-jetta-1-2-bus-t3-passat-b2-b3-scirocco-thermostat-nos-068121113h\\\/\"]}]},{\"@type\":\"ImageObject\",\"inLanguage\":\"de-AT\",\"@id\":\"https:\\\/\\\/audi-klaus.at\\\/shop\\\/produkt\\\/vw-golf-cabrio-jetta-1-2-bus-t3-passat-b2-b3-scirocco-thermostat-nos-068121113h\\\/#primaryimage\",\"url\":\"https:\\\/\\\/audi-klaus.at\\\/shop\\\/wp-content\\\/uploads\\\/2025\\\/08\\\/M2337-1.png\",\"contentUrl\":\"https:\\\/\\\/audi-klaus.at\\\/shop\\\/wp-content\\\/uploads\\\/2025\\\/08\\\/M2337-1.png\",\"width\":480,\"height\":480},{\"@type\":\"BreadcrumbList\",\"@id\":\"https:\\\/\\\/audi-klaus.at\\\/shop\\\/produkt\\\/vw-golf-cabrio-jetta-1-2-bus-t3-passat-b2-b3-scirocco-thermostat-nos-068121113h\\\/#breadcrumb\",\"itemListElement\":[{\"@type\":\"ListItem\",\"position\":1,\"name\":\"Startseite\",\"item\":\"https:\\\/\\\/audi-klaus.at\\\/shop\\\/\"},{\"@type\":\"ListItem\",\"position\":2,\"name\":\"Shop\",\"item\":\"https:\\\/\\\/audi-klaus.at\\\/shop\\\/\"},{\"@type\":\"ListItem\",\"position\":3,\"name\":\"Vw Golf\\\/Cabrio\\\/Jetta\\\/1\\\/2\\\/Bus\\\/T3\\\/Passat\\\/B2\\\/B3\\\/Scirocco Thermostat NOS 068121113H\"}]},{\"@type\":\"WebSite\",\"@id\":\"https:\\\/\\\/audi-klaus.at\\\/shop\\\/#website\",\"url\":\"https:\\\/\\\/audi-klaus.at\\\/shop\\\/\",\"name\":\"Audi-Klaus\",\"description\":\"Ihr Gebrauchtteile Spezialist f\u00fcr die Marken Audi, VW (VAG)\",\"publisher\":{\"@id\":\"https:\\\/\\\/audi-klaus.at\\\/shop\\\/#organization\"},\"potentialAction\":[{\"@type\":\"SearchAction\",\"target\":{\"@type\":\"EntryPoint\",\"urlTemplate\":\"https:\\\/\\\/audi-klaus.at\\\/shop\\\/?s={search_term_string}\"},\"query-input\":{\"@type\":\"PropertyValueSpecification\",\"valueRequired\":true,\"valueName\":\"search_term_string\"}}],\"inLanguage\":\"de-AT\"},{\"@type\":\"Organization\",\"@id\":\"https:\\\/\\\/audi-klaus.at\\\/shop\\\/#organization\",\"name\":\"Audi-Klaus\",\"url\":\"https:\\\/\\\/audi-klaus.at\\\/shop\\\/\",\"logo\":{\"@type\":\"ImageObject\",\"inLanguage\":\"de-AT\",\"@id\":\"https:\\\/\\\/audi-klaus.at\\\/shop\\\/#\\\/schema\\\/logo\\\/image\\\/\",\"url\":\"https:\\\/\\\/audi-klaus.at\\\/shop\\\/wp-content\\\/uploads\\\/2024\\\/10\\\/Logo-Shop.webp\",\"contentUrl\":\"https:\\\/\\\/audi-klaus.at\\\/shop\\\/wp-content\\\/uploads\\\/2024\\\/10\\\/Logo-Shop.webp\",\"width\":470,\"height\":164,\"caption\":\"Audi-Klaus\"},\"image\":{\"@id\":\"https:\\\/\\\/audi-klaus.at\\\/shop\\\/#\\\/schema\\\/logo\\\/image\\\/\"},\"sameAs\":[\"https:\\\/\\\/www.facebook.com\\\/audi.klaus.1312\\\/\",\"https:\\\/\\\/www.instagram.com\\\/audi_klaus\\\/?igshid=1eca3qu2mdayg\"]}]}<\/script>\n<!-- \/ Yoast SEO plugin. -->","yoast_head_json":{"title":"Vw Golf\/Cabrio\/Jetta\/1\/2\/Bus\/T3\/Passat\/B2\/B3\/Scirocco Thermostat NOS 068121113H - Audi-Klaus","description":"Audi-Klaus Vw Golf\/Cabrio\/Jetta\/1\/2\/Bus\/T3\/Passat\/B2\/B3\/Scirocco Thermostat NOS 068121113H Vw Golf\/Cabrio\/Jetta\/1\/2\/Bus\/T3\/Passat\/B2\/B3\/Scirocco Thermostat NOS 068121113H","robots":{"index":"index","follow":"follow","max-snippet":"max-snippet:-1","max-image-preview":"max-image-preview:large","max-video-preview":"max-video-preview:-1"},"canonical":"https:\/\/audi-klaus.at\/shop\/produkt\/vw-golf-cabrio-jetta-1-2-bus-t3-passat-b2-b3-scirocco-thermostat-nos-068121113h\/","og_locale":"de_DE","og_type":"article","og_title":"Vw Golf\/Cabrio\/Jetta\/1\/2\/Bus\/T3\/Passat\/B2\/B3\/Scirocco Thermostat NOS 068121113H - Audi-Klaus","og_description":"Audi-Klaus Vw Golf\/Cabrio\/Jetta\/1\/2\/Bus\/T3\/Passat\/B2\/B3\/Scirocco Thermostat NOS 068121113H Vw Golf\/Cabrio\/Jetta\/1\/2\/Bus\/T3\/Passat\/B2\/B3\/Scirocco Thermostat NOS 068121113H","og_url":"https:\/\/audi-klaus.at\/shop\/produkt\/vw-golf-cabrio-jetta-1-2-bus-t3-passat-b2-b3-scirocco-thermostat-nos-068121113h\/","og_site_name":"Audi-Klaus","article_publisher":"https:\/\/www.facebook.com\/audi.klaus.1312\/","article_modified_time":"2026-03-23T15:53:29+00:00","og_image":[{"width":480,"height":480,"url":"https:\/\/audi-klaus.at\/shop\/wp-content\/uploads\/2025\/08\/M2337-1.png","type":"image\/png"}],"twitter_card":"summary_large_image","twitter_misc":{"Gesch\u00e4tzte Lesezeit":"1 Minute"},"schema":{"@context":"https:\/\/schema.org","@graph":[{"@type":"WebPage","@id":"https:\/\/audi-klaus.at\/shop\/produkt\/vw-golf-cabrio-jetta-1-2-bus-t3-passat-b2-b3-scirocco-thermostat-nos-068121113h\/","url":"https:\/\/audi-klaus.at\/shop\/produkt\/vw-golf-cabrio-jetta-1-2-bus-t3-passat-b2-b3-scirocco-thermostat-nos-068121113h\/","name":"Vw Golf\/Cabrio\/Jetta\/1\/2\/Bus\/T3\/Passat\/B2\/B3\/Scirocco Thermostat NOS 068121113H - Audi-Klaus","isPartOf":{"@id":"https:\/\/audi-klaus.at\/shop\/#website"},"primaryImageOfPage":{"@id":"https:\/\/audi-klaus.at\/shop\/produkt\/vw-golf-cabrio-jetta-1-2-bus-t3-passat-b2-b3-scirocco-thermostat-nos-068121113h\/#primaryimage"},"image":{"@id":"https:\/\/audi-klaus.at\/shop\/produkt\/vw-golf-cabrio-jetta-1-2-bus-t3-passat-b2-b3-scirocco-thermostat-nos-068121113h\/#primaryimage"},"thumbnailUrl":"https:\/\/audi-klaus.at\/shop\/wp-content\/uploads\/2025\/08\/M2337-1.png","datePublished":"2025-08-11T10:04:53+00:00","dateModified":"2026-03-23T15:53:29+00:00","description":"Audi-Klaus Vw Golf\/Cabrio\/Jetta\/1\/2\/Bus\/T3\/Passat\/B2\/B3\/Scirocco Thermostat NOS 068121113H Vw Golf\/Cabrio\/Jetta\/1\/2\/Bus\/T3\/Passat\/B2\/B3\/Scirocco Thermostat NOS 068121113H","breadcrumb":{"@id":"https:\/\/audi-klaus.at\/shop\/produkt\/vw-golf-cabrio-jetta-1-2-bus-t3-passat-b2-b3-scirocco-thermostat-nos-068121113h\/#breadcrumb"},"inLanguage":"de-AT","potentialAction":[{"@type":"ReadAction","target":["https:\/\/audi-klaus.at\/shop\/produkt\/vw-golf-cabrio-jetta-1-2-bus-t3-passat-b2-b3-scirocco-thermostat-nos-068121113h\/"]}]},{"@type":"ImageObject","inLanguage":"de-AT","@id":"https:\/\/audi-klaus.at\/shop\/produkt\/vw-golf-cabrio-jetta-1-2-bus-t3-passat-b2-b3-scirocco-thermostat-nos-068121113h\/#primaryimage","url":"https:\/\/audi-klaus.at\/shop\/wp-content\/uploads\/2025\/08\/M2337-1.png","contentUrl":"https:\/\/audi-klaus.at\/shop\/wp-content\/uploads\/2025\/08\/M2337-1.png","width":480,"height":480},{"@type":"BreadcrumbList","@id":"https:\/\/audi-klaus.at\/shop\/produkt\/vw-golf-cabrio-jetta-1-2-bus-t3-passat-b2-b3-scirocco-thermostat-nos-068121113h\/#breadcrumb","itemListElement":[{"@type":"ListItem","position":1,"name":"Startseite","item":"https:\/\/audi-klaus.at\/shop\/"},{"@type":"ListItem","position":2,"name":"Shop","item":"https:\/\/audi-klaus.at\/shop\/"},{"@type":"ListItem","position":3,"name":"Vw Golf\/Cabrio\/Jetta\/1\/2\/Bus\/T3\/Passat\/B2\/B3\/Scirocco Thermostat NOS 068121113H"}]},{"@type":"WebSite","@id":"https:\/\/audi-klaus.at\/shop\/#website","url":"https:\/\/audi-klaus.at\/shop\/","name":"Audi-Klaus","description":"Ihr Gebrauchtteile Spezialist f\u00fcr die Marken Audi, VW (VAG)","publisher":{"@id":"https:\/\/audi-klaus.at\/shop\/#organization"},"potentialAction":[{"@type":"SearchAction","target":{"@type":"EntryPoint","urlTemplate":"https:\/\/audi-klaus.at\/shop\/?s={search_term_string}"},"query-input":{"@type":"PropertyValueSpecification","valueRequired":true,"valueName":"search_term_string"}}],"inLanguage":"de-AT"},{"@type":"Organization","@id":"https:\/\/audi-klaus.at\/shop\/#organization","name":"Audi-Klaus","url":"https:\/\/audi-klaus.at\/shop\/","logo":{"@type":"ImageObject","inLanguage":"de-AT","@id":"https:\/\/audi-klaus.at\/shop\/#\/schema\/logo\/image\/","url":"https:\/\/audi-klaus.at\/shop\/wp-content\/uploads\/2024\/10\/Logo-Shop.webp","contentUrl":"https:\/\/audi-klaus.at\/shop\/wp-content\/uploads\/2024\/10\/Logo-Shop.webp","width":470,"height":164,"caption":"Audi-Klaus"},"image":{"@id":"https:\/\/audi-klaus.at\/shop\/#\/schema\/logo\/image\/"},"sameAs":["https:\/\/www.facebook.com\/audi.klaus.1312\/","https:\/\/www.instagram.com\/audi_klaus\/?igshid=1eca3qu2mdayg"]}]}},"_links":{"self":[{"href":"https:\/\/audi-klaus.at\/shop\/wp-json\/wp\/v2\/product\/94081","targetHints":{"allow":["GET"]}}],"collection":[{"href":"https:\/\/audi-klaus.at\/shop\/wp-json\/wp\/v2\/product"}],"about":[{"href":"https:\/\/audi-klaus.at\/shop\/wp-json\/wp\/v2\/types\/product"}],"wp:featuredmedia":[{"embeddable":true,"href":"https:\/\/audi-klaus.at\/shop\/wp-json\/wp\/v2\/media\/94018"}],"wp:attachment":[{"href":"https:\/\/audi-klaus.at\/shop\/wp-json\/wp\/v2\/media?parent=94081"}],"wp:term":[{"taxonomy":"product_brand","embeddable":true,"href":"https:\/\/audi-klaus.at\/shop\/wp-json\/wp\/v2\/product_brand?post=94081"},{"taxonomy":"product_cat","embeddable":true,"href":"https:\/\/audi-klaus.at\/shop\/wp-json\/wp\/v2\/product_cat?post=94081"},{"taxonomy":"product_tag","embeddable":true,"href":"https:\/\/audi-klaus.at\/shop\/wp-json\/wp\/v2\/product_tag?post=94081"}],"curies":[{"name":"wp","href":"https:\/\/api.w.org\/{rel}","templated":true}]}}