{"id":9359,"date":"2021-12-16T17:14:50","date_gmt":"2021-12-16T16:14:50","guid":{"rendered":"http:\/\/audi-klaus.at.server171-han.server-routing.com\/shop\/?post_type=product&#038;p=9359"},"modified":"2026-01-07T21:00:11","modified_gmt":"2026-01-07T20:00:11","slug":"vw-scirocco-1-heckblech-unten-nachbau-neu-9530680","status":"publish","type":"product","link":"https:\/\/audi-klaus.at\/shop\/produkt\/vw-scirocco-1-heckblech-unten-nachbau-neu-9530680\/","title":{"rendered":"Vw Scirocco\/1 Heckblech unten Nachbau NOS 9530680"},"content":{"rendered":"<p><strong><span style=\"color: #000000;\"><span style=\"font-family: Source Sans Pro, sans-serif;\"><span style=\"font-size: medium;\"><b>VAG Teilenummer<\/b><\/span><\/span><\/span><\/strong><span style=\"color: #000000;\"><span style=\"font-family: Source Sans Pro, sans-serif;\"><span style=\"font-size: medium;\"><b>:<\/b><\/span><\/span><\/span> 953 0680<span style=\"font-family: Source Sans Pro, sans-serif;\"><span style=\"font-size: medium;\"><br \/>\n<\/span><\/span><strong><span style=\"color: #000000;\"><span style=\"font-family: Source Sans Pro, sans-serif;\"><span style=\"font-size: medium;\"><b>Zustand:<\/b><\/span><\/span><\/span><\/strong><span style=\"color: #000000;\"><span style=\"font-family: Source Sans Pro, sans-serif;\"><span style=\"font-size: medium;\"> NOS<\/span><\/span><\/span><span style=\"font-family: Source Sans Pro, sans-serif;\"><span style=\"font-size: medium;\"><br \/>\n<\/span><\/span><strong><span style=\"color: #000000;\"><span style=\"font-family: Source Sans Pro, sans-serif;\"><span style=\"font-size: medium;\"><b>Lieferumfang:<\/b><\/span><\/span><\/span><\/strong> <span style=\"color: #000000;\"><span style=\"font-family: Source Sans Pro, sans-serif;\"><span style=\"font-size: medium;\">wie in den Original-Abbildungen angegeben<\/span><\/span><\/span><span style=\"font-family: Source Sans Pro, sans-serif;\"><span style=\"font-size: medium;\"><br \/>\n<\/span><\/span><span style=\"color: #000000;\"><span style=\"font-family: Source Sans Pro, sans-serif;\"><span style=\"font-size: medium;\">Hinweis: Bitte \u00fcberpr\u00fcfen Sie vor dem Kauf anhand der eindeutigen Teilenummern, ob der Artikel zum Fahrzeug passt, um R\u00fccksendungen zu vermeiden! Trotz Angabe der entsprechenden Fahrzeugdaten ist eine eindeutige Zuordnung nur \u00fcber die Teilenummer m\u00f6glich! Die abgelesene Teilenummer ist die Teilenummer des Teils, welches geliefert wird. Die Originalteilnummer ist diejenige, die bei Neubestellung f\u00fcr dieses Teil gilt und der m\u00f6glicherweise abweichenden, gelieferten Teilenummer entspricht. Sollten weitere Fragen offen sein, kontaktieren Sie uns bitte unter <\/span><\/span><\/span><a href=\"mailto:office@audi-klaus.at\"><span style=\"font-family: Source Sans Pro, sans-serif;\"><span style=\"font-size: medium;\">office@audi-klaus.at<\/span><\/span><\/a><\/p>\n","protected":false},"excerpt":{"rendered":"<h5><strong><span style=\"font-size: 18pt;\">Marke: Vw<\/span><\/strong><\/h5>\n<h5><strong><span style=\"font-size: 18pt;\">Modell: Scirocco<\/span><\/strong><\/h5>\n<h5><strong><span style=\"font-size: 18pt;\">Typ:1<\/span><\/strong><\/h5>\n","protected":false},"featured_media":70659,"template":"","meta":[],"product_brand":[],"product_cat":[1164,1170,1211,1458],"product_tag":[5031,24979],"class_list":{"0":"post-9359","1":"product","2":"type-product","3":"status-publish","4":"has-post-thumbnail","6":"product_cat-vw","7":"product_cat-scirocco","8":"product_cat-1-53-1974-1981","9":"product_cat-karosserie-1-53-1974-1981","10":"product_tag-5031","11":"product_tag-kb149","13":"first","14":"instock","15":"taxable","16":"shipping-taxable","17":"purchasable","18":"product-type-simple"},"yoast_head":"<!-- This site is optimized with the Yoast SEO plugin v27.5 - https:\/\/yoast.com\/product\/yoast-seo-wordpress\/ -->\n<title>Vw Scirocco\/1 Heckblech unten Nachbau NOS 9530680 - Audi-Klaus<\/title>\n<meta name=\"description\" content=\"Vw Scirocco\/1 Heckblech unten Nachbau NOS 9530680 Vw Scirocco\/1 Heckblech unten Nachbau NOS 9530680 Audi-Klaus -\" \/>\n<meta name=\"robots\" content=\"index, follow, max-snippet:-1, max-image-preview:large, max-video-preview:-1\" \/>\n<link rel=\"canonical\" href=\"https:\/\/audi-klaus.at\/shop\/produkt\/vw-scirocco-1-heckblech-unten-nachbau-neu-9530680\/\" \/>\n<meta property=\"og:locale\" content=\"de_DE\" \/>\n<meta property=\"og:type\" content=\"article\" \/>\n<meta property=\"og:title\" content=\"Vw Scirocco\/1 Heckblech unten Nachbau NOS 9530680 - Audi-Klaus\" \/>\n<meta property=\"og:description\" content=\"Vw Scirocco\/1 Heckblech unten Nachbau NOS 9530680 Vw Scirocco\/1 Heckblech unten Nachbau NOS 9530680 Audi-Klaus -\" \/>\n<meta property=\"og:url\" content=\"https:\/\/audi-klaus.at\/shop\/produkt\/vw-scirocco-1-heckblech-unten-nachbau-neu-9530680\/\" \/>\n<meta property=\"og:site_name\" content=\"Audi-Klaus\" \/>\n<meta property=\"article:publisher\" content=\"https:\/\/www.facebook.com\/audi.klaus.1312\/\" \/>\n<meta property=\"article:modified_time\" content=\"2026-01-07T20:00:11+00:00\" \/>\n<meta property=\"og:image\" content=\"https:\/\/audi-klaus.at\/shop\/wp-content\/uploads\/2021\/12\/KB149-1-1.jpg\" \/>\n\t<meta property=\"og:image:width\" content=\"480\" \/>\n\t<meta property=\"og:image:height\" content=\"480\" \/>\n\t<meta property=\"og:image:type\" content=\"image\/jpeg\" \/>\n<meta name=\"twitter:card\" content=\"summary_large_image\" \/>\n<meta name=\"twitter:label1\" content=\"Gesch\u00e4tzte Lesezeit\" \/>\n\t<meta name=\"twitter:data1\" content=\"1 Minute\" \/>\n<script type=\"application\/ld+json\" class=\"yoast-schema-graph\">{\"@context\":\"https:\\\/\\\/schema.org\",\"@graph\":[{\"@type\":\"WebPage\",\"@id\":\"https:\\\/\\\/audi-klaus.at\\\/shop\\\/produkt\\\/vw-scirocco-1-heckblech-unten-nachbau-neu-9530680\\\/\",\"url\":\"https:\\\/\\\/audi-klaus.at\\\/shop\\\/produkt\\\/vw-scirocco-1-heckblech-unten-nachbau-neu-9530680\\\/\",\"name\":\"Vw Scirocco\\\/1 Heckblech unten Nachbau NOS 9530680 - Audi-Klaus\",\"isPartOf\":{\"@id\":\"https:\\\/\\\/audi-klaus.at\\\/shop\\\/#website\"},\"primaryImageOfPage\":{\"@id\":\"https:\\\/\\\/audi-klaus.at\\\/shop\\\/produkt\\\/vw-scirocco-1-heckblech-unten-nachbau-neu-9530680\\\/#primaryimage\"},\"image\":{\"@id\":\"https:\\\/\\\/audi-klaus.at\\\/shop\\\/produkt\\\/vw-scirocco-1-heckblech-unten-nachbau-neu-9530680\\\/#primaryimage\"},\"thumbnailUrl\":\"https:\\\/\\\/audi-klaus.at\\\/shop\\\/wp-content\\\/uploads\\\/2021\\\/12\\\/KB149-1-1.jpg\",\"datePublished\":\"2021-12-16T16:14:50+00:00\",\"dateModified\":\"2026-01-07T20:00:11+00:00\",\"description\":\"Vw Scirocco\\\/1 Heckblech unten Nachbau NOS 9530680 Vw Scirocco\\\/1 Heckblech unten Nachbau NOS 9530680 Audi-Klaus -\",\"breadcrumb\":{\"@id\":\"https:\\\/\\\/audi-klaus.at\\\/shop\\\/produkt\\\/vw-scirocco-1-heckblech-unten-nachbau-neu-9530680\\\/#breadcrumb\"},\"inLanguage\":\"de-AT\",\"potentialAction\":[{\"@type\":\"ReadAction\",\"target\":[\"https:\\\/\\\/audi-klaus.at\\\/shop\\\/produkt\\\/vw-scirocco-1-heckblech-unten-nachbau-neu-9530680\\\/\"]}]},{\"@type\":\"ImageObject\",\"inLanguage\":\"de-AT\",\"@id\":\"https:\\\/\\\/audi-klaus.at\\\/shop\\\/produkt\\\/vw-scirocco-1-heckblech-unten-nachbau-neu-9530680\\\/#primaryimage\",\"url\":\"https:\\\/\\\/audi-klaus.at\\\/shop\\\/wp-content\\\/uploads\\\/2021\\\/12\\\/KB149-1-1.jpg\",\"contentUrl\":\"https:\\\/\\\/audi-klaus.at\\\/shop\\\/wp-content\\\/uploads\\\/2021\\\/12\\\/KB149-1-1.jpg\",\"width\":480,\"height\":480},{\"@type\":\"BreadcrumbList\",\"@id\":\"https:\\\/\\\/audi-klaus.at\\\/shop\\\/produkt\\\/vw-scirocco-1-heckblech-unten-nachbau-neu-9530680\\\/#breadcrumb\",\"itemListElement\":[{\"@type\":\"ListItem\",\"position\":1,\"name\":\"Startseite\",\"item\":\"https:\\\/\\\/audi-klaus.at\\\/shop\\\/\"},{\"@type\":\"ListItem\",\"position\":2,\"name\":\"Shop\",\"item\":\"https:\\\/\\\/audi-klaus.at\\\/shop\\\/\"},{\"@type\":\"ListItem\",\"position\":3,\"name\":\"Vw Scirocco\\\/1 Heckblech unten Nachbau NOS 9530680\"}]},{\"@type\":\"WebSite\",\"@id\":\"https:\\\/\\\/audi-klaus.at\\\/shop\\\/#website\",\"url\":\"https:\\\/\\\/audi-klaus.at\\\/shop\\\/\",\"name\":\"Audi-Klaus\",\"description\":\"Ihr Gebrauchtteile Spezialist f\u00fcr die Marken Audi, VW (VAG)\",\"publisher\":{\"@id\":\"https:\\\/\\\/audi-klaus.at\\\/shop\\\/#organization\"},\"potentialAction\":[{\"@type\":\"SearchAction\",\"target\":{\"@type\":\"EntryPoint\",\"urlTemplate\":\"https:\\\/\\\/audi-klaus.at\\\/shop\\\/?s={search_term_string}\"},\"query-input\":{\"@type\":\"PropertyValueSpecification\",\"valueRequired\":true,\"valueName\":\"search_term_string\"}}],\"inLanguage\":\"de-AT\"},{\"@type\":\"Organization\",\"@id\":\"https:\\\/\\\/audi-klaus.at\\\/shop\\\/#organization\",\"name\":\"Audi-Klaus\",\"url\":\"https:\\\/\\\/audi-klaus.at\\\/shop\\\/\",\"logo\":{\"@type\":\"ImageObject\",\"inLanguage\":\"de-AT\",\"@id\":\"https:\\\/\\\/audi-klaus.at\\\/shop\\\/#\\\/schema\\\/logo\\\/image\\\/\",\"url\":\"https:\\\/\\\/audi-klaus.at\\\/shop\\\/wp-content\\\/uploads\\\/2024\\\/10\\\/Logo-Shop.webp\",\"contentUrl\":\"https:\\\/\\\/audi-klaus.at\\\/shop\\\/wp-content\\\/uploads\\\/2024\\\/10\\\/Logo-Shop.webp\",\"width\":470,\"height\":164,\"caption\":\"Audi-Klaus\"},\"image\":{\"@id\":\"https:\\\/\\\/audi-klaus.at\\\/shop\\\/#\\\/schema\\\/logo\\\/image\\\/\"},\"sameAs\":[\"https:\\\/\\\/www.facebook.com\\\/audi.klaus.1312\\\/\",\"https:\\\/\\\/www.instagram.com\\\/audi_klaus\\\/?igshid=1eca3qu2mdayg\"]}]}<\/script>\n<!-- \/ Yoast SEO plugin. -->","yoast_head_json":{"title":"Vw Scirocco\/1 Heckblech unten Nachbau NOS 9530680 - Audi-Klaus","description":"Vw Scirocco\/1 Heckblech unten Nachbau NOS 9530680 Vw Scirocco\/1 Heckblech unten Nachbau NOS 9530680 Audi-Klaus -","robots":{"index":"index","follow":"follow","max-snippet":"max-snippet:-1","max-image-preview":"max-image-preview:large","max-video-preview":"max-video-preview:-1"},"canonical":"https:\/\/audi-klaus.at\/shop\/produkt\/vw-scirocco-1-heckblech-unten-nachbau-neu-9530680\/","og_locale":"de_DE","og_type":"article","og_title":"Vw Scirocco\/1 Heckblech unten Nachbau NOS 9530680 - Audi-Klaus","og_description":"Vw Scirocco\/1 Heckblech unten Nachbau NOS 9530680 Vw Scirocco\/1 Heckblech unten Nachbau NOS 9530680 Audi-Klaus -","og_url":"https:\/\/audi-klaus.at\/shop\/produkt\/vw-scirocco-1-heckblech-unten-nachbau-neu-9530680\/","og_site_name":"Audi-Klaus","article_publisher":"https:\/\/www.facebook.com\/audi.klaus.1312\/","article_modified_time":"2026-01-07T20:00:11+00:00","og_image":[{"width":480,"height":480,"url":"https:\/\/audi-klaus.at\/shop\/wp-content\/uploads\/2021\/12\/KB149-1-1.jpg","type":"image\/jpeg"}],"twitter_card":"summary_large_image","twitter_misc":{"Gesch\u00e4tzte Lesezeit":"1 Minute"},"schema":{"@context":"https:\/\/schema.org","@graph":[{"@type":"WebPage","@id":"https:\/\/audi-klaus.at\/shop\/produkt\/vw-scirocco-1-heckblech-unten-nachbau-neu-9530680\/","url":"https:\/\/audi-klaus.at\/shop\/produkt\/vw-scirocco-1-heckblech-unten-nachbau-neu-9530680\/","name":"Vw Scirocco\/1 Heckblech unten Nachbau NOS 9530680 - Audi-Klaus","isPartOf":{"@id":"https:\/\/audi-klaus.at\/shop\/#website"},"primaryImageOfPage":{"@id":"https:\/\/audi-klaus.at\/shop\/produkt\/vw-scirocco-1-heckblech-unten-nachbau-neu-9530680\/#primaryimage"},"image":{"@id":"https:\/\/audi-klaus.at\/shop\/produkt\/vw-scirocco-1-heckblech-unten-nachbau-neu-9530680\/#primaryimage"},"thumbnailUrl":"https:\/\/audi-klaus.at\/shop\/wp-content\/uploads\/2021\/12\/KB149-1-1.jpg","datePublished":"2021-12-16T16:14:50+00:00","dateModified":"2026-01-07T20:00:11+00:00","description":"Vw Scirocco\/1 Heckblech unten Nachbau NOS 9530680 Vw Scirocco\/1 Heckblech unten Nachbau NOS 9530680 Audi-Klaus -","breadcrumb":{"@id":"https:\/\/audi-klaus.at\/shop\/produkt\/vw-scirocco-1-heckblech-unten-nachbau-neu-9530680\/#breadcrumb"},"inLanguage":"de-AT","potentialAction":[{"@type":"ReadAction","target":["https:\/\/audi-klaus.at\/shop\/produkt\/vw-scirocco-1-heckblech-unten-nachbau-neu-9530680\/"]}]},{"@type":"ImageObject","inLanguage":"de-AT","@id":"https:\/\/audi-klaus.at\/shop\/produkt\/vw-scirocco-1-heckblech-unten-nachbau-neu-9530680\/#primaryimage","url":"https:\/\/audi-klaus.at\/shop\/wp-content\/uploads\/2021\/12\/KB149-1-1.jpg","contentUrl":"https:\/\/audi-klaus.at\/shop\/wp-content\/uploads\/2021\/12\/KB149-1-1.jpg","width":480,"height":480},{"@type":"BreadcrumbList","@id":"https:\/\/audi-klaus.at\/shop\/produkt\/vw-scirocco-1-heckblech-unten-nachbau-neu-9530680\/#breadcrumb","itemListElement":[{"@type":"ListItem","position":1,"name":"Startseite","item":"https:\/\/audi-klaus.at\/shop\/"},{"@type":"ListItem","position":2,"name":"Shop","item":"https:\/\/audi-klaus.at\/shop\/"},{"@type":"ListItem","position":3,"name":"Vw Scirocco\/1 Heckblech unten Nachbau NOS 9530680"}]},{"@type":"WebSite","@id":"https:\/\/audi-klaus.at\/shop\/#website","url":"https:\/\/audi-klaus.at\/shop\/","name":"Audi-Klaus","description":"Ihr Gebrauchtteile Spezialist f\u00fcr die Marken Audi, VW (VAG)","publisher":{"@id":"https:\/\/audi-klaus.at\/shop\/#organization"},"potentialAction":[{"@type":"SearchAction","target":{"@type":"EntryPoint","urlTemplate":"https:\/\/audi-klaus.at\/shop\/?s={search_term_string}"},"query-input":{"@type":"PropertyValueSpecification","valueRequired":true,"valueName":"search_term_string"}}],"inLanguage":"de-AT"},{"@type":"Organization","@id":"https:\/\/audi-klaus.at\/shop\/#organization","name":"Audi-Klaus","url":"https:\/\/audi-klaus.at\/shop\/","logo":{"@type":"ImageObject","inLanguage":"de-AT","@id":"https:\/\/audi-klaus.at\/shop\/#\/schema\/logo\/image\/","url":"https:\/\/audi-klaus.at\/shop\/wp-content\/uploads\/2024\/10\/Logo-Shop.webp","contentUrl":"https:\/\/audi-klaus.at\/shop\/wp-content\/uploads\/2024\/10\/Logo-Shop.webp","width":470,"height":164,"caption":"Audi-Klaus"},"image":{"@id":"https:\/\/audi-klaus.at\/shop\/#\/schema\/logo\/image\/"},"sameAs":["https:\/\/www.facebook.com\/audi.klaus.1312\/","https:\/\/www.instagram.com\/audi_klaus\/?igshid=1eca3qu2mdayg"]}]}},"_links":{"self":[{"href":"https:\/\/audi-klaus.at\/shop\/wp-json\/wp\/v2\/product\/9359","targetHints":{"allow":["GET"]}}],"collection":[{"href":"https:\/\/audi-klaus.at\/shop\/wp-json\/wp\/v2\/product"}],"about":[{"href":"https:\/\/audi-klaus.at\/shop\/wp-json\/wp\/v2\/types\/product"}],"wp:featuredmedia":[{"embeddable":true,"href":"https:\/\/audi-klaus.at\/shop\/wp-json\/wp\/v2\/media\/70659"}],"wp:attachment":[{"href":"https:\/\/audi-klaus.at\/shop\/wp-json\/wp\/v2\/media?parent=9359"}],"wp:term":[{"taxonomy":"product_brand","embeddable":true,"href":"https:\/\/audi-klaus.at\/shop\/wp-json\/wp\/v2\/product_brand?post=9359"},{"taxonomy":"product_cat","embeddable":true,"href":"https:\/\/audi-klaus.at\/shop\/wp-json\/wp\/v2\/product_cat?post=9359"},{"taxonomy":"product_tag","embeddable":true,"href":"https:\/\/audi-klaus.at\/shop\/wp-json\/wp\/v2\/product_tag?post=9359"}],"curies":[{"name":"wp","href":"https:\/\/api.w.org\/{rel}","templated":true}]}}