{"id":92329,"date":"2025-07-03T13:51:06","date_gmt":"2025-07-03T11:51:06","guid":{"rendered":"https:\/\/audi-klaus.at\/shop\/?post_type=product&#038;p=92329"},"modified":"2026-01-07T22:57:32","modified_gmt":"2026-01-07T21:57:32","slug":"vw-polo-86c-passat-32b-audi-80-b2-behaelter-fuer-bremsfluessigkeit-nos-321611307","status":"publish","type":"product","link":"https:\/\/audi-klaus.at\/shop\/produkt\/vw-polo-86c-passat-32b-audi-80-b2-behaelter-fuer-bremsfluessigkeit-nos-321611307\/","title":{"rendered":"Vw Polo\/86c\/Passat\/32B\/Audi 80\/B2 Beh\u00e4lter f\u00fcr Bremsfl\u00fcssigkeit NOS 321611307"},"content":{"rendered":"<h5 class=\"western\"><span style=\"color: #060606;\"><span style=\"font-family: Verdana, serif;\"><span style=\"font-size: small;\"><b>VAG Teilenummer<\/b><\/span><\/span><\/span><span style=\"color: #060606;\"><span style=\"font-family: Verdana, serif;\"><span style=\"font-size: small;\">: 321 611 307<\/span><\/span><\/span><\/h5>\n<h5 class=\"western\"><span style=\"color: #060606;\"><span style=\"font-family: Verdana, serif;\"><span style=\"font-size: small;\"><b>Zustand:<\/b><\/span><\/span><\/span><span style=\"color: #060606;\"><span style=\"font-family: Verdana, serif;\"><span style=\"font-size: small;\">\u00a0<\/span><\/span><\/span><span style=\"color: #060606;\"><span style=\"font-family: Verdana, serif;\"><span style=\"font-size: small;\"><span lang=\"de-DE\">NOS (kann Lagerspuren aufweisen)<\/span><\/span><\/span><\/span><\/h5>\n<h5 class=\"western\"><span style=\"color: #060606;\"><span style=\"font-family: Verdana, serif;\"><span style=\"font-size: small;\"><b>Lieferumfang:<\/b><\/span><\/span><\/span><span style=\"color: #060606;\"><span style=\"font-family: Verdana, serif;\"><span style=\"font-size: small;\">\u00a0wie in den Original-Abbildungen angegeben<\/span><\/span><\/span><\/h5>\n<h5 class=\"western\"><span style=\"color: #060606;\"><span style=\"font-family: Verdana, serif;\"><span style=\"font-size: small;\"><b>Hinweis:<\/b><\/span><\/span><\/span><span style=\"color: #060606;\"><span style=\"font-family: Verdana, serif;\"><span style=\"font-size: small;\">\u00a0Bitte \u00fcberpr\u00fcfen Sie vor dem Kauf anhand der eindeutigen Teilenummern, ob der Artikel zum Fahrzeug passt, um R\u00fccksendungen zu vermeiden! Trotz Angabe der entsprechenden Fahrzeugdaten ist eine eindeutige Zuordnung nur \u00fcber die Teilenummer m\u00f6glich! Die abgelesene Teilenummer ist die Teilenummer des Teils, welches geliefert wird. Die Originalteilnummer ist diejenige, die bei Neubestellung f\u00fcr dieses Teil gilt und der m\u00f6glicherweise abweichenden, gelieferten Teilenummer entspricht. <\/span><\/span><\/span><\/h5>\n<h5 class=\"western\"><span style=\"color: #060606;\"><span style=\"font-family: Verdana, serif;\"><span style=\"font-size: small;\"><span lang=\"de-DE\">Neu<\/span><\/span><\/span><\/span><span style=\"color: #060606;\"><span style=\"font-family: Verdana, serif;\"><span style=\"font-size: small;\"> mit Gebrauchsspuren in Form von Verunreinigungen\/ kleinen Kratzern m\u00f6glich. Die Ware wird ungereinigt geliefert.<\/span><\/span><\/span><\/h5>\n<h5 class=\"western\"><span style=\"color: #060606;\"><span style=\"font-family: Verdana, serif;\"><span style=\"font-size: small;\">Sollten weitere Fragen offen sein, kontaktieren Sie uns bitte unter<\/span><\/span><\/span><span style=\"color: #060606;\"><span style=\"font-family: Verdana, serif;\"><span style=\"font-size: small;\"><u>\u00a0<\/u><\/span><\/span><\/span><a href=\"mailto:office@audi-klaus.at\"><span style=\"color: #0000ff;\"><span style=\"font-family: Verdana, serif;\"><span style=\"font-size: small;\"><u>office@audi-klaus.at<\/u><\/span><\/span><\/span><\/a><\/h5>\n","protected":false},"excerpt":{"rendered":"<p class=\"western\"><strong><span style=\"color: #000000;\"><span style=\"font-family: Source Sans Pro, serif;\"><span style=\"font-size: x-large;\">Marke: Vw\/Audi<br \/>\nModell: Polo\/Passat\/80<br \/>\nTyp: 86c\/32B\/B2<\/span><\/span><\/span><\/strong><\/p>\n","protected":false},"featured_media":92254,"template":"","meta":[],"product_brand":[],"product_cat":[1230,1515,1645,32,78,80,218,1164,1172,1176,1216],"product_tag":[17539,33558],"class_list":{"0":"post-92329","1":"product","2":"type-product","3":"status-publish","4":"has-post-thumbnail","6":"product_cat-b2-32b-1980-1988","7":"product_cat-vorder-hinterachse-2-86c-1981-1990","8":"product_cat-vorder-hinterachse-b2-32b-1980-1988","9":"product_cat-audi","10":"product_cat-78","11":"product_cat-b2-typ81-85-78","12":"product_cat-vorder-hinterachse-b2-78","13":"product_cat-vw","14":"product_cat-polo","15":"product_cat-passat","16":"product_cat-2-86c-1981-1990","17":"product_tag-17539","18":"product_tag-b325","20":"first","21":"outofstock","22":"taxable","23":"shipping-taxable","24":"purchasable","25":"product-type-simple"},"yoast_head":"<!-- This site is optimized with the Yoast SEO plugin v27.3 - https:\/\/yoast.com\/product\/yoast-seo-wordpress\/ -->\n<title>Vw Polo\/86c\/Passat\/32B\/Audi 80\/B2 Beh\u00e4lter f\u00fcr Bremsfl\u00fcssigkeit NOS 321611307 - Audi-Klaus<\/title>\n<meta name=\"description\" content=\"Audi-Klaus Vw Polo\/86c\/Passat\/32B\/Audi 80\/B2 Beh\u00e4lter f\u00fcr Bremsfl\u00fcssigkeit NOS 321611307 Vw Polo\/86c\/Passat\/32B\/Audi 80\/B2 Beh\u00e4lter f\u00fcr Bremsfl\u00fcssigkeit NOS 321611307\" \/>\n<meta name=\"robots\" content=\"index, follow, max-snippet:-1, max-image-preview:large, max-video-preview:-1\" \/>\n<link rel=\"canonical\" href=\"https:\/\/audi-klaus.at\/shop\/produkt\/vw-polo-86c-passat-32b-audi-80-b2-behaelter-fuer-bremsfluessigkeit-nos-321611307\/\" \/>\n<meta property=\"og:locale\" content=\"de_DE\" \/>\n<meta property=\"og:type\" content=\"article\" \/>\n<meta property=\"og:title\" content=\"Vw Polo\/86c\/Passat\/32B\/Audi 80\/B2 Beh\u00e4lter f\u00fcr Bremsfl\u00fcssigkeit NOS 321611307 - Audi-Klaus\" \/>\n<meta property=\"og:description\" content=\"Audi-Klaus Vw Polo\/86c\/Passat\/32B\/Audi 80\/B2 Beh\u00e4lter f\u00fcr Bremsfl\u00fcssigkeit NOS 321611307 Vw Polo\/86c\/Passat\/32B\/Audi 80\/B2 Beh\u00e4lter f\u00fcr Bremsfl\u00fcssigkeit NOS 321611307\" \/>\n<meta property=\"og:url\" content=\"https:\/\/audi-klaus.at\/shop\/produkt\/vw-polo-86c-passat-32b-audi-80-b2-behaelter-fuer-bremsfluessigkeit-nos-321611307\/\" \/>\n<meta property=\"og:site_name\" content=\"Audi-Klaus\" \/>\n<meta property=\"article:publisher\" content=\"https:\/\/www.facebook.com\/audi.klaus.1312\/\" \/>\n<meta property=\"article:modified_time\" content=\"2026-01-07T21:57:32+00:00\" \/>\n<meta property=\"og:image\" content=\"https:\/\/audi-klaus.at\/shop\/wp-content\/uploads\/2025\/07\/B325-2.jpg\" \/>\n\t<meta property=\"og:image:width\" content=\"480\" \/>\n\t<meta property=\"og:image:height\" content=\"480\" \/>\n\t<meta property=\"og:image:type\" content=\"image\/jpeg\" \/>\n<meta name=\"twitter:card\" content=\"summary_large_image\" \/>\n<meta name=\"twitter:label1\" content=\"Gesch\u00e4tzte Lesezeit\" \/>\n\t<meta name=\"twitter:data1\" content=\"1 Minute\" \/>\n<script type=\"application\/ld+json\" class=\"yoast-schema-graph\">{\"@context\":\"https:\\\/\\\/schema.org\",\"@graph\":[{\"@type\":\"WebPage\",\"@id\":\"https:\\\/\\\/audi-klaus.at\\\/shop\\\/produkt\\\/vw-polo-86c-passat-32b-audi-80-b2-behaelter-fuer-bremsfluessigkeit-nos-321611307\\\/\",\"url\":\"https:\\\/\\\/audi-klaus.at\\\/shop\\\/produkt\\\/vw-polo-86c-passat-32b-audi-80-b2-behaelter-fuer-bremsfluessigkeit-nos-321611307\\\/\",\"name\":\"Vw Polo\\\/86c\\\/Passat\\\/32B\\\/Audi 80\\\/B2 Beh\u00e4lter f\u00fcr Bremsfl\u00fcssigkeit NOS 321611307 - Audi-Klaus\",\"isPartOf\":{\"@id\":\"https:\\\/\\\/audi-klaus.at\\\/shop\\\/#website\"},\"primaryImageOfPage\":{\"@id\":\"https:\\\/\\\/audi-klaus.at\\\/shop\\\/produkt\\\/vw-polo-86c-passat-32b-audi-80-b2-behaelter-fuer-bremsfluessigkeit-nos-321611307\\\/#primaryimage\"},\"image\":{\"@id\":\"https:\\\/\\\/audi-klaus.at\\\/shop\\\/produkt\\\/vw-polo-86c-passat-32b-audi-80-b2-behaelter-fuer-bremsfluessigkeit-nos-321611307\\\/#primaryimage\"},\"thumbnailUrl\":\"https:\\\/\\\/audi-klaus.at\\\/shop\\\/wp-content\\\/uploads\\\/2025\\\/07\\\/B325-2.jpg\",\"datePublished\":\"2025-07-03T11:51:06+00:00\",\"dateModified\":\"2026-01-07T21:57:32+00:00\",\"description\":\"Audi-Klaus Vw Polo\\\/86c\\\/Passat\\\/32B\\\/Audi 80\\\/B2 Beh\u00e4lter f\u00fcr Bremsfl\u00fcssigkeit NOS 321611307 Vw Polo\\\/86c\\\/Passat\\\/32B\\\/Audi 80\\\/B2 Beh\u00e4lter f\u00fcr Bremsfl\u00fcssigkeit NOS 321611307\",\"breadcrumb\":{\"@id\":\"https:\\\/\\\/audi-klaus.at\\\/shop\\\/produkt\\\/vw-polo-86c-passat-32b-audi-80-b2-behaelter-fuer-bremsfluessigkeit-nos-321611307\\\/#breadcrumb\"},\"inLanguage\":\"de-AT\",\"potentialAction\":[{\"@type\":\"ReadAction\",\"target\":[\"https:\\\/\\\/audi-klaus.at\\\/shop\\\/produkt\\\/vw-polo-86c-passat-32b-audi-80-b2-behaelter-fuer-bremsfluessigkeit-nos-321611307\\\/\"]}]},{\"@type\":\"ImageObject\",\"inLanguage\":\"de-AT\",\"@id\":\"https:\\\/\\\/audi-klaus.at\\\/shop\\\/produkt\\\/vw-polo-86c-passat-32b-audi-80-b2-behaelter-fuer-bremsfluessigkeit-nos-321611307\\\/#primaryimage\",\"url\":\"https:\\\/\\\/audi-klaus.at\\\/shop\\\/wp-content\\\/uploads\\\/2025\\\/07\\\/B325-2.jpg\",\"contentUrl\":\"https:\\\/\\\/audi-klaus.at\\\/shop\\\/wp-content\\\/uploads\\\/2025\\\/07\\\/B325-2.jpg\",\"width\":480,\"height\":480},{\"@type\":\"BreadcrumbList\",\"@id\":\"https:\\\/\\\/audi-klaus.at\\\/shop\\\/produkt\\\/vw-polo-86c-passat-32b-audi-80-b2-behaelter-fuer-bremsfluessigkeit-nos-321611307\\\/#breadcrumb\",\"itemListElement\":[{\"@type\":\"ListItem\",\"position\":1,\"name\":\"Startseite\",\"item\":\"https:\\\/\\\/audi-klaus.at\\\/shop\\\/\"},{\"@type\":\"ListItem\",\"position\":2,\"name\":\"Shop\",\"item\":\"https:\\\/\\\/audi-klaus.at\\\/shop\\\/\"},{\"@type\":\"ListItem\",\"position\":3,\"name\":\"Vw Polo\\\/86c\\\/Passat\\\/32B\\\/Audi 80\\\/B2 Beh\u00e4lter f\u00fcr Bremsfl\u00fcssigkeit NOS 321611307\"}]},{\"@type\":\"WebSite\",\"@id\":\"https:\\\/\\\/audi-klaus.at\\\/shop\\\/#website\",\"url\":\"https:\\\/\\\/audi-klaus.at\\\/shop\\\/\",\"name\":\"Audi-Klaus\",\"description\":\"Ihr Gebrauchtteile Spezialist f\u00fcr die Marken Audi, VW (VAG)\",\"publisher\":{\"@id\":\"https:\\\/\\\/audi-klaus.at\\\/shop\\\/#organization\"},\"potentialAction\":[{\"@type\":\"SearchAction\",\"target\":{\"@type\":\"EntryPoint\",\"urlTemplate\":\"https:\\\/\\\/audi-klaus.at\\\/shop\\\/?s={search_term_string}\"},\"query-input\":{\"@type\":\"PropertyValueSpecification\",\"valueRequired\":true,\"valueName\":\"search_term_string\"}}],\"inLanguage\":\"de-AT\"},{\"@type\":\"Organization\",\"@id\":\"https:\\\/\\\/audi-klaus.at\\\/shop\\\/#organization\",\"name\":\"Audi-Klaus\",\"url\":\"https:\\\/\\\/audi-klaus.at\\\/shop\\\/\",\"logo\":{\"@type\":\"ImageObject\",\"inLanguage\":\"de-AT\",\"@id\":\"https:\\\/\\\/audi-klaus.at\\\/shop\\\/#\\\/schema\\\/logo\\\/image\\\/\",\"url\":\"https:\\\/\\\/audi-klaus.at\\\/shop\\\/wp-content\\\/uploads\\\/2024\\\/10\\\/Logo-Shop.webp\",\"contentUrl\":\"https:\\\/\\\/audi-klaus.at\\\/shop\\\/wp-content\\\/uploads\\\/2024\\\/10\\\/Logo-Shop.webp\",\"width\":470,\"height\":164,\"caption\":\"Audi-Klaus\"},\"image\":{\"@id\":\"https:\\\/\\\/audi-klaus.at\\\/shop\\\/#\\\/schema\\\/logo\\\/image\\\/\"},\"sameAs\":[\"https:\\\/\\\/www.facebook.com\\\/audi.klaus.1312\\\/\",\"https:\\\/\\\/www.instagram.com\\\/audi_klaus\\\/?igshid=1eca3qu2mdayg\"]}]}<\/script>\n<!-- \/ Yoast SEO plugin. -->","yoast_head_json":{"title":"Vw Polo\/86c\/Passat\/32B\/Audi 80\/B2 Beh\u00e4lter f\u00fcr Bremsfl\u00fcssigkeit NOS 321611307 - Audi-Klaus","description":"Audi-Klaus Vw Polo\/86c\/Passat\/32B\/Audi 80\/B2 Beh\u00e4lter f\u00fcr Bremsfl\u00fcssigkeit NOS 321611307 Vw Polo\/86c\/Passat\/32B\/Audi 80\/B2 Beh\u00e4lter f\u00fcr Bremsfl\u00fcssigkeit NOS 321611307","robots":{"index":"index","follow":"follow","max-snippet":"max-snippet:-1","max-image-preview":"max-image-preview:large","max-video-preview":"max-video-preview:-1"},"canonical":"https:\/\/audi-klaus.at\/shop\/produkt\/vw-polo-86c-passat-32b-audi-80-b2-behaelter-fuer-bremsfluessigkeit-nos-321611307\/","og_locale":"de_DE","og_type":"article","og_title":"Vw Polo\/86c\/Passat\/32B\/Audi 80\/B2 Beh\u00e4lter f\u00fcr Bremsfl\u00fcssigkeit NOS 321611307 - Audi-Klaus","og_description":"Audi-Klaus Vw Polo\/86c\/Passat\/32B\/Audi 80\/B2 Beh\u00e4lter f\u00fcr Bremsfl\u00fcssigkeit NOS 321611307 Vw Polo\/86c\/Passat\/32B\/Audi 80\/B2 Beh\u00e4lter f\u00fcr Bremsfl\u00fcssigkeit NOS 321611307","og_url":"https:\/\/audi-klaus.at\/shop\/produkt\/vw-polo-86c-passat-32b-audi-80-b2-behaelter-fuer-bremsfluessigkeit-nos-321611307\/","og_site_name":"Audi-Klaus","article_publisher":"https:\/\/www.facebook.com\/audi.klaus.1312\/","article_modified_time":"2026-01-07T21:57:32+00:00","og_image":[{"width":480,"height":480,"url":"https:\/\/audi-klaus.at\/shop\/wp-content\/uploads\/2025\/07\/B325-2.jpg","type":"image\/jpeg"}],"twitter_card":"summary_large_image","twitter_misc":{"Gesch\u00e4tzte Lesezeit":"1 Minute"},"schema":{"@context":"https:\/\/schema.org","@graph":[{"@type":"WebPage","@id":"https:\/\/audi-klaus.at\/shop\/produkt\/vw-polo-86c-passat-32b-audi-80-b2-behaelter-fuer-bremsfluessigkeit-nos-321611307\/","url":"https:\/\/audi-klaus.at\/shop\/produkt\/vw-polo-86c-passat-32b-audi-80-b2-behaelter-fuer-bremsfluessigkeit-nos-321611307\/","name":"Vw Polo\/86c\/Passat\/32B\/Audi 80\/B2 Beh\u00e4lter f\u00fcr Bremsfl\u00fcssigkeit NOS 321611307 - Audi-Klaus","isPartOf":{"@id":"https:\/\/audi-klaus.at\/shop\/#website"},"primaryImageOfPage":{"@id":"https:\/\/audi-klaus.at\/shop\/produkt\/vw-polo-86c-passat-32b-audi-80-b2-behaelter-fuer-bremsfluessigkeit-nos-321611307\/#primaryimage"},"image":{"@id":"https:\/\/audi-klaus.at\/shop\/produkt\/vw-polo-86c-passat-32b-audi-80-b2-behaelter-fuer-bremsfluessigkeit-nos-321611307\/#primaryimage"},"thumbnailUrl":"https:\/\/audi-klaus.at\/shop\/wp-content\/uploads\/2025\/07\/B325-2.jpg","datePublished":"2025-07-03T11:51:06+00:00","dateModified":"2026-01-07T21:57:32+00:00","description":"Audi-Klaus Vw Polo\/86c\/Passat\/32B\/Audi 80\/B2 Beh\u00e4lter f\u00fcr Bremsfl\u00fcssigkeit NOS 321611307 Vw Polo\/86c\/Passat\/32B\/Audi 80\/B2 Beh\u00e4lter f\u00fcr Bremsfl\u00fcssigkeit NOS 321611307","breadcrumb":{"@id":"https:\/\/audi-klaus.at\/shop\/produkt\/vw-polo-86c-passat-32b-audi-80-b2-behaelter-fuer-bremsfluessigkeit-nos-321611307\/#breadcrumb"},"inLanguage":"de-AT","potentialAction":[{"@type":"ReadAction","target":["https:\/\/audi-klaus.at\/shop\/produkt\/vw-polo-86c-passat-32b-audi-80-b2-behaelter-fuer-bremsfluessigkeit-nos-321611307\/"]}]},{"@type":"ImageObject","inLanguage":"de-AT","@id":"https:\/\/audi-klaus.at\/shop\/produkt\/vw-polo-86c-passat-32b-audi-80-b2-behaelter-fuer-bremsfluessigkeit-nos-321611307\/#primaryimage","url":"https:\/\/audi-klaus.at\/shop\/wp-content\/uploads\/2025\/07\/B325-2.jpg","contentUrl":"https:\/\/audi-klaus.at\/shop\/wp-content\/uploads\/2025\/07\/B325-2.jpg","width":480,"height":480},{"@type":"BreadcrumbList","@id":"https:\/\/audi-klaus.at\/shop\/produkt\/vw-polo-86c-passat-32b-audi-80-b2-behaelter-fuer-bremsfluessigkeit-nos-321611307\/#breadcrumb","itemListElement":[{"@type":"ListItem","position":1,"name":"Startseite","item":"https:\/\/audi-klaus.at\/shop\/"},{"@type":"ListItem","position":2,"name":"Shop","item":"https:\/\/audi-klaus.at\/shop\/"},{"@type":"ListItem","position":3,"name":"Vw Polo\/86c\/Passat\/32B\/Audi 80\/B2 Beh\u00e4lter f\u00fcr Bremsfl\u00fcssigkeit NOS 321611307"}]},{"@type":"WebSite","@id":"https:\/\/audi-klaus.at\/shop\/#website","url":"https:\/\/audi-klaus.at\/shop\/","name":"Audi-Klaus","description":"Ihr Gebrauchtteile Spezialist f\u00fcr die Marken Audi, VW (VAG)","publisher":{"@id":"https:\/\/audi-klaus.at\/shop\/#organization"},"potentialAction":[{"@type":"SearchAction","target":{"@type":"EntryPoint","urlTemplate":"https:\/\/audi-klaus.at\/shop\/?s={search_term_string}"},"query-input":{"@type":"PropertyValueSpecification","valueRequired":true,"valueName":"search_term_string"}}],"inLanguage":"de-AT"},{"@type":"Organization","@id":"https:\/\/audi-klaus.at\/shop\/#organization","name":"Audi-Klaus","url":"https:\/\/audi-klaus.at\/shop\/","logo":{"@type":"ImageObject","inLanguage":"de-AT","@id":"https:\/\/audi-klaus.at\/shop\/#\/schema\/logo\/image\/","url":"https:\/\/audi-klaus.at\/shop\/wp-content\/uploads\/2024\/10\/Logo-Shop.webp","contentUrl":"https:\/\/audi-klaus.at\/shop\/wp-content\/uploads\/2024\/10\/Logo-Shop.webp","width":470,"height":164,"caption":"Audi-Klaus"},"image":{"@id":"https:\/\/audi-klaus.at\/shop\/#\/schema\/logo\/image\/"},"sameAs":["https:\/\/www.facebook.com\/audi.klaus.1312\/","https:\/\/www.instagram.com\/audi_klaus\/?igshid=1eca3qu2mdayg"]}]}},"_links":{"self":[{"href":"https:\/\/audi-klaus.at\/shop\/wp-json\/wp\/v2\/product\/92329","targetHints":{"allow":["GET"]}}],"collection":[{"href":"https:\/\/audi-klaus.at\/shop\/wp-json\/wp\/v2\/product"}],"about":[{"href":"https:\/\/audi-klaus.at\/shop\/wp-json\/wp\/v2\/types\/product"}],"wp:featuredmedia":[{"embeddable":true,"href":"https:\/\/audi-klaus.at\/shop\/wp-json\/wp\/v2\/media\/92254"}],"wp:attachment":[{"href":"https:\/\/audi-klaus.at\/shop\/wp-json\/wp\/v2\/media?parent=92329"}],"wp:term":[{"taxonomy":"product_brand","embeddable":true,"href":"https:\/\/audi-klaus.at\/shop\/wp-json\/wp\/v2\/product_brand?post=92329"},{"taxonomy":"product_cat","embeddable":true,"href":"https:\/\/audi-klaus.at\/shop\/wp-json\/wp\/v2\/product_cat?post=92329"},{"taxonomy":"product_tag","embeddable":true,"href":"https:\/\/audi-klaus.at\/shop\/wp-json\/wp\/v2\/product_tag?post=92329"}],"curies":[{"name":"wp","href":"https:\/\/api.w.org\/{rel}","templated":true}]}}