{"id":90522,"date":"2025-05-13T16:10:46","date_gmt":"2025-05-13T14:10:46","guid":{"rendered":"https:\/\/audi-klaus.at\/shop\/?post_type=product&#038;p=90522"},"modified":"2026-01-07T22:57:03","modified_gmt":"2026-01-07T21:57:03","slug":"audi-a4-8e-b6-tieferlegungsfeder-sportfedern-fahrwerksfedern-25mm-nos-nothelle-25810044","status":"publish","type":"product","link":"https:\/\/audi-klaus.at\/shop\/produkt\/audi-a4-8e-b6-tieferlegungsfeder-sportfedern-fahrwerksfedern-25mm-nos-nothelle-25810044\/","title":{"rendered":"Audi A4\/8E\/B6 Tieferlegungsfeder\/Sportfedern\/Fahrwerksfedern 25mm NOS Nothelle 25810044"},"content":{"rendered":"<h6 class=\"western\"><span style=\"color: #060606;\"><span style=\"font-family: Verdana, serif;\"><span style=\"font-size: small;\"><b>0Zustand:<\/b><\/span><\/span><\/span><span style=\"color: #060606;\"><span style=\"font-family: Verdana, serif;\"><span style=\"font-size: small;\">\u00a0<\/span><\/span><\/span><span style=\"color: #060606;\"><span style=\"font-family: Verdana, serif;\"><span style=\"font-size: small;\"><span lang=\"de-DE\">NOS (kann Lagerspuren aufweisen)<\/span><\/span><\/span><\/span><\/h6>\n<h6 class=\"western\"><span style=\"color: #060606;\"><span style=\"font-family: Verdana, serif;\"><span style=\"font-size: small;\"><b>Lieferumfang:<\/b><\/span><\/span><\/span><span style=\"color: #060606;\"><span style=\"font-family: Verdana, serif;\"><span style=\"font-size: small;\">\u00a0wie in den Original-Abbildungen angegeben<\/span><\/span><\/span><\/h6>\n<h6 class=\"western\"><span style=\"color: #060606;\"><span style=\"font-family: Verdana, serif;\"><span style=\"font-size: small;\"><b>Hinweis:<\/b><\/span><\/span><\/span><span style=\"color: #060606;\"><span style=\"font-family: Verdana, serif;\"><span style=\"font-size: small;\">\u00a0Bitte \u00fcberpr\u00fcfen Sie vor dem Kauf anhand der eindeutigen Teilenummern, ob der Artikel zum Fahrzeug passt, um R\u00fccksendungen zu vermeiden! Trotz Angabe der entsprechenden Fahrzeugdaten ist eine eindeutige Zuordnung nur \u00fcber die Teilenummer m\u00f6glich! Die abgelesene Teilenummer ist die Teilenummer des Teils, welches geliefert wird. Die Originalteilnummer ist diejenige, die bei Neubestellung f\u00fcr dieses Teil gilt und der m\u00f6glicherweise abweichenden, gelieferten Teilenummer entspricht. <\/span><\/span><\/span><\/h6>\n<h6 class=\"western\"><span style=\"color: #060606;\"><span style=\"font-family: Verdana, serif;\"><span style=\"font-size: small;\"><span lang=\"de-DE\">Neu<\/span><\/span><\/span><\/span><span style=\"color: #060606;\"><span style=\"font-family: Verdana, serif;\"><span style=\"font-size: small;\"> mit Gebrauchsspuren in Form von Verunreinigungen\/ kleinen Kratzern m\u00f6glich. Die Ware wird ungereinigt geliefert.<\/span><\/span><\/span><\/h6>\n<h6 class=\"western\"><span style=\"color: #060606;\"><span style=\"font-family: Verdana, serif;\"><span style=\"font-size: small;\">Sollten weitere Fragen offen sein, kontaktieren Sie uns bitte unter<\/span><\/span><\/span><span style=\"color: #060606;\"><span style=\"font-family: Verdana, serif;\"><span style=\"font-size: small;\"><u>\u00a0<\/u><\/span><\/span><\/span><a href=\"mailto:office@audi-klaus.at\"><span style=\"color: #0000ff;\"><span style=\"font-family: Verdana, serif;\"><span style=\"font-size: small;\"><u>office@audi-klaus.at<\/u><\/span><\/span><\/span><\/a><\/h6>\n","protected":false},"excerpt":{"rendered":"<h6 class=\"western\"><strong><span style=\"color: #000000;\"><span style=\"font-family: Source Sans Pro, serif;\"><span style=\"font-size: x-large;\">Marke: Audi<br \/>\nModell: A4<br \/>\nTyp: 8E\/B6<\/span><\/span><\/span><\/strong><\/h6>\n<h6 class=\"western\"><strong><span style=\"color: #000000;\"><span style=\"font-family: Source Sans Pro, serif;\"><span style=\"font-size: x-large;\">Motor: 4 oder 6 Zylinder Otto oder Diesel Motor<\/span><\/span><\/span><\/strong><\/h6>\n<h6 class=\"western\"><strong><span style=\"color: #000000;\"><span style=\"font-family: Source Sans Pro, serif;\"><span style=\"font-size: x-large;\">Hersteller: KW automotive GmbH,Nothelle <\/span><\/span><\/span><\/strong><\/h6>\n<h6 class=\"western\"><strong><span style=\"color: #000000;\"><span style=\"font-family: Source Sans Pro, serif;\"><span style=\"font-size: x-large;\">Tieferlegung VA\/HA : 25mm <\/span><\/span><\/span><\/strong><\/h6>\n<h6 class=\"western\"><strong><span style=\"color: #000000;\"><span style=\"font-family: Source Sans Pro, serif;\"><span style=\"font-size: x-large;\">Zulassung: Teilegutachten (\u00a7 19.3) <\/span><\/span><\/span><\/strong><\/h6>\n<h6 class=\"western\"><strong><span style=\"color: #000000;\"><span style=\"font-family: Source Sans Pro, serif;\"><span style=\"font-size: x-large;\">Antrieb: nur Avant mit Frontantrieb oder Limousine Quattro<\/span><\/span><\/span><\/strong><\/h6>\n<h6 class=\"western\"><strong><span style=\"color: #000000;\"><span style=\"font-family: Source Sans Pro, serif;\"><span style=\"font-size: x-large;\">Achslast VA: -1165kg <\/span><\/span><\/span><\/strong><\/h6>\n<h6 class=\"western\"><strong><span style=\"color: #000000;\"><span style=\"font-family: Source Sans Pro, serif;\"><span style=\"font-size: x-large;\">Achslast HA : -1130kg <\/span><\/span><\/span><\/strong><\/h6>\n<h6 class=\"western\"><strong><span style=\"color: #000000;\"><span style=\"font-family: Source Sans Pro, serif;\"><span style=\"font-size: x-large;\">Lieferumfang: Set VA+HA (4 st\u00fcck)\u00a0<\/span><\/span><\/span><\/strong><\/h6>\n<dl class=\"ux-labels-values ux-labels-values--inline col-6 ux-labels-values--tieferlegungHinterachse(mm)\" data-testid=\"ux-labels-values\">\n<dd class=\"ux-labels-values__values\">\n<div class=\"ux-labels-values__values-content\"><\/div>\n<\/dd>\n<\/dl>\n","protected":false},"featured_media":90525,"template":"","meta":[],"product_brand":[],"product_cat":[32,370,498,518],"product_tag":[32928,32929],"class_list":{"0":"post-90522","1":"product","2":"type-product","3":"status-publish","4":"has-post-thumbnail","6":"product_cat-audi","7":"product_cat-a4","8":"product_cat-b6-2000-2004","9":"product_cat-vorder-hinterachse-b6-2000-2004","10":"product_tag-l473","11":"product_tag-32929","13":"first","14":"instock","15":"taxable","16":"shipping-taxable","17":"purchasable","18":"product-type-simple"},"yoast_head":"<!-- This site is optimized with the Yoast SEO plugin v27.5 - https:\/\/yoast.com\/product\/yoast-seo-wordpress\/ -->\n<title>Audi A4\/8E\/B6 Tieferlegungsfeder\/Sportfedern\/Fahrwerksfedern 25mm NOS Nothelle 25810044 - Audi-Klaus<\/title>\n<meta name=\"description\" content=\"Audi A4\/8E\/B6 Tieferlegungsfeder\/Sportfedern\/Fahrwerksfedern 25mm NOS Nothelle 25810044 Audi-Klaus Audi-Klaus Audi A4\/8E\/B6 Tieferlegungsfeder\/Sportfedern\/Fahrwerksfedern 25mm NOS Nothelle 25810044 - Audi-Klaus\" \/>\n<meta name=\"robots\" content=\"index, follow, max-snippet:-1, max-image-preview:large, max-video-preview:-1\" \/>\n<link rel=\"canonical\" href=\"https:\/\/audi-klaus.at\/shop\/produkt\/audi-a4-8e-b6-tieferlegungsfeder-sportfedern-fahrwerksfedern-25mm-nos-nothelle-25810044\/\" \/>\n<meta property=\"og:locale\" content=\"de_DE\" \/>\n<meta property=\"og:type\" content=\"article\" \/>\n<meta property=\"og:title\" content=\"Audi A4\/8E\/B6 Tieferlegungsfeder\/Sportfedern\/Fahrwerksfedern 25mm NOS Nothelle 25810044 - Audi-Klaus\" \/>\n<meta property=\"og:description\" content=\"Audi A4\/8E\/B6 Tieferlegungsfeder\/Sportfedern\/Fahrwerksfedern 25mm NOS Nothelle 25810044 Audi-Klaus Audi-Klaus Audi A4\/8E\/B6 Tieferlegungsfeder\/Sportfedern\/Fahrwerksfedern 25mm NOS Nothelle 25810044 - Audi-Klaus\" \/>\n<meta property=\"og:url\" content=\"https:\/\/audi-klaus.at\/shop\/produkt\/audi-a4-8e-b6-tieferlegungsfeder-sportfedern-fahrwerksfedern-25mm-nos-nothelle-25810044\/\" \/>\n<meta property=\"og:site_name\" content=\"Audi-Klaus\" \/>\n<meta property=\"article:publisher\" content=\"https:\/\/www.facebook.com\/audi.klaus.1312\/\" \/>\n<meta property=\"article:modified_time\" content=\"2026-01-07T21:57:03+00:00\" \/>\n<meta property=\"og:image\" content=\"https:\/\/audi-klaus.at\/shop\/wp-content\/uploads\/2025\/05\/L474-2.jpg\" \/>\n\t<meta property=\"og:image:width\" content=\"480\" \/>\n\t<meta property=\"og:image:height\" content=\"480\" \/>\n\t<meta property=\"og:image:type\" content=\"image\/jpeg\" \/>\n<meta name=\"twitter:card\" content=\"summary_large_image\" \/>\n<meta name=\"twitter:label1\" content=\"Gesch\u00e4tzte Lesezeit\" \/>\n\t<meta name=\"twitter:data1\" content=\"1 Minute\" \/>\n<script type=\"application\/ld+json\" class=\"yoast-schema-graph\">{\"@context\":\"https:\\\/\\\/schema.org\",\"@graph\":[{\"@type\":\"WebPage\",\"@id\":\"https:\\\/\\\/audi-klaus.at\\\/shop\\\/produkt\\\/audi-a4-8e-b6-tieferlegungsfeder-sportfedern-fahrwerksfedern-25mm-nos-nothelle-25810044\\\/\",\"url\":\"https:\\\/\\\/audi-klaus.at\\\/shop\\\/produkt\\\/audi-a4-8e-b6-tieferlegungsfeder-sportfedern-fahrwerksfedern-25mm-nos-nothelle-25810044\\\/\",\"name\":\"Audi A4\\\/8E\\\/B6 Tieferlegungsfeder\\\/Sportfedern\\\/Fahrwerksfedern 25mm NOS Nothelle 25810044 - Audi-Klaus\",\"isPartOf\":{\"@id\":\"https:\\\/\\\/audi-klaus.at\\\/shop\\\/#website\"},\"primaryImageOfPage\":{\"@id\":\"https:\\\/\\\/audi-klaus.at\\\/shop\\\/produkt\\\/audi-a4-8e-b6-tieferlegungsfeder-sportfedern-fahrwerksfedern-25mm-nos-nothelle-25810044\\\/#primaryimage\"},\"image\":{\"@id\":\"https:\\\/\\\/audi-klaus.at\\\/shop\\\/produkt\\\/audi-a4-8e-b6-tieferlegungsfeder-sportfedern-fahrwerksfedern-25mm-nos-nothelle-25810044\\\/#primaryimage\"},\"thumbnailUrl\":\"https:\\\/\\\/audi-klaus.at\\\/shop\\\/wp-content\\\/uploads\\\/2025\\\/05\\\/L474-2.jpg\",\"datePublished\":\"2025-05-13T14:10:46+00:00\",\"dateModified\":\"2026-01-07T21:57:03+00:00\",\"description\":\"Audi A4\\\/8E\\\/B6 Tieferlegungsfeder\\\/Sportfedern\\\/Fahrwerksfedern 25mm NOS Nothelle 25810044 Audi-Klaus Audi-Klaus Audi A4\\\/8E\\\/B6 Tieferlegungsfeder\\\/Sportfedern\\\/Fahrwerksfedern 25mm NOS Nothelle 25810044 - Audi-Klaus\",\"breadcrumb\":{\"@id\":\"https:\\\/\\\/audi-klaus.at\\\/shop\\\/produkt\\\/audi-a4-8e-b6-tieferlegungsfeder-sportfedern-fahrwerksfedern-25mm-nos-nothelle-25810044\\\/#breadcrumb\"},\"inLanguage\":\"de-AT\",\"potentialAction\":[{\"@type\":\"ReadAction\",\"target\":[\"https:\\\/\\\/audi-klaus.at\\\/shop\\\/produkt\\\/audi-a4-8e-b6-tieferlegungsfeder-sportfedern-fahrwerksfedern-25mm-nos-nothelle-25810044\\\/\"]}]},{\"@type\":\"ImageObject\",\"inLanguage\":\"de-AT\",\"@id\":\"https:\\\/\\\/audi-klaus.at\\\/shop\\\/produkt\\\/audi-a4-8e-b6-tieferlegungsfeder-sportfedern-fahrwerksfedern-25mm-nos-nothelle-25810044\\\/#primaryimage\",\"url\":\"https:\\\/\\\/audi-klaus.at\\\/shop\\\/wp-content\\\/uploads\\\/2025\\\/05\\\/L474-2.jpg\",\"contentUrl\":\"https:\\\/\\\/audi-klaus.at\\\/shop\\\/wp-content\\\/uploads\\\/2025\\\/05\\\/L474-2.jpg\",\"width\":480,\"height\":480},{\"@type\":\"BreadcrumbList\",\"@id\":\"https:\\\/\\\/audi-klaus.at\\\/shop\\\/produkt\\\/audi-a4-8e-b6-tieferlegungsfeder-sportfedern-fahrwerksfedern-25mm-nos-nothelle-25810044\\\/#breadcrumb\",\"itemListElement\":[{\"@type\":\"ListItem\",\"position\":1,\"name\":\"Startseite\",\"item\":\"https:\\\/\\\/audi-klaus.at\\\/shop\\\/\"},{\"@type\":\"ListItem\",\"position\":2,\"name\":\"Shop\",\"item\":\"https:\\\/\\\/audi-klaus.at\\\/shop\\\/\"},{\"@type\":\"ListItem\",\"position\":3,\"name\":\"Audi A4\\\/8E\\\/B6 Tieferlegungsfeder\\\/Sportfedern\\\/Fahrwerksfedern 25mm NOS Nothelle 25810044\"}]},{\"@type\":\"WebSite\",\"@id\":\"https:\\\/\\\/audi-klaus.at\\\/shop\\\/#website\",\"url\":\"https:\\\/\\\/audi-klaus.at\\\/shop\\\/\",\"name\":\"Audi-Klaus\",\"description\":\"Ihr Gebrauchtteile Spezialist f\u00fcr die Marken Audi, VW (VAG)\",\"publisher\":{\"@id\":\"https:\\\/\\\/audi-klaus.at\\\/shop\\\/#organization\"},\"potentialAction\":[{\"@type\":\"SearchAction\",\"target\":{\"@type\":\"EntryPoint\",\"urlTemplate\":\"https:\\\/\\\/audi-klaus.at\\\/shop\\\/?s={search_term_string}\"},\"query-input\":{\"@type\":\"PropertyValueSpecification\",\"valueRequired\":true,\"valueName\":\"search_term_string\"}}],\"inLanguage\":\"de-AT\"},{\"@type\":\"Organization\",\"@id\":\"https:\\\/\\\/audi-klaus.at\\\/shop\\\/#organization\",\"name\":\"Audi-Klaus\",\"url\":\"https:\\\/\\\/audi-klaus.at\\\/shop\\\/\",\"logo\":{\"@type\":\"ImageObject\",\"inLanguage\":\"de-AT\",\"@id\":\"https:\\\/\\\/audi-klaus.at\\\/shop\\\/#\\\/schema\\\/logo\\\/image\\\/\",\"url\":\"https:\\\/\\\/audi-klaus.at\\\/shop\\\/wp-content\\\/uploads\\\/2024\\\/10\\\/Logo-Shop.webp\",\"contentUrl\":\"https:\\\/\\\/audi-klaus.at\\\/shop\\\/wp-content\\\/uploads\\\/2024\\\/10\\\/Logo-Shop.webp\",\"width\":470,\"height\":164,\"caption\":\"Audi-Klaus\"},\"image\":{\"@id\":\"https:\\\/\\\/audi-klaus.at\\\/shop\\\/#\\\/schema\\\/logo\\\/image\\\/\"},\"sameAs\":[\"https:\\\/\\\/www.facebook.com\\\/audi.klaus.1312\\\/\",\"https:\\\/\\\/www.instagram.com\\\/audi_klaus\\\/?igshid=1eca3qu2mdayg\"]}]}<\/script>\n<!-- \/ Yoast SEO plugin. -->","yoast_head_json":{"title":"Audi A4\/8E\/B6 Tieferlegungsfeder\/Sportfedern\/Fahrwerksfedern 25mm NOS Nothelle 25810044 - Audi-Klaus","description":"Audi A4\/8E\/B6 Tieferlegungsfeder\/Sportfedern\/Fahrwerksfedern 25mm NOS Nothelle 25810044 Audi-Klaus Audi-Klaus Audi A4\/8E\/B6 Tieferlegungsfeder\/Sportfedern\/Fahrwerksfedern 25mm NOS Nothelle 25810044 - Audi-Klaus","robots":{"index":"index","follow":"follow","max-snippet":"max-snippet:-1","max-image-preview":"max-image-preview:large","max-video-preview":"max-video-preview:-1"},"canonical":"https:\/\/audi-klaus.at\/shop\/produkt\/audi-a4-8e-b6-tieferlegungsfeder-sportfedern-fahrwerksfedern-25mm-nos-nothelle-25810044\/","og_locale":"de_DE","og_type":"article","og_title":"Audi A4\/8E\/B6 Tieferlegungsfeder\/Sportfedern\/Fahrwerksfedern 25mm NOS Nothelle 25810044 - Audi-Klaus","og_description":"Audi A4\/8E\/B6 Tieferlegungsfeder\/Sportfedern\/Fahrwerksfedern 25mm NOS Nothelle 25810044 Audi-Klaus Audi-Klaus Audi A4\/8E\/B6 Tieferlegungsfeder\/Sportfedern\/Fahrwerksfedern 25mm NOS Nothelle 25810044 - Audi-Klaus","og_url":"https:\/\/audi-klaus.at\/shop\/produkt\/audi-a4-8e-b6-tieferlegungsfeder-sportfedern-fahrwerksfedern-25mm-nos-nothelle-25810044\/","og_site_name":"Audi-Klaus","article_publisher":"https:\/\/www.facebook.com\/audi.klaus.1312\/","article_modified_time":"2026-01-07T21:57:03+00:00","og_image":[{"width":480,"height":480,"url":"https:\/\/audi-klaus.at\/shop\/wp-content\/uploads\/2025\/05\/L474-2.jpg","type":"image\/jpeg"}],"twitter_card":"summary_large_image","twitter_misc":{"Gesch\u00e4tzte Lesezeit":"1 Minute"},"schema":{"@context":"https:\/\/schema.org","@graph":[{"@type":"WebPage","@id":"https:\/\/audi-klaus.at\/shop\/produkt\/audi-a4-8e-b6-tieferlegungsfeder-sportfedern-fahrwerksfedern-25mm-nos-nothelle-25810044\/","url":"https:\/\/audi-klaus.at\/shop\/produkt\/audi-a4-8e-b6-tieferlegungsfeder-sportfedern-fahrwerksfedern-25mm-nos-nothelle-25810044\/","name":"Audi A4\/8E\/B6 Tieferlegungsfeder\/Sportfedern\/Fahrwerksfedern 25mm NOS Nothelle 25810044 - Audi-Klaus","isPartOf":{"@id":"https:\/\/audi-klaus.at\/shop\/#website"},"primaryImageOfPage":{"@id":"https:\/\/audi-klaus.at\/shop\/produkt\/audi-a4-8e-b6-tieferlegungsfeder-sportfedern-fahrwerksfedern-25mm-nos-nothelle-25810044\/#primaryimage"},"image":{"@id":"https:\/\/audi-klaus.at\/shop\/produkt\/audi-a4-8e-b6-tieferlegungsfeder-sportfedern-fahrwerksfedern-25mm-nos-nothelle-25810044\/#primaryimage"},"thumbnailUrl":"https:\/\/audi-klaus.at\/shop\/wp-content\/uploads\/2025\/05\/L474-2.jpg","datePublished":"2025-05-13T14:10:46+00:00","dateModified":"2026-01-07T21:57:03+00:00","description":"Audi A4\/8E\/B6 Tieferlegungsfeder\/Sportfedern\/Fahrwerksfedern 25mm NOS Nothelle 25810044 Audi-Klaus Audi-Klaus Audi A4\/8E\/B6 Tieferlegungsfeder\/Sportfedern\/Fahrwerksfedern 25mm NOS Nothelle 25810044 - Audi-Klaus","breadcrumb":{"@id":"https:\/\/audi-klaus.at\/shop\/produkt\/audi-a4-8e-b6-tieferlegungsfeder-sportfedern-fahrwerksfedern-25mm-nos-nothelle-25810044\/#breadcrumb"},"inLanguage":"de-AT","potentialAction":[{"@type":"ReadAction","target":["https:\/\/audi-klaus.at\/shop\/produkt\/audi-a4-8e-b6-tieferlegungsfeder-sportfedern-fahrwerksfedern-25mm-nos-nothelle-25810044\/"]}]},{"@type":"ImageObject","inLanguage":"de-AT","@id":"https:\/\/audi-klaus.at\/shop\/produkt\/audi-a4-8e-b6-tieferlegungsfeder-sportfedern-fahrwerksfedern-25mm-nos-nothelle-25810044\/#primaryimage","url":"https:\/\/audi-klaus.at\/shop\/wp-content\/uploads\/2025\/05\/L474-2.jpg","contentUrl":"https:\/\/audi-klaus.at\/shop\/wp-content\/uploads\/2025\/05\/L474-2.jpg","width":480,"height":480},{"@type":"BreadcrumbList","@id":"https:\/\/audi-klaus.at\/shop\/produkt\/audi-a4-8e-b6-tieferlegungsfeder-sportfedern-fahrwerksfedern-25mm-nos-nothelle-25810044\/#breadcrumb","itemListElement":[{"@type":"ListItem","position":1,"name":"Startseite","item":"https:\/\/audi-klaus.at\/shop\/"},{"@type":"ListItem","position":2,"name":"Shop","item":"https:\/\/audi-klaus.at\/shop\/"},{"@type":"ListItem","position":3,"name":"Audi A4\/8E\/B6 Tieferlegungsfeder\/Sportfedern\/Fahrwerksfedern 25mm NOS Nothelle 25810044"}]},{"@type":"WebSite","@id":"https:\/\/audi-klaus.at\/shop\/#website","url":"https:\/\/audi-klaus.at\/shop\/","name":"Audi-Klaus","description":"Ihr Gebrauchtteile Spezialist f\u00fcr die Marken Audi, VW (VAG)","publisher":{"@id":"https:\/\/audi-klaus.at\/shop\/#organization"},"potentialAction":[{"@type":"SearchAction","target":{"@type":"EntryPoint","urlTemplate":"https:\/\/audi-klaus.at\/shop\/?s={search_term_string}"},"query-input":{"@type":"PropertyValueSpecification","valueRequired":true,"valueName":"search_term_string"}}],"inLanguage":"de-AT"},{"@type":"Organization","@id":"https:\/\/audi-klaus.at\/shop\/#organization","name":"Audi-Klaus","url":"https:\/\/audi-klaus.at\/shop\/","logo":{"@type":"ImageObject","inLanguage":"de-AT","@id":"https:\/\/audi-klaus.at\/shop\/#\/schema\/logo\/image\/","url":"https:\/\/audi-klaus.at\/shop\/wp-content\/uploads\/2024\/10\/Logo-Shop.webp","contentUrl":"https:\/\/audi-klaus.at\/shop\/wp-content\/uploads\/2024\/10\/Logo-Shop.webp","width":470,"height":164,"caption":"Audi-Klaus"},"image":{"@id":"https:\/\/audi-klaus.at\/shop\/#\/schema\/logo\/image\/"},"sameAs":["https:\/\/www.facebook.com\/audi.klaus.1312\/","https:\/\/www.instagram.com\/audi_klaus\/?igshid=1eca3qu2mdayg"]}]}},"_links":{"self":[{"href":"https:\/\/audi-klaus.at\/shop\/wp-json\/wp\/v2\/product\/90522","targetHints":{"allow":["GET"]}}],"collection":[{"href":"https:\/\/audi-klaus.at\/shop\/wp-json\/wp\/v2\/product"}],"about":[{"href":"https:\/\/audi-klaus.at\/shop\/wp-json\/wp\/v2\/types\/product"}],"wp:featuredmedia":[{"embeddable":true,"href":"https:\/\/audi-klaus.at\/shop\/wp-json\/wp\/v2\/media\/90525"}],"wp:attachment":[{"href":"https:\/\/audi-klaus.at\/shop\/wp-json\/wp\/v2\/media?parent=90522"}],"wp:term":[{"taxonomy":"product_brand","embeddable":true,"href":"https:\/\/audi-klaus.at\/shop\/wp-json\/wp\/v2\/product_brand?post=90522"},{"taxonomy":"product_cat","embeddable":true,"href":"https:\/\/audi-klaus.at\/shop\/wp-json\/wp\/v2\/product_cat?post=90522"},{"taxonomy":"product_tag","embeddable":true,"href":"https:\/\/audi-klaus.at\/shop\/wp-json\/wp\/v2\/product_tag?post=90522"}],"curies":[{"name":"wp","href":"https:\/\/api.w.org\/{rel}","templated":true}]}}