{"id":88985,"date":"2025-04-02T11:00:18","date_gmt":"2025-04-02T09:00:18","guid":{"rendered":"https:\/\/audi-klaus.at\/shop\/?post_type=product&#038;p=88985"},"modified":"2026-01-07T22:56:44","modified_gmt":"2026-01-07T21:56:44","slug":"audi-rs2-avant-innenausstattung","status":"publish","type":"product","link":"https:\/\/audi-klaus.at\/shop\/produkt\/audi-rs2-avant-innenausstattung\/","title":{"rendered":"VERMITTLUNGSVERKAUF!"},"content":{"rendered":"","protected":false},"excerpt":{"rendered":"<p class=\"textLayer\" tabindex=\"0\" data-main-rotation=\"0\"><span id=\"undefined\" class=\"markedContent\"><\/span><span style=\"color: #ff0000;\"><strong><span id=\"p1R_mc0\" class=\"markedContent\"><span dir=\"ltr\" role=\"presentation\">Audi RS2 Avant-Innenausstattung &#8211; blau-Alcantara !! Verkauf NUR Komplett !!<\/span><\/span><\/strong><\/span><span id=\"p1R_mc1\" class=\"markedContent\"><br role=\"presentation\" \/><\/span><span id=\"p1R_mc2\" class=\"markedContent\"><br role=\"presentation\" \/><span dir=\"ltr\" role=\"presentation\">Umfang:<\/span><\/span><span id=\"p1R_mc3\" class=\"markedContent\"><br role=\"presentation\" \/><span dir=\"ltr\" role=\"presentation\">&gt; el. Recaro Sitze<\/span><\/span><span id=\"p1R_mc4\" class=\"markedContent\"><br role=\"presentation\" \/><span dir=\"ltr\" role=\"presentation\">&gt; R\u00fccksitzbank mit Seitenteilen<\/span><\/span><span id=\"p1R_mc5\" class=\"markedContent\"><br role=\"presentation\" \/><span dir=\"ltr\" role=\"presentation\">&gt; T\u00fcrverkleidungen inkl. Schalter &amp; Lautsprecher<\/span><\/span><span id=\"p1R_mc6\" class=\"markedContent\"><br role=\"presentation\" \/><span dir=\"ltr\" role=\"presentation\">&gt; Nardi-Lenkrad Blau<\/span><\/span><span id=\"p1R_mc7\" class=\"markedContent\"><br role=\"presentation\" \/><span dir=\"ltr\" role=\"presentation\">&gt; RS2 Schaltsack<\/span><\/span><span id=\"p1R_mc8\" class=\"markedContent\"><br role=\"presentation\" \/><span dir=\"ltr\" role=\"presentation\">&gt; Carbonleisten 6 stk. (inkl. Blende-Klimabedienteil)<\/span><\/span><span id=\"p1R_mc9\" class=\"markedContent\"><br role=\"presentation\" \/><span dir=\"ltr\" role=\"presentation\">&gt; Eloxierte T\u00fcrgriffe schwarz<\/span><\/span><span id=\"p1R_mc10\" class=\"markedContent\"><br role=\"presentation\" \/><span dir=\"ltr\" role=\"presentation\">&gt; Sonnenblenden schwarz<\/span><\/span><span id=\"p1R_mc11\" class=\"markedContent\"><br role=\"presentation\" \/><span dir=\"ltr\" role=\"presentation\">&gt; Alle Verkleidungen A B C D S\u00e4ulen inkl. Kofferraumverkleidungen &amp; Mittelkonsole<\/span><\/span><span id=\"p1R_mc12\" class=\"markedContent\"><br role=\"presentation\" \/><span dir=\"ltr\" role=\"presentation\">&gt; Angstgriffe schwarz<\/span><\/span><span id=\"p1R_mc13\" class=\"markedContent\"><br role=\"presentation\" \/><span dir=\"ltr\" role=\"presentation\">&gt; Schwarzer Dachhimmel<\/span><\/span><span id=\"p1R_mc14\" class=\"markedContent\"><br role=\"presentation\" \/><span dir=\"ltr\" role=\"presentation\">&gt; Mittelarmlehne (Zubeh\u00f6r)<\/span><\/span><span id=\"p1R_mc15\" class=\"markedContent\"><br role=\"presentation\" \/><span dir=\"ltr\" role=\"presentation\">&gt; orig. Audi Fu\u00dfmatten<\/span><\/span><span id=\"p1R_mc16\" class=\"markedContent\"><br role=\"presentation\" \/><span dir=\"ltr\" role=\"presentation\">&gt; Laderaumabdeckung<\/span><\/span><span id=\"p1R_mc17\" class=\"markedContent\"><br role=\"presentation\" \/><span dir=\"ltr\" role=\"presentation\">&#8212;&#8212;&#8212;&#8212;&#8212;&#8212;&#8212;&#8212;&#8212;&#8212;&#8212;&#8212;&#8212;&#8212;&#8212;&#8212;&#8212;&#8212;&#8212;&#8212;&#8212;&#8212;&#8212;&#8212;&#8212;&#8212;&#8212;&#8211;<\/span><\/span><span id=\"p1R_mc18\" class=\"markedContent\"><br role=\"presentation\" \/><span dir=\"ltr\" role=\"presentation\">Die Recaro &#8211; Sitze befinden sich in gutem Zustand, minimale Gebrauchsspuren, el.<\/span><\/span><span id=\"p1R_mc19\" class=\"markedContent\"><br role=\"presentation\" \/><span dir=\"ltr\" role=\"presentation\">Sitzverstellung funktioniert einwandfrei!<\/span><\/span><span id=\"p1R_mc20\" class=\"markedContent\"><br role=\"presentation\" \/><span dir=\"ltr\" role=\"presentation\">Nackenst\u00fctzen einwandfrei, nicht gel\u00f6st! T\u00fcrverkleidungen &amp; Dachhimmel l\u00f6st sich der<\/span><\/span><span id=\"p1R_mc21\" class=\"markedContent\"><br role=\"presentation\" \/><span dir=\"ltr\" role=\"presentation\">Stoff.<\/span><\/span><span id=\"p1R_mc22\" class=\"markedContent\"><br role=\"presentation\" \/><span dir=\"ltr\" role=\"presentation\">Carbonleisten in perfektem Zustand, keine Kratzer oder Risse! Schaltsack neuwertig!<\/span><\/span><span id=\"p1R_mc23\" class=\"markedContent\"><br role=\"presentation\" \/><span dir=\"ltr\" role=\"presentation\">Die Innenausstattung wird Aufgrund der absoluten Seltenheit nur komplett verkauft!<\/span><\/span><span id=\"p1R_mc24\" class=\"markedContent\"><br role=\"presentation\" \/><span dir=\"ltr\" role=\"presentation\">Anfragen f\u00fcr Einzelteile werden nicht beantwortet! Derzeit auch keine weiteren Audi RS2<\/span><\/span><span id=\"p1R_mc25\" class=\"markedContent\"><br role=\"presentation\" \/><span dir=\"ltr\" role=\"presentation\">Teile vorhanden!<\/span><\/span><\/p>\n<p class=\"textLayer\" tabindex=\"0\" data-main-rotation=\"0\"><span id=\"p1R_mc26\" class=\"markedContent\"><\/span><span id=\"p1R_mc26\" class=\"markedContent\"><strong><span dir=\"ltr\" style=\"color: #ff0000;\" role=\"presentation\">Pauschalpreis \u20ac 14.000,-<\/span><\/strong><\/span><\/p>\n<p class=\"textLayer\" tabindex=\"0\" data-main-rotation=\"0\"><span id=\"p1R_mc27\" class=\"markedContent\"><\/span><span id=\"p1R_mc27\" class=\"markedContent\"><span dir=\"ltr\" role=\"presentation\">Abholung bevorzugt, Versand gegen Aufpreis m\u00f6glich! (Spedition &amp; Verpackungskosten!)<\/span><\/span><span id=\"p1R_mc28\" class=\"markedContent\"><br role=\"presentation\" \/><span dir=\"ltr\" role=\"presentation\">Worldwide shipping possible! Price on request! (Forwarding &amp; packaging costs!)<\/span><\/span><\/p>\n<p class=\"textLayer\" tabindex=\"0\" data-main-rotation=\"0\"><span id=\"p1R_mc29\" class=\"markedContent\"><\/span><strong><span style=\"color: #ff0000;\"><span id=\"p1R_mc29\" class=\"markedContent\"><span dir=\"ltr\" role=\"presentation\">Kontakt ausschlie\u00dflich unter:<\/span><\/span><span id=\"p1R_mc30\" class=\"markedContent\"> <span dir=\"ltr\" role=\"presentation\">&gt;<\/span><\/span><span id=\"p1R_mc31\" class=\"markedContent\"> <span dir=\"ltr\" role=\"presentation\">audiquattro1@gmx.net<\/span><\/span><span id=\"p1R_mc32\" class=\"markedContent\"> <span dir=\"ltr\" role=\"presentation\">&lt;<\/span><\/span><\/span><\/strong><span id=\"p1R_mc33\" class=\"markedContent\"><br role=\"presentation\" \/><\/span><\/p>\n<p class=\"textLayer\" tabindex=\"0\" data-main-rotation=\"0\"><strong><span style=\"color: #ff0000;\"><span id=\"p1R_mc33\" class=\"markedContent\"><span dir=\"ltr\" role=\"presentation\">Kleingedrucktes:<\/span><\/span><span id=\"p1R_mc34\" class=\"markedContent\"><br role=\"presentation\" \/><span dir=\"ltr\" role=\"presentation\">Der Verkauf erfolgt unter Ausschluss jeglicher Sachm\u00e4ngelhaftung (Gew\u00e4hrleistung)!<\/span><\/span><\/span><\/strong><\/p>\n","protected":false},"featured_media":89007,"template":"","meta":[],"product_brand":[],"product_cat":[27738],"product_tag":[],"class_list":{"0":"post-88985","1":"product","2":"type-product","3":"status-publish","4":"has-post-thumbnail","6":"product_cat-aktuelles","8":"first","9":"instock","10":"taxable","11":"shipping-taxable","12":"purchasable","13":"product-type-simple"},"yoast_head":"<!-- This site is optimized with the Yoast SEO plugin v27.5 - https:\/\/yoast.com\/product\/yoast-seo-wordpress\/ -->\n<title>VERMITTLUNGSVERKAUF! - Audi-Klaus<\/title>\n<meta name=\"description\" content=\"Audi-Klaus VERMITTLUNGSVERKAUF! Audi RS2 Avant-Innenausstattung - blau-Alcantara !! Verkauf NUR Komplett\" \/>\n<meta name=\"robots\" content=\"index, follow, max-snippet:-1, max-image-preview:large, max-video-preview:-1\" \/>\n<link rel=\"canonical\" href=\"https:\/\/audi-klaus.at\/shop\/produkt\/audi-rs2-avant-innenausstattung\/\" \/>\n<meta property=\"og:locale\" content=\"de_DE\" \/>\n<meta property=\"og:type\" content=\"article\" \/>\n<meta property=\"og:title\" content=\"VERMITTLUNGSVERKAUF! - Audi-Klaus\" \/>\n<meta property=\"og:description\" content=\"Audi-Klaus VERMITTLUNGSVERKAUF! Audi RS2 Avant-Innenausstattung - blau-Alcantara !! Verkauf NUR Komplett\" \/>\n<meta property=\"og:url\" content=\"https:\/\/audi-klaus.at\/shop\/produkt\/audi-rs2-avant-innenausstattung\/\" \/>\n<meta property=\"og:site_name\" content=\"Audi-Klaus\" \/>\n<meta property=\"article:publisher\" content=\"https:\/\/www.facebook.com\/audi.klaus.1312\/\" \/>\n<meta property=\"article:modified_time\" content=\"2026-01-07T21:56:44+00:00\" \/>\n<meta property=\"og:image\" content=\"https:\/\/audi-klaus.at\/shop\/wp-content\/uploads\/2025\/04\/4.jpg\" \/>\n\t<meta property=\"og:image:width\" content=\"418\" \/>\n\t<meta property=\"og:image:height\" content=\"282\" \/>\n\t<meta property=\"og:image:type\" content=\"image\/jpeg\" \/>\n<meta name=\"twitter:card\" content=\"summary_large_image\" \/>\n<meta name=\"twitter:label1\" content=\"Gesch\u00e4tzte Lesezeit\" \/>\n\t<meta name=\"twitter:data1\" content=\"1 Minute\" \/>\n<script type=\"application\/ld+json\" class=\"yoast-schema-graph\">{\"@context\":\"https:\\\/\\\/schema.org\",\"@graph\":[{\"@type\":\"WebPage\",\"@id\":\"https:\\\/\\\/audi-klaus.at\\\/shop\\\/produkt\\\/audi-rs2-avant-innenausstattung\\\/\",\"url\":\"https:\\\/\\\/audi-klaus.at\\\/shop\\\/produkt\\\/audi-rs2-avant-innenausstattung\\\/\",\"name\":\"VERMITTLUNGSVERKAUF! - Audi-Klaus\",\"isPartOf\":{\"@id\":\"https:\\\/\\\/audi-klaus.at\\\/shop\\\/#website\"},\"primaryImageOfPage\":{\"@id\":\"https:\\\/\\\/audi-klaus.at\\\/shop\\\/produkt\\\/audi-rs2-avant-innenausstattung\\\/#primaryimage\"},\"image\":{\"@id\":\"https:\\\/\\\/audi-klaus.at\\\/shop\\\/produkt\\\/audi-rs2-avant-innenausstattung\\\/#primaryimage\"},\"thumbnailUrl\":\"https:\\\/\\\/audi-klaus.at\\\/shop\\\/wp-content\\\/uploads\\\/2025\\\/04\\\/4.jpg\",\"datePublished\":\"2025-04-02T09:00:18+00:00\",\"dateModified\":\"2026-01-07T21:56:44+00:00\",\"description\":\"Audi-Klaus VERMITTLUNGSVERKAUF! Audi RS2 Avant-Innenausstattung - blau-Alcantara !! Verkauf NUR Komplett\",\"breadcrumb\":{\"@id\":\"https:\\\/\\\/audi-klaus.at\\\/shop\\\/produkt\\\/audi-rs2-avant-innenausstattung\\\/#breadcrumb\"},\"inLanguage\":\"de-AT\",\"potentialAction\":[{\"@type\":\"ReadAction\",\"target\":[\"https:\\\/\\\/audi-klaus.at\\\/shop\\\/produkt\\\/audi-rs2-avant-innenausstattung\\\/\"]}]},{\"@type\":\"ImageObject\",\"inLanguage\":\"de-AT\",\"@id\":\"https:\\\/\\\/audi-klaus.at\\\/shop\\\/produkt\\\/audi-rs2-avant-innenausstattung\\\/#primaryimage\",\"url\":\"https:\\\/\\\/audi-klaus.at\\\/shop\\\/wp-content\\\/uploads\\\/2025\\\/04\\\/4.jpg\",\"contentUrl\":\"https:\\\/\\\/audi-klaus.at\\\/shop\\\/wp-content\\\/uploads\\\/2025\\\/04\\\/4.jpg\",\"width\":418,\"height\":282},{\"@type\":\"BreadcrumbList\",\"@id\":\"https:\\\/\\\/audi-klaus.at\\\/shop\\\/produkt\\\/audi-rs2-avant-innenausstattung\\\/#breadcrumb\",\"itemListElement\":[{\"@type\":\"ListItem\",\"position\":1,\"name\":\"Startseite\",\"item\":\"https:\\\/\\\/audi-klaus.at\\\/shop\\\/\"},{\"@type\":\"ListItem\",\"position\":2,\"name\":\"Shop\",\"item\":\"https:\\\/\\\/audi-klaus.at\\\/shop\\\/\"},{\"@type\":\"ListItem\",\"position\":3,\"name\":\"VERMITTLUNGSVERKAUF!\"}]},{\"@type\":\"WebSite\",\"@id\":\"https:\\\/\\\/audi-klaus.at\\\/shop\\\/#website\",\"url\":\"https:\\\/\\\/audi-klaus.at\\\/shop\\\/\",\"name\":\"Audi-Klaus\",\"description\":\"Ihr Gebrauchtteile Spezialist f\u00fcr die Marken Audi, VW (VAG)\",\"publisher\":{\"@id\":\"https:\\\/\\\/audi-klaus.at\\\/shop\\\/#organization\"},\"potentialAction\":[{\"@type\":\"SearchAction\",\"target\":{\"@type\":\"EntryPoint\",\"urlTemplate\":\"https:\\\/\\\/audi-klaus.at\\\/shop\\\/?s={search_term_string}\"},\"query-input\":{\"@type\":\"PropertyValueSpecification\",\"valueRequired\":true,\"valueName\":\"search_term_string\"}}],\"inLanguage\":\"de-AT\"},{\"@type\":\"Organization\",\"@id\":\"https:\\\/\\\/audi-klaus.at\\\/shop\\\/#organization\",\"name\":\"Audi-Klaus\",\"url\":\"https:\\\/\\\/audi-klaus.at\\\/shop\\\/\",\"logo\":{\"@type\":\"ImageObject\",\"inLanguage\":\"de-AT\",\"@id\":\"https:\\\/\\\/audi-klaus.at\\\/shop\\\/#\\\/schema\\\/logo\\\/image\\\/\",\"url\":\"https:\\\/\\\/audi-klaus.at\\\/shop\\\/wp-content\\\/uploads\\\/2024\\\/10\\\/Logo-Shop.webp\",\"contentUrl\":\"https:\\\/\\\/audi-klaus.at\\\/shop\\\/wp-content\\\/uploads\\\/2024\\\/10\\\/Logo-Shop.webp\",\"width\":470,\"height\":164,\"caption\":\"Audi-Klaus\"},\"image\":{\"@id\":\"https:\\\/\\\/audi-klaus.at\\\/shop\\\/#\\\/schema\\\/logo\\\/image\\\/\"},\"sameAs\":[\"https:\\\/\\\/www.facebook.com\\\/audi.klaus.1312\\\/\",\"https:\\\/\\\/www.instagram.com\\\/audi_klaus\\\/?igshid=1eca3qu2mdayg\"]}]}<\/script>\n<!-- \/ Yoast SEO plugin. -->","yoast_head_json":{"title":"VERMITTLUNGSVERKAUF! - Audi-Klaus","description":"Audi-Klaus VERMITTLUNGSVERKAUF! Audi RS2 Avant-Innenausstattung - blau-Alcantara !! Verkauf NUR Komplett","robots":{"index":"index","follow":"follow","max-snippet":"max-snippet:-1","max-image-preview":"max-image-preview:large","max-video-preview":"max-video-preview:-1"},"canonical":"https:\/\/audi-klaus.at\/shop\/produkt\/audi-rs2-avant-innenausstattung\/","og_locale":"de_DE","og_type":"article","og_title":"VERMITTLUNGSVERKAUF! - Audi-Klaus","og_description":"Audi-Klaus VERMITTLUNGSVERKAUF! Audi RS2 Avant-Innenausstattung - blau-Alcantara !! Verkauf NUR Komplett","og_url":"https:\/\/audi-klaus.at\/shop\/produkt\/audi-rs2-avant-innenausstattung\/","og_site_name":"Audi-Klaus","article_publisher":"https:\/\/www.facebook.com\/audi.klaus.1312\/","article_modified_time":"2026-01-07T21:56:44+00:00","og_image":[{"width":418,"height":282,"url":"https:\/\/audi-klaus.at\/shop\/wp-content\/uploads\/2025\/04\/4.jpg","type":"image\/jpeg"}],"twitter_card":"summary_large_image","twitter_misc":{"Gesch\u00e4tzte Lesezeit":"1 Minute"},"schema":{"@context":"https:\/\/schema.org","@graph":[{"@type":"WebPage","@id":"https:\/\/audi-klaus.at\/shop\/produkt\/audi-rs2-avant-innenausstattung\/","url":"https:\/\/audi-klaus.at\/shop\/produkt\/audi-rs2-avant-innenausstattung\/","name":"VERMITTLUNGSVERKAUF! - Audi-Klaus","isPartOf":{"@id":"https:\/\/audi-klaus.at\/shop\/#website"},"primaryImageOfPage":{"@id":"https:\/\/audi-klaus.at\/shop\/produkt\/audi-rs2-avant-innenausstattung\/#primaryimage"},"image":{"@id":"https:\/\/audi-klaus.at\/shop\/produkt\/audi-rs2-avant-innenausstattung\/#primaryimage"},"thumbnailUrl":"https:\/\/audi-klaus.at\/shop\/wp-content\/uploads\/2025\/04\/4.jpg","datePublished":"2025-04-02T09:00:18+00:00","dateModified":"2026-01-07T21:56:44+00:00","description":"Audi-Klaus VERMITTLUNGSVERKAUF! Audi RS2 Avant-Innenausstattung - blau-Alcantara !! Verkauf NUR Komplett","breadcrumb":{"@id":"https:\/\/audi-klaus.at\/shop\/produkt\/audi-rs2-avant-innenausstattung\/#breadcrumb"},"inLanguage":"de-AT","potentialAction":[{"@type":"ReadAction","target":["https:\/\/audi-klaus.at\/shop\/produkt\/audi-rs2-avant-innenausstattung\/"]}]},{"@type":"ImageObject","inLanguage":"de-AT","@id":"https:\/\/audi-klaus.at\/shop\/produkt\/audi-rs2-avant-innenausstattung\/#primaryimage","url":"https:\/\/audi-klaus.at\/shop\/wp-content\/uploads\/2025\/04\/4.jpg","contentUrl":"https:\/\/audi-klaus.at\/shop\/wp-content\/uploads\/2025\/04\/4.jpg","width":418,"height":282},{"@type":"BreadcrumbList","@id":"https:\/\/audi-klaus.at\/shop\/produkt\/audi-rs2-avant-innenausstattung\/#breadcrumb","itemListElement":[{"@type":"ListItem","position":1,"name":"Startseite","item":"https:\/\/audi-klaus.at\/shop\/"},{"@type":"ListItem","position":2,"name":"Shop","item":"https:\/\/audi-klaus.at\/shop\/"},{"@type":"ListItem","position":3,"name":"VERMITTLUNGSVERKAUF!"}]},{"@type":"WebSite","@id":"https:\/\/audi-klaus.at\/shop\/#website","url":"https:\/\/audi-klaus.at\/shop\/","name":"Audi-Klaus","description":"Ihr Gebrauchtteile Spezialist f\u00fcr die Marken Audi, VW (VAG)","publisher":{"@id":"https:\/\/audi-klaus.at\/shop\/#organization"},"potentialAction":[{"@type":"SearchAction","target":{"@type":"EntryPoint","urlTemplate":"https:\/\/audi-klaus.at\/shop\/?s={search_term_string}"},"query-input":{"@type":"PropertyValueSpecification","valueRequired":true,"valueName":"search_term_string"}}],"inLanguage":"de-AT"},{"@type":"Organization","@id":"https:\/\/audi-klaus.at\/shop\/#organization","name":"Audi-Klaus","url":"https:\/\/audi-klaus.at\/shop\/","logo":{"@type":"ImageObject","inLanguage":"de-AT","@id":"https:\/\/audi-klaus.at\/shop\/#\/schema\/logo\/image\/","url":"https:\/\/audi-klaus.at\/shop\/wp-content\/uploads\/2024\/10\/Logo-Shop.webp","contentUrl":"https:\/\/audi-klaus.at\/shop\/wp-content\/uploads\/2024\/10\/Logo-Shop.webp","width":470,"height":164,"caption":"Audi-Klaus"},"image":{"@id":"https:\/\/audi-klaus.at\/shop\/#\/schema\/logo\/image\/"},"sameAs":["https:\/\/www.facebook.com\/audi.klaus.1312\/","https:\/\/www.instagram.com\/audi_klaus\/?igshid=1eca3qu2mdayg"]}]}},"_links":{"self":[{"href":"https:\/\/audi-klaus.at\/shop\/wp-json\/wp\/v2\/product\/88985","targetHints":{"allow":["GET"]}}],"collection":[{"href":"https:\/\/audi-klaus.at\/shop\/wp-json\/wp\/v2\/product"}],"about":[{"href":"https:\/\/audi-klaus.at\/shop\/wp-json\/wp\/v2\/types\/product"}],"wp:featuredmedia":[{"embeddable":true,"href":"https:\/\/audi-klaus.at\/shop\/wp-json\/wp\/v2\/media\/89007"}],"wp:attachment":[{"href":"https:\/\/audi-klaus.at\/shop\/wp-json\/wp\/v2\/media?parent=88985"}],"wp:term":[{"taxonomy":"product_brand","embeddable":true,"href":"https:\/\/audi-klaus.at\/shop\/wp-json\/wp\/v2\/product_brand?post=88985"},{"taxonomy":"product_cat","embeddable":true,"href":"https:\/\/audi-klaus.at\/shop\/wp-json\/wp\/v2\/product_cat?post=88985"},{"taxonomy":"product_tag","embeddable":true,"href":"https:\/\/audi-klaus.at\/shop\/wp-json\/wp\/v2\/product_tag?post=88985"}],"curies":[{"name":"wp","href":"https:\/\/api.w.org\/{rel}","templated":true}]}}