{"id":86925,"date":"2025-02-20T09:53:35","date_gmt":"2025-02-20T08:53:35","guid":{"rendered":"https:\/\/audi-klaus.at\/shop\/?post_type=product&#038;p=86925"},"modified":"2026-01-07T22:56:06","modified_gmt":"2026-01-07T21:56:06","slug":"audi-a3-8l-vw-bora-golf-4-seat-leon-1m-skoda-octavia-1u-esp-sensor-duosensor-1j0907655-1j1907637c","status":"publish","type":"product","link":"https:\/\/audi-klaus.at\/shop\/produkt\/audi-a3-8l-vw-bora-golf-4-seat-leon-1m-skoda-octavia-1u-esp-sensor-duosensor-1j0907655-1j1907637c\/","title":{"rendered":"Audi A3\/8L\/Vw Bora\/Golf\/4\/Seat Leon\/1M\/Skoda Octavia\/1U ESP Sensor Duosensor 1J0907655\/1J1907637C"},"content":{"rendered":"<h5 class=\"western\"><span style=\"color: #060606;\"><span style=\"font-family: Verdana, serif;\"><span style=\"font-size: small;\"><b>VAG Teilenummer<\/b><\/span><\/span><\/span><span style=\"color: #060606;\"><span style=\"font-family: Verdana, serif;\"><span style=\"font-size: small;\">: 1J0 907 655, 1J1 907 637C<\/span><\/span><\/span><\/h5>\n<h5 class=\"western\"><span style=\"color: #060606;\"><span style=\"font-family: Verdana, serif;\"><span style=\"font-size: small;\"><b>Zustand:<\/b><\/span><\/span><\/span><span style=\"color: #060606;\"><span style=\"font-family: Verdana, serif;\"><span style=\"font-size: small;\">\u00a0 <\/span><\/span><\/span><span style=\"color: #060606;\"><span style=\"font-family: Verdana, serif;\"><span style=\"font-size: small;\"><span lang=\"de-DE\">Gebraucht<\/span><\/span><\/span><\/span><\/h5>\n<h5 class=\"western\"><span style=\"color: #060606;\"><span style=\"font-family: Verdana, serif;\"><span style=\"font-size: small;\"><b>Lieferumfang:<\/b><\/span><\/span><\/span><span style=\"color: #060606;\"><span style=\"font-family: Verdana, serif;\"><span style=\"font-size: small;\">\u00a0wie in den Original-Abbildungen angegeben<\/span><\/span><\/span><\/h5>\n<h5 class=\"western\"><span style=\"color: #060606;\"><span style=\"font-family: Verdana, serif;\"><span style=\"font-size: small;\"><b>Hinweis:<\/b><\/span><\/span><\/span><span style=\"color: #060606;\"><span style=\"font-family: Verdana, serif;\"><span style=\"font-size: small;\">\u00a0Bitte \u00fcberpr\u00fcfen Sie vor dem Kauf anhand der eindeutigen Teilenummern, ob der Artikel zum Fahrzeug passt, um R\u00fccksendungen zu vermeiden! Trotz Angabe der entsprechenden Fahrzeugdaten ist eine eindeutige Zuordnung nur \u00fcber die Teilenummer m\u00f6glich! Die abgelesene Teilenummer ist die Teilenummer des Teils, welches geliefert wird. Die Originalteilnummer ist diejenige, die bei Neubestellung f\u00fcr dieses Teil gilt und der m\u00f6glicherweise abweichenden, gelieferten Teilenummer entspricht. <\/span><\/span><\/span><\/h5>\n<h5 class=\"western\"><span style=\"color: #060606;\"><span style=\"font-family: Verdana, serif;\"><span style=\"font-size: small;\"><span lang=\"de-DE\">Gebraucht<\/span><\/span><\/span><\/span><span style=\"color: #060606;\"><span style=\"font-family: Verdana, serif;\"><span style=\"font-size: small;\"> mit Gebrauchsspuren in Form von Verunreinigungen\/ kleinen Kratzern m\u00f6glich. Die Ware wird ungereinigt geliefert.<\/span><\/span><\/span><\/h5>\n<h5 class=\"western\"><span style=\"color: #060606;\"><span style=\"font-family: Verdana, serif;\"><span style=\"font-size: small;\">Sollten weitere Fragen offen sein, kontaktieren Sie uns bitte unter\u00a0<\/span><\/span><\/span><a href=\"mailto:office@audi-klaus.at\"><span style=\"color: #0000ff;\"><span style=\"font-family: Verdana, serif;\"><span style=\"font-size: small;\"><u>office@audi-klaus.at<\/u><\/span><\/span><\/span><\/a><\/h5>\n","protected":false},"excerpt":{"rendered":"<h5 class=\"western\"><strong><span style=\"color: #000000;\"><span style=\"font-family: Source Sans Pro, serif;\"><span style=\"font-size: x-large;\"><b>Marke: Audi\/Vw\/Seat\/Skoda<br \/>\nModell: \u00a0A3\/Bora\/Golf\/Leon\/Octavia<br \/>\nTyp: 8L\/4\/1M\/1U<\/b><\/span><\/span><\/span><\/strong><\/h5>\n","protected":false},"featured_media":86894,"template":"","meta":[],"product_brand":[],"product_cat":[464,1305,1447,2111,2374],"product_tag":[31523,31525,31597,31598],"class_list":{"0":"post-86925","1":"product","2":"type-product","3":"status-publish","4":"has-post-thumbnail","6":"product_cat-elektrik-8l-1996-2003","7":"product_cat-elektrik-4-1j-1997-2007","8":"product_cat-elektrik-1j2-1998-2013","9":"product_cat-elektrik-1-1u-1996-2000","10":"product_cat-elektrik-1-1m-1999-2006","11":"product_tag-1j0907655","12":"product_tag-1j1907637","13":"product_tag-1j1907637c","14":"product_tag-e1299","16":"first","17":"instock","18":"taxable","19":"shipping-taxable","20":"purchasable","21":"product-type-simple"},"yoast_head":"<!-- This site is optimized with the Yoast SEO plugin v27.4 - https:\/\/yoast.com\/product\/yoast-seo-wordpress\/ -->\n<title>Audi A3\/8L\/Vw Bora\/Golf\/4\/Seat Leon\/1M\/Skoda Octavia\/1U ESP Sensor Duosensor 1J0907655\/1J1907637C - Audi-Klaus<\/title>\n<meta name=\"description\" content=\"Audi-Klaus Audi A3\/8L\/Vw Bora\/Golf\/4\/Seat Leon\/1M\/Skoda Octavia\/1U ESP Sensor Duosensor 1J0907655\/1J1907637C Audi A3\/8L\/Vw Bora\/Golf\/4\/Seat Leon\/1M\/Skoda Octavia\/1U ESP Sensor Duosensor 1J0907655\/1J1907637C\" \/>\n<meta name=\"robots\" content=\"index, follow, max-snippet:-1, max-image-preview:large, max-video-preview:-1\" \/>\n<link rel=\"canonical\" href=\"https:\/\/audi-klaus.at\/shop\/produkt\/audi-a3-8l-vw-bora-golf-4-seat-leon-1m-skoda-octavia-1u-esp-sensor-duosensor-1j0907655-1j1907637c\/\" \/>\n<meta property=\"og:locale\" content=\"de_DE\" \/>\n<meta property=\"og:type\" content=\"article\" \/>\n<meta property=\"og:title\" content=\"Audi A3\/8L\/Vw Bora\/Golf\/4\/Seat Leon\/1M\/Skoda Octavia\/1U ESP Sensor Duosensor 1J0907655\/1J1907637C - Audi-Klaus\" \/>\n<meta property=\"og:description\" content=\"Audi-Klaus Audi A3\/8L\/Vw Bora\/Golf\/4\/Seat Leon\/1M\/Skoda Octavia\/1U ESP Sensor Duosensor 1J0907655\/1J1907637C Audi A3\/8L\/Vw Bora\/Golf\/4\/Seat Leon\/1M\/Skoda Octavia\/1U ESP Sensor Duosensor 1J0907655\/1J1907637C\" \/>\n<meta property=\"og:url\" content=\"https:\/\/audi-klaus.at\/shop\/produkt\/audi-a3-8l-vw-bora-golf-4-seat-leon-1m-skoda-octavia-1u-esp-sensor-duosensor-1j0907655-1j1907637c\/\" \/>\n<meta property=\"og:site_name\" content=\"Audi-Klaus\" \/>\n<meta property=\"article:publisher\" content=\"https:\/\/www.facebook.com\/audi.klaus.1312\/\" \/>\n<meta property=\"article:modified_time\" content=\"2026-01-07T21:56:06+00:00\" \/>\n<meta property=\"og:image\" content=\"https:\/\/audi-klaus.at\/shop\/wp-content\/uploads\/2025\/02\/E1299-4.jpg\" \/>\n\t<meta property=\"og:image:width\" content=\"480\" \/>\n\t<meta property=\"og:image:height\" content=\"480\" \/>\n\t<meta property=\"og:image:type\" content=\"image\/jpeg\" \/>\n<meta name=\"twitter:card\" content=\"summary_large_image\" \/>\n<meta name=\"twitter:label1\" content=\"Gesch\u00e4tzte Lesezeit\" \/>\n\t<meta name=\"twitter:data1\" content=\"1 Minute\" \/>\n<script type=\"application\/ld+json\" class=\"yoast-schema-graph\">{\"@context\":\"https:\\\/\\\/schema.org\",\"@graph\":[{\"@type\":\"WebPage\",\"@id\":\"https:\\\/\\\/audi-klaus.at\\\/shop\\\/produkt\\\/audi-a3-8l-vw-bora-golf-4-seat-leon-1m-skoda-octavia-1u-esp-sensor-duosensor-1j0907655-1j1907637c\\\/\",\"url\":\"https:\\\/\\\/audi-klaus.at\\\/shop\\\/produkt\\\/audi-a3-8l-vw-bora-golf-4-seat-leon-1m-skoda-octavia-1u-esp-sensor-duosensor-1j0907655-1j1907637c\\\/\",\"name\":\"Audi A3\\\/8L\\\/Vw Bora\\\/Golf\\\/4\\\/Seat Leon\\\/1M\\\/Skoda Octavia\\\/1U ESP Sensor Duosensor 1J0907655\\\/1J1907637C - Audi-Klaus\",\"isPartOf\":{\"@id\":\"https:\\\/\\\/audi-klaus.at\\\/shop\\\/#website\"},\"primaryImageOfPage\":{\"@id\":\"https:\\\/\\\/audi-klaus.at\\\/shop\\\/produkt\\\/audi-a3-8l-vw-bora-golf-4-seat-leon-1m-skoda-octavia-1u-esp-sensor-duosensor-1j0907655-1j1907637c\\\/#primaryimage\"},\"image\":{\"@id\":\"https:\\\/\\\/audi-klaus.at\\\/shop\\\/produkt\\\/audi-a3-8l-vw-bora-golf-4-seat-leon-1m-skoda-octavia-1u-esp-sensor-duosensor-1j0907655-1j1907637c\\\/#primaryimage\"},\"thumbnailUrl\":\"https:\\\/\\\/audi-klaus.at\\\/shop\\\/wp-content\\\/uploads\\\/2025\\\/02\\\/E1299-4.jpg\",\"datePublished\":\"2025-02-20T08:53:35+00:00\",\"dateModified\":\"2026-01-07T21:56:06+00:00\",\"description\":\"Audi-Klaus Audi A3\\\/8L\\\/Vw Bora\\\/Golf\\\/4\\\/Seat Leon\\\/1M\\\/Skoda Octavia\\\/1U ESP Sensor Duosensor 1J0907655\\\/1J1907637C Audi A3\\\/8L\\\/Vw Bora\\\/Golf\\\/4\\\/Seat Leon\\\/1M\\\/Skoda Octavia\\\/1U ESP Sensor Duosensor 1J0907655\\\/1J1907637C\",\"breadcrumb\":{\"@id\":\"https:\\\/\\\/audi-klaus.at\\\/shop\\\/produkt\\\/audi-a3-8l-vw-bora-golf-4-seat-leon-1m-skoda-octavia-1u-esp-sensor-duosensor-1j0907655-1j1907637c\\\/#breadcrumb\"},\"inLanguage\":\"de-AT\",\"potentialAction\":[{\"@type\":\"ReadAction\",\"target\":[\"https:\\\/\\\/audi-klaus.at\\\/shop\\\/produkt\\\/audi-a3-8l-vw-bora-golf-4-seat-leon-1m-skoda-octavia-1u-esp-sensor-duosensor-1j0907655-1j1907637c\\\/\"]}]},{\"@type\":\"ImageObject\",\"inLanguage\":\"de-AT\",\"@id\":\"https:\\\/\\\/audi-klaus.at\\\/shop\\\/produkt\\\/audi-a3-8l-vw-bora-golf-4-seat-leon-1m-skoda-octavia-1u-esp-sensor-duosensor-1j0907655-1j1907637c\\\/#primaryimage\",\"url\":\"https:\\\/\\\/audi-klaus.at\\\/shop\\\/wp-content\\\/uploads\\\/2025\\\/02\\\/E1299-4.jpg\",\"contentUrl\":\"https:\\\/\\\/audi-klaus.at\\\/shop\\\/wp-content\\\/uploads\\\/2025\\\/02\\\/E1299-4.jpg\",\"width\":480,\"height\":480},{\"@type\":\"BreadcrumbList\",\"@id\":\"https:\\\/\\\/audi-klaus.at\\\/shop\\\/produkt\\\/audi-a3-8l-vw-bora-golf-4-seat-leon-1m-skoda-octavia-1u-esp-sensor-duosensor-1j0907655-1j1907637c\\\/#breadcrumb\",\"itemListElement\":[{\"@type\":\"ListItem\",\"position\":1,\"name\":\"Startseite\",\"item\":\"https:\\\/\\\/audi-klaus.at\\\/shop\\\/\"},{\"@type\":\"ListItem\",\"position\":2,\"name\":\"Shop\",\"item\":\"https:\\\/\\\/audi-klaus.at\\\/shop\\\/\"},{\"@type\":\"ListItem\",\"position\":3,\"name\":\"Audi A3\\\/8L\\\/Vw Bora\\\/Golf\\\/4\\\/Seat Leon\\\/1M\\\/Skoda Octavia\\\/1U ESP Sensor Duosensor 1J0907655\\\/1J1907637C\"}]},{\"@type\":\"WebSite\",\"@id\":\"https:\\\/\\\/audi-klaus.at\\\/shop\\\/#website\",\"url\":\"https:\\\/\\\/audi-klaus.at\\\/shop\\\/\",\"name\":\"Audi-Klaus\",\"description\":\"Ihr Gebrauchtteile Spezialist f\u00fcr die Marken Audi, VW (VAG)\",\"publisher\":{\"@id\":\"https:\\\/\\\/audi-klaus.at\\\/shop\\\/#organization\"},\"potentialAction\":[{\"@type\":\"SearchAction\",\"target\":{\"@type\":\"EntryPoint\",\"urlTemplate\":\"https:\\\/\\\/audi-klaus.at\\\/shop\\\/?s={search_term_string}\"},\"query-input\":{\"@type\":\"PropertyValueSpecification\",\"valueRequired\":true,\"valueName\":\"search_term_string\"}}],\"inLanguage\":\"de-AT\"},{\"@type\":\"Organization\",\"@id\":\"https:\\\/\\\/audi-klaus.at\\\/shop\\\/#organization\",\"name\":\"Audi-Klaus\",\"url\":\"https:\\\/\\\/audi-klaus.at\\\/shop\\\/\",\"logo\":{\"@type\":\"ImageObject\",\"inLanguage\":\"de-AT\",\"@id\":\"https:\\\/\\\/audi-klaus.at\\\/shop\\\/#\\\/schema\\\/logo\\\/image\\\/\",\"url\":\"https:\\\/\\\/audi-klaus.at\\\/shop\\\/wp-content\\\/uploads\\\/2024\\\/10\\\/Logo-Shop.webp\",\"contentUrl\":\"https:\\\/\\\/audi-klaus.at\\\/shop\\\/wp-content\\\/uploads\\\/2024\\\/10\\\/Logo-Shop.webp\",\"width\":470,\"height\":164,\"caption\":\"Audi-Klaus\"},\"image\":{\"@id\":\"https:\\\/\\\/audi-klaus.at\\\/shop\\\/#\\\/schema\\\/logo\\\/image\\\/\"},\"sameAs\":[\"https:\\\/\\\/www.facebook.com\\\/audi.klaus.1312\\\/\",\"https:\\\/\\\/www.instagram.com\\\/audi_klaus\\\/?igshid=1eca3qu2mdayg\"]}]}<\/script>\n<!-- \/ Yoast SEO plugin. -->","yoast_head_json":{"title":"Audi A3\/8L\/Vw Bora\/Golf\/4\/Seat Leon\/1M\/Skoda Octavia\/1U ESP Sensor Duosensor 1J0907655\/1J1907637C - Audi-Klaus","description":"Audi-Klaus Audi A3\/8L\/Vw Bora\/Golf\/4\/Seat Leon\/1M\/Skoda Octavia\/1U ESP Sensor Duosensor 1J0907655\/1J1907637C Audi A3\/8L\/Vw Bora\/Golf\/4\/Seat Leon\/1M\/Skoda Octavia\/1U ESP Sensor Duosensor 1J0907655\/1J1907637C","robots":{"index":"index","follow":"follow","max-snippet":"max-snippet:-1","max-image-preview":"max-image-preview:large","max-video-preview":"max-video-preview:-1"},"canonical":"https:\/\/audi-klaus.at\/shop\/produkt\/audi-a3-8l-vw-bora-golf-4-seat-leon-1m-skoda-octavia-1u-esp-sensor-duosensor-1j0907655-1j1907637c\/","og_locale":"de_DE","og_type":"article","og_title":"Audi A3\/8L\/Vw Bora\/Golf\/4\/Seat Leon\/1M\/Skoda Octavia\/1U ESP Sensor Duosensor 1J0907655\/1J1907637C - Audi-Klaus","og_description":"Audi-Klaus Audi A3\/8L\/Vw Bora\/Golf\/4\/Seat Leon\/1M\/Skoda Octavia\/1U ESP Sensor Duosensor 1J0907655\/1J1907637C Audi A3\/8L\/Vw Bora\/Golf\/4\/Seat Leon\/1M\/Skoda Octavia\/1U ESP Sensor Duosensor 1J0907655\/1J1907637C","og_url":"https:\/\/audi-klaus.at\/shop\/produkt\/audi-a3-8l-vw-bora-golf-4-seat-leon-1m-skoda-octavia-1u-esp-sensor-duosensor-1j0907655-1j1907637c\/","og_site_name":"Audi-Klaus","article_publisher":"https:\/\/www.facebook.com\/audi.klaus.1312\/","article_modified_time":"2026-01-07T21:56:06+00:00","og_image":[{"width":480,"height":480,"url":"https:\/\/audi-klaus.at\/shop\/wp-content\/uploads\/2025\/02\/E1299-4.jpg","type":"image\/jpeg"}],"twitter_card":"summary_large_image","twitter_misc":{"Gesch\u00e4tzte Lesezeit":"1 Minute"},"schema":{"@context":"https:\/\/schema.org","@graph":[{"@type":"WebPage","@id":"https:\/\/audi-klaus.at\/shop\/produkt\/audi-a3-8l-vw-bora-golf-4-seat-leon-1m-skoda-octavia-1u-esp-sensor-duosensor-1j0907655-1j1907637c\/","url":"https:\/\/audi-klaus.at\/shop\/produkt\/audi-a3-8l-vw-bora-golf-4-seat-leon-1m-skoda-octavia-1u-esp-sensor-duosensor-1j0907655-1j1907637c\/","name":"Audi A3\/8L\/Vw Bora\/Golf\/4\/Seat Leon\/1M\/Skoda Octavia\/1U ESP Sensor Duosensor 1J0907655\/1J1907637C - Audi-Klaus","isPartOf":{"@id":"https:\/\/audi-klaus.at\/shop\/#website"},"primaryImageOfPage":{"@id":"https:\/\/audi-klaus.at\/shop\/produkt\/audi-a3-8l-vw-bora-golf-4-seat-leon-1m-skoda-octavia-1u-esp-sensor-duosensor-1j0907655-1j1907637c\/#primaryimage"},"image":{"@id":"https:\/\/audi-klaus.at\/shop\/produkt\/audi-a3-8l-vw-bora-golf-4-seat-leon-1m-skoda-octavia-1u-esp-sensor-duosensor-1j0907655-1j1907637c\/#primaryimage"},"thumbnailUrl":"https:\/\/audi-klaus.at\/shop\/wp-content\/uploads\/2025\/02\/E1299-4.jpg","datePublished":"2025-02-20T08:53:35+00:00","dateModified":"2026-01-07T21:56:06+00:00","description":"Audi-Klaus Audi A3\/8L\/Vw Bora\/Golf\/4\/Seat Leon\/1M\/Skoda Octavia\/1U ESP Sensor Duosensor 1J0907655\/1J1907637C Audi A3\/8L\/Vw Bora\/Golf\/4\/Seat Leon\/1M\/Skoda Octavia\/1U ESP Sensor Duosensor 1J0907655\/1J1907637C","breadcrumb":{"@id":"https:\/\/audi-klaus.at\/shop\/produkt\/audi-a3-8l-vw-bora-golf-4-seat-leon-1m-skoda-octavia-1u-esp-sensor-duosensor-1j0907655-1j1907637c\/#breadcrumb"},"inLanguage":"de-AT","potentialAction":[{"@type":"ReadAction","target":["https:\/\/audi-klaus.at\/shop\/produkt\/audi-a3-8l-vw-bora-golf-4-seat-leon-1m-skoda-octavia-1u-esp-sensor-duosensor-1j0907655-1j1907637c\/"]}]},{"@type":"ImageObject","inLanguage":"de-AT","@id":"https:\/\/audi-klaus.at\/shop\/produkt\/audi-a3-8l-vw-bora-golf-4-seat-leon-1m-skoda-octavia-1u-esp-sensor-duosensor-1j0907655-1j1907637c\/#primaryimage","url":"https:\/\/audi-klaus.at\/shop\/wp-content\/uploads\/2025\/02\/E1299-4.jpg","contentUrl":"https:\/\/audi-klaus.at\/shop\/wp-content\/uploads\/2025\/02\/E1299-4.jpg","width":480,"height":480},{"@type":"BreadcrumbList","@id":"https:\/\/audi-klaus.at\/shop\/produkt\/audi-a3-8l-vw-bora-golf-4-seat-leon-1m-skoda-octavia-1u-esp-sensor-duosensor-1j0907655-1j1907637c\/#breadcrumb","itemListElement":[{"@type":"ListItem","position":1,"name":"Startseite","item":"https:\/\/audi-klaus.at\/shop\/"},{"@type":"ListItem","position":2,"name":"Shop","item":"https:\/\/audi-klaus.at\/shop\/"},{"@type":"ListItem","position":3,"name":"Audi A3\/8L\/Vw Bora\/Golf\/4\/Seat Leon\/1M\/Skoda Octavia\/1U ESP Sensor Duosensor 1J0907655\/1J1907637C"}]},{"@type":"WebSite","@id":"https:\/\/audi-klaus.at\/shop\/#website","url":"https:\/\/audi-klaus.at\/shop\/","name":"Audi-Klaus","description":"Ihr Gebrauchtteile Spezialist f\u00fcr die Marken Audi, VW (VAG)","publisher":{"@id":"https:\/\/audi-klaus.at\/shop\/#organization"},"potentialAction":[{"@type":"SearchAction","target":{"@type":"EntryPoint","urlTemplate":"https:\/\/audi-klaus.at\/shop\/?s={search_term_string}"},"query-input":{"@type":"PropertyValueSpecification","valueRequired":true,"valueName":"search_term_string"}}],"inLanguage":"de-AT"},{"@type":"Organization","@id":"https:\/\/audi-klaus.at\/shop\/#organization","name":"Audi-Klaus","url":"https:\/\/audi-klaus.at\/shop\/","logo":{"@type":"ImageObject","inLanguage":"de-AT","@id":"https:\/\/audi-klaus.at\/shop\/#\/schema\/logo\/image\/","url":"https:\/\/audi-klaus.at\/shop\/wp-content\/uploads\/2024\/10\/Logo-Shop.webp","contentUrl":"https:\/\/audi-klaus.at\/shop\/wp-content\/uploads\/2024\/10\/Logo-Shop.webp","width":470,"height":164,"caption":"Audi-Klaus"},"image":{"@id":"https:\/\/audi-klaus.at\/shop\/#\/schema\/logo\/image\/"},"sameAs":["https:\/\/www.facebook.com\/audi.klaus.1312\/","https:\/\/www.instagram.com\/audi_klaus\/?igshid=1eca3qu2mdayg"]}]}},"_links":{"self":[{"href":"https:\/\/audi-klaus.at\/shop\/wp-json\/wp\/v2\/product\/86925","targetHints":{"allow":["GET"]}}],"collection":[{"href":"https:\/\/audi-klaus.at\/shop\/wp-json\/wp\/v2\/product"}],"about":[{"href":"https:\/\/audi-klaus.at\/shop\/wp-json\/wp\/v2\/types\/product"}],"wp:featuredmedia":[{"embeddable":true,"href":"https:\/\/audi-klaus.at\/shop\/wp-json\/wp\/v2\/media\/86894"}],"wp:attachment":[{"href":"https:\/\/audi-klaus.at\/shop\/wp-json\/wp\/v2\/media?parent=86925"}],"wp:term":[{"taxonomy":"product_brand","embeddable":true,"href":"https:\/\/audi-klaus.at\/shop\/wp-json\/wp\/v2\/product_brand?post=86925"},{"taxonomy":"product_cat","embeddable":true,"href":"https:\/\/audi-klaus.at\/shop\/wp-json\/wp\/v2\/product_cat?post=86925"},{"taxonomy":"product_tag","embeddable":true,"href":"https:\/\/audi-klaus.at\/shop\/wp-json\/wp\/v2\/product_tag?post=86925"}],"curies":[{"name":"wp","href":"https:\/\/api.w.org\/{rel}","templated":true}]}}