{"id":86720,"date":"2025-02-18T11:54:44","date_gmt":"2025-02-18T10:54:44","guid":{"rendered":"https:\/\/audi-klaus.at\/shop\/?post_type=product&#038;p=86720"},"modified":"2026-01-07T22:56:03","modified_gmt":"2026-01-07T21:56:03","slug":"seat-arosa-6h-skoda-octavia-1u-fabia-6y-spannrolle-neu-skf-vkm-31048-vergleichenr-047903315","status":"publish","type":"product","link":"https:\/\/audi-klaus.at\/shop\/produkt\/seat-arosa-6h-skoda-octavia-1u-fabia-6y-spannrolle-neu-skf-vkm-31048-vergleichenr-047903315\/","title":{"rendered":"Seat Arosa\/6H\/Skoda Octavia\/1U\/Fabia\/6Y Spannrolle NEU SKF VKM 31048\/Vergleichenr.: 047903315"},"content":{"rendered":"<h5 class=\"western\"><span style=\"color: #060606;\"><span style=\"font-family: Verdana, serif;\"><span style=\"font-size: small;\"><b>VAG Teilenummer<\/b><\/span><\/span><\/span><span style=\"color: #060606;\"><span style=\"font-family: Verdana, serif;\"><span style=\"font-size: small;\">: SKF VKM 310 48, Vergleichenr.: 047 903 315<\/span><\/span><\/span><\/h5>\n<h5 class=\"western\"><span style=\"color: #060606;\"><span style=\"font-family: Verdana, serif;\"><span style=\"font-size: small;\"><b>Zustand:<\/b><\/span><\/span><\/span><span style=\"color: #060606;\"><span style=\"font-family: Verdana, serif;\"><span style=\"font-size: small;\">\u00a0 <\/span><\/span><\/span><span style=\"color: #060606;\"><span style=\"font-family: Verdana, serif;\"><span style=\"font-size: small;\"><span lang=\"de-DE\">NEU<\/span><\/span><\/span><\/span><\/h5>\n<h5 class=\"western\"><span style=\"color: #060606;\"><span style=\"font-family: Verdana, serif;\"><span style=\"font-size: small;\"><b>Lieferumfang:<\/b><\/span><\/span><\/span><span style=\"color: #060606;\"><span style=\"font-family: Verdana, serif;\"><span style=\"font-size: small;\">\u00a0wie in den Original-Abbildungen angegeben<\/span><\/span><\/span><\/h5>\n<h5 class=\"western\"><span style=\"color: #060606;\"><span style=\"font-family: Verdana, serif;\"><span style=\"font-size: small;\"><b>Hinweis:<\/b><\/span><\/span><\/span><span style=\"color: #060606;\"><span style=\"font-family: Verdana, serif;\"><span style=\"font-size: small;\">\u00a0Bitte \u00fcberpr\u00fcfen Sie vor dem Kauf anhand der eindeutigen Teilenummern, ob der Artikel zum Fahrzeug passt, um R\u00fccksendungen zu vermeiden! Trotz Angabe der entsprechenden Fahrzeugdaten ist eine eindeutige Zuordnung nur \u00fcber die Teilenummer m\u00f6glich! Die abgelesene Teilenummer ist die Teilenummer des Teils, welches geliefert wird. Die Originalteilnummer ist diejenige, die bei Neubestellung f\u00fcr dieses Teil gilt und der m\u00f6glicherweise abweichenden, gelieferten Teilenummer entspricht. <\/span><\/span><\/span><\/h5>\n<h5 class=\"western\"><span style=\"color: #060606;\"><span style=\"font-family: Verdana, serif;\"><span style=\"font-size: small;\"><span lang=\"de-DE\">Neu<\/span><\/span><\/span><\/span><span style=\"color: #060606;\"><span style=\"font-family: Verdana, serif;\"><span style=\"font-size: small;\"> mit Gebrauchsspuren in Form von Verunreinigungen\/ kleinen Kratzern m\u00f6glich.<br \/>\nDie Ware wird ungereinigt geliefert.<\/span><\/span><\/span><\/h5>\n<h5 class=\"western\"><span style=\"color: #060606;\"><span style=\"font-family: Verdana, serif;\"><span style=\"font-size: small;\">Sollten weitere Fragen offen sein, kontaktieren Sie uns bitte unter\u00a0<\/span><\/span><\/span><span style=\"color: #0000ff;\"><u><span style=\"font-family: Verdana, serif;\"><span style=\"font-size: small;\">office@audi-klaus.a<\/span><\/span><\/u><\/span><\/h5>\n","protected":false},"excerpt":{"rendered":"<h5 class=\"western\"><strong><span style=\"color: #000000;\"><span style=\"font-family: Source Sans Pro, serif;\"><span style=\"font-size: x-large;\"><b>Marke: Seat\/Skoda<br \/>\nModell: Arosa\/Octavia\/Fabia<br \/>\nTyp: 6H\/1U\/6Y<\/b><\/span><\/span><\/span><\/strong><\/h5>\n<h5 class=\"western\"><strong><span style=\"color: #c9211e;\"><span style=\"font-family: Source Sans Pro, serif;\"><span style=\"font-size: large;\">1,0l \/ 1,4l<\/span><\/span><\/span><\/strong><\/h5>\n","protected":false},"featured_media":86650,"template":"","meta":[],"product_brand":[],"product_cat":[2105,2488,2053],"product_tag":[31506,31507,31508],"class_list":{"0":"post-86720","1":"product","2":"type-product","3":"status-publish","4":"has-post-thumbnail","6":"product_cat-motor-getriebe-1-1u-1996-2000","7":"product_cat-motor-getriebe-1997-2004","8":"product_cat-motor-getriebe-1-6y-1999-2007","9":"product_tag-skf-vkm-31048","10":"product_tag-31507","11":"product_tag-m2202","13":"first","14":"instock","15":"taxable","16":"shipping-taxable","17":"purchasable","18":"product-type-simple"},"yoast_head":"<!-- This site is optimized with the Yoast SEO plugin v27.6 - https:\/\/yoast.com\/product\/yoast-seo-wordpress\/ -->\n<title>Seat Arosa\/6H\/Skoda Octavia\/1U\/Fabia\/6Y Spannrolle NEU SKF VKM 31048\/Vergleichenr.: 047903315 - Audi-Klaus<\/title>\n<meta name=\"description\" content=\"Audi-Klaus Seat Arosa\/6H\/Skoda Octavia\/1U\/Fabia\/6Y Spannrolle NEU SKF VKM 31048\/Vergleichenr.: 047903315 Seat Arosa\/6H\/Skoda Octavia\/1U\/Fabia\/6Y Spannrolle NEU SKF VKM 31048\/Vergleichenr.: 047903315\" \/>\n<meta name=\"robots\" content=\"index, follow, max-snippet:-1, max-image-preview:large, max-video-preview:-1\" \/>\n<link rel=\"canonical\" href=\"https:\/\/audi-klaus.at\/shop\/produkt\/seat-arosa-6h-skoda-octavia-1u-fabia-6y-spannrolle-neu-skf-vkm-31048-vergleichenr-047903315\/\" \/>\n<meta property=\"og:locale\" content=\"de_DE\" \/>\n<meta property=\"og:type\" content=\"article\" \/>\n<meta property=\"og:title\" content=\"Seat Arosa\/6H\/Skoda Octavia\/1U\/Fabia\/6Y Spannrolle NEU SKF VKM 31048\/Vergleichenr.: 047903315 - Audi-Klaus\" \/>\n<meta property=\"og:description\" content=\"Audi-Klaus Seat Arosa\/6H\/Skoda Octavia\/1U\/Fabia\/6Y Spannrolle NEU SKF VKM 31048\/Vergleichenr.: 047903315 Seat Arosa\/6H\/Skoda Octavia\/1U\/Fabia\/6Y Spannrolle NEU SKF VKM 31048\/Vergleichenr.: 047903315\" \/>\n<meta property=\"og:url\" content=\"https:\/\/audi-klaus.at\/shop\/produkt\/seat-arosa-6h-skoda-octavia-1u-fabia-6y-spannrolle-neu-skf-vkm-31048-vergleichenr-047903315\/\" \/>\n<meta property=\"og:site_name\" content=\"Audi-Klaus\" \/>\n<meta property=\"article:publisher\" content=\"https:\/\/www.facebook.com\/audi.klaus.1312\/\" \/>\n<meta property=\"article:modified_time\" content=\"2026-01-07T21:56:03+00:00\" \/>\n<meta property=\"og:image\" content=\"https:\/\/audi-klaus.at\/shop\/wp-content\/uploads\/2025\/02\/M2202-2.jpg\" \/>\n\t<meta property=\"og:image:width\" content=\"480\" \/>\n\t<meta property=\"og:image:height\" content=\"480\" \/>\n\t<meta property=\"og:image:type\" content=\"image\/jpeg\" \/>\n<meta name=\"twitter:card\" content=\"summary_large_image\" \/>\n<meta name=\"twitter:label1\" content=\"Gesch\u00e4tzte Lesezeit\" \/>\n\t<meta name=\"twitter:data1\" content=\"1 Minute\" \/>\n<script type=\"application\/ld+json\" class=\"yoast-schema-graph\">{\"@context\":\"https:\\\/\\\/schema.org\",\"@graph\":[{\"@type\":\"WebPage\",\"@id\":\"https:\\\/\\\/audi-klaus.at\\\/shop\\\/produkt\\\/seat-arosa-6h-skoda-octavia-1u-fabia-6y-spannrolle-neu-skf-vkm-31048-vergleichenr-047903315\\\/\",\"url\":\"https:\\\/\\\/audi-klaus.at\\\/shop\\\/produkt\\\/seat-arosa-6h-skoda-octavia-1u-fabia-6y-spannrolle-neu-skf-vkm-31048-vergleichenr-047903315\\\/\",\"name\":\"Seat Arosa\\\/6H\\\/Skoda Octavia\\\/1U\\\/Fabia\\\/6Y Spannrolle NEU SKF VKM 31048\\\/Vergleichenr.: 047903315 - Audi-Klaus\",\"isPartOf\":{\"@id\":\"https:\\\/\\\/audi-klaus.at\\\/shop\\\/#website\"},\"primaryImageOfPage\":{\"@id\":\"https:\\\/\\\/audi-klaus.at\\\/shop\\\/produkt\\\/seat-arosa-6h-skoda-octavia-1u-fabia-6y-spannrolle-neu-skf-vkm-31048-vergleichenr-047903315\\\/#primaryimage\"},\"image\":{\"@id\":\"https:\\\/\\\/audi-klaus.at\\\/shop\\\/produkt\\\/seat-arosa-6h-skoda-octavia-1u-fabia-6y-spannrolle-neu-skf-vkm-31048-vergleichenr-047903315\\\/#primaryimage\"},\"thumbnailUrl\":\"https:\\\/\\\/audi-klaus.at\\\/shop\\\/wp-content\\\/uploads\\\/2025\\\/02\\\/M2202-2.jpg\",\"datePublished\":\"2025-02-18T10:54:44+00:00\",\"dateModified\":\"2026-01-07T21:56:03+00:00\",\"description\":\"Audi-Klaus Seat Arosa\\\/6H\\\/Skoda Octavia\\\/1U\\\/Fabia\\\/6Y Spannrolle NEU SKF VKM 31048\\\/Vergleichenr.: 047903315 Seat Arosa\\\/6H\\\/Skoda Octavia\\\/1U\\\/Fabia\\\/6Y Spannrolle NEU SKF VKM 31048\\\/Vergleichenr.: 047903315\",\"breadcrumb\":{\"@id\":\"https:\\\/\\\/audi-klaus.at\\\/shop\\\/produkt\\\/seat-arosa-6h-skoda-octavia-1u-fabia-6y-spannrolle-neu-skf-vkm-31048-vergleichenr-047903315\\\/#breadcrumb\"},\"inLanguage\":\"de-AT\",\"potentialAction\":[{\"@type\":\"ReadAction\",\"target\":[\"https:\\\/\\\/audi-klaus.at\\\/shop\\\/produkt\\\/seat-arosa-6h-skoda-octavia-1u-fabia-6y-spannrolle-neu-skf-vkm-31048-vergleichenr-047903315\\\/\"]}]},{\"@type\":\"ImageObject\",\"inLanguage\":\"de-AT\",\"@id\":\"https:\\\/\\\/audi-klaus.at\\\/shop\\\/produkt\\\/seat-arosa-6h-skoda-octavia-1u-fabia-6y-spannrolle-neu-skf-vkm-31048-vergleichenr-047903315\\\/#primaryimage\",\"url\":\"https:\\\/\\\/audi-klaus.at\\\/shop\\\/wp-content\\\/uploads\\\/2025\\\/02\\\/M2202-2.jpg\",\"contentUrl\":\"https:\\\/\\\/audi-klaus.at\\\/shop\\\/wp-content\\\/uploads\\\/2025\\\/02\\\/M2202-2.jpg\",\"width\":480,\"height\":480},{\"@type\":\"BreadcrumbList\",\"@id\":\"https:\\\/\\\/audi-klaus.at\\\/shop\\\/produkt\\\/seat-arosa-6h-skoda-octavia-1u-fabia-6y-spannrolle-neu-skf-vkm-31048-vergleichenr-047903315\\\/#breadcrumb\",\"itemListElement\":[{\"@type\":\"ListItem\",\"position\":1,\"name\":\"Startseite\",\"item\":\"https:\\\/\\\/audi-klaus.at\\\/shop\\\/\"},{\"@type\":\"ListItem\",\"position\":2,\"name\":\"Shop\",\"item\":\"https:\\\/\\\/audi-klaus.at\\\/shop\\\/\"},{\"@type\":\"ListItem\",\"position\":3,\"name\":\"Seat Arosa\\\/6H\\\/Skoda Octavia\\\/1U\\\/Fabia\\\/6Y Spannrolle NEU SKF VKM 31048\\\/Vergleichenr.: 047903315\"}]},{\"@type\":\"WebSite\",\"@id\":\"https:\\\/\\\/audi-klaus.at\\\/shop\\\/#website\",\"url\":\"https:\\\/\\\/audi-klaus.at\\\/shop\\\/\",\"name\":\"Audi-Klaus\",\"description\":\"Ihr Gebrauchtteile Spezialist f\u00fcr die Marken Audi, VW (VAG)\",\"publisher\":{\"@id\":\"https:\\\/\\\/audi-klaus.at\\\/shop\\\/#organization\"},\"potentialAction\":[{\"@type\":\"SearchAction\",\"target\":{\"@type\":\"EntryPoint\",\"urlTemplate\":\"https:\\\/\\\/audi-klaus.at\\\/shop\\\/?s={search_term_string}\"},\"query-input\":{\"@type\":\"PropertyValueSpecification\",\"valueRequired\":true,\"valueName\":\"search_term_string\"}}],\"inLanguage\":\"de-AT\"},{\"@type\":\"Organization\",\"@id\":\"https:\\\/\\\/audi-klaus.at\\\/shop\\\/#organization\",\"name\":\"Audi-Klaus\",\"url\":\"https:\\\/\\\/audi-klaus.at\\\/shop\\\/\",\"logo\":{\"@type\":\"ImageObject\",\"inLanguage\":\"de-AT\",\"@id\":\"https:\\\/\\\/audi-klaus.at\\\/shop\\\/#\\\/schema\\\/logo\\\/image\\\/\",\"url\":\"https:\\\/\\\/audi-klaus.at\\\/shop\\\/wp-content\\\/uploads\\\/2024\\\/10\\\/Logo-Shop.webp\",\"contentUrl\":\"https:\\\/\\\/audi-klaus.at\\\/shop\\\/wp-content\\\/uploads\\\/2024\\\/10\\\/Logo-Shop.webp\",\"width\":470,\"height\":164,\"caption\":\"Audi-Klaus\"},\"image\":{\"@id\":\"https:\\\/\\\/audi-klaus.at\\\/shop\\\/#\\\/schema\\\/logo\\\/image\\\/\"},\"sameAs\":[\"https:\\\/\\\/www.facebook.com\\\/audi.klaus.1312\\\/\",\"https:\\\/\\\/www.instagram.com\\\/audi_klaus\\\/?igshid=1eca3qu2mdayg\"]}]}<\/script>\n<!-- \/ Yoast SEO plugin. -->","yoast_head_json":{"title":"Seat Arosa\/6H\/Skoda Octavia\/1U\/Fabia\/6Y Spannrolle NEU SKF VKM 31048\/Vergleichenr.: 047903315 - Audi-Klaus","description":"Audi-Klaus Seat Arosa\/6H\/Skoda Octavia\/1U\/Fabia\/6Y Spannrolle NEU SKF VKM 31048\/Vergleichenr.: 047903315 Seat Arosa\/6H\/Skoda Octavia\/1U\/Fabia\/6Y Spannrolle NEU SKF VKM 31048\/Vergleichenr.: 047903315","robots":{"index":"index","follow":"follow","max-snippet":"max-snippet:-1","max-image-preview":"max-image-preview:large","max-video-preview":"max-video-preview:-1"},"canonical":"https:\/\/audi-klaus.at\/shop\/produkt\/seat-arosa-6h-skoda-octavia-1u-fabia-6y-spannrolle-neu-skf-vkm-31048-vergleichenr-047903315\/","og_locale":"de_DE","og_type":"article","og_title":"Seat Arosa\/6H\/Skoda Octavia\/1U\/Fabia\/6Y Spannrolle NEU SKF VKM 31048\/Vergleichenr.: 047903315 - Audi-Klaus","og_description":"Audi-Klaus Seat Arosa\/6H\/Skoda Octavia\/1U\/Fabia\/6Y Spannrolle NEU SKF VKM 31048\/Vergleichenr.: 047903315 Seat Arosa\/6H\/Skoda Octavia\/1U\/Fabia\/6Y Spannrolle NEU SKF VKM 31048\/Vergleichenr.: 047903315","og_url":"https:\/\/audi-klaus.at\/shop\/produkt\/seat-arosa-6h-skoda-octavia-1u-fabia-6y-spannrolle-neu-skf-vkm-31048-vergleichenr-047903315\/","og_site_name":"Audi-Klaus","article_publisher":"https:\/\/www.facebook.com\/audi.klaus.1312\/","article_modified_time":"2026-01-07T21:56:03+00:00","og_image":[{"width":480,"height":480,"url":"https:\/\/audi-klaus.at\/shop\/wp-content\/uploads\/2025\/02\/M2202-2.jpg","type":"image\/jpeg"}],"twitter_card":"summary_large_image","twitter_misc":{"Gesch\u00e4tzte Lesezeit":"1 Minute"},"schema":{"@context":"https:\/\/schema.org","@graph":[{"@type":"WebPage","@id":"https:\/\/audi-klaus.at\/shop\/produkt\/seat-arosa-6h-skoda-octavia-1u-fabia-6y-spannrolle-neu-skf-vkm-31048-vergleichenr-047903315\/","url":"https:\/\/audi-klaus.at\/shop\/produkt\/seat-arosa-6h-skoda-octavia-1u-fabia-6y-spannrolle-neu-skf-vkm-31048-vergleichenr-047903315\/","name":"Seat Arosa\/6H\/Skoda Octavia\/1U\/Fabia\/6Y Spannrolle NEU SKF VKM 31048\/Vergleichenr.: 047903315 - Audi-Klaus","isPartOf":{"@id":"https:\/\/audi-klaus.at\/shop\/#website"},"primaryImageOfPage":{"@id":"https:\/\/audi-klaus.at\/shop\/produkt\/seat-arosa-6h-skoda-octavia-1u-fabia-6y-spannrolle-neu-skf-vkm-31048-vergleichenr-047903315\/#primaryimage"},"image":{"@id":"https:\/\/audi-klaus.at\/shop\/produkt\/seat-arosa-6h-skoda-octavia-1u-fabia-6y-spannrolle-neu-skf-vkm-31048-vergleichenr-047903315\/#primaryimage"},"thumbnailUrl":"https:\/\/audi-klaus.at\/shop\/wp-content\/uploads\/2025\/02\/M2202-2.jpg","datePublished":"2025-02-18T10:54:44+00:00","dateModified":"2026-01-07T21:56:03+00:00","description":"Audi-Klaus Seat Arosa\/6H\/Skoda Octavia\/1U\/Fabia\/6Y Spannrolle NEU SKF VKM 31048\/Vergleichenr.: 047903315 Seat Arosa\/6H\/Skoda Octavia\/1U\/Fabia\/6Y Spannrolle NEU SKF VKM 31048\/Vergleichenr.: 047903315","breadcrumb":{"@id":"https:\/\/audi-klaus.at\/shop\/produkt\/seat-arosa-6h-skoda-octavia-1u-fabia-6y-spannrolle-neu-skf-vkm-31048-vergleichenr-047903315\/#breadcrumb"},"inLanguage":"de-AT","potentialAction":[{"@type":"ReadAction","target":["https:\/\/audi-klaus.at\/shop\/produkt\/seat-arosa-6h-skoda-octavia-1u-fabia-6y-spannrolle-neu-skf-vkm-31048-vergleichenr-047903315\/"]}]},{"@type":"ImageObject","inLanguage":"de-AT","@id":"https:\/\/audi-klaus.at\/shop\/produkt\/seat-arosa-6h-skoda-octavia-1u-fabia-6y-spannrolle-neu-skf-vkm-31048-vergleichenr-047903315\/#primaryimage","url":"https:\/\/audi-klaus.at\/shop\/wp-content\/uploads\/2025\/02\/M2202-2.jpg","contentUrl":"https:\/\/audi-klaus.at\/shop\/wp-content\/uploads\/2025\/02\/M2202-2.jpg","width":480,"height":480},{"@type":"BreadcrumbList","@id":"https:\/\/audi-klaus.at\/shop\/produkt\/seat-arosa-6h-skoda-octavia-1u-fabia-6y-spannrolle-neu-skf-vkm-31048-vergleichenr-047903315\/#breadcrumb","itemListElement":[{"@type":"ListItem","position":1,"name":"Startseite","item":"https:\/\/audi-klaus.at\/shop\/"},{"@type":"ListItem","position":2,"name":"Shop","item":"https:\/\/audi-klaus.at\/shop\/"},{"@type":"ListItem","position":3,"name":"Seat Arosa\/6H\/Skoda Octavia\/1U\/Fabia\/6Y Spannrolle NEU SKF VKM 31048\/Vergleichenr.: 047903315"}]},{"@type":"WebSite","@id":"https:\/\/audi-klaus.at\/shop\/#website","url":"https:\/\/audi-klaus.at\/shop\/","name":"Audi-Klaus","description":"Ihr Gebrauchtteile Spezialist f\u00fcr die Marken Audi, VW (VAG)","publisher":{"@id":"https:\/\/audi-klaus.at\/shop\/#organization"},"potentialAction":[{"@type":"SearchAction","target":{"@type":"EntryPoint","urlTemplate":"https:\/\/audi-klaus.at\/shop\/?s={search_term_string}"},"query-input":{"@type":"PropertyValueSpecification","valueRequired":true,"valueName":"search_term_string"}}],"inLanguage":"de-AT"},{"@type":"Organization","@id":"https:\/\/audi-klaus.at\/shop\/#organization","name":"Audi-Klaus","url":"https:\/\/audi-klaus.at\/shop\/","logo":{"@type":"ImageObject","inLanguage":"de-AT","@id":"https:\/\/audi-klaus.at\/shop\/#\/schema\/logo\/image\/","url":"https:\/\/audi-klaus.at\/shop\/wp-content\/uploads\/2024\/10\/Logo-Shop.webp","contentUrl":"https:\/\/audi-klaus.at\/shop\/wp-content\/uploads\/2024\/10\/Logo-Shop.webp","width":470,"height":164,"caption":"Audi-Klaus"},"image":{"@id":"https:\/\/audi-klaus.at\/shop\/#\/schema\/logo\/image\/"},"sameAs":["https:\/\/www.facebook.com\/audi.klaus.1312\/","https:\/\/www.instagram.com\/audi_klaus\/?igshid=1eca3qu2mdayg"]}]}},"_links":{"self":[{"href":"https:\/\/audi-klaus.at\/shop\/wp-json\/wp\/v2\/product\/86720","targetHints":{"allow":["GET"]}}],"collection":[{"href":"https:\/\/audi-klaus.at\/shop\/wp-json\/wp\/v2\/product"}],"about":[{"href":"https:\/\/audi-klaus.at\/shop\/wp-json\/wp\/v2\/types\/product"}],"wp:featuredmedia":[{"embeddable":true,"href":"https:\/\/audi-klaus.at\/shop\/wp-json\/wp\/v2\/media\/86650"}],"wp:attachment":[{"href":"https:\/\/audi-klaus.at\/shop\/wp-json\/wp\/v2\/media?parent=86720"}],"wp:term":[{"taxonomy":"product_brand","embeddable":true,"href":"https:\/\/audi-klaus.at\/shop\/wp-json\/wp\/v2\/product_brand?post=86720"},{"taxonomy":"product_cat","embeddable":true,"href":"https:\/\/audi-klaus.at\/shop\/wp-json\/wp\/v2\/product_cat?post=86720"},{"taxonomy":"product_tag","embeddable":true,"href":"https:\/\/audi-klaus.at\/shop\/wp-json\/wp\/v2\/product_tag?post=86720"}],"curies":[{"name":"wp","href":"https:\/\/api.w.org\/{rel}","templated":true}]}}