{"id":86182,"date":"2025-02-11T16:02:37","date_gmt":"2025-02-11T15:02:37","guid":{"rendered":"https:\/\/audi-klaus.at\/shop\/?post_type=product&#038;p=86182"},"modified":"2026-05-01T12:06:36","modified_gmt":"2026-05-01T10:06:36","slug":"audi-80-90-coupe-urquattro-b2-vw-golf-jetta-scirocco-2-passat-santana-b2-gummibuchse-fuer-gaspedal-neu-vergleichsnr-431721559","status":"publish","type":"product","link":"https:\/\/audi-klaus.at\/shop\/produkt\/audi-80-90-coupe-urquattro-b2-vw-golf-jetta-scirocco-2-passat-santana-b2-gummibuchse-fuer-gaspedal-neu-vergleichsnr-431721559\/","title":{"rendered":"Audi 80\/90\/Coup\u00e9\/Urquattro\/B2\/Vw Golf\/Jetta\/Scirocco\/2\/Passat\/Santana\/B2 Gummibuchse f\u00fcr Gaspedal NEU Vergleichsnr.: 431721559"},"content":{"rendered":"<h5 class=\"western\"><span style=\"color: #060606\"><span style=\"font-family: Verdana, serif\"><span style=\"font-size: small\"><b>VAG Teilenummer<\/b><\/span><\/span><\/span><span style=\"color: #060606\"><span style=\"font-family: Verdana, serif\"><span style=\"font-size: small\">: Vergleichsnr.: 431 721 559<\/span><\/span><\/span><\/h5>\n<h5 class=\"western\"><span style=\"color: #060606\"><span style=\"font-family: Verdana, serif\"><span style=\"font-size: small\"><b>Zustand:<\/b><\/span><\/span><\/span><span style=\"color: #060606\"><span style=\"font-family: Verdana, serif\"><span style=\"font-size: small\">\u00a0 <\/span><\/span><\/span><span style=\"color: #060606\"><span style=\"font-family: Verdana, serif\"><span style=\"font-size: small\"><span lang=\"de-DE\">NEU Nachfertigung<\/span><\/span><\/span><\/span><\/h5>\n<h5 class=\"western\"><span style=\"color: #060606\"><span style=\"font-family: Verdana, serif\"><span style=\"font-size: small\"><b>Lieferumfang:<\/b><\/span><\/span><\/span><span style=\"color: #060606\"><span style=\"font-family: Verdana, serif\"><span style=\"font-size: small\">\u00a0wie in den Original-Abbildungen angegeben<\/span><\/span><\/span><\/h5>\n<h5 class=\"western\"><span style=\"color: #060606\"><span style=\"font-family: Verdana, serif\"><span style=\"font-size: small\"><b>Hinweis:<\/b><\/span><\/span><\/span><span style=\"color: #060606\"><span style=\"font-family: Verdana, serif\"><span style=\"font-size: small\">\u00a0Bitte \u00fcberpr\u00fcfen Sie vor dem Kauf anhand der eindeutigen Teilenummern, ob der Artikel zum Fahrzeug passt, um R\u00fccksendungen zu vermeiden! Trotz Angabe der entsprechenden Fahrzeugdaten ist eine eindeutige Zuordnung nur \u00fcber die Teilenummer m\u00f6glich! Die abgelesene Teilenummer ist die Teilenummer des Teils, welches geliefert wird. Die Originalteilnummer ist diejenige, die bei Neubestellung f\u00fcr dieses Teil gilt und der m\u00f6glicherweise abweichenden, gelieferten Teilenummer entspricht. <\/span><\/span><\/span><\/h5>\n<h5 class=\"western\"><span style=\"color: #060606\"><span style=\"font-family: Verdana, serif\"><span style=\"font-size: small\"><span lang=\"de-DE\">Neu<\/span><\/span><\/span><\/span><span style=\"color: #060606\"><span style=\"font-family: Verdana, serif\"><span style=\"font-size: small\"> mit Gebrauchsspuren in Form von Verunreinigungen\/ kleinen Kratzern m\u00f6glich.<br \/>\nDie Ware wird ungereinigt geliefert.<\/span><\/span><\/span><\/h5>\n<h5 class=\"western\"><span style=\"color: #060606\"><span style=\"font-family: Verdana, serif\"><span style=\"font-size: small\">Sollten weitere Fragen offen sein, kontaktieren Sie uns bitte unter\u00a0<\/span><\/span><\/span><span style=\"color: #0000ff\"><u><span style=\"font-family: Verdana, serif\"><span style=\"font-size: small\">office@audi-klaus.at<\/span><\/span><\/u><\/span><\/h5>\n","protected":false},"excerpt":{"rendered":"<h5 class=\"western\"><strong><span style=\"color: #000000\"><span style=\"font-family: Source Sans Pro, serif\"><span style=\"font-size: x-large\"><b>Marke: Audi\/Vw<br \/>\nModell: 80\/90\/Coup\u00e9\/Urquattro\/Golf\/Jetta\/Scirocco\/Passat\/Santana<br \/>\nTyp: B2\/2\/B2<\/b><\/span><\/span><\/span><\/strong><\/h5>\n<p class=\"western\"><strong><span style=\"color: #c9211e\"><span style=\"font-family: Source Sans Pro, serif\"><span style=\"font-size: large\">Nachfertigung!!<\/span><\/span><\/span><\/strong><\/p>\n","protected":false},"featured_media":86184,"template":"","meta":[],"product_brand":[],"product_cat":[1170,31496,1176,32,1177,78,1194,80,1205,86,1212,154,1230,166,1238,1164,7179,1165,1167],"product_tag":[31197,31196],"class_list":{"0":"post-86182","1":"product","2":"type-product","3":"status-publish","4":"has-post-thumbnail","6":"product_cat-scirocco","7":"product_cat-nachfertigungen","8":"product_cat-passat","9":"product_cat-audi","10":"product_cat-santana","11":"product_cat-78","12":"product_cat-2-191-1983-1992","13":"product_cat-b2-typ81-85-78","14":"product_cat-2-165-1983-1992","15":"product_cat-b2-type81-85-80","16":"product_cat-2-53b-1981-1992","17":"product_cat-154","18":"product_cat-b2-32b-1980-1988","19":"product_cat-b2-type81-85-1984-1987","20":"product_cat-b2-1981","21":"product_cat-vw","22":"product_cat-kleinmaterial","23":"product_cat-golf","24":"product_cat-jetta","25":"product_tag-c2281","26":"product_tag-31196","28":"first","29":"instock","30":"taxable","31":"shipping-taxable","32":"purchasable","33":"product-type-simple"},"yoast_head":"<!-- This site is optimized with the Yoast SEO plugin v27.6 - https:\/\/yoast.com\/product\/yoast-seo-wordpress\/ -->\n<title>Audi 80\/90\/Coup\u00e9\/Urquattro\/B2\/Vw Golf\/Jetta\/Scirocco\/2\/Passat\/Santana\/B2 Gummibuchse f\u00fcr Gaspedal NEU Vergleichsnr.: 431721559 - Audi-Klaus<\/title>\n<meta name=\"description\" content=\"Audi-Klaus Audi 80\/90\/Coup\u00e9\/Urquattro\/B2\/Vw Golf\/Jetta\/Scirocco\/2\/Passat\/Santana\/B2 Gummibuchse f\u00fcr Gaspedal NEU Vergleichsnr.: 431721559 Audi 80\/90\/Coup\u00e9\/Urquattro\/B2\/Vw Golf\/Jetta\/Scirocco\/2\/Passat\/Santana\/B2 Gummibuchse f\u00fcr Gaspedal NEU Vergleichsnr.: 431721559\" \/>\n<meta name=\"robots\" content=\"index, follow, max-snippet:-1, max-image-preview:large, max-video-preview:-1\" \/>\n<link rel=\"canonical\" href=\"https:\/\/audi-klaus.at\/shop\/produkt\/audi-80-90-coupe-urquattro-b2-vw-golf-jetta-scirocco-2-passat-santana-b2-gummibuchse-fuer-gaspedal-neu-vergleichsnr-431721559\/\" \/>\n<meta property=\"og:locale\" content=\"de_DE\" \/>\n<meta property=\"og:type\" content=\"article\" \/>\n<meta property=\"og:title\" content=\"Audi 80\/90\/Coup\u00e9\/Urquattro\/B2\/Vw Golf\/Jetta\/Scirocco\/2\/Passat\/Santana\/B2 Gummibuchse f\u00fcr Gaspedal NEU Vergleichsnr.: 431721559 - Audi-Klaus\" \/>\n<meta property=\"og:description\" content=\"Audi-Klaus Audi 80\/90\/Coup\u00e9\/Urquattro\/B2\/Vw Golf\/Jetta\/Scirocco\/2\/Passat\/Santana\/B2 Gummibuchse f\u00fcr Gaspedal NEU Vergleichsnr.: 431721559 Audi 80\/90\/Coup\u00e9\/Urquattro\/B2\/Vw Golf\/Jetta\/Scirocco\/2\/Passat\/Santana\/B2 Gummibuchse f\u00fcr Gaspedal NEU Vergleichsnr.: 431721559\" \/>\n<meta property=\"og:url\" content=\"https:\/\/audi-klaus.at\/shop\/produkt\/audi-80-90-coupe-urquattro-b2-vw-golf-jetta-scirocco-2-passat-santana-b2-gummibuchse-fuer-gaspedal-neu-vergleichsnr-431721559\/\" \/>\n<meta property=\"og:site_name\" content=\"Audi-Klaus\" \/>\n<meta property=\"article:publisher\" content=\"https:\/\/www.facebook.com\/audi.klaus.1312\/\" \/>\n<meta property=\"article:modified_time\" content=\"2026-05-01T10:06:36+00:00\" \/>\n<meta property=\"og:image\" content=\"https:\/\/audi-klaus.at\/shop\/wp-content\/uploads\/2025\/02\/C2281-1.jpg\" \/>\n\t<meta property=\"og:image:width\" content=\"480\" \/>\n\t<meta property=\"og:image:height\" content=\"480\" \/>\n\t<meta property=\"og:image:type\" content=\"image\/jpeg\" \/>\n<meta name=\"twitter:card\" content=\"summary_large_image\" \/>\n<meta name=\"twitter:label1\" content=\"Gesch\u00e4tzte Lesezeit\" \/>\n\t<meta name=\"twitter:data1\" content=\"1 Minute\" \/>\n<script type=\"application\/ld+json\" class=\"yoast-schema-graph\">{\"@context\":\"https:\\\/\\\/schema.org\",\"@graph\":[{\"@type\":\"WebPage\",\"@id\":\"https:\\\/\\\/audi-klaus.at\\\/shop\\\/produkt\\\/audi-80-90-coupe-urquattro-b2-vw-golf-jetta-scirocco-2-passat-santana-b2-gummibuchse-fuer-gaspedal-neu-vergleichsnr-431721559\\\/\",\"url\":\"https:\\\/\\\/audi-klaus.at\\\/shop\\\/produkt\\\/audi-80-90-coupe-urquattro-b2-vw-golf-jetta-scirocco-2-passat-santana-b2-gummibuchse-fuer-gaspedal-neu-vergleichsnr-431721559\\\/\",\"name\":\"Audi 80\\\/90\\\/Coup\u00e9\\\/Urquattro\\\/B2\\\/Vw Golf\\\/Jetta\\\/Scirocco\\\/2\\\/Passat\\\/Santana\\\/B2 Gummibuchse f\u00fcr Gaspedal NEU Vergleichsnr.: 431721559 - Audi-Klaus\",\"isPartOf\":{\"@id\":\"https:\\\/\\\/audi-klaus.at\\\/shop\\\/#website\"},\"primaryImageOfPage\":{\"@id\":\"https:\\\/\\\/audi-klaus.at\\\/shop\\\/produkt\\\/audi-80-90-coupe-urquattro-b2-vw-golf-jetta-scirocco-2-passat-santana-b2-gummibuchse-fuer-gaspedal-neu-vergleichsnr-431721559\\\/#primaryimage\"},\"image\":{\"@id\":\"https:\\\/\\\/audi-klaus.at\\\/shop\\\/produkt\\\/audi-80-90-coupe-urquattro-b2-vw-golf-jetta-scirocco-2-passat-santana-b2-gummibuchse-fuer-gaspedal-neu-vergleichsnr-431721559\\\/#primaryimage\"},\"thumbnailUrl\":\"https:\\\/\\\/audi-klaus.at\\\/shop\\\/wp-content\\\/uploads\\\/2025\\\/02\\\/C2281-1.jpg\",\"datePublished\":\"2025-02-11T15:02:37+00:00\",\"dateModified\":\"2026-05-01T10:06:36+00:00\",\"description\":\"Audi-Klaus Audi 80\\\/90\\\/Coup\u00e9\\\/Urquattro\\\/B2\\\/Vw Golf\\\/Jetta\\\/Scirocco\\\/2\\\/Passat\\\/Santana\\\/B2 Gummibuchse f\u00fcr Gaspedal NEU Vergleichsnr.: 431721559 Audi 80\\\/90\\\/Coup\u00e9\\\/Urquattro\\\/B2\\\/Vw Golf\\\/Jetta\\\/Scirocco\\\/2\\\/Passat\\\/Santana\\\/B2 Gummibuchse f\u00fcr Gaspedal NEU Vergleichsnr.: 431721559\",\"breadcrumb\":{\"@id\":\"https:\\\/\\\/audi-klaus.at\\\/shop\\\/produkt\\\/audi-80-90-coupe-urquattro-b2-vw-golf-jetta-scirocco-2-passat-santana-b2-gummibuchse-fuer-gaspedal-neu-vergleichsnr-431721559\\\/#breadcrumb\"},\"inLanguage\":\"de-AT\",\"potentialAction\":[{\"@type\":\"ReadAction\",\"target\":[\"https:\\\/\\\/audi-klaus.at\\\/shop\\\/produkt\\\/audi-80-90-coupe-urquattro-b2-vw-golf-jetta-scirocco-2-passat-santana-b2-gummibuchse-fuer-gaspedal-neu-vergleichsnr-431721559\\\/\"]}]},{\"@type\":\"ImageObject\",\"inLanguage\":\"de-AT\",\"@id\":\"https:\\\/\\\/audi-klaus.at\\\/shop\\\/produkt\\\/audi-80-90-coupe-urquattro-b2-vw-golf-jetta-scirocco-2-passat-santana-b2-gummibuchse-fuer-gaspedal-neu-vergleichsnr-431721559\\\/#primaryimage\",\"url\":\"https:\\\/\\\/audi-klaus.at\\\/shop\\\/wp-content\\\/uploads\\\/2025\\\/02\\\/C2281-1.jpg\",\"contentUrl\":\"https:\\\/\\\/audi-klaus.at\\\/shop\\\/wp-content\\\/uploads\\\/2025\\\/02\\\/C2281-1.jpg\",\"width\":480,\"height\":480},{\"@type\":\"BreadcrumbList\",\"@id\":\"https:\\\/\\\/audi-klaus.at\\\/shop\\\/produkt\\\/audi-80-90-coupe-urquattro-b2-vw-golf-jetta-scirocco-2-passat-santana-b2-gummibuchse-fuer-gaspedal-neu-vergleichsnr-431721559\\\/#breadcrumb\",\"itemListElement\":[{\"@type\":\"ListItem\",\"position\":1,\"name\":\"Startseite\",\"item\":\"https:\\\/\\\/audi-klaus.at\\\/shop\\\/\"},{\"@type\":\"ListItem\",\"position\":2,\"name\":\"Shop\",\"item\":\"https:\\\/\\\/audi-klaus.at\\\/shop\\\/\"},{\"@type\":\"ListItem\",\"position\":3,\"name\":\"Audi 80\\\/90\\\/Coup\u00e9\\\/Urquattro\\\/B2\\\/Vw Golf\\\/Jetta\\\/Scirocco\\\/2\\\/Passat\\\/Santana\\\/B2 Gummibuchse f\u00fcr Gaspedal NEU Vergleichsnr.: 431721559\"}]},{\"@type\":\"WebSite\",\"@id\":\"https:\\\/\\\/audi-klaus.at\\\/shop\\\/#website\",\"url\":\"https:\\\/\\\/audi-klaus.at\\\/shop\\\/\",\"name\":\"Audi-Klaus\",\"description\":\"Ihr Gebrauchtteile Spezialist f\u00fcr die Marken Audi, VW (VAG)\",\"publisher\":{\"@id\":\"https:\\\/\\\/audi-klaus.at\\\/shop\\\/#organization\"},\"potentialAction\":[{\"@type\":\"SearchAction\",\"target\":{\"@type\":\"EntryPoint\",\"urlTemplate\":\"https:\\\/\\\/audi-klaus.at\\\/shop\\\/?s={search_term_string}\"},\"query-input\":{\"@type\":\"PropertyValueSpecification\",\"valueRequired\":true,\"valueName\":\"search_term_string\"}}],\"inLanguage\":\"de-AT\"},{\"@type\":\"Organization\",\"@id\":\"https:\\\/\\\/audi-klaus.at\\\/shop\\\/#organization\",\"name\":\"Audi-Klaus\",\"url\":\"https:\\\/\\\/audi-klaus.at\\\/shop\\\/\",\"logo\":{\"@type\":\"ImageObject\",\"inLanguage\":\"de-AT\",\"@id\":\"https:\\\/\\\/audi-klaus.at\\\/shop\\\/#\\\/schema\\\/logo\\\/image\\\/\",\"url\":\"https:\\\/\\\/audi-klaus.at\\\/shop\\\/wp-content\\\/uploads\\\/2024\\\/10\\\/Logo-Shop.webp\",\"contentUrl\":\"https:\\\/\\\/audi-klaus.at\\\/shop\\\/wp-content\\\/uploads\\\/2024\\\/10\\\/Logo-Shop.webp\",\"width\":470,\"height\":164,\"caption\":\"Audi-Klaus\"},\"image\":{\"@id\":\"https:\\\/\\\/audi-klaus.at\\\/shop\\\/#\\\/schema\\\/logo\\\/image\\\/\"},\"sameAs\":[\"https:\\\/\\\/www.facebook.com\\\/audi.klaus.1312\\\/\",\"https:\\\/\\\/www.instagram.com\\\/audi_klaus\\\/?igshid=1eca3qu2mdayg\"]}]}<\/script>\n<!-- \/ Yoast SEO plugin. -->","yoast_head_json":{"title":"Audi 80\/90\/Coup\u00e9\/Urquattro\/B2\/Vw Golf\/Jetta\/Scirocco\/2\/Passat\/Santana\/B2 Gummibuchse f\u00fcr Gaspedal NEU Vergleichsnr.: 431721559 - Audi-Klaus","description":"Audi-Klaus Audi 80\/90\/Coup\u00e9\/Urquattro\/B2\/Vw Golf\/Jetta\/Scirocco\/2\/Passat\/Santana\/B2 Gummibuchse f\u00fcr Gaspedal NEU Vergleichsnr.: 431721559 Audi 80\/90\/Coup\u00e9\/Urquattro\/B2\/Vw Golf\/Jetta\/Scirocco\/2\/Passat\/Santana\/B2 Gummibuchse f\u00fcr Gaspedal NEU Vergleichsnr.: 431721559","robots":{"index":"index","follow":"follow","max-snippet":"max-snippet:-1","max-image-preview":"max-image-preview:large","max-video-preview":"max-video-preview:-1"},"canonical":"https:\/\/audi-klaus.at\/shop\/produkt\/audi-80-90-coupe-urquattro-b2-vw-golf-jetta-scirocco-2-passat-santana-b2-gummibuchse-fuer-gaspedal-neu-vergleichsnr-431721559\/","og_locale":"de_DE","og_type":"article","og_title":"Audi 80\/90\/Coup\u00e9\/Urquattro\/B2\/Vw Golf\/Jetta\/Scirocco\/2\/Passat\/Santana\/B2 Gummibuchse f\u00fcr Gaspedal NEU Vergleichsnr.: 431721559 - Audi-Klaus","og_description":"Audi-Klaus Audi 80\/90\/Coup\u00e9\/Urquattro\/B2\/Vw Golf\/Jetta\/Scirocco\/2\/Passat\/Santana\/B2 Gummibuchse f\u00fcr Gaspedal NEU Vergleichsnr.: 431721559 Audi 80\/90\/Coup\u00e9\/Urquattro\/B2\/Vw Golf\/Jetta\/Scirocco\/2\/Passat\/Santana\/B2 Gummibuchse f\u00fcr Gaspedal NEU Vergleichsnr.: 431721559","og_url":"https:\/\/audi-klaus.at\/shop\/produkt\/audi-80-90-coupe-urquattro-b2-vw-golf-jetta-scirocco-2-passat-santana-b2-gummibuchse-fuer-gaspedal-neu-vergleichsnr-431721559\/","og_site_name":"Audi-Klaus","article_publisher":"https:\/\/www.facebook.com\/audi.klaus.1312\/","article_modified_time":"2026-05-01T10:06:36+00:00","og_image":[{"width":480,"height":480,"url":"https:\/\/audi-klaus.at\/shop\/wp-content\/uploads\/2025\/02\/C2281-1.jpg","type":"image\/jpeg"}],"twitter_card":"summary_large_image","twitter_misc":{"Gesch\u00e4tzte Lesezeit":"1 Minute"},"schema":{"@context":"https:\/\/schema.org","@graph":[{"@type":"WebPage","@id":"https:\/\/audi-klaus.at\/shop\/produkt\/audi-80-90-coupe-urquattro-b2-vw-golf-jetta-scirocco-2-passat-santana-b2-gummibuchse-fuer-gaspedal-neu-vergleichsnr-431721559\/","url":"https:\/\/audi-klaus.at\/shop\/produkt\/audi-80-90-coupe-urquattro-b2-vw-golf-jetta-scirocco-2-passat-santana-b2-gummibuchse-fuer-gaspedal-neu-vergleichsnr-431721559\/","name":"Audi 80\/90\/Coup\u00e9\/Urquattro\/B2\/Vw Golf\/Jetta\/Scirocco\/2\/Passat\/Santana\/B2 Gummibuchse f\u00fcr Gaspedal NEU Vergleichsnr.: 431721559 - Audi-Klaus","isPartOf":{"@id":"https:\/\/audi-klaus.at\/shop\/#website"},"primaryImageOfPage":{"@id":"https:\/\/audi-klaus.at\/shop\/produkt\/audi-80-90-coupe-urquattro-b2-vw-golf-jetta-scirocco-2-passat-santana-b2-gummibuchse-fuer-gaspedal-neu-vergleichsnr-431721559\/#primaryimage"},"image":{"@id":"https:\/\/audi-klaus.at\/shop\/produkt\/audi-80-90-coupe-urquattro-b2-vw-golf-jetta-scirocco-2-passat-santana-b2-gummibuchse-fuer-gaspedal-neu-vergleichsnr-431721559\/#primaryimage"},"thumbnailUrl":"https:\/\/audi-klaus.at\/shop\/wp-content\/uploads\/2025\/02\/C2281-1.jpg","datePublished":"2025-02-11T15:02:37+00:00","dateModified":"2026-05-01T10:06:36+00:00","description":"Audi-Klaus Audi 80\/90\/Coup\u00e9\/Urquattro\/B2\/Vw Golf\/Jetta\/Scirocco\/2\/Passat\/Santana\/B2 Gummibuchse f\u00fcr Gaspedal NEU Vergleichsnr.: 431721559 Audi 80\/90\/Coup\u00e9\/Urquattro\/B2\/Vw Golf\/Jetta\/Scirocco\/2\/Passat\/Santana\/B2 Gummibuchse f\u00fcr Gaspedal NEU Vergleichsnr.: 431721559","breadcrumb":{"@id":"https:\/\/audi-klaus.at\/shop\/produkt\/audi-80-90-coupe-urquattro-b2-vw-golf-jetta-scirocco-2-passat-santana-b2-gummibuchse-fuer-gaspedal-neu-vergleichsnr-431721559\/#breadcrumb"},"inLanguage":"de-AT","potentialAction":[{"@type":"ReadAction","target":["https:\/\/audi-klaus.at\/shop\/produkt\/audi-80-90-coupe-urquattro-b2-vw-golf-jetta-scirocco-2-passat-santana-b2-gummibuchse-fuer-gaspedal-neu-vergleichsnr-431721559\/"]}]},{"@type":"ImageObject","inLanguage":"de-AT","@id":"https:\/\/audi-klaus.at\/shop\/produkt\/audi-80-90-coupe-urquattro-b2-vw-golf-jetta-scirocco-2-passat-santana-b2-gummibuchse-fuer-gaspedal-neu-vergleichsnr-431721559\/#primaryimage","url":"https:\/\/audi-klaus.at\/shop\/wp-content\/uploads\/2025\/02\/C2281-1.jpg","contentUrl":"https:\/\/audi-klaus.at\/shop\/wp-content\/uploads\/2025\/02\/C2281-1.jpg","width":480,"height":480},{"@type":"BreadcrumbList","@id":"https:\/\/audi-klaus.at\/shop\/produkt\/audi-80-90-coupe-urquattro-b2-vw-golf-jetta-scirocco-2-passat-santana-b2-gummibuchse-fuer-gaspedal-neu-vergleichsnr-431721559\/#breadcrumb","itemListElement":[{"@type":"ListItem","position":1,"name":"Startseite","item":"https:\/\/audi-klaus.at\/shop\/"},{"@type":"ListItem","position":2,"name":"Shop","item":"https:\/\/audi-klaus.at\/shop\/"},{"@type":"ListItem","position":3,"name":"Audi 80\/90\/Coup\u00e9\/Urquattro\/B2\/Vw Golf\/Jetta\/Scirocco\/2\/Passat\/Santana\/B2 Gummibuchse f\u00fcr Gaspedal NEU Vergleichsnr.: 431721559"}]},{"@type":"WebSite","@id":"https:\/\/audi-klaus.at\/shop\/#website","url":"https:\/\/audi-klaus.at\/shop\/","name":"Audi-Klaus","description":"Ihr Gebrauchtteile Spezialist f\u00fcr die Marken Audi, VW (VAG)","publisher":{"@id":"https:\/\/audi-klaus.at\/shop\/#organization"},"potentialAction":[{"@type":"SearchAction","target":{"@type":"EntryPoint","urlTemplate":"https:\/\/audi-klaus.at\/shop\/?s={search_term_string}"},"query-input":{"@type":"PropertyValueSpecification","valueRequired":true,"valueName":"search_term_string"}}],"inLanguage":"de-AT"},{"@type":"Organization","@id":"https:\/\/audi-klaus.at\/shop\/#organization","name":"Audi-Klaus","url":"https:\/\/audi-klaus.at\/shop\/","logo":{"@type":"ImageObject","inLanguage":"de-AT","@id":"https:\/\/audi-klaus.at\/shop\/#\/schema\/logo\/image\/","url":"https:\/\/audi-klaus.at\/shop\/wp-content\/uploads\/2024\/10\/Logo-Shop.webp","contentUrl":"https:\/\/audi-klaus.at\/shop\/wp-content\/uploads\/2024\/10\/Logo-Shop.webp","width":470,"height":164,"caption":"Audi-Klaus"},"image":{"@id":"https:\/\/audi-klaus.at\/shop\/#\/schema\/logo\/image\/"},"sameAs":["https:\/\/www.facebook.com\/audi.klaus.1312\/","https:\/\/www.instagram.com\/audi_klaus\/?igshid=1eca3qu2mdayg"]}]}},"_links":{"self":[{"href":"https:\/\/audi-klaus.at\/shop\/wp-json\/wp\/v2\/product\/86182","targetHints":{"allow":["GET"]}}],"collection":[{"href":"https:\/\/audi-klaus.at\/shop\/wp-json\/wp\/v2\/product"}],"about":[{"href":"https:\/\/audi-klaus.at\/shop\/wp-json\/wp\/v2\/types\/product"}],"wp:featuredmedia":[{"embeddable":true,"href":"https:\/\/audi-klaus.at\/shop\/wp-json\/wp\/v2\/media\/86184"}],"wp:attachment":[{"href":"https:\/\/audi-klaus.at\/shop\/wp-json\/wp\/v2\/media?parent=86182"}],"wp:term":[{"taxonomy":"product_brand","embeddable":true,"href":"https:\/\/audi-klaus.at\/shop\/wp-json\/wp\/v2\/product_brand?post=86182"},{"taxonomy":"product_cat","embeddable":true,"href":"https:\/\/audi-klaus.at\/shop\/wp-json\/wp\/v2\/product_cat?post=86182"},{"taxonomy":"product_tag","embeddable":true,"href":"https:\/\/audi-klaus.at\/shop\/wp-json\/wp\/v2\/product_tag?post=86182"}],"curies":[{"name":"wp","href":"https:\/\/api.w.org\/{rel}","templated":true}]}}