{"id":8505,"date":"2021-12-10T15:13:58","date_gmt":"2021-12-10T14:13:58","guid":{"rendered":"http:\/\/audi-klaus.at.server171-han.server-routing.com\/shop\/?post_type=product&#038;p=8505"},"modified":"2026-02-28T10:39:13","modified_gmt":"2026-02-28T09:39:13","slug":"audi-a6-4g-avant-ruecklicht-rot-weiss-rechts-neu-alkar-13486411","status":"publish","type":"product","link":"https:\/\/audi-klaus.at\/shop\/produkt\/audi-a6-4g-avant-ruecklicht-rot-weiss-rechts-neu-alkar-13486411\/","title":{"rendered":"Audi A6\/4G Avant R\u00fccklicht Rot\/Wei\u00df rechts NEU ALKAR 2266501 Vergleichsnr.: 4G9945096"},"content":{"rendered":"<p><strong><span style=\"color: #000000;\"><span style=\"font-family: Source Sans Pro, sans-serif;\"><span style=\"font-size: medium;\"><b>VAG Teilenummer<\/b><\/span><\/span><\/span><\/strong><span style=\"color: #000000;\"><span style=\"font-family: Source Sans Pro, sans-serif;\"><span style=\"font-size: medium;\"><b>:<\/b><\/span><\/span><\/span> 4G9 945 096<span style=\"font-family: Source Sans Pro, sans-serif;\"><span style=\"font-size: medium;\"><br \/>\n<\/span><\/span><strong><span style=\"color: #000000;\"><span style=\"font-family: Source Sans Pro, sans-serif;\"><span style=\"font-size: medium;\"><b>Zustand:<\/b><\/span><\/span><\/span><\/strong><span style=\"color: #000000;\"><span style=\"font-family: Source Sans Pro, sans-serif;\"><span style=\"font-size: medium;\"> Neu<\/span><\/span><\/span><span style=\"font-family: Source Sans Pro, sans-serif;\"><span style=\"font-size: medium;\"><br \/>\n<\/span><\/span><strong><span style=\"color: #000000;\"><span style=\"font-family: Source Sans Pro, sans-serif;\"><span style=\"font-size: medium;\"><b>Lieferumfang:<\/b><\/span><\/span><\/span><\/strong> <span style=\"color: #000000;\"><span style=\"font-family: Source Sans Pro, sans-serif;\"><span style=\"font-size: medium;\">wie in den Original-Abbildungen angegeben<\/span><\/span><\/span><span style=\"font-family: Source Sans Pro, sans-serif;\"><span style=\"font-size: medium;\"><br \/>\n<\/span><\/span><span style=\"color: #000000;\"><span style=\"font-family: Source Sans Pro, sans-serif;\"><span style=\"font-size: medium;\">Hinweis: Bitte \u00fcberpr\u00fcfen Sie vor dem Kauf anhand der eindeutigen Teilenummern, ob der Artikel zum Fahrzeug passt, um R\u00fccksendungen zu vermeiden! Trotz Angabe der entsprechenden Fahrzeugdaten ist eine eindeutige Zuordnung nur \u00fcber die Teilenummer m\u00f6glich! Die abgelesene Teilenummer ist die Teilenummer des Teils, welches geliefert wird. Die Originalteilnummer ist diejenige, die bei Neubestellung f\u00fcr dieses Teil gilt und der m\u00f6glicherweise abweichenden, gelieferten Teilenummer entspricht. Sollten weitere Fragen offen sein, kontaktieren Sie uns bitte unter <\/span><\/span><\/span><a href=\"mailto:office@audi-klaus.at\"><span style=\"font-family: Source Sans Pro, sans-serif;\"><span style=\"font-size: medium;\">office@audi-klaus.at<\/span><\/span><\/a><\/p>\n","protected":false},"excerpt":{"rendered":"<h5><strong><span style=\"font-size: 18pt;\">Marke: Audi\u00a0<\/span><\/strong><\/h5>\n<h5><strong><span style=\"font-size: 18pt;\">Modell: A6<\/span><\/strong><\/h5>\n<h5><strong><span style=\"font-size: 18pt;\">Typ: 4G<\/span><\/strong><\/h5>\n","protected":false},"featured_media":7119,"template":"","meta":[],"product_brand":[],"product_cat":[32,372,589,627,2500],"product_tag":[31969],"class_list":{"0":"post-8505","1":"product","2":"type-product","3":"status-publish","4":"has-post-thumbnail","6":"product_cat-audi","7":"product_cat-a6","8":"product_cat-c7-4g-2011-2018","9":"product_cat-beleuchtung-c7-2011-2018","10":"product_cat-aktion","11":"product_tag-4g9945096","13":"first","14":"instock","15":"sale","16":"taxable","17":"shipping-taxable","18":"purchasable","19":"product-type-simple"},"yoast_head":"<!-- This site is optimized with the Yoast SEO plugin v27.4 - https:\/\/yoast.com\/product\/yoast-seo-wordpress\/ -->\n<title>Audi A6\/4G Avant R\u00fccklicht Rot\/Wei\u00df rechts NEU ALKAR 2266501 Vergleichsnr.: 4G9945096 - Audi-Klaus<\/title>\n<meta name=\"description\" content=\"Audi A6\/4G Avant R\u00fccklicht Rot\/Wei\u00df rechts NEU ALKAR 2266501 Vergleichsnr.: 4G9945096 Audi-Klaus Audi A6\/4G Avant R\u00fccklicht Rot\/Wei\u00df rechts NEU ALKAR 2266501 Vergleichsnr.: 4G9945096 Audi-Klaus Audi A6\/4G Avant R\u00fccklicht Rot\/Wei\u00df rechts NEU ALKAR 2266501 Vergleichsnr.: 4G9945096\" \/>\n<meta name=\"robots\" content=\"index, follow, max-snippet:-1, max-image-preview:large, max-video-preview:-1\" \/>\n<link rel=\"canonical\" href=\"https:\/\/audi-klaus.at\/shop\/produkt\/audi-a6-4g-avant-ruecklicht-rot-weiss-rechts-neu-alkar-13486411\/\" \/>\n<meta property=\"og:locale\" content=\"de_DE\" \/>\n<meta property=\"og:type\" content=\"article\" \/>\n<meta property=\"og:title\" content=\"Audi A6\/4G Avant R\u00fccklicht Rot\/Wei\u00df rechts NEU ALKAR 2266501 Vergleichsnr.: 4G9945096 - Audi-Klaus\" \/>\n<meta property=\"og:description\" content=\"Audi A6\/4G Avant R\u00fccklicht Rot\/Wei\u00df rechts NEU ALKAR 2266501 Vergleichsnr.: 4G9945096 Audi-Klaus Audi A6\/4G Avant R\u00fccklicht Rot\/Wei\u00df rechts NEU ALKAR 2266501 Vergleichsnr.: 4G9945096 Audi-Klaus Audi A6\/4G Avant R\u00fccklicht Rot\/Wei\u00df rechts NEU ALKAR 2266501 Vergleichsnr.: 4G9945096\" \/>\n<meta property=\"og:url\" content=\"https:\/\/audi-klaus.at\/shop\/produkt\/audi-a6-4g-avant-ruecklicht-rot-weiss-rechts-neu-alkar-13486411\/\" \/>\n<meta property=\"og:site_name\" content=\"Audi-Klaus\" \/>\n<meta property=\"article:publisher\" content=\"https:\/\/www.facebook.com\/audi.klaus.1312\/\" \/>\n<meta property=\"article:modified_time\" content=\"2026-02-28T09:39:13+00:00\" \/>\n<meta property=\"og:image\" content=\"https:\/\/audi-klaus.at\/shop\/wp-content\/uploads\/2021\/11\/BL654-2.jpg\" \/>\n\t<meta property=\"og:image:width\" content=\"430\" \/>\n\t<meta property=\"og:image:height\" content=\"430\" \/>\n\t<meta property=\"og:image:type\" content=\"image\/jpeg\" \/>\n<meta name=\"twitter:card\" content=\"summary_large_image\" \/>\n<meta name=\"twitter:label1\" content=\"Gesch\u00e4tzte Lesezeit\" \/>\n\t<meta name=\"twitter:data1\" content=\"1 Minute\" \/>\n<script type=\"application\/ld+json\" class=\"yoast-schema-graph\">{\"@context\":\"https:\\\/\\\/schema.org\",\"@graph\":[{\"@type\":\"WebPage\",\"@id\":\"https:\\\/\\\/audi-klaus.at\\\/shop\\\/produkt\\\/audi-a6-4g-avant-ruecklicht-rot-weiss-rechts-neu-alkar-13486411\\\/\",\"url\":\"https:\\\/\\\/audi-klaus.at\\\/shop\\\/produkt\\\/audi-a6-4g-avant-ruecklicht-rot-weiss-rechts-neu-alkar-13486411\\\/\",\"name\":\"Audi A6\\\/4G Avant R\u00fccklicht Rot\\\/Wei\u00df rechts NEU ALKAR 2266501 Vergleichsnr.: 4G9945096 - Audi-Klaus\",\"isPartOf\":{\"@id\":\"https:\\\/\\\/audi-klaus.at\\\/shop\\\/#website\"},\"primaryImageOfPage\":{\"@id\":\"https:\\\/\\\/audi-klaus.at\\\/shop\\\/produkt\\\/audi-a6-4g-avant-ruecklicht-rot-weiss-rechts-neu-alkar-13486411\\\/#primaryimage\"},\"image\":{\"@id\":\"https:\\\/\\\/audi-klaus.at\\\/shop\\\/produkt\\\/audi-a6-4g-avant-ruecklicht-rot-weiss-rechts-neu-alkar-13486411\\\/#primaryimage\"},\"thumbnailUrl\":\"https:\\\/\\\/audi-klaus.at\\\/shop\\\/wp-content\\\/uploads\\\/2021\\\/11\\\/BL654-2.jpg\",\"datePublished\":\"2021-12-10T14:13:58+00:00\",\"dateModified\":\"2026-02-28T09:39:13+00:00\",\"description\":\"Audi A6\\\/4G Avant R\u00fccklicht Rot\\\/Wei\u00df rechts NEU ALKAR 2266501 Vergleichsnr.: 4G9945096 Audi-Klaus Audi A6\\\/4G Avant R\u00fccklicht Rot\\\/Wei\u00df rechts NEU ALKAR 2266501 Vergleichsnr.: 4G9945096 Audi-Klaus Audi A6\\\/4G Avant R\u00fccklicht Rot\\\/Wei\u00df rechts NEU ALKAR 2266501 Vergleichsnr.: 4G9945096\",\"breadcrumb\":{\"@id\":\"https:\\\/\\\/audi-klaus.at\\\/shop\\\/produkt\\\/audi-a6-4g-avant-ruecklicht-rot-weiss-rechts-neu-alkar-13486411\\\/#breadcrumb\"},\"inLanguage\":\"de-AT\",\"potentialAction\":[{\"@type\":\"ReadAction\",\"target\":[\"https:\\\/\\\/audi-klaus.at\\\/shop\\\/produkt\\\/audi-a6-4g-avant-ruecklicht-rot-weiss-rechts-neu-alkar-13486411\\\/\"]}]},{\"@type\":\"ImageObject\",\"inLanguage\":\"de-AT\",\"@id\":\"https:\\\/\\\/audi-klaus.at\\\/shop\\\/produkt\\\/audi-a6-4g-avant-ruecklicht-rot-weiss-rechts-neu-alkar-13486411\\\/#primaryimage\",\"url\":\"https:\\\/\\\/audi-klaus.at\\\/shop\\\/wp-content\\\/uploads\\\/2021\\\/11\\\/BL654-2.jpg\",\"contentUrl\":\"https:\\\/\\\/audi-klaus.at\\\/shop\\\/wp-content\\\/uploads\\\/2021\\\/11\\\/BL654-2.jpg\",\"width\":430,\"height\":430},{\"@type\":\"BreadcrumbList\",\"@id\":\"https:\\\/\\\/audi-klaus.at\\\/shop\\\/produkt\\\/audi-a6-4g-avant-ruecklicht-rot-weiss-rechts-neu-alkar-13486411\\\/#breadcrumb\",\"itemListElement\":[{\"@type\":\"ListItem\",\"position\":1,\"name\":\"Startseite\",\"item\":\"https:\\\/\\\/audi-klaus.at\\\/shop\\\/\"},{\"@type\":\"ListItem\",\"position\":2,\"name\":\"Shop\",\"item\":\"https:\\\/\\\/audi-klaus.at\\\/shop\\\/\"},{\"@type\":\"ListItem\",\"position\":3,\"name\":\"Audi A6\\\/4G Avant R\u00fccklicht Rot\\\/Wei\u00df rechts NEU ALKAR 2266501 Vergleichsnr.: 4G9945096\"}]},{\"@type\":\"WebSite\",\"@id\":\"https:\\\/\\\/audi-klaus.at\\\/shop\\\/#website\",\"url\":\"https:\\\/\\\/audi-klaus.at\\\/shop\\\/\",\"name\":\"Audi-Klaus\",\"description\":\"Ihr Gebrauchtteile Spezialist f\u00fcr die Marken Audi, VW (VAG)\",\"publisher\":{\"@id\":\"https:\\\/\\\/audi-klaus.at\\\/shop\\\/#organization\"},\"potentialAction\":[{\"@type\":\"SearchAction\",\"target\":{\"@type\":\"EntryPoint\",\"urlTemplate\":\"https:\\\/\\\/audi-klaus.at\\\/shop\\\/?s={search_term_string}\"},\"query-input\":{\"@type\":\"PropertyValueSpecification\",\"valueRequired\":true,\"valueName\":\"search_term_string\"}}],\"inLanguage\":\"de-AT\"},{\"@type\":\"Organization\",\"@id\":\"https:\\\/\\\/audi-klaus.at\\\/shop\\\/#organization\",\"name\":\"Audi-Klaus\",\"url\":\"https:\\\/\\\/audi-klaus.at\\\/shop\\\/\",\"logo\":{\"@type\":\"ImageObject\",\"inLanguage\":\"de-AT\",\"@id\":\"https:\\\/\\\/audi-klaus.at\\\/shop\\\/#\\\/schema\\\/logo\\\/image\\\/\",\"url\":\"https:\\\/\\\/audi-klaus.at\\\/shop\\\/wp-content\\\/uploads\\\/2024\\\/10\\\/Logo-Shop.webp\",\"contentUrl\":\"https:\\\/\\\/audi-klaus.at\\\/shop\\\/wp-content\\\/uploads\\\/2024\\\/10\\\/Logo-Shop.webp\",\"width\":470,\"height\":164,\"caption\":\"Audi-Klaus\"},\"image\":{\"@id\":\"https:\\\/\\\/audi-klaus.at\\\/shop\\\/#\\\/schema\\\/logo\\\/image\\\/\"},\"sameAs\":[\"https:\\\/\\\/www.facebook.com\\\/audi.klaus.1312\\\/\",\"https:\\\/\\\/www.instagram.com\\\/audi_klaus\\\/?igshid=1eca3qu2mdayg\"]}]}<\/script>\n<!-- \/ Yoast SEO plugin. -->","yoast_head_json":{"title":"Audi A6\/4G Avant R\u00fccklicht Rot\/Wei\u00df rechts NEU ALKAR 2266501 Vergleichsnr.: 4G9945096 - Audi-Klaus","description":"Audi A6\/4G Avant R\u00fccklicht Rot\/Wei\u00df rechts NEU ALKAR 2266501 Vergleichsnr.: 4G9945096 Audi-Klaus Audi A6\/4G Avant R\u00fccklicht Rot\/Wei\u00df rechts NEU ALKAR 2266501 Vergleichsnr.: 4G9945096 Audi-Klaus Audi A6\/4G Avant R\u00fccklicht Rot\/Wei\u00df rechts NEU ALKAR 2266501 Vergleichsnr.: 4G9945096","robots":{"index":"index","follow":"follow","max-snippet":"max-snippet:-1","max-image-preview":"max-image-preview:large","max-video-preview":"max-video-preview:-1"},"canonical":"https:\/\/audi-klaus.at\/shop\/produkt\/audi-a6-4g-avant-ruecklicht-rot-weiss-rechts-neu-alkar-13486411\/","og_locale":"de_DE","og_type":"article","og_title":"Audi A6\/4G Avant R\u00fccklicht Rot\/Wei\u00df rechts NEU ALKAR 2266501 Vergleichsnr.: 4G9945096 - Audi-Klaus","og_description":"Audi A6\/4G Avant R\u00fccklicht Rot\/Wei\u00df rechts NEU ALKAR 2266501 Vergleichsnr.: 4G9945096 Audi-Klaus Audi A6\/4G Avant R\u00fccklicht Rot\/Wei\u00df rechts NEU ALKAR 2266501 Vergleichsnr.: 4G9945096 Audi-Klaus Audi A6\/4G Avant R\u00fccklicht Rot\/Wei\u00df rechts NEU ALKAR 2266501 Vergleichsnr.: 4G9945096","og_url":"https:\/\/audi-klaus.at\/shop\/produkt\/audi-a6-4g-avant-ruecklicht-rot-weiss-rechts-neu-alkar-13486411\/","og_site_name":"Audi-Klaus","article_publisher":"https:\/\/www.facebook.com\/audi.klaus.1312\/","article_modified_time":"2026-02-28T09:39:13+00:00","og_image":[{"width":430,"height":430,"url":"https:\/\/audi-klaus.at\/shop\/wp-content\/uploads\/2021\/11\/BL654-2.jpg","type":"image\/jpeg"}],"twitter_card":"summary_large_image","twitter_misc":{"Gesch\u00e4tzte Lesezeit":"1 Minute"},"schema":{"@context":"https:\/\/schema.org","@graph":[{"@type":"WebPage","@id":"https:\/\/audi-klaus.at\/shop\/produkt\/audi-a6-4g-avant-ruecklicht-rot-weiss-rechts-neu-alkar-13486411\/","url":"https:\/\/audi-klaus.at\/shop\/produkt\/audi-a6-4g-avant-ruecklicht-rot-weiss-rechts-neu-alkar-13486411\/","name":"Audi A6\/4G Avant R\u00fccklicht Rot\/Wei\u00df rechts NEU ALKAR 2266501 Vergleichsnr.: 4G9945096 - Audi-Klaus","isPartOf":{"@id":"https:\/\/audi-klaus.at\/shop\/#website"},"primaryImageOfPage":{"@id":"https:\/\/audi-klaus.at\/shop\/produkt\/audi-a6-4g-avant-ruecklicht-rot-weiss-rechts-neu-alkar-13486411\/#primaryimage"},"image":{"@id":"https:\/\/audi-klaus.at\/shop\/produkt\/audi-a6-4g-avant-ruecklicht-rot-weiss-rechts-neu-alkar-13486411\/#primaryimage"},"thumbnailUrl":"https:\/\/audi-klaus.at\/shop\/wp-content\/uploads\/2021\/11\/BL654-2.jpg","datePublished":"2021-12-10T14:13:58+00:00","dateModified":"2026-02-28T09:39:13+00:00","description":"Audi A6\/4G Avant R\u00fccklicht Rot\/Wei\u00df rechts NEU ALKAR 2266501 Vergleichsnr.: 4G9945096 Audi-Klaus Audi A6\/4G Avant R\u00fccklicht Rot\/Wei\u00df rechts NEU ALKAR 2266501 Vergleichsnr.: 4G9945096 Audi-Klaus Audi A6\/4G Avant R\u00fccklicht Rot\/Wei\u00df rechts NEU ALKAR 2266501 Vergleichsnr.: 4G9945096","breadcrumb":{"@id":"https:\/\/audi-klaus.at\/shop\/produkt\/audi-a6-4g-avant-ruecklicht-rot-weiss-rechts-neu-alkar-13486411\/#breadcrumb"},"inLanguage":"de-AT","potentialAction":[{"@type":"ReadAction","target":["https:\/\/audi-klaus.at\/shop\/produkt\/audi-a6-4g-avant-ruecklicht-rot-weiss-rechts-neu-alkar-13486411\/"]}]},{"@type":"ImageObject","inLanguage":"de-AT","@id":"https:\/\/audi-klaus.at\/shop\/produkt\/audi-a6-4g-avant-ruecklicht-rot-weiss-rechts-neu-alkar-13486411\/#primaryimage","url":"https:\/\/audi-klaus.at\/shop\/wp-content\/uploads\/2021\/11\/BL654-2.jpg","contentUrl":"https:\/\/audi-klaus.at\/shop\/wp-content\/uploads\/2021\/11\/BL654-2.jpg","width":430,"height":430},{"@type":"BreadcrumbList","@id":"https:\/\/audi-klaus.at\/shop\/produkt\/audi-a6-4g-avant-ruecklicht-rot-weiss-rechts-neu-alkar-13486411\/#breadcrumb","itemListElement":[{"@type":"ListItem","position":1,"name":"Startseite","item":"https:\/\/audi-klaus.at\/shop\/"},{"@type":"ListItem","position":2,"name":"Shop","item":"https:\/\/audi-klaus.at\/shop\/"},{"@type":"ListItem","position":3,"name":"Audi A6\/4G Avant R\u00fccklicht Rot\/Wei\u00df rechts NEU ALKAR 2266501 Vergleichsnr.: 4G9945096"}]},{"@type":"WebSite","@id":"https:\/\/audi-klaus.at\/shop\/#website","url":"https:\/\/audi-klaus.at\/shop\/","name":"Audi-Klaus","description":"Ihr Gebrauchtteile Spezialist f\u00fcr die Marken Audi, VW (VAG)","publisher":{"@id":"https:\/\/audi-klaus.at\/shop\/#organization"},"potentialAction":[{"@type":"SearchAction","target":{"@type":"EntryPoint","urlTemplate":"https:\/\/audi-klaus.at\/shop\/?s={search_term_string}"},"query-input":{"@type":"PropertyValueSpecification","valueRequired":true,"valueName":"search_term_string"}}],"inLanguage":"de-AT"},{"@type":"Organization","@id":"https:\/\/audi-klaus.at\/shop\/#organization","name":"Audi-Klaus","url":"https:\/\/audi-klaus.at\/shop\/","logo":{"@type":"ImageObject","inLanguage":"de-AT","@id":"https:\/\/audi-klaus.at\/shop\/#\/schema\/logo\/image\/","url":"https:\/\/audi-klaus.at\/shop\/wp-content\/uploads\/2024\/10\/Logo-Shop.webp","contentUrl":"https:\/\/audi-klaus.at\/shop\/wp-content\/uploads\/2024\/10\/Logo-Shop.webp","width":470,"height":164,"caption":"Audi-Klaus"},"image":{"@id":"https:\/\/audi-klaus.at\/shop\/#\/schema\/logo\/image\/"},"sameAs":["https:\/\/www.facebook.com\/audi.klaus.1312\/","https:\/\/www.instagram.com\/audi_klaus\/?igshid=1eca3qu2mdayg"]}]}},"_links":{"self":[{"href":"https:\/\/audi-klaus.at\/shop\/wp-json\/wp\/v2\/product\/8505","targetHints":{"allow":["GET"]}}],"collection":[{"href":"https:\/\/audi-klaus.at\/shop\/wp-json\/wp\/v2\/product"}],"about":[{"href":"https:\/\/audi-klaus.at\/shop\/wp-json\/wp\/v2\/types\/product"}],"wp:featuredmedia":[{"embeddable":true,"href":"https:\/\/audi-klaus.at\/shop\/wp-json\/wp\/v2\/media\/7119"}],"wp:attachment":[{"href":"https:\/\/audi-klaus.at\/shop\/wp-json\/wp\/v2\/media?parent=8505"}],"wp:term":[{"taxonomy":"product_brand","embeddable":true,"href":"https:\/\/audi-klaus.at\/shop\/wp-json\/wp\/v2\/product_brand?post=8505"},{"taxonomy":"product_cat","embeddable":true,"href":"https:\/\/audi-klaus.at\/shop\/wp-json\/wp\/v2\/product_cat?post=8505"},{"taxonomy":"product_tag","embeddable":true,"href":"https:\/\/audi-klaus.at\/shop\/wp-json\/wp\/v2\/product_tag?post=8505"}],"curies":[{"name":"wp","href":"https:\/\/api.w.org\/{rel}","templated":true}]}}