{"id":84218,"date":"2024-12-23T11:48:47","date_gmt":"2024-12-23T10:48:47","guid":{"rendered":"https:\/\/audi-klaus.at\/shop\/?post_type=product&#038;p=84218"},"modified":"2026-01-07T22:55:19","modified_gmt":"2026-01-07T21:55:19","slug":"vw-golf-cabrio-3-vento-griffblende-fuer-manuelle-fensterheber-und-elektrischen-spiegel-rechts-schwarz-1h4867198f","status":"publish","type":"product","link":"https:\/\/audi-klaus.at\/shop\/produkt\/vw-golf-cabrio-3-vento-griffblende-fuer-manuelle-fensterheber-und-elektrischen-spiegel-rechts-schwarz-1h4867198f\/","title":{"rendered":"Vw Golf\/Cabrio\/3\/Vento Griffblende f\u00fcr manuelle Fensterheber und elektrischen Spiegel rechts schwarz 1H4867198F"},"content":{"rendered":"<h5 class=\"western\"><span style=\"color: #060606;\"><span style=\"font-family: Verdana, serif;\"><span style=\"font-size: small;\"><b>VAG Teilenummer<\/b><\/span><\/span><\/span><span style=\"color: #060606;\"><span style=\"font-family: Verdana, serif;\"><span style=\"font-size: small;\">: 1H4 867 198F<\/span><\/span><\/span><\/h5>\n<h5 class=\"western\"><span style=\"color: #060606;\"><span style=\"font-family: Verdana, serif;\"><span style=\"font-size: small;\"><b>Zustand:<\/b><\/span><\/span><\/span><span style=\"color: #060606;\"><span style=\"font-family: Verdana, serif;\"><span style=\"font-size: small;\">\u00a0<\/span><\/span><\/span><span style=\"color: #060606;\"><span style=\"font-family: Verdana, serif;\"><span style=\"font-size: small;\"><span lang=\"de-DE\">Gebraucht<\/span><\/span><\/span><\/span><\/h5>\n<h5 class=\"western\"><span style=\"color: #060606;\"><span style=\"font-family: Verdana, serif;\"><span style=\"font-size: small;\"><b>Lieferumfang:<\/b><\/span><\/span><\/span><span style=\"color: #060606;\"><span style=\"font-family: Verdana, serif;\"><span style=\"font-size: small;\">\u00a0wie in den Original-Abbildungen angegeben<\/span><\/span><\/span><\/h5>\n<h5 class=\"western\"><span style=\"color: #060606;\"><span style=\"font-family: Verdana, serif;\"><span style=\"font-size: small;\"><b>Hinweis:<\/b><\/span><\/span><\/span><span style=\"color: #060606;\"><span style=\"font-family: Verdana, serif;\"><span style=\"font-size: small;\">\u00a0Bitte \u00fcberpr\u00fcfen Sie vor dem Kauf anhand der eindeutigen Teilenummern, ob der Artikel zum Fahrzeug passt, um R\u00fccksendungen zu vermeiden! Trotz Angabe der entsprechenden Fahrzeugdaten ist eine eindeutige Zuordnung nur \u00fcber die Teilenummer m\u00f6glich! Die abgelesene Teilenummer ist die Teilenummer des Teils, welches geliefert wird. Die Originalteilnummer ist diejenige, die bei Neubestellung f\u00fcr dieses Teil gilt und der m\u00f6glicherweise abweichenden, gelieferten Teilenummer entspricht. <\/span><\/span><\/span><\/h5>\n<h5 class=\"western\"><span style=\"color: #060606;\"><span style=\"font-family: Verdana, serif;\"><span style=\"font-size: small;\"><span lang=\"de-DE\">Gebraucht<\/span><\/span><\/span><\/span><span style=\"color: #060606;\"><span style=\"font-family: Verdana, serif;\"><span style=\"font-size: small;\"> mit Gebrauchsspuren in Form von Verunreinigungen\/ kleinen Kratzern m\u00f6glich. Die Ware wird ungereinigt geliefert.<\/span><\/span><\/span><\/h5>\n<h5 class=\"western\"><span style=\"color: #060606;\"><span style=\"font-family: Verdana, serif;\"><span style=\"font-size: small;\">Sollten weitere Fragen offen sein, kontaktieren Sie uns bitte unter\u00a0<\/span><\/span><\/span><a href=\"mailto:office@audi-klaus.at\"><span style=\"color: #0000ff;\"><span style=\"font-family: Verdana, serif;\"><span style=\"font-size: small;\"><u>office@audi-klaus.at<\/u><\/span><\/span><\/span><\/a><\/h5>\n","protected":false},"excerpt":{"rendered":"<h5><span style=\"font-size: 18pt;\"><strong>Marke: Vw<\/strong><\/span><\/h5>\n<h5><span style=\"font-size: 18pt;\"><strong>Modell: Golf\/Cabrio\/<\/strong><\/span><span style=\"font-size: 18pt;\"><strong>Vento<\/strong><\/span><\/h5>\n<h5><span style=\"font-size: 18pt;\"><strong>Typ: 3<\/strong><\/span><\/h5>\n","protected":false},"featured_media":84239,"template":"","meta":[],"product_brand":[],"product_cat":[1195,1202,1209,1288,1358,1430,1164,1165,1166,1168],"product_tag":[17159,30491,30492],"class_list":{"0":"post-84218","1":"product","2":"type-product","3":"status-publish","4":"has-post-thumbnail","6":"product_cat-3-1h-1990-1998","7":"product_cat-3-1e0-1990-1998","8":"product_cat-1h5-1991-1998","9":"product_cat-innenraum-3-1h-1990-1998","10":"product_cat-innenraum-3-1e0-1990-1998","11":"product_cat-innenraum-1h5-1991-1998","12":"product_cat-vw","13":"product_cat-golf","14":"product_cat-golf-cabrio","15":"product_cat-vento","16":"product_tag-1h4867198","17":"product_tag-1h4867198f","18":"product_tag-ia695","20":"first","21":"instock","22":"taxable","23":"shipping-taxable","24":"purchasable","25":"product-type-simple"},"yoast_head":"<!-- This site is optimized with the Yoast SEO plugin v27.4 - https:\/\/yoast.com\/product\/yoast-seo-wordpress\/ -->\n<title>Vw Golf\/Cabrio\/3\/Vento Griffblende f\u00fcr manuelle Fensterheber und elektrischen Spiegel rechts schwarz 1H4867198F - Audi-Klaus<\/title>\n<meta name=\"description\" content=\"Audi-Klaus Vw Golf\/Cabrio\/3\/Vento Griffblende f\u00fcr manuelle Fensterheber und elektrischen Spiegel rechts schwarz 1H4867198F Vw Golf\/Cabrio\/3\/Vento Griffblende f\u00fcr manuelle Fensterheber und elektrischen Spiegel rechts schwarz 1H4867198F\" \/>\n<meta name=\"robots\" content=\"index, follow, max-snippet:-1, max-image-preview:large, max-video-preview:-1\" \/>\n<link rel=\"canonical\" href=\"https:\/\/audi-klaus.at\/shop\/produkt\/vw-golf-cabrio-3-vento-griffblende-fuer-manuelle-fensterheber-und-elektrischen-spiegel-rechts-schwarz-1h4867198f\/\" \/>\n<meta property=\"og:locale\" content=\"de_DE\" \/>\n<meta property=\"og:type\" content=\"article\" \/>\n<meta property=\"og:title\" content=\"Vw Golf\/Cabrio\/3\/Vento Griffblende f\u00fcr manuelle Fensterheber und elektrischen Spiegel rechts schwarz 1H4867198F - Audi-Klaus\" \/>\n<meta property=\"og:description\" content=\"Audi-Klaus Vw Golf\/Cabrio\/3\/Vento Griffblende f\u00fcr manuelle Fensterheber und elektrischen Spiegel rechts schwarz 1H4867198F Vw Golf\/Cabrio\/3\/Vento Griffblende f\u00fcr manuelle Fensterheber und elektrischen Spiegel rechts schwarz 1H4867198F\" \/>\n<meta property=\"og:url\" content=\"https:\/\/audi-klaus.at\/shop\/produkt\/vw-golf-cabrio-3-vento-griffblende-fuer-manuelle-fensterheber-und-elektrischen-spiegel-rechts-schwarz-1h4867198f\/\" \/>\n<meta property=\"og:site_name\" content=\"Audi-Klaus\" \/>\n<meta property=\"article:publisher\" content=\"https:\/\/www.facebook.com\/audi.klaus.1312\/\" \/>\n<meta property=\"article:modified_time\" content=\"2026-01-07T21:55:19+00:00\" \/>\n<meta property=\"og:image\" content=\"https:\/\/audi-klaus.at\/shop\/wp-content\/uploads\/2024\/12\/IA695-2.jpg\" \/>\n\t<meta property=\"og:image:width\" content=\"480\" \/>\n\t<meta property=\"og:image:height\" content=\"480\" \/>\n\t<meta property=\"og:image:type\" content=\"image\/jpeg\" \/>\n<meta name=\"twitter:card\" content=\"summary_large_image\" \/>\n<meta name=\"twitter:label1\" content=\"Gesch\u00e4tzte Lesezeit\" \/>\n\t<meta name=\"twitter:data1\" content=\"1 Minute\" \/>\n<script type=\"application\/ld+json\" class=\"yoast-schema-graph\">{\"@context\":\"https:\\\/\\\/schema.org\",\"@graph\":[{\"@type\":\"WebPage\",\"@id\":\"https:\\\/\\\/audi-klaus.at\\\/shop\\\/produkt\\\/vw-golf-cabrio-3-vento-griffblende-fuer-manuelle-fensterheber-und-elektrischen-spiegel-rechts-schwarz-1h4867198f\\\/\",\"url\":\"https:\\\/\\\/audi-klaus.at\\\/shop\\\/produkt\\\/vw-golf-cabrio-3-vento-griffblende-fuer-manuelle-fensterheber-und-elektrischen-spiegel-rechts-schwarz-1h4867198f\\\/\",\"name\":\"Vw Golf\\\/Cabrio\\\/3\\\/Vento Griffblende f\u00fcr manuelle Fensterheber und elektrischen Spiegel rechts schwarz 1H4867198F - Audi-Klaus\",\"isPartOf\":{\"@id\":\"https:\\\/\\\/audi-klaus.at\\\/shop\\\/#website\"},\"primaryImageOfPage\":{\"@id\":\"https:\\\/\\\/audi-klaus.at\\\/shop\\\/produkt\\\/vw-golf-cabrio-3-vento-griffblende-fuer-manuelle-fensterheber-und-elektrischen-spiegel-rechts-schwarz-1h4867198f\\\/#primaryimage\"},\"image\":{\"@id\":\"https:\\\/\\\/audi-klaus.at\\\/shop\\\/produkt\\\/vw-golf-cabrio-3-vento-griffblende-fuer-manuelle-fensterheber-und-elektrischen-spiegel-rechts-schwarz-1h4867198f\\\/#primaryimage\"},\"thumbnailUrl\":\"https:\\\/\\\/audi-klaus.at\\\/shop\\\/wp-content\\\/uploads\\\/2024\\\/12\\\/IA695-2.jpg\",\"datePublished\":\"2024-12-23T10:48:47+00:00\",\"dateModified\":\"2026-01-07T21:55:19+00:00\",\"description\":\"Audi-Klaus Vw Golf\\\/Cabrio\\\/3\\\/Vento Griffblende f\u00fcr manuelle Fensterheber und elektrischen Spiegel rechts schwarz 1H4867198F Vw Golf\\\/Cabrio\\\/3\\\/Vento Griffblende f\u00fcr manuelle Fensterheber und elektrischen Spiegel rechts schwarz 1H4867198F\",\"breadcrumb\":{\"@id\":\"https:\\\/\\\/audi-klaus.at\\\/shop\\\/produkt\\\/vw-golf-cabrio-3-vento-griffblende-fuer-manuelle-fensterheber-und-elektrischen-spiegel-rechts-schwarz-1h4867198f\\\/#breadcrumb\"},\"inLanguage\":\"de-AT\",\"potentialAction\":[{\"@type\":\"ReadAction\",\"target\":[\"https:\\\/\\\/audi-klaus.at\\\/shop\\\/produkt\\\/vw-golf-cabrio-3-vento-griffblende-fuer-manuelle-fensterheber-und-elektrischen-spiegel-rechts-schwarz-1h4867198f\\\/\"]}]},{\"@type\":\"ImageObject\",\"inLanguage\":\"de-AT\",\"@id\":\"https:\\\/\\\/audi-klaus.at\\\/shop\\\/produkt\\\/vw-golf-cabrio-3-vento-griffblende-fuer-manuelle-fensterheber-und-elektrischen-spiegel-rechts-schwarz-1h4867198f\\\/#primaryimage\",\"url\":\"https:\\\/\\\/audi-klaus.at\\\/shop\\\/wp-content\\\/uploads\\\/2024\\\/12\\\/IA695-2.jpg\",\"contentUrl\":\"https:\\\/\\\/audi-klaus.at\\\/shop\\\/wp-content\\\/uploads\\\/2024\\\/12\\\/IA695-2.jpg\",\"width\":480,\"height\":480},{\"@type\":\"BreadcrumbList\",\"@id\":\"https:\\\/\\\/audi-klaus.at\\\/shop\\\/produkt\\\/vw-golf-cabrio-3-vento-griffblende-fuer-manuelle-fensterheber-und-elektrischen-spiegel-rechts-schwarz-1h4867198f\\\/#breadcrumb\",\"itemListElement\":[{\"@type\":\"ListItem\",\"position\":1,\"name\":\"Startseite\",\"item\":\"https:\\\/\\\/audi-klaus.at\\\/shop\\\/\"},{\"@type\":\"ListItem\",\"position\":2,\"name\":\"Shop\",\"item\":\"https:\\\/\\\/audi-klaus.at\\\/shop\\\/\"},{\"@type\":\"ListItem\",\"position\":3,\"name\":\"Vw Golf\\\/Cabrio\\\/3\\\/Vento Griffblende f\u00fcr manuelle Fensterheber und elektrischen Spiegel rechts schwarz 1H4867198F\"}]},{\"@type\":\"WebSite\",\"@id\":\"https:\\\/\\\/audi-klaus.at\\\/shop\\\/#website\",\"url\":\"https:\\\/\\\/audi-klaus.at\\\/shop\\\/\",\"name\":\"Audi-Klaus\",\"description\":\"Ihr Gebrauchtteile Spezialist f\u00fcr die Marken Audi, VW (VAG)\",\"publisher\":{\"@id\":\"https:\\\/\\\/audi-klaus.at\\\/shop\\\/#organization\"},\"potentialAction\":[{\"@type\":\"SearchAction\",\"target\":{\"@type\":\"EntryPoint\",\"urlTemplate\":\"https:\\\/\\\/audi-klaus.at\\\/shop\\\/?s={search_term_string}\"},\"query-input\":{\"@type\":\"PropertyValueSpecification\",\"valueRequired\":true,\"valueName\":\"search_term_string\"}}],\"inLanguage\":\"de-AT\"},{\"@type\":\"Organization\",\"@id\":\"https:\\\/\\\/audi-klaus.at\\\/shop\\\/#organization\",\"name\":\"Audi-Klaus\",\"url\":\"https:\\\/\\\/audi-klaus.at\\\/shop\\\/\",\"logo\":{\"@type\":\"ImageObject\",\"inLanguage\":\"de-AT\",\"@id\":\"https:\\\/\\\/audi-klaus.at\\\/shop\\\/#\\\/schema\\\/logo\\\/image\\\/\",\"url\":\"https:\\\/\\\/audi-klaus.at\\\/shop\\\/wp-content\\\/uploads\\\/2024\\\/10\\\/Logo-Shop.webp\",\"contentUrl\":\"https:\\\/\\\/audi-klaus.at\\\/shop\\\/wp-content\\\/uploads\\\/2024\\\/10\\\/Logo-Shop.webp\",\"width\":470,\"height\":164,\"caption\":\"Audi-Klaus\"},\"image\":{\"@id\":\"https:\\\/\\\/audi-klaus.at\\\/shop\\\/#\\\/schema\\\/logo\\\/image\\\/\"},\"sameAs\":[\"https:\\\/\\\/www.facebook.com\\\/audi.klaus.1312\\\/\",\"https:\\\/\\\/www.instagram.com\\\/audi_klaus\\\/?igshid=1eca3qu2mdayg\"]}]}<\/script>\n<!-- \/ Yoast SEO plugin. -->","yoast_head_json":{"title":"Vw Golf\/Cabrio\/3\/Vento Griffblende f\u00fcr manuelle Fensterheber und elektrischen Spiegel rechts schwarz 1H4867198F - Audi-Klaus","description":"Audi-Klaus Vw Golf\/Cabrio\/3\/Vento Griffblende f\u00fcr manuelle Fensterheber und elektrischen Spiegel rechts schwarz 1H4867198F Vw Golf\/Cabrio\/3\/Vento Griffblende f\u00fcr manuelle Fensterheber und elektrischen Spiegel rechts schwarz 1H4867198F","robots":{"index":"index","follow":"follow","max-snippet":"max-snippet:-1","max-image-preview":"max-image-preview:large","max-video-preview":"max-video-preview:-1"},"canonical":"https:\/\/audi-klaus.at\/shop\/produkt\/vw-golf-cabrio-3-vento-griffblende-fuer-manuelle-fensterheber-und-elektrischen-spiegel-rechts-schwarz-1h4867198f\/","og_locale":"de_DE","og_type":"article","og_title":"Vw Golf\/Cabrio\/3\/Vento Griffblende f\u00fcr manuelle Fensterheber und elektrischen Spiegel rechts schwarz 1H4867198F - Audi-Klaus","og_description":"Audi-Klaus Vw Golf\/Cabrio\/3\/Vento Griffblende f\u00fcr manuelle Fensterheber und elektrischen Spiegel rechts schwarz 1H4867198F Vw Golf\/Cabrio\/3\/Vento Griffblende f\u00fcr manuelle Fensterheber und elektrischen Spiegel rechts schwarz 1H4867198F","og_url":"https:\/\/audi-klaus.at\/shop\/produkt\/vw-golf-cabrio-3-vento-griffblende-fuer-manuelle-fensterheber-und-elektrischen-spiegel-rechts-schwarz-1h4867198f\/","og_site_name":"Audi-Klaus","article_publisher":"https:\/\/www.facebook.com\/audi.klaus.1312\/","article_modified_time":"2026-01-07T21:55:19+00:00","og_image":[{"width":480,"height":480,"url":"https:\/\/audi-klaus.at\/shop\/wp-content\/uploads\/2024\/12\/IA695-2.jpg","type":"image\/jpeg"}],"twitter_card":"summary_large_image","twitter_misc":{"Gesch\u00e4tzte Lesezeit":"1 Minute"},"schema":{"@context":"https:\/\/schema.org","@graph":[{"@type":"WebPage","@id":"https:\/\/audi-klaus.at\/shop\/produkt\/vw-golf-cabrio-3-vento-griffblende-fuer-manuelle-fensterheber-und-elektrischen-spiegel-rechts-schwarz-1h4867198f\/","url":"https:\/\/audi-klaus.at\/shop\/produkt\/vw-golf-cabrio-3-vento-griffblende-fuer-manuelle-fensterheber-und-elektrischen-spiegel-rechts-schwarz-1h4867198f\/","name":"Vw Golf\/Cabrio\/3\/Vento Griffblende f\u00fcr manuelle Fensterheber und elektrischen Spiegel rechts schwarz 1H4867198F - Audi-Klaus","isPartOf":{"@id":"https:\/\/audi-klaus.at\/shop\/#website"},"primaryImageOfPage":{"@id":"https:\/\/audi-klaus.at\/shop\/produkt\/vw-golf-cabrio-3-vento-griffblende-fuer-manuelle-fensterheber-und-elektrischen-spiegel-rechts-schwarz-1h4867198f\/#primaryimage"},"image":{"@id":"https:\/\/audi-klaus.at\/shop\/produkt\/vw-golf-cabrio-3-vento-griffblende-fuer-manuelle-fensterheber-und-elektrischen-spiegel-rechts-schwarz-1h4867198f\/#primaryimage"},"thumbnailUrl":"https:\/\/audi-klaus.at\/shop\/wp-content\/uploads\/2024\/12\/IA695-2.jpg","datePublished":"2024-12-23T10:48:47+00:00","dateModified":"2026-01-07T21:55:19+00:00","description":"Audi-Klaus Vw Golf\/Cabrio\/3\/Vento Griffblende f\u00fcr manuelle Fensterheber und elektrischen Spiegel rechts schwarz 1H4867198F Vw Golf\/Cabrio\/3\/Vento Griffblende f\u00fcr manuelle Fensterheber und elektrischen Spiegel rechts schwarz 1H4867198F","breadcrumb":{"@id":"https:\/\/audi-klaus.at\/shop\/produkt\/vw-golf-cabrio-3-vento-griffblende-fuer-manuelle-fensterheber-und-elektrischen-spiegel-rechts-schwarz-1h4867198f\/#breadcrumb"},"inLanguage":"de-AT","potentialAction":[{"@type":"ReadAction","target":["https:\/\/audi-klaus.at\/shop\/produkt\/vw-golf-cabrio-3-vento-griffblende-fuer-manuelle-fensterheber-und-elektrischen-spiegel-rechts-schwarz-1h4867198f\/"]}]},{"@type":"ImageObject","inLanguage":"de-AT","@id":"https:\/\/audi-klaus.at\/shop\/produkt\/vw-golf-cabrio-3-vento-griffblende-fuer-manuelle-fensterheber-und-elektrischen-spiegel-rechts-schwarz-1h4867198f\/#primaryimage","url":"https:\/\/audi-klaus.at\/shop\/wp-content\/uploads\/2024\/12\/IA695-2.jpg","contentUrl":"https:\/\/audi-klaus.at\/shop\/wp-content\/uploads\/2024\/12\/IA695-2.jpg","width":480,"height":480},{"@type":"BreadcrumbList","@id":"https:\/\/audi-klaus.at\/shop\/produkt\/vw-golf-cabrio-3-vento-griffblende-fuer-manuelle-fensterheber-und-elektrischen-spiegel-rechts-schwarz-1h4867198f\/#breadcrumb","itemListElement":[{"@type":"ListItem","position":1,"name":"Startseite","item":"https:\/\/audi-klaus.at\/shop\/"},{"@type":"ListItem","position":2,"name":"Shop","item":"https:\/\/audi-klaus.at\/shop\/"},{"@type":"ListItem","position":3,"name":"Vw Golf\/Cabrio\/3\/Vento Griffblende f\u00fcr manuelle Fensterheber und elektrischen Spiegel rechts schwarz 1H4867198F"}]},{"@type":"WebSite","@id":"https:\/\/audi-klaus.at\/shop\/#website","url":"https:\/\/audi-klaus.at\/shop\/","name":"Audi-Klaus","description":"Ihr Gebrauchtteile Spezialist f\u00fcr die Marken Audi, VW (VAG)","publisher":{"@id":"https:\/\/audi-klaus.at\/shop\/#organization"},"potentialAction":[{"@type":"SearchAction","target":{"@type":"EntryPoint","urlTemplate":"https:\/\/audi-klaus.at\/shop\/?s={search_term_string}"},"query-input":{"@type":"PropertyValueSpecification","valueRequired":true,"valueName":"search_term_string"}}],"inLanguage":"de-AT"},{"@type":"Organization","@id":"https:\/\/audi-klaus.at\/shop\/#organization","name":"Audi-Klaus","url":"https:\/\/audi-klaus.at\/shop\/","logo":{"@type":"ImageObject","inLanguage":"de-AT","@id":"https:\/\/audi-klaus.at\/shop\/#\/schema\/logo\/image\/","url":"https:\/\/audi-klaus.at\/shop\/wp-content\/uploads\/2024\/10\/Logo-Shop.webp","contentUrl":"https:\/\/audi-klaus.at\/shop\/wp-content\/uploads\/2024\/10\/Logo-Shop.webp","width":470,"height":164,"caption":"Audi-Klaus"},"image":{"@id":"https:\/\/audi-klaus.at\/shop\/#\/schema\/logo\/image\/"},"sameAs":["https:\/\/www.facebook.com\/audi.klaus.1312\/","https:\/\/www.instagram.com\/audi_klaus\/?igshid=1eca3qu2mdayg"]}]}},"_links":{"self":[{"href":"https:\/\/audi-klaus.at\/shop\/wp-json\/wp\/v2\/product\/84218","targetHints":{"allow":["GET"]}}],"collection":[{"href":"https:\/\/audi-klaus.at\/shop\/wp-json\/wp\/v2\/product"}],"about":[{"href":"https:\/\/audi-klaus.at\/shop\/wp-json\/wp\/v2\/types\/product"}],"wp:featuredmedia":[{"embeddable":true,"href":"https:\/\/audi-klaus.at\/shop\/wp-json\/wp\/v2\/media\/84239"}],"wp:attachment":[{"href":"https:\/\/audi-klaus.at\/shop\/wp-json\/wp\/v2\/media?parent=84218"}],"wp:term":[{"taxonomy":"product_brand","embeddable":true,"href":"https:\/\/audi-klaus.at\/shop\/wp-json\/wp\/v2\/product_brand?post=84218"},{"taxonomy":"product_cat","embeddable":true,"href":"https:\/\/audi-klaus.at\/shop\/wp-json\/wp\/v2\/product_cat?post=84218"},{"taxonomy":"product_tag","embeddable":true,"href":"https:\/\/audi-klaus.at\/shop\/wp-json\/wp\/v2\/product_tag?post=84218"}],"curies":[{"name":"wp","href":"https:\/\/api.w.org\/{rel}","templated":true}]}}