{"id":83910,"date":"2024-12-13T10:47:47","date_gmt":"2024-12-13T09:47:47","guid":{"rendered":"https:\/\/audi-klaus.at\/shop\/?post_type=product&#038;p=83910"},"modified":"2026-01-07T22:55:14","modified_gmt":"2026-01-07T21:55:14","slug":"vw-bora-golf-4-seat-toledo-2-leon-1-skoda-octavia-1-hosenrohr-neu-vergleichsnr-1j0253091cc-dd-ce-1j0253206x","status":"publish","type":"product","link":"https:\/\/audi-klaus.at\/shop\/produkt\/vw-bora-golf-4-seat-toledo-2-leon-1-skoda-octavia-1-hosenrohr-neu-vergleichsnr-1j0253091cc-dd-ce-1j0253206x\/","title":{"rendered":"Vw Bora\/Golf\/4\/Seat Toledo\/2\/Leon\/1\/Skoda Octavia\/1 Hosenrohr NEU 02759 Vergleichsnr.: 1J0253091CC\/DD\/CE\/1J0253206X"},"content":{"rendered":"<h5 class=\"western\"><span style=\"color: #060606;\"><span style=\"font-family: Verdana, serif;\"><span style=\"font-size: small;\"><b>VAG Teilenummer<\/b><\/span><\/span><\/span><span style=\"color: #060606;\"><span style=\"font-family: Verdana, serif;\"><span style=\"font-size: small;\">: 1J0 253 091 CC\/DD\/CE, 1J0 253 206X<\/span><\/span><\/span><\/h5>\n<h5 class=\"western\"><span style=\"color: #060606;\"><span style=\"font-family: Verdana, serif;\"><span style=\"font-size: small;\"><b>Zustand: <\/b><\/span><\/span><\/span><span style=\"color: #060606;\"><span style=\"font-family: Verdana, serif;\"><span style=\"font-size: small;\"><span lang=\"de-DE\">NEU<\/span><\/span><\/span><\/span><\/h5>\n<h5 class=\"western\"><span style=\"color: #060606;\"><span style=\"font-family: Verdana, serif;\"><span style=\"font-size: small;\"><b>Lieferumfang:<\/b><\/span><\/span><\/span><span style=\"color: #060606;\"><span style=\"font-family: Verdana, serif;\"><span style=\"font-size: small;\">\u00a0wie in den Original-Abbildungen angegeben<\/span><\/span><\/span><\/h5>\n<h5 class=\"western\"><span style=\"color: #060606;\"><span style=\"font-family: Verdana, serif;\"><span style=\"font-size: small;\"><b>Hinweis:<\/b><\/span><\/span><\/span><span style=\"color: #060606;\"><span style=\"font-family: Verdana, serif;\"><span style=\"font-size: small;\">\u00a0Bitte \u00fcberpr\u00fcfen Sie vor dem Kauf anhand der eindeutigen Teilenummern, ob der Artikel zum Fahrzeug passt, um R\u00fccksendungen zu vermeiden! Trotz Angabe der entsprechenden Fahrzeugdaten ist eine eindeutige Zuordnung nur \u00fcber die Teilenummer m\u00f6glich! Die abgelesene Teilenummer ist die Teilenummer des Teils, welches geliefert wird. Die Originalteilnummer ist diejenige, die bei Neubestellung f\u00fcr dieses Teil gilt und der m\u00f6glicherweise abweichenden, gelieferten Teilenummer entspricht. <\/span><\/span><\/span><\/h5>\n<h5 class=\"western\"><span style=\"color: #060606;\"><span style=\"font-family: Verdana, serif;\"><span style=\"font-size: small;\"><span lang=\"de-DE\">Neu<\/span><\/span><\/span><\/span><span style=\"color: #060606;\"><span style=\"font-family: Verdana, serif;\"><span style=\"font-size: small;\"> mit Gebrauchsspuren in Form von Verunreinigungen\/ kleinen Kratzern m\u00f6glich. Die Ware wird ungereinigt geliefert.<\/span><\/span><\/span><\/h5>\n<h5 class=\"western\"><span style=\"color: #060606;\"><span style=\"font-family: Verdana, serif;\"><span style=\"font-size: small;\">Sollten weitere Fragen offen sein, kontaktieren Sie uns bitte unter\u00a0<\/span><\/span><\/span><a href=\"mailto:office@audi-klaus.at\"><span style=\"color: #0000ff;\"><span style=\"font-family: Verdana, serif;\"><span style=\"font-size: small;\"><u>office@audi-klaus.at<\/u><\/span><\/span><\/span><\/a><\/h5>\n","protected":false},"excerpt":{"rendered":"<h5 class=\"western\"><strong><span style=\"color: #000000;\"><span style=\"font-family: Source Sans Pro, serif;\"><span style=\"font-size: x-large;\">Marke: Vw\/Seat\/Skoda<br \/>\nModell: Bora\/Golf\/Toledo\/Leon\/Octavia<br \/>\nTyp: 4\/2\/1<\/span><\/span><\/span><\/strong><\/h5>\n<h5 class=\"western\"><span style=\"color: #c9211e; font-family: Source Sans Pro, serif; font-size: large;\"><span style=\"caret-color: #c9211e;\"><b>Nachbau!!<\/b><\/span><\/span><\/h5>\n","protected":false},"featured_media":83871,"template":"","meta":[],"product_brand":[],"product_cat":[2106,1165,2226,1169,2228,1196,2244,1210,2250,1300,2369,1378,2429,1379,1442,2038,2039,1164],"product_tag":[30354,30355,30356],"class_list":{"0":"post-83910","1":"product","2":"type-product","3":"status-publish","4":"has-post-thumbnail","6":"product_cat-abgas-1-1u-1996-2000","7":"product_cat-golf","8":"product_cat-leon","9":"product_cat-bora","10":"product_cat-toldedo","11":"product_cat-4-1j-1997-2007","12":"product_cat-1-1m-1999-2006","13":"product_cat-1j2-1998-2013","14":"product_cat-2-1m-1998-2004","15":"product_cat-abgas-4-1j-1997-2007","16":"product_cat-abgas-1-1m-1999-2006","17":"product_cat-seat","18":"product_cat-abgas-2-1m-1998-2004","19":"product_cat-skoda","20":"product_cat-abgas-1j2-1998-2013","21":"product_cat-octavia","22":"product_cat-1-1u-1996-2000","23":"product_cat-vw","24":"product_tag-1j0253091cc-dd-ce","25":"product_tag-1j0253206x","26":"product_tag-ap205","28":"first","29":"instock","30":"taxable","31":"shipping-taxable","32":"purchasable","33":"product-type-simple"},"yoast_head":"<!-- This site is optimized with the Yoast SEO plugin v27.5 - https:\/\/yoast.com\/product\/yoast-seo-wordpress\/ -->\n<title>Vw Bora\/Golf\/4\/Seat Toledo\/2\/Leon\/1\/Skoda Octavia\/1 Hosenrohr NEU 02759 Vergleichsnr.: 1J0253091CC\/DD\/CE\/1J0253206X - Audi-Klaus<\/title>\n<meta name=\"description\" content=\"Vw Bora\/Golf\/4\/Seat Toledo\/2\/Leon\/1\/Skoda Octavia\/1 Hosenrohr NEU 02759 Vergleichsnr.: 1J0253091CC\/DD\/CE\/1J0253206X Vw Bora\/Golf\/4\/Seat Toledo\/2\/Leon\/1\/Skoda Octavia\/1 Hosenrohr NEU 02759 Vergleichsnr.: 1J0253091CC\/DD\/CE\/1J0253206X Audi-Klaus\" \/>\n<meta name=\"robots\" content=\"index, follow, max-snippet:-1, max-image-preview:large, max-video-preview:-1\" \/>\n<link rel=\"canonical\" href=\"https:\/\/audi-klaus.at\/shop\/produkt\/vw-bora-golf-4-seat-toledo-2-leon-1-skoda-octavia-1-hosenrohr-neu-vergleichsnr-1j0253091cc-dd-ce-1j0253206x\/\" \/>\n<meta property=\"og:locale\" content=\"de_DE\" \/>\n<meta property=\"og:type\" content=\"article\" \/>\n<meta property=\"og:title\" content=\"Vw Bora\/Golf\/4\/Seat Toledo\/2\/Leon\/1\/Skoda Octavia\/1 Hosenrohr NEU 02759 Vergleichsnr.: 1J0253091CC\/DD\/CE\/1J0253206X - Audi-Klaus\" \/>\n<meta property=\"og:description\" content=\"Vw Bora\/Golf\/4\/Seat Toledo\/2\/Leon\/1\/Skoda Octavia\/1 Hosenrohr NEU 02759 Vergleichsnr.: 1J0253091CC\/DD\/CE\/1J0253206X Vw Bora\/Golf\/4\/Seat Toledo\/2\/Leon\/1\/Skoda Octavia\/1 Hosenrohr NEU 02759 Vergleichsnr.: 1J0253091CC\/DD\/CE\/1J0253206X Audi-Klaus\" \/>\n<meta property=\"og:url\" content=\"https:\/\/audi-klaus.at\/shop\/produkt\/vw-bora-golf-4-seat-toledo-2-leon-1-skoda-octavia-1-hosenrohr-neu-vergleichsnr-1j0253091cc-dd-ce-1j0253206x\/\" \/>\n<meta property=\"og:site_name\" content=\"Audi-Klaus\" \/>\n<meta property=\"article:publisher\" content=\"https:\/\/www.facebook.com\/audi.klaus.1312\/\" \/>\n<meta property=\"article:modified_time\" content=\"2026-01-07T21:55:14+00:00\" \/>\n<meta property=\"og:image\" content=\"https:\/\/audi-klaus.at\/shop\/wp-content\/uploads\/2024\/12\/AP205-1.jpg\" \/>\n\t<meta property=\"og:image:width\" content=\"480\" \/>\n\t<meta property=\"og:image:height\" content=\"480\" \/>\n\t<meta property=\"og:image:type\" content=\"image\/jpeg\" \/>\n<meta name=\"twitter:card\" content=\"summary_large_image\" \/>\n<meta name=\"twitter:label1\" content=\"Gesch\u00e4tzte Lesezeit\" \/>\n\t<meta name=\"twitter:data1\" content=\"1 Minute\" \/>\n<script type=\"application\/ld+json\" class=\"yoast-schema-graph\">{\"@context\":\"https:\\\/\\\/schema.org\",\"@graph\":[{\"@type\":\"WebPage\",\"@id\":\"https:\\\/\\\/audi-klaus.at\\\/shop\\\/produkt\\\/vw-bora-golf-4-seat-toledo-2-leon-1-skoda-octavia-1-hosenrohr-neu-vergleichsnr-1j0253091cc-dd-ce-1j0253206x\\\/\",\"url\":\"https:\\\/\\\/audi-klaus.at\\\/shop\\\/produkt\\\/vw-bora-golf-4-seat-toledo-2-leon-1-skoda-octavia-1-hosenrohr-neu-vergleichsnr-1j0253091cc-dd-ce-1j0253206x\\\/\",\"name\":\"Vw Bora\\\/Golf\\\/4\\\/Seat Toledo\\\/2\\\/Leon\\\/1\\\/Skoda Octavia\\\/1 Hosenrohr NEU 02759 Vergleichsnr.: 1J0253091CC\\\/DD\\\/CE\\\/1J0253206X - Audi-Klaus\",\"isPartOf\":{\"@id\":\"https:\\\/\\\/audi-klaus.at\\\/shop\\\/#website\"},\"primaryImageOfPage\":{\"@id\":\"https:\\\/\\\/audi-klaus.at\\\/shop\\\/produkt\\\/vw-bora-golf-4-seat-toledo-2-leon-1-skoda-octavia-1-hosenrohr-neu-vergleichsnr-1j0253091cc-dd-ce-1j0253206x\\\/#primaryimage\"},\"image\":{\"@id\":\"https:\\\/\\\/audi-klaus.at\\\/shop\\\/produkt\\\/vw-bora-golf-4-seat-toledo-2-leon-1-skoda-octavia-1-hosenrohr-neu-vergleichsnr-1j0253091cc-dd-ce-1j0253206x\\\/#primaryimage\"},\"thumbnailUrl\":\"https:\\\/\\\/audi-klaus.at\\\/shop\\\/wp-content\\\/uploads\\\/2024\\\/12\\\/AP205-1.jpg\",\"datePublished\":\"2024-12-13T09:47:47+00:00\",\"dateModified\":\"2026-01-07T21:55:14+00:00\",\"description\":\"Vw Bora\\\/Golf\\\/4\\\/Seat Toledo\\\/2\\\/Leon\\\/1\\\/Skoda Octavia\\\/1 Hosenrohr NEU 02759 Vergleichsnr.: 1J0253091CC\\\/DD\\\/CE\\\/1J0253206X Vw Bora\\\/Golf\\\/4\\\/Seat Toledo\\\/2\\\/Leon\\\/1\\\/Skoda Octavia\\\/1 Hosenrohr NEU 02759 Vergleichsnr.: 1J0253091CC\\\/DD\\\/CE\\\/1J0253206X Audi-Klaus\",\"breadcrumb\":{\"@id\":\"https:\\\/\\\/audi-klaus.at\\\/shop\\\/produkt\\\/vw-bora-golf-4-seat-toledo-2-leon-1-skoda-octavia-1-hosenrohr-neu-vergleichsnr-1j0253091cc-dd-ce-1j0253206x\\\/#breadcrumb\"},\"inLanguage\":\"de-AT\",\"potentialAction\":[{\"@type\":\"ReadAction\",\"target\":[\"https:\\\/\\\/audi-klaus.at\\\/shop\\\/produkt\\\/vw-bora-golf-4-seat-toledo-2-leon-1-skoda-octavia-1-hosenrohr-neu-vergleichsnr-1j0253091cc-dd-ce-1j0253206x\\\/\"]}]},{\"@type\":\"ImageObject\",\"inLanguage\":\"de-AT\",\"@id\":\"https:\\\/\\\/audi-klaus.at\\\/shop\\\/produkt\\\/vw-bora-golf-4-seat-toledo-2-leon-1-skoda-octavia-1-hosenrohr-neu-vergleichsnr-1j0253091cc-dd-ce-1j0253206x\\\/#primaryimage\",\"url\":\"https:\\\/\\\/audi-klaus.at\\\/shop\\\/wp-content\\\/uploads\\\/2024\\\/12\\\/AP205-1.jpg\",\"contentUrl\":\"https:\\\/\\\/audi-klaus.at\\\/shop\\\/wp-content\\\/uploads\\\/2024\\\/12\\\/AP205-1.jpg\",\"width\":480,\"height\":480},{\"@type\":\"BreadcrumbList\",\"@id\":\"https:\\\/\\\/audi-klaus.at\\\/shop\\\/produkt\\\/vw-bora-golf-4-seat-toledo-2-leon-1-skoda-octavia-1-hosenrohr-neu-vergleichsnr-1j0253091cc-dd-ce-1j0253206x\\\/#breadcrumb\",\"itemListElement\":[{\"@type\":\"ListItem\",\"position\":1,\"name\":\"Startseite\",\"item\":\"https:\\\/\\\/audi-klaus.at\\\/shop\\\/\"},{\"@type\":\"ListItem\",\"position\":2,\"name\":\"Shop\",\"item\":\"https:\\\/\\\/audi-klaus.at\\\/shop\\\/\"},{\"@type\":\"ListItem\",\"position\":3,\"name\":\"Vw Bora\\\/Golf\\\/4\\\/Seat Toledo\\\/2\\\/Leon\\\/1\\\/Skoda Octavia\\\/1 Hosenrohr NEU 02759 Vergleichsnr.: 1J0253091CC\\\/DD\\\/CE\\\/1J0253206X\"}]},{\"@type\":\"WebSite\",\"@id\":\"https:\\\/\\\/audi-klaus.at\\\/shop\\\/#website\",\"url\":\"https:\\\/\\\/audi-klaus.at\\\/shop\\\/\",\"name\":\"Audi-Klaus\",\"description\":\"Ihr Gebrauchtteile Spezialist f\u00fcr die Marken Audi, VW (VAG)\",\"publisher\":{\"@id\":\"https:\\\/\\\/audi-klaus.at\\\/shop\\\/#organization\"},\"potentialAction\":[{\"@type\":\"SearchAction\",\"target\":{\"@type\":\"EntryPoint\",\"urlTemplate\":\"https:\\\/\\\/audi-klaus.at\\\/shop\\\/?s={search_term_string}\"},\"query-input\":{\"@type\":\"PropertyValueSpecification\",\"valueRequired\":true,\"valueName\":\"search_term_string\"}}],\"inLanguage\":\"de-AT\"},{\"@type\":\"Organization\",\"@id\":\"https:\\\/\\\/audi-klaus.at\\\/shop\\\/#organization\",\"name\":\"Audi-Klaus\",\"url\":\"https:\\\/\\\/audi-klaus.at\\\/shop\\\/\",\"logo\":{\"@type\":\"ImageObject\",\"inLanguage\":\"de-AT\",\"@id\":\"https:\\\/\\\/audi-klaus.at\\\/shop\\\/#\\\/schema\\\/logo\\\/image\\\/\",\"url\":\"https:\\\/\\\/audi-klaus.at\\\/shop\\\/wp-content\\\/uploads\\\/2024\\\/10\\\/Logo-Shop.webp\",\"contentUrl\":\"https:\\\/\\\/audi-klaus.at\\\/shop\\\/wp-content\\\/uploads\\\/2024\\\/10\\\/Logo-Shop.webp\",\"width\":470,\"height\":164,\"caption\":\"Audi-Klaus\"},\"image\":{\"@id\":\"https:\\\/\\\/audi-klaus.at\\\/shop\\\/#\\\/schema\\\/logo\\\/image\\\/\"},\"sameAs\":[\"https:\\\/\\\/www.facebook.com\\\/audi.klaus.1312\\\/\",\"https:\\\/\\\/www.instagram.com\\\/audi_klaus\\\/?igshid=1eca3qu2mdayg\"]}]}<\/script>\n<!-- \/ Yoast SEO plugin. -->","yoast_head_json":{"title":"Vw Bora\/Golf\/4\/Seat Toledo\/2\/Leon\/1\/Skoda Octavia\/1 Hosenrohr NEU 02759 Vergleichsnr.: 1J0253091CC\/DD\/CE\/1J0253206X - Audi-Klaus","description":"Vw Bora\/Golf\/4\/Seat Toledo\/2\/Leon\/1\/Skoda Octavia\/1 Hosenrohr NEU 02759 Vergleichsnr.: 1J0253091CC\/DD\/CE\/1J0253206X Vw Bora\/Golf\/4\/Seat Toledo\/2\/Leon\/1\/Skoda Octavia\/1 Hosenrohr NEU 02759 Vergleichsnr.: 1J0253091CC\/DD\/CE\/1J0253206X Audi-Klaus","robots":{"index":"index","follow":"follow","max-snippet":"max-snippet:-1","max-image-preview":"max-image-preview:large","max-video-preview":"max-video-preview:-1"},"canonical":"https:\/\/audi-klaus.at\/shop\/produkt\/vw-bora-golf-4-seat-toledo-2-leon-1-skoda-octavia-1-hosenrohr-neu-vergleichsnr-1j0253091cc-dd-ce-1j0253206x\/","og_locale":"de_DE","og_type":"article","og_title":"Vw Bora\/Golf\/4\/Seat Toledo\/2\/Leon\/1\/Skoda Octavia\/1 Hosenrohr NEU 02759 Vergleichsnr.: 1J0253091CC\/DD\/CE\/1J0253206X - Audi-Klaus","og_description":"Vw Bora\/Golf\/4\/Seat Toledo\/2\/Leon\/1\/Skoda Octavia\/1 Hosenrohr NEU 02759 Vergleichsnr.: 1J0253091CC\/DD\/CE\/1J0253206X Vw Bora\/Golf\/4\/Seat Toledo\/2\/Leon\/1\/Skoda Octavia\/1 Hosenrohr NEU 02759 Vergleichsnr.: 1J0253091CC\/DD\/CE\/1J0253206X Audi-Klaus","og_url":"https:\/\/audi-klaus.at\/shop\/produkt\/vw-bora-golf-4-seat-toledo-2-leon-1-skoda-octavia-1-hosenrohr-neu-vergleichsnr-1j0253091cc-dd-ce-1j0253206x\/","og_site_name":"Audi-Klaus","article_publisher":"https:\/\/www.facebook.com\/audi.klaus.1312\/","article_modified_time":"2026-01-07T21:55:14+00:00","og_image":[{"width":480,"height":480,"url":"https:\/\/audi-klaus.at\/shop\/wp-content\/uploads\/2024\/12\/AP205-1.jpg","type":"image\/jpeg"}],"twitter_card":"summary_large_image","twitter_misc":{"Gesch\u00e4tzte Lesezeit":"1 Minute"},"schema":{"@context":"https:\/\/schema.org","@graph":[{"@type":"WebPage","@id":"https:\/\/audi-klaus.at\/shop\/produkt\/vw-bora-golf-4-seat-toledo-2-leon-1-skoda-octavia-1-hosenrohr-neu-vergleichsnr-1j0253091cc-dd-ce-1j0253206x\/","url":"https:\/\/audi-klaus.at\/shop\/produkt\/vw-bora-golf-4-seat-toledo-2-leon-1-skoda-octavia-1-hosenrohr-neu-vergleichsnr-1j0253091cc-dd-ce-1j0253206x\/","name":"Vw Bora\/Golf\/4\/Seat Toledo\/2\/Leon\/1\/Skoda Octavia\/1 Hosenrohr NEU 02759 Vergleichsnr.: 1J0253091CC\/DD\/CE\/1J0253206X - Audi-Klaus","isPartOf":{"@id":"https:\/\/audi-klaus.at\/shop\/#website"},"primaryImageOfPage":{"@id":"https:\/\/audi-klaus.at\/shop\/produkt\/vw-bora-golf-4-seat-toledo-2-leon-1-skoda-octavia-1-hosenrohr-neu-vergleichsnr-1j0253091cc-dd-ce-1j0253206x\/#primaryimage"},"image":{"@id":"https:\/\/audi-klaus.at\/shop\/produkt\/vw-bora-golf-4-seat-toledo-2-leon-1-skoda-octavia-1-hosenrohr-neu-vergleichsnr-1j0253091cc-dd-ce-1j0253206x\/#primaryimage"},"thumbnailUrl":"https:\/\/audi-klaus.at\/shop\/wp-content\/uploads\/2024\/12\/AP205-1.jpg","datePublished":"2024-12-13T09:47:47+00:00","dateModified":"2026-01-07T21:55:14+00:00","description":"Vw Bora\/Golf\/4\/Seat Toledo\/2\/Leon\/1\/Skoda Octavia\/1 Hosenrohr NEU 02759 Vergleichsnr.: 1J0253091CC\/DD\/CE\/1J0253206X Vw Bora\/Golf\/4\/Seat Toledo\/2\/Leon\/1\/Skoda Octavia\/1 Hosenrohr NEU 02759 Vergleichsnr.: 1J0253091CC\/DD\/CE\/1J0253206X Audi-Klaus","breadcrumb":{"@id":"https:\/\/audi-klaus.at\/shop\/produkt\/vw-bora-golf-4-seat-toledo-2-leon-1-skoda-octavia-1-hosenrohr-neu-vergleichsnr-1j0253091cc-dd-ce-1j0253206x\/#breadcrumb"},"inLanguage":"de-AT","potentialAction":[{"@type":"ReadAction","target":["https:\/\/audi-klaus.at\/shop\/produkt\/vw-bora-golf-4-seat-toledo-2-leon-1-skoda-octavia-1-hosenrohr-neu-vergleichsnr-1j0253091cc-dd-ce-1j0253206x\/"]}]},{"@type":"ImageObject","inLanguage":"de-AT","@id":"https:\/\/audi-klaus.at\/shop\/produkt\/vw-bora-golf-4-seat-toledo-2-leon-1-skoda-octavia-1-hosenrohr-neu-vergleichsnr-1j0253091cc-dd-ce-1j0253206x\/#primaryimage","url":"https:\/\/audi-klaus.at\/shop\/wp-content\/uploads\/2024\/12\/AP205-1.jpg","contentUrl":"https:\/\/audi-klaus.at\/shop\/wp-content\/uploads\/2024\/12\/AP205-1.jpg","width":480,"height":480},{"@type":"BreadcrumbList","@id":"https:\/\/audi-klaus.at\/shop\/produkt\/vw-bora-golf-4-seat-toledo-2-leon-1-skoda-octavia-1-hosenrohr-neu-vergleichsnr-1j0253091cc-dd-ce-1j0253206x\/#breadcrumb","itemListElement":[{"@type":"ListItem","position":1,"name":"Startseite","item":"https:\/\/audi-klaus.at\/shop\/"},{"@type":"ListItem","position":2,"name":"Shop","item":"https:\/\/audi-klaus.at\/shop\/"},{"@type":"ListItem","position":3,"name":"Vw Bora\/Golf\/4\/Seat Toledo\/2\/Leon\/1\/Skoda Octavia\/1 Hosenrohr NEU 02759 Vergleichsnr.: 1J0253091CC\/DD\/CE\/1J0253206X"}]},{"@type":"WebSite","@id":"https:\/\/audi-klaus.at\/shop\/#website","url":"https:\/\/audi-klaus.at\/shop\/","name":"Audi-Klaus","description":"Ihr Gebrauchtteile Spezialist f\u00fcr die Marken Audi, VW (VAG)","publisher":{"@id":"https:\/\/audi-klaus.at\/shop\/#organization"},"potentialAction":[{"@type":"SearchAction","target":{"@type":"EntryPoint","urlTemplate":"https:\/\/audi-klaus.at\/shop\/?s={search_term_string}"},"query-input":{"@type":"PropertyValueSpecification","valueRequired":true,"valueName":"search_term_string"}}],"inLanguage":"de-AT"},{"@type":"Organization","@id":"https:\/\/audi-klaus.at\/shop\/#organization","name":"Audi-Klaus","url":"https:\/\/audi-klaus.at\/shop\/","logo":{"@type":"ImageObject","inLanguage":"de-AT","@id":"https:\/\/audi-klaus.at\/shop\/#\/schema\/logo\/image\/","url":"https:\/\/audi-klaus.at\/shop\/wp-content\/uploads\/2024\/10\/Logo-Shop.webp","contentUrl":"https:\/\/audi-klaus.at\/shop\/wp-content\/uploads\/2024\/10\/Logo-Shop.webp","width":470,"height":164,"caption":"Audi-Klaus"},"image":{"@id":"https:\/\/audi-klaus.at\/shop\/#\/schema\/logo\/image\/"},"sameAs":["https:\/\/www.facebook.com\/audi.klaus.1312\/","https:\/\/www.instagram.com\/audi_klaus\/?igshid=1eca3qu2mdayg"]}]}},"_links":{"self":[{"href":"https:\/\/audi-klaus.at\/shop\/wp-json\/wp\/v2\/product\/83910","targetHints":{"allow":["GET"]}}],"collection":[{"href":"https:\/\/audi-klaus.at\/shop\/wp-json\/wp\/v2\/product"}],"about":[{"href":"https:\/\/audi-klaus.at\/shop\/wp-json\/wp\/v2\/types\/product"}],"wp:featuredmedia":[{"embeddable":true,"href":"https:\/\/audi-klaus.at\/shop\/wp-json\/wp\/v2\/media\/83871"}],"wp:attachment":[{"href":"https:\/\/audi-klaus.at\/shop\/wp-json\/wp\/v2\/media?parent=83910"}],"wp:term":[{"taxonomy":"product_brand","embeddable":true,"href":"https:\/\/audi-klaus.at\/shop\/wp-json\/wp\/v2\/product_brand?post=83910"},{"taxonomy":"product_cat","embeddable":true,"href":"https:\/\/audi-klaus.at\/shop\/wp-json\/wp\/v2\/product_cat?post=83910"},{"taxonomy":"product_tag","embeddable":true,"href":"https:\/\/audi-klaus.at\/shop\/wp-json\/wp\/v2\/product_tag?post=83910"}],"curies":[{"name":"wp","href":"https:\/\/api.w.org\/{rel}","templated":true}]}}