{"id":83760,"date":"2024-12-09T13:15:37","date_gmt":"2024-12-09T12:15:37","guid":{"rendered":"https:\/\/audi-klaus.at\/shop\/?post_type=product&#038;p=83760"},"modified":"2026-01-07T22:55:12","modified_gmt":"2026-01-07T21:55:12","slug":"audi-a4-8e-a6-4b-skoda-superb-3u-vw-passat-3b-luftregelventil-neu-continental-vdo-a2c59512937-vergleichsnr-059128063a-059128063b-059128063d-059128063e","status":"publish","type":"product","link":"https:\/\/audi-klaus.at\/shop\/produkt\/audi-a4-8e-a6-4b-skoda-superb-3u-vw-passat-3b-luftregelventil-neu-continental-vdo-a2c59512937-vergleichsnr-059128063a-059128063b-059128063d-059128063e\/","title":{"rendered":"Audi A4\/8E\/A6\/4B\/Skoda Superb\/3U\/Vw Passat\/3B Luftregelventil NEU Continental VDO A2C59512937\/Vergleichsnr.: 059128063A\/059128063B\/059128063D\/059128063E"},"content":{"rendered":"<h5 class=\"western\"><span style=\"color: #060606;\"><span style=\"font-family: Verdana, serif;\"><span style=\"font-size: small;\"><b>VAG Teilenummer<\/b><\/span><\/span><\/span><span style=\"color: #060606;\"><span style=\"font-family: Verdana, serif;\"><span style=\"font-size: small;\">: VDO A2C 595 129 37, Vergleichsnr.: 059 128 063A, 059 128 063B, 059 128 063D, 059 128 063E<\/span><\/span><\/span><\/h5>\n<h5 class=\"western\"><span style=\"color: #060606;\"><span style=\"font-family: Verdana, serif;\"><span style=\"font-size: small;\"><b>Zustand: <\/b><\/span><\/span><\/span><span style=\"color: #060606;\"><span style=\"font-family: Verdana, serif;\"><span style=\"font-size: small;\"><span lang=\"de-DE\">NEU<\/span><\/span><\/span><\/span><\/h5>\n<h5 class=\"western\"><span style=\"color: #060606;\"><span style=\"font-family: Verdana, serif;\"><span style=\"font-size: small;\"><b>Lieferumfang:<\/b><\/span><\/span><\/span><span style=\"color: #060606;\"><span style=\"font-family: Verdana, serif;\"><span style=\"font-size: small;\">\u00a0wie in den Original-Abbildungen angegeben<\/span><\/span><\/span><\/h5>\n<h5 class=\"western\"><span style=\"color: #060606;\"><span style=\"font-family: Verdana, serif;\"><span style=\"font-size: small;\"><b>Hinweis:<\/b><\/span><\/span><\/span><span style=\"color: #060606;\"><span style=\"font-family: Verdana, serif;\"><span style=\"font-size: small;\">\u00a0Bitte \u00fcberpr\u00fcfen Sie vor dem Kauf anhand der eindeutigen Teilenummern, ob der Artikel zum Fahrzeug passt, um R\u00fccksendungen zu vermeiden! Trotz Angabe der entsprechenden Fahrzeugdaten ist eine eindeutige Zuordnung nur \u00fcber die Teilenummer m\u00f6glich! Die abgelesene Teilenummer ist die Teilenummer des Teils, welches geliefert wird. Die Originalteilnummer ist diejenige, die bei Neubestellung f\u00fcr dieses Teil gilt und der m\u00f6glicherweise abweichenden, gelieferten Teilenummer entspricht. <\/span><\/span><\/span><\/h5>\n<h5 class=\"western\"><span style=\"color: #060606;\"><span style=\"font-family: Verdana, serif;\"><span style=\"font-size: small;\"><span lang=\"de-DE\">Neu<\/span><\/span><\/span><\/span><span style=\"color: #060606;\"><span style=\"font-family: Verdana, serif;\"><span style=\"font-size: small;\"> mit Gebrauchsspuren in Form von Verunreinigungen\/ kleinen Kratzern m\u00f6glich. Die Ware wird ungereinigt geliefert.<\/span><\/span><\/span><\/h5>\n<h5 class=\"western\"><span style=\"color: #060606;\"><span style=\"font-family: Verdana, serif;\"><span style=\"font-size: small;\">Sollten weitere Fragen offen sein, kontaktieren Sie uns bitte unter\u00a0<\/span><\/span><\/span><a href=\"mailto:office@audi-klaus.at\"><span style=\"color: #0000ff;\"><span style=\"font-family: Verdana, serif;\"><span style=\"font-size: small;\"><u>office@audi-klaus.at<\/u><\/span><\/span><\/span><\/a><\/h5>\n","protected":false},"excerpt":{"rendered":"<h5 class=\"western\"><strong><span style=\"color: #000000;\"><span style=\"font-family: Source Sans Pro, serif;\"><span style=\"font-size: x-large;\">Marke: Audi\/Seat\/Vw<br \/>\nModell: A4\/A6\/Superb\/Passat<br \/>\nTyp: 8E\/4B\/3U\/3B<\/span><\/span><\/span><\/strong><\/h5>\n","protected":false},"featured_media":83764,"template":"","meta":[],"product_brand":[],"product_cat":[328,1379,329,1671,32,370,2046,320,372,2047,321,498,2175,322,514,323,587,324,601,325,1164,326,1176,327,1233],"product_tag":[30275,30270,30271,30272,30273,30274],"class_list":{"0":"post-83760","1":"product","2":"type-product","3":"status-publish","4":"has-post-thumbnail","6":"product_cat-kraftstoff-c2-1976-1982","7":"product_cat-skoda","8":"product_cat-vorder-hinterachse-c2-1976-1982","9":"product_cat-motor-getriebe-b5-3b-1996-2005","10":"product_cat-audi","11":"product_cat-a4","12":"product_cat-superb","13":"product_cat-beleuchtung-c1-1969-1976","14":"product_cat-a6","15":"product_cat-1-3u-2001-2006","16":"product_cat-elektrik-c1-1969-1976","17":"product_cat-b6-2000-2004","18":"product_cat-motor-getriebe-1-3u-2001-2006","19":"product_cat-karosserie-c1-1969-1976","20":"product_cat-motor-getriebe-b6-2000-2004","21":"product_cat-zubehoer-c1-1969-1976","22":"product_cat-c5-4b-1997-2005","23":"product_cat-innenraum-c2-1976-1982","24":"product_cat-motor-getriebe-c5-1997-2005","25":"product_cat-motor-getriebe-c2-1976-1982","26":"product_cat-vw","27":"product_cat-abgas-c2-1976-1982","28":"product_cat-passat","29":"product_cat-klima-c2-1976-1982","30":"product_cat-b5-3b-1996-2005","31":"product_tag-m2152","32":"product_tag-a2c59512937","33":"product_tag-059128063a","34":"product_tag-059128063b","35":"product_tag-059128063d","36":"product_tag-059128063e","38":"first","39":"instock","40":"taxable","41":"shipping-taxable","42":"purchasable","43":"product-type-simple"},"yoast_head":"<!-- This site is optimized with the Yoast SEO plugin v27.4 - https:\/\/yoast.com\/product\/yoast-seo-wordpress\/ -->\n<title>Audi A4\/8E\/A6\/4B\/Skoda Superb\/3U\/Vw Passat\/3B Luftregelventil NEU Continental VDO A2C59512937\/Vergleichsnr.: 059128063A\/059128063B\/059128063D\/059128063E - Audi-Klaus<\/title>\n<meta name=\"description\" content=\"Audi-Klaus Audi A4\/8E\/A6\/4B\/Skoda Superb\/3U\/Vw Passat\/3B Luftregelventil NEU Continental VDO A2C59512937\/Vergleichsnr.: 059128063A\/059128063B\/059128063D\/059128063E Audi A4\/8E\/A6\/4B\/Skoda Superb\/3U\/Vw Passat\/3B Luftregelventil NEU Continental VDO A2C59512937\/Vergleichsnr.: 059128063A\/059128063B\/059128063D\/059128063E\" \/>\n<meta name=\"robots\" content=\"index, follow, max-snippet:-1, max-image-preview:large, max-video-preview:-1\" \/>\n<link rel=\"canonical\" href=\"https:\/\/audi-klaus.at\/shop\/produkt\/audi-a4-8e-a6-4b-skoda-superb-3u-vw-passat-3b-luftregelventil-neu-continental-vdo-a2c59512937-vergleichsnr-059128063a-059128063b-059128063d-059128063e\/\" \/>\n<meta property=\"og:locale\" content=\"de_DE\" \/>\n<meta property=\"og:type\" content=\"article\" \/>\n<meta property=\"og:title\" content=\"Audi A4\/8E\/A6\/4B\/Skoda Superb\/3U\/Vw Passat\/3B Luftregelventil NEU Continental VDO A2C59512937\/Vergleichsnr.: 059128063A\/059128063B\/059128063D\/059128063E - Audi-Klaus\" \/>\n<meta property=\"og:description\" content=\"Audi-Klaus Audi A4\/8E\/A6\/4B\/Skoda Superb\/3U\/Vw Passat\/3B Luftregelventil NEU Continental VDO A2C59512937\/Vergleichsnr.: 059128063A\/059128063B\/059128063D\/059128063E Audi A4\/8E\/A6\/4B\/Skoda Superb\/3U\/Vw Passat\/3B Luftregelventil NEU Continental VDO A2C59512937\/Vergleichsnr.: 059128063A\/059128063B\/059128063D\/059128063E\" \/>\n<meta property=\"og:url\" content=\"https:\/\/audi-klaus.at\/shop\/produkt\/audi-a4-8e-a6-4b-skoda-superb-3u-vw-passat-3b-luftregelventil-neu-continental-vdo-a2c59512937-vergleichsnr-059128063a-059128063b-059128063d-059128063e\/\" \/>\n<meta property=\"og:site_name\" content=\"Audi-Klaus\" \/>\n<meta property=\"article:publisher\" content=\"https:\/\/www.facebook.com\/audi.klaus.1312\/\" \/>\n<meta property=\"article:modified_time\" content=\"2026-01-07T21:55:12+00:00\" \/>\n<meta property=\"og:image\" content=\"https:\/\/audi-klaus.at\/shop\/wp-content\/uploads\/2024\/12\/M2152-1.jpg\" \/>\n\t<meta property=\"og:image:width\" content=\"480\" \/>\n\t<meta property=\"og:image:height\" content=\"320\" \/>\n\t<meta property=\"og:image:type\" content=\"image\/jpeg\" \/>\n<meta name=\"twitter:card\" content=\"summary_large_image\" \/>\n<meta name=\"twitter:label1\" content=\"Gesch\u00e4tzte Lesezeit\" \/>\n\t<meta name=\"twitter:data1\" content=\"1 Minute\" \/>\n<script type=\"application\/ld+json\" class=\"yoast-schema-graph\">{\"@context\":\"https:\\\/\\\/schema.org\",\"@graph\":[{\"@type\":\"WebPage\",\"@id\":\"https:\\\/\\\/audi-klaus.at\\\/shop\\\/produkt\\\/audi-a4-8e-a6-4b-skoda-superb-3u-vw-passat-3b-luftregelventil-neu-continental-vdo-a2c59512937-vergleichsnr-059128063a-059128063b-059128063d-059128063e\\\/\",\"url\":\"https:\\\/\\\/audi-klaus.at\\\/shop\\\/produkt\\\/audi-a4-8e-a6-4b-skoda-superb-3u-vw-passat-3b-luftregelventil-neu-continental-vdo-a2c59512937-vergleichsnr-059128063a-059128063b-059128063d-059128063e\\\/\",\"name\":\"Audi A4\\\/8E\\\/A6\\\/4B\\\/Skoda Superb\\\/3U\\\/Vw Passat\\\/3B Luftregelventil NEU Continental VDO A2C59512937\\\/Vergleichsnr.: 059128063A\\\/059128063B\\\/059128063D\\\/059128063E - Audi-Klaus\",\"isPartOf\":{\"@id\":\"https:\\\/\\\/audi-klaus.at\\\/shop\\\/#website\"},\"primaryImageOfPage\":{\"@id\":\"https:\\\/\\\/audi-klaus.at\\\/shop\\\/produkt\\\/audi-a4-8e-a6-4b-skoda-superb-3u-vw-passat-3b-luftregelventil-neu-continental-vdo-a2c59512937-vergleichsnr-059128063a-059128063b-059128063d-059128063e\\\/#primaryimage\"},\"image\":{\"@id\":\"https:\\\/\\\/audi-klaus.at\\\/shop\\\/produkt\\\/audi-a4-8e-a6-4b-skoda-superb-3u-vw-passat-3b-luftregelventil-neu-continental-vdo-a2c59512937-vergleichsnr-059128063a-059128063b-059128063d-059128063e\\\/#primaryimage\"},\"thumbnailUrl\":\"https:\\\/\\\/audi-klaus.at\\\/shop\\\/wp-content\\\/uploads\\\/2024\\\/12\\\/M2152-1.jpg\",\"datePublished\":\"2024-12-09T12:15:37+00:00\",\"dateModified\":\"2026-01-07T21:55:12+00:00\",\"description\":\"Audi-Klaus Audi A4\\\/8E\\\/A6\\\/4B\\\/Skoda Superb\\\/3U\\\/Vw Passat\\\/3B Luftregelventil NEU Continental VDO A2C59512937\\\/Vergleichsnr.: 059128063A\\\/059128063B\\\/059128063D\\\/059128063E Audi A4\\\/8E\\\/A6\\\/4B\\\/Skoda Superb\\\/3U\\\/Vw Passat\\\/3B Luftregelventil NEU Continental VDO A2C59512937\\\/Vergleichsnr.: 059128063A\\\/059128063B\\\/059128063D\\\/059128063E\",\"breadcrumb\":{\"@id\":\"https:\\\/\\\/audi-klaus.at\\\/shop\\\/produkt\\\/audi-a4-8e-a6-4b-skoda-superb-3u-vw-passat-3b-luftregelventil-neu-continental-vdo-a2c59512937-vergleichsnr-059128063a-059128063b-059128063d-059128063e\\\/#breadcrumb\"},\"inLanguage\":\"de-AT\",\"potentialAction\":[{\"@type\":\"ReadAction\",\"target\":[\"https:\\\/\\\/audi-klaus.at\\\/shop\\\/produkt\\\/audi-a4-8e-a6-4b-skoda-superb-3u-vw-passat-3b-luftregelventil-neu-continental-vdo-a2c59512937-vergleichsnr-059128063a-059128063b-059128063d-059128063e\\\/\"]}]},{\"@type\":\"ImageObject\",\"inLanguage\":\"de-AT\",\"@id\":\"https:\\\/\\\/audi-klaus.at\\\/shop\\\/produkt\\\/audi-a4-8e-a6-4b-skoda-superb-3u-vw-passat-3b-luftregelventil-neu-continental-vdo-a2c59512937-vergleichsnr-059128063a-059128063b-059128063d-059128063e\\\/#primaryimage\",\"url\":\"https:\\\/\\\/audi-klaus.at\\\/shop\\\/wp-content\\\/uploads\\\/2024\\\/12\\\/M2152-1.jpg\",\"contentUrl\":\"https:\\\/\\\/audi-klaus.at\\\/shop\\\/wp-content\\\/uploads\\\/2024\\\/12\\\/M2152-1.jpg\",\"width\":480,\"height\":320},{\"@type\":\"BreadcrumbList\",\"@id\":\"https:\\\/\\\/audi-klaus.at\\\/shop\\\/produkt\\\/audi-a4-8e-a6-4b-skoda-superb-3u-vw-passat-3b-luftregelventil-neu-continental-vdo-a2c59512937-vergleichsnr-059128063a-059128063b-059128063d-059128063e\\\/#breadcrumb\",\"itemListElement\":[{\"@type\":\"ListItem\",\"position\":1,\"name\":\"Startseite\",\"item\":\"https:\\\/\\\/audi-klaus.at\\\/shop\\\/\"},{\"@type\":\"ListItem\",\"position\":2,\"name\":\"Shop\",\"item\":\"https:\\\/\\\/audi-klaus.at\\\/shop\\\/\"},{\"@type\":\"ListItem\",\"position\":3,\"name\":\"Audi A4\\\/8E\\\/A6\\\/4B\\\/Skoda Superb\\\/3U\\\/Vw Passat\\\/3B Luftregelventil NEU Continental VDO A2C59512937\\\/Vergleichsnr.: 059128063A\\\/059128063B\\\/059128063D\\\/059128063E\"}]},{\"@type\":\"WebSite\",\"@id\":\"https:\\\/\\\/audi-klaus.at\\\/shop\\\/#website\",\"url\":\"https:\\\/\\\/audi-klaus.at\\\/shop\\\/\",\"name\":\"Audi-Klaus\",\"description\":\"Ihr Gebrauchtteile Spezialist f\u00fcr die Marken Audi, VW (VAG)\",\"publisher\":{\"@id\":\"https:\\\/\\\/audi-klaus.at\\\/shop\\\/#organization\"},\"potentialAction\":[{\"@type\":\"SearchAction\",\"target\":{\"@type\":\"EntryPoint\",\"urlTemplate\":\"https:\\\/\\\/audi-klaus.at\\\/shop\\\/?s={search_term_string}\"},\"query-input\":{\"@type\":\"PropertyValueSpecification\",\"valueRequired\":true,\"valueName\":\"search_term_string\"}}],\"inLanguage\":\"de-AT\"},{\"@type\":\"Organization\",\"@id\":\"https:\\\/\\\/audi-klaus.at\\\/shop\\\/#organization\",\"name\":\"Audi-Klaus\",\"url\":\"https:\\\/\\\/audi-klaus.at\\\/shop\\\/\",\"logo\":{\"@type\":\"ImageObject\",\"inLanguage\":\"de-AT\",\"@id\":\"https:\\\/\\\/audi-klaus.at\\\/shop\\\/#\\\/schema\\\/logo\\\/image\\\/\",\"url\":\"https:\\\/\\\/audi-klaus.at\\\/shop\\\/wp-content\\\/uploads\\\/2024\\\/10\\\/Logo-Shop.webp\",\"contentUrl\":\"https:\\\/\\\/audi-klaus.at\\\/shop\\\/wp-content\\\/uploads\\\/2024\\\/10\\\/Logo-Shop.webp\",\"width\":470,\"height\":164,\"caption\":\"Audi-Klaus\"},\"image\":{\"@id\":\"https:\\\/\\\/audi-klaus.at\\\/shop\\\/#\\\/schema\\\/logo\\\/image\\\/\"},\"sameAs\":[\"https:\\\/\\\/www.facebook.com\\\/audi.klaus.1312\\\/\",\"https:\\\/\\\/www.instagram.com\\\/audi_klaus\\\/?igshid=1eca3qu2mdayg\"]}]}<\/script>\n<!-- \/ Yoast SEO plugin. -->","yoast_head_json":{"title":"Audi A4\/8E\/A6\/4B\/Skoda Superb\/3U\/Vw Passat\/3B Luftregelventil NEU Continental VDO A2C59512937\/Vergleichsnr.: 059128063A\/059128063B\/059128063D\/059128063E - Audi-Klaus","description":"Audi-Klaus Audi A4\/8E\/A6\/4B\/Skoda Superb\/3U\/Vw Passat\/3B Luftregelventil NEU Continental VDO A2C59512937\/Vergleichsnr.: 059128063A\/059128063B\/059128063D\/059128063E Audi A4\/8E\/A6\/4B\/Skoda Superb\/3U\/Vw Passat\/3B Luftregelventil NEU Continental VDO A2C59512937\/Vergleichsnr.: 059128063A\/059128063B\/059128063D\/059128063E","robots":{"index":"index","follow":"follow","max-snippet":"max-snippet:-1","max-image-preview":"max-image-preview:large","max-video-preview":"max-video-preview:-1"},"canonical":"https:\/\/audi-klaus.at\/shop\/produkt\/audi-a4-8e-a6-4b-skoda-superb-3u-vw-passat-3b-luftregelventil-neu-continental-vdo-a2c59512937-vergleichsnr-059128063a-059128063b-059128063d-059128063e\/","og_locale":"de_DE","og_type":"article","og_title":"Audi A4\/8E\/A6\/4B\/Skoda Superb\/3U\/Vw Passat\/3B Luftregelventil NEU Continental VDO A2C59512937\/Vergleichsnr.: 059128063A\/059128063B\/059128063D\/059128063E - Audi-Klaus","og_description":"Audi-Klaus Audi A4\/8E\/A6\/4B\/Skoda Superb\/3U\/Vw Passat\/3B Luftregelventil NEU Continental VDO A2C59512937\/Vergleichsnr.: 059128063A\/059128063B\/059128063D\/059128063E Audi A4\/8E\/A6\/4B\/Skoda Superb\/3U\/Vw Passat\/3B Luftregelventil NEU Continental VDO A2C59512937\/Vergleichsnr.: 059128063A\/059128063B\/059128063D\/059128063E","og_url":"https:\/\/audi-klaus.at\/shop\/produkt\/audi-a4-8e-a6-4b-skoda-superb-3u-vw-passat-3b-luftregelventil-neu-continental-vdo-a2c59512937-vergleichsnr-059128063a-059128063b-059128063d-059128063e\/","og_site_name":"Audi-Klaus","article_publisher":"https:\/\/www.facebook.com\/audi.klaus.1312\/","article_modified_time":"2026-01-07T21:55:12+00:00","og_image":[{"width":480,"height":320,"url":"https:\/\/audi-klaus.at\/shop\/wp-content\/uploads\/2024\/12\/M2152-1.jpg","type":"image\/jpeg"}],"twitter_card":"summary_large_image","twitter_misc":{"Gesch\u00e4tzte Lesezeit":"1 Minute"},"schema":{"@context":"https:\/\/schema.org","@graph":[{"@type":"WebPage","@id":"https:\/\/audi-klaus.at\/shop\/produkt\/audi-a4-8e-a6-4b-skoda-superb-3u-vw-passat-3b-luftregelventil-neu-continental-vdo-a2c59512937-vergleichsnr-059128063a-059128063b-059128063d-059128063e\/","url":"https:\/\/audi-klaus.at\/shop\/produkt\/audi-a4-8e-a6-4b-skoda-superb-3u-vw-passat-3b-luftregelventil-neu-continental-vdo-a2c59512937-vergleichsnr-059128063a-059128063b-059128063d-059128063e\/","name":"Audi A4\/8E\/A6\/4B\/Skoda Superb\/3U\/Vw Passat\/3B Luftregelventil NEU Continental VDO A2C59512937\/Vergleichsnr.: 059128063A\/059128063B\/059128063D\/059128063E - Audi-Klaus","isPartOf":{"@id":"https:\/\/audi-klaus.at\/shop\/#website"},"primaryImageOfPage":{"@id":"https:\/\/audi-klaus.at\/shop\/produkt\/audi-a4-8e-a6-4b-skoda-superb-3u-vw-passat-3b-luftregelventil-neu-continental-vdo-a2c59512937-vergleichsnr-059128063a-059128063b-059128063d-059128063e\/#primaryimage"},"image":{"@id":"https:\/\/audi-klaus.at\/shop\/produkt\/audi-a4-8e-a6-4b-skoda-superb-3u-vw-passat-3b-luftregelventil-neu-continental-vdo-a2c59512937-vergleichsnr-059128063a-059128063b-059128063d-059128063e\/#primaryimage"},"thumbnailUrl":"https:\/\/audi-klaus.at\/shop\/wp-content\/uploads\/2024\/12\/M2152-1.jpg","datePublished":"2024-12-09T12:15:37+00:00","dateModified":"2026-01-07T21:55:12+00:00","description":"Audi-Klaus Audi A4\/8E\/A6\/4B\/Skoda Superb\/3U\/Vw Passat\/3B Luftregelventil NEU Continental VDO A2C59512937\/Vergleichsnr.: 059128063A\/059128063B\/059128063D\/059128063E Audi A4\/8E\/A6\/4B\/Skoda Superb\/3U\/Vw Passat\/3B Luftregelventil NEU Continental VDO A2C59512937\/Vergleichsnr.: 059128063A\/059128063B\/059128063D\/059128063E","breadcrumb":{"@id":"https:\/\/audi-klaus.at\/shop\/produkt\/audi-a4-8e-a6-4b-skoda-superb-3u-vw-passat-3b-luftregelventil-neu-continental-vdo-a2c59512937-vergleichsnr-059128063a-059128063b-059128063d-059128063e\/#breadcrumb"},"inLanguage":"de-AT","potentialAction":[{"@type":"ReadAction","target":["https:\/\/audi-klaus.at\/shop\/produkt\/audi-a4-8e-a6-4b-skoda-superb-3u-vw-passat-3b-luftregelventil-neu-continental-vdo-a2c59512937-vergleichsnr-059128063a-059128063b-059128063d-059128063e\/"]}]},{"@type":"ImageObject","inLanguage":"de-AT","@id":"https:\/\/audi-klaus.at\/shop\/produkt\/audi-a4-8e-a6-4b-skoda-superb-3u-vw-passat-3b-luftregelventil-neu-continental-vdo-a2c59512937-vergleichsnr-059128063a-059128063b-059128063d-059128063e\/#primaryimage","url":"https:\/\/audi-klaus.at\/shop\/wp-content\/uploads\/2024\/12\/M2152-1.jpg","contentUrl":"https:\/\/audi-klaus.at\/shop\/wp-content\/uploads\/2024\/12\/M2152-1.jpg","width":480,"height":320},{"@type":"BreadcrumbList","@id":"https:\/\/audi-klaus.at\/shop\/produkt\/audi-a4-8e-a6-4b-skoda-superb-3u-vw-passat-3b-luftregelventil-neu-continental-vdo-a2c59512937-vergleichsnr-059128063a-059128063b-059128063d-059128063e\/#breadcrumb","itemListElement":[{"@type":"ListItem","position":1,"name":"Startseite","item":"https:\/\/audi-klaus.at\/shop\/"},{"@type":"ListItem","position":2,"name":"Shop","item":"https:\/\/audi-klaus.at\/shop\/"},{"@type":"ListItem","position":3,"name":"Audi A4\/8E\/A6\/4B\/Skoda Superb\/3U\/Vw Passat\/3B Luftregelventil NEU Continental VDO A2C59512937\/Vergleichsnr.: 059128063A\/059128063B\/059128063D\/059128063E"}]},{"@type":"WebSite","@id":"https:\/\/audi-klaus.at\/shop\/#website","url":"https:\/\/audi-klaus.at\/shop\/","name":"Audi-Klaus","description":"Ihr Gebrauchtteile Spezialist f\u00fcr die Marken Audi, VW (VAG)","publisher":{"@id":"https:\/\/audi-klaus.at\/shop\/#organization"},"potentialAction":[{"@type":"SearchAction","target":{"@type":"EntryPoint","urlTemplate":"https:\/\/audi-klaus.at\/shop\/?s={search_term_string}"},"query-input":{"@type":"PropertyValueSpecification","valueRequired":true,"valueName":"search_term_string"}}],"inLanguage":"de-AT"},{"@type":"Organization","@id":"https:\/\/audi-klaus.at\/shop\/#organization","name":"Audi-Klaus","url":"https:\/\/audi-klaus.at\/shop\/","logo":{"@type":"ImageObject","inLanguage":"de-AT","@id":"https:\/\/audi-klaus.at\/shop\/#\/schema\/logo\/image\/","url":"https:\/\/audi-klaus.at\/shop\/wp-content\/uploads\/2024\/10\/Logo-Shop.webp","contentUrl":"https:\/\/audi-klaus.at\/shop\/wp-content\/uploads\/2024\/10\/Logo-Shop.webp","width":470,"height":164,"caption":"Audi-Klaus"},"image":{"@id":"https:\/\/audi-klaus.at\/shop\/#\/schema\/logo\/image\/"},"sameAs":["https:\/\/www.facebook.com\/audi.klaus.1312\/","https:\/\/www.instagram.com\/audi_klaus\/?igshid=1eca3qu2mdayg"]}]}},"_links":{"self":[{"href":"https:\/\/audi-klaus.at\/shop\/wp-json\/wp\/v2\/product\/83760","targetHints":{"allow":["GET"]}}],"collection":[{"href":"https:\/\/audi-klaus.at\/shop\/wp-json\/wp\/v2\/product"}],"about":[{"href":"https:\/\/audi-klaus.at\/shop\/wp-json\/wp\/v2\/types\/product"}],"wp:featuredmedia":[{"embeddable":true,"href":"https:\/\/audi-klaus.at\/shop\/wp-json\/wp\/v2\/media\/83764"}],"wp:attachment":[{"href":"https:\/\/audi-klaus.at\/shop\/wp-json\/wp\/v2\/media?parent=83760"}],"wp:term":[{"taxonomy":"product_brand","embeddable":true,"href":"https:\/\/audi-klaus.at\/shop\/wp-json\/wp\/v2\/product_brand?post=83760"},{"taxonomy":"product_cat","embeddable":true,"href":"https:\/\/audi-klaus.at\/shop\/wp-json\/wp\/v2\/product_cat?post=83760"},{"taxonomy":"product_tag","embeddable":true,"href":"https:\/\/audi-klaus.at\/shop\/wp-json\/wp\/v2\/product_tag?post=83760"}],"curies":[{"name":"wp","href":"https:\/\/api.w.org\/{rel}","templated":true}]}}