{"id":83745,"date":"2024-12-09T12:11:31","date_gmt":"2024-12-09T11:11:31","guid":{"rendered":"https:\/\/audi-klaus.at\/shop\/?post_type=product&#038;p=83745"},"modified":"2026-01-07T22:55:12","modified_gmt":"2026-01-07T21:55:12","slug":"vw-passat-b6-b7-cc-kraftstoff-foerdereinheit-neu-continental-vdo-2803580025380-3aa919051e-3c8919051b","status":"publish","type":"product","link":"https:\/\/audi-klaus.at\/shop\/produkt\/vw-passat-b6-b7-cc-kraftstoff-foerdereinheit-neu-continental-vdo-2803580025380-3aa919051e-3c8919051b\/","title":{"rendered":"Vw Passat\/B6\/B7\/CC Kraftstoff-F\u00f6rdereinheit  NEU Continental VDO 2803580025380\/3AA919051E\/3C8919051B"},"content":{"rendered":"<h5 class=\"western\"><span style=\"color: #060606;\"><span style=\"font-family: Verdana, serif;\"><span style=\"font-size: small;\"><b>VAG Teilenummer<\/b><\/span><\/span><\/span><span style=\"color: #060606;\"><span style=\"font-family: Verdana, serif;\"><span style=\"font-size: small;\">: VDO 280 358 002 5380, 3AA 919 051E, 3C8 919 051B<\/span><\/span><\/span><\/h5>\n<h5 class=\"western\"><span style=\"color: #060606;\"><span style=\"font-family: Verdana, serif;\"><span style=\"font-size: small;\"><b>Zustand: <\/b><\/span><\/span><\/span><span style=\"color: #060606;\"><span style=\"font-family: Verdana, serif;\"><span style=\"font-size: small;\"><span lang=\"de-DE\">NEU<\/span><\/span><\/span><\/span><\/h5>\n<h5 class=\"western\"><span style=\"color: #060606;\"><span style=\"font-family: Verdana, serif;\"><span style=\"font-size: small;\"><b>Lieferumfang:<\/b><\/span><\/span><\/span><span style=\"color: #060606;\"><span style=\"font-family: Verdana, serif;\"><span style=\"font-size: small;\">\u00a0wie in den Original-Abbildungen angegeben<\/span><\/span><\/span><\/h5>\n<h5 class=\"western\"><span style=\"color: #060606;\"><span style=\"font-family: Verdana, serif;\"><span style=\"font-size: small;\"><b>Hinweis:<\/b><\/span><\/span><\/span><span style=\"color: #060606;\"><span style=\"font-family: Verdana, serif;\"><span style=\"font-size: small;\">\u00a0Bitte \u00fcberpr\u00fcfen Sie vor dem Kauf anhand der eindeutigen Teilenummern, ob der Artikel zum Fahrzeug passt, um R\u00fccksendungen zu vermeiden! Trotz Angabe der entsprechenden Fahrzeugdaten ist eine eindeutige Zuordnung nur \u00fcber die Teilenummer m\u00f6glich! Die abgelesene Teilenummer ist die Teilenummer des Teils, welches geliefert wird. Die Originalteilnummer ist diejenige, die bei Neubestellung f\u00fcr dieses Teil gilt und der m\u00f6glicherweise abweichenden, gelieferten Teilenummer entspricht. <\/span><\/span><\/span><\/h5>\n<h5 class=\"western\"><span style=\"color: #060606;\"><span style=\"font-family: Verdana, serif;\"><span style=\"font-size: small;\"><span lang=\"de-DE\">Neu<\/span><\/span><\/span><\/span><span style=\"color: #060606;\"><span style=\"font-family: Verdana, serif;\"><span style=\"font-size: small;\"> mit Gebrauchsspuren in Form von Verunreinigungen\/ kleinen Kratzern m\u00f6glich. Die Ware wird ungereinigt geliefert.<\/span><\/span><\/span><\/h5>\n<h5 class=\"western\"><span style=\"color: #060606;\"><span style=\"font-family: Verdana, serif;\"><span style=\"font-size: small;\">Sollten weitere Fragen offen sein, kontaktieren Sie uns bitte unter\u00a0<\/span><\/span><\/span><a href=\"mailto:office@audi-klaus.at\"><span style=\"color: #0000ff;\"><span style=\"font-family: Verdana, serif;\"><span style=\"font-size: small;\"><u>office@audi-klaus.at<\/u><\/span><\/span><\/span><\/a><\/h5>\n","protected":false},"excerpt":{"rendered":"<p class=\"western\"><strong><span style=\"color: #000000;\"><span style=\"font-family: Source Sans Pro, serif;\"><span style=\"font-size: x-large;\">Marke: Vw<br \/>\nModell: Passat<br \/>\nTyp: B6\/B7\/CC<\/span><\/span><\/span><\/strong><\/p>\n","protected":false},"featured_media":83730,"template":"","meta":[],"product_brand":[],"product_cat":[1234,1235,1236,1684,1694,1714,1164,1176],"product_tag":[30247,30248,30249,30250],"class_list":{"0":"post-83745","1":"product","2":"type-product","3":"status-publish","4":"has-post-thumbnail","6":"product_cat-b6-3c-2005-2010","7":"product_cat-cc-3c-2008-2012","8":"product_cat-b7-3c-2010-2014","9":"product_cat-kraftstoff-b6-3c-2005-2010","10":"product_cat-kraftstoff-b7-3c-2010-2014","11":"product_cat-kraftstoff-cc-3c-2008-2012","12":"product_cat-vw","13":"product_cat-passat","14":"product_tag-30247","15":"product_tag-3aa919051e","16":"product_tag-3c8919051b","17":"product_tag-t208","19":"first","20":"instock","21":"taxable","22":"shipping-taxable","23":"purchasable","24":"product-type-simple"},"yoast_head":"<!-- This site is optimized with the Yoast SEO plugin v27.4 - https:\/\/yoast.com\/product\/yoast-seo-wordpress\/ -->\n<title>Vw Passat\/B6\/B7\/CC Kraftstoff-F\u00f6rdereinheit NEU Continental VDO 2803580025380\/3AA919051E\/3C8919051B - Audi-Klaus<\/title>\n<meta name=\"description\" content=\"Audi-Klaus Vw Passat\/B6\/B7\/CC Kraftstoff-F\u00f6rdereinheit NEU Continental VDO 2803580025380\/3AA919051E\/3C8919051B Vw Passat\/B6\/B7\/CC Kraftstoff-F\u00f6rdereinheit NEU Continental VDO 2803580025380\/3AA919051E\/3C8919051B\" \/>\n<meta name=\"robots\" content=\"index, follow, max-snippet:-1, max-image-preview:large, max-video-preview:-1\" \/>\n<link rel=\"canonical\" href=\"https:\/\/audi-klaus.at\/shop\/produkt\/vw-passat-b6-b7-cc-kraftstoff-foerdereinheit-neu-continental-vdo-2803580025380-3aa919051e-3c8919051b\/\" \/>\n<meta property=\"og:locale\" content=\"de_DE\" \/>\n<meta property=\"og:type\" content=\"article\" \/>\n<meta property=\"og:title\" content=\"Vw Passat\/B6\/B7\/CC Kraftstoff-F\u00f6rdereinheit NEU Continental VDO 2803580025380\/3AA919051E\/3C8919051B - Audi-Klaus\" \/>\n<meta property=\"og:description\" content=\"Audi-Klaus Vw Passat\/B6\/B7\/CC Kraftstoff-F\u00f6rdereinheit NEU Continental VDO 2803580025380\/3AA919051E\/3C8919051B Vw Passat\/B6\/B7\/CC Kraftstoff-F\u00f6rdereinheit NEU Continental VDO 2803580025380\/3AA919051E\/3C8919051B\" \/>\n<meta property=\"og:url\" content=\"https:\/\/audi-klaus.at\/shop\/produkt\/vw-passat-b6-b7-cc-kraftstoff-foerdereinheit-neu-continental-vdo-2803580025380-3aa919051e-3c8919051b\/\" \/>\n<meta property=\"og:site_name\" content=\"Audi-Klaus\" \/>\n<meta property=\"article:publisher\" content=\"https:\/\/www.facebook.com\/audi.klaus.1312\/\" \/>\n<meta property=\"article:modified_time\" content=\"2026-01-07T21:55:12+00:00\" \/>\n<meta property=\"og:image\" content=\"https:\/\/audi-klaus.at\/shop\/wp-content\/uploads\/2024\/12\/T208-1.jpeg\" \/>\n\t<meta property=\"og:image:width\" content=\"283\" \/>\n\t<meta property=\"og:image:height\" content=\"283\" \/>\n\t<meta property=\"og:image:type\" content=\"image\/jpeg\" \/>\n<meta name=\"twitter:card\" content=\"summary_large_image\" \/>\n<meta name=\"twitter:label1\" content=\"Gesch\u00e4tzte Lesezeit\" \/>\n\t<meta name=\"twitter:data1\" content=\"1 Minute\" \/>\n<script type=\"application\/ld+json\" class=\"yoast-schema-graph\">{\"@context\":\"https:\\\/\\\/schema.org\",\"@graph\":[{\"@type\":\"WebPage\",\"@id\":\"https:\\\/\\\/audi-klaus.at\\\/shop\\\/produkt\\\/vw-passat-b6-b7-cc-kraftstoff-foerdereinheit-neu-continental-vdo-2803580025380-3aa919051e-3c8919051b\\\/\",\"url\":\"https:\\\/\\\/audi-klaus.at\\\/shop\\\/produkt\\\/vw-passat-b6-b7-cc-kraftstoff-foerdereinheit-neu-continental-vdo-2803580025380-3aa919051e-3c8919051b\\\/\",\"name\":\"Vw Passat\\\/B6\\\/B7\\\/CC Kraftstoff-F\u00f6rdereinheit NEU Continental VDO 2803580025380\\\/3AA919051E\\\/3C8919051B - Audi-Klaus\",\"isPartOf\":{\"@id\":\"https:\\\/\\\/audi-klaus.at\\\/shop\\\/#website\"},\"primaryImageOfPage\":{\"@id\":\"https:\\\/\\\/audi-klaus.at\\\/shop\\\/produkt\\\/vw-passat-b6-b7-cc-kraftstoff-foerdereinheit-neu-continental-vdo-2803580025380-3aa919051e-3c8919051b\\\/#primaryimage\"},\"image\":{\"@id\":\"https:\\\/\\\/audi-klaus.at\\\/shop\\\/produkt\\\/vw-passat-b6-b7-cc-kraftstoff-foerdereinheit-neu-continental-vdo-2803580025380-3aa919051e-3c8919051b\\\/#primaryimage\"},\"thumbnailUrl\":\"https:\\\/\\\/audi-klaus.at\\\/shop\\\/wp-content\\\/uploads\\\/2024\\\/12\\\/T208-1.jpeg\",\"datePublished\":\"2024-12-09T11:11:31+00:00\",\"dateModified\":\"2026-01-07T21:55:12+00:00\",\"description\":\"Audi-Klaus Vw Passat\\\/B6\\\/B7\\\/CC Kraftstoff-F\u00f6rdereinheit NEU Continental VDO 2803580025380\\\/3AA919051E\\\/3C8919051B Vw Passat\\\/B6\\\/B7\\\/CC Kraftstoff-F\u00f6rdereinheit NEU Continental VDO 2803580025380\\\/3AA919051E\\\/3C8919051B\",\"breadcrumb\":{\"@id\":\"https:\\\/\\\/audi-klaus.at\\\/shop\\\/produkt\\\/vw-passat-b6-b7-cc-kraftstoff-foerdereinheit-neu-continental-vdo-2803580025380-3aa919051e-3c8919051b\\\/#breadcrumb\"},\"inLanguage\":\"de-AT\",\"potentialAction\":[{\"@type\":\"ReadAction\",\"target\":[\"https:\\\/\\\/audi-klaus.at\\\/shop\\\/produkt\\\/vw-passat-b6-b7-cc-kraftstoff-foerdereinheit-neu-continental-vdo-2803580025380-3aa919051e-3c8919051b\\\/\"]}]},{\"@type\":\"ImageObject\",\"inLanguage\":\"de-AT\",\"@id\":\"https:\\\/\\\/audi-klaus.at\\\/shop\\\/produkt\\\/vw-passat-b6-b7-cc-kraftstoff-foerdereinheit-neu-continental-vdo-2803580025380-3aa919051e-3c8919051b\\\/#primaryimage\",\"url\":\"https:\\\/\\\/audi-klaus.at\\\/shop\\\/wp-content\\\/uploads\\\/2024\\\/12\\\/T208-1.jpeg\",\"contentUrl\":\"https:\\\/\\\/audi-klaus.at\\\/shop\\\/wp-content\\\/uploads\\\/2024\\\/12\\\/T208-1.jpeg\",\"width\":283,\"height\":283},{\"@type\":\"BreadcrumbList\",\"@id\":\"https:\\\/\\\/audi-klaus.at\\\/shop\\\/produkt\\\/vw-passat-b6-b7-cc-kraftstoff-foerdereinheit-neu-continental-vdo-2803580025380-3aa919051e-3c8919051b\\\/#breadcrumb\",\"itemListElement\":[{\"@type\":\"ListItem\",\"position\":1,\"name\":\"Startseite\",\"item\":\"https:\\\/\\\/audi-klaus.at\\\/shop\\\/\"},{\"@type\":\"ListItem\",\"position\":2,\"name\":\"Shop\",\"item\":\"https:\\\/\\\/audi-klaus.at\\\/shop\\\/\"},{\"@type\":\"ListItem\",\"position\":3,\"name\":\"Vw Passat\\\/B6\\\/B7\\\/CC Kraftstoff-F\u00f6rdereinheit NEU Continental VDO 2803580025380\\\/3AA919051E\\\/3C8919051B\"}]},{\"@type\":\"WebSite\",\"@id\":\"https:\\\/\\\/audi-klaus.at\\\/shop\\\/#website\",\"url\":\"https:\\\/\\\/audi-klaus.at\\\/shop\\\/\",\"name\":\"Audi-Klaus\",\"description\":\"Ihr Gebrauchtteile Spezialist f\u00fcr die Marken Audi, VW (VAG)\",\"publisher\":{\"@id\":\"https:\\\/\\\/audi-klaus.at\\\/shop\\\/#organization\"},\"potentialAction\":[{\"@type\":\"SearchAction\",\"target\":{\"@type\":\"EntryPoint\",\"urlTemplate\":\"https:\\\/\\\/audi-klaus.at\\\/shop\\\/?s={search_term_string}\"},\"query-input\":{\"@type\":\"PropertyValueSpecification\",\"valueRequired\":true,\"valueName\":\"search_term_string\"}}],\"inLanguage\":\"de-AT\"},{\"@type\":\"Organization\",\"@id\":\"https:\\\/\\\/audi-klaus.at\\\/shop\\\/#organization\",\"name\":\"Audi-Klaus\",\"url\":\"https:\\\/\\\/audi-klaus.at\\\/shop\\\/\",\"logo\":{\"@type\":\"ImageObject\",\"inLanguage\":\"de-AT\",\"@id\":\"https:\\\/\\\/audi-klaus.at\\\/shop\\\/#\\\/schema\\\/logo\\\/image\\\/\",\"url\":\"https:\\\/\\\/audi-klaus.at\\\/shop\\\/wp-content\\\/uploads\\\/2024\\\/10\\\/Logo-Shop.webp\",\"contentUrl\":\"https:\\\/\\\/audi-klaus.at\\\/shop\\\/wp-content\\\/uploads\\\/2024\\\/10\\\/Logo-Shop.webp\",\"width\":470,\"height\":164,\"caption\":\"Audi-Klaus\"},\"image\":{\"@id\":\"https:\\\/\\\/audi-klaus.at\\\/shop\\\/#\\\/schema\\\/logo\\\/image\\\/\"},\"sameAs\":[\"https:\\\/\\\/www.facebook.com\\\/audi.klaus.1312\\\/\",\"https:\\\/\\\/www.instagram.com\\\/audi_klaus\\\/?igshid=1eca3qu2mdayg\"]}]}<\/script>\n<!-- \/ Yoast SEO plugin. -->","yoast_head_json":{"title":"Vw Passat\/B6\/B7\/CC Kraftstoff-F\u00f6rdereinheit NEU Continental VDO 2803580025380\/3AA919051E\/3C8919051B - Audi-Klaus","description":"Audi-Klaus Vw Passat\/B6\/B7\/CC Kraftstoff-F\u00f6rdereinheit NEU Continental VDO 2803580025380\/3AA919051E\/3C8919051B Vw Passat\/B6\/B7\/CC Kraftstoff-F\u00f6rdereinheit NEU Continental VDO 2803580025380\/3AA919051E\/3C8919051B","robots":{"index":"index","follow":"follow","max-snippet":"max-snippet:-1","max-image-preview":"max-image-preview:large","max-video-preview":"max-video-preview:-1"},"canonical":"https:\/\/audi-klaus.at\/shop\/produkt\/vw-passat-b6-b7-cc-kraftstoff-foerdereinheit-neu-continental-vdo-2803580025380-3aa919051e-3c8919051b\/","og_locale":"de_DE","og_type":"article","og_title":"Vw Passat\/B6\/B7\/CC Kraftstoff-F\u00f6rdereinheit NEU Continental VDO 2803580025380\/3AA919051E\/3C8919051B - Audi-Klaus","og_description":"Audi-Klaus Vw Passat\/B6\/B7\/CC Kraftstoff-F\u00f6rdereinheit NEU Continental VDO 2803580025380\/3AA919051E\/3C8919051B Vw Passat\/B6\/B7\/CC Kraftstoff-F\u00f6rdereinheit NEU Continental VDO 2803580025380\/3AA919051E\/3C8919051B","og_url":"https:\/\/audi-klaus.at\/shop\/produkt\/vw-passat-b6-b7-cc-kraftstoff-foerdereinheit-neu-continental-vdo-2803580025380-3aa919051e-3c8919051b\/","og_site_name":"Audi-Klaus","article_publisher":"https:\/\/www.facebook.com\/audi.klaus.1312\/","article_modified_time":"2026-01-07T21:55:12+00:00","og_image":[{"width":283,"height":283,"url":"https:\/\/audi-klaus.at\/shop\/wp-content\/uploads\/2024\/12\/T208-1.jpeg","type":"image\/jpeg"}],"twitter_card":"summary_large_image","twitter_misc":{"Gesch\u00e4tzte Lesezeit":"1 Minute"},"schema":{"@context":"https:\/\/schema.org","@graph":[{"@type":"WebPage","@id":"https:\/\/audi-klaus.at\/shop\/produkt\/vw-passat-b6-b7-cc-kraftstoff-foerdereinheit-neu-continental-vdo-2803580025380-3aa919051e-3c8919051b\/","url":"https:\/\/audi-klaus.at\/shop\/produkt\/vw-passat-b6-b7-cc-kraftstoff-foerdereinheit-neu-continental-vdo-2803580025380-3aa919051e-3c8919051b\/","name":"Vw Passat\/B6\/B7\/CC Kraftstoff-F\u00f6rdereinheit NEU Continental VDO 2803580025380\/3AA919051E\/3C8919051B - Audi-Klaus","isPartOf":{"@id":"https:\/\/audi-klaus.at\/shop\/#website"},"primaryImageOfPage":{"@id":"https:\/\/audi-klaus.at\/shop\/produkt\/vw-passat-b6-b7-cc-kraftstoff-foerdereinheit-neu-continental-vdo-2803580025380-3aa919051e-3c8919051b\/#primaryimage"},"image":{"@id":"https:\/\/audi-klaus.at\/shop\/produkt\/vw-passat-b6-b7-cc-kraftstoff-foerdereinheit-neu-continental-vdo-2803580025380-3aa919051e-3c8919051b\/#primaryimage"},"thumbnailUrl":"https:\/\/audi-klaus.at\/shop\/wp-content\/uploads\/2024\/12\/T208-1.jpeg","datePublished":"2024-12-09T11:11:31+00:00","dateModified":"2026-01-07T21:55:12+00:00","description":"Audi-Klaus Vw Passat\/B6\/B7\/CC Kraftstoff-F\u00f6rdereinheit NEU Continental VDO 2803580025380\/3AA919051E\/3C8919051B Vw Passat\/B6\/B7\/CC Kraftstoff-F\u00f6rdereinheit NEU Continental VDO 2803580025380\/3AA919051E\/3C8919051B","breadcrumb":{"@id":"https:\/\/audi-klaus.at\/shop\/produkt\/vw-passat-b6-b7-cc-kraftstoff-foerdereinheit-neu-continental-vdo-2803580025380-3aa919051e-3c8919051b\/#breadcrumb"},"inLanguage":"de-AT","potentialAction":[{"@type":"ReadAction","target":["https:\/\/audi-klaus.at\/shop\/produkt\/vw-passat-b6-b7-cc-kraftstoff-foerdereinheit-neu-continental-vdo-2803580025380-3aa919051e-3c8919051b\/"]}]},{"@type":"ImageObject","inLanguage":"de-AT","@id":"https:\/\/audi-klaus.at\/shop\/produkt\/vw-passat-b6-b7-cc-kraftstoff-foerdereinheit-neu-continental-vdo-2803580025380-3aa919051e-3c8919051b\/#primaryimage","url":"https:\/\/audi-klaus.at\/shop\/wp-content\/uploads\/2024\/12\/T208-1.jpeg","contentUrl":"https:\/\/audi-klaus.at\/shop\/wp-content\/uploads\/2024\/12\/T208-1.jpeg","width":283,"height":283},{"@type":"BreadcrumbList","@id":"https:\/\/audi-klaus.at\/shop\/produkt\/vw-passat-b6-b7-cc-kraftstoff-foerdereinheit-neu-continental-vdo-2803580025380-3aa919051e-3c8919051b\/#breadcrumb","itemListElement":[{"@type":"ListItem","position":1,"name":"Startseite","item":"https:\/\/audi-klaus.at\/shop\/"},{"@type":"ListItem","position":2,"name":"Shop","item":"https:\/\/audi-klaus.at\/shop\/"},{"@type":"ListItem","position":3,"name":"Vw Passat\/B6\/B7\/CC Kraftstoff-F\u00f6rdereinheit NEU Continental VDO 2803580025380\/3AA919051E\/3C8919051B"}]},{"@type":"WebSite","@id":"https:\/\/audi-klaus.at\/shop\/#website","url":"https:\/\/audi-klaus.at\/shop\/","name":"Audi-Klaus","description":"Ihr Gebrauchtteile Spezialist f\u00fcr die Marken Audi, VW (VAG)","publisher":{"@id":"https:\/\/audi-klaus.at\/shop\/#organization"},"potentialAction":[{"@type":"SearchAction","target":{"@type":"EntryPoint","urlTemplate":"https:\/\/audi-klaus.at\/shop\/?s={search_term_string}"},"query-input":{"@type":"PropertyValueSpecification","valueRequired":true,"valueName":"search_term_string"}}],"inLanguage":"de-AT"},{"@type":"Organization","@id":"https:\/\/audi-klaus.at\/shop\/#organization","name":"Audi-Klaus","url":"https:\/\/audi-klaus.at\/shop\/","logo":{"@type":"ImageObject","inLanguage":"de-AT","@id":"https:\/\/audi-klaus.at\/shop\/#\/schema\/logo\/image\/","url":"https:\/\/audi-klaus.at\/shop\/wp-content\/uploads\/2024\/10\/Logo-Shop.webp","contentUrl":"https:\/\/audi-klaus.at\/shop\/wp-content\/uploads\/2024\/10\/Logo-Shop.webp","width":470,"height":164,"caption":"Audi-Klaus"},"image":{"@id":"https:\/\/audi-klaus.at\/shop\/#\/schema\/logo\/image\/"},"sameAs":["https:\/\/www.facebook.com\/audi.klaus.1312\/","https:\/\/www.instagram.com\/audi_klaus\/?igshid=1eca3qu2mdayg"]}]}},"_links":{"self":[{"href":"https:\/\/audi-klaus.at\/shop\/wp-json\/wp\/v2\/product\/83745","targetHints":{"allow":["GET"]}}],"collection":[{"href":"https:\/\/audi-klaus.at\/shop\/wp-json\/wp\/v2\/product"}],"about":[{"href":"https:\/\/audi-klaus.at\/shop\/wp-json\/wp\/v2\/types\/product"}],"wp:featuredmedia":[{"embeddable":true,"href":"https:\/\/audi-klaus.at\/shop\/wp-json\/wp\/v2\/media\/83730"}],"wp:attachment":[{"href":"https:\/\/audi-klaus.at\/shop\/wp-json\/wp\/v2\/media?parent=83745"}],"wp:term":[{"taxonomy":"product_brand","embeddable":true,"href":"https:\/\/audi-klaus.at\/shop\/wp-json\/wp\/v2\/product_brand?post=83745"},{"taxonomy":"product_cat","embeddable":true,"href":"https:\/\/audi-klaus.at\/shop\/wp-json\/wp\/v2\/product_cat?post=83745"},{"taxonomy":"product_tag","embeddable":true,"href":"https:\/\/audi-klaus.at\/shop\/wp-json\/wp\/v2\/product_tag?post=83745"}],"curies":[{"name":"wp","href":"https:\/\/api.w.org\/{rel}","templated":true}]}}