{"id":83744,"date":"2024-12-09T12:05:41","date_gmt":"2024-12-09T11:05:41","guid":{"rendered":"https:\/\/audi-klaus.at\/shop\/?post_type=product&#038;p=83744"},"modified":"2026-01-07T22:55:12","modified_gmt":"2026-01-07T21:55:12","slug":"audi-a8-d3-vw-phaeton-kraftstoff-foerdereinheit-neu-continental-vdo-a2c53089990z-vergleichsnr-3d0919087m-3d0919087f-3d0919087b","status":"publish","type":"product","link":"https:\/\/audi-klaus.at\/shop\/produkt\/audi-a8-d3-vw-phaeton-kraftstoff-foerdereinheit-neu-continental-vdo-a2c53089990z-vergleichsnr-3d0919087m-3d0919087f-3d0919087b\/","title":{"rendered":"Audi A8\/D3\/Vw Phaeton Kraftstoff-F\u00f6rdereinheit NEU Continental VDO A2C53089990Z\/Vergleichsnr.: 3D0919087M\/3D0919087F\/3D0919087B"},"content":{"rendered":"<h5 class=\"western\"><span style=\"color: #060606;\"><span style=\"font-family: Verdana, serif;\"><span style=\"font-size: small;\"><b>VAG Teilenummer<\/b><\/span><\/span><\/span><span style=\"color: #060606;\"><span style=\"font-family: Verdana, serif;\"><span style=\"font-size: small;\">: VDO A2C 530 899 90Z, Vergleichsnr.: 3D0 919 087M, 3D0 919 087F, 3D0 919 087B<\/span><\/span><\/span><\/h5>\n<h5 class=\"western\"><span style=\"color: #060606;\"><span style=\"font-family: Verdana, serif;\"><span style=\"font-size: small;\"><b>Zustand: <\/b><\/span><\/span><\/span><span style=\"color: #060606;\"><span style=\"font-family: Verdana, serif;\"><span style=\"font-size: small;\"><span lang=\"de-DE\">NEU<\/span><\/span><\/span><\/span><\/h5>\n<h5 class=\"western\"><span style=\"color: #060606;\"><span style=\"font-family: Verdana, serif;\"><span style=\"font-size: small;\"><b>Lieferumfang:<\/b><\/span><\/span><\/span><span style=\"color: #060606;\"><span style=\"font-family: Verdana, serif;\"><span style=\"font-size: small;\">\u00a0wie in den Original-Abbildungen angegeben<\/span><\/span><\/span><\/h5>\n<h5 class=\"western\"><span style=\"color: #060606;\"><span style=\"font-family: Verdana, serif;\"><span style=\"font-size: small;\"><b>Hinweis:<\/b><\/span><\/span><\/span><span style=\"color: #060606;\"><span style=\"font-family: Verdana, serif;\"><span style=\"font-size: small;\">\u00a0Bitte \u00fcberpr\u00fcfen Sie vor dem Kauf anhand der eindeutigen Teilenummern, ob der Artikel zum Fahrzeug passt, um R\u00fccksendungen zu vermeiden! Trotz Angabe der entsprechenden Fahrzeugdaten ist eine eindeutige Zuordnung nur \u00fcber die Teilenummer m\u00f6glich! Die abgelesene Teilenummer ist die Teilenummer des Teils, welches geliefert wird. Die Originalteilnummer ist diejenige, die bei Neubestellung f\u00fcr dieses Teil gilt und der m\u00f6glicherweise abweichenden, gelieferten Teilenummer entspricht. <\/span><\/span><\/span><\/h5>\n<h5 class=\"western\"><span style=\"color: #060606;\"><span style=\"font-family: Verdana, serif;\"><span style=\"font-size: small;\"><span lang=\"de-DE\">Neu<\/span><\/span><\/span><\/span><span style=\"color: #060606;\"><span style=\"font-family: Verdana, serif;\"><span style=\"font-size: small;\"> mit Gebrauchsspuren in Form von Verunreinigungen\/ kleinen Kratzern m\u00f6glich. Die Ware wird ungereinigt geliefert.<\/span><\/span><\/span><\/h5>\n<h5 class=\"western\"><span style=\"color: #060606;\"><span style=\"font-family: Verdana, serif;\"><span style=\"font-size: small;\">Sollten weitere Fragen offen sein, kontaktieren Sie uns bitte unter\u00a0<\/span><\/span><\/span><a href=\"mailto:office@audi-klaus.at\"><span style=\"color: #0000ff;\"><span style=\"font-family: Verdana, serif;\"><span style=\"font-size: small;\"><u>office@audi-klaus.at<\/u><\/span><\/span><\/span><\/a><\/h5>\n","protected":false},"excerpt":{"rendered":"<p class=\"western\"><strong><span style=\"color: #000000;\"><span style=\"font-family: Source Sans Pro, serif;\"><span style=\"font-size: x-large;\">Marke: Audi\/Vw<br \/>\nModell: \u00a0A8\/Phaeton<br \/>\nTyp: D3<\/span><\/span><\/span><\/strong><\/p>\n","protected":false},"featured_media":83731,"template":"","meta":[],"product_brand":[],"product_cat":[327,328,329,32,374,320,950,321,998,322,1164,323,1181,324,325,326],"product_tag":[30245,30246,30242,30243,30244],"class_list":{"0":"post-83744","1":"product","2":"type-product","3":"status-publish","4":"has-post-thumbnail","6":"product_cat-klima-c2-1976-1982","7":"product_cat-kraftstoff-c2-1976-1982","8":"product_cat-vorder-hinterachse-c2-1976-1982","9":"product_cat-audi","10":"product_cat-a8","11":"product_cat-beleuchtung-c1-1969-1976","12":"product_cat-d3-4e-2002-2009","13":"product_cat-elektrik-c1-1969-1976","14":"product_cat-kraftstoff-d3-2002-2009","15":"product_cat-karosserie-c1-1969-1976","16":"product_cat-vw","17":"product_cat-zubehoer-c1-1969-1976","18":"product_cat-phaeton","19":"product_cat-innenraum-c2-1976-1982","20":"product_cat-motor-getriebe-c2-1976-1982","21":"product_cat-abgas-c2-1976-1982","22":"product_tag-3d0919087b","23":"product_tag-t207","24":"product_tag-a2c53089990z","25":"product_tag-3d0919087m","26":"product_tag-3d0919087f","28":"first","29":"instock","30":"taxable","31":"shipping-taxable","32":"purchasable","33":"product-type-simple"},"yoast_head":"<!-- This site is optimized with the Yoast SEO plugin v27.5 - https:\/\/yoast.com\/product\/yoast-seo-wordpress\/ -->\n<title>Audi A8\/D3\/Vw Phaeton Kraftstoff-F\u00f6rdereinheit NEU Continental VDO A2C53089990Z\/Vergleichsnr.: 3D0919087M\/3D0919087F\/3D0919087B - Audi-Klaus<\/title>\n<meta name=\"description\" content=\"Audi-Klaus Audi A8\/D3\/Vw Phaeton Kraftstoff-F\u00f6rdereinheit NEU Continental VDO A2C53089990Z\/Vergleichsnr.: 3D0919087M\/3D0919087F\/3D0919087B Audi A8\/D3\/Vw Phaeton Kraftstoff-F\u00f6rdereinheit NEU Continental VDO A2C53089990Z\/Vergleichsnr.: 3D0919087M\/3D0919087F\/3D0919087B\" \/>\n<meta name=\"robots\" content=\"index, follow, max-snippet:-1, max-image-preview:large, max-video-preview:-1\" \/>\n<link rel=\"canonical\" href=\"https:\/\/audi-klaus.at\/shop\/produkt\/audi-a8-d3-vw-phaeton-kraftstoff-foerdereinheit-neu-continental-vdo-a2c53089990z-vergleichsnr-3d0919087m-3d0919087f-3d0919087b\/\" \/>\n<meta property=\"og:locale\" content=\"de_DE\" \/>\n<meta property=\"og:type\" content=\"article\" \/>\n<meta property=\"og:title\" content=\"Audi A8\/D3\/Vw Phaeton Kraftstoff-F\u00f6rdereinheit NEU Continental VDO A2C53089990Z\/Vergleichsnr.: 3D0919087M\/3D0919087F\/3D0919087B - Audi-Klaus\" \/>\n<meta property=\"og:description\" content=\"Audi-Klaus Audi A8\/D3\/Vw Phaeton Kraftstoff-F\u00f6rdereinheit NEU Continental VDO A2C53089990Z\/Vergleichsnr.: 3D0919087M\/3D0919087F\/3D0919087B Audi A8\/D3\/Vw Phaeton Kraftstoff-F\u00f6rdereinheit NEU Continental VDO A2C53089990Z\/Vergleichsnr.: 3D0919087M\/3D0919087F\/3D0919087B\" \/>\n<meta property=\"og:url\" content=\"https:\/\/audi-klaus.at\/shop\/produkt\/audi-a8-d3-vw-phaeton-kraftstoff-foerdereinheit-neu-continental-vdo-a2c53089990z-vergleichsnr-3d0919087m-3d0919087f-3d0919087b\/\" \/>\n<meta property=\"og:site_name\" content=\"Audi-Klaus\" \/>\n<meta property=\"article:publisher\" content=\"https:\/\/www.facebook.com\/audi.klaus.1312\/\" \/>\n<meta property=\"article:modified_time\" content=\"2026-01-07T21:55:12+00:00\" \/>\n<meta property=\"og:image\" content=\"https:\/\/audi-klaus.at\/shop\/wp-content\/uploads\/2024\/12\/T207-1.jpeg\" \/>\n\t<meta property=\"og:image:width\" content=\"480\" \/>\n\t<meta property=\"og:image:height\" content=\"480\" \/>\n\t<meta property=\"og:image:type\" content=\"image\/jpeg\" \/>\n<meta name=\"twitter:card\" content=\"summary_large_image\" \/>\n<meta name=\"twitter:label1\" content=\"Gesch\u00e4tzte Lesezeit\" \/>\n\t<meta name=\"twitter:data1\" content=\"1 Minute\" \/>\n<script type=\"application\/ld+json\" class=\"yoast-schema-graph\">{\"@context\":\"https:\\\/\\\/schema.org\",\"@graph\":[{\"@type\":\"WebPage\",\"@id\":\"https:\\\/\\\/audi-klaus.at\\\/shop\\\/produkt\\\/audi-a8-d3-vw-phaeton-kraftstoff-foerdereinheit-neu-continental-vdo-a2c53089990z-vergleichsnr-3d0919087m-3d0919087f-3d0919087b\\\/\",\"url\":\"https:\\\/\\\/audi-klaus.at\\\/shop\\\/produkt\\\/audi-a8-d3-vw-phaeton-kraftstoff-foerdereinheit-neu-continental-vdo-a2c53089990z-vergleichsnr-3d0919087m-3d0919087f-3d0919087b\\\/\",\"name\":\"Audi A8\\\/D3\\\/Vw Phaeton Kraftstoff-F\u00f6rdereinheit NEU Continental VDO A2C53089990Z\\\/Vergleichsnr.: 3D0919087M\\\/3D0919087F\\\/3D0919087B - Audi-Klaus\",\"isPartOf\":{\"@id\":\"https:\\\/\\\/audi-klaus.at\\\/shop\\\/#website\"},\"primaryImageOfPage\":{\"@id\":\"https:\\\/\\\/audi-klaus.at\\\/shop\\\/produkt\\\/audi-a8-d3-vw-phaeton-kraftstoff-foerdereinheit-neu-continental-vdo-a2c53089990z-vergleichsnr-3d0919087m-3d0919087f-3d0919087b\\\/#primaryimage\"},\"image\":{\"@id\":\"https:\\\/\\\/audi-klaus.at\\\/shop\\\/produkt\\\/audi-a8-d3-vw-phaeton-kraftstoff-foerdereinheit-neu-continental-vdo-a2c53089990z-vergleichsnr-3d0919087m-3d0919087f-3d0919087b\\\/#primaryimage\"},\"thumbnailUrl\":\"https:\\\/\\\/audi-klaus.at\\\/shop\\\/wp-content\\\/uploads\\\/2024\\\/12\\\/T207-1.jpeg\",\"datePublished\":\"2024-12-09T11:05:41+00:00\",\"dateModified\":\"2026-01-07T21:55:12+00:00\",\"description\":\"Audi-Klaus Audi A8\\\/D3\\\/Vw Phaeton Kraftstoff-F\u00f6rdereinheit NEU Continental VDO A2C53089990Z\\\/Vergleichsnr.: 3D0919087M\\\/3D0919087F\\\/3D0919087B Audi A8\\\/D3\\\/Vw Phaeton Kraftstoff-F\u00f6rdereinheit NEU Continental VDO A2C53089990Z\\\/Vergleichsnr.: 3D0919087M\\\/3D0919087F\\\/3D0919087B\",\"breadcrumb\":{\"@id\":\"https:\\\/\\\/audi-klaus.at\\\/shop\\\/produkt\\\/audi-a8-d3-vw-phaeton-kraftstoff-foerdereinheit-neu-continental-vdo-a2c53089990z-vergleichsnr-3d0919087m-3d0919087f-3d0919087b\\\/#breadcrumb\"},\"inLanguage\":\"de-AT\",\"potentialAction\":[{\"@type\":\"ReadAction\",\"target\":[\"https:\\\/\\\/audi-klaus.at\\\/shop\\\/produkt\\\/audi-a8-d3-vw-phaeton-kraftstoff-foerdereinheit-neu-continental-vdo-a2c53089990z-vergleichsnr-3d0919087m-3d0919087f-3d0919087b\\\/\"]}]},{\"@type\":\"ImageObject\",\"inLanguage\":\"de-AT\",\"@id\":\"https:\\\/\\\/audi-klaus.at\\\/shop\\\/produkt\\\/audi-a8-d3-vw-phaeton-kraftstoff-foerdereinheit-neu-continental-vdo-a2c53089990z-vergleichsnr-3d0919087m-3d0919087f-3d0919087b\\\/#primaryimage\",\"url\":\"https:\\\/\\\/audi-klaus.at\\\/shop\\\/wp-content\\\/uploads\\\/2024\\\/12\\\/T207-1.jpeg\",\"contentUrl\":\"https:\\\/\\\/audi-klaus.at\\\/shop\\\/wp-content\\\/uploads\\\/2024\\\/12\\\/T207-1.jpeg\",\"width\":480,\"height\":480},{\"@type\":\"BreadcrumbList\",\"@id\":\"https:\\\/\\\/audi-klaus.at\\\/shop\\\/produkt\\\/audi-a8-d3-vw-phaeton-kraftstoff-foerdereinheit-neu-continental-vdo-a2c53089990z-vergleichsnr-3d0919087m-3d0919087f-3d0919087b\\\/#breadcrumb\",\"itemListElement\":[{\"@type\":\"ListItem\",\"position\":1,\"name\":\"Startseite\",\"item\":\"https:\\\/\\\/audi-klaus.at\\\/shop\\\/\"},{\"@type\":\"ListItem\",\"position\":2,\"name\":\"Shop\",\"item\":\"https:\\\/\\\/audi-klaus.at\\\/shop\\\/\"},{\"@type\":\"ListItem\",\"position\":3,\"name\":\"Audi A8\\\/D3\\\/Vw Phaeton Kraftstoff-F\u00f6rdereinheit NEU Continental VDO A2C53089990Z\\\/Vergleichsnr.: 3D0919087M\\\/3D0919087F\\\/3D0919087B\"}]},{\"@type\":\"WebSite\",\"@id\":\"https:\\\/\\\/audi-klaus.at\\\/shop\\\/#website\",\"url\":\"https:\\\/\\\/audi-klaus.at\\\/shop\\\/\",\"name\":\"Audi-Klaus\",\"description\":\"Ihr Gebrauchtteile Spezialist f\u00fcr die Marken Audi, VW (VAG)\",\"publisher\":{\"@id\":\"https:\\\/\\\/audi-klaus.at\\\/shop\\\/#organization\"},\"potentialAction\":[{\"@type\":\"SearchAction\",\"target\":{\"@type\":\"EntryPoint\",\"urlTemplate\":\"https:\\\/\\\/audi-klaus.at\\\/shop\\\/?s={search_term_string}\"},\"query-input\":{\"@type\":\"PropertyValueSpecification\",\"valueRequired\":true,\"valueName\":\"search_term_string\"}}],\"inLanguage\":\"de-AT\"},{\"@type\":\"Organization\",\"@id\":\"https:\\\/\\\/audi-klaus.at\\\/shop\\\/#organization\",\"name\":\"Audi-Klaus\",\"url\":\"https:\\\/\\\/audi-klaus.at\\\/shop\\\/\",\"logo\":{\"@type\":\"ImageObject\",\"inLanguage\":\"de-AT\",\"@id\":\"https:\\\/\\\/audi-klaus.at\\\/shop\\\/#\\\/schema\\\/logo\\\/image\\\/\",\"url\":\"https:\\\/\\\/audi-klaus.at\\\/shop\\\/wp-content\\\/uploads\\\/2024\\\/10\\\/Logo-Shop.webp\",\"contentUrl\":\"https:\\\/\\\/audi-klaus.at\\\/shop\\\/wp-content\\\/uploads\\\/2024\\\/10\\\/Logo-Shop.webp\",\"width\":470,\"height\":164,\"caption\":\"Audi-Klaus\"},\"image\":{\"@id\":\"https:\\\/\\\/audi-klaus.at\\\/shop\\\/#\\\/schema\\\/logo\\\/image\\\/\"},\"sameAs\":[\"https:\\\/\\\/www.facebook.com\\\/audi.klaus.1312\\\/\",\"https:\\\/\\\/www.instagram.com\\\/audi_klaus\\\/?igshid=1eca3qu2mdayg\"]}]}<\/script>\n<!-- \/ Yoast SEO plugin. -->","yoast_head_json":{"title":"Audi A8\/D3\/Vw Phaeton Kraftstoff-F\u00f6rdereinheit NEU Continental VDO A2C53089990Z\/Vergleichsnr.: 3D0919087M\/3D0919087F\/3D0919087B - Audi-Klaus","description":"Audi-Klaus Audi A8\/D3\/Vw Phaeton Kraftstoff-F\u00f6rdereinheit NEU Continental VDO A2C53089990Z\/Vergleichsnr.: 3D0919087M\/3D0919087F\/3D0919087B Audi A8\/D3\/Vw Phaeton Kraftstoff-F\u00f6rdereinheit NEU Continental VDO A2C53089990Z\/Vergleichsnr.: 3D0919087M\/3D0919087F\/3D0919087B","robots":{"index":"index","follow":"follow","max-snippet":"max-snippet:-1","max-image-preview":"max-image-preview:large","max-video-preview":"max-video-preview:-1"},"canonical":"https:\/\/audi-klaus.at\/shop\/produkt\/audi-a8-d3-vw-phaeton-kraftstoff-foerdereinheit-neu-continental-vdo-a2c53089990z-vergleichsnr-3d0919087m-3d0919087f-3d0919087b\/","og_locale":"de_DE","og_type":"article","og_title":"Audi A8\/D3\/Vw Phaeton Kraftstoff-F\u00f6rdereinheit NEU Continental VDO A2C53089990Z\/Vergleichsnr.: 3D0919087M\/3D0919087F\/3D0919087B - Audi-Klaus","og_description":"Audi-Klaus Audi A8\/D3\/Vw Phaeton Kraftstoff-F\u00f6rdereinheit NEU Continental VDO A2C53089990Z\/Vergleichsnr.: 3D0919087M\/3D0919087F\/3D0919087B Audi A8\/D3\/Vw Phaeton Kraftstoff-F\u00f6rdereinheit NEU Continental VDO A2C53089990Z\/Vergleichsnr.: 3D0919087M\/3D0919087F\/3D0919087B","og_url":"https:\/\/audi-klaus.at\/shop\/produkt\/audi-a8-d3-vw-phaeton-kraftstoff-foerdereinheit-neu-continental-vdo-a2c53089990z-vergleichsnr-3d0919087m-3d0919087f-3d0919087b\/","og_site_name":"Audi-Klaus","article_publisher":"https:\/\/www.facebook.com\/audi.klaus.1312\/","article_modified_time":"2026-01-07T21:55:12+00:00","og_image":[{"width":480,"height":480,"url":"https:\/\/audi-klaus.at\/shop\/wp-content\/uploads\/2024\/12\/T207-1.jpeg","type":"image\/jpeg"}],"twitter_card":"summary_large_image","twitter_misc":{"Gesch\u00e4tzte Lesezeit":"1 Minute"},"schema":{"@context":"https:\/\/schema.org","@graph":[{"@type":"WebPage","@id":"https:\/\/audi-klaus.at\/shop\/produkt\/audi-a8-d3-vw-phaeton-kraftstoff-foerdereinheit-neu-continental-vdo-a2c53089990z-vergleichsnr-3d0919087m-3d0919087f-3d0919087b\/","url":"https:\/\/audi-klaus.at\/shop\/produkt\/audi-a8-d3-vw-phaeton-kraftstoff-foerdereinheit-neu-continental-vdo-a2c53089990z-vergleichsnr-3d0919087m-3d0919087f-3d0919087b\/","name":"Audi A8\/D3\/Vw Phaeton Kraftstoff-F\u00f6rdereinheit NEU Continental VDO A2C53089990Z\/Vergleichsnr.: 3D0919087M\/3D0919087F\/3D0919087B - Audi-Klaus","isPartOf":{"@id":"https:\/\/audi-klaus.at\/shop\/#website"},"primaryImageOfPage":{"@id":"https:\/\/audi-klaus.at\/shop\/produkt\/audi-a8-d3-vw-phaeton-kraftstoff-foerdereinheit-neu-continental-vdo-a2c53089990z-vergleichsnr-3d0919087m-3d0919087f-3d0919087b\/#primaryimage"},"image":{"@id":"https:\/\/audi-klaus.at\/shop\/produkt\/audi-a8-d3-vw-phaeton-kraftstoff-foerdereinheit-neu-continental-vdo-a2c53089990z-vergleichsnr-3d0919087m-3d0919087f-3d0919087b\/#primaryimage"},"thumbnailUrl":"https:\/\/audi-klaus.at\/shop\/wp-content\/uploads\/2024\/12\/T207-1.jpeg","datePublished":"2024-12-09T11:05:41+00:00","dateModified":"2026-01-07T21:55:12+00:00","description":"Audi-Klaus Audi A8\/D3\/Vw Phaeton Kraftstoff-F\u00f6rdereinheit NEU Continental VDO A2C53089990Z\/Vergleichsnr.: 3D0919087M\/3D0919087F\/3D0919087B Audi A8\/D3\/Vw Phaeton Kraftstoff-F\u00f6rdereinheit NEU Continental VDO A2C53089990Z\/Vergleichsnr.: 3D0919087M\/3D0919087F\/3D0919087B","breadcrumb":{"@id":"https:\/\/audi-klaus.at\/shop\/produkt\/audi-a8-d3-vw-phaeton-kraftstoff-foerdereinheit-neu-continental-vdo-a2c53089990z-vergleichsnr-3d0919087m-3d0919087f-3d0919087b\/#breadcrumb"},"inLanguage":"de-AT","potentialAction":[{"@type":"ReadAction","target":["https:\/\/audi-klaus.at\/shop\/produkt\/audi-a8-d3-vw-phaeton-kraftstoff-foerdereinheit-neu-continental-vdo-a2c53089990z-vergleichsnr-3d0919087m-3d0919087f-3d0919087b\/"]}]},{"@type":"ImageObject","inLanguage":"de-AT","@id":"https:\/\/audi-klaus.at\/shop\/produkt\/audi-a8-d3-vw-phaeton-kraftstoff-foerdereinheit-neu-continental-vdo-a2c53089990z-vergleichsnr-3d0919087m-3d0919087f-3d0919087b\/#primaryimage","url":"https:\/\/audi-klaus.at\/shop\/wp-content\/uploads\/2024\/12\/T207-1.jpeg","contentUrl":"https:\/\/audi-klaus.at\/shop\/wp-content\/uploads\/2024\/12\/T207-1.jpeg","width":480,"height":480},{"@type":"BreadcrumbList","@id":"https:\/\/audi-klaus.at\/shop\/produkt\/audi-a8-d3-vw-phaeton-kraftstoff-foerdereinheit-neu-continental-vdo-a2c53089990z-vergleichsnr-3d0919087m-3d0919087f-3d0919087b\/#breadcrumb","itemListElement":[{"@type":"ListItem","position":1,"name":"Startseite","item":"https:\/\/audi-klaus.at\/shop\/"},{"@type":"ListItem","position":2,"name":"Shop","item":"https:\/\/audi-klaus.at\/shop\/"},{"@type":"ListItem","position":3,"name":"Audi A8\/D3\/Vw Phaeton Kraftstoff-F\u00f6rdereinheit NEU Continental VDO A2C53089990Z\/Vergleichsnr.: 3D0919087M\/3D0919087F\/3D0919087B"}]},{"@type":"WebSite","@id":"https:\/\/audi-klaus.at\/shop\/#website","url":"https:\/\/audi-klaus.at\/shop\/","name":"Audi-Klaus","description":"Ihr Gebrauchtteile Spezialist f\u00fcr die Marken Audi, VW (VAG)","publisher":{"@id":"https:\/\/audi-klaus.at\/shop\/#organization"},"potentialAction":[{"@type":"SearchAction","target":{"@type":"EntryPoint","urlTemplate":"https:\/\/audi-klaus.at\/shop\/?s={search_term_string}"},"query-input":{"@type":"PropertyValueSpecification","valueRequired":true,"valueName":"search_term_string"}}],"inLanguage":"de-AT"},{"@type":"Organization","@id":"https:\/\/audi-klaus.at\/shop\/#organization","name":"Audi-Klaus","url":"https:\/\/audi-klaus.at\/shop\/","logo":{"@type":"ImageObject","inLanguage":"de-AT","@id":"https:\/\/audi-klaus.at\/shop\/#\/schema\/logo\/image\/","url":"https:\/\/audi-klaus.at\/shop\/wp-content\/uploads\/2024\/10\/Logo-Shop.webp","contentUrl":"https:\/\/audi-klaus.at\/shop\/wp-content\/uploads\/2024\/10\/Logo-Shop.webp","width":470,"height":164,"caption":"Audi-Klaus"},"image":{"@id":"https:\/\/audi-klaus.at\/shop\/#\/schema\/logo\/image\/"},"sameAs":["https:\/\/www.facebook.com\/audi.klaus.1312\/","https:\/\/www.instagram.com\/audi_klaus\/?igshid=1eca3qu2mdayg"]}]}},"_links":{"self":[{"href":"https:\/\/audi-klaus.at\/shop\/wp-json\/wp\/v2\/product\/83744","targetHints":{"allow":["GET"]}}],"collection":[{"href":"https:\/\/audi-klaus.at\/shop\/wp-json\/wp\/v2\/product"}],"about":[{"href":"https:\/\/audi-klaus.at\/shop\/wp-json\/wp\/v2\/types\/product"}],"wp:featuredmedia":[{"embeddable":true,"href":"https:\/\/audi-klaus.at\/shop\/wp-json\/wp\/v2\/media\/83731"}],"wp:attachment":[{"href":"https:\/\/audi-klaus.at\/shop\/wp-json\/wp\/v2\/media?parent=83744"}],"wp:term":[{"taxonomy":"product_brand","embeddable":true,"href":"https:\/\/audi-klaus.at\/shop\/wp-json\/wp\/v2\/product_brand?post=83744"},{"taxonomy":"product_cat","embeddable":true,"href":"https:\/\/audi-klaus.at\/shop\/wp-json\/wp\/v2\/product_cat?post=83744"},{"taxonomy":"product_tag","embeddable":true,"href":"https:\/\/audi-klaus.at\/shop\/wp-json\/wp\/v2\/product_tag?post=83744"}],"curies":[{"name":"wp","href":"https:\/\/api.w.org\/{rel}","templated":true}]}}