{"id":8214,"date":"2021-12-07T14:27:53","date_gmt":"2021-12-07T13:27:53","guid":{"rendered":"http:\/\/audi-klaus.at.server171-han.server-routing.com\/shop\/?post_type=product&#038;p=8214"},"modified":"2026-01-07T20:58:40","modified_gmt":"2026-01-07T19:58:40","slug":"vw-golf-plus-jetta-6-passat-b7-tiguan-1-kennzeichenleuchte-neu-5n0943021b","status":"publish","type":"product","link":"https:\/\/audi-klaus.at\/shop\/produkt\/vw-golf-plus-jetta-6-passat-b7-tiguan-1-kennzeichenleuchte-neu-5n0943021b\/","title":{"rendered":"VW Golf Plus\/Jetta\/6\/Passat\/B7\/Tiguan\/1\/Sharan\/1\/2\/Seat Alhambra\/2\/Ibiza\/6J\/Skoda Fabia\/3\/Octavia\/3 Kennzeichenleuchte NEU 5N0943021B"},"content":{"rendered":"<p><strong><span style=\"color: #000000;\"><span style=\"font-family: Source Sans Pro, sans-serif;\"><span style=\"font-size: medium;\"><b>VAG Teilenummer<\/b><\/span><\/span><\/span><\/strong><span style=\"color: #000000;\"><span style=\"font-family: Source Sans Pro, sans-serif;\"><span style=\"font-size: medium;\"><b>:<\/b><\/span><\/span><\/span> 5N0 943 021B<span style=\"font-family: Source Sans Pro, sans-serif;\"><span style=\"font-size: medium;\"><br \/>\n<\/span><\/span><strong><span style=\"color: #000000;\"><span style=\"font-family: Source Sans Pro, sans-serif;\"><span style=\"font-size: medium;\"><b>Zustand:<\/b><\/span><\/span><\/span><\/strong><span style=\"color: #000000;\"><span style=\"font-family: Source Sans Pro, sans-serif;\"><span style=\"font-size: medium;\"> Neu<\/span><\/span><\/span><span style=\"font-family: Source Sans Pro, sans-serif;\"><span style=\"font-size: medium;\"><br \/>\n<\/span><\/span><strong><span style=\"color: #000000;\"><span style=\"font-family: Source Sans Pro, sans-serif;\"><span style=\"font-size: medium;\"><b>Lieferumfang:<\/b><\/span><\/span><\/span><\/strong> <span style=\"color: #000000;\"><span style=\"font-family: Source Sans Pro, sans-serif;\"><span style=\"font-size: medium;\">wie in den Original-Abbildungen angegeben<\/span><\/span><\/span><span style=\"font-family: Source Sans Pro, sans-serif;\"><span style=\"font-size: medium;\"><br \/>\n<\/span><\/span><span style=\"color: #000000;\"><span style=\"font-family: Source Sans Pro, sans-serif;\"><span style=\"font-size: medium;\">Hinweis: Bitte \u00fcberpr\u00fcfen Sie vor dem Kauf anhand der eindeutigen Teilenummern, ob der Artikel zum Fahrzeug passt, um R\u00fccksendungen zu vermeiden! Trotz Angabe der entsprechenden Fahrzeugdaten ist eine eindeutige Zuordnung nur \u00fcber die Teilenummer m\u00f6glich! Die abgelesene Teilenummer ist die Teilenummer des Teils, welches geliefert wird. Die Originalteilnummer ist diejenige, die bei Neubestellung f\u00fcr dieses Teil gilt und der m\u00f6glicherweise abweichenden, gelieferten Teilenummer entspricht. Sollten weitere Fragen offen sein, kontaktieren Sie uns bitte unter <\/span><\/span><\/span><a href=\"mailto:office@audi-klaus.at\"><span style=\"font-family: Source Sans Pro, sans-serif;\"><span style=\"font-size: medium;\">office@audi-klaus.at<\/span><\/span><\/a><\/p>\n","protected":false},"excerpt":{"rendered":"<h5><strong><span style=\"font-size: 18pt;\">Marke: VW<\/span><\/strong><\/h5>\n<h5><strong><span style=\"font-size: 18pt;\">Modell: Golf Plus\/Jetta\/Passat\/Tiguan<\/span><\/strong><\/h5>\n<h5><strong><span style=\"font-size: 18pt;\">Typ: 6\/B7\/1<\/span><\/strong><\/h5>\n","protected":false},"featured_media":6831,"template":"","meta":[],"product_brand":[],"product_cat":[1198,1737,2149,1207,1738,2150,1236,1747,2224,1239,1748,2230,1246,1817,1164,2236,1324,2033,1165,2255,1378,2036,1167,2303,1379,2038,1176,2304,1416,2043,1178,1696,2078,1182,1730,2079],"product_tag":[4613,4614],"class_list":{"0":"post-8214","1":"product","2":"type-product","3":"status-publish","4":"has-post-thumbnail","6":"product_cat-6-5k-2008-2014","7":"product_cat-beleuchtung-1-7m-1995-2010","8":"product_cat-beleuchtung-3-5e-2012-2017","9":"product_cat-6-162-2010-2014","10":"product_cat-elektrik-1-7m-1995-2010","11":"product_cat-elektrik-3-5e-2012-2017","12":"product_cat-b7-3c-2010-2014","13":"product_cat-beleuchtung-2-7n-2010","14":"product_cat-ibiza","15":"product_cat-1-7m-1995-2010","16":"product_cat-elektrik-2-7n-2010","17":"product_cat-alhambra","18":"product_cat-1-5n-2007-2016","19":"product_cat-beleuchtung-1-5n-2007-2016","20":"product_cat-vw","21":"product_cat-4-6j-2008-2012","22":"product_cat-beleuchtung-6-5k-2008-2014","23":"product_cat-fabia","24":"product_cat-golf","25":"product_cat-2-7n-2010-alhambra","26":"product_cat-seat","27":"product_cat-3-nj-2014","28":"product_cat-jetta","29":"product_cat-beleuchtung-4-6j-2008-2012","30":"product_cat-skoda","31":"product_cat-octavia","32":"product_cat-passat","33":"product_cat-elektrik-4-6j-2008-2012","34":"product_cat-beleuchtung-6-162-2010-2014","35":"product_cat-3-5e-2012-2017","36":"product_cat-sharan","37":"product_cat-beleuchtung-b7-3c-2010-2014","38":"product_cat-beleuchtung-3-nj-2014","39":"product_cat-tiguan","40":"product_cat-2-7n-2010","41":"product_cat-elektrik-3-nj-2014","42":"product_tag-5n0943021b","43":"product_tag-5n0943021","45":"first","46":"instock","47":"taxable","48":"shipping-taxable","49":"purchasable","50":"product-type-simple"},"yoast_head":"<!-- This site is optimized with the Yoast SEO plugin v27.4 - https:\/\/yoast.com\/product\/yoast-seo-wordpress\/ -->\n<title>VW Golf Plus\/Jetta\/6\/Passat\/B7\/Tiguan\/1\/Sharan\/1\/2\/Seat Alhambra\/2\/Ibiza\/6J\/Skoda Fabia\/3\/Octavia\/3 Kennzeichenleuchte NEU 5N0943021B - Audi-Klaus<\/title>\n<meta name=\"robots\" content=\"index, follow, max-snippet:-1, max-image-preview:large, max-video-preview:-1\" \/>\n<link rel=\"canonical\" href=\"https:\/\/audi-klaus.at\/shop\/produkt\/vw-golf-plus-jetta-6-passat-b7-tiguan-1-kennzeichenleuchte-neu-5n0943021b\/\" \/>\n<meta property=\"og:locale\" content=\"de_DE\" \/>\n<meta property=\"og:type\" content=\"article\" \/>\n<meta property=\"og:title\" content=\"VW Golf Plus\/Jetta\/6\/Passat\/B7\/Tiguan\/1\/Sharan\/1\/2\/Seat Alhambra\/2\/Ibiza\/6J\/Skoda Fabia\/3\/Octavia\/3 Kennzeichenleuchte NEU 5N0943021B - Audi-Klaus\" \/>\n<meta property=\"og:description\" content=\"Marke: VW Modell: Golf Plus\/Jetta\/Passat\/Tiguan Typ: 6\/B7\/1\" \/>\n<meta property=\"og:url\" content=\"https:\/\/audi-klaus.at\/shop\/produkt\/vw-golf-plus-jetta-6-passat-b7-tiguan-1-kennzeichenleuchte-neu-5n0943021b\/\" \/>\n<meta property=\"og:site_name\" content=\"Audi-Klaus\" \/>\n<meta property=\"article:publisher\" content=\"https:\/\/www.facebook.com\/audi.klaus.1312\/\" \/>\n<meta property=\"article:modified_time\" content=\"2026-01-07T19:58:40+00:00\" \/>\n<meta property=\"og:image\" content=\"https:\/\/audi-klaus.at\/shop\/wp-content\/uploads\/2021\/11\/BL522-1.jpg\" \/>\n\t<meta property=\"og:image:width\" content=\"430\" \/>\n\t<meta property=\"og:image:height\" content=\"430\" \/>\n\t<meta property=\"og:image:type\" content=\"image\/jpeg\" \/>\n<meta name=\"twitter:card\" content=\"summary_large_image\" \/>\n<meta name=\"twitter:label1\" content=\"Gesch\u00e4tzte Lesezeit\" \/>\n\t<meta name=\"twitter:data1\" content=\"1 Minute\" \/>\n<script type=\"application\/ld+json\" class=\"yoast-schema-graph\">{\"@context\":\"https:\\\/\\\/schema.org\",\"@graph\":[{\"@type\":\"WebPage\",\"@id\":\"https:\\\/\\\/audi-klaus.at\\\/shop\\\/produkt\\\/vw-golf-plus-jetta-6-passat-b7-tiguan-1-kennzeichenleuchte-neu-5n0943021b\\\/\",\"url\":\"https:\\\/\\\/audi-klaus.at\\\/shop\\\/produkt\\\/vw-golf-plus-jetta-6-passat-b7-tiguan-1-kennzeichenleuchte-neu-5n0943021b\\\/\",\"name\":\"VW Golf Plus\\\/Jetta\\\/6\\\/Passat\\\/B7\\\/Tiguan\\\/1\\\/Sharan\\\/1\\\/2\\\/Seat Alhambra\\\/2\\\/Ibiza\\\/6J\\\/Skoda Fabia\\\/3\\\/Octavia\\\/3 Kennzeichenleuchte NEU 5N0943021B - Audi-Klaus\",\"isPartOf\":{\"@id\":\"https:\\\/\\\/audi-klaus.at\\\/shop\\\/#website\"},\"primaryImageOfPage\":{\"@id\":\"https:\\\/\\\/audi-klaus.at\\\/shop\\\/produkt\\\/vw-golf-plus-jetta-6-passat-b7-tiguan-1-kennzeichenleuchte-neu-5n0943021b\\\/#primaryimage\"},\"image\":{\"@id\":\"https:\\\/\\\/audi-klaus.at\\\/shop\\\/produkt\\\/vw-golf-plus-jetta-6-passat-b7-tiguan-1-kennzeichenleuchte-neu-5n0943021b\\\/#primaryimage\"},\"thumbnailUrl\":\"https:\\\/\\\/audi-klaus.at\\\/shop\\\/wp-content\\\/uploads\\\/2021\\\/11\\\/BL522-1.jpg\",\"datePublished\":\"2021-12-07T13:27:53+00:00\",\"dateModified\":\"2026-01-07T19:58:40+00:00\",\"breadcrumb\":{\"@id\":\"https:\\\/\\\/audi-klaus.at\\\/shop\\\/produkt\\\/vw-golf-plus-jetta-6-passat-b7-tiguan-1-kennzeichenleuchte-neu-5n0943021b\\\/#breadcrumb\"},\"inLanguage\":\"de-AT\",\"potentialAction\":[{\"@type\":\"ReadAction\",\"target\":[\"https:\\\/\\\/audi-klaus.at\\\/shop\\\/produkt\\\/vw-golf-plus-jetta-6-passat-b7-tiguan-1-kennzeichenleuchte-neu-5n0943021b\\\/\"]}]},{\"@type\":\"ImageObject\",\"inLanguage\":\"de-AT\",\"@id\":\"https:\\\/\\\/audi-klaus.at\\\/shop\\\/produkt\\\/vw-golf-plus-jetta-6-passat-b7-tiguan-1-kennzeichenleuchte-neu-5n0943021b\\\/#primaryimage\",\"url\":\"https:\\\/\\\/audi-klaus.at\\\/shop\\\/wp-content\\\/uploads\\\/2021\\\/11\\\/BL522-1.jpg\",\"contentUrl\":\"https:\\\/\\\/audi-klaus.at\\\/shop\\\/wp-content\\\/uploads\\\/2021\\\/11\\\/BL522-1.jpg\",\"width\":430,\"height\":430},{\"@type\":\"BreadcrumbList\",\"@id\":\"https:\\\/\\\/audi-klaus.at\\\/shop\\\/produkt\\\/vw-golf-plus-jetta-6-passat-b7-tiguan-1-kennzeichenleuchte-neu-5n0943021b\\\/#breadcrumb\",\"itemListElement\":[{\"@type\":\"ListItem\",\"position\":1,\"name\":\"Startseite\",\"item\":\"https:\\\/\\\/audi-klaus.at\\\/shop\\\/\"},{\"@type\":\"ListItem\",\"position\":2,\"name\":\"Shop\",\"item\":\"https:\\\/\\\/audi-klaus.at\\\/shop\\\/\"},{\"@type\":\"ListItem\",\"position\":3,\"name\":\"VW Golf Plus\\\/Jetta\\\/6\\\/Passat\\\/B7\\\/Tiguan\\\/1\\\/Sharan\\\/1\\\/2\\\/Seat Alhambra\\\/2\\\/Ibiza\\\/6J\\\/Skoda Fabia\\\/3\\\/Octavia\\\/3 Kennzeichenleuchte NEU 5N0943021B\"}]},{\"@type\":\"WebSite\",\"@id\":\"https:\\\/\\\/audi-klaus.at\\\/shop\\\/#website\",\"url\":\"https:\\\/\\\/audi-klaus.at\\\/shop\\\/\",\"name\":\"Audi-Klaus\",\"description\":\"Ihr Gebrauchtteile Spezialist f\u00fcr die Marken Audi, VW (VAG)\",\"publisher\":{\"@id\":\"https:\\\/\\\/audi-klaus.at\\\/shop\\\/#organization\"},\"potentialAction\":[{\"@type\":\"SearchAction\",\"target\":{\"@type\":\"EntryPoint\",\"urlTemplate\":\"https:\\\/\\\/audi-klaus.at\\\/shop\\\/?s={search_term_string}\"},\"query-input\":{\"@type\":\"PropertyValueSpecification\",\"valueRequired\":true,\"valueName\":\"search_term_string\"}}],\"inLanguage\":\"de-AT\"},{\"@type\":\"Organization\",\"@id\":\"https:\\\/\\\/audi-klaus.at\\\/shop\\\/#organization\",\"name\":\"Audi-Klaus\",\"url\":\"https:\\\/\\\/audi-klaus.at\\\/shop\\\/\",\"logo\":{\"@type\":\"ImageObject\",\"inLanguage\":\"de-AT\",\"@id\":\"https:\\\/\\\/audi-klaus.at\\\/shop\\\/#\\\/schema\\\/logo\\\/image\\\/\",\"url\":\"https:\\\/\\\/audi-klaus.at\\\/shop\\\/wp-content\\\/uploads\\\/2024\\\/10\\\/Logo-Shop.webp\",\"contentUrl\":\"https:\\\/\\\/audi-klaus.at\\\/shop\\\/wp-content\\\/uploads\\\/2024\\\/10\\\/Logo-Shop.webp\",\"width\":470,\"height\":164,\"caption\":\"Audi-Klaus\"},\"image\":{\"@id\":\"https:\\\/\\\/audi-klaus.at\\\/shop\\\/#\\\/schema\\\/logo\\\/image\\\/\"},\"sameAs\":[\"https:\\\/\\\/www.facebook.com\\\/audi.klaus.1312\\\/\",\"https:\\\/\\\/www.instagram.com\\\/audi_klaus\\\/?igshid=1eca3qu2mdayg\"]}]}<\/script>\n<!-- \/ Yoast SEO plugin. -->","yoast_head_json":{"title":"VW Golf Plus\/Jetta\/6\/Passat\/B7\/Tiguan\/1\/Sharan\/1\/2\/Seat Alhambra\/2\/Ibiza\/6J\/Skoda Fabia\/3\/Octavia\/3 Kennzeichenleuchte NEU 5N0943021B - Audi-Klaus","robots":{"index":"index","follow":"follow","max-snippet":"max-snippet:-1","max-image-preview":"max-image-preview:large","max-video-preview":"max-video-preview:-1"},"canonical":"https:\/\/audi-klaus.at\/shop\/produkt\/vw-golf-plus-jetta-6-passat-b7-tiguan-1-kennzeichenleuchte-neu-5n0943021b\/","og_locale":"de_DE","og_type":"article","og_title":"VW Golf Plus\/Jetta\/6\/Passat\/B7\/Tiguan\/1\/Sharan\/1\/2\/Seat Alhambra\/2\/Ibiza\/6J\/Skoda Fabia\/3\/Octavia\/3 Kennzeichenleuchte NEU 5N0943021B - Audi-Klaus","og_description":"Marke: VW Modell: Golf Plus\/Jetta\/Passat\/Tiguan Typ: 6\/B7\/1","og_url":"https:\/\/audi-klaus.at\/shop\/produkt\/vw-golf-plus-jetta-6-passat-b7-tiguan-1-kennzeichenleuchte-neu-5n0943021b\/","og_site_name":"Audi-Klaus","article_publisher":"https:\/\/www.facebook.com\/audi.klaus.1312\/","article_modified_time":"2026-01-07T19:58:40+00:00","og_image":[{"width":430,"height":430,"url":"https:\/\/audi-klaus.at\/shop\/wp-content\/uploads\/2021\/11\/BL522-1.jpg","type":"image\/jpeg"}],"twitter_card":"summary_large_image","twitter_misc":{"Gesch\u00e4tzte Lesezeit":"1 Minute"},"schema":{"@context":"https:\/\/schema.org","@graph":[{"@type":"WebPage","@id":"https:\/\/audi-klaus.at\/shop\/produkt\/vw-golf-plus-jetta-6-passat-b7-tiguan-1-kennzeichenleuchte-neu-5n0943021b\/","url":"https:\/\/audi-klaus.at\/shop\/produkt\/vw-golf-plus-jetta-6-passat-b7-tiguan-1-kennzeichenleuchte-neu-5n0943021b\/","name":"VW Golf Plus\/Jetta\/6\/Passat\/B7\/Tiguan\/1\/Sharan\/1\/2\/Seat Alhambra\/2\/Ibiza\/6J\/Skoda Fabia\/3\/Octavia\/3 Kennzeichenleuchte NEU 5N0943021B - Audi-Klaus","isPartOf":{"@id":"https:\/\/audi-klaus.at\/shop\/#website"},"primaryImageOfPage":{"@id":"https:\/\/audi-klaus.at\/shop\/produkt\/vw-golf-plus-jetta-6-passat-b7-tiguan-1-kennzeichenleuchte-neu-5n0943021b\/#primaryimage"},"image":{"@id":"https:\/\/audi-klaus.at\/shop\/produkt\/vw-golf-plus-jetta-6-passat-b7-tiguan-1-kennzeichenleuchte-neu-5n0943021b\/#primaryimage"},"thumbnailUrl":"https:\/\/audi-klaus.at\/shop\/wp-content\/uploads\/2021\/11\/BL522-1.jpg","datePublished":"2021-12-07T13:27:53+00:00","dateModified":"2026-01-07T19:58:40+00:00","breadcrumb":{"@id":"https:\/\/audi-klaus.at\/shop\/produkt\/vw-golf-plus-jetta-6-passat-b7-tiguan-1-kennzeichenleuchte-neu-5n0943021b\/#breadcrumb"},"inLanguage":"de-AT","potentialAction":[{"@type":"ReadAction","target":["https:\/\/audi-klaus.at\/shop\/produkt\/vw-golf-plus-jetta-6-passat-b7-tiguan-1-kennzeichenleuchte-neu-5n0943021b\/"]}]},{"@type":"ImageObject","inLanguage":"de-AT","@id":"https:\/\/audi-klaus.at\/shop\/produkt\/vw-golf-plus-jetta-6-passat-b7-tiguan-1-kennzeichenleuchte-neu-5n0943021b\/#primaryimage","url":"https:\/\/audi-klaus.at\/shop\/wp-content\/uploads\/2021\/11\/BL522-1.jpg","contentUrl":"https:\/\/audi-klaus.at\/shop\/wp-content\/uploads\/2021\/11\/BL522-1.jpg","width":430,"height":430},{"@type":"BreadcrumbList","@id":"https:\/\/audi-klaus.at\/shop\/produkt\/vw-golf-plus-jetta-6-passat-b7-tiguan-1-kennzeichenleuchte-neu-5n0943021b\/#breadcrumb","itemListElement":[{"@type":"ListItem","position":1,"name":"Startseite","item":"https:\/\/audi-klaus.at\/shop\/"},{"@type":"ListItem","position":2,"name":"Shop","item":"https:\/\/audi-klaus.at\/shop\/"},{"@type":"ListItem","position":3,"name":"VW Golf Plus\/Jetta\/6\/Passat\/B7\/Tiguan\/1\/Sharan\/1\/2\/Seat Alhambra\/2\/Ibiza\/6J\/Skoda Fabia\/3\/Octavia\/3 Kennzeichenleuchte NEU 5N0943021B"}]},{"@type":"WebSite","@id":"https:\/\/audi-klaus.at\/shop\/#website","url":"https:\/\/audi-klaus.at\/shop\/","name":"Audi-Klaus","description":"Ihr Gebrauchtteile Spezialist f\u00fcr die Marken Audi, VW (VAG)","publisher":{"@id":"https:\/\/audi-klaus.at\/shop\/#organization"},"potentialAction":[{"@type":"SearchAction","target":{"@type":"EntryPoint","urlTemplate":"https:\/\/audi-klaus.at\/shop\/?s={search_term_string}"},"query-input":{"@type":"PropertyValueSpecification","valueRequired":true,"valueName":"search_term_string"}}],"inLanguage":"de-AT"},{"@type":"Organization","@id":"https:\/\/audi-klaus.at\/shop\/#organization","name":"Audi-Klaus","url":"https:\/\/audi-klaus.at\/shop\/","logo":{"@type":"ImageObject","inLanguage":"de-AT","@id":"https:\/\/audi-klaus.at\/shop\/#\/schema\/logo\/image\/","url":"https:\/\/audi-klaus.at\/shop\/wp-content\/uploads\/2024\/10\/Logo-Shop.webp","contentUrl":"https:\/\/audi-klaus.at\/shop\/wp-content\/uploads\/2024\/10\/Logo-Shop.webp","width":470,"height":164,"caption":"Audi-Klaus"},"image":{"@id":"https:\/\/audi-klaus.at\/shop\/#\/schema\/logo\/image\/"},"sameAs":["https:\/\/www.facebook.com\/audi.klaus.1312\/","https:\/\/www.instagram.com\/audi_klaus\/?igshid=1eca3qu2mdayg"]}]}},"_links":{"self":[{"href":"https:\/\/audi-klaus.at\/shop\/wp-json\/wp\/v2\/product\/8214","targetHints":{"allow":["GET"]}}],"collection":[{"href":"https:\/\/audi-klaus.at\/shop\/wp-json\/wp\/v2\/product"}],"about":[{"href":"https:\/\/audi-klaus.at\/shop\/wp-json\/wp\/v2\/types\/product"}],"wp:featuredmedia":[{"embeddable":true,"href":"https:\/\/audi-klaus.at\/shop\/wp-json\/wp\/v2\/media\/6831"}],"wp:attachment":[{"href":"https:\/\/audi-klaus.at\/shop\/wp-json\/wp\/v2\/media?parent=8214"}],"wp:term":[{"taxonomy":"product_brand","embeddable":true,"href":"https:\/\/audi-klaus.at\/shop\/wp-json\/wp\/v2\/product_brand?post=8214"},{"taxonomy":"product_cat","embeddable":true,"href":"https:\/\/audi-klaus.at\/shop\/wp-json\/wp\/v2\/product_cat?post=8214"},{"taxonomy":"product_tag","embeddable":true,"href":"https:\/\/audi-klaus.at\/shop\/wp-json\/wp\/v2\/product_tag?post=8214"}],"curies":[{"name":"wp","href":"https:\/\/api.w.org\/{rel}","templated":true}]}}