{"id":82003,"date":"2024-10-23T14:02:07","date_gmt":"2024-10-23T12:02:07","guid":{"rendered":"https:\/\/audi-klaus.at\/shop\/?post_type=product&#038;p=82003"},"modified":"2026-01-07T22:54:41","modified_gmt":"2026-01-07T21:54:41","slug":"gutachten-treser-rueckleuchten-schwarz-audi-coupe-quattro-typ89-q","status":"publish","type":"product","link":"https:\/\/audi-klaus.at\/shop\/produkt\/gutachten-treser-rueckleuchten-schwarz-audi-coupe-quattro-typ89-q\/","title":{"rendered":"Gutachten Treser R\u00fcckleuchten schwarz Audi Coupe\/quattro\/Typ89\/Q"},"content":{"rendered":"<p>T\u00dcV Gutachten f\u00fcr R\u00fcckleuchten Treser\u00a0 schwarz<\/p>\n<p>Das Gutachten ist f\u00fcr folgende Fahrzeuge:<br \/>\nAudi Coupe\/quattro\/Typ 89\/Q<\/p>\n<p>Nach abgeschlossenem Bezahlvorgang erhalten Sie einen Downloadlink per E-Mail und das Gutachten steht als .pdf Datei in Ihrem Kundenkonto bereit.<\/p>\n","protected":false},"excerpt":{"rendered":"<p>T\u00dcV Gutachten f\u00fcr R\u00fcckleuchten Treser\u00a0 schwarz Das Gutachten ist f\u00fcr folgende Fahrzeuge: Audi Coupe\/quattro\/Typ 89\/Q Nach abgeschlossenem Bezahlvorgang erhalten Sie einen Downloadlink per E-Mail und das Gutachten steht als .pdf Datei in Ihrem Kundenkonto bereit.<\/p>\n","protected":false},"featured_media":82008,"template":"","meta":[],"product_brand":[],"product_cat":[32,85,87,29512],"product_tag":[29513],"class_list":{"0":"post-82003","1":"product","2":"type-product","3":"status-publish","4":"has-post-thumbnail","6":"product_cat-audi","7":"product_cat-coupe80","8":"product_cat-b3-typ89-80","9":"product_cat-gutachten","10":"product_tag-gutachten-treser","12":"first","13":"instock","14":"downloadable","15":"virtual","16":"sold-individually","17":"taxable","18":"purchasable","19":"product-type-simple"},"yoast_head":"<!-- This site is optimized with the Yoast SEO plugin v27.5 - https:\/\/yoast.com\/product\/yoast-seo-wordpress\/ -->\n<title>Gutachten Treser R\u00fcckleuchten schwarz Audi Coupe\/quattro\/Typ89\/Q - Audi-Klaus<\/title>\n<meta name=\"description\" content=\"Gutachten Treser R\u00fcckleuchten schwarz Audi Coupe\/quattro\/Typ89\/Q Gutachten Treser R\u00fcckleuchten schwarz Audi Coupe\/quattro\/Typ89\/Q Audi-Klaus\" \/>\n<meta name=\"robots\" content=\"index, follow, max-snippet:-1, max-image-preview:large, max-video-preview:-1\" \/>\n<link rel=\"canonical\" href=\"https:\/\/audi-klaus.at\/shop\/produkt\/gutachten-treser-rueckleuchten-schwarz-audi-coupe-quattro-typ89-q\/\" \/>\n<meta property=\"og:locale\" content=\"de_DE\" \/>\n<meta property=\"og:type\" content=\"article\" \/>\n<meta property=\"og:title\" content=\"Gutachten Treser R\u00fcckleuchten schwarz Audi Coupe\/quattro\/Typ89\/Q - Audi-Klaus\" \/>\n<meta property=\"og:description\" content=\"Gutachten Treser R\u00fcckleuchten schwarz Audi Coupe\/quattro\/Typ89\/Q Gutachten Treser R\u00fcckleuchten schwarz Audi Coupe\/quattro\/Typ89\/Q Audi-Klaus\" \/>\n<meta property=\"og:url\" content=\"https:\/\/audi-klaus.at\/shop\/produkt\/gutachten-treser-rueckleuchten-schwarz-audi-coupe-quattro-typ89-q\/\" \/>\n<meta property=\"og:site_name\" content=\"Audi-Klaus\" \/>\n<meta property=\"article:publisher\" content=\"https:\/\/www.facebook.com\/audi.klaus.1312\/\" \/>\n<meta property=\"article:modified_time\" content=\"2026-01-07T21:54:41+00:00\" \/>\n<meta property=\"og:image\" content=\"https:\/\/audi-klaus.at\/shop\/wp-content\/uploads\/2024\/10\/GUT-3-Titelbild-2.jpg\" \/>\n\t<meta property=\"og:image:width\" content=\"480\" \/>\n\t<meta property=\"og:image:height\" content=\"480\" \/>\n\t<meta property=\"og:image:type\" content=\"image\/jpeg\" \/>\n<meta name=\"twitter:card\" content=\"summary_large_image\" \/>\n<meta name=\"twitter:label1\" content=\"Gesch\u00e4tzte Lesezeit\" \/>\n\t<meta name=\"twitter:data1\" content=\"1 Minute\" \/>\n<script type=\"application\/ld+json\" class=\"yoast-schema-graph\">{\"@context\":\"https:\\\/\\\/schema.org\",\"@graph\":[{\"@type\":\"WebPage\",\"@id\":\"https:\\\/\\\/audi-klaus.at\\\/shop\\\/produkt\\\/gutachten-treser-rueckleuchten-schwarz-audi-coupe-quattro-typ89-q\\\/\",\"url\":\"https:\\\/\\\/audi-klaus.at\\\/shop\\\/produkt\\\/gutachten-treser-rueckleuchten-schwarz-audi-coupe-quattro-typ89-q\\\/\",\"name\":\"Gutachten Treser R\u00fcckleuchten schwarz Audi Coupe\\\/quattro\\\/Typ89\\\/Q - Audi-Klaus\",\"isPartOf\":{\"@id\":\"https:\\\/\\\/audi-klaus.at\\\/shop\\\/#website\"},\"primaryImageOfPage\":{\"@id\":\"https:\\\/\\\/audi-klaus.at\\\/shop\\\/produkt\\\/gutachten-treser-rueckleuchten-schwarz-audi-coupe-quattro-typ89-q\\\/#primaryimage\"},\"image\":{\"@id\":\"https:\\\/\\\/audi-klaus.at\\\/shop\\\/produkt\\\/gutachten-treser-rueckleuchten-schwarz-audi-coupe-quattro-typ89-q\\\/#primaryimage\"},\"thumbnailUrl\":\"https:\\\/\\\/audi-klaus.at\\\/shop\\\/wp-content\\\/uploads\\\/2024\\\/10\\\/GUT-3-Titelbild-2.jpg\",\"datePublished\":\"2024-10-23T12:02:07+00:00\",\"dateModified\":\"2026-01-07T21:54:41+00:00\",\"description\":\"Gutachten Treser R\u00fcckleuchten schwarz Audi Coupe\\\/quattro\\\/Typ89\\\/Q Gutachten Treser R\u00fcckleuchten schwarz Audi Coupe\\\/quattro\\\/Typ89\\\/Q Audi-Klaus\",\"breadcrumb\":{\"@id\":\"https:\\\/\\\/audi-klaus.at\\\/shop\\\/produkt\\\/gutachten-treser-rueckleuchten-schwarz-audi-coupe-quattro-typ89-q\\\/#breadcrumb\"},\"inLanguage\":\"de-AT\",\"potentialAction\":[{\"@type\":\"ReadAction\",\"target\":[\"https:\\\/\\\/audi-klaus.at\\\/shop\\\/produkt\\\/gutachten-treser-rueckleuchten-schwarz-audi-coupe-quattro-typ89-q\\\/\"]}]},{\"@type\":\"ImageObject\",\"inLanguage\":\"de-AT\",\"@id\":\"https:\\\/\\\/audi-klaus.at\\\/shop\\\/produkt\\\/gutachten-treser-rueckleuchten-schwarz-audi-coupe-quattro-typ89-q\\\/#primaryimage\",\"url\":\"https:\\\/\\\/audi-klaus.at\\\/shop\\\/wp-content\\\/uploads\\\/2024\\\/10\\\/GUT-3-Titelbild-2.jpg\",\"contentUrl\":\"https:\\\/\\\/audi-klaus.at\\\/shop\\\/wp-content\\\/uploads\\\/2024\\\/10\\\/GUT-3-Titelbild-2.jpg\",\"width\":480,\"height\":480},{\"@type\":\"BreadcrumbList\",\"@id\":\"https:\\\/\\\/audi-klaus.at\\\/shop\\\/produkt\\\/gutachten-treser-rueckleuchten-schwarz-audi-coupe-quattro-typ89-q\\\/#breadcrumb\",\"itemListElement\":[{\"@type\":\"ListItem\",\"position\":1,\"name\":\"Startseite\",\"item\":\"https:\\\/\\\/audi-klaus.at\\\/shop\\\/\"},{\"@type\":\"ListItem\",\"position\":2,\"name\":\"Shop\",\"item\":\"https:\\\/\\\/audi-klaus.at\\\/shop\\\/\"},{\"@type\":\"ListItem\",\"position\":3,\"name\":\"Gutachten Treser R\u00fcckleuchten schwarz Audi Coupe\\\/quattro\\\/Typ89\\\/Q\"}]},{\"@type\":\"WebSite\",\"@id\":\"https:\\\/\\\/audi-klaus.at\\\/shop\\\/#website\",\"url\":\"https:\\\/\\\/audi-klaus.at\\\/shop\\\/\",\"name\":\"Audi-Klaus\",\"description\":\"Ihr Gebrauchtteile Spezialist f\u00fcr die Marken Audi, VW (VAG)\",\"publisher\":{\"@id\":\"https:\\\/\\\/audi-klaus.at\\\/shop\\\/#organization\"},\"potentialAction\":[{\"@type\":\"SearchAction\",\"target\":{\"@type\":\"EntryPoint\",\"urlTemplate\":\"https:\\\/\\\/audi-klaus.at\\\/shop\\\/?s={search_term_string}\"},\"query-input\":{\"@type\":\"PropertyValueSpecification\",\"valueRequired\":true,\"valueName\":\"search_term_string\"}}],\"inLanguage\":\"de-AT\"},{\"@type\":\"Organization\",\"@id\":\"https:\\\/\\\/audi-klaus.at\\\/shop\\\/#organization\",\"name\":\"Audi-Klaus\",\"url\":\"https:\\\/\\\/audi-klaus.at\\\/shop\\\/\",\"logo\":{\"@type\":\"ImageObject\",\"inLanguage\":\"de-AT\",\"@id\":\"https:\\\/\\\/audi-klaus.at\\\/shop\\\/#\\\/schema\\\/logo\\\/image\\\/\",\"url\":\"https:\\\/\\\/audi-klaus.at\\\/shop\\\/wp-content\\\/uploads\\\/2024\\\/10\\\/Logo-Shop.webp\",\"contentUrl\":\"https:\\\/\\\/audi-klaus.at\\\/shop\\\/wp-content\\\/uploads\\\/2024\\\/10\\\/Logo-Shop.webp\",\"width\":470,\"height\":164,\"caption\":\"Audi-Klaus\"},\"image\":{\"@id\":\"https:\\\/\\\/audi-klaus.at\\\/shop\\\/#\\\/schema\\\/logo\\\/image\\\/\"},\"sameAs\":[\"https:\\\/\\\/www.facebook.com\\\/audi.klaus.1312\\\/\",\"https:\\\/\\\/www.instagram.com\\\/audi_klaus\\\/?igshid=1eca3qu2mdayg\"]}]}<\/script>\n<!-- \/ Yoast SEO plugin. -->","yoast_head_json":{"title":"Gutachten Treser R\u00fcckleuchten schwarz Audi Coupe\/quattro\/Typ89\/Q - Audi-Klaus","description":"Gutachten Treser R\u00fcckleuchten schwarz Audi Coupe\/quattro\/Typ89\/Q Gutachten Treser R\u00fcckleuchten schwarz Audi Coupe\/quattro\/Typ89\/Q Audi-Klaus","robots":{"index":"index","follow":"follow","max-snippet":"max-snippet:-1","max-image-preview":"max-image-preview:large","max-video-preview":"max-video-preview:-1"},"canonical":"https:\/\/audi-klaus.at\/shop\/produkt\/gutachten-treser-rueckleuchten-schwarz-audi-coupe-quattro-typ89-q\/","og_locale":"de_DE","og_type":"article","og_title":"Gutachten Treser R\u00fcckleuchten schwarz Audi Coupe\/quattro\/Typ89\/Q - Audi-Klaus","og_description":"Gutachten Treser R\u00fcckleuchten schwarz Audi Coupe\/quattro\/Typ89\/Q Gutachten Treser R\u00fcckleuchten schwarz Audi Coupe\/quattro\/Typ89\/Q Audi-Klaus","og_url":"https:\/\/audi-klaus.at\/shop\/produkt\/gutachten-treser-rueckleuchten-schwarz-audi-coupe-quattro-typ89-q\/","og_site_name":"Audi-Klaus","article_publisher":"https:\/\/www.facebook.com\/audi.klaus.1312\/","article_modified_time":"2026-01-07T21:54:41+00:00","og_image":[{"width":480,"height":480,"url":"https:\/\/audi-klaus.at\/shop\/wp-content\/uploads\/2024\/10\/GUT-3-Titelbild-2.jpg","type":"image\/jpeg"}],"twitter_card":"summary_large_image","twitter_misc":{"Gesch\u00e4tzte Lesezeit":"1 Minute"},"schema":{"@context":"https:\/\/schema.org","@graph":[{"@type":"WebPage","@id":"https:\/\/audi-klaus.at\/shop\/produkt\/gutachten-treser-rueckleuchten-schwarz-audi-coupe-quattro-typ89-q\/","url":"https:\/\/audi-klaus.at\/shop\/produkt\/gutachten-treser-rueckleuchten-schwarz-audi-coupe-quattro-typ89-q\/","name":"Gutachten Treser R\u00fcckleuchten schwarz Audi Coupe\/quattro\/Typ89\/Q - Audi-Klaus","isPartOf":{"@id":"https:\/\/audi-klaus.at\/shop\/#website"},"primaryImageOfPage":{"@id":"https:\/\/audi-klaus.at\/shop\/produkt\/gutachten-treser-rueckleuchten-schwarz-audi-coupe-quattro-typ89-q\/#primaryimage"},"image":{"@id":"https:\/\/audi-klaus.at\/shop\/produkt\/gutachten-treser-rueckleuchten-schwarz-audi-coupe-quattro-typ89-q\/#primaryimage"},"thumbnailUrl":"https:\/\/audi-klaus.at\/shop\/wp-content\/uploads\/2024\/10\/GUT-3-Titelbild-2.jpg","datePublished":"2024-10-23T12:02:07+00:00","dateModified":"2026-01-07T21:54:41+00:00","description":"Gutachten Treser R\u00fcckleuchten schwarz Audi Coupe\/quattro\/Typ89\/Q Gutachten Treser R\u00fcckleuchten schwarz Audi Coupe\/quattro\/Typ89\/Q Audi-Klaus","breadcrumb":{"@id":"https:\/\/audi-klaus.at\/shop\/produkt\/gutachten-treser-rueckleuchten-schwarz-audi-coupe-quattro-typ89-q\/#breadcrumb"},"inLanguage":"de-AT","potentialAction":[{"@type":"ReadAction","target":["https:\/\/audi-klaus.at\/shop\/produkt\/gutachten-treser-rueckleuchten-schwarz-audi-coupe-quattro-typ89-q\/"]}]},{"@type":"ImageObject","inLanguage":"de-AT","@id":"https:\/\/audi-klaus.at\/shop\/produkt\/gutachten-treser-rueckleuchten-schwarz-audi-coupe-quattro-typ89-q\/#primaryimage","url":"https:\/\/audi-klaus.at\/shop\/wp-content\/uploads\/2024\/10\/GUT-3-Titelbild-2.jpg","contentUrl":"https:\/\/audi-klaus.at\/shop\/wp-content\/uploads\/2024\/10\/GUT-3-Titelbild-2.jpg","width":480,"height":480},{"@type":"BreadcrumbList","@id":"https:\/\/audi-klaus.at\/shop\/produkt\/gutachten-treser-rueckleuchten-schwarz-audi-coupe-quattro-typ89-q\/#breadcrumb","itemListElement":[{"@type":"ListItem","position":1,"name":"Startseite","item":"https:\/\/audi-klaus.at\/shop\/"},{"@type":"ListItem","position":2,"name":"Shop","item":"https:\/\/audi-klaus.at\/shop\/"},{"@type":"ListItem","position":3,"name":"Gutachten Treser R\u00fcckleuchten schwarz Audi Coupe\/quattro\/Typ89\/Q"}]},{"@type":"WebSite","@id":"https:\/\/audi-klaus.at\/shop\/#website","url":"https:\/\/audi-klaus.at\/shop\/","name":"Audi-Klaus","description":"Ihr Gebrauchtteile Spezialist f\u00fcr die Marken Audi, VW (VAG)","publisher":{"@id":"https:\/\/audi-klaus.at\/shop\/#organization"},"potentialAction":[{"@type":"SearchAction","target":{"@type":"EntryPoint","urlTemplate":"https:\/\/audi-klaus.at\/shop\/?s={search_term_string}"},"query-input":{"@type":"PropertyValueSpecification","valueRequired":true,"valueName":"search_term_string"}}],"inLanguage":"de-AT"},{"@type":"Organization","@id":"https:\/\/audi-klaus.at\/shop\/#organization","name":"Audi-Klaus","url":"https:\/\/audi-klaus.at\/shop\/","logo":{"@type":"ImageObject","inLanguage":"de-AT","@id":"https:\/\/audi-klaus.at\/shop\/#\/schema\/logo\/image\/","url":"https:\/\/audi-klaus.at\/shop\/wp-content\/uploads\/2024\/10\/Logo-Shop.webp","contentUrl":"https:\/\/audi-klaus.at\/shop\/wp-content\/uploads\/2024\/10\/Logo-Shop.webp","width":470,"height":164,"caption":"Audi-Klaus"},"image":{"@id":"https:\/\/audi-klaus.at\/shop\/#\/schema\/logo\/image\/"},"sameAs":["https:\/\/www.facebook.com\/audi.klaus.1312\/","https:\/\/www.instagram.com\/audi_klaus\/?igshid=1eca3qu2mdayg"]}]}},"_links":{"self":[{"href":"https:\/\/audi-klaus.at\/shop\/wp-json\/wp\/v2\/product\/82003","targetHints":{"allow":["GET"]}}],"collection":[{"href":"https:\/\/audi-klaus.at\/shop\/wp-json\/wp\/v2\/product"}],"about":[{"href":"https:\/\/audi-klaus.at\/shop\/wp-json\/wp\/v2\/types\/product"}],"wp:featuredmedia":[{"embeddable":true,"href":"https:\/\/audi-klaus.at\/shop\/wp-json\/wp\/v2\/media\/82008"}],"wp:attachment":[{"href":"https:\/\/audi-klaus.at\/shop\/wp-json\/wp\/v2\/media?parent=82003"}],"wp:term":[{"taxonomy":"product_brand","embeddable":true,"href":"https:\/\/audi-klaus.at\/shop\/wp-json\/wp\/v2\/product_brand?post=82003"},{"taxonomy":"product_cat","embeddable":true,"href":"https:\/\/audi-klaus.at\/shop\/wp-json\/wp\/v2\/product_cat?post=82003"},{"taxonomy":"product_tag","embeddable":true,"href":"https:\/\/audi-klaus.at\/shop\/wp-json\/wp\/v2\/product_tag?post=82003"}],"curies":[{"name":"wp","href":"https:\/\/api.w.org\/{rel}","templated":true}]}}