{"id":81984,"date":"2024-10-23T11:54:47","date_gmt":"2024-10-23T09:54:47","guid":{"rendered":"https:\/\/audi-klaus.at\/shop\/?post_type=product&#038;p=81984"},"modified":"2026-01-07T22:54:40","modified_gmt":"2026-01-07T21:54:40","slug":"tuev-gutachten-frontspoiler-vw-golf-3-yachting-1h9z71609","status":"publish","type":"product","link":"https:\/\/audi-klaus.at\/shop\/produkt\/tuev-gutachten-frontspoiler-vw-golf-3-yachting-1h9z71609\/","title":{"rendered":"T\u00fcv Gutachten Frontspoiler Vw Golf 3 Yachting 1H9Z71609"},"content":{"rendered":"<p>T\u00dcV Gutachten f\u00fcr Frontspoiler 1H9 Z71 609<\/p>\n<p>Das Gutachten ist f\u00fcr folgende Fahrzeuge:<br \/>\nVW Golf 3,Cabrio, Variant, Syncro<\/p>\n<p>Nach abgeschlossenem Bezahlvorgang erhalten Sie einen Downloadlink per E-Mail und das Gutachten steht als .pdf Datei in Ihrem Kundenkonto bereit.<\/p>\n","protected":false},"excerpt":{"rendered":"<p>T\u00dcV Gutachten f\u00fcr Frontspoiler 1H9 Z71 609 Das Gutachten ist f\u00fcr folgende Fahrzeuge: VW Golf 3,Cabrio, Variant, Syncro Nach abgeschlossenem Bezahlvorgang erhalten Sie einen Downloadlink per E-Mail und das Gutachten steht als .pdf Datei in Ihrem Kundenkonto bereit.<\/p>\n","protected":false},"featured_media":81986,"template":"","meta":[],"product_brand":[],"product_cat":[1164,1165,1166,1195,1202,29512],"product_tag":[],"class_list":{"0":"post-81984","1":"product","2":"type-product","3":"status-publish","4":"has-post-thumbnail","6":"product_cat-vw","7":"product_cat-golf","8":"product_cat-golf-cabrio","9":"product_cat-3-1h-1990-1998","10":"product_cat-3-1e0-1990-1998","11":"product_cat-gutachten","13":"first","14":"instock","15":"downloadable","16":"virtual","17":"sold-individually","18":"taxable","19":"purchasable","20":"product-type-simple"},"yoast_head":"<!-- This site is optimized with the Yoast SEO plugin v27.5 - https:\/\/yoast.com\/product\/yoast-seo-wordpress\/ -->\n<title>T\u00fcv Gutachten Frontspoiler Vw Golf 3 Yachting 1H9Z71609 - Audi-Klaus<\/title>\n<meta name=\"description\" content=\"T\u00fcv Gutachten Frontspoiler Vw Golf 3 Yachting 1H9Z71609 T\u00fcv Gutachten Frontspoiler Vw Golf 3 Yachting 1H9Z71609 Audi-Klaus\" \/>\n<meta name=\"robots\" content=\"index, follow, max-snippet:-1, max-image-preview:large, max-video-preview:-1\" \/>\n<link rel=\"canonical\" href=\"https:\/\/audi-klaus.at\/shop\/produkt\/tuev-gutachten-frontspoiler-vw-golf-3-yachting-1h9z71609\/\" \/>\n<meta property=\"og:locale\" content=\"de_DE\" \/>\n<meta property=\"og:type\" content=\"article\" \/>\n<meta property=\"og:title\" content=\"T\u00fcv Gutachten Frontspoiler Vw Golf 3 Yachting 1H9Z71609 - Audi-Klaus\" \/>\n<meta property=\"og:description\" content=\"T\u00fcv Gutachten Frontspoiler Vw Golf 3 Yachting 1H9Z71609 T\u00fcv Gutachten Frontspoiler Vw Golf 3 Yachting 1H9Z71609 Audi-Klaus\" \/>\n<meta property=\"og:url\" content=\"https:\/\/audi-klaus.at\/shop\/produkt\/tuev-gutachten-frontspoiler-vw-golf-3-yachting-1h9z71609\/\" \/>\n<meta property=\"og:site_name\" content=\"Audi-Klaus\" \/>\n<meta property=\"article:publisher\" content=\"https:\/\/www.facebook.com\/audi.klaus.1312\/\" \/>\n<meta property=\"article:modified_time\" content=\"2026-01-07T21:54:40+00:00\" \/>\n<meta property=\"og:image\" content=\"https:\/\/audi-klaus.at\/shop\/wp-content\/uploads\/2024\/10\/GUT-1-Titelbild-.jpg\" \/>\n\t<meta property=\"og:image:width\" content=\"363\" \/>\n\t<meta property=\"og:image:height\" content=\"480\" \/>\n\t<meta property=\"og:image:type\" content=\"image\/jpeg\" \/>\n<meta name=\"twitter:card\" content=\"summary_large_image\" \/>\n<meta name=\"twitter:label1\" content=\"Gesch\u00e4tzte Lesezeit\" \/>\n\t<meta name=\"twitter:data1\" content=\"1 Minute\" \/>\n<script type=\"application\/ld+json\" class=\"yoast-schema-graph\">{\"@context\":\"https:\\\/\\\/schema.org\",\"@graph\":[{\"@type\":\"WebPage\",\"@id\":\"https:\\\/\\\/audi-klaus.at\\\/shop\\\/produkt\\\/tuev-gutachten-frontspoiler-vw-golf-3-yachting-1h9z71609\\\/\",\"url\":\"https:\\\/\\\/audi-klaus.at\\\/shop\\\/produkt\\\/tuev-gutachten-frontspoiler-vw-golf-3-yachting-1h9z71609\\\/\",\"name\":\"T\u00fcv Gutachten Frontspoiler Vw Golf 3 Yachting 1H9Z71609 - Audi-Klaus\",\"isPartOf\":{\"@id\":\"https:\\\/\\\/audi-klaus.at\\\/shop\\\/#website\"},\"primaryImageOfPage\":{\"@id\":\"https:\\\/\\\/audi-klaus.at\\\/shop\\\/produkt\\\/tuev-gutachten-frontspoiler-vw-golf-3-yachting-1h9z71609\\\/#primaryimage\"},\"image\":{\"@id\":\"https:\\\/\\\/audi-klaus.at\\\/shop\\\/produkt\\\/tuev-gutachten-frontspoiler-vw-golf-3-yachting-1h9z71609\\\/#primaryimage\"},\"thumbnailUrl\":\"https:\\\/\\\/audi-klaus.at\\\/shop\\\/wp-content\\\/uploads\\\/2024\\\/10\\\/GUT-1-Titelbild-.jpg\",\"datePublished\":\"2024-10-23T09:54:47+00:00\",\"dateModified\":\"2026-01-07T21:54:40+00:00\",\"description\":\"T\u00fcv Gutachten Frontspoiler Vw Golf 3 Yachting 1H9Z71609 T\u00fcv Gutachten Frontspoiler Vw Golf 3 Yachting 1H9Z71609 Audi-Klaus\",\"breadcrumb\":{\"@id\":\"https:\\\/\\\/audi-klaus.at\\\/shop\\\/produkt\\\/tuev-gutachten-frontspoiler-vw-golf-3-yachting-1h9z71609\\\/#breadcrumb\"},\"inLanguage\":\"de-AT\",\"potentialAction\":[{\"@type\":\"ReadAction\",\"target\":[\"https:\\\/\\\/audi-klaus.at\\\/shop\\\/produkt\\\/tuev-gutachten-frontspoiler-vw-golf-3-yachting-1h9z71609\\\/\"]}]},{\"@type\":\"ImageObject\",\"inLanguage\":\"de-AT\",\"@id\":\"https:\\\/\\\/audi-klaus.at\\\/shop\\\/produkt\\\/tuev-gutachten-frontspoiler-vw-golf-3-yachting-1h9z71609\\\/#primaryimage\",\"url\":\"https:\\\/\\\/audi-klaus.at\\\/shop\\\/wp-content\\\/uploads\\\/2024\\\/10\\\/GUT-1-Titelbild-.jpg\",\"contentUrl\":\"https:\\\/\\\/audi-klaus.at\\\/shop\\\/wp-content\\\/uploads\\\/2024\\\/10\\\/GUT-1-Titelbild-.jpg\",\"width\":363,\"height\":480},{\"@type\":\"BreadcrumbList\",\"@id\":\"https:\\\/\\\/audi-klaus.at\\\/shop\\\/produkt\\\/tuev-gutachten-frontspoiler-vw-golf-3-yachting-1h9z71609\\\/#breadcrumb\",\"itemListElement\":[{\"@type\":\"ListItem\",\"position\":1,\"name\":\"Startseite\",\"item\":\"https:\\\/\\\/audi-klaus.at\\\/shop\\\/\"},{\"@type\":\"ListItem\",\"position\":2,\"name\":\"Shop\",\"item\":\"https:\\\/\\\/audi-klaus.at\\\/shop\\\/\"},{\"@type\":\"ListItem\",\"position\":3,\"name\":\"T\u00fcv Gutachten Frontspoiler Vw Golf 3 Yachting 1H9Z71609\"}]},{\"@type\":\"WebSite\",\"@id\":\"https:\\\/\\\/audi-klaus.at\\\/shop\\\/#website\",\"url\":\"https:\\\/\\\/audi-klaus.at\\\/shop\\\/\",\"name\":\"Audi-Klaus\",\"description\":\"Ihr Gebrauchtteile Spezialist f\u00fcr die Marken Audi, VW (VAG)\",\"publisher\":{\"@id\":\"https:\\\/\\\/audi-klaus.at\\\/shop\\\/#organization\"},\"potentialAction\":[{\"@type\":\"SearchAction\",\"target\":{\"@type\":\"EntryPoint\",\"urlTemplate\":\"https:\\\/\\\/audi-klaus.at\\\/shop\\\/?s={search_term_string}\"},\"query-input\":{\"@type\":\"PropertyValueSpecification\",\"valueRequired\":true,\"valueName\":\"search_term_string\"}}],\"inLanguage\":\"de-AT\"},{\"@type\":\"Organization\",\"@id\":\"https:\\\/\\\/audi-klaus.at\\\/shop\\\/#organization\",\"name\":\"Audi-Klaus\",\"url\":\"https:\\\/\\\/audi-klaus.at\\\/shop\\\/\",\"logo\":{\"@type\":\"ImageObject\",\"inLanguage\":\"de-AT\",\"@id\":\"https:\\\/\\\/audi-klaus.at\\\/shop\\\/#\\\/schema\\\/logo\\\/image\\\/\",\"url\":\"https:\\\/\\\/audi-klaus.at\\\/shop\\\/wp-content\\\/uploads\\\/2024\\\/10\\\/Logo-Shop.webp\",\"contentUrl\":\"https:\\\/\\\/audi-klaus.at\\\/shop\\\/wp-content\\\/uploads\\\/2024\\\/10\\\/Logo-Shop.webp\",\"width\":470,\"height\":164,\"caption\":\"Audi-Klaus\"},\"image\":{\"@id\":\"https:\\\/\\\/audi-klaus.at\\\/shop\\\/#\\\/schema\\\/logo\\\/image\\\/\"},\"sameAs\":[\"https:\\\/\\\/www.facebook.com\\\/audi.klaus.1312\\\/\",\"https:\\\/\\\/www.instagram.com\\\/audi_klaus\\\/?igshid=1eca3qu2mdayg\"]}]}<\/script>\n<!-- \/ Yoast SEO plugin. -->","yoast_head_json":{"title":"T\u00fcv Gutachten Frontspoiler Vw Golf 3 Yachting 1H9Z71609 - Audi-Klaus","description":"T\u00fcv Gutachten Frontspoiler Vw Golf 3 Yachting 1H9Z71609 T\u00fcv Gutachten Frontspoiler Vw Golf 3 Yachting 1H9Z71609 Audi-Klaus","robots":{"index":"index","follow":"follow","max-snippet":"max-snippet:-1","max-image-preview":"max-image-preview:large","max-video-preview":"max-video-preview:-1"},"canonical":"https:\/\/audi-klaus.at\/shop\/produkt\/tuev-gutachten-frontspoiler-vw-golf-3-yachting-1h9z71609\/","og_locale":"de_DE","og_type":"article","og_title":"T\u00fcv Gutachten Frontspoiler Vw Golf 3 Yachting 1H9Z71609 - Audi-Klaus","og_description":"T\u00fcv Gutachten Frontspoiler Vw Golf 3 Yachting 1H9Z71609 T\u00fcv Gutachten Frontspoiler Vw Golf 3 Yachting 1H9Z71609 Audi-Klaus","og_url":"https:\/\/audi-klaus.at\/shop\/produkt\/tuev-gutachten-frontspoiler-vw-golf-3-yachting-1h9z71609\/","og_site_name":"Audi-Klaus","article_publisher":"https:\/\/www.facebook.com\/audi.klaus.1312\/","article_modified_time":"2026-01-07T21:54:40+00:00","og_image":[{"width":363,"height":480,"url":"https:\/\/audi-klaus.at\/shop\/wp-content\/uploads\/2024\/10\/GUT-1-Titelbild-.jpg","type":"image\/jpeg"}],"twitter_card":"summary_large_image","twitter_misc":{"Gesch\u00e4tzte Lesezeit":"1 Minute"},"schema":{"@context":"https:\/\/schema.org","@graph":[{"@type":"WebPage","@id":"https:\/\/audi-klaus.at\/shop\/produkt\/tuev-gutachten-frontspoiler-vw-golf-3-yachting-1h9z71609\/","url":"https:\/\/audi-klaus.at\/shop\/produkt\/tuev-gutachten-frontspoiler-vw-golf-3-yachting-1h9z71609\/","name":"T\u00fcv Gutachten Frontspoiler Vw Golf 3 Yachting 1H9Z71609 - Audi-Klaus","isPartOf":{"@id":"https:\/\/audi-klaus.at\/shop\/#website"},"primaryImageOfPage":{"@id":"https:\/\/audi-klaus.at\/shop\/produkt\/tuev-gutachten-frontspoiler-vw-golf-3-yachting-1h9z71609\/#primaryimage"},"image":{"@id":"https:\/\/audi-klaus.at\/shop\/produkt\/tuev-gutachten-frontspoiler-vw-golf-3-yachting-1h9z71609\/#primaryimage"},"thumbnailUrl":"https:\/\/audi-klaus.at\/shop\/wp-content\/uploads\/2024\/10\/GUT-1-Titelbild-.jpg","datePublished":"2024-10-23T09:54:47+00:00","dateModified":"2026-01-07T21:54:40+00:00","description":"T\u00fcv Gutachten Frontspoiler Vw Golf 3 Yachting 1H9Z71609 T\u00fcv Gutachten Frontspoiler Vw Golf 3 Yachting 1H9Z71609 Audi-Klaus","breadcrumb":{"@id":"https:\/\/audi-klaus.at\/shop\/produkt\/tuev-gutachten-frontspoiler-vw-golf-3-yachting-1h9z71609\/#breadcrumb"},"inLanguage":"de-AT","potentialAction":[{"@type":"ReadAction","target":["https:\/\/audi-klaus.at\/shop\/produkt\/tuev-gutachten-frontspoiler-vw-golf-3-yachting-1h9z71609\/"]}]},{"@type":"ImageObject","inLanguage":"de-AT","@id":"https:\/\/audi-klaus.at\/shop\/produkt\/tuev-gutachten-frontspoiler-vw-golf-3-yachting-1h9z71609\/#primaryimage","url":"https:\/\/audi-klaus.at\/shop\/wp-content\/uploads\/2024\/10\/GUT-1-Titelbild-.jpg","contentUrl":"https:\/\/audi-klaus.at\/shop\/wp-content\/uploads\/2024\/10\/GUT-1-Titelbild-.jpg","width":363,"height":480},{"@type":"BreadcrumbList","@id":"https:\/\/audi-klaus.at\/shop\/produkt\/tuev-gutachten-frontspoiler-vw-golf-3-yachting-1h9z71609\/#breadcrumb","itemListElement":[{"@type":"ListItem","position":1,"name":"Startseite","item":"https:\/\/audi-klaus.at\/shop\/"},{"@type":"ListItem","position":2,"name":"Shop","item":"https:\/\/audi-klaus.at\/shop\/"},{"@type":"ListItem","position":3,"name":"T\u00fcv Gutachten Frontspoiler Vw Golf 3 Yachting 1H9Z71609"}]},{"@type":"WebSite","@id":"https:\/\/audi-klaus.at\/shop\/#website","url":"https:\/\/audi-klaus.at\/shop\/","name":"Audi-Klaus","description":"Ihr Gebrauchtteile Spezialist f\u00fcr die Marken Audi, VW (VAG)","publisher":{"@id":"https:\/\/audi-klaus.at\/shop\/#organization"},"potentialAction":[{"@type":"SearchAction","target":{"@type":"EntryPoint","urlTemplate":"https:\/\/audi-klaus.at\/shop\/?s={search_term_string}"},"query-input":{"@type":"PropertyValueSpecification","valueRequired":true,"valueName":"search_term_string"}}],"inLanguage":"de-AT"},{"@type":"Organization","@id":"https:\/\/audi-klaus.at\/shop\/#organization","name":"Audi-Klaus","url":"https:\/\/audi-klaus.at\/shop\/","logo":{"@type":"ImageObject","inLanguage":"de-AT","@id":"https:\/\/audi-klaus.at\/shop\/#\/schema\/logo\/image\/","url":"https:\/\/audi-klaus.at\/shop\/wp-content\/uploads\/2024\/10\/Logo-Shop.webp","contentUrl":"https:\/\/audi-klaus.at\/shop\/wp-content\/uploads\/2024\/10\/Logo-Shop.webp","width":470,"height":164,"caption":"Audi-Klaus"},"image":{"@id":"https:\/\/audi-klaus.at\/shop\/#\/schema\/logo\/image\/"},"sameAs":["https:\/\/www.facebook.com\/audi.klaus.1312\/","https:\/\/www.instagram.com\/audi_klaus\/?igshid=1eca3qu2mdayg"]}]}},"_links":{"self":[{"href":"https:\/\/audi-klaus.at\/shop\/wp-json\/wp\/v2\/product\/81984","targetHints":{"allow":["GET"]}}],"collection":[{"href":"https:\/\/audi-klaus.at\/shop\/wp-json\/wp\/v2\/product"}],"about":[{"href":"https:\/\/audi-klaus.at\/shop\/wp-json\/wp\/v2\/types\/product"}],"wp:featuredmedia":[{"embeddable":true,"href":"https:\/\/audi-klaus.at\/shop\/wp-json\/wp\/v2\/media\/81986"}],"wp:attachment":[{"href":"https:\/\/audi-klaus.at\/shop\/wp-json\/wp\/v2\/media?parent=81984"}],"wp:term":[{"taxonomy":"product_brand","embeddable":true,"href":"https:\/\/audi-klaus.at\/shop\/wp-json\/wp\/v2\/product_brand?post=81984"},{"taxonomy":"product_cat","embeddable":true,"href":"https:\/\/audi-klaus.at\/shop\/wp-json\/wp\/v2\/product_cat?post=81984"},{"taxonomy":"product_tag","embeddable":true,"href":"https:\/\/audi-klaus.at\/shop\/wp-json\/wp\/v2\/product_tag?post=81984"}],"curies":[{"name":"wp","href":"https:\/\/api.w.org\/{rel}","templated":true}]}}