{"id":80806,"date":"2024-10-03T10:27:24","date_gmt":"2024-10-03T08:27:24","guid":{"rendered":"https:\/\/audi-klaus.at\/shop\/?post_type=product&#038;p=80806"},"modified":"2026-01-07T22:54:13","modified_gmt":"2026-01-07T21:54:13","slug":"audi-80-90-b3-b4-coupe-cabrio-typ-89-100-a6-c3-c4-wasserpumpe-nos-vergleichsnr-054121004ax-054121004av-034121004bx-054121004a-034121004b-054121004","status":"publish","type":"product","link":"https:\/\/audi-klaus.at\/shop\/produkt\/audi-80-90-b3-b4-coupe-cabrio-typ-89-100-a6-c3-c4-wasserpumpe-nos-vergleichsnr-054121004ax-054121004av-034121004bx-054121004a-034121004b-054121004\/","title":{"rendered":"Audi 80\/90\/B3\/B4\/Coup\u00e9\/Cabrio\/Typ 89\/100\/A6\/C3\/C4 Wasserpumpe NOS Vergleichsnr.: 054121004AX\/054121004AV\/034121004BX\/054121004A\/034121004B\/054121004"},"content":{"rendered":"<h5 class=\"western\"><span style=\"font-size: small;\"><span style=\"color: #060606;\"><span style=\"font-family: Verdana, serif;\"><b>VAG Teilenummer<\/b><\/span><\/span><span style=\"color: #060606;\"><span style=\"font-family: Verdana, serif;\">: 054 121 004 AX, 054 121 004 AV, 034 121 004 BX, 054 121 004A, 034 121 004B, 054 121 004<\/span><\/span><\/span><\/h5>\n<h5 class=\"western\"><span style=\"font-size: small;\"><span style=\"color: #060606;\"><span style=\"font-family: Verdana, serif;\"><b>Zustand:<\/b><\/span><\/span><span style=\"color: #060606;\"><span style=\"font-family: Verdana, serif;\">\u00a0<\/span><\/span><span style=\"color: #060606;\"><span style=\"font-family: Verdana, serif;\"><span lang=\"de-DE\">NOS (kann Lagerspuren aufweisen<\/span><\/span><\/span><span style=\"color: #060606;\"><span style=\"font-family: Verdana, serif;\"><span lang=\"de-DE\">)<\/span><\/span><\/span><\/span><\/h5>\n<h5 class=\"western\"><span style=\"color: #060606;\"><span style=\"font-family: Verdana, serif;\"><span style=\"font-size: small;\"><b>Lieferumfang:<\/b><\/span><\/span><\/span><span style=\"color: #060606;\"><span style=\"font-family: Verdana, serif;\"><span style=\"font-size: small;\">\u00a0wie in den Original-Abbildungen angegeben<\/span><\/span><\/span><\/h5>\n<h5 class=\"western\"><span style=\"color: #060606;\"><span style=\"font-family: Verdana, serif;\"><span style=\"font-size: small;\"><b>Hinweis:<\/b><\/span><\/span><\/span><span style=\"color: #060606;\"><span style=\"font-family: Verdana, serif;\"><span style=\"font-size: small;\">\u00a0Bitte \u00fcberpr\u00fcfen Sie vor dem Kauf anhand der eindeutigen Teilenummern, ob der Artikel zum Fahrzeug passt, um R\u00fccksendungen zu vermeiden! Trotz Angabe der entsprechenden Fahrzeugdaten ist eine eindeutige Zuordnung nur \u00fcber die Teilenummer m\u00f6glich! Die abgelesene Teilenummer ist die Teilenummer des Teils, welches geliefert wird. Die Originalteilnummer ist diejenige, die bei Neubestellung f\u00fcr dieses Teil gilt und der m\u00f6glicherweise abweichenden, gelieferten Teilenummer entspricht. <\/span><\/span><\/span><\/h5>\n<h5 class=\"western\"><span style=\"color: #060606;\"><span style=\"font-family: Verdana, serif;\"><span style=\"font-size: small;\"><span lang=\"de-DE\">Neu<\/span><\/span><\/span><\/span><span style=\"color: #060606;\"><span style=\"font-family: Verdana, serif;\"><span style=\"font-size: small;\"> mit Gebrauchsspuren in Form von Verunreinigungen\/ kleinen Kratzern m\u00f6glich. Die Ware wird ungereinigt geliefert.<\/span><\/span><\/span><\/h5>\n<h5 class=\"western\"><span style=\"color: #060606;\"><span style=\"font-family: Verdana, serif;\"><span style=\"font-size: small;\">Sollten weitere Fragen offen sein, kontaktieren Sie uns bitte unter<\/span><\/span><\/span><span style=\"color: #060606;\"><span style=\"font-family: Verdana, serif;\"><span style=\"font-size: small;\"><u>\u00a0<\/u><\/span><\/span><\/span><a href=\"mailto:office@audi-klaus.at\"><span style=\"color: #0000ff;\"><span style=\"font-family: Verdana, serif;\"><span style=\"font-size: small;\"><u>office@audi-klaus.at<\/u><\/span><\/span><\/span><\/a><\/h5>\n","protected":false},"excerpt":{"rendered":"<h5 class=\"western\"><strong><span style=\"color: #000000;\"><span style=\"font-family: Source Sans Pro, serif;\"><span style=\"font-size: x-large;\">Marke: Audi<br \/>\nModell: 80\/90\/Coup\u00e9\/Cabrio\/100\/A6<br \/>\nTyp: B3\/B4\/89\/C3\/C4<\/span><\/span><\/span><\/strong><\/h5>\n<h5 class=\"western\"><span style=\"color: #c9211e; font-family: Source Sans Pro, serif; font-size: large;\"><span style=\"caret-color: #c9211e;\"><b>Salerie PA 664P<\/b><\/span><\/span><\/h5>\n<h5 class=\"western\"><strong><span style=\"color: #c9211e;\"><span style=\"font-family: Source Sans Pro, serif;\"><span style=\"font-size: large;\">Nachbau!!<\/span><\/span><\/span><\/strong><\/h5>\n","protected":false},"featured_media":80781,"template":"","meta":[],"product_brand":[],"product_cat":[81,244,82,264,83,335,84,345,85,372,87,586,155,591,170,171,32,224,78,234],"product_tag":[28970,28971,28972,28973,28967,28968,28969],"class_list":{"0":"post-80806","1":"product","2":"type-product","3":"status-publish","4":"has-post-thumbnail","6":"product_cat-b3-86","7":"product_cat-motor-getriebe-typ89","8":"product_cat-b4-91","9":"product_cat-motor-getriebe-b3-80","10":"product_cat-cabrio80","11":"product_cat-motor-getriebe-c3-1982-1990","12":"product_cat-typ89","13":"product_cat-motor-getriebe-c4-1991-1994","14":"product_cat-coupe80","15":"product_cat-a6","16":"product_cat-b3-typ89-80","17":"product_cat-c4-4a-1994-1997","18":"product_cat-155","19":"product_cat-motor-getriebe-c4-1994-1997","20":"product_cat-c3-typ44-1982-1990","21":"product_cat-c4-1991-1994","22":"product_cat-audi","23":"product_cat-motor-getriebe-b3-86","24":"product_cat-78","25":"product_cat-motor-getriebe-b4-91","26":"product_tag-054121004a","27":"product_tag-034121004b","28":"product_tag-28972","29":"product_tag-m2079","30":"product_tag-054121004ax","31":"product_tag-054121004av","32":"product_tag-034121004bx","34":"first","35":"instock","36":"taxable","37":"shipping-taxable","38":"purchasable","39":"product-type-simple"},"yoast_head":"<!-- This site is optimized with the Yoast SEO plugin v27.3 - https:\/\/yoast.com\/product\/yoast-seo-wordpress\/ -->\n<title>Audi 80\/90\/B3\/B4\/Coup\u00e9\/Cabrio\/Typ 89\/100\/A6\/C3\/C4 Wasserpumpe NOS Vergleichsnr.: 054121004AX\/054121004AV\/034121004BX\/054121004A\/034121004B\/054121004 - Audi-Klaus<\/title>\n<meta name=\"description\" content=\"Audi-Klaus Audi 80\/90\/B3\/B4\/Coup\u00e9\/Cabrio\/Typ 89\/100\/A6\/C3\/C4 Wasserpumpe NOS Vergleichsnr.: 054121004AX\/054121004AV\/034121004BX\/054121004A\/034121004B\/054121004 Audi 80\/90\/B3\/B4\/Coup\u00e9\/Cabrio\/Typ 89\/100\/A6\/C3\/C4 Wasserpumpe NOS Vergleichsnr.: 054121004AX\/054121004AV\/034121004BX\/054121004A\/034121004B\/054121004\" \/>\n<meta name=\"robots\" content=\"index, follow, max-snippet:-1, max-image-preview:large, max-video-preview:-1\" \/>\n<link rel=\"canonical\" href=\"https:\/\/audi-klaus.at\/shop\/produkt\/audi-80-90-b3-b4-coupe-cabrio-typ-89-100-a6-c3-c4-wasserpumpe-nos-vergleichsnr-054121004ax-054121004av-034121004bx-054121004a-034121004b-054121004\/\" \/>\n<meta property=\"og:locale\" content=\"de_DE\" \/>\n<meta property=\"og:type\" content=\"article\" \/>\n<meta property=\"og:title\" content=\"Audi 80\/90\/B3\/B4\/Coup\u00e9\/Cabrio\/Typ 89\/100\/A6\/C3\/C4 Wasserpumpe NOS Vergleichsnr.: 054121004AX\/054121004AV\/034121004BX\/054121004A\/034121004B\/054121004 - Audi-Klaus\" \/>\n<meta property=\"og:description\" content=\"Audi-Klaus Audi 80\/90\/B3\/B4\/Coup\u00e9\/Cabrio\/Typ 89\/100\/A6\/C3\/C4 Wasserpumpe NOS Vergleichsnr.: 054121004AX\/054121004AV\/034121004BX\/054121004A\/034121004B\/054121004 Audi 80\/90\/B3\/B4\/Coup\u00e9\/Cabrio\/Typ 89\/100\/A6\/C3\/C4 Wasserpumpe NOS Vergleichsnr.: 054121004AX\/054121004AV\/034121004BX\/054121004A\/034121004B\/054121004\" \/>\n<meta property=\"og:url\" content=\"https:\/\/audi-klaus.at\/shop\/produkt\/audi-80-90-b3-b4-coupe-cabrio-typ-89-100-a6-c3-c4-wasserpumpe-nos-vergleichsnr-054121004ax-054121004av-034121004bx-054121004a-034121004b-054121004\/\" \/>\n<meta property=\"og:site_name\" content=\"Audi-Klaus\" \/>\n<meta property=\"article:publisher\" content=\"https:\/\/www.facebook.com\/audi.klaus.1312\/\" \/>\n<meta property=\"article:modified_time\" content=\"2026-01-07T21:54:13+00:00\" \/>\n<meta property=\"og:image\" content=\"https:\/\/audi-klaus.at\/shop\/wp-content\/uploads\/2024\/10\/M2079-2.jpg\" \/>\n\t<meta property=\"og:image:width\" content=\"480\" \/>\n\t<meta property=\"og:image:height\" content=\"480\" \/>\n\t<meta property=\"og:image:type\" content=\"image\/jpeg\" \/>\n<meta name=\"twitter:card\" content=\"summary_large_image\" \/>\n<meta name=\"twitter:label1\" content=\"Gesch\u00e4tzte Lesezeit\" \/>\n\t<meta name=\"twitter:data1\" content=\"1 Minute\" \/>\n<script type=\"application\/ld+json\" class=\"yoast-schema-graph\">{\"@context\":\"https:\\\/\\\/schema.org\",\"@graph\":[{\"@type\":\"WebPage\",\"@id\":\"https:\\\/\\\/audi-klaus.at\\\/shop\\\/produkt\\\/audi-80-90-b3-b4-coupe-cabrio-typ-89-100-a6-c3-c4-wasserpumpe-nos-vergleichsnr-054121004ax-054121004av-034121004bx-054121004a-034121004b-054121004\\\/\",\"url\":\"https:\\\/\\\/audi-klaus.at\\\/shop\\\/produkt\\\/audi-80-90-b3-b4-coupe-cabrio-typ-89-100-a6-c3-c4-wasserpumpe-nos-vergleichsnr-054121004ax-054121004av-034121004bx-054121004a-034121004b-054121004\\\/\",\"name\":\"Audi 80\\\/90\\\/B3\\\/B4\\\/Coup\u00e9\\\/Cabrio\\\/Typ 89\\\/100\\\/A6\\\/C3\\\/C4 Wasserpumpe NOS Vergleichsnr.: 054121004AX\\\/054121004AV\\\/034121004BX\\\/054121004A\\\/034121004B\\\/054121004 - Audi-Klaus\",\"isPartOf\":{\"@id\":\"https:\\\/\\\/audi-klaus.at\\\/shop\\\/#website\"},\"primaryImageOfPage\":{\"@id\":\"https:\\\/\\\/audi-klaus.at\\\/shop\\\/produkt\\\/audi-80-90-b3-b4-coupe-cabrio-typ-89-100-a6-c3-c4-wasserpumpe-nos-vergleichsnr-054121004ax-054121004av-034121004bx-054121004a-034121004b-054121004\\\/#primaryimage\"},\"image\":{\"@id\":\"https:\\\/\\\/audi-klaus.at\\\/shop\\\/produkt\\\/audi-80-90-b3-b4-coupe-cabrio-typ-89-100-a6-c3-c4-wasserpumpe-nos-vergleichsnr-054121004ax-054121004av-034121004bx-054121004a-034121004b-054121004\\\/#primaryimage\"},\"thumbnailUrl\":\"https:\\\/\\\/audi-klaus.at\\\/shop\\\/wp-content\\\/uploads\\\/2024\\\/10\\\/M2079-2.jpg\",\"datePublished\":\"2024-10-03T08:27:24+00:00\",\"dateModified\":\"2026-01-07T21:54:13+00:00\",\"description\":\"Audi-Klaus Audi 80\\\/90\\\/B3\\\/B4\\\/Coup\u00e9\\\/Cabrio\\\/Typ 89\\\/100\\\/A6\\\/C3\\\/C4 Wasserpumpe NOS Vergleichsnr.: 054121004AX\\\/054121004AV\\\/034121004BX\\\/054121004A\\\/034121004B\\\/054121004 Audi 80\\\/90\\\/B3\\\/B4\\\/Coup\u00e9\\\/Cabrio\\\/Typ 89\\\/100\\\/A6\\\/C3\\\/C4 Wasserpumpe NOS Vergleichsnr.: 054121004AX\\\/054121004AV\\\/034121004BX\\\/054121004A\\\/034121004B\\\/054121004\",\"breadcrumb\":{\"@id\":\"https:\\\/\\\/audi-klaus.at\\\/shop\\\/produkt\\\/audi-80-90-b3-b4-coupe-cabrio-typ-89-100-a6-c3-c4-wasserpumpe-nos-vergleichsnr-054121004ax-054121004av-034121004bx-054121004a-034121004b-054121004\\\/#breadcrumb\"},\"inLanguage\":\"de-AT\",\"potentialAction\":[{\"@type\":\"ReadAction\",\"target\":[\"https:\\\/\\\/audi-klaus.at\\\/shop\\\/produkt\\\/audi-80-90-b3-b4-coupe-cabrio-typ-89-100-a6-c3-c4-wasserpumpe-nos-vergleichsnr-054121004ax-054121004av-034121004bx-054121004a-034121004b-054121004\\\/\"]}]},{\"@type\":\"ImageObject\",\"inLanguage\":\"de-AT\",\"@id\":\"https:\\\/\\\/audi-klaus.at\\\/shop\\\/produkt\\\/audi-80-90-b3-b4-coupe-cabrio-typ-89-100-a6-c3-c4-wasserpumpe-nos-vergleichsnr-054121004ax-054121004av-034121004bx-054121004a-034121004b-054121004\\\/#primaryimage\",\"url\":\"https:\\\/\\\/audi-klaus.at\\\/shop\\\/wp-content\\\/uploads\\\/2024\\\/10\\\/M2079-2.jpg\",\"contentUrl\":\"https:\\\/\\\/audi-klaus.at\\\/shop\\\/wp-content\\\/uploads\\\/2024\\\/10\\\/M2079-2.jpg\",\"width\":480,\"height\":480},{\"@type\":\"BreadcrumbList\",\"@id\":\"https:\\\/\\\/audi-klaus.at\\\/shop\\\/produkt\\\/audi-80-90-b3-b4-coupe-cabrio-typ-89-100-a6-c3-c4-wasserpumpe-nos-vergleichsnr-054121004ax-054121004av-034121004bx-054121004a-034121004b-054121004\\\/#breadcrumb\",\"itemListElement\":[{\"@type\":\"ListItem\",\"position\":1,\"name\":\"Startseite\",\"item\":\"https:\\\/\\\/audi-klaus.at\\\/shop\\\/\"},{\"@type\":\"ListItem\",\"position\":2,\"name\":\"Shop\",\"item\":\"https:\\\/\\\/audi-klaus.at\\\/shop\\\/\"},{\"@type\":\"ListItem\",\"position\":3,\"name\":\"Audi 80\\\/90\\\/B3\\\/B4\\\/Coup\u00e9\\\/Cabrio\\\/Typ 89\\\/100\\\/A6\\\/C3\\\/C4 Wasserpumpe NOS Vergleichsnr.: 054121004AX\\\/054121004AV\\\/034121004BX\\\/054121004A\\\/034121004B\\\/054121004\"}]},{\"@type\":\"WebSite\",\"@id\":\"https:\\\/\\\/audi-klaus.at\\\/shop\\\/#website\",\"url\":\"https:\\\/\\\/audi-klaus.at\\\/shop\\\/\",\"name\":\"Audi-Klaus\",\"description\":\"Ihr Gebrauchtteile Spezialist f\u00fcr die Marken Audi, VW (VAG)\",\"publisher\":{\"@id\":\"https:\\\/\\\/audi-klaus.at\\\/shop\\\/#organization\"},\"potentialAction\":[{\"@type\":\"SearchAction\",\"target\":{\"@type\":\"EntryPoint\",\"urlTemplate\":\"https:\\\/\\\/audi-klaus.at\\\/shop\\\/?s={search_term_string}\"},\"query-input\":{\"@type\":\"PropertyValueSpecification\",\"valueRequired\":true,\"valueName\":\"search_term_string\"}}],\"inLanguage\":\"de-AT\"},{\"@type\":\"Organization\",\"@id\":\"https:\\\/\\\/audi-klaus.at\\\/shop\\\/#organization\",\"name\":\"Audi-Klaus\",\"url\":\"https:\\\/\\\/audi-klaus.at\\\/shop\\\/\",\"logo\":{\"@type\":\"ImageObject\",\"inLanguage\":\"de-AT\",\"@id\":\"https:\\\/\\\/audi-klaus.at\\\/shop\\\/#\\\/schema\\\/logo\\\/image\\\/\",\"url\":\"https:\\\/\\\/audi-klaus.at\\\/shop\\\/wp-content\\\/uploads\\\/2024\\\/10\\\/Logo-Shop.webp\",\"contentUrl\":\"https:\\\/\\\/audi-klaus.at\\\/shop\\\/wp-content\\\/uploads\\\/2024\\\/10\\\/Logo-Shop.webp\",\"width\":470,\"height\":164,\"caption\":\"Audi-Klaus\"},\"image\":{\"@id\":\"https:\\\/\\\/audi-klaus.at\\\/shop\\\/#\\\/schema\\\/logo\\\/image\\\/\"},\"sameAs\":[\"https:\\\/\\\/www.facebook.com\\\/audi.klaus.1312\\\/\",\"https:\\\/\\\/www.instagram.com\\\/audi_klaus\\\/?igshid=1eca3qu2mdayg\"]}]}<\/script>\n<!-- \/ Yoast SEO plugin. -->","yoast_head_json":{"title":"Audi 80\/90\/B3\/B4\/Coup\u00e9\/Cabrio\/Typ 89\/100\/A6\/C3\/C4 Wasserpumpe NOS Vergleichsnr.: 054121004AX\/054121004AV\/034121004BX\/054121004A\/034121004B\/054121004 - Audi-Klaus","description":"Audi-Klaus Audi 80\/90\/B3\/B4\/Coup\u00e9\/Cabrio\/Typ 89\/100\/A6\/C3\/C4 Wasserpumpe NOS Vergleichsnr.: 054121004AX\/054121004AV\/034121004BX\/054121004A\/034121004B\/054121004 Audi 80\/90\/B3\/B4\/Coup\u00e9\/Cabrio\/Typ 89\/100\/A6\/C3\/C4 Wasserpumpe NOS Vergleichsnr.: 054121004AX\/054121004AV\/034121004BX\/054121004A\/034121004B\/054121004","robots":{"index":"index","follow":"follow","max-snippet":"max-snippet:-1","max-image-preview":"max-image-preview:large","max-video-preview":"max-video-preview:-1"},"canonical":"https:\/\/audi-klaus.at\/shop\/produkt\/audi-80-90-b3-b4-coupe-cabrio-typ-89-100-a6-c3-c4-wasserpumpe-nos-vergleichsnr-054121004ax-054121004av-034121004bx-054121004a-034121004b-054121004\/","og_locale":"de_DE","og_type":"article","og_title":"Audi 80\/90\/B3\/B4\/Coup\u00e9\/Cabrio\/Typ 89\/100\/A6\/C3\/C4 Wasserpumpe NOS Vergleichsnr.: 054121004AX\/054121004AV\/034121004BX\/054121004A\/034121004B\/054121004 - Audi-Klaus","og_description":"Audi-Klaus Audi 80\/90\/B3\/B4\/Coup\u00e9\/Cabrio\/Typ 89\/100\/A6\/C3\/C4 Wasserpumpe NOS Vergleichsnr.: 054121004AX\/054121004AV\/034121004BX\/054121004A\/034121004B\/054121004 Audi 80\/90\/B3\/B4\/Coup\u00e9\/Cabrio\/Typ 89\/100\/A6\/C3\/C4 Wasserpumpe NOS Vergleichsnr.: 054121004AX\/054121004AV\/034121004BX\/054121004A\/034121004B\/054121004","og_url":"https:\/\/audi-klaus.at\/shop\/produkt\/audi-80-90-b3-b4-coupe-cabrio-typ-89-100-a6-c3-c4-wasserpumpe-nos-vergleichsnr-054121004ax-054121004av-034121004bx-054121004a-034121004b-054121004\/","og_site_name":"Audi-Klaus","article_publisher":"https:\/\/www.facebook.com\/audi.klaus.1312\/","article_modified_time":"2026-01-07T21:54:13+00:00","og_image":[{"width":480,"height":480,"url":"https:\/\/audi-klaus.at\/shop\/wp-content\/uploads\/2024\/10\/M2079-2.jpg","type":"image\/jpeg"}],"twitter_card":"summary_large_image","twitter_misc":{"Gesch\u00e4tzte Lesezeit":"1 Minute"},"schema":{"@context":"https:\/\/schema.org","@graph":[{"@type":"WebPage","@id":"https:\/\/audi-klaus.at\/shop\/produkt\/audi-80-90-b3-b4-coupe-cabrio-typ-89-100-a6-c3-c4-wasserpumpe-nos-vergleichsnr-054121004ax-054121004av-034121004bx-054121004a-034121004b-054121004\/","url":"https:\/\/audi-klaus.at\/shop\/produkt\/audi-80-90-b3-b4-coupe-cabrio-typ-89-100-a6-c3-c4-wasserpumpe-nos-vergleichsnr-054121004ax-054121004av-034121004bx-054121004a-034121004b-054121004\/","name":"Audi 80\/90\/B3\/B4\/Coup\u00e9\/Cabrio\/Typ 89\/100\/A6\/C3\/C4 Wasserpumpe NOS Vergleichsnr.: 054121004AX\/054121004AV\/034121004BX\/054121004A\/034121004B\/054121004 - Audi-Klaus","isPartOf":{"@id":"https:\/\/audi-klaus.at\/shop\/#website"},"primaryImageOfPage":{"@id":"https:\/\/audi-klaus.at\/shop\/produkt\/audi-80-90-b3-b4-coupe-cabrio-typ-89-100-a6-c3-c4-wasserpumpe-nos-vergleichsnr-054121004ax-054121004av-034121004bx-054121004a-034121004b-054121004\/#primaryimage"},"image":{"@id":"https:\/\/audi-klaus.at\/shop\/produkt\/audi-80-90-b3-b4-coupe-cabrio-typ-89-100-a6-c3-c4-wasserpumpe-nos-vergleichsnr-054121004ax-054121004av-034121004bx-054121004a-034121004b-054121004\/#primaryimage"},"thumbnailUrl":"https:\/\/audi-klaus.at\/shop\/wp-content\/uploads\/2024\/10\/M2079-2.jpg","datePublished":"2024-10-03T08:27:24+00:00","dateModified":"2026-01-07T21:54:13+00:00","description":"Audi-Klaus Audi 80\/90\/B3\/B4\/Coup\u00e9\/Cabrio\/Typ 89\/100\/A6\/C3\/C4 Wasserpumpe NOS Vergleichsnr.: 054121004AX\/054121004AV\/034121004BX\/054121004A\/034121004B\/054121004 Audi 80\/90\/B3\/B4\/Coup\u00e9\/Cabrio\/Typ 89\/100\/A6\/C3\/C4 Wasserpumpe NOS Vergleichsnr.: 054121004AX\/054121004AV\/034121004BX\/054121004A\/034121004B\/054121004","breadcrumb":{"@id":"https:\/\/audi-klaus.at\/shop\/produkt\/audi-80-90-b3-b4-coupe-cabrio-typ-89-100-a6-c3-c4-wasserpumpe-nos-vergleichsnr-054121004ax-054121004av-034121004bx-054121004a-034121004b-054121004\/#breadcrumb"},"inLanguage":"de-AT","potentialAction":[{"@type":"ReadAction","target":["https:\/\/audi-klaus.at\/shop\/produkt\/audi-80-90-b3-b4-coupe-cabrio-typ-89-100-a6-c3-c4-wasserpumpe-nos-vergleichsnr-054121004ax-054121004av-034121004bx-054121004a-034121004b-054121004\/"]}]},{"@type":"ImageObject","inLanguage":"de-AT","@id":"https:\/\/audi-klaus.at\/shop\/produkt\/audi-80-90-b3-b4-coupe-cabrio-typ-89-100-a6-c3-c4-wasserpumpe-nos-vergleichsnr-054121004ax-054121004av-034121004bx-054121004a-034121004b-054121004\/#primaryimage","url":"https:\/\/audi-klaus.at\/shop\/wp-content\/uploads\/2024\/10\/M2079-2.jpg","contentUrl":"https:\/\/audi-klaus.at\/shop\/wp-content\/uploads\/2024\/10\/M2079-2.jpg","width":480,"height":480},{"@type":"BreadcrumbList","@id":"https:\/\/audi-klaus.at\/shop\/produkt\/audi-80-90-b3-b4-coupe-cabrio-typ-89-100-a6-c3-c4-wasserpumpe-nos-vergleichsnr-054121004ax-054121004av-034121004bx-054121004a-034121004b-054121004\/#breadcrumb","itemListElement":[{"@type":"ListItem","position":1,"name":"Startseite","item":"https:\/\/audi-klaus.at\/shop\/"},{"@type":"ListItem","position":2,"name":"Shop","item":"https:\/\/audi-klaus.at\/shop\/"},{"@type":"ListItem","position":3,"name":"Audi 80\/90\/B3\/B4\/Coup\u00e9\/Cabrio\/Typ 89\/100\/A6\/C3\/C4 Wasserpumpe NOS Vergleichsnr.: 054121004AX\/054121004AV\/034121004BX\/054121004A\/034121004B\/054121004"}]},{"@type":"WebSite","@id":"https:\/\/audi-klaus.at\/shop\/#website","url":"https:\/\/audi-klaus.at\/shop\/","name":"Audi-Klaus","description":"Ihr Gebrauchtteile Spezialist f\u00fcr die Marken Audi, VW (VAG)","publisher":{"@id":"https:\/\/audi-klaus.at\/shop\/#organization"},"potentialAction":[{"@type":"SearchAction","target":{"@type":"EntryPoint","urlTemplate":"https:\/\/audi-klaus.at\/shop\/?s={search_term_string}"},"query-input":{"@type":"PropertyValueSpecification","valueRequired":true,"valueName":"search_term_string"}}],"inLanguage":"de-AT"},{"@type":"Organization","@id":"https:\/\/audi-klaus.at\/shop\/#organization","name":"Audi-Klaus","url":"https:\/\/audi-klaus.at\/shop\/","logo":{"@type":"ImageObject","inLanguage":"de-AT","@id":"https:\/\/audi-klaus.at\/shop\/#\/schema\/logo\/image\/","url":"https:\/\/audi-klaus.at\/shop\/wp-content\/uploads\/2024\/10\/Logo-Shop.webp","contentUrl":"https:\/\/audi-klaus.at\/shop\/wp-content\/uploads\/2024\/10\/Logo-Shop.webp","width":470,"height":164,"caption":"Audi-Klaus"},"image":{"@id":"https:\/\/audi-klaus.at\/shop\/#\/schema\/logo\/image\/"},"sameAs":["https:\/\/www.facebook.com\/audi.klaus.1312\/","https:\/\/www.instagram.com\/audi_klaus\/?igshid=1eca3qu2mdayg"]}]}},"_links":{"self":[{"href":"https:\/\/audi-klaus.at\/shop\/wp-json\/wp\/v2\/product\/80806","targetHints":{"allow":["GET"]}}],"collection":[{"href":"https:\/\/audi-klaus.at\/shop\/wp-json\/wp\/v2\/product"}],"about":[{"href":"https:\/\/audi-klaus.at\/shop\/wp-json\/wp\/v2\/types\/product"}],"wp:featuredmedia":[{"embeddable":true,"href":"https:\/\/audi-klaus.at\/shop\/wp-json\/wp\/v2\/media\/80781"}],"wp:attachment":[{"href":"https:\/\/audi-klaus.at\/shop\/wp-json\/wp\/v2\/media?parent=80806"}],"wp:term":[{"taxonomy":"product_brand","embeddable":true,"href":"https:\/\/audi-klaus.at\/shop\/wp-json\/wp\/v2\/product_brand?post=80806"},{"taxonomy":"product_cat","embeddable":true,"href":"https:\/\/audi-klaus.at\/shop\/wp-json\/wp\/v2\/product_cat?post=80806"},{"taxonomy":"product_tag","embeddable":true,"href":"https:\/\/audi-klaus.at\/shop\/wp-json\/wp\/v2\/product_tag?post=80806"}],"curies":[{"name":"wp","href":"https:\/\/api.w.org\/{rel}","templated":true}]}}