{"id":80041,"date":"2024-09-10T13:15:33","date_gmt":"2024-09-10T11:15:33","guid":{"rendered":"https:\/\/audi-klaus.at\/shop\/?post_type=product&#038;p=80041"},"modified":"2026-01-07T22:53:58","modified_gmt":"2026-01-07T21:53:58","slug":"vw-polo-6v2-6v5-caddy-2k-seat-cordoba-1-2-ibiza-2-inca-6k-bremskraftstoffverstaerker-nos-6k1612107f","status":"publish","type":"product","link":"https:\/\/audi-klaus.at\/shop\/produkt\/vw-polo-6v2-6v5-caddy-2k-seat-cordoba-1-2-ibiza-2-inca-6k-bremskraftstoffverstaerker-nos-6k1612107f\/","title":{"rendered":"Vw Polo\/6V2\/6V5\/Caddy\/2K\/Seat Cordoba\/1\/2\/Ibiza\/2\/Inca\/6K Bremskraftstoffverst\u00e4rker NOS 6K1612107F"},"content":{"rendered":"<h5 class=\"western\"><span style=\"font-size: small;\"><span style=\"color: #060606;\"><span style=\"font-family: Verdana, serif;\"><b>VAG Teilenummer<\/b><\/span><\/span><span style=\"color: #060606;\"><span style=\"font-family: Verdana, serif;\">: 6K1 612 107F<\/span><\/span><\/span><\/h5>\n<h5 class=\"western\"><span style=\"font-size: small;\"><span style=\"color: #060606;\"><span style=\"font-family: Verdana, serif;\"><b>Zustand:<\/b><\/span><\/span><span style=\"color: #060606;\"><span style=\"font-family: Verdana, serif;\">\u00a0<\/span><\/span><span style=\"color: #060606;\"><span style=\"font-family: Verdana, serif;\"><span lang=\"de-DE\">NOS (kann Lagerspuren aufweisen<\/span><\/span><\/span><span style=\"color: #060606;\"><span style=\"font-family: Verdana, serif;\"><span lang=\"de-DE\">)<\/span><\/span><\/span><\/span><\/h5>\n<h5 class=\"western\"><span style=\"color: #060606;\"><span style=\"font-family: Verdana, serif;\"><span style=\"font-size: small;\"><b>Lieferumfang:<\/b><\/span><\/span><\/span><span style=\"color: #060606;\"><span style=\"font-family: Verdana, serif;\"><span style=\"font-size: small;\">\u00a0wie in den Original-Abbildungen angegeben<\/span><\/span><\/span><\/h5>\n<h5 class=\"western\"><span style=\"color: #060606;\"><span style=\"font-family: Verdana, serif;\"><span style=\"font-size: small;\"><b>Hinweis:<\/b><\/span><\/span><\/span><span style=\"color: #060606;\"><span style=\"font-family: Verdana, serif;\"><span style=\"font-size: small;\">\u00a0Bitte \u00fcberpr\u00fcfen Sie vor dem Kauf anhand der eindeutigen Teilenummern, ob der Artikel zum Fahrzeug passt, um R\u00fccksendungen zu vermeiden! Trotz Angabe der entsprechenden Fahrzeugdaten ist eine eindeutige Zuordnung nur \u00fcber die Teilenummer m\u00f6glich! Die abgelesene Teilenummer ist die Teilenummer des Teils, welches geliefert wird. Die Originalteilnummer ist diejenige, die bei Neubestellung f\u00fcr dieses Teil gilt und der m\u00f6glicherweise abweichenden, gelieferten Teilenummer entspricht. <\/span><\/span><\/span><\/h5>\n<h5 class=\"western\"><span style=\"color: #060606;\"><span style=\"font-family: Verdana, serif;\"><span style=\"font-size: small;\"><span lang=\"de-DE\">Neu<\/span><\/span><\/span><\/span><span style=\"color: #060606;\"><span style=\"font-family: Verdana, serif;\"><span style=\"font-size: small;\"> mit Gebrauchsspuren in Form von Verunreinigungen\/ kleinen Kratzern m\u00f6glich. Die Ware wird ungereinigt geliefert.<\/span><\/span><\/span><\/h5>\n<h5 class=\"western\"><span style=\"color: #060606;\"><span style=\"font-family: Verdana, serif;\"><span style=\"font-size: small;\">Sollten weitere Fragen offen sein, kontaktieren Sie uns bitte unter<\/span><\/span><\/span><span style=\"color: #060606;\"><span style=\"font-family: Verdana, serif;\"><span style=\"font-size: small;\"><u>\u00a0<\/u><\/span><\/span><\/span><a href=\"mailto:office@audi-klaus.at\"><span style=\"color: #0000ff;\"><span style=\"font-family: Verdana, serif;\"><span style=\"font-size: small;\"><u>office@audi-klaus.at<\/u><\/span><\/span><\/span><\/a><\/h5>\n","protected":false},"excerpt":{"rendered":"<h5 class=\"western\"><strong><span style=\"color: #000000;\"><span style=\"font-family: Source Sans Pro, serif;\"><span style=\"font-size: x-large;\">Marke: Vw\/Seat<br \/>\nModell: Polo\/Caddy\/Cordoba\/Ibiza\/Inca<br \/>\nTyp: 6V2\/6V5\/2K\/1\/2\/6K<\/span><\/span><\/span><\/strong><\/h5>\n","protected":false},"featured_media":79989,"template":"","meta":[],"product_brand":[],"product_cat":[2232,1164,2241,1172,2243,1180,2262,1219,2342,1243,2362,1378,2497,1535,2505,1786,2224,2225],"product_tag":[28699,28697,28698],"class_list":{"0":"post-80041","1":"product","2":"type-product","3":"status-publish","4":"has-post-thumbnail","6":"product_cat-2-6k-1993-1999","7":"product_cat-vw","8":"product_cat-1-6k-1993-1999","9":"product_cat-polo","10":"product_cat-2-6l-2002-2008","11":"product_cat-caddy","12":"product_cat-vorder-hinterachse-2-6k-1993-1999","13":"product_cat-3-6n2-1999-2001","14":"product_cat-vorder-hinterachse-1-6k-1993-1999","15":"product_cat-3-2k-2003-2015","16":"product_cat-vorder-hinterachse-2-6l-2002-2008","17":"product_cat-seat","18":"product_cat-servicematerial","19":"product_cat-vorder-hinterachse-3-6n2-1999-2001","20":"product_cat-bremsen","21":"product_cat-vorder-hinterachse-3-2k-2003-2010","22":"product_cat-ibiza","23":"product_cat-cordoba","24":"product_tag-b293","25":"product_tag-6k1612107f","26":"product_tag-6k1612107","28":"first","29":"instock","30":"taxable","31":"shipping-taxable","32":"purchasable","33":"product-type-simple"},"yoast_head":"<!-- This site is optimized with the Yoast SEO plugin v27.5 - https:\/\/yoast.com\/product\/yoast-seo-wordpress\/ -->\n<title>Vw Polo\/6V2\/6V5\/Caddy\/2K\/Seat Cordoba\/1\/2\/Ibiza\/2\/Inca\/6K Bremskraftstoffverst\u00e4rker NOS 6K1612107F - Audi-Klaus<\/title>\n<meta name=\"description\" content=\"Audi-Klaus Vw Polo\/6V2\/6V5\/Caddy\/2K\/Seat Cordoba\/1\/2\/Ibiza\/2\/Inca\/6K Bremskraftstoffverst\u00e4rker NOS 6K1612107F Vw Polo\/6V2\/6V5\/Caddy\/2K\/Seat Cordoba\/1\/2\/Ibiza\/2\/Inca\/6K Bremskraftstoffverst\u00e4rker NOS 6K1612107F\" \/>\n<meta name=\"robots\" content=\"index, follow, max-snippet:-1, max-image-preview:large, max-video-preview:-1\" \/>\n<link rel=\"canonical\" href=\"https:\/\/audi-klaus.at\/shop\/produkt\/vw-polo-6v2-6v5-caddy-2k-seat-cordoba-1-2-ibiza-2-inca-6k-bremskraftstoffverstaerker-nos-6k1612107f\/\" \/>\n<meta property=\"og:locale\" content=\"de_DE\" \/>\n<meta property=\"og:type\" content=\"article\" \/>\n<meta property=\"og:title\" content=\"Vw Polo\/6V2\/6V5\/Caddy\/2K\/Seat Cordoba\/1\/2\/Ibiza\/2\/Inca\/6K Bremskraftstoffverst\u00e4rker NOS 6K1612107F - Audi-Klaus\" \/>\n<meta property=\"og:description\" content=\"Audi-Klaus Vw Polo\/6V2\/6V5\/Caddy\/2K\/Seat Cordoba\/1\/2\/Ibiza\/2\/Inca\/6K Bremskraftstoffverst\u00e4rker NOS 6K1612107F Vw Polo\/6V2\/6V5\/Caddy\/2K\/Seat Cordoba\/1\/2\/Ibiza\/2\/Inca\/6K Bremskraftstoffverst\u00e4rker NOS 6K1612107F\" \/>\n<meta property=\"og:url\" content=\"https:\/\/audi-klaus.at\/shop\/produkt\/vw-polo-6v2-6v5-caddy-2k-seat-cordoba-1-2-ibiza-2-inca-6k-bremskraftstoffverstaerker-nos-6k1612107f\/\" \/>\n<meta property=\"og:site_name\" content=\"Audi-Klaus\" \/>\n<meta property=\"article:publisher\" content=\"https:\/\/www.facebook.com\/audi.klaus.1312\/\" \/>\n<meta property=\"article:modified_time\" content=\"2026-01-07T21:53:58+00:00\" \/>\n<meta property=\"og:image\" content=\"https:\/\/audi-klaus.at\/shop\/wp-content\/uploads\/2024\/09\/B293-1.jpg\" \/>\n\t<meta property=\"og:image:width\" content=\"480\" \/>\n\t<meta property=\"og:image:height\" content=\"480\" \/>\n\t<meta property=\"og:image:type\" content=\"image\/jpeg\" \/>\n<meta name=\"twitter:card\" content=\"summary_large_image\" \/>\n<meta name=\"twitter:label1\" content=\"Gesch\u00e4tzte Lesezeit\" \/>\n\t<meta name=\"twitter:data1\" content=\"1 Minute\" \/>\n<script type=\"application\/ld+json\" class=\"yoast-schema-graph\">{\"@context\":\"https:\\\/\\\/schema.org\",\"@graph\":[{\"@type\":\"WebPage\",\"@id\":\"https:\\\/\\\/audi-klaus.at\\\/shop\\\/produkt\\\/vw-polo-6v2-6v5-caddy-2k-seat-cordoba-1-2-ibiza-2-inca-6k-bremskraftstoffverstaerker-nos-6k1612107f\\\/\",\"url\":\"https:\\\/\\\/audi-klaus.at\\\/shop\\\/produkt\\\/vw-polo-6v2-6v5-caddy-2k-seat-cordoba-1-2-ibiza-2-inca-6k-bremskraftstoffverstaerker-nos-6k1612107f\\\/\",\"name\":\"Vw Polo\\\/6V2\\\/6V5\\\/Caddy\\\/2K\\\/Seat Cordoba\\\/1\\\/2\\\/Ibiza\\\/2\\\/Inca\\\/6K Bremskraftstoffverst\u00e4rker NOS 6K1612107F - Audi-Klaus\",\"isPartOf\":{\"@id\":\"https:\\\/\\\/audi-klaus.at\\\/shop\\\/#website\"},\"primaryImageOfPage\":{\"@id\":\"https:\\\/\\\/audi-klaus.at\\\/shop\\\/produkt\\\/vw-polo-6v2-6v5-caddy-2k-seat-cordoba-1-2-ibiza-2-inca-6k-bremskraftstoffverstaerker-nos-6k1612107f\\\/#primaryimage\"},\"image\":{\"@id\":\"https:\\\/\\\/audi-klaus.at\\\/shop\\\/produkt\\\/vw-polo-6v2-6v5-caddy-2k-seat-cordoba-1-2-ibiza-2-inca-6k-bremskraftstoffverstaerker-nos-6k1612107f\\\/#primaryimage\"},\"thumbnailUrl\":\"https:\\\/\\\/audi-klaus.at\\\/shop\\\/wp-content\\\/uploads\\\/2024\\\/09\\\/B293-1.jpg\",\"datePublished\":\"2024-09-10T11:15:33+00:00\",\"dateModified\":\"2026-01-07T21:53:58+00:00\",\"description\":\"Audi-Klaus Vw Polo\\\/6V2\\\/6V5\\\/Caddy\\\/2K\\\/Seat Cordoba\\\/1\\\/2\\\/Ibiza\\\/2\\\/Inca\\\/6K Bremskraftstoffverst\u00e4rker NOS 6K1612107F Vw Polo\\\/6V2\\\/6V5\\\/Caddy\\\/2K\\\/Seat Cordoba\\\/1\\\/2\\\/Ibiza\\\/2\\\/Inca\\\/6K Bremskraftstoffverst\u00e4rker NOS 6K1612107F\",\"breadcrumb\":{\"@id\":\"https:\\\/\\\/audi-klaus.at\\\/shop\\\/produkt\\\/vw-polo-6v2-6v5-caddy-2k-seat-cordoba-1-2-ibiza-2-inca-6k-bremskraftstoffverstaerker-nos-6k1612107f\\\/#breadcrumb\"},\"inLanguage\":\"de-AT\",\"potentialAction\":[{\"@type\":\"ReadAction\",\"target\":[\"https:\\\/\\\/audi-klaus.at\\\/shop\\\/produkt\\\/vw-polo-6v2-6v5-caddy-2k-seat-cordoba-1-2-ibiza-2-inca-6k-bremskraftstoffverstaerker-nos-6k1612107f\\\/\"]}]},{\"@type\":\"ImageObject\",\"inLanguage\":\"de-AT\",\"@id\":\"https:\\\/\\\/audi-klaus.at\\\/shop\\\/produkt\\\/vw-polo-6v2-6v5-caddy-2k-seat-cordoba-1-2-ibiza-2-inca-6k-bremskraftstoffverstaerker-nos-6k1612107f\\\/#primaryimage\",\"url\":\"https:\\\/\\\/audi-klaus.at\\\/shop\\\/wp-content\\\/uploads\\\/2024\\\/09\\\/B293-1.jpg\",\"contentUrl\":\"https:\\\/\\\/audi-klaus.at\\\/shop\\\/wp-content\\\/uploads\\\/2024\\\/09\\\/B293-1.jpg\",\"width\":480,\"height\":480},{\"@type\":\"BreadcrumbList\",\"@id\":\"https:\\\/\\\/audi-klaus.at\\\/shop\\\/produkt\\\/vw-polo-6v2-6v5-caddy-2k-seat-cordoba-1-2-ibiza-2-inca-6k-bremskraftstoffverstaerker-nos-6k1612107f\\\/#breadcrumb\",\"itemListElement\":[{\"@type\":\"ListItem\",\"position\":1,\"name\":\"Startseite\",\"item\":\"https:\\\/\\\/audi-klaus.at\\\/shop\\\/\"},{\"@type\":\"ListItem\",\"position\":2,\"name\":\"Shop\",\"item\":\"https:\\\/\\\/audi-klaus.at\\\/shop\\\/\"},{\"@type\":\"ListItem\",\"position\":3,\"name\":\"Vw Polo\\\/6V2\\\/6V5\\\/Caddy\\\/2K\\\/Seat Cordoba\\\/1\\\/2\\\/Ibiza\\\/2\\\/Inca\\\/6K Bremskraftstoffverst\u00e4rker NOS 6K1612107F\"}]},{\"@type\":\"WebSite\",\"@id\":\"https:\\\/\\\/audi-klaus.at\\\/shop\\\/#website\",\"url\":\"https:\\\/\\\/audi-klaus.at\\\/shop\\\/\",\"name\":\"Audi-Klaus\",\"description\":\"Ihr Gebrauchtteile Spezialist f\u00fcr die Marken Audi, VW (VAG)\",\"publisher\":{\"@id\":\"https:\\\/\\\/audi-klaus.at\\\/shop\\\/#organization\"},\"potentialAction\":[{\"@type\":\"SearchAction\",\"target\":{\"@type\":\"EntryPoint\",\"urlTemplate\":\"https:\\\/\\\/audi-klaus.at\\\/shop\\\/?s={search_term_string}\"},\"query-input\":{\"@type\":\"PropertyValueSpecification\",\"valueRequired\":true,\"valueName\":\"search_term_string\"}}],\"inLanguage\":\"de-AT\"},{\"@type\":\"Organization\",\"@id\":\"https:\\\/\\\/audi-klaus.at\\\/shop\\\/#organization\",\"name\":\"Audi-Klaus\",\"url\":\"https:\\\/\\\/audi-klaus.at\\\/shop\\\/\",\"logo\":{\"@type\":\"ImageObject\",\"inLanguage\":\"de-AT\",\"@id\":\"https:\\\/\\\/audi-klaus.at\\\/shop\\\/#\\\/schema\\\/logo\\\/image\\\/\",\"url\":\"https:\\\/\\\/audi-klaus.at\\\/shop\\\/wp-content\\\/uploads\\\/2024\\\/10\\\/Logo-Shop.webp\",\"contentUrl\":\"https:\\\/\\\/audi-klaus.at\\\/shop\\\/wp-content\\\/uploads\\\/2024\\\/10\\\/Logo-Shop.webp\",\"width\":470,\"height\":164,\"caption\":\"Audi-Klaus\"},\"image\":{\"@id\":\"https:\\\/\\\/audi-klaus.at\\\/shop\\\/#\\\/schema\\\/logo\\\/image\\\/\"},\"sameAs\":[\"https:\\\/\\\/www.facebook.com\\\/audi.klaus.1312\\\/\",\"https:\\\/\\\/www.instagram.com\\\/audi_klaus\\\/?igshid=1eca3qu2mdayg\"]}]}<\/script>\n<!-- \/ Yoast SEO plugin. -->","yoast_head_json":{"title":"Vw Polo\/6V2\/6V5\/Caddy\/2K\/Seat Cordoba\/1\/2\/Ibiza\/2\/Inca\/6K Bremskraftstoffverst\u00e4rker NOS 6K1612107F - Audi-Klaus","description":"Audi-Klaus Vw Polo\/6V2\/6V5\/Caddy\/2K\/Seat Cordoba\/1\/2\/Ibiza\/2\/Inca\/6K Bremskraftstoffverst\u00e4rker NOS 6K1612107F Vw Polo\/6V2\/6V5\/Caddy\/2K\/Seat Cordoba\/1\/2\/Ibiza\/2\/Inca\/6K Bremskraftstoffverst\u00e4rker NOS 6K1612107F","robots":{"index":"index","follow":"follow","max-snippet":"max-snippet:-1","max-image-preview":"max-image-preview:large","max-video-preview":"max-video-preview:-1"},"canonical":"https:\/\/audi-klaus.at\/shop\/produkt\/vw-polo-6v2-6v5-caddy-2k-seat-cordoba-1-2-ibiza-2-inca-6k-bremskraftstoffverstaerker-nos-6k1612107f\/","og_locale":"de_DE","og_type":"article","og_title":"Vw Polo\/6V2\/6V5\/Caddy\/2K\/Seat Cordoba\/1\/2\/Ibiza\/2\/Inca\/6K Bremskraftstoffverst\u00e4rker NOS 6K1612107F - Audi-Klaus","og_description":"Audi-Klaus Vw Polo\/6V2\/6V5\/Caddy\/2K\/Seat Cordoba\/1\/2\/Ibiza\/2\/Inca\/6K Bremskraftstoffverst\u00e4rker NOS 6K1612107F Vw Polo\/6V2\/6V5\/Caddy\/2K\/Seat Cordoba\/1\/2\/Ibiza\/2\/Inca\/6K Bremskraftstoffverst\u00e4rker NOS 6K1612107F","og_url":"https:\/\/audi-klaus.at\/shop\/produkt\/vw-polo-6v2-6v5-caddy-2k-seat-cordoba-1-2-ibiza-2-inca-6k-bremskraftstoffverstaerker-nos-6k1612107f\/","og_site_name":"Audi-Klaus","article_publisher":"https:\/\/www.facebook.com\/audi.klaus.1312\/","article_modified_time":"2026-01-07T21:53:58+00:00","og_image":[{"width":480,"height":480,"url":"https:\/\/audi-klaus.at\/shop\/wp-content\/uploads\/2024\/09\/B293-1.jpg","type":"image\/jpeg"}],"twitter_card":"summary_large_image","twitter_misc":{"Gesch\u00e4tzte Lesezeit":"1 Minute"},"schema":{"@context":"https:\/\/schema.org","@graph":[{"@type":"WebPage","@id":"https:\/\/audi-klaus.at\/shop\/produkt\/vw-polo-6v2-6v5-caddy-2k-seat-cordoba-1-2-ibiza-2-inca-6k-bremskraftstoffverstaerker-nos-6k1612107f\/","url":"https:\/\/audi-klaus.at\/shop\/produkt\/vw-polo-6v2-6v5-caddy-2k-seat-cordoba-1-2-ibiza-2-inca-6k-bremskraftstoffverstaerker-nos-6k1612107f\/","name":"Vw Polo\/6V2\/6V5\/Caddy\/2K\/Seat Cordoba\/1\/2\/Ibiza\/2\/Inca\/6K Bremskraftstoffverst\u00e4rker NOS 6K1612107F - Audi-Klaus","isPartOf":{"@id":"https:\/\/audi-klaus.at\/shop\/#website"},"primaryImageOfPage":{"@id":"https:\/\/audi-klaus.at\/shop\/produkt\/vw-polo-6v2-6v5-caddy-2k-seat-cordoba-1-2-ibiza-2-inca-6k-bremskraftstoffverstaerker-nos-6k1612107f\/#primaryimage"},"image":{"@id":"https:\/\/audi-klaus.at\/shop\/produkt\/vw-polo-6v2-6v5-caddy-2k-seat-cordoba-1-2-ibiza-2-inca-6k-bremskraftstoffverstaerker-nos-6k1612107f\/#primaryimage"},"thumbnailUrl":"https:\/\/audi-klaus.at\/shop\/wp-content\/uploads\/2024\/09\/B293-1.jpg","datePublished":"2024-09-10T11:15:33+00:00","dateModified":"2026-01-07T21:53:58+00:00","description":"Audi-Klaus Vw Polo\/6V2\/6V5\/Caddy\/2K\/Seat Cordoba\/1\/2\/Ibiza\/2\/Inca\/6K Bremskraftstoffverst\u00e4rker NOS 6K1612107F Vw Polo\/6V2\/6V5\/Caddy\/2K\/Seat Cordoba\/1\/2\/Ibiza\/2\/Inca\/6K Bremskraftstoffverst\u00e4rker NOS 6K1612107F","breadcrumb":{"@id":"https:\/\/audi-klaus.at\/shop\/produkt\/vw-polo-6v2-6v5-caddy-2k-seat-cordoba-1-2-ibiza-2-inca-6k-bremskraftstoffverstaerker-nos-6k1612107f\/#breadcrumb"},"inLanguage":"de-AT","potentialAction":[{"@type":"ReadAction","target":["https:\/\/audi-klaus.at\/shop\/produkt\/vw-polo-6v2-6v5-caddy-2k-seat-cordoba-1-2-ibiza-2-inca-6k-bremskraftstoffverstaerker-nos-6k1612107f\/"]}]},{"@type":"ImageObject","inLanguage":"de-AT","@id":"https:\/\/audi-klaus.at\/shop\/produkt\/vw-polo-6v2-6v5-caddy-2k-seat-cordoba-1-2-ibiza-2-inca-6k-bremskraftstoffverstaerker-nos-6k1612107f\/#primaryimage","url":"https:\/\/audi-klaus.at\/shop\/wp-content\/uploads\/2024\/09\/B293-1.jpg","contentUrl":"https:\/\/audi-klaus.at\/shop\/wp-content\/uploads\/2024\/09\/B293-1.jpg","width":480,"height":480},{"@type":"BreadcrumbList","@id":"https:\/\/audi-klaus.at\/shop\/produkt\/vw-polo-6v2-6v5-caddy-2k-seat-cordoba-1-2-ibiza-2-inca-6k-bremskraftstoffverstaerker-nos-6k1612107f\/#breadcrumb","itemListElement":[{"@type":"ListItem","position":1,"name":"Startseite","item":"https:\/\/audi-klaus.at\/shop\/"},{"@type":"ListItem","position":2,"name":"Shop","item":"https:\/\/audi-klaus.at\/shop\/"},{"@type":"ListItem","position":3,"name":"Vw Polo\/6V2\/6V5\/Caddy\/2K\/Seat Cordoba\/1\/2\/Ibiza\/2\/Inca\/6K Bremskraftstoffverst\u00e4rker NOS 6K1612107F"}]},{"@type":"WebSite","@id":"https:\/\/audi-klaus.at\/shop\/#website","url":"https:\/\/audi-klaus.at\/shop\/","name":"Audi-Klaus","description":"Ihr Gebrauchtteile Spezialist f\u00fcr die Marken Audi, VW (VAG)","publisher":{"@id":"https:\/\/audi-klaus.at\/shop\/#organization"},"potentialAction":[{"@type":"SearchAction","target":{"@type":"EntryPoint","urlTemplate":"https:\/\/audi-klaus.at\/shop\/?s={search_term_string}"},"query-input":{"@type":"PropertyValueSpecification","valueRequired":true,"valueName":"search_term_string"}}],"inLanguage":"de-AT"},{"@type":"Organization","@id":"https:\/\/audi-klaus.at\/shop\/#organization","name":"Audi-Klaus","url":"https:\/\/audi-klaus.at\/shop\/","logo":{"@type":"ImageObject","inLanguage":"de-AT","@id":"https:\/\/audi-klaus.at\/shop\/#\/schema\/logo\/image\/","url":"https:\/\/audi-klaus.at\/shop\/wp-content\/uploads\/2024\/10\/Logo-Shop.webp","contentUrl":"https:\/\/audi-klaus.at\/shop\/wp-content\/uploads\/2024\/10\/Logo-Shop.webp","width":470,"height":164,"caption":"Audi-Klaus"},"image":{"@id":"https:\/\/audi-klaus.at\/shop\/#\/schema\/logo\/image\/"},"sameAs":["https:\/\/www.facebook.com\/audi.klaus.1312\/","https:\/\/www.instagram.com\/audi_klaus\/?igshid=1eca3qu2mdayg"]}]}},"_links":{"self":[{"href":"https:\/\/audi-klaus.at\/shop\/wp-json\/wp\/v2\/product\/80041","targetHints":{"allow":["GET"]}}],"collection":[{"href":"https:\/\/audi-klaus.at\/shop\/wp-json\/wp\/v2\/product"}],"about":[{"href":"https:\/\/audi-klaus.at\/shop\/wp-json\/wp\/v2\/types\/product"}],"wp:featuredmedia":[{"embeddable":true,"href":"https:\/\/audi-klaus.at\/shop\/wp-json\/wp\/v2\/media\/79989"}],"wp:attachment":[{"href":"https:\/\/audi-klaus.at\/shop\/wp-json\/wp\/v2\/media?parent=80041"}],"wp:term":[{"taxonomy":"product_brand","embeddable":true,"href":"https:\/\/audi-klaus.at\/shop\/wp-json\/wp\/v2\/product_brand?post=80041"},{"taxonomy":"product_cat","embeddable":true,"href":"https:\/\/audi-klaus.at\/shop\/wp-json\/wp\/v2\/product_cat?post=80041"},{"taxonomy":"product_tag","embeddable":true,"href":"https:\/\/audi-klaus.at\/shop\/wp-json\/wp\/v2\/product_tag?post=80041"}],"curies":[{"name":"wp","href":"https:\/\/api.w.org\/{rel}","templated":true}]}}