{"id":76706,"date":"2024-06-26T12:54:20","date_gmt":"2024-06-26T10:54:20","guid":{"rendered":"https:\/\/audi-klaus.at\/shop\/?post_type=product&#038;p=76706"},"modified":"2026-01-07T22:53:07","modified_gmt":"2026-01-07T21:53:07","slug":"audi-a3-s3-8l-a4-s4-b5-a6-s6-4b-a8-4d-schalter-nos-8d0959985","status":"publish","type":"product","link":"https:\/\/audi-klaus.at\/shop\/produkt\/audi-a3-s3-8l-a4-s4-b5-a6-s6-4b-a8-4d-schalter-nos-8d0959985\/","title":{"rendered":"Audi A3\/S3\/8L\/A4\/S4\/B5\/A6\/S6\/4B\/A8\/4D Schalter NOS 8D0959985"},"content":{"rendered":"<h5 class=\"western\"><span style=\"font-size: small;\"><span style=\"color: #060606;\"><span style=\"font-family: Verdana, serif;\"><b>VAG Teilenummer<\/b><\/span><\/span><span style=\"color: #060606;\"><span style=\"font-family: Verdana, serif;\">: 8D0 959 985<\/span><\/span><\/span><\/h5>\n<h5 class=\"western\"><span style=\"font-size: small;\"><span style=\"color: #060606;\"><span style=\"font-family: Verdana, serif;\"><b>Zustand:<\/b><\/span><\/span><span style=\"color: #060606;\"><span style=\"font-family: Verdana, serif;\">\u00a0<\/span><\/span><span style=\"color: #060606;\"><span style=\"font-family: Verdana, serif;\"><span lang=\"de-DE\">NOS (kann Lagerspuren aufweisen<\/span><\/span><\/span><span style=\"color: #060606;\"><span style=\"font-family: Verdana, serif;\"><span lang=\"de-DE\">)<\/span><\/span><\/span><\/span><\/h5>\n<h5 class=\"western\"><span style=\"color: #060606;\"><span style=\"font-family: Verdana, serif;\"><span style=\"font-size: small;\"><b>Lieferumfang:<\/b><\/span><\/span><\/span><span style=\"color: #060606;\"><span style=\"font-family: Verdana, serif;\"><span style=\"font-size: small;\">\u00a0wie in den Original-Abbildungen angegeben<\/span><\/span><\/span><\/h5>\n<h5 class=\"western\"><span style=\"color: #060606;\"><span style=\"font-family: Verdana, serif;\"><span style=\"font-size: small;\"><b>Hinweis:<\/b><\/span><\/span><\/span><span style=\"color: #060606;\"><span style=\"font-family: Verdana, serif;\"><span style=\"font-size: small;\">\u00a0Bitte \u00fcberpr\u00fcfen Sie vor dem Kauf anhand der eindeutigen Teilenummern, ob der Artikel zum Fahrzeug passt, um R\u00fccksendungen zu vermeiden! Trotz Angabe der entsprechenden Fahrzeugdaten ist eine eindeutige Zuordnung nur \u00fcber die Teilenummer m\u00f6glich! Die abgelesene Teilenummer ist die Teilenummer des Teils, welches geliefert wird. Die Originalteilnummer ist diejenige, die bei Neubestellung f\u00fcr dieses Teil gilt und der m\u00f6glicherweise abweichenden, gelieferten Teilenummer entspricht. <\/span><\/span><\/span><\/h5>\n<h5 class=\"western\"><span style=\"color: #060606;\"><span style=\"font-family: Verdana, serif;\"><span style=\"font-size: small;\"><span lang=\"de-DE\">Neu<\/span><\/span><\/span><\/span><span style=\"color: #060606;\"><span style=\"font-family: Verdana, serif;\"><span style=\"font-size: small;\"> mit Gebrauchsspuren in Form von Verunreinigungen\/ kleinen Kratzern m\u00f6glich. Die Ware wird ungereinigt geliefert.<\/span><\/span><\/span><\/h5>\n<h5 class=\"western\"><span style=\"color: #060606;\"><span style=\"font-family: Verdana, serif;\"><span style=\"font-size: small;\">Sollten weitere Fragen offen sein, kontaktieren Sie uns bitte unter<\/span><\/span><\/span><span style=\"color: #060606;\"><span style=\"font-family: Verdana, serif;\"><span style=\"font-size: small;\"><u>\u00a0<\/u><\/span><\/span><\/span><a href=\"mailto:office@audi-klaus.at\"><span style=\"color: #0000ff;\"><span style=\"font-family: Verdana, serif;\"><span style=\"font-size: small;\"><u>office@audi-klaus.at<\/u><\/span><\/span><\/span><\/a><\/h5>\n","protected":false},"excerpt":{"rendered":"<h5 class=\"western\"><strong><span style=\"color: #000000;\"><span style=\"font-family: Source Sans Pro, serif;\"><span style=\"font-size: x-large;\">Marke: Audi<br \/>\nModell: A3\/S3\/A4\/S4\/A6\/S6\/A8<br \/>\nTyp: 8L\/B5\/4B\/4D<\/span><\/span><\/span><\/strong><\/h5>\n","protected":false},"featured_media":76686,"template":"","meta":[],"product_brand":[],"product_cat":[642,370,643,372,648,374,652,453,659,464,683,497,723,510,804,587,949,607,991,32,641,369],"product_tag":[27533,27532],"class_list":{"0":"post-76706","1":"product","2":"type-product","3":"status-publish","4":"has-post-thumbnail","6":"product_cat-s4","7":"product_cat-a4","8":"product_cat-s6","9":"product_cat-a6","10":"product_cat-8l","11":"product_cat-a8","12":"product_cat-b5","13":"product_cat-8l-1996-2003","14":"product_cat-c5-4b","15":"product_cat-elektrik-8l-1996-2003","16":"product_cat-elektrik-8l","17":"product_cat-b5-1994-2001","18":"product_cat-elektrik-b5","19":"product_cat-elektrik-b5-1994-2001","20":"product_cat-elektrik-c5","21":"product_cat-c5-4b-1997-2005","22":"product_cat-d2-4d-1994-2002","23":"product_cat-elektrik-c5-1997-2005","24":"product_cat-elektrik-d2-1994-2002","25":"product_cat-audi","26":"product_cat-s3","27":"product_cat-a3","28":"product_tag-s477","29":"product_tag-8d0959985","31":"first","32":"instock","33":"taxable","34":"shipping-taxable","35":"purchasable","36":"product-type-simple"},"yoast_head":"<!-- This site is optimized with the Yoast SEO plugin v27.3 - https:\/\/yoast.com\/product\/yoast-seo-wordpress\/ -->\n<title>Audi A3\/S3\/8L\/A4\/S4\/B5\/A6\/S6\/4B\/A8\/4D Schalter NOS 8D0959985 - Audi-Klaus<\/title>\n<meta name=\"description\" content=\"Audi-Klaus Audi A3\/S3\/8L\/A4\/S4\/B5\/A6\/S6\/4B\/A8\/4D Schalter NOS 8D0959985 Audi A3\/S3\/8L\/A4\/S4\/B5\/A6\/S6\/4B\/A8\/4D Schalter NOS 8D0959985\" \/>\n<meta name=\"robots\" content=\"index, follow, max-snippet:-1, max-image-preview:large, max-video-preview:-1\" \/>\n<link rel=\"canonical\" href=\"https:\/\/audi-klaus.at\/shop\/produkt\/audi-a3-s3-8l-a4-s4-b5-a6-s6-4b-a8-4d-schalter-nos-8d0959985\/\" \/>\n<meta property=\"og:locale\" content=\"de_DE\" \/>\n<meta property=\"og:type\" content=\"article\" \/>\n<meta property=\"og:title\" content=\"Audi A3\/S3\/8L\/A4\/S4\/B5\/A6\/S6\/4B\/A8\/4D Schalter NOS 8D0959985 - Audi-Klaus\" \/>\n<meta property=\"og:description\" content=\"Audi-Klaus Audi A3\/S3\/8L\/A4\/S4\/B5\/A6\/S6\/4B\/A8\/4D Schalter NOS 8D0959985 Audi A3\/S3\/8L\/A4\/S4\/B5\/A6\/S6\/4B\/A8\/4D Schalter NOS 8D0959985\" \/>\n<meta property=\"og:url\" content=\"https:\/\/audi-klaus.at\/shop\/produkt\/audi-a3-s3-8l-a4-s4-b5-a6-s6-4b-a8-4d-schalter-nos-8d0959985\/\" \/>\n<meta property=\"og:site_name\" content=\"Audi-Klaus\" \/>\n<meta property=\"article:publisher\" content=\"https:\/\/www.facebook.com\/audi.klaus.1312\/\" \/>\n<meta property=\"article:modified_time\" content=\"2026-01-07T21:53:07+00:00\" \/>\n<meta property=\"og:image\" content=\"https:\/\/audi-klaus.at\/shop\/wp-content\/uploads\/2024\/06\/S477.jpg\" \/>\n\t<meta property=\"og:image:width\" content=\"480\" \/>\n\t<meta property=\"og:image:height\" content=\"480\" \/>\n\t<meta property=\"og:image:type\" content=\"image\/jpeg\" \/>\n<meta name=\"twitter:card\" content=\"summary_large_image\" \/>\n<meta name=\"twitter:label1\" content=\"Gesch\u00e4tzte Lesezeit\" \/>\n\t<meta name=\"twitter:data1\" content=\"1 Minute\" \/>\n<script type=\"application\/ld+json\" class=\"yoast-schema-graph\">{\"@context\":\"https:\\\/\\\/schema.org\",\"@graph\":[{\"@type\":\"WebPage\",\"@id\":\"https:\\\/\\\/audi-klaus.at\\\/shop\\\/produkt\\\/audi-a3-s3-8l-a4-s4-b5-a6-s6-4b-a8-4d-schalter-nos-8d0959985\\\/\",\"url\":\"https:\\\/\\\/audi-klaus.at\\\/shop\\\/produkt\\\/audi-a3-s3-8l-a4-s4-b5-a6-s6-4b-a8-4d-schalter-nos-8d0959985\\\/\",\"name\":\"Audi A3\\\/S3\\\/8L\\\/A4\\\/S4\\\/B5\\\/A6\\\/S6\\\/4B\\\/A8\\\/4D Schalter NOS 8D0959985 - Audi-Klaus\",\"isPartOf\":{\"@id\":\"https:\\\/\\\/audi-klaus.at\\\/shop\\\/#website\"},\"primaryImageOfPage\":{\"@id\":\"https:\\\/\\\/audi-klaus.at\\\/shop\\\/produkt\\\/audi-a3-s3-8l-a4-s4-b5-a6-s6-4b-a8-4d-schalter-nos-8d0959985\\\/#primaryimage\"},\"image\":{\"@id\":\"https:\\\/\\\/audi-klaus.at\\\/shop\\\/produkt\\\/audi-a3-s3-8l-a4-s4-b5-a6-s6-4b-a8-4d-schalter-nos-8d0959985\\\/#primaryimage\"},\"thumbnailUrl\":\"https:\\\/\\\/audi-klaus.at\\\/shop\\\/wp-content\\\/uploads\\\/2024\\\/06\\\/S477.jpg\",\"datePublished\":\"2024-06-26T10:54:20+00:00\",\"dateModified\":\"2026-01-07T21:53:07+00:00\",\"description\":\"Audi-Klaus Audi A3\\\/S3\\\/8L\\\/A4\\\/S4\\\/B5\\\/A6\\\/S6\\\/4B\\\/A8\\\/4D Schalter NOS 8D0959985 Audi A3\\\/S3\\\/8L\\\/A4\\\/S4\\\/B5\\\/A6\\\/S6\\\/4B\\\/A8\\\/4D Schalter NOS 8D0959985\",\"breadcrumb\":{\"@id\":\"https:\\\/\\\/audi-klaus.at\\\/shop\\\/produkt\\\/audi-a3-s3-8l-a4-s4-b5-a6-s6-4b-a8-4d-schalter-nos-8d0959985\\\/#breadcrumb\"},\"inLanguage\":\"de-AT\",\"potentialAction\":[{\"@type\":\"ReadAction\",\"target\":[\"https:\\\/\\\/audi-klaus.at\\\/shop\\\/produkt\\\/audi-a3-s3-8l-a4-s4-b5-a6-s6-4b-a8-4d-schalter-nos-8d0959985\\\/\"]}]},{\"@type\":\"ImageObject\",\"inLanguage\":\"de-AT\",\"@id\":\"https:\\\/\\\/audi-klaus.at\\\/shop\\\/produkt\\\/audi-a3-s3-8l-a4-s4-b5-a6-s6-4b-a8-4d-schalter-nos-8d0959985\\\/#primaryimage\",\"url\":\"https:\\\/\\\/audi-klaus.at\\\/shop\\\/wp-content\\\/uploads\\\/2024\\\/06\\\/S477.jpg\",\"contentUrl\":\"https:\\\/\\\/audi-klaus.at\\\/shop\\\/wp-content\\\/uploads\\\/2024\\\/06\\\/S477.jpg\",\"width\":480,\"height\":480},{\"@type\":\"BreadcrumbList\",\"@id\":\"https:\\\/\\\/audi-klaus.at\\\/shop\\\/produkt\\\/audi-a3-s3-8l-a4-s4-b5-a6-s6-4b-a8-4d-schalter-nos-8d0959985\\\/#breadcrumb\",\"itemListElement\":[{\"@type\":\"ListItem\",\"position\":1,\"name\":\"Startseite\",\"item\":\"https:\\\/\\\/audi-klaus.at\\\/shop\\\/\"},{\"@type\":\"ListItem\",\"position\":2,\"name\":\"Shop\",\"item\":\"https:\\\/\\\/audi-klaus.at\\\/shop\\\/\"},{\"@type\":\"ListItem\",\"position\":3,\"name\":\"Audi A3\\\/S3\\\/8L\\\/A4\\\/S4\\\/B5\\\/A6\\\/S6\\\/4B\\\/A8\\\/4D Schalter NOS 8D0959985\"}]},{\"@type\":\"WebSite\",\"@id\":\"https:\\\/\\\/audi-klaus.at\\\/shop\\\/#website\",\"url\":\"https:\\\/\\\/audi-klaus.at\\\/shop\\\/\",\"name\":\"Audi-Klaus\",\"description\":\"Ihr Gebrauchtteile Spezialist f\u00fcr die Marken Audi, VW (VAG)\",\"publisher\":{\"@id\":\"https:\\\/\\\/audi-klaus.at\\\/shop\\\/#organization\"},\"potentialAction\":[{\"@type\":\"SearchAction\",\"target\":{\"@type\":\"EntryPoint\",\"urlTemplate\":\"https:\\\/\\\/audi-klaus.at\\\/shop\\\/?s={search_term_string}\"},\"query-input\":{\"@type\":\"PropertyValueSpecification\",\"valueRequired\":true,\"valueName\":\"search_term_string\"}}],\"inLanguage\":\"de-AT\"},{\"@type\":\"Organization\",\"@id\":\"https:\\\/\\\/audi-klaus.at\\\/shop\\\/#organization\",\"name\":\"Audi-Klaus\",\"url\":\"https:\\\/\\\/audi-klaus.at\\\/shop\\\/\",\"logo\":{\"@type\":\"ImageObject\",\"inLanguage\":\"de-AT\",\"@id\":\"https:\\\/\\\/audi-klaus.at\\\/shop\\\/#\\\/schema\\\/logo\\\/image\\\/\",\"url\":\"https:\\\/\\\/audi-klaus.at\\\/shop\\\/wp-content\\\/uploads\\\/2024\\\/10\\\/Logo-Shop.webp\",\"contentUrl\":\"https:\\\/\\\/audi-klaus.at\\\/shop\\\/wp-content\\\/uploads\\\/2024\\\/10\\\/Logo-Shop.webp\",\"width\":470,\"height\":164,\"caption\":\"Audi-Klaus\"},\"image\":{\"@id\":\"https:\\\/\\\/audi-klaus.at\\\/shop\\\/#\\\/schema\\\/logo\\\/image\\\/\"},\"sameAs\":[\"https:\\\/\\\/www.facebook.com\\\/audi.klaus.1312\\\/\",\"https:\\\/\\\/www.instagram.com\\\/audi_klaus\\\/?igshid=1eca3qu2mdayg\"]}]}<\/script>\n<!-- \/ Yoast SEO plugin. -->","yoast_head_json":{"title":"Audi A3\/S3\/8L\/A4\/S4\/B5\/A6\/S6\/4B\/A8\/4D Schalter NOS 8D0959985 - Audi-Klaus","description":"Audi-Klaus Audi A3\/S3\/8L\/A4\/S4\/B5\/A6\/S6\/4B\/A8\/4D Schalter NOS 8D0959985 Audi A3\/S3\/8L\/A4\/S4\/B5\/A6\/S6\/4B\/A8\/4D Schalter NOS 8D0959985","robots":{"index":"index","follow":"follow","max-snippet":"max-snippet:-1","max-image-preview":"max-image-preview:large","max-video-preview":"max-video-preview:-1"},"canonical":"https:\/\/audi-klaus.at\/shop\/produkt\/audi-a3-s3-8l-a4-s4-b5-a6-s6-4b-a8-4d-schalter-nos-8d0959985\/","og_locale":"de_DE","og_type":"article","og_title":"Audi A3\/S3\/8L\/A4\/S4\/B5\/A6\/S6\/4B\/A8\/4D Schalter NOS 8D0959985 - Audi-Klaus","og_description":"Audi-Klaus Audi A3\/S3\/8L\/A4\/S4\/B5\/A6\/S6\/4B\/A8\/4D Schalter NOS 8D0959985 Audi A3\/S3\/8L\/A4\/S4\/B5\/A6\/S6\/4B\/A8\/4D Schalter NOS 8D0959985","og_url":"https:\/\/audi-klaus.at\/shop\/produkt\/audi-a3-s3-8l-a4-s4-b5-a6-s6-4b-a8-4d-schalter-nos-8d0959985\/","og_site_name":"Audi-Klaus","article_publisher":"https:\/\/www.facebook.com\/audi.klaus.1312\/","article_modified_time":"2026-01-07T21:53:07+00:00","og_image":[{"width":480,"height":480,"url":"https:\/\/audi-klaus.at\/shop\/wp-content\/uploads\/2024\/06\/S477.jpg","type":"image\/jpeg"}],"twitter_card":"summary_large_image","twitter_misc":{"Gesch\u00e4tzte Lesezeit":"1 Minute"},"schema":{"@context":"https:\/\/schema.org","@graph":[{"@type":"WebPage","@id":"https:\/\/audi-klaus.at\/shop\/produkt\/audi-a3-s3-8l-a4-s4-b5-a6-s6-4b-a8-4d-schalter-nos-8d0959985\/","url":"https:\/\/audi-klaus.at\/shop\/produkt\/audi-a3-s3-8l-a4-s4-b5-a6-s6-4b-a8-4d-schalter-nos-8d0959985\/","name":"Audi A3\/S3\/8L\/A4\/S4\/B5\/A6\/S6\/4B\/A8\/4D Schalter NOS 8D0959985 - Audi-Klaus","isPartOf":{"@id":"https:\/\/audi-klaus.at\/shop\/#website"},"primaryImageOfPage":{"@id":"https:\/\/audi-klaus.at\/shop\/produkt\/audi-a3-s3-8l-a4-s4-b5-a6-s6-4b-a8-4d-schalter-nos-8d0959985\/#primaryimage"},"image":{"@id":"https:\/\/audi-klaus.at\/shop\/produkt\/audi-a3-s3-8l-a4-s4-b5-a6-s6-4b-a8-4d-schalter-nos-8d0959985\/#primaryimage"},"thumbnailUrl":"https:\/\/audi-klaus.at\/shop\/wp-content\/uploads\/2024\/06\/S477.jpg","datePublished":"2024-06-26T10:54:20+00:00","dateModified":"2026-01-07T21:53:07+00:00","description":"Audi-Klaus Audi A3\/S3\/8L\/A4\/S4\/B5\/A6\/S6\/4B\/A8\/4D Schalter NOS 8D0959985 Audi A3\/S3\/8L\/A4\/S4\/B5\/A6\/S6\/4B\/A8\/4D Schalter NOS 8D0959985","breadcrumb":{"@id":"https:\/\/audi-klaus.at\/shop\/produkt\/audi-a3-s3-8l-a4-s4-b5-a6-s6-4b-a8-4d-schalter-nos-8d0959985\/#breadcrumb"},"inLanguage":"de-AT","potentialAction":[{"@type":"ReadAction","target":["https:\/\/audi-klaus.at\/shop\/produkt\/audi-a3-s3-8l-a4-s4-b5-a6-s6-4b-a8-4d-schalter-nos-8d0959985\/"]}]},{"@type":"ImageObject","inLanguage":"de-AT","@id":"https:\/\/audi-klaus.at\/shop\/produkt\/audi-a3-s3-8l-a4-s4-b5-a6-s6-4b-a8-4d-schalter-nos-8d0959985\/#primaryimage","url":"https:\/\/audi-klaus.at\/shop\/wp-content\/uploads\/2024\/06\/S477.jpg","contentUrl":"https:\/\/audi-klaus.at\/shop\/wp-content\/uploads\/2024\/06\/S477.jpg","width":480,"height":480},{"@type":"BreadcrumbList","@id":"https:\/\/audi-klaus.at\/shop\/produkt\/audi-a3-s3-8l-a4-s4-b5-a6-s6-4b-a8-4d-schalter-nos-8d0959985\/#breadcrumb","itemListElement":[{"@type":"ListItem","position":1,"name":"Startseite","item":"https:\/\/audi-klaus.at\/shop\/"},{"@type":"ListItem","position":2,"name":"Shop","item":"https:\/\/audi-klaus.at\/shop\/"},{"@type":"ListItem","position":3,"name":"Audi A3\/S3\/8L\/A4\/S4\/B5\/A6\/S6\/4B\/A8\/4D Schalter NOS 8D0959985"}]},{"@type":"WebSite","@id":"https:\/\/audi-klaus.at\/shop\/#website","url":"https:\/\/audi-klaus.at\/shop\/","name":"Audi-Klaus","description":"Ihr Gebrauchtteile Spezialist f\u00fcr die Marken Audi, VW (VAG)","publisher":{"@id":"https:\/\/audi-klaus.at\/shop\/#organization"},"potentialAction":[{"@type":"SearchAction","target":{"@type":"EntryPoint","urlTemplate":"https:\/\/audi-klaus.at\/shop\/?s={search_term_string}"},"query-input":{"@type":"PropertyValueSpecification","valueRequired":true,"valueName":"search_term_string"}}],"inLanguage":"de-AT"},{"@type":"Organization","@id":"https:\/\/audi-klaus.at\/shop\/#organization","name":"Audi-Klaus","url":"https:\/\/audi-klaus.at\/shop\/","logo":{"@type":"ImageObject","inLanguage":"de-AT","@id":"https:\/\/audi-klaus.at\/shop\/#\/schema\/logo\/image\/","url":"https:\/\/audi-klaus.at\/shop\/wp-content\/uploads\/2024\/10\/Logo-Shop.webp","contentUrl":"https:\/\/audi-klaus.at\/shop\/wp-content\/uploads\/2024\/10\/Logo-Shop.webp","width":470,"height":164,"caption":"Audi-Klaus"},"image":{"@id":"https:\/\/audi-klaus.at\/shop\/#\/schema\/logo\/image\/"},"sameAs":["https:\/\/www.facebook.com\/audi.klaus.1312\/","https:\/\/www.instagram.com\/audi_klaus\/?igshid=1eca3qu2mdayg"]}]}},"_links":{"self":[{"href":"https:\/\/audi-klaus.at\/shop\/wp-json\/wp\/v2\/product\/76706","targetHints":{"allow":["GET"]}}],"collection":[{"href":"https:\/\/audi-klaus.at\/shop\/wp-json\/wp\/v2\/product"}],"about":[{"href":"https:\/\/audi-klaus.at\/shop\/wp-json\/wp\/v2\/types\/product"}],"wp:featuredmedia":[{"embeddable":true,"href":"https:\/\/audi-klaus.at\/shop\/wp-json\/wp\/v2\/media\/76686"}],"wp:attachment":[{"href":"https:\/\/audi-klaus.at\/shop\/wp-json\/wp\/v2\/media?parent=76706"}],"wp:term":[{"taxonomy":"product_brand","embeddable":true,"href":"https:\/\/audi-klaus.at\/shop\/wp-json\/wp\/v2\/product_brand?post=76706"},{"taxonomy":"product_cat","embeddable":true,"href":"https:\/\/audi-klaus.at\/shop\/wp-json\/wp\/v2\/product_cat?post=76706"},{"taxonomy":"product_tag","embeddable":true,"href":"https:\/\/audi-klaus.at\/shop\/wp-json\/wp\/v2\/product_tag?post=76706"}],"curies":[{"name":"wp","href":"https:\/\/api.w.org\/{rel}","templated":true}]}}