{"id":7492,"date":"2021-11-28T19:03:06","date_gmt":"2021-11-28T18:03:06","guid":{"rendered":"http:\/\/audi-klaus.at.server171-han.server-routing.com\/shop\/?post_type=product&#038;p=7492"},"modified":"2026-04-09T13:31:47","modified_gmt":"2026-04-09T11:31:47","slug":"vw-golf-jetta-caddy-1-2-3-4-corrado-bus-t1-t2-t3-tuerfolie-neu-3a0867201h","status":"publish","type":"product","link":"https:\/\/audi-klaus.at\/shop\/produkt\/vw-golf-jetta-caddy-1-2-3-4-corrado-bus-t1-t2-t3-tuerfolie-neu-3a0867201h\/","title":{"rendered":"VW Golf\/Jetta\/Caddy\/1\/2\/3\/4\/Corrado\/Bus\/T1\/T2\/T3 T\u00fcrfolie NOS 3A0867201H"},"content":{"rendered":"<h6 class=\"western\"><span style=\"font-size: 12pt;\"><span style=\"color: #060606;\"><span style=\"font-family: Verdana, serif;\"><b>VAG Teilenummer<\/b><\/span><\/span><span style=\"color: #060606;\"><span style=\"font-family: Verdana, serif;\">: 3A0 867 201H<\/span><\/span><\/span><\/h6>\n<h6 class=\"western\"><span style=\"font-size: 12pt;\"><span style=\"color: #060606;\"><span style=\"font-family: Verdana, serif;\"><b>Zustand:<\/b><\/span><\/span><span style=\"color: #060606;\"><span style=\"font-family: Verdana, serif;\">\u00a0 <\/span><\/span><span style=\"color: #060606;\"><span style=\"font-family: Verdana, serif;\"><span lang=\"de-DE\">Gebraucht<\/span><\/span><\/span><\/span><\/h6>\n<h6 class=\"western\"><span style=\"font-size: 12pt;\"><span style=\"color: #060606;\"><span style=\"font-family: Verdana, serif;\"><b>Lieferumfang:<\/b><\/span><\/span><span style=\"color: #060606;\"><span style=\"font-family: Verdana, serif;\">\u00a0wie in den Original-Abbildungen angegeben<\/span><\/span><\/span><\/h6>\n<h6 class=\"western\"><span style=\"font-size: 12pt;\"><span style=\"color: #060606;\"><span style=\"font-family: Verdana, serif;\"><b>Hinweis:<\/b><\/span><\/span><span style=\"color: #060606;\"><span style=\"font-family: Verdana, serif;\">\u00a0Bitte \u00fcberpr\u00fcfen Sie vor dem Kauf anhand der eindeutigen Teilenummern, ob der Artikel zum Fahrzeug passt, um R\u00fccksendungen zu vermeiden! Trotz Angabe der entsprechenden Fahrzeugdaten ist eine eindeutige Zuordnung nur \u00fcber die Teilenummer m\u00f6glich! Die abgelesene Teilenummer ist die Teilenummer des Teils, welches geliefert wird. Die Originalteilnummer ist diejenige, die bei Neubestellung f\u00fcr dieses Teil gilt und der m\u00f6glicherweise abweichenden, gelieferten Teilenummer entspricht. Sollten weitere Fragen offen sein, kontaktieren Sie uns bitte unter\u00a0<\/span><\/span><a href=\"mailto:office@audi-klaus.at\"><span style=\"color: #0000ff;\"><span style=\"font-family: Verdana, serif;\"><u>office@audi-klaus.at<\/u><\/span><\/span><\/a><\/span><\/h6>\n<h6 class=\"western\"><\/h6>\n","protected":false},"excerpt":{"rendered":"<h5><strong><span style=\"font-size: 18pt;\">Marke: VW<\/span><\/strong><\/h5>\n<h5><strong><span style=\"font-size: 18pt;\">Modell: Corrado\/Caddy\/Golf\/Bus<\/span><\/strong><\/h5>\n<h5><strong><span style=\"font-size: 18pt;\">Typ: 1\/2\/3\/4\/T1\/T2\/T3<\/span><\/strong><\/h5>\n","protected":false},"featured_media":2108,"template":"","meta":[],"product_brand":[],"product_cat":[1214,1440,1171,1241,1480,1180,1253,1761,1186,1254,1881,1193,1255,1891,1194,1268,1901,1195,1278,1196,1288,1164,1204,1298,1165,1205,1380,1167,1210,1390,1169],"product_tag":[4178,4179],"class_list":{"0":"post-7492","1":"product","2":"type-product","3":"status-publish","4":"has-post-thumbnail","6":"product_cat-53i-1988-1995","7":"product_cat-innenraum-1j2-1998-2013","8":"product_cat-corrado","9":"product_cat-1-14d-1978-1992","10":"product_cat-innenraum-53i-1988-1995","11":"product_cat-caddy","12":"product_cat-t1-1950-1967","13":"product_cat-innenraum-1-14d-1978-1992","14":"product_cat-bus","15":"product_cat-t2-211-1967-1979","16":"product_cat-innenraum-t1-1950-1967","17":"product_cat-1-171-1974-1985","18":"product_cat-t3-251-1979-1992","19":"product_cat-innenraum-t2-211-1967-1979","20":"product_cat-2-191-1983-1992","21":"product_cat-innenraum-1-171-1974-1985","22":"product_cat-innenraum-t3-251-1979-1992","23":"product_cat-3-1h-1990-1998","24":"product_cat-innenraum-2-191-1983-1992","25":"product_cat-4-1j-1997-2007","26":"product_cat-innenraum-3-1h-1990-1998","27":"product_cat-vw","28":"product_cat-1-161-1978-1987","29":"product_cat-innenraum-4-1j-1997-2007","30":"product_cat-golf","31":"product_cat-2-165-1983-1992","32":"product_cat-innenraum-1-161-1978-1987","33":"product_cat-jetta","34":"product_cat-1j2-1998-2013","35":"product_cat-innenraum-2-165-1983-1992","36":"product_cat-bora","37":"product_tag-3a0867201h","38":"product_tag-3a0867201","40":"first","41":"instock","42":"taxable","43":"shipping-taxable","44":"purchasable","45":"product-type-simple"},"yoast_head":"<!-- This site is optimized with the Yoast SEO plugin v27.3 - https:\/\/yoast.com\/product\/yoast-seo-wordpress\/ -->\n<title>VW Golf\/Jetta\/Caddy\/1\/2\/3\/4\/Corrado\/Bus\/T1\/T2\/T3 T\u00fcrfolie NOS 3A0867201H - Audi-Klaus<\/title>\n<meta name=\"description\" content=\"VW Golf\/Jetta\/Caddy\/1\/2\/3\/4\/Corrado\/Bus\/T1\/T2\/T3 T\u00fcrfolie NOS 3A0867201H VW Golf\/Jetta\/Caddy\/1\/2\/3\/4\/Corrado\/Bus\/T1\/T2\/T3 T\u00fcrfolie NOS 3A0867201H\" \/>\n<meta name=\"robots\" content=\"index, follow, max-snippet:-1, max-image-preview:large, max-video-preview:-1\" \/>\n<link rel=\"canonical\" href=\"https:\/\/audi-klaus.at\/shop\/produkt\/vw-golf-jetta-caddy-1-2-3-4-corrado-bus-t1-t2-t3-tuerfolie-neu-3a0867201h\/\" \/>\n<meta property=\"og:locale\" content=\"de_DE\" \/>\n<meta property=\"og:type\" content=\"article\" \/>\n<meta property=\"og:title\" content=\"VW Golf\/Jetta\/Caddy\/1\/2\/3\/4\/Corrado\/Bus\/T1\/T2\/T3 T\u00fcrfolie NOS 3A0867201H - Audi-Klaus\" \/>\n<meta property=\"og:description\" content=\"VW Golf\/Jetta\/Caddy\/1\/2\/3\/4\/Corrado\/Bus\/T1\/T2\/T3 T\u00fcrfolie NOS 3A0867201H VW Golf\/Jetta\/Caddy\/1\/2\/3\/4\/Corrado\/Bus\/T1\/T2\/T3 T\u00fcrfolie NOS 3A0867201H\" \/>\n<meta property=\"og:url\" content=\"https:\/\/audi-klaus.at\/shop\/produkt\/vw-golf-jetta-caddy-1-2-3-4-corrado-bus-t1-t2-t3-tuerfolie-neu-3a0867201h\/\" \/>\n<meta property=\"og:site_name\" content=\"Audi-Klaus\" \/>\n<meta property=\"article:publisher\" content=\"https:\/\/www.facebook.com\/audi.klaus.1312\/\" \/>\n<meta property=\"article:modified_time\" content=\"2026-04-09T11:31:47+00:00\" \/>\n<meta property=\"og:image\" content=\"https:\/\/audi-klaus.at\/shop\/wp-content\/uploads\/2021\/11\/IA405-2.jpg\" \/>\n\t<meta property=\"og:image:width\" content=\"627\" \/>\n\t<meta property=\"og:image:height\" content=\"372\" \/>\n\t<meta property=\"og:image:type\" content=\"image\/jpeg\" \/>\n<meta name=\"twitter:card\" content=\"summary_large_image\" \/>\n<meta name=\"twitter:label1\" content=\"Gesch\u00e4tzte Lesezeit\" \/>\n\t<meta name=\"twitter:data1\" content=\"1 Minute\" \/>\n<script type=\"application\/ld+json\" class=\"yoast-schema-graph\">{\"@context\":\"https:\\\/\\\/schema.org\",\"@graph\":[{\"@type\":\"WebPage\",\"@id\":\"https:\\\/\\\/audi-klaus.at\\\/shop\\\/produkt\\\/vw-golf-jetta-caddy-1-2-3-4-corrado-bus-t1-t2-t3-tuerfolie-neu-3a0867201h\\\/\",\"url\":\"https:\\\/\\\/audi-klaus.at\\\/shop\\\/produkt\\\/vw-golf-jetta-caddy-1-2-3-4-corrado-bus-t1-t2-t3-tuerfolie-neu-3a0867201h\\\/\",\"name\":\"VW Golf\\\/Jetta\\\/Caddy\\\/1\\\/2\\\/3\\\/4\\\/Corrado\\\/Bus\\\/T1\\\/T2\\\/T3 T\u00fcrfolie NOS 3A0867201H - Audi-Klaus\",\"isPartOf\":{\"@id\":\"https:\\\/\\\/audi-klaus.at\\\/shop\\\/#website\"},\"primaryImageOfPage\":{\"@id\":\"https:\\\/\\\/audi-klaus.at\\\/shop\\\/produkt\\\/vw-golf-jetta-caddy-1-2-3-4-corrado-bus-t1-t2-t3-tuerfolie-neu-3a0867201h\\\/#primaryimage\"},\"image\":{\"@id\":\"https:\\\/\\\/audi-klaus.at\\\/shop\\\/produkt\\\/vw-golf-jetta-caddy-1-2-3-4-corrado-bus-t1-t2-t3-tuerfolie-neu-3a0867201h\\\/#primaryimage\"},\"thumbnailUrl\":\"https:\\\/\\\/audi-klaus.at\\\/shop\\\/wp-content\\\/uploads\\\/2021\\\/11\\\/IA405-2.jpg\",\"datePublished\":\"2021-11-28T18:03:06+00:00\",\"dateModified\":\"2026-04-09T11:31:47+00:00\",\"description\":\"VW Golf\\\/Jetta\\\/Caddy\\\/1\\\/2\\\/3\\\/4\\\/Corrado\\\/Bus\\\/T1\\\/T2\\\/T3 T\u00fcrfolie NOS 3A0867201H VW Golf\\\/Jetta\\\/Caddy\\\/1\\\/2\\\/3\\\/4\\\/Corrado\\\/Bus\\\/T1\\\/T2\\\/T3 T\u00fcrfolie NOS 3A0867201H\",\"breadcrumb\":{\"@id\":\"https:\\\/\\\/audi-klaus.at\\\/shop\\\/produkt\\\/vw-golf-jetta-caddy-1-2-3-4-corrado-bus-t1-t2-t3-tuerfolie-neu-3a0867201h\\\/#breadcrumb\"},\"inLanguage\":\"de-AT\",\"potentialAction\":[{\"@type\":\"ReadAction\",\"target\":[\"https:\\\/\\\/audi-klaus.at\\\/shop\\\/produkt\\\/vw-golf-jetta-caddy-1-2-3-4-corrado-bus-t1-t2-t3-tuerfolie-neu-3a0867201h\\\/\"]}]},{\"@type\":\"ImageObject\",\"inLanguage\":\"de-AT\",\"@id\":\"https:\\\/\\\/audi-klaus.at\\\/shop\\\/produkt\\\/vw-golf-jetta-caddy-1-2-3-4-corrado-bus-t1-t2-t3-tuerfolie-neu-3a0867201h\\\/#primaryimage\",\"url\":\"https:\\\/\\\/audi-klaus.at\\\/shop\\\/wp-content\\\/uploads\\\/2021\\\/11\\\/IA405-2.jpg\",\"contentUrl\":\"https:\\\/\\\/audi-klaus.at\\\/shop\\\/wp-content\\\/uploads\\\/2021\\\/11\\\/IA405-2.jpg\",\"width\":627,\"height\":372},{\"@type\":\"BreadcrumbList\",\"@id\":\"https:\\\/\\\/audi-klaus.at\\\/shop\\\/produkt\\\/vw-golf-jetta-caddy-1-2-3-4-corrado-bus-t1-t2-t3-tuerfolie-neu-3a0867201h\\\/#breadcrumb\",\"itemListElement\":[{\"@type\":\"ListItem\",\"position\":1,\"name\":\"Startseite\",\"item\":\"https:\\\/\\\/audi-klaus.at\\\/shop\\\/\"},{\"@type\":\"ListItem\",\"position\":2,\"name\":\"Shop\",\"item\":\"https:\\\/\\\/audi-klaus.at\\\/shop\\\/\"},{\"@type\":\"ListItem\",\"position\":3,\"name\":\"VW Golf\\\/Jetta\\\/Caddy\\\/1\\\/2\\\/3\\\/4\\\/Corrado\\\/Bus\\\/T1\\\/T2\\\/T3 T\u00fcrfolie NOS 3A0867201H\"}]},{\"@type\":\"WebSite\",\"@id\":\"https:\\\/\\\/audi-klaus.at\\\/shop\\\/#website\",\"url\":\"https:\\\/\\\/audi-klaus.at\\\/shop\\\/\",\"name\":\"Audi-Klaus\",\"description\":\"Ihr Gebrauchtteile Spezialist f\u00fcr die Marken Audi, VW (VAG)\",\"publisher\":{\"@id\":\"https:\\\/\\\/audi-klaus.at\\\/shop\\\/#organization\"},\"potentialAction\":[{\"@type\":\"SearchAction\",\"target\":{\"@type\":\"EntryPoint\",\"urlTemplate\":\"https:\\\/\\\/audi-klaus.at\\\/shop\\\/?s={search_term_string}\"},\"query-input\":{\"@type\":\"PropertyValueSpecification\",\"valueRequired\":true,\"valueName\":\"search_term_string\"}}],\"inLanguage\":\"de-AT\"},{\"@type\":\"Organization\",\"@id\":\"https:\\\/\\\/audi-klaus.at\\\/shop\\\/#organization\",\"name\":\"Audi-Klaus\",\"url\":\"https:\\\/\\\/audi-klaus.at\\\/shop\\\/\",\"logo\":{\"@type\":\"ImageObject\",\"inLanguage\":\"de-AT\",\"@id\":\"https:\\\/\\\/audi-klaus.at\\\/shop\\\/#\\\/schema\\\/logo\\\/image\\\/\",\"url\":\"https:\\\/\\\/audi-klaus.at\\\/shop\\\/wp-content\\\/uploads\\\/2024\\\/10\\\/Logo-Shop.webp\",\"contentUrl\":\"https:\\\/\\\/audi-klaus.at\\\/shop\\\/wp-content\\\/uploads\\\/2024\\\/10\\\/Logo-Shop.webp\",\"width\":470,\"height\":164,\"caption\":\"Audi-Klaus\"},\"image\":{\"@id\":\"https:\\\/\\\/audi-klaus.at\\\/shop\\\/#\\\/schema\\\/logo\\\/image\\\/\"},\"sameAs\":[\"https:\\\/\\\/www.facebook.com\\\/audi.klaus.1312\\\/\",\"https:\\\/\\\/www.instagram.com\\\/audi_klaus\\\/?igshid=1eca3qu2mdayg\"]}]}<\/script>\n<!-- \/ Yoast SEO plugin. -->","yoast_head_json":{"title":"VW Golf\/Jetta\/Caddy\/1\/2\/3\/4\/Corrado\/Bus\/T1\/T2\/T3 T\u00fcrfolie NOS 3A0867201H - Audi-Klaus","description":"VW Golf\/Jetta\/Caddy\/1\/2\/3\/4\/Corrado\/Bus\/T1\/T2\/T3 T\u00fcrfolie NOS 3A0867201H VW Golf\/Jetta\/Caddy\/1\/2\/3\/4\/Corrado\/Bus\/T1\/T2\/T3 T\u00fcrfolie NOS 3A0867201H","robots":{"index":"index","follow":"follow","max-snippet":"max-snippet:-1","max-image-preview":"max-image-preview:large","max-video-preview":"max-video-preview:-1"},"canonical":"https:\/\/audi-klaus.at\/shop\/produkt\/vw-golf-jetta-caddy-1-2-3-4-corrado-bus-t1-t2-t3-tuerfolie-neu-3a0867201h\/","og_locale":"de_DE","og_type":"article","og_title":"VW Golf\/Jetta\/Caddy\/1\/2\/3\/4\/Corrado\/Bus\/T1\/T2\/T3 T\u00fcrfolie NOS 3A0867201H - Audi-Klaus","og_description":"VW Golf\/Jetta\/Caddy\/1\/2\/3\/4\/Corrado\/Bus\/T1\/T2\/T3 T\u00fcrfolie NOS 3A0867201H VW Golf\/Jetta\/Caddy\/1\/2\/3\/4\/Corrado\/Bus\/T1\/T2\/T3 T\u00fcrfolie NOS 3A0867201H","og_url":"https:\/\/audi-klaus.at\/shop\/produkt\/vw-golf-jetta-caddy-1-2-3-4-corrado-bus-t1-t2-t3-tuerfolie-neu-3a0867201h\/","og_site_name":"Audi-Klaus","article_publisher":"https:\/\/www.facebook.com\/audi.klaus.1312\/","article_modified_time":"2026-04-09T11:31:47+00:00","og_image":[{"width":627,"height":372,"url":"https:\/\/audi-klaus.at\/shop\/wp-content\/uploads\/2021\/11\/IA405-2.jpg","type":"image\/jpeg"}],"twitter_card":"summary_large_image","twitter_misc":{"Gesch\u00e4tzte Lesezeit":"1 Minute"},"schema":{"@context":"https:\/\/schema.org","@graph":[{"@type":"WebPage","@id":"https:\/\/audi-klaus.at\/shop\/produkt\/vw-golf-jetta-caddy-1-2-3-4-corrado-bus-t1-t2-t3-tuerfolie-neu-3a0867201h\/","url":"https:\/\/audi-klaus.at\/shop\/produkt\/vw-golf-jetta-caddy-1-2-3-4-corrado-bus-t1-t2-t3-tuerfolie-neu-3a0867201h\/","name":"VW Golf\/Jetta\/Caddy\/1\/2\/3\/4\/Corrado\/Bus\/T1\/T2\/T3 T\u00fcrfolie NOS 3A0867201H - Audi-Klaus","isPartOf":{"@id":"https:\/\/audi-klaus.at\/shop\/#website"},"primaryImageOfPage":{"@id":"https:\/\/audi-klaus.at\/shop\/produkt\/vw-golf-jetta-caddy-1-2-3-4-corrado-bus-t1-t2-t3-tuerfolie-neu-3a0867201h\/#primaryimage"},"image":{"@id":"https:\/\/audi-klaus.at\/shop\/produkt\/vw-golf-jetta-caddy-1-2-3-4-corrado-bus-t1-t2-t3-tuerfolie-neu-3a0867201h\/#primaryimage"},"thumbnailUrl":"https:\/\/audi-klaus.at\/shop\/wp-content\/uploads\/2021\/11\/IA405-2.jpg","datePublished":"2021-11-28T18:03:06+00:00","dateModified":"2026-04-09T11:31:47+00:00","description":"VW Golf\/Jetta\/Caddy\/1\/2\/3\/4\/Corrado\/Bus\/T1\/T2\/T3 T\u00fcrfolie NOS 3A0867201H VW Golf\/Jetta\/Caddy\/1\/2\/3\/4\/Corrado\/Bus\/T1\/T2\/T3 T\u00fcrfolie NOS 3A0867201H","breadcrumb":{"@id":"https:\/\/audi-klaus.at\/shop\/produkt\/vw-golf-jetta-caddy-1-2-3-4-corrado-bus-t1-t2-t3-tuerfolie-neu-3a0867201h\/#breadcrumb"},"inLanguage":"de-AT","potentialAction":[{"@type":"ReadAction","target":["https:\/\/audi-klaus.at\/shop\/produkt\/vw-golf-jetta-caddy-1-2-3-4-corrado-bus-t1-t2-t3-tuerfolie-neu-3a0867201h\/"]}]},{"@type":"ImageObject","inLanguage":"de-AT","@id":"https:\/\/audi-klaus.at\/shop\/produkt\/vw-golf-jetta-caddy-1-2-3-4-corrado-bus-t1-t2-t3-tuerfolie-neu-3a0867201h\/#primaryimage","url":"https:\/\/audi-klaus.at\/shop\/wp-content\/uploads\/2021\/11\/IA405-2.jpg","contentUrl":"https:\/\/audi-klaus.at\/shop\/wp-content\/uploads\/2021\/11\/IA405-2.jpg","width":627,"height":372},{"@type":"BreadcrumbList","@id":"https:\/\/audi-klaus.at\/shop\/produkt\/vw-golf-jetta-caddy-1-2-3-4-corrado-bus-t1-t2-t3-tuerfolie-neu-3a0867201h\/#breadcrumb","itemListElement":[{"@type":"ListItem","position":1,"name":"Startseite","item":"https:\/\/audi-klaus.at\/shop\/"},{"@type":"ListItem","position":2,"name":"Shop","item":"https:\/\/audi-klaus.at\/shop\/"},{"@type":"ListItem","position":3,"name":"VW Golf\/Jetta\/Caddy\/1\/2\/3\/4\/Corrado\/Bus\/T1\/T2\/T3 T\u00fcrfolie NOS 3A0867201H"}]},{"@type":"WebSite","@id":"https:\/\/audi-klaus.at\/shop\/#website","url":"https:\/\/audi-klaus.at\/shop\/","name":"Audi-Klaus","description":"Ihr Gebrauchtteile Spezialist f\u00fcr die Marken Audi, VW (VAG)","publisher":{"@id":"https:\/\/audi-klaus.at\/shop\/#organization"},"potentialAction":[{"@type":"SearchAction","target":{"@type":"EntryPoint","urlTemplate":"https:\/\/audi-klaus.at\/shop\/?s={search_term_string}"},"query-input":{"@type":"PropertyValueSpecification","valueRequired":true,"valueName":"search_term_string"}}],"inLanguage":"de-AT"},{"@type":"Organization","@id":"https:\/\/audi-klaus.at\/shop\/#organization","name":"Audi-Klaus","url":"https:\/\/audi-klaus.at\/shop\/","logo":{"@type":"ImageObject","inLanguage":"de-AT","@id":"https:\/\/audi-klaus.at\/shop\/#\/schema\/logo\/image\/","url":"https:\/\/audi-klaus.at\/shop\/wp-content\/uploads\/2024\/10\/Logo-Shop.webp","contentUrl":"https:\/\/audi-klaus.at\/shop\/wp-content\/uploads\/2024\/10\/Logo-Shop.webp","width":470,"height":164,"caption":"Audi-Klaus"},"image":{"@id":"https:\/\/audi-klaus.at\/shop\/#\/schema\/logo\/image\/"},"sameAs":["https:\/\/www.facebook.com\/audi.klaus.1312\/","https:\/\/www.instagram.com\/audi_klaus\/?igshid=1eca3qu2mdayg"]}]}},"_links":{"self":[{"href":"https:\/\/audi-klaus.at\/shop\/wp-json\/wp\/v2\/product\/7492","targetHints":{"allow":["GET"]}}],"collection":[{"href":"https:\/\/audi-klaus.at\/shop\/wp-json\/wp\/v2\/product"}],"about":[{"href":"https:\/\/audi-klaus.at\/shop\/wp-json\/wp\/v2\/types\/product"}],"wp:featuredmedia":[{"embeddable":true,"href":"https:\/\/audi-klaus.at\/shop\/wp-json\/wp\/v2\/media\/2108"}],"wp:attachment":[{"href":"https:\/\/audi-klaus.at\/shop\/wp-json\/wp\/v2\/media?parent=7492"}],"wp:term":[{"taxonomy":"product_brand","embeddable":true,"href":"https:\/\/audi-klaus.at\/shop\/wp-json\/wp\/v2\/product_brand?post=7492"},{"taxonomy":"product_cat","embeddable":true,"href":"https:\/\/audi-klaus.at\/shop\/wp-json\/wp\/v2\/product_cat?post=7492"},{"taxonomy":"product_tag","embeddable":true,"href":"https:\/\/audi-klaus.at\/shop\/wp-json\/wp\/v2\/product_tag?post=7492"}],"curies":[{"name":"wp","href":"https:\/\/api.w.org\/{rel}","templated":true}]}}