{"id":73149,"date":"2024-04-03T14:28:47","date_gmt":"2024-04-03T12:28:47","guid":{"rendered":"https:\/\/audi-klaus.at\/shop\/?post_type=product&#038;p=73149"},"modified":"2026-01-07T22:51:59","modified_gmt":"2026-01-07T21:51:59","slug":"vw-caddy-golf-jetta-1-2-passat-b1-polo-scirocco-1-radbremszylinder-links-rechts-hinten-nos-171611051b","status":"publish","type":"product","link":"https:\/\/audi-klaus.at\/shop\/produkt\/vw-caddy-golf-jetta-1-2-passat-b1-polo-scirocco-1-radbremszylinder-links-rechts-hinten-nos-171611051b\/","title":{"rendered":"Vw Caddy\/Golf\/Jetta\/1\/2\/Passat\/B1\/Polo\/Scirocco\/1 Radbremszylinder links\/rechts hinten NOS 171611051B"},"content":{"rendered":"<h5 class=\"western\"><span style=\"color: #060606;\"><span style=\"font-family: Verdana, serif;\"><span style=\"font-size: small;\"><b>VAG Teilenummer<\/b><\/span><\/span><\/span><span style=\"color: #060606;\"><span style=\"font-family: Verdana, serif;\"><span style=\"font-size: small;\">: 171 611 051B<\/span><\/span><\/span><\/h5>\n<h5 class=\"western\"><span style=\"color: #060606;\"><span style=\"font-family: Verdana, serif;\"><span style=\"font-size: small;\"><b>Zustand: <\/b><\/span><\/span><\/span><span style=\"color: #060606;\"><span style=\"font-family: Verdana, serif;\"><span style=\"font-size: small;\"><span lang=\"de-DE\">NEU<\/span><\/span><\/span><\/span><\/h5>\n<h5 class=\"western\"><span style=\"color: #060606;\"><span style=\"font-family: Verdana, serif;\"><span style=\"font-size: small;\"><b>Lieferumfang:<\/b><\/span><\/span><\/span><span style=\"color: #060606;\"><span style=\"font-family: Verdana, serif;\"><span style=\"font-size: small;\">\u00a0wie in den Original-Abbildungen angegeben<\/span><\/span><\/span><\/h5>\n<h5 class=\"western\"><span style=\"color: #060606;\"><span style=\"font-family: Verdana, serif;\"><span style=\"font-size: small;\"><b>Hinweis:<\/b><\/span><\/span><\/span><span style=\"color: #060606;\"><span style=\"font-family: Verdana, serif;\"><span style=\"font-size: small;\">\u00a0Bitte \u00fcberpr\u00fcfen Sie vor dem Kauf anhand der eindeutigen Teilenummern, ob der Artikel zum Fahrzeug passt, um R\u00fccksendungen zu vermeiden! Trotz Angabe der entsprechenden Fahrzeugdaten ist eine eindeutige Zuordnung nur \u00fcber die Teilenummer m\u00f6glich! Die abgelesene Teilenummer ist die Teilenummer des Teils, welches geliefert wird. Die Originalteilnummer ist diejenige, die bei Neubestellung f\u00fcr dieses Teil gilt und der m\u00f6glicherweise abweichenden, gelieferten Teilenummer entspricht. <\/span><\/span><\/span><\/h5>\n<h5 class=\"western\"><span style=\"color: #060606;\"><span style=\"font-family: Verdana, serif;\"><span style=\"font-size: small;\"><span lang=\"de-DE\">Neu<\/span><\/span><\/span><\/span><span style=\"color: #060606;\"><span style=\"font-family: Verdana, serif;\"><span style=\"font-size: small;\"> mit Gebrauchsspuren in Form von Verunreinigungen\/ kleinen Kratzern m\u00f6glich. Die Ware wird ungereinigt geliefert.<\/span><\/span><\/span><\/h5>\n<h5 class=\"western\"><span style=\"color: #060606;\"><span style=\"font-family: Verdana, serif;\"><span style=\"font-size: small;\">Sollten weitere Fragen offen sein, kontaktieren Sie uns bitte unter\u00a0<\/span><\/span><\/span><a href=\"mailto:office@audi-klaus.at\"><span style=\"color: #0000ff;\"><span style=\"font-family: Verdana, serif;\"><span style=\"font-size: small;\"><u>office@audi-klaus.at<\/u><\/span><\/span><\/span><\/a><\/h5>\n","protected":false},"excerpt":{"rendered":"<p class=\"western\"><strong><span style=\"color: #000000;\"><span style=\"font-family: Source Sans Pro, serif;\"><span style=\"font-size: x-large;\">Marke: Vw<br \/>\nModell: Caddy\/Golf\/Jetta\/Passat\/Polo\/Scirocco<br \/>\nTyp: 1\/2\/B1\/1<\/span><\/span><\/span><\/strong><\/p>\n","protected":false},"featured_media":73104,"template":"","meta":[],"product_brand":[],"product_cat":[1194,1395,1204,1455,1205,1495,1164,1211,1635,1165,1215,1766,1167,1229,1776,1170,1241,2497,1172,1242,2505,1176,1273,1180,1283,1193,1385],"product_tag":[26070,26068,26069],"class_list":{"0":"post-73149","1":"product","2":"type-product","3":"status-publish","4":"has-post-thumbnail","6":"product_cat-2-191-1983-1992","7":"product_cat-vorder-hinterachse-2-165-1983-1992","8":"product_cat-1-161-1978-1987","9":"product_cat-vorder-hinterachse-1-53-1974-1981","10":"product_cat-2-165-1983-1992","11":"product_cat-vorder-hinterachse-1-86-1975-1981","12":"product_cat-vw","13":"product_cat-1-53-1974-1981","14":"product_cat-vorder-hinterachse-b1-32-1973-1977","15":"product_cat-golf","16":"product_cat-1-86-1975-1981","17":"product_cat-vorder-hinterachse-1-14d-1978-1992","18":"product_cat-jetta","19":"product_cat-b1-32-1973-1977","20":"product_cat-vorder-hinterachse-2-9kv-1995-2003","21":"product_cat-scirocco","22":"product_cat-1-14d-1978-1992","23":"product_cat-servicematerial","24":"product_cat-polo","25":"product_cat-2-9kv-1995-2003","26":"product_cat-bremsen","27":"product_cat-passat","28":"product_cat-vorder-hinterachse-1-171-1974-1985","29":"product_cat-caddy","30":"product_cat-vorder-hinterachse-2-191-1983-1992","31":"product_cat-1-171-1974-1985","32":"product_cat-vorder-hinterachse-1-161-1978-1987","33":"product_tag-b275","34":"product_tag-171611051b","35":"product_tag-26069","37":"first","38":"outofstock","39":"taxable","40":"shipping-taxable","41":"purchasable","42":"product-type-simple"},"yoast_head":"<!-- This site is optimized with the Yoast SEO plugin v27.5 - https:\/\/yoast.com\/product\/yoast-seo-wordpress\/ -->\n<title>Vw Caddy\/Golf\/Jetta\/1\/2\/Passat\/B1\/Polo\/Scirocco\/1 Radbremszylinder links\/rechts hinten NOS 171611051B - Audi-Klaus<\/title>\n<meta name=\"description\" content=\"Audi-Klaus Vw Caddy\/Golf\/Jetta\/1\/2\/Passat\/B1\/Polo\/Scirocco\/1 Radbremszylinder links\/rechts hinten NOS 171611051B Vw Caddy\/Golf\/Jetta\/1\/2\/Passat\/B1\/Polo\/Scirocco\/1 Radbremszylinder links\/rechts hinten NOS 171611051B\" \/>\n<meta name=\"robots\" content=\"index, follow, max-snippet:-1, max-image-preview:large, max-video-preview:-1\" \/>\n<link rel=\"canonical\" href=\"https:\/\/audi-klaus.at\/shop\/produkt\/vw-caddy-golf-jetta-1-2-passat-b1-polo-scirocco-1-radbremszylinder-links-rechts-hinten-nos-171611051b\/\" \/>\n<meta property=\"og:locale\" content=\"de_DE\" \/>\n<meta property=\"og:type\" content=\"article\" \/>\n<meta property=\"og:title\" content=\"Vw Caddy\/Golf\/Jetta\/1\/2\/Passat\/B1\/Polo\/Scirocco\/1 Radbremszylinder links\/rechts hinten NOS 171611051B - Audi-Klaus\" \/>\n<meta property=\"og:description\" content=\"Audi-Klaus Vw Caddy\/Golf\/Jetta\/1\/2\/Passat\/B1\/Polo\/Scirocco\/1 Radbremszylinder links\/rechts hinten NOS 171611051B Vw Caddy\/Golf\/Jetta\/1\/2\/Passat\/B1\/Polo\/Scirocco\/1 Radbremszylinder links\/rechts hinten NOS 171611051B\" \/>\n<meta property=\"og:url\" content=\"https:\/\/audi-klaus.at\/shop\/produkt\/vw-caddy-golf-jetta-1-2-passat-b1-polo-scirocco-1-radbremszylinder-links-rechts-hinten-nos-171611051b\/\" \/>\n<meta property=\"og:site_name\" content=\"Audi-Klaus\" \/>\n<meta property=\"article:publisher\" content=\"https:\/\/www.facebook.com\/audi.klaus.1312\/\" \/>\n<meta property=\"article:modified_time\" content=\"2026-01-07T21:51:59+00:00\" \/>\n<meta property=\"og:image\" content=\"https:\/\/audi-klaus.at\/shop\/wp-content\/uploads\/2024\/04\/B275-1.jpg\" \/>\n\t<meta property=\"og:image:width\" content=\"480\" \/>\n\t<meta property=\"og:image:height\" content=\"480\" \/>\n\t<meta property=\"og:image:type\" content=\"image\/jpeg\" \/>\n<meta name=\"twitter:card\" content=\"summary_large_image\" \/>\n<meta name=\"twitter:label1\" content=\"Gesch\u00e4tzte Lesezeit\" \/>\n\t<meta name=\"twitter:data1\" content=\"1 Minute\" \/>\n<script type=\"application\/ld+json\" class=\"yoast-schema-graph\">{\"@context\":\"https:\\\/\\\/schema.org\",\"@graph\":[{\"@type\":\"WebPage\",\"@id\":\"https:\\\/\\\/audi-klaus.at\\\/shop\\\/produkt\\\/vw-caddy-golf-jetta-1-2-passat-b1-polo-scirocco-1-radbremszylinder-links-rechts-hinten-nos-171611051b\\\/\",\"url\":\"https:\\\/\\\/audi-klaus.at\\\/shop\\\/produkt\\\/vw-caddy-golf-jetta-1-2-passat-b1-polo-scirocco-1-radbremszylinder-links-rechts-hinten-nos-171611051b\\\/\",\"name\":\"Vw Caddy\\\/Golf\\\/Jetta\\\/1\\\/2\\\/Passat\\\/B1\\\/Polo\\\/Scirocco\\\/1 Radbremszylinder links\\\/rechts hinten NOS 171611051B - Audi-Klaus\",\"isPartOf\":{\"@id\":\"https:\\\/\\\/audi-klaus.at\\\/shop\\\/#website\"},\"primaryImageOfPage\":{\"@id\":\"https:\\\/\\\/audi-klaus.at\\\/shop\\\/produkt\\\/vw-caddy-golf-jetta-1-2-passat-b1-polo-scirocco-1-radbremszylinder-links-rechts-hinten-nos-171611051b\\\/#primaryimage\"},\"image\":{\"@id\":\"https:\\\/\\\/audi-klaus.at\\\/shop\\\/produkt\\\/vw-caddy-golf-jetta-1-2-passat-b1-polo-scirocco-1-radbremszylinder-links-rechts-hinten-nos-171611051b\\\/#primaryimage\"},\"thumbnailUrl\":\"https:\\\/\\\/audi-klaus.at\\\/shop\\\/wp-content\\\/uploads\\\/2024\\\/04\\\/B275-1.jpg\",\"datePublished\":\"2024-04-03T12:28:47+00:00\",\"dateModified\":\"2026-01-07T21:51:59+00:00\",\"description\":\"Audi-Klaus Vw Caddy\\\/Golf\\\/Jetta\\\/1\\\/2\\\/Passat\\\/B1\\\/Polo\\\/Scirocco\\\/1 Radbremszylinder links\\\/rechts hinten NOS 171611051B Vw Caddy\\\/Golf\\\/Jetta\\\/1\\\/2\\\/Passat\\\/B1\\\/Polo\\\/Scirocco\\\/1 Radbremszylinder links\\\/rechts hinten NOS 171611051B\",\"breadcrumb\":{\"@id\":\"https:\\\/\\\/audi-klaus.at\\\/shop\\\/produkt\\\/vw-caddy-golf-jetta-1-2-passat-b1-polo-scirocco-1-radbremszylinder-links-rechts-hinten-nos-171611051b\\\/#breadcrumb\"},\"inLanguage\":\"de-AT\",\"potentialAction\":[{\"@type\":\"ReadAction\",\"target\":[\"https:\\\/\\\/audi-klaus.at\\\/shop\\\/produkt\\\/vw-caddy-golf-jetta-1-2-passat-b1-polo-scirocco-1-radbremszylinder-links-rechts-hinten-nos-171611051b\\\/\"]}]},{\"@type\":\"ImageObject\",\"inLanguage\":\"de-AT\",\"@id\":\"https:\\\/\\\/audi-klaus.at\\\/shop\\\/produkt\\\/vw-caddy-golf-jetta-1-2-passat-b1-polo-scirocco-1-radbremszylinder-links-rechts-hinten-nos-171611051b\\\/#primaryimage\",\"url\":\"https:\\\/\\\/audi-klaus.at\\\/shop\\\/wp-content\\\/uploads\\\/2024\\\/04\\\/B275-1.jpg\",\"contentUrl\":\"https:\\\/\\\/audi-klaus.at\\\/shop\\\/wp-content\\\/uploads\\\/2024\\\/04\\\/B275-1.jpg\",\"width\":480,\"height\":480},{\"@type\":\"BreadcrumbList\",\"@id\":\"https:\\\/\\\/audi-klaus.at\\\/shop\\\/produkt\\\/vw-caddy-golf-jetta-1-2-passat-b1-polo-scirocco-1-radbremszylinder-links-rechts-hinten-nos-171611051b\\\/#breadcrumb\",\"itemListElement\":[{\"@type\":\"ListItem\",\"position\":1,\"name\":\"Startseite\",\"item\":\"https:\\\/\\\/audi-klaus.at\\\/shop\\\/\"},{\"@type\":\"ListItem\",\"position\":2,\"name\":\"Shop\",\"item\":\"https:\\\/\\\/audi-klaus.at\\\/shop\\\/\"},{\"@type\":\"ListItem\",\"position\":3,\"name\":\"Vw Caddy\\\/Golf\\\/Jetta\\\/1\\\/2\\\/Passat\\\/B1\\\/Polo\\\/Scirocco\\\/1 Radbremszylinder links\\\/rechts hinten NOS 171611051B\"}]},{\"@type\":\"WebSite\",\"@id\":\"https:\\\/\\\/audi-klaus.at\\\/shop\\\/#website\",\"url\":\"https:\\\/\\\/audi-klaus.at\\\/shop\\\/\",\"name\":\"Audi-Klaus\",\"description\":\"Ihr Gebrauchtteile Spezialist f\u00fcr die Marken Audi, VW (VAG)\",\"publisher\":{\"@id\":\"https:\\\/\\\/audi-klaus.at\\\/shop\\\/#organization\"},\"potentialAction\":[{\"@type\":\"SearchAction\",\"target\":{\"@type\":\"EntryPoint\",\"urlTemplate\":\"https:\\\/\\\/audi-klaus.at\\\/shop\\\/?s={search_term_string}\"},\"query-input\":{\"@type\":\"PropertyValueSpecification\",\"valueRequired\":true,\"valueName\":\"search_term_string\"}}],\"inLanguage\":\"de-AT\"},{\"@type\":\"Organization\",\"@id\":\"https:\\\/\\\/audi-klaus.at\\\/shop\\\/#organization\",\"name\":\"Audi-Klaus\",\"url\":\"https:\\\/\\\/audi-klaus.at\\\/shop\\\/\",\"logo\":{\"@type\":\"ImageObject\",\"inLanguage\":\"de-AT\",\"@id\":\"https:\\\/\\\/audi-klaus.at\\\/shop\\\/#\\\/schema\\\/logo\\\/image\\\/\",\"url\":\"https:\\\/\\\/audi-klaus.at\\\/shop\\\/wp-content\\\/uploads\\\/2024\\\/10\\\/Logo-Shop.webp\",\"contentUrl\":\"https:\\\/\\\/audi-klaus.at\\\/shop\\\/wp-content\\\/uploads\\\/2024\\\/10\\\/Logo-Shop.webp\",\"width\":470,\"height\":164,\"caption\":\"Audi-Klaus\"},\"image\":{\"@id\":\"https:\\\/\\\/audi-klaus.at\\\/shop\\\/#\\\/schema\\\/logo\\\/image\\\/\"},\"sameAs\":[\"https:\\\/\\\/www.facebook.com\\\/audi.klaus.1312\\\/\",\"https:\\\/\\\/www.instagram.com\\\/audi_klaus\\\/?igshid=1eca3qu2mdayg\"]}]}<\/script>\n<!-- \/ Yoast SEO plugin. -->","yoast_head_json":{"title":"Vw Caddy\/Golf\/Jetta\/1\/2\/Passat\/B1\/Polo\/Scirocco\/1 Radbremszylinder links\/rechts hinten NOS 171611051B - Audi-Klaus","description":"Audi-Klaus Vw Caddy\/Golf\/Jetta\/1\/2\/Passat\/B1\/Polo\/Scirocco\/1 Radbremszylinder links\/rechts hinten NOS 171611051B Vw Caddy\/Golf\/Jetta\/1\/2\/Passat\/B1\/Polo\/Scirocco\/1 Radbremszylinder links\/rechts hinten NOS 171611051B","robots":{"index":"index","follow":"follow","max-snippet":"max-snippet:-1","max-image-preview":"max-image-preview:large","max-video-preview":"max-video-preview:-1"},"canonical":"https:\/\/audi-klaus.at\/shop\/produkt\/vw-caddy-golf-jetta-1-2-passat-b1-polo-scirocco-1-radbremszylinder-links-rechts-hinten-nos-171611051b\/","og_locale":"de_DE","og_type":"article","og_title":"Vw Caddy\/Golf\/Jetta\/1\/2\/Passat\/B1\/Polo\/Scirocco\/1 Radbremszylinder links\/rechts hinten NOS 171611051B - Audi-Klaus","og_description":"Audi-Klaus Vw Caddy\/Golf\/Jetta\/1\/2\/Passat\/B1\/Polo\/Scirocco\/1 Radbremszylinder links\/rechts hinten NOS 171611051B Vw Caddy\/Golf\/Jetta\/1\/2\/Passat\/B1\/Polo\/Scirocco\/1 Radbremszylinder links\/rechts hinten NOS 171611051B","og_url":"https:\/\/audi-klaus.at\/shop\/produkt\/vw-caddy-golf-jetta-1-2-passat-b1-polo-scirocco-1-radbremszylinder-links-rechts-hinten-nos-171611051b\/","og_site_name":"Audi-Klaus","article_publisher":"https:\/\/www.facebook.com\/audi.klaus.1312\/","article_modified_time":"2026-01-07T21:51:59+00:00","og_image":[{"width":480,"height":480,"url":"https:\/\/audi-klaus.at\/shop\/wp-content\/uploads\/2024\/04\/B275-1.jpg","type":"image\/jpeg"}],"twitter_card":"summary_large_image","twitter_misc":{"Gesch\u00e4tzte Lesezeit":"1 Minute"},"schema":{"@context":"https:\/\/schema.org","@graph":[{"@type":"WebPage","@id":"https:\/\/audi-klaus.at\/shop\/produkt\/vw-caddy-golf-jetta-1-2-passat-b1-polo-scirocco-1-radbremszylinder-links-rechts-hinten-nos-171611051b\/","url":"https:\/\/audi-klaus.at\/shop\/produkt\/vw-caddy-golf-jetta-1-2-passat-b1-polo-scirocco-1-radbremszylinder-links-rechts-hinten-nos-171611051b\/","name":"Vw Caddy\/Golf\/Jetta\/1\/2\/Passat\/B1\/Polo\/Scirocco\/1 Radbremszylinder links\/rechts hinten NOS 171611051B - Audi-Klaus","isPartOf":{"@id":"https:\/\/audi-klaus.at\/shop\/#website"},"primaryImageOfPage":{"@id":"https:\/\/audi-klaus.at\/shop\/produkt\/vw-caddy-golf-jetta-1-2-passat-b1-polo-scirocco-1-radbremszylinder-links-rechts-hinten-nos-171611051b\/#primaryimage"},"image":{"@id":"https:\/\/audi-klaus.at\/shop\/produkt\/vw-caddy-golf-jetta-1-2-passat-b1-polo-scirocco-1-radbremszylinder-links-rechts-hinten-nos-171611051b\/#primaryimage"},"thumbnailUrl":"https:\/\/audi-klaus.at\/shop\/wp-content\/uploads\/2024\/04\/B275-1.jpg","datePublished":"2024-04-03T12:28:47+00:00","dateModified":"2026-01-07T21:51:59+00:00","description":"Audi-Klaus Vw Caddy\/Golf\/Jetta\/1\/2\/Passat\/B1\/Polo\/Scirocco\/1 Radbremszylinder links\/rechts hinten NOS 171611051B Vw Caddy\/Golf\/Jetta\/1\/2\/Passat\/B1\/Polo\/Scirocco\/1 Radbremszylinder links\/rechts hinten NOS 171611051B","breadcrumb":{"@id":"https:\/\/audi-klaus.at\/shop\/produkt\/vw-caddy-golf-jetta-1-2-passat-b1-polo-scirocco-1-radbremszylinder-links-rechts-hinten-nos-171611051b\/#breadcrumb"},"inLanguage":"de-AT","potentialAction":[{"@type":"ReadAction","target":["https:\/\/audi-klaus.at\/shop\/produkt\/vw-caddy-golf-jetta-1-2-passat-b1-polo-scirocco-1-radbremszylinder-links-rechts-hinten-nos-171611051b\/"]}]},{"@type":"ImageObject","inLanguage":"de-AT","@id":"https:\/\/audi-klaus.at\/shop\/produkt\/vw-caddy-golf-jetta-1-2-passat-b1-polo-scirocco-1-radbremszylinder-links-rechts-hinten-nos-171611051b\/#primaryimage","url":"https:\/\/audi-klaus.at\/shop\/wp-content\/uploads\/2024\/04\/B275-1.jpg","contentUrl":"https:\/\/audi-klaus.at\/shop\/wp-content\/uploads\/2024\/04\/B275-1.jpg","width":480,"height":480},{"@type":"BreadcrumbList","@id":"https:\/\/audi-klaus.at\/shop\/produkt\/vw-caddy-golf-jetta-1-2-passat-b1-polo-scirocco-1-radbremszylinder-links-rechts-hinten-nos-171611051b\/#breadcrumb","itemListElement":[{"@type":"ListItem","position":1,"name":"Startseite","item":"https:\/\/audi-klaus.at\/shop\/"},{"@type":"ListItem","position":2,"name":"Shop","item":"https:\/\/audi-klaus.at\/shop\/"},{"@type":"ListItem","position":3,"name":"Vw Caddy\/Golf\/Jetta\/1\/2\/Passat\/B1\/Polo\/Scirocco\/1 Radbremszylinder links\/rechts hinten NOS 171611051B"}]},{"@type":"WebSite","@id":"https:\/\/audi-klaus.at\/shop\/#website","url":"https:\/\/audi-klaus.at\/shop\/","name":"Audi-Klaus","description":"Ihr Gebrauchtteile Spezialist f\u00fcr die Marken Audi, VW (VAG)","publisher":{"@id":"https:\/\/audi-klaus.at\/shop\/#organization"},"potentialAction":[{"@type":"SearchAction","target":{"@type":"EntryPoint","urlTemplate":"https:\/\/audi-klaus.at\/shop\/?s={search_term_string}"},"query-input":{"@type":"PropertyValueSpecification","valueRequired":true,"valueName":"search_term_string"}}],"inLanguage":"de-AT"},{"@type":"Organization","@id":"https:\/\/audi-klaus.at\/shop\/#organization","name":"Audi-Klaus","url":"https:\/\/audi-klaus.at\/shop\/","logo":{"@type":"ImageObject","inLanguage":"de-AT","@id":"https:\/\/audi-klaus.at\/shop\/#\/schema\/logo\/image\/","url":"https:\/\/audi-klaus.at\/shop\/wp-content\/uploads\/2024\/10\/Logo-Shop.webp","contentUrl":"https:\/\/audi-klaus.at\/shop\/wp-content\/uploads\/2024\/10\/Logo-Shop.webp","width":470,"height":164,"caption":"Audi-Klaus"},"image":{"@id":"https:\/\/audi-klaus.at\/shop\/#\/schema\/logo\/image\/"},"sameAs":["https:\/\/www.facebook.com\/audi.klaus.1312\/","https:\/\/www.instagram.com\/audi_klaus\/?igshid=1eca3qu2mdayg"]}]}},"_links":{"self":[{"href":"https:\/\/audi-klaus.at\/shop\/wp-json\/wp\/v2\/product\/73149","targetHints":{"allow":["GET"]}}],"collection":[{"href":"https:\/\/audi-klaus.at\/shop\/wp-json\/wp\/v2\/product"}],"about":[{"href":"https:\/\/audi-klaus.at\/shop\/wp-json\/wp\/v2\/types\/product"}],"wp:featuredmedia":[{"embeddable":true,"href":"https:\/\/audi-klaus.at\/shop\/wp-json\/wp\/v2\/media\/73104"}],"wp:attachment":[{"href":"https:\/\/audi-klaus.at\/shop\/wp-json\/wp\/v2\/media?parent=73149"}],"wp:term":[{"taxonomy":"product_brand","embeddable":true,"href":"https:\/\/audi-klaus.at\/shop\/wp-json\/wp\/v2\/product_brand?post=73149"},{"taxonomy":"product_cat","embeddable":true,"href":"https:\/\/audi-klaus.at\/shop\/wp-json\/wp\/v2\/product_cat?post=73149"},{"taxonomy":"product_tag","embeddable":true,"href":"https:\/\/audi-klaus.at\/shop\/wp-json\/wp\/v2\/product_tag?post=73149"}],"curies":[{"name":"wp","href":"https:\/\/api.w.org\/{rel}","templated":true}]}}