{"id":71449,"date":"2024-02-27T11:20:12","date_gmt":"2024-02-27T10:20:12","guid":{"rendered":"https:\/\/audi-klaus.at\/shop\/?post_type=product&#038;p=71449"},"modified":"2026-01-07T22:51:28","modified_gmt":"2026-01-07T21:51:28","slug":"vw-golf-3-cabrio-vento-polo-86c-2f-motorsteuergeraet-bosch-030906026h-0261200794","status":"publish","type":"product","link":"https:\/\/audi-klaus.at\/shop\/produkt\/vw-golf-3-cabrio-vento-polo-86c-2f-motorsteuergeraet-bosch-030906026h-0261200794\/","title":{"rendered":"Vw Golf\/3\/Cabrio\/Vento\/Polo\/86C\/2F Motorsteuerger\u00e4t  Bosch 030906026H\/0261200794"},"content":{"rendered":"<h5 class=\"western\"><span style=\"color: #060606;\"><span style=\"font-family: Verdana, serif;\"><span style=\"font-size: small;\"><b>VAG Teilenummer<\/b><\/span><\/span><\/span><span style=\"color: #060606;\"><span style=\"font-family: Verdana, serif;\"><span style=\"font-size: small;\">: 030 906 026H, 026 120 0794<\/span><\/span><\/span><\/h5>\n<h5 class=\"western\"><span style=\"color: #060606;\"><span style=\"font-family: Verdana, serif;\"><span style=\"font-size: small;\"><b>Zustand:<\/b><\/span><\/span><\/span><span style=\"color: #060606;\"><span style=\"font-family: Verdana, serif;\"><span style=\"font-size: small;\">\u00a0<\/span><\/span><\/span><span style=\"color: #060606;\"><span style=\"font-family: Verdana, serif;\"><span style=\"font-size: small;\"><span lang=\"de-DE\">Gebraucht<\/span><\/span><\/span><\/span><\/h5>\n<h5 class=\"western\"><span style=\"color: #060606;\"><span style=\"font-family: Verdana, serif;\"><span style=\"font-size: small;\"><b>Lieferumfang:<\/b><\/span><\/span><\/span><span style=\"color: #060606;\"><span style=\"font-family: Verdana, serif;\"><span style=\"font-size: small;\">\u00a0wie in den Original-Abbildungen angegeben<\/span><\/span><\/span><\/h5>\n<h5 class=\"western\"><span style=\"color: #060606;\"><span style=\"font-family: Verdana, serif;\"><span style=\"font-size: small;\"><b>Hinweis:<\/b><\/span><\/span><\/span><span style=\"color: #060606;\"><span style=\"font-family: Verdana, serif;\"><span style=\"font-size: small;\">\u00a0Bitte \u00fcberpr\u00fcfen Sie vor dem Kauf anhand der eindeutigen Teilenummern, ob der Artikel zum Fahrzeug passt, um R\u00fccksendungen zu vermeiden! Trotz Angabe der entsprechenden Fahrzeugdaten ist eine eindeutige Zuordnung nur \u00fcber die Teilenummer m\u00f6glich! Die abgelesene Teilenummer ist die Teilenummer des Teils, welches geliefert wird. Die Originalteilnummer ist diejenige, die bei Neubestellung f\u00fcr dieses Teil gilt und der m\u00f6glicherweise abweichenden, gelieferten Teilenummer entspricht. <\/span><\/span><\/span><\/h5>\n<h5 class=\"western\"><span style=\"color: #060606;\"><span style=\"font-family: Verdana, serif;\"><span style=\"font-size: small;\"><span lang=\"de-DE\">Gebraucht<\/span><\/span><\/span><\/span><span style=\"color: #060606;\"><span style=\"font-family: Verdana, serif;\"><span style=\"font-size: small;\"> mit Gebrauchsspuren in Form von Verunreinigungen\/ kleinen Kratzern m\u00f6glich. Die Ware wird ungereinigt geliefert.<\/span><\/span><\/span><\/h5>\n<h5 class=\"western\"><span style=\"color: #060606;\"><span style=\"font-family: Verdana, serif;\"><span style=\"font-size: small;\">Sollten weitere Fragen offen sein, kontaktieren Sie uns bitte unter\u00a0<\/span><\/span><\/span><a href=\"mailto:office@audi-klaus.at\"><span style=\"color: #0000ff;\"><span style=\"font-family: Verdana, serif;\"><span style=\"font-size: small;\"><u>office@audi-klaus.at<\/u><\/span><\/span><\/span><\/a><\/h5>\n<p>&nbsp;<\/p>\n","protected":false},"excerpt":{"rendered":"<h5><strong><span style=\"font-size: 18pt;\">Marke: Vw<\/span><\/strong><\/h5>\n<h5><strong><span style=\"font-size: 18pt;\">Modell: Golf\/Cabrio\/Vento\/Polo<\/span><\/strong><\/h5>\n<h5><strong><span style=\"font-size: 18pt;\">Typ: 3\/86C\/2F<\/span><\/strong><\/h5>\n<h5><strong><span style=\"font-size: 18pt;\">Motor: 1,4l\/60PS\/1,3l\/AAV<\/span><\/strong><\/h5>\n","protected":false},"featured_media":71408,"template":"","meta":[],"product_brand":[],"product_cat":[1202,1209,1216,1217,1295,1164,1365,1165,1437,1166,1507,1168,1517,1172,1195],"product_tag":[25331,25332,11599,25330],"class_list":{"0":"post-71449","1":"product","2":"type-product","3":"status-publish","4":"has-post-thumbnail","6":"product_cat-3-1e0-1990-1998","7":"product_cat-1h5-1991-1998","8":"product_cat-2-86c-1981-1990","9":"product_cat-2-2f-1990-1994","10":"product_cat-elektrik-3-1h-1990-1998","11":"product_cat-vw","12":"product_cat-elektrik-3-1e0-1990-1998","13":"product_cat-golf","14":"product_cat-elektrik-1h5-1991-1998","15":"product_cat-golf-cabrio","16":"product_cat-elektrik-2-2f-1990-1994","17":"product_cat-vento","18":"product_cat-elektrik-2-86c-1981-1990","19":"product_cat-polo","20":"product_cat-3-1h-1990-1998","21":"product_tag-25331","22":"product_tag-e938","23":"product_tag-11599","24":"product_tag-030906026h","26":"first","27":"instock","28":"taxable","29":"shipping-taxable","30":"purchasable","31":"product-type-simple"},"yoast_head":"<!-- This site is optimized with the Yoast SEO plugin v27.3 - https:\/\/yoast.com\/product\/yoast-seo-wordpress\/ -->\n<title>Vw Golf\/3\/Cabrio\/Vento\/Polo\/86C\/2F Motorsteuerger\u00e4t Bosch 030906026H\/0261200794 - Audi-Klaus<\/title>\n<meta name=\"description\" content=\"Audi-Klaus Vw Golf\/3\/Cabrio\/Vento\/Polo\/86C\/2F Motorsteuerger\u00e4t Bosch 030906026H\/0261200794 Vw Golf\/3\/Cabrio\/Vento\/Polo\/86C\/2F Motorsteuerger\u00e4t Bosch 030906026H\/0261200794\" \/>\n<meta name=\"robots\" content=\"index, follow, max-snippet:-1, max-image-preview:large, max-video-preview:-1\" \/>\n<link rel=\"canonical\" href=\"https:\/\/audi-klaus.at\/shop\/produkt\/vw-golf-3-cabrio-vento-polo-86c-2f-motorsteuergeraet-bosch-030906026h-0261200794\/\" \/>\n<meta property=\"og:locale\" content=\"de_DE\" \/>\n<meta property=\"og:type\" content=\"article\" \/>\n<meta property=\"og:title\" content=\"Vw Golf\/3\/Cabrio\/Vento\/Polo\/86C\/2F Motorsteuerger\u00e4t Bosch 030906026H\/0261200794 - Audi-Klaus\" \/>\n<meta property=\"og:description\" content=\"Audi-Klaus Vw Golf\/3\/Cabrio\/Vento\/Polo\/86C\/2F Motorsteuerger\u00e4t Bosch 030906026H\/0261200794 Vw Golf\/3\/Cabrio\/Vento\/Polo\/86C\/2F Motorsteuerger\u00e4t Bosch 030906026H\/0261200794\" \/>\n<meta property=\"og:url\" content=\"https:\/\/audi-klaus.at\/shop\/produkt\/vw-golf-3-cabrio-vento-polo-86c-2f-motorsteuergeraet-bosch-030906026h-0261200794\/\" \/>\n<meta property=\"og:site_name\" content=\"Audi-Klaus\" \/>\n<meta property=\"article:publisher\" content=\"https:\/\/www.facebook.com\/audi.klaus.1312\/\" \/>\n<meta property=\"article:modified_time\" content=\"2026-01-07T21:51:28+00:00\" \/>\n<meta property=\"og:image\" content=\"https:\/\/audi-klaus.at\/shop\/wp-content\/uploads\/2024\/02\/E938-4.jpg\" \/>\n\t<meta property=\"og:image:width\" content=\"480\" \/>\n\t<meta property=\"og:image:height\" content=\"480\" \/>\n\t<meta property=\"og:image:type\" content=\"image\/jpeg\" \/>\n<meta name=\"twitter:card\" content=\"summary_large_image\" \/>\n<meta name=\"twitter:label1\" content=\"Gesch\u00e4tzte Lesezeit\" \/>\n\t<meta name=\"twitter:data1\" content=\"1 Minute\" \/>\n<script type=\"application\/ld+json\" class=\"yoast-schema-graph\">{\"@context\":\"https:\\\/\\\/schema.org\",\"@graph\":[{\"@type\":\"WebPage\",\"@id\":\"https:\\\/\\\/audi-klaus.at\\\/shop\\\/produkt\\\/vw-golf-3-cabrio-vento-polo-86c-2f-motorsteuergeraet-bosch-030906026h-0261200794\\\/\",\"url\":\"https:\\\/\\\/audi-klaus.at\\\/shop\\\/produkt\\\/vw-golf-3-cabrio-vento-polo-86c-2f-motorsteuergeraet-bosch-030906026h-0261200794\\\/\",\"name\":\"Vw Golf\\\/3\\\/Cabrio\\\/Vento\\\/Polo\\\/86C\\\/2F Motorsteuerger\u00e4t Bosch 030906026H\\\/0261200794 - Audi-Klaus\",\"isPartOf\":{\"@id\":\"https:\\\/\\\/audi-klaus.at\\\/shop\\\/#website\"},\"primaryImageOfPage\":{\"@id\":\"https:\\\/\\\/audi-klaus.at\\\/shop\\\/produkt\\\/vw-golf-3-cabrio-vento-polo-86c-2f-motorsteuergeraet-bosch-030906026h-0261200794\\\/#primaryimage\"},\"image\":{\"@id\":\"https:\\\/\\\/audi-klaus.at\\\/shop\\\/produkt\\\/vw-golf-3-cabrio-vento-polo-86c-2f-motorsteuergeraet-bosch-030906026h-0261200794\\\/#primaryimage\"},\"thumbnailUrl\":\"https:\\\/\\\/audi-klaus.at\\\/shop\\\/wp-content\\\/uploads\\\/2024\\\/02\\\/E938-4.jpg\",\"datePublished\":\"2024-02-27T10:20:12+00:00\",\"dateModified\":\"2026-01-07T21:51:28+00:00\",\"description\":\"Audi-Klaus Vw Golf\\\/3\\\/Cabrio\\\/Vento\\\/Polo\\\/86C\\\/2F Motorsteuerger\u00e4t Bosch 030906026H\\\/0261200794 Vw Golf\\\/3\\\/Cabrio\\\/Vento\\\/Polo\\\/86C\\\/2F Motorsteuerger\u00e4t Bosch 030906026H\\\/0261200794\",\"breadcrumb\":{\"@id\":\"https:\\\/\\\/audi-klaus.at\\\/shop\\\/produkt\\\/vw-golf-3-cabrio-vento-polo-86c-2f-motorsteuergeraet-bosch-030906026h-0261200794\\\/#breadcrumb\"},\"inLanguage\":\"de-AT\",\"potentialAction\":[{\"@type\":\"ReadAction\",\"target\":[\"https:\\\/\\\/audi-klaus.at\\\/shop\\\/produkt\\\/vw-golf-3-cabrio-vento-polo-86c-2f-motorsteuergeraet-bosch-030906026h-0261200794\\\/\"]}]},{\"@type\":\"ImageObject\",\"inLanguage\":\"de-AT\",\"@id\":\"https:\\\/\\\/audi-klaus.at\\\/shop\\\/produkt\\\/vw-golf-3-cabrio-vento-polo-86c-2f-motorsteuergeraet-bosch-030906026h-0261200794\\\/#primaryimage\",\"url\":\"https:\\\/\\\/audi-klaus.at\\\/shop\\\/wp-content\\\/uploads\\\/2024\\\/02\\\/E938-4.jpg\",\"contentUrl\":\"https:\\\/\\\/audi-klaus.at\\\/shop\\\/wp-content\\\/uploads\\\/2024\\\/02\\\/E938-4.jpg\",\"width\":480,\"height\":480},{\"@type\":\"BreadcrumbList\",\"@id\":\"https:\\\/\\\/audi-klaus.at\\\/shop\\\/produkt\\\/vw-golf-3-cabrio-vento-polo-86c-2f-motorsteuergeraet-bosch-030906026h-0261200794\\\/#breadcrumb\",\"itemListElement\":[{\"@type\":\"ListItem\",\"position\":1,\"name\":\"Startseite\",\"item\":\"https:\\\/\\\/audi-klaus.at\\\/shop\\\/\"},{\"@type\":\"ListItem\",\"position\":2,\"name\":\"Shop\",\"item\":\"https:\\\/\\\/audi-klaus.at\\\/shop\\\/\"},{\"@type\":\"ListItem\",\"position\":3,\"name\":\"Vw Golf\\\/3\\\/Cabrio\\\/Vento\\\/Polo\\\/86C\\\/2F Motorsteuerger\u00e4t Bosch 030906026H\\\/0261200794\"}]},{\"@type\":\"WebSite\",\"@id\":\"https:\\\/\\\/audi-klaus.at\\\/shop\\\/#website\",\"url\":\"https:\\\/\\\/audi-klaus.at\\\/shop\\\/\",\"name\":\"Audi-Klaus\",\"description\":\"Ihr Gebrauchtteile Spezialist f\u00fcr die Marken Audi, VW (VAG)\",\"publisher\":{\"@id\":\"https:\\\/\\\/audi-klaus.at\\\/shop\\\/#organization\"},\"potentialAction\":[{\"@type\":\"SearchAction\",\"target\":{\"@type\":\"EntryPoint\",\"urlTemplate\":\"https:\\\/\\\/audi-klaus.at\\\/shop\\\/?s={search_term_string}\"},\"query-input\":{\"@type\":\"PropertyValueSpecification\",\"valueRequired\":true,\"valueName\":\"search_term_string\"}}],\"inLanguage\":\"de-AT\"},{\"@type\":\"Organization\",\"@id\":\"https:\\\/\\\/audi-klaus.at\\\/shop\\\/#organization\",\"name\":\"Audi-Klaus\",\"url\":\"https:\\\/\\\/audi-klaus.at\\\/shop\\\/\",\"logo\":{\"@type\":\"ImageObject\",\"inLanguage\":\"de-AT\",\"@id\":\"https:\\\/\\\/audi-klaus.at\\\/shop\\\/#\\\/schema\\\/logo\\\/image\\\/\",\"url\":\"https:\\\/\\\/audi-klaus.at\\\/shop\\\/wp-content\\\/uploads\\\/2024\\\/10\\\/Logo-Shop.webp\",\"contentUrl\":\"https:\\\/\\\/audi-klaus.at\\\/shop\\\/wp-content\\\/uploads\\\/2024\\\/10\\\/Logo-Shop.webp\",\"width\":470,\"height\":164,\"caption\":\"Audi-Klaus\"},\"image\":{\"@id\":\"https:\\\/\\\/audi-klaus.at\\\/shop\\\/#\\\/schema\\\/logo\\\/image\\\/\"},\"sameAs\":[\"https:\\\/\\\/www.facebook.com\\\/audi.klaus.1312\\\/\",\"https:\\\/\\\/www.instagram.com\\\/audi_klaus\\\/?igshid=1eca3qu2mdayg\"]}]}<\/script>\n<!-- \/ Yoast SEO plugin. -->","yoast_head_json":{"title":"Vw Golf\/3\/Cabrio\/Vento\/Polo\/86C\/2F Motorsteuerger\u00e4t Bosch 030906026H\/0261200794 - Audi-Klaus","description":"Audi-Klaus Vw Golf\/3\/Cabrio\/Vento\/Polo\/86C\/2F Motorsteuerger\u00e4t Bosch 030906026H\/0261200794 Vw Golf\/3\/Cabrio\/Vento\/Polo\/86C\/2F Motorsteuerger\u00e4t Bosch 030906026H\/0261200794","robots":{"index":"index","follow":"follow","max-snippet":"max-snippet:-1","max-image-preview":"max-image-preview:large","max-video-preview":"max-video-preview:-1"},"canonical":"https:\/\/audi-klaus.at\/shop\/produkt\/vw-golf-3-cabrio-vento-polo-86c-2f-motorsteuergeraet-bosch-030906026h-0261200794\/","og_locale":"de_DE","og_type":"article","og_title":"Vw Golf\/3\/Cabrio\/Vento\/Polo\/86C\/2F Motorsteuerger\u00e4t Bosch 030906026H\/0261200794 - Audi-Klaus","og_description":"Audi-Klaus Vw Golf\/3\/Cabrio\/Vento\/Polo\/86C\/2F Motorsteuerger\u00e4t Bosch 030906026H\/0261200794 Vw Golf\/3\/Cabrio\/Vento\/Polo\/86C\/2F Motorsteuerger\u00e4t Bosch 030906026H\/0261200794","og_url":"https:\/\/audi-klaus.at\/shop\/produkt\/vw-golf-3-cabrio-vento-polo-86c-2f-motorsteuergeraet-bosch-030906026h-0261200794\/","og_site_name":"Audi-Klaus","article_publisher":"https:\/\/www.facebook.com\/audi.klaus.1312\/","article_modified_time":"2026-01-07T21:51:28+00:00","og_image":[{"width":480,"height":480,"url":"https:\/\/audi-klaus.at\/shop\/wp-content\/uploads\/2024\/02\/E938-4.jpg","type":"image\/jpeg"}],"twitter_card":"summary_large_image","twitter_misc":{"Gesch\u00e4tzte Lesezeit":"1 Minute"},"schema":{"@context":"https:\/\/schema.org","@graph":[{"@type":"WebPage","@id":"https:\/\/audi-klaus.at\/shop\/produkt\/vw-golf-3-cabrio-vento-polo-86c-2f-motorsteuergeraet-bosch-030906026h-0261200794\/","url":"https:\/\/audi-klaus.at\/shop\/produkt\/vw-golf-3-cabrio-vento-polo-86c-2f-motorsteuergeraet-bosch-030906026h-0261200794\/","name":"Vw Golf\/3\/Cabrio\/Vento\/Polo\/86C\/2F Motorsteuerger\u00e4t Bosch 030906026H\/0261200794 - Audi-Klaus","isPartOf":{"@id":"https:\/\/audi-klaus.at\/shop\/#website"},"primaryImageOfPage":{"@id":"https:\/\/audi-klaus.at\/shop\/produkt\/vw-golf-3-cabrio-vento-polo-86c-2f-motorsteuergeraet-bosch-030906026h-0261200794\/#primaryimage"},"image":{"@id":"https:\/\/audi-klaus.at\/shop\/produkt\/vw-golf-3-cabrio-vento-polo-86c-2f-motorsteuergeraet-bosch-030906026h-0261200794\/#primaryimage"},"thumbnailUrl":"https:\/\/audi-klaus.at\/shop\/wp-content\/uploads\/2024\/02\/E938-4.jpg","datePublished":"2024-02-27T10:20:12+00:00","dateModified":"2026-01-07T21:51:28+00:00","description":"Audi-Klaus Vw Golf\/3\/Cabrio\/Vento\/Polo\/86C\/2F Motorsteuerger\u00e4t Bosch 030906026H\/0261200794 Vw Golf\/3\/Cabrio\/Vento\/Polo\/86C\/2F Motorsteuerger\u00e4t Bosch 030906026H\/0261200794","breadcrumb":{"@id":"https:\/\/audi-klaus.at\/shop\/produkt\/vw-golf-3-cabrio-vento-polo-86c-2f-motorsteuergeraet-bosch-030906026h-0261200794\/#breadcrumb"},"inLanguage":"de-AT","potentialAction":[{"@type":"ReadAction","target":["https:\/\/audi-klaus.at\/shop\/produkt\/vw-golf-3-cabrio-vento-polo-86c-2f-motorsteuergeraet-bosch-030906026h-0261200794\/"]}]},{"@type":"ImageObject","inLanguage":"de-AT","@id":"https:\/\/audi-klaus.at\/shop\/produkt\/vw-golf-3-cabrio-vento-polo-86c-2f-motorsteuergeraet-bosch-030906026h-0261200794\/#primaryimage","url":"https:\/\/audi-klaus.at\/shop\/wp-content\/uploads\/2024\/02\/E938-4.jpg","contentUrl":"https:\/\/audi-klaus.at\/shop\/wp-content\/uploads\/2024\/02\/E938-4.jpg","width":480,"height":480},{"@type":"BreadcrumbList","@id":"https:\/\/audi-klaus.at\/shop\/produkt\/vw-golf-3-cabrio-vento-polo-86c-2f-motorsteuergeraet-bosch-030906026h-0261200794\/#breadcrumb","itemListElement":[{"@type":"ListItem","position":1,"name":"Startseite","item":"https:\/\/audi-klaus.at\/shop\/"},{"@type":"ListItem","position":2,"name":"Shop","item":"https:\/\/audi-klaus.at\/shop\/"},{"@type":"ListItem","position":3,"name":"Vw Golf\/3\/Cabrio\/Vento\/Polo\/86C\/2F Motorsteuerger\u00e4t Bosch 030906026H\/0261200794"}]},{"@type":"WebSite","@id":"https:\/\/audi-klaus.at\/shop\/#website","url":"https:\/\/audi-klaus.at\/shop\/","name":"Audi-Klaus","description":"Ihr Gebrauchtteile Spezialist f\u00fcr die Marken Audi, VW (VAG)","publisher":{"@id":"https:\/\/audi-klaus.at\/shop\/#organization"},"potentialAction":[{"@type":"SearchAction","target":{"@type":"EntryPoint","urlTemplate":"https:\/\/audi-klaus.at\/shop\/?s={search_term_string}"},"query-input":{"@type":"PropertyValueSpecification","valueRequired":true,"valueName":"search_term_string"}}],"inLanguage":"de-AT"},{"@type":"Organization","@id":"https:\/\/audi-klaus.at\/shop\/#organization","name":"Audi-Klaus","url":"https:\/\/audi-klaus.at\/shop\/","logo":{"@type":"ImageObject","inLanguage":"de-AT","@id":"https:\/\/audi-klaus.at\/shop\/#\/schema\/logo\/image\/","url":"https:\/\/audi-klaus.at\/shop\/wp-content\/uploads\/2024\/10\/Logo-Shop.webp","contentUrl":"https:\/\/audi-klaus.at\/shop\/wp-content\/uploads\/2024\/10\/Logo-Shop.webp","width":470,"height":164,"caption":"Audi-Klaus"},"image":{"@id":"https:\/\/audi-klaus.at\/shop\/#\/schema\/logo\/image\/"},"sameAs":["https:\/\/www.facebook.com\/audi.klaus.1312\/","https:\/\/www.instagram.com\/audi_klaus\/?igshid=1eca3qu2mdayg"]}]}},"_links":{"self":[{"href":"https:\/\/audi-klaus.at\/shop\/wp-json\/wp\/v2\/product\/71449","targetHints":{"allow":["GET"]}}],"collection":[{"href":"https:\/\/audi-klaus.at\/shop\/wp-json\/wp\/v2\/product"}],"about":[{"href":"https:\/\/audi-klaus.at\/shop\/wp-json\/wp\/v2\/types\/product"}],"wp:featuredmedia":[{"embeddable":true,"href":"https:\/\/audi-klaus.at\/shop\/wp-json\/wp\/v2\/media\/71408"}],"wp:attachment":[{"href":"https:\/\/audi-klaus.at\/shop\/wp-json\/wp\/v2\/media?parent=71449"}],"wp:term":[{"taxonomy":"product_brand","embeddable":true,"href":"https:\/\/audi-klaus.at\/shop\/wp-json\/wp\/v2\/product_brand?post=71449"},{"taxonomy":"product_cat","embeddable":true,"href":"https:\/\/audi-klaus.at\/shop\/wp-json\/wp\/v2\/product_cat?post=71449"},{"taxonomy":"product_tag","embeddable":true,"href":"https:\/\/audi-klaus.at\/shop\/wp-json\/wp\/v2\/product_tag?post=71449"}],"curies":[{"name":"wp","href":"https:\/\/api.w.org\/{rel}","templated":true}]}}