{"id":66716,"date":"2023-11-13T14:36:03","date_gmt":"2023-11-13T13:36:03","guid":{"rendered":"https:\/\/audi-klaus.at\/shop\/?post_type=product&#038;p=66716"},"modified":"2026-01-07T22:34:59","modified_gmt":"2026-01-07T21:34:59","slug":"vw-bus-t4-golf-jetta-2-3-passat-b2-b3-b4-sharan-1-vento-stossstangenhalter-nos-1h0807193","status":"publish","type":"product","link":"https:\/\/audi-klaus.at\/shop\/produkt\/vw-bus-t4-golf-jetta-2-3-passat-b2-b3-b4-sharan-1-vento-stossstangenhalter-nos-1h0807193\/","title":{"rendered":"Vw Bus\/T4\/Golf\/Jetta\/2\/3\/Passat\/B2\/B3\/B4\/Sharan\/1\/Vento Sto\u00dfstangenhalter NOS 1H0807193"},"content":{"rendered":"<h5 class=\"western\"><span style=\"color: #060606;\"><span style=\"font-family: Verdana, serif;\"><span style=\"font-size: small;\"><b>VAG Teilenummer<\/b><\/span><\/span><\/span><span style=\"color: #060606;\"><span style=\"font-family: Verdana, serif;\"><span style=\"font-size: small;\">: 1H0 807 193<\/span><\/span><\/span><\/h5>\n<h5 class=\"western\"><span style=\"color: #060606;\"><span style=\"font-family: Verdana, serif;\"><span style=\"font-size: small;\"><b>Zustand: <\/b><\/span><\/span><\/span><span style=\"color: #060606;\"><span style=\"font-family: Verdana, serif;\"><span style=\"font-size: small;\"><span lang=\"de-DE\">NEU<\/span><\/span><\/span><\/span><\/h5>\n<h5 class=\"western\"><span style=\"color: #060606;\"><span style=\"font-family: Verdana, serif;\"><span style=\"font-size: small;\"><b>Lieferumfang:<\/b><\/span><\/span><\/span><span style=\"color: #060606;\"><span style=\"font-family: Verdana, serif;\"><span style=\"font-size: small;\">\u00a0wie in den Original-Abbildungen angegeben<\/span><\/span><\/span><\/h5>\n<h5 class=\"western\"><span style=\"color: #060606;\"><span style=\"font-family: Verdana, serif;\"><span style=\"font-size: small;\"><b>Hinweis:<\/b><\/span><\/span><\/span><span style=\"color: #060606;\"><span style=\"font-family: Verdana, serif;\"><span style=\"font-size: small;\">\u00a0Bitte \u00fcberpr\u00fcfen Sie vor dem Kauf anhand der eindeutigen Teilenummern, ob der Artikel zum Fahrzeug passt, um R\u00fccksendungen zu vermeiden! Trotz Angabe der entsprechenden Fahrzeugdaten ist eine eindeutige Zuordnung nur \u00fcber die Teilenummer m\u00f6glich! Die abgelesene Teilenummer ist die Teilenummer des Teils, welches geliefert wird. Die Originalteilnummer ist diejenige, die bei Neubestellung f\u00fcr dieses Teil gilt und der m\u00f6glicherweise abweichenden, gelieferten Teilenummer entspricht. <\/span><\/span><\/span><\/h5>\n<h5 class=\"western\"><span style=\"color: #060606;\"><span style=\"font-family: Verdana, serif;\"><span style=\"font-size: small;\"><span lang=\"de-DE\">Neu<\/span><\/span><\/span><\/span><span style=\"color: #060606;\"><span style=\"font-family: Verdana, serif;\"><span style=\"font-size: small;\"> mit Gebrauchsspuren in Form von Verunreinigungen\/ kleinen Kratzern m\u00f6glich. Die Ware wird ungereinigt geliefert.<\/span><\/span><\/span><\/h5>\n<h5 class=\"western\"><span style=\"color: #060606;\"><span style=\"font-family: Verdana, serif;\"><span style=\"font-size: small;\">Sollten weitere Fragen offen sein, kontaktieren Sie uns bitte unter\u00a0<\/span><\/span><\/span><a href=\"mailto:office@audi-klaus.at\"><span style=\"color: #0000ff;\"><span style=\"font-family: Verdana, serif;\"><span style=\"font-size: small;\"><u>office@audi-klaus.at<\/u><\/span><\/span><\/span><\/a><\/h5>\n<h5><\/h5>\n","protected":false},"excerpt":{"rendered":"<h5><strong><span style=\"font-size: 18pt;\">Marke: Vw<\/span><\/strong><\/h5>\n<h5><strong><span style=\"font-size: 18pt;\">Modell: Bus\/T4\/Golf\/Jetta\/2\/3\/Passat\/B2\/B3\/B4\/Sharan\/1\/Vento <\/span><\/strong><\/h5>\n<h5><strong><span style=\"font-size: 18pt;\">Typ: T4\/2\/3\/B2\/B3\/B4\/1<\/span><\/strong><\/h5>\n","protected":false},"featured_media":66717,"template":"","meta":[],"product_brand":[],"product_cat":[1239,1176,1256,1178,1286,1186,1296,1194,1398,1195,1438,1205,1648,1209,1658,1164,1230,1668,1165,1231,1739,1167,1232,1919,1168],"product_tag":[9823,23638],"class_list":{"0":"post-66716","1":"product","2":"type-product","3":"status-publish","4":"has-post-thumbnail","6":"product_cat-1-7m-1995-2010","7":"product_cat-passat","8":"product_cat-t4-7d-1990-2003","9":"product_cat-sharan","10":"product_cat-karosserie-2-191-1983-1992","11":"product_cat-bus","12":"product_cat-karosserie-3-1h-1990-1998","13":"product_cat-2-191-1983-1992","14":"product_cat-karosserie-2-165-1983-1992","15":"product_cat-3-1h-1990-1998","16":"product_cat-karosserie-1h5-1991-1998","17":"product_cat-2-165-1983-1992","18":"product_cat-karosserie-b2-32b-1980-1988","19":"product_cat-1h5-1991-1998","20":"product_cat-karosserie-b3-35i-1988-1993","21":"product_cat-vw","22":"product_cat-b2-32b-1980-1988","23":"product_cat-karosserie-b4-3a-1993-1997","24":"product_cat-golf","25":"product_cat-b3-35i-1988-1993","26":"product_cat-karosserie-1-7m-1995-2010","27":"product_cat-jetta","28":"product_cat-b4-3a-1993-1997","29":"product_cat-karosserie-t4-7d-1990-2003","30":"product_cat-vento","31":"product_tag-1h0807193","32":"product_tag-k2603","34":"first","35":"instock","36":"taxable","37":"shipping-taxable","38":"purchasable","39":"product-type-simple"},"yoast_head":"<!-- This site is optimized with the Yoast SEO plugin v27.4 - https:\/\/yoast.com\/product\/yoast-seo-wordpress\/ -->\n<title>Vw Bus\/T4\/Golf\/Jetta\/2\/3\/Passat\/B2\/B3\/B4\/Sharan\/1\/Vento Sto\u00dfstangenhalter NOS 1H0807193 - Audi-Klaus<\/title>\n<meta name=\"description\" content=\"Audi-Klaus Vw Bus\/T4\/Golf\/Jetta\/2\/3\/Passat\/B2\/B3\/B4\/Sharan\/1\/Vento Sto\u00dfstangenhalter NOS 1H0807193 Vw Bus\/T4\/Golf\/Jetta\/2\/3\/Passat\/B2\/B3\/B4\/Sharan\/1\/Vento Sto\u00dfstangenhalter NOS 1H0807193\" \/>\n<meta name=\"robots\" content=\"index, follow, max-snippet:-1, max-image-preview:large, max-video-preview:-1\" \/>\n<link rel=\"canonical\" href=\"https:\/\/audi-klaus.at\/shop\/produkt\/vw-bus-t4-golf-jetta-2-3-passat-b2-b3-b4-sharan-1-vento-stossstangenhalter-nos-1h0807193\/\" \/>\n<meta property=\"og:locale\" content=\"de_DE\" \/>\n<meta property=\"og:type\" content=\"article\" \/>\n<meta property=\"og:title\" content=\"Vw Bus\/T4\/Golf\/Jetta\/2\/3\/Passat\/B2\/B3\/B4\/Sharan\/1\/Vento Sto\u00dfstangenhalter NOS 1H0807193 - Audi-Klaus\" \/>\n<meta property=\"og:description\" content=\"Audi-Klaus Vw Bus\/T4\/Golf\/Jetta\/2\/3\/Passat\/B2\/B3\/B4\/Sharan\/1\/Vento Sto\u00dfstangenhalter NOS 1H0807193 Vw Bus\/T4\/Golf\/Jetta\/2\/3\/Passat\/B2\/B3\/B4\/Sharan\/1\/Vento Sto\u00dfstangenhalter NOS 1H0807193\" \/>\n<meta property=\"og:url\" content=\"https:\/\/audi-klaus.at\/shop\/produkt\/vw-bus-t4-golf-jetta-2-3-passat-b2-b3-b4-sharan-1-vento-stossstangenhalter-nos-1h0807193\/\" \/>\n<meta property=\"og:site_name\" content=\"Audi-Klaus\" \/>\n<meta property=\"article:publisher\" content=\"https:\/\/www.facebook.com\/audi.klaus.1312\/\" \/>\n<meta property=\"article:modified_time\" content=\"2026-01-07T21:34:59+00:00\" \/>\n<meta property=\"og:image\" content=\"https:\/\/audi-klaus.at\/shop\/wp-content\/uploads\/2023\/11\/K2603-1.jpg\" \/>\n\t<meta property=\"og:image:width\" content=\"480\" \/>\n\t<meta property=\"og:image:height\" content=\"480\" \/>\n\t<meta property=\"og:image:type\" content=\"image\/jpeg\" \/>\n<meta name=\"twitter:card\" content=\"summary_large_image\" \/>\n<meta name=\"twitter:label1\" content=\"Gesch\u00e4tzte Lesezeit\" \/>\n\t<meta name=\"twitter:data1\" content=\"1 Minute\" \/>\n<script type=\"application\/ld+json\" class=\"yoast-schema-graph\">{\"@context\":\"https:\\\/\\\/schema.org\",\"@graph\":[{\"@type\":\"WebPage\",\"@id\":\"https:\\\/\\\/audi-klaus.at\\\/shop\\\/produkt\\\/vw-bus-t4-golf-jetta-2-3-passat-b2-b3-b4-sharan-1-vento-stossstangenhalter-nos-1h0807193\\\/\",\"url\":\"https:\\\/\\\/audi-klaus.at\\\/shop\\\/produkt\\\/vw-bus-t4-golf-jetta-2-3-passat-b2-b3-b4-sharan-1-vento-stossstangenhalter-nos-1h0807193\\\/\",\"name\":\"Vw Bus\\\/T4\\\/Golf\\\/Jetta\\\/2\\\/3\\\/Passat\\\/B2\\\/B3\\\/B4\\\/Sharan\\\/1\\\/Vento Sto\u00dfstangenhalter NOS 1H0807193 - Audi-Klaus\",\"isPartOf\":{\"@id\":\"https:\\\/\\\/audi-klaus.at\\\/shop\\\/#website\"},\"primaryImageOfPage\":{\"@id\":\"https:\\\/\\\/audi-klaus.at\\\/shop\\\/produkt\\\/vw-bus-t4-golf-jetta-2-3-passat-b2-b3-b4-sharan-1-vento-stossstangenhalter-nos-1h0807193\\\/#primaryimage\"},\"image\":{\"@id\":\"https:\\\/\\\/audi-klaus.at\\\/shop\\\/produkt\\\/vw-bus-t4-golf-jetta-2-3-passat-b2-b3-b4-sharan-1-vento-stossstangenhalter-nos-1h0807193\\\/#primaryimage\"},\"thumbnailUrl\":\"https:\\\/\\\/audi-klaus.at\\\/shop\\\/wp-content\\\/uploads\\\/2023\\\/11\\\/K2603-1.jpg\",\"datePublished\":\"2023-11-13T13:36:03+00:00\",\"dateModified\":\"2026-01-07T21:34:59+00:00\",\"description\":\"Audi-Klaus Vw Bus\\\/T4\\\/Golf\\\/Jetta\\\/2\\\/3\\\/Passat\\\/B2\\\/B3\\\/B4\\\/Sharan\\\/1\\\/Vento Sto\u00dfstangenhalter NOS 1H0807193 Vw Bus\\\/T4\\\/Golf\\\/Jetta\\\/2\\\/3\\\/Passat\\\/B2\\\/B3\\\/B4\\\/Sharan\\\/1\\\/Vento Sto\u00dfstangenhalter NOS 1H0807193\",\"breadcrumb\":{\"@id\":\"https:\\\/\\\/audi-klaus.at\\\/shop\\\/produkt\\\/vw-bus-t4-golf-jetta-2-3-passat-b2-b3-b4-sharan-1-vento-stossstangenhalter-nos-1h0807193\\\/#breadcrumb\"},\"inLanguage\":\"de-AT\",\"potentialAction\":[{\"@type\":\"ReadAction\",\"target\":[\"https:\\\/\\\/audi-klaus.at\\\/shop\\\/produkt\\\/vw-bus-t4-golf-jetta-2-3-passat-b2-b3-b4-sharan-1-vento-stossstangenhalter-nos-1h0807193\\\/\"]}]},{\"@type\":\"ImageObject\",\"inLanguage\":\"de-AT\",\"@id\":\"https:\\\/\\\/audi-klaus.at\\\/shop\\\/produkt\\\/vw-bus-t4-golf-jetta-2-3-passat-b2-b3-b4-sharan-1-vento-stossstangenhalter-nos-1h0807193\\\/#primaryimage\",\"url\":\"https:\\\/\\\/audi-klaus.at\\\/shop\\\/wp-content\\\/uploads\\\/2023\\\/11\\\/K2603-1.jpg\",\"contentUrl\":\"https:\\\/\\\/audi-klaus.at\\\/shop\\\/wp-content\\\/uploads\\\/2023\\\/11\\\/K2603-1.jpg\",\"width\":480,\"height\":480},{\"@type\":\"BreadcrumbList\",\"@id\":\"https:\\\/\\\/audi-klaus.at\\\/shop\\\/produkt\\\/vw-bus-t4-golf-jetta-2-3-passat-b2-b3-b4-sharan-1-vento-stossstangenhalter-nos-1h0807193\\\/#breadcrumb\",\"itemListElement\":[{\"@type\":\"ListItem\",\"position\":1,\"name\":\"Startseite\",\"item\":\"https:\\\/\\\/audi-klaus.at\\\/shop\\\/\"},{\"@type\":\"ListItem\",\"position\":2,\"name\":\"Shop\",\"item\":\"https:\\\/\\\/audi-klaus.at\\\/shop\\\/\"},{\"@type\":\"ListItem\",\"position\":3,\"name\":\"Vw Bus\\\/T4\\\/Golf\\\/Jetta\\\/2\\\/3\\\/Passat\\\/B2\\\/B3\\\/B4\\\/Sharan\\\/1\\\/Vento Sto\u00dfstangenhalter NOS 1H0807193\"}]},{\"@type\":\"WebSite\",\"@id\":\"https:\\\/\\\/audi-klaus.at\\\/shop\\\/#website\",\"url\":\"https:\\\/\\\/audi-klaus.at\\\/shop\\\/\",\"name\":\"Audi-Klaus\",\"description\":\"Ihr Gebrauchtteile Spezialist f\u00fcr die Marken Audi, VW (VAG)\",\"publisher\":{\"@id\":\"https:\\\/\\\/audi-klaus.at\\\/shop\\\/#organization\"},\"potentialAction\":[{\"@type\":\"SearchAction\",\"target\":{\"@type\":\"EntryPoint\",\"urlTemplate\":\"https:\\\/\\\/audi-klaus.at\\\/shop\\\/?s={search_term_string}\"},\"query-input\":{\"@type\":\"PropertyValueSpecification\",\"valueRequired\":true,\"valueName\":\"search_term_string\"}}],\"inLanguage\":\"de-AT\"},{\"@type\":\"Organization\",\"@id\":\"https:\\\/\\\/audi-klaus.at\\\/shop\\\/#organization\",\"name\":\"Audi-Klaus\",\"url\":\"https:\\\/\\\/audi-klaus.at\\\/shop\\\/\",\"logo\":{\"@type\":\"ImageObject\",\"inLanguage\":\"de-AT\",\"@id\":\"https:\\\/\\\/audi-klaus.at\\\/shop\\\/#\\\/schema\\\/logo\\\/image\\\/\",\"url\":\"https:\\\/\\\/audi-klaus.at\\\/shop\\\/wp-content\\\/uploads\\\/2024\\\/10\\\/Logo-Shop.webp\",\"contentUrl\":\"https:\\\/\\\/audi-klaus.at\\\/shop\\\/wp-content\\\/uploads\\\/2024\\\/10\\\/Logo-Shop.webp\",\"width\":470,\"height\":164,\"caption\":\"Audi-Klaus\"},\"image\":{\"@id\":\"https:\\\/\\\/audi-klaus.at\\\/shop\\\/#\\\/schema\\\/logo\\\/image\\\/\"},\"sameAs\":[\"https:\\\/\\\/www.facebook.com\\\/audi.klaus.1312\\\/\",\"https:\\\/\\\/www.instagram.com\\\/audi_klaus\\\/?igshid=1eca3qu2mdayg\"]}]}<\/script>\n<!-- \/ Yoast SEO plugin. -->","yoast_head_json":{"title":"Vw Bus\/T4\/Golf\/Jetta\/2\/3\/Passat\/B2\/B3\/B4\/Sharan\/1\/Vento Sto\u00dfstangenhalter NOS 1H0807193 - Audi-Klaus","description":"Audi-Klaus Vw Bus\/T4\/Golf\/Jetta\/2\/3\/Passat\/B2\/B3\/B4\/Sharan\/1\/Vento Sto\u00dfstangenhalter NOS 1H0807193 Vw Bus\/T4\/Golf\/Jetta\/2\/3\/Passat\/B2\/B3\/B4\/Sharan\/1\/Vento Sto\u00dfstangenhalter NOS 1H0807193","robots":{"index":"index","follow":"follow","max-snippet":"max-snippet:-1","max-image-preview":"max-image-preview:large","max-video-preview":"max-video-preview:-1"},"canonical":"https:\/\/audi-klaus.at\/shop\/produkt\/vw-bus-t4-golf-jetta-2-3-passat-b2-b3-b4-sharan-1-vento-stossstangenhalter-nos-1h0807193\/","og_locale":"de_DE","og_type":"article","og_title":"Vw Bus\/T4\/Golf\/Jetta\/2\/3\/Passat\/B2\/B3\/B4\/Sharan\/1\/Vento Sto\u00dfstangenhalter NOS 1H0807193 - Audi-Klaus","og_description":"Audi-Klaus Vw Bus\/T4\/Golf\/Jetta\/2\/3\/Passat\/B2\/B3\/B4\/Sharan\/1\/Vento Sto\u00dfstangenhalter NOS 1H0807193 Vw Bus\/T4\/Golf\/Jetta\/2\/3\/Passat\/B2\/B3\/B4\/Sharan\/1\/Vento Sto\u00dfstangenhalter NOS 1H0807193","og_url":"https:\/\/audi-klaus.at\/shop\/produkt\/vw-bus-t4-golf-jetta-2-3-passat-b2-b3-b4-sharan-1-vento-stossstangenhalter-nos-1h0807193\/","og_site_name":"Audi-Klaus","article_publisher":"https:\/\/www.facebook.com\/audi.klaus.1312\/","article_modified_time":"2026-01-07T21:34:59+00:00","og_image":[{"width":480,"height":480,"url":"https:\/\/audi-klaus.at\/shop\/wp-content\/uploads\/2023\/11\/K2603-1.jpg","type":"image\/jpeg"}],"twitter_card":"summary_large_image","twitter_misc":{"Gesch\u00e4tzte Lesezeit":"1 Minute"},"schema":{"@context":"https:\/\/schema.org","@graph":[{"@type":"WebPage","@id":"https:\/\/audi-klaus.at\/shop\/produkt\/vw-bus-t4-golf-jetta-2-3-passat-b2-b3-b4-sharan-1-vento-stossstangenhalter-nos-1h0807193\/","url":"https:\/\/audi-klaus.at\/shop\/produkt\/vw-bus-t4-golf-jetta-2-3-passat-b2-b3-b4-sharan-1-vento-stossstangenhalter-nos-1h0807193\/","name":"Vw Bus\/T4\/Golf\/Jetta\/2\/3\/Passat\/B2\/B3\/B4\/Sharan\/1\/Vento Sto\u00dfstangenhalter NOS 1H0807193 - Audi-Klaus","isPartOf":{"@id":"https:\/\/audi-klaus.at\/shop\/#website"},"primaryImageOfPage":{"@id":"https:\/\/audi-klaus.at\/shop\/produkt\/vw-bus-t4-golf-jetta-2-3-passat-b2-b3-b4-sharan-1-vento-stossstangenhalter-nos-1h0807193\/#primaryimage"},"image":{"@id":"https:\/\/audi-klaus.at\/shop\/produkt\/vw-bus-t4-golf-jetta-2-3-passat-b2-b3-b4-sharan-1-vento-stossstangenhalter-nos-1h0807193\/#primaryimage"},"thumbnailUrl":"https:\/\/audi-klaus.at\/shop\/wp-content\/uploads\/2023\/11\/K2603-1.jpg","datePublished":"2023-11-13T13:36:03+00:00","dateModified":"2026-01-07T21:34:59+00:00","description":"Audi-Klaus Vw Bus\/T4\/Golf\/Jetta\/2\/3\/Passat\/B2\/B3\/B4\/Sharan\/1\/Vento Sto\u00dfstangenhalter NOS 1H0807193 Vw Bus\/T4\/Golf\/Jetta\/2\/3\/Passat\/B2\/B3\/B4\/Sharan\/1\/Vento Sto\u00dfstangenhalter NOS 1H0807193","breadcrumb":{"@id":"https:\/\/audi-klaus.at\/shop\/produkt\/vw-bus-t4-golf-jetta-2-3-passat-b2-b3-b4-sharan-1-vento-stossstangenhalter-nos-1h0807193\/#breadcrumb"},"inLanguage":"de-AT","potentialAction":[{"@type":"ReadAction","target":["https:\/\/audi-klaus.at\/shop\/produkt\/vw-bus-t4-golf-jetta-2-3-passat-b2-b3-b4-sharan-1-vento-stossstangenhalter-nos-1h0807193\/"]}]},{"@type":"ImageObject","inLanguage":"de-AT","@id":"https:\/\/audi-klaus.at\/shop\/produkt\/vw-bus-t4-golf-jetta-2-3-passat-b2-b3-b4-sharan-1-vento-stossstangenhalter-nos-1h0807193\/#primaryimage","url":"https:\/\/audi-klaus.at\/shop\/wp-content\/uploads\/2023\/11\/K2603-1.jpg","contentUrl":"https:\/\/audi-klaus.at\/shop\/wp-content\/uploads\/2023\/11\/K2603-1.jpg","width":480,"height":480},{"@type":"BreadcrumbList","@id":"https:\/\/audi-klaus.at\/shop\/produkt\/vw-bus-t4-golf-jetta-2-3-passat-b2-b3-b4-sharan-1-vento-stossstangenhalter-nos-1h0807193\/#breadcrumb","itemListElement":[{"@type":"ListItem","position":1,"name":"Startseite","item":"https:\/\/audi-klaus.at\/shop\/"},{"@type":"ListItem","position":2,"name":"Shop","item":"https:\/\/audi-klaus.at\/shop\/"},{"@type":"ListItem","position":3,"name":"Vw Bus\/T4\/Golf\/Jetta\/2\/3\/Passat\/B2\/B3\/B4\/Sharan\/1\/Vento Sto\u00dfstangenhalter NOS 1H0807193"}]},{"@type":"WebSite","@id":"https:\/\/audi-klaus.at\/shop\/#website","url":"https:\/\/audi-klaus.at\/shop\/","name":"Audi-Klaus","description":"Ihr Gebrauchtteile Spezialist f\u00fcr die Marken Audi, VW (VAG)","publisher":{"@id":"https:\/\/audi-klaus.at\/shop\/#organization"},"potentialAction":[{"@type":"SearchAction","target":{"@type":"EntryPoint","urlTemplate":"https:\/\/audi-klaus.at\/shop\/?s={search_term_string}"},"query-input":{"@type":"PropertyValueSpecification","valueRequired":true,"valueName":"search_term_string"}}],"inLanguage":"de-AT"},{"@type":"Organization","@id":"https:\/\/audi-klaus.at\/shop\/#organization","name":"Audi-Klaus","url":"https:\/\/audi-klaus.at\/shop\/","logo":{"@type":"ImageObject","inLanguage":"de-AT","@id":"https:\/\/audi-klaus.at\/shop\/#\/schema\/logo\/image\/","url":"https:\/\/audi-klaus.at\/shop\/wp-content\/uploads\/2024\/10\/Logo-Shop.webp","contentUrl":"https:\/\/audi-klaus.at\/shop\/wp-content\/uploads\/2024\/10\/Logo-Shop.webp","width":470,"height":164,"caption":"Audi-Klaus"},"image":{"@id":"https:\/\/audi-klaus.at\/shop\/#\/schema\/logo\/image\/"},"sameAs":["https:\/\/www.facebook.com\/audi.klaus.1312\/","https:\/\/www.instagram.com\/audi_klaus\/?igshid=1eca3qu2mdayg"]}]}},"_links":{"self":[{"href":"https:\/\/audi-klaus.at\/shop\/wp-json\/wp\/v2\/product\/66716","targetHints":{"allow":["GET"]}}],"collection":[{"href":"https:\/\/audi-klaus.at\/shop\/wp-json\/wp\/v2\/product"}],"about":[{"href":"https:\/\/audi-klaus.at\/shop\/wp-json\/wp\/v2\/types\/product"}],"wp:featuredmedia":[{"embeddable":true,"href":"https:\/\/audi-klaus.at\/shop\/wp-json\/wp\/v2\/media\/66717"}],"wp:attachment":[{"href":"https:\/\/audi-klaus.at\/shop\/wp-json\/wp\/v2\/media?parent=66716"}],"wp:term":[{"taxonomy":"product_brand","embeddable":true,"href":"https:\/\/audi-klaus.at\/shop\/wp-json\/wp\/v2\/product_brand?post=66716"},{"taxonomy":"product_cat","embeddable":true,"href":"https:\/\/audi-klaus.at\/shop\/wp-json\/wp\/v2\/product_cat?post=66716"},{"taxonomy":"product_tag","embeddable":true,"href":"https:\/\/audi-klaus.at\/shop\/wp-json\/wp\/v2\/product_tag?post=66716"}],"curies":[{"name":"wp","href":"https:\/\/api.w.org\/{rel}","templated":true}]}}