{"id":66211,"date":"2023-11-08T10:47:51","date_gmt":"2023-11-08T09:47:51","guid":{"rendered":"https:\/\/audi-klaus.at\/shop\/?post_type=product&#038;p=66211"},"modified":"2026-01-07T22:34:47","modified_gmt":"2026-01-07T21:34:47","slug":"vw-bus-t3-bora-golf-4-5-passat-b5-b7-polo-4-scirocco-3-schluessel-neu-58255-aic-vergleichsnr-7d0939753j","status":"publish","type":"product","link":"https:\/\/audi-klaus.at\/shop\/produkt\/vw-bus-t3-bora-golf-4-5-passat-b5-b7-polo-4-scirocco-3-schluessel-neu-58255-aic-vergleichsnr-7d0939753j\/","title":{"rendered":"Vw Bus\/T3\/Bora\/Golf\/4\/5\/Passat\/B5\/B7\/Polo\/4\/Scirocco\/3 Schl\u00fcssel NEU 58255 AIC\/Vergleichsnr.: 7D0939753J"},"content":{"rendered":"<h5 class=\"western\"><span style=\"color: #060606;\"><span style=\"font-family: Verdana, serif;\"><span style=\"font-size: small;\"><b>VAG Teilenummer<\/b><\/span><\/span><\/span><span style=\"color: #060606;\"><span style=\"font-family: Verdana, serif;\"><span style=\"font-size: small;\">: 582 55 AIC, Vergleichsnr.: 7D0 939 753J<\/span><\/span><\/span><\/h5>\n<h5 class=\"western\"><span style=\"color: #060606;\"><span style=\"font-family: Verdana, serif;\"><span style=\"font-size: small;\"><b>Zustand: <\/b><\/span><\/span><\/span><span style=\"color: #060606;\"><span style=\"font-family: Verdana, serif;\"><span style=\"font-size: small;\"><span lang=\"de-DE\">NEU<\/span><\/span><\/span><\/span><\/h5>\n<h5 class=\"western\"><span style=\"color: #060606;\"><span style=\"font-family: Verdana, serif;\"><span style=\"font-size: small;\"><b>Lieferumfang:<\/b><\/span><\/span><\/span><span style=\"color: #060606;\"><span style=\"font-family: Verdana, serif;\"><span style=\"font-size: small;\">\u00a0wie in den Original-Abbildungen angegeben<\/span><\/span><\/span><\/h5>\n<h5 class=\"western\"><span style=\"color: #060606;\"><span style=\"font-family: Verdana, serif;\"><span style=\"font-size: small;\"><b>Hinweis:<\/b><\/span><\/span><\/span><span style=\"color: #060606;\"><span style=\"font-family: Verdana, serif;\"><span style=\"font-size: small;\">\u00a0Bitte \u00fcberpr\u00fcfen Sie vor dem Kauf anhand der eindeutigen Teilenummern, ob der Artikel zum Fahrzeug passt, um R\u00fccksendungen zu vermeiden! Trotz Angabe der entsprechenden Fahrzeugdaten ist eine eindeutige Zuordnung nur \u00fcber die Teilenummer m\u00f6glich! Die abgelesene Teilenummer ist die Teilenummer des Teils, welches geliefert wird. Die Originalteilnummer ist diejenige, die bei Neubestellung f\u00fcr dieses Teil gilt und der m\u00f6glicherweise abweichenden, gelieferten Teilenummer entspricht. <\/span><\/span><\/span><\/h5>\n<h5 class=\"western\"><span style=\"color: #060606;\"><span style=\"font-family: Verdana, serif;\"><span style=\"font-size: small;\"><span lang=\"de-DE\">Neu<\/span><\/span><\/span><\/span><span style=\"color: #060606;\"><span style=\"font-family: Verdana, serif;\"><span style=\"font-size: small;\"> mit Gebrauchsspuren in Form von Verunreinigungen\/ kleinen Kratzern m\u00f6glich. Die Ware wird ungereinigt geliefert.<\/span><\/span><\/span><\/h5>\n<h5 class=\"western\"><span style=\"color: #060606;\"><span style=\"font-family: Verdana, serif;\"><span style=\"font-size: small;\">Sollten weitere Fragen offen sein, kontaktieren Sie uns bitte unter\u00a0<\/span><\/span><\/span><a href=\"mailto:office@audi-klaus.at\"><span style=\"color: #0000ff;\"><span style=\"font-family: Verdana, serif;\"><span style=\"font-size: small;\"><u>office@audi-klaus.at<\/u><\/span><\/span><\/span><\/a><\/h5>\n","protected":false},"excerpt":{"rendered":"<p class=\"western\"><strong><span style=\"color: #000000;\"><span style=\"font-family: Source Sans Pro, serif;\"><span style=\"font-size: x-large;\">Marke: Vw<br \/>\nModell: Bus\/Bora\/Golf\/Passat\/Polo\/Scirocco<br \/>\nTyp: T3\/4\/5\/B5\/B7\/4\/3<\/span><\/span><\/span><\/strong><\/p>\n","protected":false},"featured_media":66173,"template":"","meta":[],"product_brand":[],"product_cat":[1697,1164,1220,1908,1165,1233,1169,1236,1170,1255,1172,1305,1176,1315,1186,1447,1196,1477,1197,1547,1210,1677,1213],"product_tag":[23381,23382,23383,23384],"class_list":{"0":"post-66211","1":"product","2":"type-product","3":"status-publish","4":"has-post-thumbnail","6":"product_cat-elektrik-b7-3c-2010-2014","7":"product_cat-vw","8":"product_cat-4-9n-2001-2005","9":"product_cat-elektrik-t3-251-1979-1992","10":"product_cat-golf","11":"product_cat-b5-3b-1996-2005","12":"product_cat-bora","13":"product_cat-b7-3c-2010-2014","14":"product_cat-scirocco","15":"product_cat-t3-251-1979-1992","16":"product_cat-polo","17":"product_cat-elektrik-4-1j-1997-2007","18":"product_cat-passat","19":"product_cat-elektrik-5-1k-2003-2010","20":"product_cat-bus","21":"product_cat-elektrik-1j2-1998-2013","22":"product_cat-4-1j-1997-2007","23":"product_cat-elektrik-3-2008-2014","24":"product_cat-5-1k-2003-2010","25":"product_cat-elektrik-4-9n-2001-2005","26":"product_cat-1j2-1998-2013","27":"product_cat-elektrik-b5-3b-1996-2005","28":"product_cat-3-2008-2014","29":"product_tag-58255-aic","30":"product_tag-7d0939753j","31":"product_tag-7d0939753","32":"product_tag-e694","34":"first","35":"outofstock","36":"taxable","37":"shipping-taxable","38":"purchasable","39":"product-type-simple"},"yoast_head":"<!-- This site is optimized with the Yoast SEO plugin v27.4 - https:\/\/yoast.com\/product\/yoast-seo-wordpress\/ -->\n<title>Vw Bus\/T3\/Bora\/Golf\/4\/5\/Passat\/B5\/B7\/Polo\/4\/Scirocco\/3 Schl\u00fcssel NEU 58255 AIC\/Vergleichsnr.: 7D0939753J - Audi-Klaus<\/title>\n<meta name=\"description\" content=\"Audi-Klaus Vw Bus\/T3\/Bora\/Golf\/4\/5\/Passat\/B5\/B7\/Polo\/4\/Scirocco\/3 Schl\u00fcssel NEU 58255 AIC\/Vergleichsnr.: 7D0939753J Vw Bus\/T3\/Bora\/Golf\/4\/5\/Passat\/B5\/B7\/Polo\/4\/Scirocco\/3 Schl\u00fcssel NEU 58255 AIC\/Vergleichsnr.: 7D0939753J\" \/>\n<meta name=\"robots\" content=\"index, follow, max-snippet:-1, max-image-preview:large, max-video-preview:-1\" \/>\n<link rel=\"canonical\" href=\"https:\/\/audi-klaus.at\/shop\/produkt\/vw-bus-t3-bora-golf-4-5-passat-b5-b7-polo-4-scirocco-3-schluessel-neu-58255-aic-vergleichsnr-7d0939753j\/\" \/>\n<meta property=\"og:locale\" content=\"de_DE\" \/>\n<meta property=\"og:type\" content=\"article\" \/>\n<meta property=\"og:title\" content=\"Vw Bus\/T3\/Bora\/Golf\/4\/5\/Passat\/B5\/B7\/Polo\/4\/Scirocco\/3 Schl\u00fcssel NEU 58255 AIC\/Vergleichsnr.: 7D0939753J - Audi-Klaus\" \/>\n<meta property=\"og:description\" content=\"Audi-Klaus Vw Bus\/T3\/Bora\/Golf\/4\/5\/Passat\/B5\/B7\/Polo\/4\/Scirocco\/3 Schl\u00fcssel NEU 58255 AIC\/Vergleichsnr.: 7D0939753J Vw Bus\/T3\/Bora\/Golf\/4\/5\/Passat\/B5\/B7\/Polo\/4\/Scirocco\/3 Schl\u00fcssel NEU 58255 AIC\/Vergleichsnr.: 7D0939753J\" \/>\n<meta property=\"og:url\" content=\"https:\/\/audi-klaus.at\/shop\/produkt\/vw-bus-t3-bora-golf-4-5-passat-b5-b7-polo-4-scirocco-3-schluessel-neu-58255-aic-vergleichsnr-7d0939753j\/\" \/>\n<meta property=\"og:site_name\" content=\"Audi-Klaus\" \/>\n<meta property=\"article:publisher\" content=\"https:\/\/www.facebook.com\/audi.klaus.1312\/\" \/>\n<meta property=\"article:modified_time\" content=\"2026-01-07T21:34:47+00:00\" \/>\n<meta property=\"og:image\" content=\"https:\/\/audi-klaus.at\/shop\/wp-content\/uploads\/2023\/11\/E694-2.jpg\" \/>\n\t<meta property=\"og:image:width\" content=\"480\" \/>\n\t<meta property=\"og:image:height\" content=\"480\" \/>\n\t<meta property=\"og:image:type\" content=\"image\/jpeg\" \/>\n<meta name=\"twitter:card\" content=\"summary_large_image\" \/>\n<meta name=\"twitter:label1\" content=\"Gesch\u00e4tzte Lesezeit\" \/>\n\t<meta name=\"twitter:data1\" content=\"1 Minute\" \/>\n<script type=\"application\/ld+json\" class=\"yoast-schema-graph\">{\"@context\":\"https:\\\/\\\/schema.org\",\"@graph\":[{\"@type\":\"WebPage\",\"@id\":\"https:\\\/\\\/audi-klaus.at\\\/shop\\\/produkt\\\/vw-bus-t3-bora-golf-4-5-passat-b5-b7-polo-4-scirocco-3-schluessel-neu-58255-aic-vergleichsnr-7d0939753j\\\/\",\"url\":\"https:\\\/\\\/audi-klaus.at\\\/shop\\\/produkt\\\/vw-bus-t3-bora-golf-4-5-passat-b5-b7-polo-4-scirocco-3-schluessel-neu-58255-aic-vergleichsnr-7d0939753j\\\/\",\"name\":\"Vw Bus\\\/T3\\\/Bora\\\/Golf\\\/4\\\/5\\\/Passat\\\/B5\\\/B7\\\/Polo\\\/4\\\/Scirocco\\\/3 Schl\u00fcssel NEU 58255 AIC\\\/Vergleichsnr.: 7D0939753J - Audi-Klaus\",\"isPartOf\":{\"@id\":\"https:\\\/\\\/audi-klaus.at\\\/shop\\\/#website\"},\"primaryImageOfPage\":{\"@id\":\"https:\\\/\\\/audi-klaus.at\\\/shop\\\/produkt\\\/vw-bus-t3-bora-golf-4-5-passat-b5-b7-polo-4-scirocco-3-schluessel-neu-58255-aic-vergleichsnr-7d0939753j\\\/#primaryimage\"},\"image\":{\"@id\":\"https:\\\/\\\/audi-klaus.at\\\/shop\\\/produkt\\\/vw-bus-t3-bora-golf-4-5-passat-b5-b7-polo-4-scirocco-3-schluessel-neu-58255-aic-vergleichsnr-7d0939753j\\\/#primaryimage\"},\"thumbnailUrl\":\"https:\\\/\\\/audi-klaus.at\\\/shop\\\/wp-content\\\/uploads\\\/2023\\\/11\\\/E694-2.jpg\",\"datePublished\":\"2023-11-08T09:47:51+00:00\",\"dateModified\":\"2026-01-07T21:34:47+00:00\",\"description\":\"Audi-Klaus Vw Bus\\\/T3\\\/Bora\\\/Golf\\\/4\\\/5\\\/Passat\\\/B5\\\/B7\\\/Polo\\\/4\\\/Scirocco\\\/3 Schl\u00fcssel NEU 58255 AIC\\\/Vergleichsnr.: 7D0939753J Vw Bus\\\/T3\\\/Bora\\\/Golf\\\/4\\\/5\\\/Passat\\\/B5\\\/B7\\\/Polo\\\/4\\\/Scirocco\\\/3 Schl\u00fcssel NEU 58255 AIC\\\/Vergleichsnr.: 7D0939753J\",\"breadcrumb\":{\"@id\":\"https:\\\/\\\/audi-klaus.at\\\/shop\\\/produkt\\\/vw-bus-t3-bora-golf-4-5-passat-b5-b7-polo-4-scirocco-3-schluessel-neu-58255-aic-vergleichsnr-7d0939753j\\\/#breadcrumb\"},\"inLanguage\":\"de-AT\",\"potentialAction\":[{\"@type\":\"ReadAction\",\"target\":[\"https:\\\/\\\/audi-klaus.at\\\/shop\\\/produkt\\\/vw-bus-t3-bora-golf-4-5-passat-b5-b7-polo-4-scirocco-3-schluessel-neu-58255-aic-vergleichsnr-7d0939753j\\\/\"]}]},{\"@type\":\"ImageObject\",\"inLanguage\":\"de-AT\",\"@id\":\"https:\\\/\\\/audi-klaus.at\\\/shop\\\/produkt\\\/vw-bus-t3-bora-golf-4-5-passat-b5-b7-polo-4-scirocco-3-schluessel-neu-58255-aic-vergleichsnr-7d0939753j\\\/#primaryimage\",\"url\":\"https:\\\/\\\/audi-klaus.at\\\/shop\\\/wp-content\\\/uploads\\\/2023\\\/11\\\/E694-2.jpg\",\"contentUrl\":\"https:\\\/\\\/audi-klaus.at\\\/shop\\\/wp-content\\\/uploads\\\/2023\\\/11\\\/E694-2.jpg\",\"width\":480,\"height\":480},{\"@type\":\"BreadcrumbList\",\"@id\":\"https:\\\/\\\/audi-klaus.at\\\/shop\\\/produkt\\\/vw-bus-t3-bora-golf-4-5-passat-b5-b7-polo-4-scirocco-3-schluessel-neu-58255-aic-vergleichsnr-7d0939753j\\\/#breadcrumb\",\"itemListElement\":[{\"@type\":\"ListItem\",\"position\":1,\"name\":\"Startseite\",\"item\":\"https:\\\/\\\/audi-klaus.at\\\/shop\\\/\"},{\"@type\":\"ListItem\",\"position\":2,\"name\":\"Shop\",\"item\":\"https:\\\/\\\/audi-klaus.at\\\/shop\\\/\"},{\"@type\":\"ListItem\",\"position\":3,\"name\":\"Vw Bus\\\/T3\\\/Bora\\\/Golf\\\/4\\\/5\\\/Passat\\\/B5\\\/B7\\\/Polo\\\/4\\\/Scirocco\\\/3 Schl\u00fcssel NEU 58255 AIC\\\/Vergleichsnr.: 7D0939753J\"}]},{\"@type\":\"WebSite\",\"@id\":\"https:\\\/\\\/audi-klaus.at\\\/shop\\\/#website\",\"url\":\"https:\\\/\\\/audi-klaus.at\\\/shop\\\/\",\"name\":\"Audi-Klaus\",\"description\":\"Ihr Gebrauchtteile Spezialist f\u00fcr die Marken Audi, VW (VAG)\",\"publisher\":{\"@id\":\"https:\\\/\\\/audi-klaus.at\\\/shop\\\/#organization\"},\"potentialAction\":[{\"@type\":\"SearchAction\",\"target\":{\"@type\":\"EntryPoint\",\"urlTemplate\":\"https:\\\/\\\/audi-klaus.at\\\/shop\\\/?s={search_term_string}\"},\"query-input\":{\"@type\":\"PropertyValueSpecification\",\"valueRequired\":true,\"valueName\":\"search_term_string\"}}],\"inLanguage\":\"de-AT\"},{\"@type\":\"Organization\",\"@id\":\"https:\\\/\\\/audi-klaus.at\\\/shop\\\/#organization\",\"name\":\"Audi-Klaus\",\"url\":\"https:\\\/\\\/audi-klaus.at\\\/shop\\\/\",\"logo\":{\"@type\":\"ImageObject\",\"inLanguage\":\"de-AT\",\"@id\":\"https:\\\/\\\/audi-klaus.at\\\/shop\\\/#\\\/schema\\\/logo\\\/image\\\/\",\"url\":\"https:\\\/\\\/audi-klaus.at\\\/shop\\\/wp-content\\\/uploads\\\/2024\\\/10\\\/Logo-Shop.webp\",\"contentUrl\":\"https:\\\/\\\/audi-klaus.at\\\/shop\\\/wp-content\\\/uploads\\\/2024\\\/10\\\/Logo-Shop.webp\",\"width\":470,\"height\":164,\"caption\":\"Audi-Klaus\"},\"image\":{\"@id\":\"https:\\\/\\\/audi-klaus.at\\\/shop\\\/#\\\/schema\\\/logo\\\/image\\\/\"},\"sameAs\":[\"https:\\\/\\\/www.facebook.com\\\/audi.klaus.1312\\\/\",\"https:\\\/\\\/www.instagram.com\\\/audi_klaus\\\/?igshid=1eca3qu2mdayg\"]}]}<\/script>\n<!-- \/ Yoast SEO plugin. -->","yoast_head_json":{"title":"Vw Bus\/T3\/Bora\/Golf\/4\/5\/Passat\/B5\/B7\/Polo\/4\/Scirocco\/3 Schl\u00fcssel NEU 58255 AIC\/Vergleichsnr.: 7D0939753J - Audi-Klaus","description":"Audi-Klaus Vw Bus\/T3\/Bora\/Golf\/4\/5\/Passat\/B5\/B7\/Polo\/4\/Scirocco\/3 Schl\u00fcssel NEU 58255 AIC\/Vergleichsnr.: 7D0939753J Vw Bus\/T3\/Bora\/Golf\/4\/5\/Passat\/B5\/B7\/Polo\/4\/Scirocco\/3 Schl\u00fcssel NEU 58255 AIC\/Vergleichsnr.: 7D0939753J","robots":{"index":"index","follow":"follow","max-snippet":"max-snippet:-1","max-image-preview":"max-image-preview:large","max-video-preview":"max-video-preview:-1"},"canonical":"https:\/\/audi-klaus.at\/shop\/produkt\/vw-bus-t3-bora-golf-4-5-passat-b5-b7-polo-4-scirocco-3-schluessel-neu-58255-aic-vergleichsnr-7d0939753j\/","og_locale":"de_DE","og_type":"article","og_title":"Vw Bus\/T3\/Bora\/Golf\/4\/5\/Passat\/B5\/B7\/Polo\/4\/Scirocco\/3 Schl\u00fcssel NEU 58255 AIC\/Vergleichsnr.: 7D0939753J - Audi-Klaus","og_description":"Audi-Klaus Vw Bus\/T3\/Bora\/Golf\/4\/5\/Passat\/B5\/B7\/Polo\/4\/Scirocco\/3 Schl\u00fcssel NEU 58255 AIC\/Vergleichsnr.: 7D0939753J Vw Bus\/T3\/Bora\/Golf\/4\/5\/Passat\/B5\/B7\/Polo\/4\/Scirocco\/3 Schl\u00fcssel NEU 58255 AIC\/Vergleichsnr.: 7D0939753J","og_url":"https:\/\/audi-klaus.at\/shop\/produkt\/vw-bus-t3-bora-golf-4-5-passat-b5-b7-polo-4-scirocco-3-schluessel-neu-58255-aic-vergleichsnr-7d0939753j\/","og_site_name":"Audi-Klaus","article_publisher":"https:\/\/www.facebook.com\/audi.klaus.1312\/","article_modified_time":"2026-01-07T21:34:47+00:00","og_image":[{"width":480,"height":480,"url":"https:\/\/audi-klaus.at\/shop\/wp-content\/uploads\/2023\/11\/E694-2.jpg","type":"image\/jpeg"}],"twitter_card":"summary_large_image","twitter_misc":{"Gesch\u00e4tzte Lesezeit":"1 Minute"},"schema":{"@context":"https:\/\/schema.org","@graph":[{"@type":"WebPage","@id":"https:\/\/audi-klaus.at\/shop\/produkt\/vw-bus-t3-bora-golf-4-5-passat-b5-b7-polo-4-scirocco-3-schluessel-neu-58255-aic-vergleichsnr-7d0939753j\/","url":"https:\/\/audi-klaus.at\/shop\/produkt\/vw-bus-t3-bora-golf-4-5-passat-b5-b7-polo-4-scirocco-3-schluessel-neu-58255-aic-vergleichsnr-7d0939753j\/","name":"Vw Bus\/T3\/Bora\/Golf\/4\/5\/Passat\/B5\/B7\/Polo\/4\/Scirocco\/3 Schl\u00fcssel NEU 58255 AIC\/Vergleichsnr.: 7D0939753J - Audi-Klaus","isPartOf":{"@id":"https:\/\/audi-klaus.at\/shop\/#website"},"primaryImageOfPage":{"@id":"https:\/\/audi-klaus.at\/shop\/produkt\/vw-bus-t3-bora-golf-4-5-passat-b5-b7-polo-4-scirocco-3-schluessel-neu-58255-aic-vergleichsnr-7d0939753j\/#primaryimage"},"image":{"@id":"https:\/\/audi-klaus.at\/shop\/produkt\/vw-bus-t3-bora-golf-4-5-passat-b5-b7-polo-4-scirocco-3-schluessel-neu-58255-aic-vergleichsnr-7d0939753j\/#primaryimage"},"thumbnailUrl":"https:\/\/audi-klaus.at\/shop\/wp-content\/uploads\/2023\/11\/E694-2.jpg","datePublished":"2023-11-08T09:47:51+00:00","dateModified":"2026-01-07T21:34:47+00:00","description":"Audi-Klaus Vw Bus\/T3\/Bora\/Golf\/4\/5\/Passat\/B5\/B7\/Polo\/4\/Scirocco\/3 Schl\u00fcssel NEU 58255 AIC\/Vergleichsnr.: 7D0939753J Vw Bus\/T3\/Bora\/Golf\/4\/5\/Passat\/B5\/B7\/Polo\/4\/Scirocco\/3 Schl\u00fcssel NEU 58255 AIC\/Vergleichsnr.: 7D0939753J","breadcrumb":{"@id":"https:\/\/audi-klaus.at\/shop\/produkt\/vw-bus-t3-bora-golf-4-5-passat-b5-b7-polo-4-scirocco-3-schluessel-neu-58255-aic-vergleichsnr-7d0939753j\/#breadcrumb"},"inLanguage":"de-AT","potentialAction":[{"@type":"ReadAction","target":["https:\/\/audi-klaus.at\/shop\/produkt\/vw-bus-t3-bora-golf-4-5-passat-b5-b7-polo-4-scirocco-3-schluessel-neu-58255-aic-vergleichsnr-7d0939753j\/"]}]},{"@type":"ImageObject","inLanguage":"de-AT","@id":"https:\/\/audi-klaus.at\/shop\/produkt\/vw-bus-t3-bora-golf-4-5-passat-b5-b7-polo-4-scirocco-3-schluessel-neu-58255-aic-vergleichsnr-7d0939753j\/#primaryimage","url":"https:\/\/audi-klaus.at\/shop\/wp-content\/uploads\/2023\/11\/E694-2.jpg","contentUrl":"https:\/\/audi-klaus.at\/shop\/wp-content\/uploads\/2023\/11\/E694-2.jpg","width":480,"height":480},{"@type":"BreadcrumbList","@id":"https:\/\/audi-klaus.at\/shop\/produkt\/vw-bus-t3-bora-golf-4-5-passat-b5-b7-polo-4-scirocco-3-schluessel-neu-58255-aic-vergleichsnr-7d0939753j\/#breadcrumb","itemListElement":[{"@type":"ListItem","position":1,"name":"Startseite","item":"https:\/\/audi-klaus.at\/shop\/"},{"@type":"ListItem","position":2,"name":"Shop","item":"https:\/\/audi-klaus.at\/shop\/"},{"@type":"ListItem","position":3,"name":"Vw Bus\/T3\/Bora\/Golf\/4\/5\/Passat\/B5\/B7\/Polo\/4\/Scirocco\/3 Schl\u00fcssel NEU 58255 AIC\/Vergleichsnr.: 7D0939753J"}]},{"@type":"WebSite","@id":"https:\/\/audi-klaus.at\/shop\/#website","url":"https:\/\/audi-klaus.at\/shop\/","name":"Audi-Klaus","description":"Ihr Gebrauchtteile Spezialist f\u00fcr die Marken Audi, VW (VAG)","publisher":{"@id":"https:\/\/audi-klaus.at\/shop\/#organization"},"potentialAction":[{"@type":"SearchAction","target":{"@type":"EntryPoint","urlTemplate":"https:\/\/audi-klaus.at\/shop\/?s={search_term_string}"},"query-input":{"@type":"PropertyValueSpecification","valueRequired":true,"valueName":"search_term_string"}}],"inLanguage":"de-AT"},{"@type":"Organization","@id":"https:\/\/audi-klaus.at\/shop\/#organization","name":"Audi-Klaus","url":"https:\/\/audi-klaus.at\/shop\/","logo":{"@type":"ImageObject","inLanguage":"de-AT","@id":"https:\/\/audi-klaus.at\/shop\/#\/schema\/logo\/image\/","url":"https:\/\/audi-klaus.at\/shop\/wp-content\/uploads\/2024\/10\/Logo-Shop.webp","contentUrl":"https:\/\/audi-klaus.at\/shop\/wp-content\/uploads\/2024\/10\/Logo-Shop.webp","width":470,"height":164,"caption":"Audi-Klaus"},"image":{"@id":"https:\/\/audi-klaus.at\/shop\/#\/schema\/logo\/image\/"},"sameAs":["https:\/\/www.facebook.com\/audi.klaus.1312\/","https:\/\/www.instagram.com\/audi_klaus\/?igshid=1eca3qu2mdayg"]}]}},"_links":{"self":[{"href":"https:\/\/audi-klaus.at\/shop\/wp-json\/wp\/v2\/product\/66211","targetHints":{"allow":["GET"]}}],"collection":[{"href":"https:\/\/audi-klaus.at\/shop\/wp-json\/wp\/v2\/product"}],"about":[{"href":"https:\/\/audi-klaus.at\/shop\/wp-json\/wp\/v2\/types\/product"}],"wp:featuredmedia":[{"embeddable":true,"href":"https:\/\/audi-klaus.at\/shop\/wp-json\/wp\/v2\/media\/66173"}],"wp:attachment":[{"href":"https:\/\/audi-klaus.at\/shop\/wp-json\/wp\/v2\/media?parent=66211"}],"wp:term":[{"taxonomy":"product_brand","embeddable":true,"href":"https:\/\/audi-klaus.at\/shop\/wp-json\/wp\/v2\/product_brand?post=66211"},{"taxonomy":"product_cat","embeddable":true,"href":"https:\/\/audi-klaus.at\/shop\/wp-json\/wp\/v2\/product_cat?post=66211"},{"taxonomy":"product_tag","embeddable":true,"href":"https:\/\/audi-klaus.at\/shop\/wp-json\/wp\/v2\/product_tag?post=66211"}],"curies":[{"name":"wp","href":"https:\/\/api.w.org\/{rel}","templated":true}]}}