{"id":64894,"date":"2023-09-26T12:34:02","date_gmt":"2023-09-26T10:34:02","guid":{"rendered":"https:\/\/audi-klaus.at\/shop\/?post_type=product&#038;p=64894"},"modified":"2026-01-07T22:34:26","modified_gmt":"2026-01-07T21:34:26","slug":"vw-caddy-golf-cabrio-1-bus-t4-golf-1-2-passat-b1-b2-audi-100-c4-80-90-b3-spannbuegel-fuer-lichtmaschine-026903247b","status":"publish","type":"product","link":"https:\/\/audi-klaus.at\/shop\/produkt\/vw-caddy-golf-cabrio-1-bus-t4-golf-1-2-passat-b1-b2-audi-100-c4-80-90-b3-spannbuegel-fuer-lichtmaschine-026903247b\/","title":{"rendered":"Vw Caddy\/Golf Cabrio\/1\/Bus\/T4\/Golf\/1\/2\/Passat\/B1\/B2\/Audi 100\/C4\/80\/90\/B3 Spannb\u00fcgel f\u00fcr Lichtmaschine 026903247B"},"content":{"rendered":"<h5 class=\"western\"><span style=\"color: #060606\"><span style=\"font-family: Verdana, serif\"><span style=\"font-size: small\"><b>VAG Teilenummer<\/b><\/span><\/span><\/span><span style=\"color: #060606\"><span style=\"font-family: Verdana, serif\"><span style=\"font-size: small\">: 026 903 247B<\/span><\/span><\/span><\/h5>\n<h5 class=\"western\"><span style=\"color: #060606\"><span style=\"font-family: Verdana, serif\"><span style=\"font-size: small\"><b>Zustand:<\/b><\/span><\/span><\/span><span style=\"color: #060606\"><span style=\"font-family: Verdana, serif\"><span style=\"font-size: small\">\u00a0 <\/span><\/span><\/span><span style=\"color: #060606\"><span style=\"font-family: Verdana, serif\"><span style=\"font-size: small\"><span lang=\"de-DE\">Gebraucht<\/span><\/span><\/span><\/span><\/h5>\n<h5 class=\"western\"><span style=\"color: #060606\"><span style=\"font-family: Verdana, serif\"><span style=\"font-size: small\"><b>Lieferumfang:<\/b><\/span><\/span><\/span><span style=\"color: #060606\"><span style=\"font-family: Verdana, serif\"><span style=\"font-size: small\">\u00a0wie in den Original-Abbildungen angegeben<\/span><\/span><\/span><\/h5>\n<h5 class=\"western\"><span style=\"color: #060606\"><span style=\"font-family: Verdana, serif\"><span style=\"font-size: small\"><b>Hinweis:<\/b><\/span><\/span><\/span><span style=\"color: #060606\"><span style=\"font-family: Verdana, serif\"><span style=\"font-size: small\">\u00a0Bitte \u00fcberpr\u00fcfen Sie vor dem Kauf anhand der eindeutigen Teilenummern, ob der Artikel zum Fahrzeug passt, um R\u00fccksendungen zu vermeiden! Trotz Angabe der entsprechenden Fahrzeugdaten ist eine eindeutige Zuordnung nur \u00fcber die Teilenummer m\u00f6glich! Die abgelesene Teilenummer ist die Teilenummer des Teils, welches geliefert wird. Die Originalteilnummer ist diejenige, die bei Neubestellung f\u00fcr dieses Teil gilt und der m\u00f6glicherweise abweichenden, gelieferten Teilenummer entspricht. <\/span><\/span><\/span><\/h5>\n<h5 class=\"western\"><span style=\"color: #060606\"><span style=\"font-family: Verdana, serif\"><span style=\"font-size: small\"><span lang=\"de-DE\">Gebraucht<\/span><\/span><\/span><\/span><span style=\"color: #060606\"><span style=\"font-family: Verdana, serif\"><span style=\"font-size: small\"> mit Gebrauchsspuren in Form von Verunreinigungen\/ kleinen Kratzern m\u00f6glich. Die Ware wird ungereinigt geliefert.<\/span><\/span><\/span><\/h5>\n<h5 class=\"western\"><span style=\"color: #060606\"><span style=\"font-family: Verdana, serif\"><span style=\"font-size: small\">Sollten weitere Fragen offen sein, kontaktieren Sie uns bitte unter\u00a0<\/span><\/span><\/span><a href=\"mailto:office@audi-klaus.at\"><span style=\"color: #0000ff\"><span style=\"font-family: Verdana, serif\"><span style=\"font-size: small\"><u>office@audi-klaus.at<\/u><\/span><\/span><\/span><\/a><\/h5>\n","protected":false},"excerpt":{"rendered":"<h5 class=\"western\"><strong><span style=\"color: #000000\"><span style=\"font-family: Source Sans Pro, serif\"><span style=\"font-size: x-large\">Marke: Vw\/Audi<br \/>\nModell: Caddy\/Golf Cabrio\/Bus\/Golf\/Passat\/Audi 100\/80\/90<br \/>\nTyp: 1\/T4\/1\/2\/B1\/B2\/C4\/B3<\/span><\/span><\/span><\/strong><\/h5>\n<h5 class=\"western\"><strong><span style=\"color: #c9211e\"><span style=\"font-family: Source Sans Pro, serif\"><span style=\"font-size: large\">Gelbverzinkt \/ aufbereitet!!<\/span><\/span><\/span><\/strong><\/h5>\n","protected":false},"featured_media":83122,"template":"","meta":[],"product_brand":[],"product_cat":[1186,1631,167,1193,1641,171,1194,1762,224,1201,1912,305,1229,345,1230,1164,1241,32,1165,1256,78,1166,1269,81,1176,1279,154,1180,1349,155],"product_tag":[22906,22907,22908],"class_list":{"0":"post-64894","1":"product","2":"type-product","3":"status-publish","4":"has-post-thumbnail","6":"product_cat-bus","7":"product_cat-motor-getriebe-b1-32-1973-1977","8":"product_cat-b3-1987-1991","9":"product_cat-1-171-1974-1985","10":"product_cat-motor-getriebe-b2-32b-1980-1988","11":"product_cat-c4-1991-1994","12":"product_cat-2-191-1983-1992","13":"product_cat-motor-getriebe-1-14d-1978-1992","14":"product_cat-motor-getriebe-b3-86","15":"product_cat-1-155-1979-1993","16":"product_cat-motor-getriebe-t4-7d-1990-2003","17":"product_cat-motor-getriebe-b3-1987-1991","18":"product_cat-b1-32-1973-1977","19":"product_cat-motor-getriebe-c4-1991-1994","20":"product_cat-b2-32b-1980-1988","21":"product_cat-vw","22":"product_cat-1-14d-1978-1992","23":"product_cat-audi","24":"product_cat-golf","25":"product_cat-t4-7d-1990-2003","26":"product_cat-78","27":"product_cat-golf-cabrio","28":"product_cat-motor-getriebe-1-171-1974-1985","29":"product_cat-b3-86","30":"product_cat-passat","31":"product_cat-motor-getriebe-2-191-1983-1992","32":"product_cat-154","33":"product_cat-caddy","34":"product_cat-motor-getriebe-1-155-1979-1993","35":"product_cat-155","36":"product_tag-026903247b","37":"product_tag-22907","38":"product_tag-m1762","40":"first","41":"outofstock","42":"taxable","43":"shipping-taxable","44":"purchasable","45":"product-type-simple"},"yoast_head":"<!-- This site is optimized with the Yoast SEO plugin v27.5 - https:\/\/yoast.com\/product\/yoast-seo-wordpress\/ -->\n<title>Vw Caddy\/Golf Cabrio\/1\/Bus\/T4\/Golf\/1\/2\/Passat\/B1\/B2\/Audi 100\/C4\/80\/90\/B3 Spannb\u00fcgel f\u00fcr Lichtmaschine 026903247B - Audi-Klaus<\/title>\n<meta name=\"description\" content=\"Audi-Klaus Vw Caddy\/Golf Cabrio\/1\/Bus\/T4\/Golf\/1\/2\/Passat\/B1\/B2\/Audi 100\/C4\/80\/90\/B3 Spannb\u00fcgel f\u00fcr Lichtmaschine 026903247B Vw Caddy\/Golf Cabrio\/1\/Bus\/T4\/Golf\/1\/2\/Passat\/B1\/B2\/Audi 100\/C4\/80\/90\/B3 Spannb\u00fcgel f\u00fcr Lichtmaschine 026903247B\" \/>\n<meta name=\"robots\" content=\"index, follow, max-snippet:-1, max-image-preview:large, max-video-preview:-1\" \/>\n<link rel=\"canonical\" href=\"https:\/\/audi-klaus.at\/shop\/produkt\/vw-caddy-golf-cabrio-1-bus-t4-golf-1-2-passat-b1-b2-audi-100-c4-80-90-b3-spannbuegel-fuer-lichtmaschine-026903247b\/\" \/>\n<meta property=\"og:locale\" content=\"de_DE\" \/>\n<meta property=\"og:type\" content=\"article\" \/>\n<meta property=\"og:title\" content=\"Vw Caddy\/Golf Cabrio\/1\/Bus\/T4\/Golf\/1\/2\/Passat\/B1\/B2\/Audi 100\/C4\/80\/90\/B3 Spannb\u00fcgel f\u00fcr Lichtmaschine 026903247B - Audi-Klaus\" \/>\n<meta property=\"og:description\" content=\"Audi-Klaus Vw Caddy\/Golf Cabrio\/1\/Bus\/T4\/Golf\/1\/2\/Passat\/B1\/B2\/Audi 100\/C4\/80\/90\/B3 Spannb\u00fcgel f\u00fcr Lichtmaschine 026903247B Vw Caddy\/Golf Cabrio\/1\/Bus\/T4\/Golf\/1\/2\/Passat\/B1\/B2\/Audi 100\/C4\/80\/90\/B3 Spannb\u00fcgel f\u00fcr Lichtmaschine 026903247B\" \/>\n<meta property=\"og:url\" content=\"https:\/\/audi-klaus.at\/shop\/produkt\/vw-caddy-golf-cabrio-1-bus-t4-golf-1-2-passat-b1-b2-audi-100-c4-80-90-b3-spannbuegel-fuer-lichtmaschine-026903247b\/\" \/>\n<meta property=\"og:site_name\" content=\"Audi-Klaus\" \/>\n<meta property=\"article:publisher\" content=\"https:\/\/www.facebook.com\/audi.klaus.1312\/\" \/>\n<meta property=\"article:modified_time\" content=\"2026-01-07T21:34:26+00:00\" \/>\n<meta property=\"og:image\" content=\"https:\/\/audi-klaus.at\/shop\/wp-content\/uploads\/2023\/09\/M1762-1-1.jpg\" \/>\n\t<meta property=\"og:image:width\" content=\"480\" \/>\n\t<meta property=\"og:image:height\" content=\"480\" \/>\n\t<meta property=\"og:image:type\" content=\"image\/jpeg\" \/>\n<meta name=\"twitter:card\" content=\"summary_large_image\" \/>\n<meta name=\"twitter:label1\" content=\"Gesch\u00e4tzte Lesezeit\" \/>\n\t<meta name=\"twitter:data1\" content=\"1 Minute\" \/>\n<script type=\"application\/ld+json\" class=\"yoast-schema-graph\">{\"@context\":\"https:\\\/\\\/schema.org\",\"@graph\":[{\"@type\":\"WebPage\",\"@id\":\"https:\\\/\\\/audi-klaus.at\\\/shop\\\/produkt\\\/vw-caddy-golf-cabrio-1-bus-t4-golf-1-2-passat-b1-b2-audi-100-c4-80-90-b3-spannbuegel-fuer-lichtmaschine-026903247b\\\/\",\"url\":\"https:\\\/\\\/audi-klaus.at\\\/shop\\\/produkt\\\/vw-caddy-golf-cabrio-1-bus-t4-golf-1-2-passat-b1-b2-audi-100-c4-80-90-b3-spannbuegel-fuer-lichtmaschine-026903247b\\\/\",\"name\":\"Vw Caddy\\\/Golf Cabrio\\\/1\\\/Bus\\\/T4\\\/Golf\\\/1\\\/2\\\/Passat\\\/B1\\\/B2\\\/Audi 100\\\/C4\\\/80\\\/90\\\/B3 Spannb\u00fcgel f\u00fcr Lichtmaschine 026903247B - Audi-Klaus\",\"isPartOf\":{\"@id\":\"https:\\\/\\\/audi-klaus.at\\\/shop\\\/#website\"},\"primaryImageOfPage\":{\"@id\":\"https:\\\/\\\/audi-klaus.at\\\/shop\\\/produkt\\\/vw-caddy-golf-cabrio-1-bus-t4-golf-1-2-passat-b1-b2-audi-100-c4-80-90-b3-spannbuegel-fuer-lichtmaschine-026903247b\\\/#primaryimage\"},\"image\":{\"@id\":\"https:\\\/\\\/audi-klaus.at\\\/shop\\\/produkt\\\/vw-caddy-golf-cabrio-1-bus-t4-golf-1-2-passat-b1-b2-audi-100-c4-80-90-b3-spannbuegel-fuer-lichtmaschine-026903247b\\\/#primaryimage\"},\"thumbnailUrl\":\"https:\\\/\\\/audi-klaus.at\\\/shop\\\/wp-content\\\/uploads\\\/2023\\\/09\\\/M1762-1-1.jpg\",\"datePublished\":\"2023-09-26T10:34:02+00:00\",\"dateModified\":\"2026-01-07T21:34:26+00:00\",\"description\":\"Audi-Klaus Vw Caddy\\\/Golf Cabrio\\\/1\\\/Bus\\\/T4\\\/Golf\\\/1\\\/2\\\/Passat\\\/B1\\\/B2\\\/Audi 100\\\/C4\\\/80\\\/90\\\/B3 Spannb\u00fcgel f\u00fcr Lichtmaschine 026903247B Vw Caddy\\\/Golf Cabrio\\\/1\\\/Bus\\\/T4\\\/Golf\\\/1\\\/2\\\/Passat\\\/B1\\\/B2\\\/Audi 100\\\/C4\\\/80\\\/90\\\/B3 Spannb\u00fcgel f\u00fcr Lichtmaschine 026903247B\",\"breadcrumb\":{\"@id\":\"https:\\\/\\\/audi-klaus.at\\\/shop\\\/produkt\\\/vw-caddy-golf-cabrio-1-bus-t4-golf-1-2-passat-b1-b2-audi-100-c4-80-90-b3-spannbuegel-fuer-lichtmaschine-026903247b\\\/#breadcrumb\"},\"inLanguage\":\"de-AT\",\"potentialAction\":[{\"@type\":\"ReadAction\",\"target\":[\"https:\\\/\\\/audi-klaus.at\\\/shop\\\/produkt\\\/vw-caddy-golf-cabrio-1-bus-t4-golf-1-2-passat-b1-b2-audi-100-c4-80-90-b3-spannbuegel-fuer-lichtmaschine-026903247b\\\/\"]}]},{\"@type\":\"ImageObject\",\"inLanguage\":\"de-AT\",\"@id\":\"https:\\\/\\\/audi-klaus.at\\\/shop\\\/produkt\\\/vw-caddy-golf-cabrio-1-bus-t4-golf-1-2-passat-b1-b2-audi-100-c4-80-90-b3-spannbuegel-fuer-lichtmaschine-026903247b\\\/#primaryimage\",\"url\":\"https:\\\/\\\/audi-klaus.at\\\/shop\\\/wp-content\\\/uploads\\\/2023\\\/09\\\/M1762-1-1.jpg\",\"contentUrl\":\"https:\\\/\\\/audi-klaus.at\\\/shop\\\/wp-content\\\/uploads\\\/2023\\\/09\\\/M1762-1-1.jpg\",\"width\":480,\"height\":480},{\"@type\":\"BreadcrumbList\",\"@id\":\"https:\\\/\\\/audi-klaus.at\\\/shop\\\/produkt\\\/vw-caddy-golf-cabrio-1-bus-t4-golf-1-2-passat-b1-b2-audi-100-c4-80-90-b3-spannbuegel-fuer-lichtmaschine-026903247b\\\/#breadcrumb\",\"itemListElement\":[{\"@type\":\"ListItem\",\"position\":1,\"name\":\"Startseite\",\"item\":\"https:\\\/\\\/audi-klaus.at\\\/shop\\\/\"},{\"@type\":\"ListItem\",\"position\":2,\"name\":\"Shop\",\"item\":\"https:\\\/\\\/audi-klaus.at\\\/shop\\\/\"},{\"@type\":\"ListItem\",\"position\":3,\"name\":\"Vw Caddy\\\/Golf Cabrio\\\/1\\\/Bus\\\/T4\\\/Golf\\\/1\\\/2\\\/Passat\\\/B1\\\/B2\\\/Audi 100\\\/C4\\\/80\\\/90\\\/B3 Spannb\u00fcgel f\u00fcr Lichtmaschine 026903247B\"}]},{\"@type\":\"WebSite\",\"@id\":\"https:\\\/\\\/audi-klaus.at\\\/shop\\\/#website\",\"url\":\"https:\\\/\\\/audi-klaus.at\\\/shop\\\/\",\"name\":\"Audi-Klaus\",\"description\":\"Ihr Gebrauchtteile Spezialist f\u00fcr die Marken Audi, VW (VAG)\",\"publisher\":{\"@id\":\"https:\\\/\\\/audi-klaus.at\\\/shop\\\/#organization\"},\"potentialAction\":[{\"@type\":\"SearchAction\",\"target\":{\"@type\":\"EntryPoint\",\"urlTemplate\":\"https:\\\/\\\/audi-klaus.at\\\/shop\\\/?s={search_term_string}\"},\"query-input\":{\"@type\":\"PropertyValueSpecification\",\"valueRequired\":true,\"valueName\":\"search_term_string\"}}],\"inLanguage\":\"de-AT\"},{\"@type\":\"Organization\",\"@id\":\"https:\\\/\\\/audi-klaus.at\\\/shop\\\/#organization\",\"name\":\"Audi-Klaus\",\"url\":\"https:\\\/\\\/audi-klaus.at\\\/shop\\\/\",\"logo\":{\"@type\":\"ImageObject\",\"inLanguage\":\"de-AT\",\"@id\":\"https:\\\/\\\/audi-klaus.at\\\/shop\\\/#\\\/schema\\\/logo\\\/image\\\/\",\"url\":\"https:\\\/\\\/audi-klaus.at\\\/shop\\\/wp-content\\\/uploads\\\/2024\\\/10\\\/Logo-Shop.webp\",\"contentUrl\":\"https:\\\/\\\/audi-klaus.at\\\/shop\\\/wp-content\\\/uploads\\\/2024\\\/10\\\/Logo-Shop.webp\",\"width\":470,\"height\":164,\"caption\":\"Audi-Klaus\"},\"image\":{\"@id\":\"https:\\\/\\\/audi-klaus.at\\\/shop\\\/#\\\/schema\\\/logo\\\/image\\\/\"},\"sameAs\":[\"https:\\\/\\\/www.facebook.com\\\/audi.klaus.1312\\\/\",\"https:\\\/\\\/www.instagram.com\\\/audi_klaus\\\/?igshid=1eca3qu2mdayg\"]}]}<\/script>\n<!-- \/ Yoast SEO plugin. -->","yoast_head_json":{"title":"Vw Caddy\/Golf Cabrio\/1\/Bus\/T4\/Golf\/1\/2\/Passat\/B1\/B2\/Audi 100\/C4\/80\/90\/B3 Spannb\u00fcgel f\u00fcr Lichtmaschine 026903247B - Audi-Klaus","description":"Audi-Klaus Vw Caddy\/Golf Cabrio\/1\/Bus\/T4\/Golf\/1\/2\/Passat\/B1\/B2\/Audi 100\/C4\/80\/90\/B3 Spannb\u00fcgel f\u00fcr Lichtmaschine 026903247B Vw Caddy\/Golf Cabrio\/1\/Bus\/T4\/Golf\/1\/2\/Passat\/B1\/B2\/Audi 100\/C4\/80\/90\/B3 Spannb\u00fcgel f\u00fcr Lichtmaschine 026903247B","robots":{"index":"index","follow":"follow","max-snippet":"max-snippet:-1","max-image-preview":"max-image-preview:large","max-video-preview":"max-video-preview:-1"},"canonical":"https:\/\/audi-klaus.at\/shop\/produkt\/vw-caddy-golf-cabrio-1-bus-t4-golf-1-2-passat-b1-b2-audi-100-c4-80-90-b3-spannbuegel-fuer-lichtmaschine-026903247b\/","og_locale":"de_DE","og_type":"article","og_title":"Vw Caddy\/Golf Cabrio\/1\/Bus\/T4\/Golf\/1\/2\/Passat\/B1\/B2\/Audi 100\/C4\/80\/90\/B3 Spannb\u00fcgel f\u00fcr Lichtmaschine 026903247B - Audi-Klaus","og_description":"Audi-Klaus Vw Caddy\/Golf Cabrio\/1\/Bus\/T4\/Golf\/1\/2\/Passat\/B1\/B2\/Audi 100\/C4\/80\/90\/B3 Spannb\u00fcgel f\u00fcr Lichtmaschine 026903247B Vw Caddy\/Golf Cabrio\/1\/Bus\/T4\/Golf\/1\/2\/Passat\/B1\/B2\/Audi 100\/C4\/80\/90\/B3 Spannb\u00fcgel f\u00fcr Lichtmaschine 026903247B","og_url":"https:\/\/audi-klaus.at\/shop\/produkt\/vw-caddy-golf-cabrio-1-bus-t4-golf-1-2-passat-b1-b2-audi-100-c4-80-90-b3-spannbuegel-fuer-lichtmaschine-026903247b\/","og_site_name":"Audi-Klaus","article_publisher":"https:\/\/www.facebook.com\/audi.klaus.1312\/","article_modified_time":"2026-01-07T21:34:26+00:00","og_image":[{"width":480,"height":480,"url":"https:\/\/audi-klaus.at\/shop\/wp-content\/uploads\/2023\/09\/M1762-1-1.jpg","type":"image\/jpeg"}],"twitter_card":"summary_large_image","twitter_misc":{"Gesch\u00e4tzte Lesezeit":"1 Minute"},"schema":{"@context":"https:\/\/schema.org","@graph":[{"@type":"WebPage","@id":"https:\/\/audi-klaus.at\/shop\/produkt\/vw-caddy-golf-cabrio-1-bus-t4-golf-1-2-passat-b1-b2-audi-100-c4-80-90-b3-spannbuegel-fuer-lichtmaschine-026903247b\/","url":"https:\/\/audi-klaus.at\/shop\/produkt\/vw-caddy-golf-cabrio-1-bus-t4-golf-1-2-passat-b1-b2-audi-100-c4-80-90-b3-spannbuegel-fuer-lichtmaschine-026903247b\/","name":"Vw Caddy\/Golf Cabrio\/1\/Bus\/T4\/Golf\/1\/2\/Passat\/B1\/B2\/Audi 100\/C4\/80\/90\/B3 Spannb\u00fcgel f\u00fcr Lichtmaschine 026903247B - Audi-Klaus","isPartOf":{"@id":"https:\/\/audi-klaus.at\/shop\/#website"},"primaryImageOfPage":{"@id":"https:\/\/audi-klaus.at\/shop\/produkt\/vw-caddy-golf-cabrio-1-bus-t4-golf-1-2-passat-b1-b2-audi-100-c4-80-90-b3-spannbuegel-fuer-lichtmaschine-026903247b\/#primaryimage"},"image":{"@id":"https:\/\/audi-klaus.at\/shop\/produkt\/vw-caddy-golf-cabrio-1-bus-t4-golf-1-2-passat-b1-b2-audi-100-c4-80-90-b3-spannbuegel-fuer-lichtmaschine-026903247b\/#primaryimage"},"thumbnailUrl":"https:\/\/audi-klaus.at\/shop\/wp-content\/uploads\/2023\/09\/M1762-1-1.jpg","datePublished":"2023-09-26T10:34:02+00:00","dateModified":"2026-01-07T21:34:26+00:00","description":"Audi-Klaus Vw Caddy\/Golf Cabrio\/1\/Bus\/T4\/Golf\/1\/2\/Passat\/B1\/B2\/Audi 100\/C4\/80\/90\/B3 Spannb\u00fcgel f\u00fcr Lichtmaschine 026903247B Vw Caddy\/Golf Cabrio\/1\/Bus\/T4\/Golf\/1\/2\/Passat\/B1\/B2\/Audi 100\/C4\/80\/90\/B3 Spannb\u00fcgel f\u00fcr Lichtmaschine 026903247B","breadcrumb":{"@id":"https:\/\/audi-klaus.at\/shop\/produkt\/vw-caddy-golf-cabrio-1-bus-t4-golf-1-2-passat-b1-b2-audi-100-c4-80-90-b3-spannbuegel-fuer-lichtmaschine-026903247b\/#breadcrumb"},"inLanguage":"de-AT","potentialAction":[{"@type":"ReadAction","target":["https:\/\/audi-klaus.at\/shop\/produkt\/vw-caddy-golf-cabrio-1-bus-t4-golf-1-2-passat-b1-b2-audi-100-c4-80-90-b3-spannbuegel-fuer-lichtmaschine-026903247b\/"]}]},{"@type":"ImageObject","inLanguage":"de-AT","@id":"https:\/\/audi-klaus.at\/shop\/produkt\/vw-caddy-golf-cabrio-1-bus-t4-golf-1-2-passat-b1-b2-audi-100-c4-80-90-b3-spannbuegel-fuer-lichtmaschine-026903247b\/#primaryimage","url":"https:\/\/audi-klaus.at\/shop\/wp-content\/uploads\/2023\/09\/M1762-1-1.jpg","contentUrl":"https:\/\/audi-klaus.at\/shop\/wp-content\/uploads\/2023\/09\/M1762-1-1.jpg","width":480,"height":480},{"@type":"BreadcrumbList","@id":"https:\/\/audi-klaus.at\/shop\/produkt\/vw-caddy-golf-cabrio-1-bus-t4-golf-1-2-passat-b1-b2-audi-100-c4-80-90-b3-spannbuegel-fuer-lichtmaschine-026903247b\/#breadcrumb","itemListElement":[{"@type":"ListItem","position":1,"name":"Startseite","item":"https:\/\/audi-klaus.at\/shop\/"},{"@type":"ListItem","position":2,"name":"Shop","item":"https:\/\/audi-klaus.at\/shop\/"},{"@type":"ListItem","position":3,"name":"Vw Caddy\/Golf Cabrio\/1\/Bus\/T4\/Golf\/1\/2\/Passat\/B1\/B2\/Audi 100\/C4\/80\/90\/B3 Spannb\u00fcgel f\u00fcr Lichtmaschine 026903247B"}]},{"@type":"WebSite","@id":"https:\/\/audi-klaus.at\/shop\/#website","url":"https:\/\/audi-klaus.at\/shop\/","name":"Audi-Klaus","description":"Ihr Gebrauchtteile Spezialist f\u00fcr die Marken Audi, VW (VAG)","publisher":{"@id":"https:\/\/audi-klaus.at\/shop\/#organization"},"potentialAction":[{"@type":"SearchAction","target":{"@type":"EntryPoint","urlTemplate":"https:\/\/audi-klaus.at\/shop\/?s={search_term_string}"},"query-input":{"@type":"PropertyValueSpecification","valueRequired":true,"valueName":"search_term_string"}}],"inLanguage":"de-AT"},{"@type":"Organization","@id":"https:\/\/audi-klaus.at\/shop\/#organization","name":"Audi-Klaus","url":"https:\/\/audi-klaus.at\/shop\/","logo":{"@type":"ImageObject","inLanguage":"de-AT","@id":"https:\/\/audi-klaus.at\/shop\/#\/schema\/logo\/image\/","url":"https:\/\/audi-klaus.at\/shop\/wp-content\/uploads\/2024\/10\/Logo-Shop.webp","contentUrl":"https:\/\/audi-klaus.at\/shop\/wp-content\/uploads\/2024\/10\/Logo-Shop.webp","width":470,"height":164,"caption":"Audi-Klaus"},"image":{"@id":"https:\/\/audi-klaus.at\/shop\/#\/schema\/logo\/image\/"},"sameAs":["https:\/\/www.facebook.com\/audi.klaus.1312\/","https:\/\/www.instagram.com\/audi_klaus\/?igshid=1eca3qu2mdayg"]}]}},"_links":{"self":[{"href":"https:\/\/audi-klaus.at\/shop\/wp-json\/wp\/v2\/product\/64894","targetHints":{"allow":["GET"]}}],"collection":[{"href":"https:\/\/audi-klaus.at\/shop\/wp-json\/wp\/v2\/product"}],"about":[{"href":"https:\/\/audi-klaus.at\/shop\/wp-json\/wp\/v2\/types\/product"}],"wp:featuredmedia":[{"embeddable":true,"href":"https:\/\/audi-klaus.at\/shop\/wp-json\/wp\/v2\/media\/83122"}],"wp:attachment":[{"href":"https:\/\/audi-klaus.at\/shop\/wp-json\/wp\/v2\/media?parent=64894"}],"wp:term":[{"taxonomy":"product_brand","embeddable":true,"href":"https:\/\/audi-klaus.at\/shop\/wp-json\/wp\/v2\/product_brand?post=64894"},{"taxonomy":"product_cat","embeddable":true,"href":"https:\/\/audi-klaus.at\/shop\/wp-json\/wp\/v2\/product_cat?post=64894"},{"taxonomy":"product_tag","embeddable":true,"href":"https:\/\/audi-klaus.at\/shop\/wp-json\/wp\/v2\/product_tag?post=64894"}],"curies":[{"name":"wp","href":"https:\/\/api.w.org\/{rel}","templated":true}]}}