{"id":64750,"date":"2023-09-25T10:00:20","date_gmt":"2023-09-25T08:00:20","guid":{"rendered":"https:\/\/audi-klaus.at\/shop\/?post_type=product&#038;p=64750"},"modified":"2026-01-07T22:34:19","modified_gmt":"2026-01-07T21:34:19","slug":"audi-a6-c6-c7-a8-d3-a4-b7-q7-4lb-a5-b8-a7-4g-wasserpumpe-neu-skwp-0520055-vergleichsnr-06e121018a-f-ax-dx-fx-d-06e121005f-d-n-06e121016q-qx-cx-p-n-06e121008n-vergleichsnr-06e121018a-f-ax-dx-fx-d-0","status":"publish","type":"product","link":"https:\/\/audi-klaus.at\/shop\/produkt\/audi-a6-c6-c7-a8-d3-a4-b7-q7-4lb-a5-b8-a7-4g-wasserpumpe-neu-skwp-0520055-vergleichsnr-06e121018a-f-ax-dx-fx-d-06e121005f-d-n-06e121016q-qx-cx-p-n-06e121008n-vergleichsnr-06e121018a-f-ax-dx-fx-d-0\/","title":{"rendered":"Audi A6\/C6\/C7\/A8\/D3\/A4\/B7\/Q7\/4LB\/A5\/B8\/A7\/4G Wasserpumpe NEU SKWP-0520055\/Vergleichsnr.: 06E121018A\/F\/AX\/DX\/FX\/D\/06E121005F\/D\/N\/06E121016Q\/QX\/CX\/P\/N\/06E121008N\/Vergleichsnr.: 06E121018A\/F\/AX\/DX\/FX\/D\/06E121005F\/D\/N\/06E121016Q\/QX\/CX\/P\/N\/06E121008N"},"content":{"rendered":"<h5 class=\"western\"><span style=\"color: #060606;\"><span style=\"font-family: Verdana, serif;\"><span style=\"font-size: small;\"><b>VAG Teilenummer<\/b><\/span><\/span><\/span><span style=\"color: #060606;\"><span style=\"font-family: Verdana, serif;\"><span style=\"font-size: small;\">: SKWP-052 0055, Vergleichsnr.: 06E 121 018A\/F\/AX\/DX\/FX\/D, 06E 121 005F\/D\/N, 06E 121 016Q\/QX\/CX\/P\/N, 06E 121 008N<\/span><\/span><\/span><\/h5>\n<h5 class=\"western\"><span style=\"color: #060606;\"><span style=\"font-family: Verdana, serif;\"><span style=\"font-size: small;\"><b>Zustand: <\/b><\/span><\/span><\/span><span style=\"color: #060606;\"><span style=\"font-family: Verdana, serif;\"><span style=\"font-size: small;\"><span lang=\"de-DE\">NEU<\/span><\/span><\/span><\/span><\/h5>\n<h5 class=\"western\"><span style=\"color: #060606;\"><span style=\"font-family: Verdana, serif;\"><span style=\"font-size: small;\"><b>Lieferumfang:<\/b><\/span><\/span><\/span><span style=\"color: #060606;\"><span style=\"font-family: Verdana, serif;\"><span style=\"font-size: small;\">\u00a0wie in den Original-Abbildungen angegeben<\/span><\/span><\/span><\/h5>\n<h5 class=\"western\"><span style=\"color: #060606;\"><span style=\"font-family: Verdana, serif;\"><span style=\"font-size: small;\"><b>Hinweis:<\/b><\/span><\/span><\/span><span style=\"color: #060606;\"><span style=\"font-family: Verdana, serif;\"><span style=\"font-size: small;\">\u00a0Bitte \u00fcberpr\u00fcfen Sie vor dem Kauf anhand der eindeutigen Teilenummern, ob der Artikel zum Fahrzeug passt, um R\u00fccksendungen zu vermeiden! Trotz Angabe der entsprechenden Fahrzeugdaten ist eine eindeutige Zuordnung nur \u00fcber die Teilenummer m\u00f6glich! Die abgelesene Teilenummer ist die Teilenummer des Teils, welches geliefert wird. Die Originalteilnummer ist diejenige, die bei Neubestellung f\u00fcr dieses Teil gilt und der m\u00f6glicherweise abweichenden, gelieferten Teilenummer entspricht. <\/span><\/span><\/span><\/h5>\n<h5 class=\"western\"><span style=\"color: #060606;\"><span style=\"font-family: Verdana, serif;\"><span style=\"font-size: small;\"><span lang=\"de-DE\">Neu<\/span><\/span><\/span><\/span><span style=\"color: #060606;\"><span style=\"font-family: Verdana, serif;\"><span style=\"font-size: small;\"> mit Gebrauchsspuren in Form von Verunreinigungen\/ kleinen Kratzern m\u00f6glich. Die Ware wird ungereinigt geliefert.<\/span><\/span><\/span><\/h5>\n<h5 class=\"western\"><span style=\"color: #060606;\"><span style=\"font-family: Verdana, serif;\"><span style=\"font-size: small;\">Sollten weitere Fragen offen sein, kontaktieren Sie uns bitte unter\u00a0<\/span><\/span><\/span><a href=\"mailto:office@audi-klaus.at\"><span style=\"color: #0000ff;\"><span style=\"font-family: Verdana, serif;\"><span style=\"font-size: small;\"><u>office@audi-klaus.at<\/u><\/span><\/span><\/span><\/a><\/h5>\n","protected":false},"excerpt":{"rendered":"<p class=\"western\"><strong><span style=\"color: #000000;\"><span style=\"font-family: Source Sans Pro, serif;\"><span style=\"font-size: x-large;\">Marke: Audi<br \/>\nModell: A6\/A8\/A4\/Q7\/A5\/A7<br \/>\nTyp: C6\/C7\/D3\/B7\/4LB\/B8\/4G<\/span><\/span><\/span><\/strong><\/p>\n","protected":false},"featured_media":64734,"template":"","meta":[],"product_brand":[],"product_cat":[947,374,950,379,958,499,965,524,995,553,1085,567,32,588,370,589,371,612,372,622,373],"product_tag":[22802,22797,22798,22799,22800,22801],"class_list":{"0":"post-64750","1":"product","2":"type-product","3":"status-publish","4":"has-post-thumbnail","6":"product_cat-c7-4g-2010-2018","7":"product_cat-a8","8":"product_cat-d3-4e-2002-2009","9":"product_cat-q7","10":"product_cat-4l-2006-2016","11":"product_cat-b7-2004-2008","12":"product_cat-motor-getriebe-c7-2010-2018","13":"product_cat-motor-getriebe-b7-2004-2008","14":"product_cat-motor-getriebe-d3-2002-2009","15":"product_cat-8t-2007-2016","16":"product_cat-motor-getriebe-4l-2006-2016","17":"product_cat-motor-getriebe-8t-2007-2016","18":"product_cat-audi","19":"product_cat-c6-4f-2004-2011","20":"product_cat-a4","21":"product_cat-c7-4g-2011-2018","22":"product_cat-a5","23":"product_cat-motor-getriebe-c6-2004-2011","24":"product_cat-a6","25":"product_cat-motor-getriebe-c7-2011-2018","26":"product_cat-a7","27":"product_tag-m1751","28":"product_tag-skwp-0520055","29":"product_tag-06e121018a-f-ax-dx-fx-d","30":"product_tag-06e121005f-d-n","31":"product_tag-06e121016q-qx-cx-p-n","32":"product_tag-06e121008n","34":"first","35":"instock","36":"taxable","37":"shipping-taxable","38":"purchasable","39":"product-type-simple"},"yoast_head":"<!-- This site is optimized with the Yoast SEO plugin v27.5 - https:\/\/yoast.com\/product\/yoast-seo-wordpress\/ -->\n<title>Audi A6\/C6\/C7\/A8\/D3\/A4\/B7\/Q7\/4LB\/A5\/B8\/A7\/4G Wasserpumpe NEU SKWP-0520055\/Vergleichsnr.: 06E121018A\/F\/AX\/DX\/FX\/D\/06E121005F\/D\/N\/06E121016Q\/QX\/CX\/P\/N\/06E121008N\/Vergleichsnr.: 06E121018A\/F\/AX\/DX\/FX\/D\/06E121005F\/D\/N\/06E121016Q\/QX\/CX\/P\/N\/06E121008N - Audi-Klaus<\/title>\n<meta name=\"description\" content=\"Audi-Klaus Audi A6\/C6\/C7\/A8\/D3\/A4\/B7\/Q7\/4LB\/A5\/B8\/A7\/4G Wasserpumpe NEU SKWP-0520055\/Vergleichsnr.: 06E121018A\/F\/AX\/DX\/FX\/D\/06E121005F\/D\/N\/06E121016Q\/QX\/CX\/P\/N\/06E121008N\/Vergleichsnr.: 06E121018A\/F\/AX\/DX\/FX\/D\/06E121005F\/D\/N\/06E121016Q\/QX\/CX\/P\/N\/06E121008N Audi A6\/C6\/C7\/A8\/D3\/A4\/B7\/Q7\/4LB\/A5\/B8\/A7\/4G Wasserpumpe NEU SKWP-0520055\/Vergleichsnr.: 06E121018A\/F\/AX\/DX\/FX\/D\/06E121005F\/D\/N\/06E121016Q\/QX\/CX\/P\/N\/06E121008N\/Vergleichsnr.: 06E121018A\/F\/AX\/DX\/FX\/D\/06E121005F\/D\/N\/06E121016Q\/QX\/CX\/P\/N\/06E121008N\" \/>\n<meta name=\"robots\" content=\"index, follow, max-snippet:-1, max-image-preview:large, max-video-preview:-1\" \/>\n<link rel=\"canonical\" href=\"https:\/\/audi-klaus.at\/shop\/produkt\/audi-a6-c6-c7-a8-d3-a4-b7-q7-4lb-a5-b8-a7-4g-wasserpumpe-neu-skwp-0520055-vergleichsnr-06e121018a-f-ax-dx-fx-d-06e121005f-d-n-06e121016q-qx-cx-p-n-06e121008n-vergleichsnr-06e121018a-f-ax-dx-fx-d-0\/\" \/>\n<meta property=\"og:locale\" content=\"de_DE\" \/>\n<meta property=\"og:type\" content=\"article\" \/>\n<meta property=\"og:title\" content=\"Audi A6\/C6\/C7\/A8\/D3\/A4\/B7\/Q7\/4LB\/A5\/B8\/A7\/4G Wasserpumpe NEU SKWP-0520055\/Vergleichsnr.: 06E121018A\/F\/AX\/DX\/FX\/D\/06E121005F\/D\/N\/06E121016Q\/QX\/CX\/P\/N\/06E121008N\/Vergleichsnr.: 06E121018A\/F\/AX\/DX\/FX\/D\/06E121005F\/D\/N\/06E121016Q\/QX\/CX\/P\/N\/06E121008N - Audi-Klaus\" \/>\n<meta property=\"og:description\" content=\"Audi-Klaus Audi A6\/C6\/C7\/A8\/D3\/A4\/B7\/Q7\/4LB\/A5\/B8\/A7\/4G Wasserpumpe NEU SKWP-0520055\/Vergleichsnr.: 06E121018A\/F\/AX\/DX\/FX\/D\/06E121005F\/D\/N\/06E121016Q\/QX\/CX\/P\/N\/06E121008N\/Vergleichsnr.: 06E121018A\/F\/AX\/DX\/FX\/D\/06E121005F\/D\/N\/06E121016Q\/QX\/CX\/P\/N\/06E121008N Audi A6\/C6\/C7\/A8\/D3\/A4\/B7\/Q7\/4LB\/A5\/B8\/A7\/4G Wasserpumpe NEU SKWP-0520055\/Vergleichsnr.: 06E121018A\/F\/AX\/DX\/FX\/D\/06E121005F\/D\/N\/06E121016Q\/QX\/CX\/P\/N\/06E121008N\/Vergleichsnr.: 06E121018A\/F\/AX\/DX\/FX\/D\/06E121005F\/D\/N\/06E121016Q\/QX\/CX\/P\/N\/06E121008N\" \/>\n<meta property=\"og:url\" content=\"https:\/\/audi-klaus.at\/shop\/produkt\/audi-a6-c6-c7-a8-d3-a4-b7-q7-4lb-a5-b8-a7-4g-wasserpumpe-neu-skwp-0520055-vergleichsnr-06e121018a-f-ax-dx-fx-d-06e121005f-d-n-06e121016q-qx-cx-p-n-06e121008n-vergleichsnr-06e121018a-f-ax-dx-fx-d-0\/\" \/>\n<meta property=\"og:site_name\" content=\"Audi-Klaus\" \/>\n<meta property=\"article:publisher\" content=\"https:\/\/www.facebook.com\/audi.klaus.1312\/\" \/>\n<meta property=\"article:modified_time\" content=\"2026-01-07T21:34:19+00:00\" \/>\n<meta property=\"og:image\" content=\"https:\/\/audi-klaus.at\/shop\/wp-content\/uploads\/2023\/09\/M1751-1.jpg\" \/>\n\t<meta property=\"og:image:width\" content=\"480\" \/>\n\t<meta property=\"og:image:height\" content=\"480\" \/>\n\t<meta property=\"og:image:type\" content=\"image\/jpeg\" \/>\n<meta name=\"twitter:card\" content=\"summary_large_image\" \/>\n<meta name=\"twitter:label1\" content=\"Gesch\u00e4tzte Lesezeit\" \/>\n\t<meta name=\"twitter:data1\" content=\"1 Minute\" \/>\n<script type=\"application\/ld+json\" class=\"yoast-schema-graph\">{\"@context\":\"https:\\\/\\\/schema.org\",\"@graph\":[{\"@type\":\"WebPage\",\"@id\":\"https:\\\/\\\/audi-klaus.at\\\/shop\\\/produkt\\\/audi-a6-c6-c7-a8-d3-a4-b7-q7-4lb-a5-b8-a7-4g-wasserpumpe-neu-skwp-0520055-vergleichsnr-06e121018a-f-ax-dx-fx-d-06e121005f-d-n-06e121016q-qx-cx-p-n-06e121008n-vergleichsnr-06e121018a-f-ax-dx-fx-d-0\\\/\",\"url\":\"https:\\\/\\\/audi-klaus.at\\\/shop\\\/produkt\\\/audi-a6-c6-c7-a8-d3-a4-b7-q7-4lb-a5-b8-a7-4g-wasserpumpe-neu-skwp-0520055-vergleichsnr-06e121018a-f-ax-dx-fx-d-06e121005f-d-n-06e121016q-qx-cx-p-n-06e121008n-vergleichsnr-06e121018a-f-ax-dx-fx-d-0\\\/\",\"name\":\"Audi A6\\\/C6\\\/C7\\\/A8\\\/D3\\\/A4\\\/B7\\\/Q7\\\/4LB\\\/A5\\\/B8\\\/A7\\\/4G Wasserpumpe NEU SKWP-0520055\\\/Vergleichsnr.: 06E121018A\\\/F\\\/AX\\\/DX\\\/FX\\\/D\\\/06E121005F\\\/D\\\/N\\\/06E121016Q\\\/QX\\\/CX\\\/P\\\/N\\\/06E121008N\\\/Vergleichsnr.: 06E121018A\\\/F\\\/AX\\\/DX\\\/FX\\\/D\\\/06E121005F\\\/D\\\/N\\\/06E121016Q\\\/QX\\\/CX\\\/P\\\/N\\\/06E121008N - Audi-Klaus\",\"isPartOf\":{\"@id\":\"https:\\\/\\\/audi-klaus.at\\\/shop\\\/#website\"},\"primaryImageOfPage\":{\"@id\":\"https:\\\/\\\/audi-klaus.at\\\/shop\\\/produkt\\\/audi-a6-c6-c7-a8-d3-a4-b7-q7-4lb-a5-b8-a7-4g-wasserpumpe-neu-skwp-0520055-vergleichsnr-06e121018a-f-ax-dx-fx-d-06e121005f-d-n-06e121016q-qx-cx-p-n-06e121008n-vergleichsnr-06e121018a-f-ax-dx-fx-d-0\\\/#primaryimage\"},\"image\":{\"@id\":\"https:\\\/\\\/audi-klaus.at\\\/shop\\\/produkt\\\/audi-a6-c6-c7-a8-d3-a4-b7-q7-4lb-a5-b8-a7-4g-wasserpumpe-neu-skwp-0520055-vergleichsnr-06e121018a-f-ax-dx-fx-d-06e121005f-d-n-06e121016q-qx-cx-p-n-06e121008n-vergleichsnr-06e121018a-f-ax-dx-fx-d-0\\\/#primaryimage\"},\"thumbnailUrl\":\"https:\\\/\\\/audi-klaus.at\\\/shop\\\/wp-content\\\/uploads\\\/2023\\\/09\\\/M1751-1.jpg\",\"datePublished\":\"2023-09-25T08:00:20+00:00\",\"dateModified\":\"2026-01-07T21:34:19+00:00\",\"description\":\"Audi-Klaus Audi A6\\\/C6\\\/C7\\\/A8\\\/D3\\\/A4\\\/B7\\\/Q7\\\/4LB\\\/A5\\\/B8\\\/A7\\\/4G Wasserpumpe NEU SKWP-0520055\\\/Vergleichsnr.: 06E121018A\\\/F\\\/AX\\\/DX\\\/FX\\\/D\\\/06E121005F\\\/D\\\/N\\\/06E121016Q\\\/QX\\\/CX\\\/P\\\/N\\\/06E121008N\\\/Vergleichsnr.: 06E121018A\\\/F\\\/AX\\\/DX\\\/FX\\\/D\\\/06E121005F\\\/D\\\/N\\\/06E121016Q\\\/QX\\\/CX\\\/P\\\/N\\\/06E121008N Audi A6\\\/C6\\\/C7\\\/A8\\\/D3\\\/A4\\\/B7\\\/Q7\\\/4LB\\\/A5\\\/B8\\\/A7\\\/4G Wasserpumpe NEU SKWP-0520055\\\/Vergleichsnr.: 06E121018A\\\/F\\\/AX\\\/DX\\\/FX\\\/D\\\/06E121005F\\\/D\\\/N\\\/06E121016Q\\\/QX\\\/CX\\\/P\\\/N\\\/06E121008N\\\/Vergleichsnr.: 06E121018A\\\/F\\\/AX\\\/DX\\\/FX\\\/D\\\/06E121005F\\\/D\\\/N\\\/06E121016Q\\\/QX\\\/CX\\\/P\\\/N\\\/06E121008N\",\"breadcrumb\":{\"@id\":\"https:\\\/\\\/audi-klaus.at\\\/shop\\\/produkt\\\/audi-a6-c6-c7-a8-d3-a4-b7-q7-4lb-a5-b8-a7-4g-wasserpumpe-neu-skwp-0520055-vergleichsnr-06e121018a-f-ax-dx-fx-d-06e121005f-d-n-06e121016q-qx-cx-p-n-06e121008n-vergleichsnr-06e121018a-f-ax-dx-fx-d-0\\\/#breadcrumb\"},\"inLanguage\":\"de-AT\",\"potentialAction\":[{\"@type\":\"ReadAction\",\"target\":[\"https:\\\/\\\/audi-klaus.at\\\/shop\\\/produkt\\\/audi-a6-c6-c7-a8-d3-a4-b7-q7-4lb-a5-b8-a7-4g-wasserpumpe-neu-skwp-0520055-vergleichsnr-06e121018a-f-ax-dx-fx-d-06e121005f-d-n-06e121016q-qx-cx-p-n-06e121008n-vergleichsnr-06e121018a-f-ax-dx-fx-d-0\\\/\"]}]},{\"@type\":\"ImageObject\",\"inLanguage\":\"de-AT\",\"@id\":\"https:\\\/\\\/audi-klaus.at\\\/shop\\\/produkt\\\/audi-a6-c6-c7-a8-d3-a4-b7-q7-4lb-a5-b8-a7-4g-wasserpumpe-neu-skwp-0520055-vergleichsnr-06e121018a-f-ax-dx-fx-d-06e121005f-d-n-06e121016q-qx-cx-p-n-06e121008n-vergleichsnr-06e121018a-f-ax-dx-fx-d-0\\\/#primaryimage\",\"url\":\"https:\\\/\\\/audi-klaus.at\\\/shop\\\/wp-content\\\/uploads\\\/2023\\\/09\\\/M1751-1.jpg\",\"contentUrl\":\"https:\\\/\\\/audi-klaus.at\\\/shop\\\/wp-content\\\/uploads\\\/2023\\\/09\\\/M1751-1.jpg\",\"width\":480,\"height\":480},{\"@type\":\"BreadcrumbList\",\"@id\":\"https:\\\/\\\/audi-klaus.at\\\/shop\\\/produkt\\\/audi-a6-c6-c7-a8-d3-a4-b7-q7-4lb-a5-b8-a7-4g-wasserpumpe-neu-skwp-0520055-vergleichsnr-06e121018a-f-ax-dx-fx-d-06e121005f-d-n-06e121016q-qx-cx-p-n-06e121008n-vergleichsnr-06e121018a-f-ax-dx-fx-d-0\\\/#breadcrumb\",\"itemListElement\":[{\"@type\":\"ListItem\",\"position\":1,\"name\":\"Startseite\",\"item\":\"https:\\\/\\\/audi-klaus.at\\\/shop\\\/\"},{\"@type\":\"ListItem\",\"position\":2,\"name\":\"Shop\",\"item\":\"https:\\\/\\\/audi-klaus.at\\\/shop\\\/\"},{\"@type\":\"ListItem\",\"position\":3,\"name\":\"Audi A6\\\/C6\\\/C7\\\/A8\\\/D3\\\/A4\\\/B7\\\/Q7\\\/4LB\\\/A5\\\/B8\\\/A7\\\/4G Wasserpumpe NEU SKWP-0520055\\\/Vergleichsnr.: 06E121018A\\\/F\\\/AX\\\/DX\\\/FX\\\/D\\\/06E121005F\\\/D\\\/N\\\/06E121016Q\\\/QX\\\/CX\\\/P\\\/N\\\/06E121008N\\\/Vergleichsnr.: 06E121018A\\\/F\\\/AX\\\/DX\\\/FX\\\/D\\\/06E121005F\\\/D\\\/N\\\/06E121016Q\\\/QX\\\/CX\\\/P\\\/N\\\/06E121008N\"}]},{\"@type\":\"WebSite\",\"@id\":\"https:\\\/\\\/audi-klaus.at\\\/shop\\\/#website\",\"url\":\"https:\\\/\\\/audi-klaus.at\\\/shop\\\/\",\"name\":\"Audi-Klaus\",\"description\":\"Ihr Gebrauchtteile Spezialist f\u00fcr die Marken Audi, VW (VAG)\",\"publisher\":{\"@id\":\"https:\\\/\\\/audi-klaus.at\\\/shop\\\/#organization\"},\"potentialAction\":[{\"@type\":\"SearchAction\",\"target\":{\"@type\":\"EntryPoint\",\"urlTemplate\":\"https:\\\/\\\/audi-klaus.at\\\/shop\\\/?s={search_term_string}\"},\"query-input\":{\"@type\":\"PropertyValueSpecification\",\"valueRequired\":true,\"valueName\":\"search_term_string\"}}],\"inLanguage\":\"de-AT\"},{\"@type\":\"Organization\",\"@id\":\"https:\\\/\\\/audi-klaus.at\\\/shop\\\/#organization\",\"name\":\"Audi-Klaus\",\"url\":\"https:\\\/\\\/audi-klaus.at\\\/shop\\\/\",\"logo\":{\"@type\":\"ImageObject\",\"inLanguage\":\"de-AT\",\"@id\":\"https:\\\/\\\/audi-klaus.at\\\/shop\\\/#\\\/schema\\\/logo\\\/image\\\/\",\"url\":\"https:\\\/\\\/audi-klaus.at\\\/shop\\\/wp-content\\\/uploads\\\/2024\\\/10\\\/Logo-Shop.webp\",\"contentUrl\":\"https:\\\/\\\/audi-klaus.at\\\/shop\\\/wp-content\\\/uploads\\\/2024\\\/10\\\/Logo-Shop.webp\",\"width\":470,\"height\":164,\"caption\":\"Audi-Klaus\"},\"image\":{\"@id\":\"https:\\\/\\\/audi-klaus.at\\\/shop\\\/#\\\/schema\\\/logo\\\/image\\\/\"},\"sameAs\":[\"https:\\\/\\\/www.facebook.com\\\/audi.klaus.1312\\\/\",\"https:\\\/\\\/www.instagram.com\\\/audi_klaus\\\/?igshid=1eca3qu2mdayg\"]}]}<\/script>\n<!-- \/ Yoast SEO plugin. -->","yoast_head_json":{"title":"Audi A6\/C6\/C7\/A8\/D3\/A4\/B7\/Q7\/4LB\/A5\/B8\/A7\/4G Wasserpumpe NEU SKWP-0520055\/Vergleichsnr.: 06E121018A\/F\/AX\/DX\/FX\/D\/06E121005F\/D\/N\/06E121016Q\/QX\/CX\/P\/N\/06E121008N\/Vergleichsnr.: 06E121018A\/F\/AX\/DX\/FX\/D\/06E121005F\/D\/N\/06E121016Q\/QX\/CX\/P\/N\/06E121008N - Audi-Klaus","description":"Audi-Klaus Audi A6\/C6\/C7\/A8\/D3\/A4\/B7\/Q7\/4LB\/A5\/B8\/A7\/4G Wasserpumpe NEU SKWP-0520055\/Vergleichsnr.: 06E121018A\/F\/AX\/DX\/FX\/D\/06E121005F\/D\/N\/06E121016Q\/QX\/CX\/P\/N\/06E121008N\/Vergleichsnr.: 06E121018A\/F\/AX\/DX\/FX\/D\/06E121005F\/D\/N\/06E121016Q\/QX\/CX\/P\/N\/06E121008N Audi A6\/C6\/C7\/A8\/D3\/A4\/B7\/Q7\/4LB\/A5\/B8\/A7\/4G Wasserpumpe NEU SKWP-0520055\/Vergleichsnr.: 06E121018A\/F\/AX\/DX\/FX\/D\/06E121005F\/D\/N\/06E121016Q\/QX\/CX\/P\/N\/06E121008N\/Vergleichsnr.: 06E121018A\/F\/AX\/DX\/FX\/D\/06E121005F\/D\/N\/06E121016Q\/QX\/CX\/P\/N\/06E121008N","robots":{"index":"index","follow":"follow","max-snippet":"max-snippet:-1","max-image-preview":"max-image-preview:large","max-video-preview":"max-video-preview:-1"},"canonical":"https:\/\/audi-klaus.at\/shop\/produkt\/audi-a6-c6-c7-a8-d3-a4-b7-q7-4lb-a5-b8-a7-4g-wasserpumpe-neu-skwp-0520055-vergleichsnr-06e121018a-f-ax-dx-fx-d-06e121005f-d-n-06e121016q-qx-cx-p-n-06e121008n-vergleichsnr-06e121018a-f-ax-dx-fx-d-0\/","og_locale":"de_DE","og_type":"article","og_title":"Audi A6\/C6\/C7\/A8\/D3\/A4\/B7\/Q7\/4LB\/A5\/B8\/A7\/4G Wasserpumpe NEU SKWP-0520055\/Vergleichsnr.: 06E121018A\/F\/AX\/DX\/FX\/D\/06E121005F\/D\/N\/06E121016Q\/QX\/CX\/P\/N\/06E121008N\/Vergleichsnr.: 06E121018A\/F\/AX\/DX\/FX\/D\/06E121005F\/D\/N\/06E121016Q\/QX\/CX\/P\/N\/06E121008N - Audi-Klaus","og_description":"Audi-Klaus Audi A6\/C6\/C7\/A8\/D3\/A4\/B7\/Q7\/4LB\/A5\/B8\/A7\/4G Wasserpumpe NEU SKWP-0520055\/Vergleichsnr.: 06E121018A\/F\/AX\/DX\/FX\/D\/06E121005F\/D\/N\/06E121016Q\/QX\/CX\/P\/N\/06E121008N\/Vergleichsnr.: 06E121018A\/F\/AX\/DX\/FX\/D\/06E121005F\/D\/N\/06E121016Q\/QX\/CX\/P\/N\/06E121008N Audi A6\/C6\/C7\/A8\/D3\/A4\/B7\/Q7\/4LB\/A5\/B8\/A7\/4G Wasserpumpe NEU SKWP-0520055\/Vergleichsnr.: 06E121018A\/F\/AX\/DX\/FX\/D\/06E121005F\/D\/N\/06E121016Q\/QX\/CX\/P\/N\/06E121008N\/Vergleichsnr.: 06E121018A\/F\/AX\/DX\/FX\/D\/06E121005F\/D\/N\/06E121016Q\/QX\/CX\/P\/N\/06E121008N","og_url":"https:\/\/audi-klaus.at\/shop\/produkt\/audi-a6-c6-c7-a8-d3-a4-b7-q7-4lb-a5-b8-a7-4g-wasserpumpe-neu-skwp-0520055-vergleichsnr-06e121018a-f-ax-dx-fx-d-06e121005f-d-n-06e121016q-qx-cx-p-n-06e121008n-vergleichsnr-06e121018a-f-ax-dx-fx-d-0\/","og_site_name":"Audi-Klaus","article_publisher":"https:\/\/www.facebook.com\/audi.klaus.1312\/","article_modified_time":"2026-01-07T21:34:19+00:00","og_image":[{"width":480,"height":480,"url":"https:\/\/audi-klaus.at\/shop\/wp-content\/uploads\/2023\/09\/M1751-1.jpg","type":"image\/jpeg"}],"twitter_card":"summary_large_image","twitter_misc":{"Gesch\u00e4tzte Lesezeit":"1 Minute"},"schema":{"@context":"https:\/\/schema.org","@graph":[{"@type":"WebPage","@id":"https:\/\/audi-klaus.at\/shop\/produkt\/audi-a6-c6-c7-a8-d3-a4-b7-q7-4lb-a5-b8-a7-4g-wasserpumpe-neu-skwp-0520055-vergleichsnr-06e121018a-f-ax-dx-fx-d-06e121005f-d-n-06e121016q-qx-cx-p-n-06e121008n-vergleichsnr-06e121018a-f-ax-dx-fx-d-0\/","url":"https:\/\/audi-klaus.at\/shop\/produkt\/audi-a6-c6-c7-a8-d3-a4-b7-q7-4lb-a5-b8-a7-4g-wasserpumpe-neu-skwp-0520055-vergleichsnr-06e121018a-f-ax-dx-fx-d-06e121005f-d-n-06e121016q-qx-cx-p-n-06e121008n-vergleichsnr-06e121018a-f-ax-dx-fx-d-0\/","name":"Audi A6\/C6\/C7\/A8\/D3\/A4\/B7\/Q7\/4LB\/A5\/B8\/A7\/4G Wasserpumpe NEU SKWP-0520055\/Vergleichsnr.: 06E121018A\/F\/AX\/DX\/FX\/D\/06E121005F\/D\/N\/06E121016Q\/QX\/CX\/P\/N\/06E121008N\/Vergleichsnr.: 06E121018A\/F\/AX\/DX\/FX\/D\/06E121005F\/D\/N\/06E121016Q\/QX\/CX\/P\/N\/06E121008N - Audi-Klaus","isPartOf":{"@id":"https:\/\/audi-klaus.at\/shop\/#website"},"primaryImageOfPage":{"@id":"https:\/\/audi-klaus.at\/shop\/produkt\/audi-a6-c6-c7-a8-d3-a4-b7-q7-4lb-a5-b8-a7-4g-wasserpumpe-neu-skwp-0520055-vergleichsnr-06e121018a-f-ax-dx-fx-d-06e121005f-d-n-06e121016q-qx-cx-p-n-06e121008n-vergleichsnr-06e121018a-f-ax-dx-fx-d-0\/#primaryimage"},"image":{"@id":"https:\/\/audi-klaus.at\/shop\/produkt\/audi-a6-c6-c7-a8-d3-a4-b7-q7-4lb-a5-b8-a7-4g-wasserpumpe-neu-skwp-0520055-vergleichsnr-06e121018a-f-ax-dx-fx-d-06e121005f-d-n-06e121016q-qx-cx-p-n-06e121008n-vergleichsnr-06e121018a-f-ax-dx-fx-d-0\/#primaryimage"},"thumbnailUrl":"https:\/\/audi-klaus.at\/shop\/wp-content\/uploads\/2023\/09\/M1751-1.jpg","datePublished":"2023-09-25T08:00:20+00:00","dateModified":"2026-01-07T21:34:19+00:00","description":"Audi-Klaus Audi A6\/C6\/C7\/A8\/D3\/A4\/B7\/Q7\/4LB\/A5\/B8\/A7\/4G Wasserpumpe NEU SKWP-0520055\/Vergleichsnr.: 06E121018A\/F\/AX\/DX\/FX\/D\/06E121005F\/D\/N\/06E121016Q\/QX\/CX\/P\/N\/06E121008N\/Vergleichsnr.: 06E121018A\/F\/AX\/DX\/FX\/D\/06E121005F\/D\/N\/06E121016Q\/QX\/CX\/P\/N\/06E121008N Audi A6\/C6\/C7\/A8\/D3\/A4\/B7\/Q7\/4LB\/A5\/B8\/A7\/4G Wasserpumpe NEU SKWP-0520055\/Vergleichsnr.: 06E121018A\/F\/AX\/DX\/FX\/D\/06E121005F\/D\/N\/06E121016Q\/QX\/CX\/P\/N\/06E121008N\/Vergleichsnr.: 06E121018A\/F\/AX\/DX\/FX\/D\/06E121005F\/D\/N\/06E121016Q\/QX\/CX\/P\/N\/06E121008N","breadcrumb":{"@id":"https:\/\/audi-klaus.at\/shop\/produkt\/audi-a6-c6-c7-a8-d3-a4-b7-q7-4lb-a5-b8-a7-4g-wasserpumpe-neu-skwp-0520055-vergleichsnr-06e121018a-f-ax-dx-fx-d-06e121005f-d-n-06e121016q-qx-cx-p-n-06e121008n-vergleichsnr-06e121018a-f-ax-dx-fx-d-0\/#breadcrumb"},"inLanguage":"de-AT","potentialAction":[{"@type":"ReadAction","target":["https:\/\/audi-klaus.at\/shop\/produkt\/audi-a6-c6-c7-a8-d3-a4-b7-q7-4lb-a5-b8-a7-4g-wasserpumpe-neu-skwp-0520055-vergleichsnr-06e121018a-f-ax-dx-fx-d-06e121005f-d-n-06e121016q-qx-cx-p-n-06e121008n-vergleichsnr-06e121018a-f-ax-dx-fx-d-0\/"]}]},{"@type":"ImageObject","inLanguage":"de-AT","@id":"https:\/\/audi-klaus.at\/shop\/produkt\/audi-a6-c6-c7-a8-d3-a4-b7-q7-4lb-a5-b8-a7-4g-wasserpumpe-neu-skwp-0520055-vergleichsnr-06e121018a-f-ax-dx-fx-d-06e121005f-d-n-06e121016q-qx-cx-p-n-06e121008n-vergleichsnr-06e121018a-f-ax-dx-fx-d-0\/#primaryimage","url":"https:\/\/audi-klaus.at\/shop\/wp-content\/uploads\/2023\/09\/M1751-1.jpg","contentUrl":"https:\/\/audi-klaus.at\/shop\/wp-content\/uploads\/2023\/09\/M1751-1.jpg","width":480,"height":480},{"@type":"BreadcrumbList","@id":"https:\/\/audi-klaus.at\/shop\/produkt\/audi-a6-c6-c7-a8-d3-a4-b7-q7-4lb-a5-b8-a7-4g-wasserpumpe-neu-skwp-0520055-vergleichsnr-06e121018a-f-ax-dx-fx-d-06e121005f-d-n-06e121016q-qx-cx-p-n-06e121008n-vergleichsnr-06e121018a-f-ax-dx-fx-d-0\/#breadcrumb","itemListElement":[{"@type":"ListItem","position":1,"name":"Startseite","item":"https:\/\/audi-klaus.at\/shop\/"},{"@type":"ListItem","position":2,"name":"Shop","item":"https:\/\/audi-klaus.at\/shop\/"},{"@type":"ListItem","position":3,"name":"Audi A6\/C6\/C7\/A8\/D3\/A4\/B7\/Q7\/4LB\/A5\/B8\/A7\/4G Wasserpumpe NEU SKWP-0520055\/Vergleichsnr.: 06E121018A\/F\/AX\/DX\/FX\/D\/06E121005F\/D\/N\/06E121016Q\/QX\/CX\/P\/N\/06E121008N\/Vergleichsnr.: 06E121018A\/F\/AX\/DX\/FX\/D\/06E121005F\/D\/N\/06E121016Q\/QX\/CX\/P\/N\/06E121008N"}]},{"@type":"WebSite","@id":"https:\/\/audi-klaus.at\/shop\/#website","url":"https:\/\/audi-klaus.at\/shop\/","name":"Audi-Klaus","description":"Ihr Gebrauchtteile Spezialist f\u00fcr die Marken Audi, VW (VAG)","publisher":{"@id":"https:\/\/audi-klaus.at\/shop\/#organization"},"potentialAction":[{"@type":"SearchAction","target":{"@type":"EntryPoint","urlTemplate":"https:\/\/audi-klaus.at\/shop\/?s={search_term_string}"},"query-input":{"@type":"PropertyValueSpecification","valueRequired":true,"valueName":"search_term_string"}}],"inLanguage":"de-AT"},{"@type":"Organization","@id":"https:\/\/audi-klaus.at\/shop\/#organization","name":"Audi-Klaus","url":"https:\/\/audi-klaus.at\/shop\/","logo":{"@type":"ImageObject","inLanguage":"de-AT","@id":"https:\/\/audi-klaus.at\/shop\/#\/schema\/logo\/image\/","url":"https:\/\/audi-klaus.at\/shop\/wp-content\/uploads\/2024\/10\/Logo-Shop.webp","contentUrl":"https:\/\/audi-klaus.at\/shop\/wp-content\/uploads\/2024\/10\/Logo-Shop.webp","width":470,"height":164,"caption":"Audi-Klaus"},"image":{"@id":"https:\/\/audi-klaus.at\/shop\/#\/schema\/logo\/image\/"},"sameAs":["https:\/\/www.facebook.com\/audi.klaus.1312\/","https:\/\/www.instagram.com\/audi_klaus\/?igshid=1eca3qu2mdayg"]}]}},"_links":{"self":[{"href":"https:\/\/audi-klaus.at\/shop\/wp-json\/wp\/v2\/product\/64750","targetHints":{"allow":["GET"]}}],"collection":[{"href":"https:\/\/audi-klaus.at\/shop\/wp-json\/wp\/v2\/product"}],"about":[{"href":"https:\/\/audi-klaus.at\/shop\/wp-json\/wp\/v2\/types\/product"}],"wp:featuredmedia":[{"embeddable":true,"href":"https:\/\/audi-klaus.at\/shop\/wp-json\/wp\/v2\/media\/64734"}],"wp:attachment":[{"href":"https:\/\/audi-klaus.at\/shop\/wp-json\/wp\/v2\/media?parent=64750"}],"wp:term":[{"taxonomy":"product_brand","embeddable":true,"href":"https:\/\/audi-klaus.at\/shop\/wp-json\/wp\/v2\/product_brand?post=64750"},{"taxonomy":"product_cat","embeddable":true,"href":"https:\/\/audi-klaus.at\/shop\/wp-json\/wp\/v2\/product_cat?post=64750"},{"taxonomy":"product_tag","embeddable":true,"href":"https:\/\/audi-klaus.at\/shop\/wp-json\/wp\/v2\/product_tag?post=64750"}],"curies":[{"name":"wp","href":"https:\/\/api.w.org\/{rel}","templated":true}]}}