{"id":62208,"date":"2023-07-18T13:36:08","date_gmt":"2023-07-18T11:36:08","guid":{"rendered":"https:\/\/audi-klaus.at\/shop\/?post_type=product&#038;p=62208"},"modified":"2026-01-07T22:33:37","modified_gmt":"2026-01-07T21:33:37","slug":"vw-passat-b5-audi-a4-b5-a6-c4-c5-skoda-superb-1-kuehler-nos-8d0121251bb","status":"publish","type":"product","link":"https:\/\/audi-klaus.at\/shop\/produkt\/vw-passat-b5-audi-a4-b5-a6-c4-c5-skoda-superb-1-kuehler-nos-8d0121251bb\/","title":{"rendered":"Vw Passat\/B5\/Audi A4\/B5\/A6\/C4\/C5\/Skoda Superb\/1 K\u00fchler NOS 8D0121251BB"},"content":{"rendered":"<h5 class=\"western\"><span style=\"color: #060606\"><span style=\"font-family: Verdana, serif\"><span style=\"font-size: small\"><b>VAG Teilenummer<\/b><\/span><\/span><\/span><span style=\"color: #060606\"><span style=\"font-family: Verdana, serif\"><span style=\"font-size: small\">: 8D0 121 251 BB<\/span><\/span><\/span><\/h5>\n<h5 class=\"western\"><span style=\"color: #060606\"><span style=\"font-family: Verdana, serif\"><span style=\"font-size: small\"><b>Zustand: <\/b><\/span><\/span><\/span><span style=\"color: #060606\"><span style=\"font-family: Verdana, serif\"><span style=\"font-size: small\"><span lang=\"de-DE\">NEU<\/span><\/span><\/span><\/span><\/h5>\n<h5 class=\"western\"><span style=\"color: #060606\"><span style=\"font-family: Verdana, serif\"><span style=\"font-size: small\"><b>Lieferumfang:<\/b><\/span><\/span><\/span><span style=\"color: #060606\"><span style=\"font-family: Verdana, serif\"><span style=\"font-size: small\">\u00a0wie in den Original-Abbildungen angegeben<\/span><\/span><\/span><\/h5>\n<h5 class=\"western\"><span style=\"color: #060606\"><span style=\"font-family: Verdana, serif\"><span style=\"font-size: small\"><b>Hinweis:<\/b><\/span><\/span><\/span><span style=\"color: #060606\"><span style=\"font-family: Verdana, serif\"><span style=\"font-size: small\">\u00a0Bitte \u00fcberpr\u00fcfen Sie vor dem Kauf anhand der eindeutigen Teilenummern, ob der Artikel zum Fahrzeug passt, um R\u00fccksendungen zu vermeiden! Trotz Angabe der entsprechenden Fahrzeugdaten ist eine eindeutige Zuordnung nur \u00fcber die Teilenummer m\u00f6glich! Die abgelesene Teilenummer ist die Teilenummer des Teils, welches geliefert wird. Die Originalteilnummer ist diejenige, die bei Neubestellung f\u00fcr dieses Teil gilt und der m\u00f6glicherweise abweichenden, gelieferten Teilenummer entspricht. <\/span><\/span><\/span><\/h5>\n<h5 class=\"western\"><span style=\"color: #060606\"><span style=\"font-family: Verdana, serif\"><span style=\"font-size: small\"><span lang=\"de-DE\">Neu<\/span><\/span><\/span><\/span><span style=\"color: #060606\"><span style=\"font-family: Verdana, serif\"><span style=\"font-size: small\"> mit Gebrauchsspuren in Form von Verunreinigungen\/ kleinen Kratzern m\u00f6glich. Die Ware wird ungereinigt geliefert.<\/span><\/span><\/span><\/h5>\n<h5 class=\"western\"><span style=\"color: #060606\"><span style=\"font-family: Verdana, serif\"><span style=\"font-size: small\">Sollten weitere Fragen offen sein, kontaktieren Sie uns bitte unter\u00a0<\/span><\/span><\/span><a href=\"mailto:office@audi-klaus.at\"><span style=\"color: #0000ff\"><span style=\"font-family: Verdana, serif\"><span style=\"font-size: small\"><u>office@audi-klaus.at<\/u><\/span><\/span><\/span><\/a><\/h5>\n","protected":false},"excerpt":{"rendered":"<h5 class=\"western\"><strong><span style=\"color: #000000\"><span style=\"font-family: Source Sans Pro, serif\"><span style=\"font-size: x-large\">Marke: Vw\/Audi\/Skoda<br \/>\nModell: Passat\/Audi A4\/A6\/Skoda Superb<br \/>\nTyp: B5\/B5\/C4\/C5\/1<\/span><\/span><\/span><\/strong><\/h5>\n<h5 class=\"western\"><strong><span style=\"color: #c9211e\"><span style=\"font-family: Source Sans Pro, serif\"><span style=\"font-size: large\">Lagerspuren siehe Fotos!!<\/span><\/span><\/span><\/strong><\/h5>\n","protected":false},"featured_media":62199,"template":"","meta":[],"product_brand":[],"product_cat":[2046,511,2047,586,2182,587,598,608,1164,1176,32,1233,370,1379,372,1678,497],"product_tag":[21781,21782],"class_list":{"0":"post-62208","1":"product","2":"type-product","3":"status-publish","4":"has-post-thumbnail","6":"product_cat-superb","7":"product_cat-karosserie-b5-1994-2001","8":"product_cat-1-3u-2001-2006","9":"product_cat-c4-4a-1994-1997","10":"product_cat-karosserie-1-3u-2001-2006","11":"product_cat-c5-4b-1997-2005","12":"product_cat-karosserie-c4-1994-1997","13":"product_cat-karosserie-c5-1997-2005","14":"product_cat-vw","15":"product_cat-passat","16":"product_cat-audi","17":"product_cat-b5-3b-1996-2005","18":"product_cat-a4","19":"product_cat-skoda","20":"product_cat-a6","21":"product_cat-karosserie-b5-3b-1996-2005","22":"product_cat-b5-1994-2001","23":"product_tag-8d0121251bb","24":"product_tag-k2449","26":"first","27":"instock","28":"taxable","29":"shipping-taxable","30":"purchasable","31":"product-type-simple"},"yoast_head":"<!-- This site is optimized with the Yoast SEO plugin v27.4 - https:\/\/yoast.com\/product\/yoast-seo-wordpress\/ -->\n<title>Vw Passat\/B5\/Audi A4\/B5\/A6\/C4\/C5\/Skoda Superb\/1 K\u00fchler NOS 8D0121251BB - Audi-Klaus<\/title>\n<meta name=\"description\" content=\"Audi-Klaus Vw Passat\/B5\/Audi A4\/B5\/A6\/C4\/C5\/Skoda Superb\/1 K\u00fchler NOS 8D0121251BB Vw Passat\/B5\/Audi A4\/B5\/A6\/C4\/C5\/Skoda Superb\/1 K\u00fchler NOS 8D0121251BB\" \/>\n<meta name=\"robots\" content=\"index, follow, max-snippet:-1, max-image-preview:large, max-video-preview:-1\" \/>\n<link rel=\"canonical\" href=\"https:\/\/audi-klaus.at\/shop\/produkt\/vw-passat-b5-audi-a4-b5-a6-c4-c5-skoda-superb-1-kuehler-nos-8d0121251bb\/\" \/>\n<meta property=\"og:locale\" content=\"de_DE\" \/>\n<meta property=\"og:type\" content=\"article\" \/>\n<meta property=\"og:title\" content=\"Vw Passat\/B5\/Audi A4\/B5\/A6\/C4\/C5\/Skoda Superb\/1 K\u00fchler NOS 8D0121251BB - Audi-Klaus\" \/>\n<meta property=\"og:description\" content=\"Audi-Klaus Vw Passat\/B5\/Audi A4\/B5\/A6\/C4\/C5\/Skoda Superb\/1 K\u00fchler NOS 8D0121251BB Vw Passat\/B5\/Audi A4\/B5\/A6\/C4\/C5\/Skoda Superb\/1 K\u00fchler NOS 8D0121251BB\" \/>\n<meta property=\"og:url\" content=\"https:\/\/audi-klaus.at\/shop\/produkt\/vw-passat-b5-audi-a4-b5-a6-c4-c5-skoda-superb-1-kuehler-nos-8d0121251bb\/\" \/>\n<meta property=\"og:site_name\" content=\"Audi-Klaus\" \/>\n<meta property=\"article:publisher\" content=\"https:\/\/www.facebook.com\/audi.klaus.1312\/\" \/>\n<meta property=\"article:modified_time\" content=\"2026-01-07T21:33:37+00:00\" \/>\n<meta property=\"og:image\" content=\"https:\/\/audi-klaus.at\/shop\/wp-content\/uploads\/2023\/07\/K2449-2.jpg\" \/>\n\t<meta property=\"og:image:width\" content=\"480\" \/>\n\t<meta property=\"og:image:height\" content=\"480\" \/>\n\t<meta property=\"og:image:type\" content=\"image\/jpeg\" \/>\n<meta name=\"twitter:card\" content=\"summary_large_image\" \/>\n<meta name=\"twitter:label1\" content=\"Gesch\u00e4tzte Lesezeit\" \/>\n\t<meta name=\"twitter:data1\" content=\"1 Minute\" \/>\n<script type=\"application\/ld+json\" class=\"yoast-schema-graph\">{\"@context\":\"https:\\\/\\\/schema.org\",\"@graph\":[{\"@type\":\"WebPage\",\"@id\":\"https:\\\/\\\/audi-klaus.at\\\/shop\\\/produkt\\\/vw-passat-b5-audi-a4-b5-a6-c4-c5-skoda-superb-1-kuehler-nos-8d0121251bb\\\/\",\"url\":\"https:\\\/\\\/audi-klaus.at\\\/shop\\\/produkt\\\/vw-passat-b5-audi-a4-b5-a6-c4-c5-skoda-superb-1-kuehler-nos-8d0121251bb\\\/\",\"name\":\"Vw Passat\\\/B5\\\/Audi A4\\\/B5\\\/A6\\\/C4\\\/C5\\\/Skoda Superb\\\/1 K\u00fchler NOS 8D0121251BB - Audi-Klaus\",\"isPartOf\":{\"@id\":\"https:\\\/\\\/audi-klaus.at\\\/shop\\\/#website\"},\"primaryImageOfPage\":{\"@id\":\"https:\\\/\\\/audi-klaus.at\\\/shop\\\/produkt\\\/vw-passat-b5-audi-a4-b5-a6-c4-c5-skoda-superb-1-kuehler-nos-8d0121251bb\\\/#primaryimage\"},\"image\":{\"@id\":\"https:\\\/\\\/audi-klaus.at\\\/shop\\\/produkt\\\/vw-passat-b5-audi-a4-b5-a6-c4-c5-skoda-superb-1-kuehler-nos-8d0121251bb\\\/#primaryimage\"},\"thumbnailUrl\":\"https:\\\/\\\/audi-klaus.at\\\/shop\\\/wp-content\\\/uploads\\\/2023\\\/07\\\/K2449-2.jpg\",\"datePublished\":\"2023-07-18T11:36:08+00:00\",\"dateModified\":\"2026-01-07T21:33:37+00:00\",\"description\":\"Audi-Klaus Vw Passat\\\/B5\\\/Audi A4\\\/B5\\\/A6\\\/C4\\\/C5\\\/Skoda Superb\\\/1 K\u00fchler NOS 8D0121251BB Vw Passat\\\/B5\\\/Audi A4\\\/B5\\\/A6\\\/C4\\\/C5\\\/Skoda Superb\\\/1 K\u00fchler NOS 8D0121251BB\",\"breadcrumb\":{\"@id\":\"https:\\\/\\\/audi-klaus.at\\\/shop\\\/produkt\\\/vw-passat-b5-audi-a4-b5-a6-c4-c5-skoda-superb-1-kuehler-nos-8d0121251bb\\\/#breadcrumb\"},\"inLanguage\":\"de-AT\",\"potentialAction\":[{\"@type\":\"ReadAction\",\"target\":[\"https:\\\/\\\/audi-klaus.at\\\/shop\\\/produkt\\\/vw-passat-b5-audi-a4-b5-a6-c4-c5-skoda-superb-1-kuehler-nos-8d0121251bb\\\/\"]}]},{\"@type\":\"ImageObject\",\"inLanguage\":\"de-AT\",\"@id\":\"https:\\\/\\\/audi-klaus.at\\\/shop\\\/produkt\\\/vw-passat-b5-audi-a4-b5-a6-c4-c5-skoda-superb-1-kuehler-nos-8d0121251bb\\\/#primaryimage\",\"url\":\"https:\\\/\\\/audi-klaus.at\\\/shop\\\/wp-content\\\/uploads\\\/2023\\\/07\\\/K2449-2.jpg\",\"contentUrl\":\"https:\\\/\\\/audi-klaus.at\\\/shop\\\/wp-content\\\/uploads\\\/2023\\\/07\\\/K2449-2.jpg\",\"width\":480,\"height\":480},{\"@type\":\"BreadcrumbList\",\"@id\":\"https:\\\/\\\/audi-klaus.at\\\/shop\\\/produkt\\\/vw-passat-b5-audi-a4-b5-a6-c4-c5-skoda-superb-1-kuehler-nos-8d0121251bb\\\/#breadcrumb\",\"itemListElement\":[{\"@type\":\"ListItem\",\"position\":1,\"name\":\"Startseite\",\"item\":\"https:\\\/\\\/audi-klaus.at\\\/shop\\\/\"},{\"@type\":\"ListItem\",\"position\":2,\"name\":\"Shop\",\"item\":\"https:\\\/\\\/audi-klaus.at\\\/shop\\\/\"},{\"@type\":\"ListItem\",\"position\":3,\"name\":\"Vw Passat\\\/B5\\\/Audi A4\\\/B5\\\/A6\\\/C4\\\/C5\\\/Skoda Superb\\\/1 K\u00fchler NOS 8D0121251BB\"}]},{\"@type\":\"WebSite\",\"@id\":\"https:\\\/\\\/audi-klaus.at\\\/shop\\\/#website\",\"url\":\"https:\\\/\\\/audi-klaus.at\\\/shop\\\/\",\"name\":\"Audi-Klaus\",\"description\":\"Ihr Gebrauchtteile Spezialist f\u00fcr die Marken Audi, VW (VAG)\",\"publisher\":{\"@id\":\"https:\\\/\\\/audi-klaus.at\\\/shop\\\/#organization\"},\"potentialAction\":[{\"@type\":\"SearchAction\",\"target\":{\"@type\":\"EntryPoint\",\"urlTemplate\":\"https:\\\/\\\/audi-klaus.at\\\/shop\\\/?s={search_term_string}\"},\"query-input\":{\"@type\":\"PropertyValueSpecification\",\"valueRequired\":true,\"valueName\":\"search_term_string\"}}],\"inLanguage\":\"de-AT\"},{\"@type\":\"Organization\",\"@id\":\"https:\\\/\\\/audi-klaus.at\\\/shop\\\/#organization\",\"name\":\"Audi-Klaus\",\"url\":\"https:\\\/\\\/audi-klaus.at\\\/shop\\\/\",\"logo\":{\"@type\":\"ImageObject\",\"inLanguage\":\"de-AT\",\"@id\":\"https:\\\/\\\/audi-klaus.at\\\/shop\\\/#\\\/schema\\\/logo\\\/image\\\/\",\"url\":\"https:\\\/\\\/audi-klaus.at\\\/shop\\\/wp-content\\\/uploads\\\/2024\\\/10\\\/Logo-Shop.webp\",\"contentUrl\":\"https:\\\/\\\/audi-klaus.at\\\/shop\\\/wp-content\\\/uploads\\\/2024\\\/10\\\/Logo-Shop.webp\",\"width\":470,\"height\":164,\"caption\":\"Audi-Klaus\"},\"image\":{\"@id\":\"https:\\\/\\\/audi-klaus.at\\\/shop\\\/#\\\/schema\\\/logo\\\/image\\\/\"},\"sameAs\":[\"https:\\\/\\\/www.facebook.com\\\/audi.klaus.1312\\\/\",\"https:\\\/\\\/www.instagram.com\\\/audi_klaus\\\/?igshid=1eca3qu2mdayg\"]}]}<\/script>\n<!-- \/ Yoast SEO plugin. -->","yoast_head_json":{"title":"Vw Passat\/B5\/Audi A4\/B5\/A6\/C4\/C5\/Skoda Superb\/1 K\u00fchler NOS 8D0121251BB - Audi-Klaus","description":"Audi-Klaus Vw Passat\/B5\/Audi A4\/B5\/A6\/C4\/C5\/Skoda Superb\/1 K\u00fchler NOS 8D0121251BB Vw Passat\/B5\/Audi A4\/B5\/A6\/C4\/C5\/Skoda Superb\/1 K\u00fchler NOS 8D0121251BB","robots":{"index":"index","follow":"follow","max-snippet":"max-snippet:-1","max-image-preview":"max-image-preview:large","max-video-preview":"max-video-preview:-1"},"canonical":"https:\/\/audi-klaus.at\/shop\/produkt\/vw-passat-b5-audi-a4-b5-a6-c4-c5-skoda-superb-1-kuehler-nos-8d0121251bb\/","og_locale":"de_DE","og_type":"article","og_title":"Vw Passat\/B5\/Audi A4\/B5\/A6\/C4\/C5\/Skoda Superb\/1 K\u00fchler NOS 8D0121251BB - Audi-Klaus","og_description":"Audi-Klaus Vw Passat\/B5\/Audi A4\/B5\/A6\/C4\/C5\/Skoda Superb\/1 K\u00fchler NOS 8D0121251BB Vw Passat\/B5\/Audi A4\/B5\/A6\/C4\/C5\/Skoda Superb\/1 K\u00fchler NOS 8D0121251BB","og_url":"https:\/\/audi-klaus.at\/shop\/produkt\/vw-passat-b5-audi-a4-b5-a6-c4-c5-skoda-superb-1-kuehler-nos-8d0121251bb\/","og_site_name":"Audi-Klaus","article_publisher":"https:\/\/www.facebook.com\/audi.klaus.1312\/","article_modified_time":"2026-01-07T21:33:37+00:00","og_image":[{"width":480,"height":480,"url":"https:\/\/audi-klaus.at\/shop\/wp-content\/uploads\/2023\/07\/K2449-2.jpg","type":"image\/jpeg"}],"twitter_card":"summary_large_image","twitter_misc":{"Gesch\u00e4tzte Lesezeit":"1 Minute"},"schema":{"@context":"https:\/\/schema.org","@graph":[{"@type":"WebPage","@id":"https:\/\/audi-klaus.at\/shop\/produkt\/vw-passat-b5-audi-a4-b5-a6-c4-c5-skoda-superb-1-kuehler-nos-8d0121251bb\/","url":"https:\/\/audi-klaus.at\/shop\/produkt\/vw-passat-b5-audi-a4-b5-a6-c4-c5-skoda-superb-1-kuehler-nos-8d0121251bb\/","name":"Vw Passat\/B5\/Audi A4\/B5\/A6\/C4\/C5\/Skoda Superb\/1 K\u00fchler NOS 8D0121251BB - Audi-Klaus","isPartOf":{"@id":"https:\/\/audi-klaus.at\/shop\/#website"},"primaryImageOfPage":{"@id":"https:\/\/audi-klaus.at\/shop\/produkt\/vw-passat-b5-audi-a4-b5-a6-c4-c5-skoda-superb-1-kuehler-nos-8d0121251bb\/#primaryimage"},"image":{"@id":"https:\/\/audi-klaus.at\/shop\/produkt\/vw-passat-b5-audi-a4-b5-a6-c4-c5-skoda-superb-1-kuehler-nos-8d0121251bb\/#primaryimage"},"thumbnailUrl":"https:\/\/audi-klaus.at\/shop\/wp-content\/uploads\/2023\/07\/K2449-2.jpg","datePublished":"2023-07-18T11:36:08+00:00","dateModified":"2026-01-07T21:33:37+00:00","description":"Audi-Klaus Vw Passat\/B5\/Audi A4\/B5\/A6\/C4\/C5\/Skoda Superb\/1 K\u00fchler NOS 8D0121251BB Vw Passat\/B5\/Audi A4\/B5\/A6\/C4\/C5\/Skoda Superb\/1 K\u00fchler NOS 8D0121251BB","breadcrumb":{"@id":"https:\/\/audi-klaus.at\/shop\/produkt\/vw-passat-b5-audi-a4-b5-a6-c4-c5-skoda-superb-1-kuehler-nos-8d0121251bb\/#breadcrumb"},"inLanguage":"de-AT","potentialAction":[{"@type":"ReadAction","target":["https:\/\/audi-klaus.at\/shop\/produkt\/vw-passat-b5-audi-a4-b5-a6-c4-c5-skoda-superb-1-kuehler-nos-8d0121251bb\/"]}]},{"@type":"ImageObject","inLanguage":"de-AT","@id":"https:\/\/audi-klaus.at\/shop\/produkt\/vw-passat-b5-audi-a4-b5-a6-c4-c5-skoda-superb-1-kuehler-nos-8d0121251bb\/#primaryimage","url":"https:\/\/audi-klaus.at\/shop\/wp-content\/uploads\/2023\/07\/K2449-2.jpg","contentUrl":"https:\/\/audi-klaus.at\/shop\/wp-content\/uploads\/2023\/07\/K2449-2.jpg","width":480,"height":480},{"@type":"BreadcrumbList","@id":"https:\/\/audi-klaus.at\/shop\/produkt\/vw-passat-b5-audi-a4-b5-a6-c4-c5-skoda-superb-1-kuehler-nos-8d0121251bb\/#breadcrumb","itemListElement":[{"@type":"ListItem","position":1,"name":"Startseite","item":"https:\/\/audi-klaus.at\/shop\/"},{"@type":"ListItem","position":2,"name":"Shop","item":"https:\/\/audi-klaus.at\/shop\/"},{"@type":"ListItem","position":3,"name":"Vw Passat\/B5\/Audi A4\/B5\/A6\/C4\/C5\/Skoda Superb\/1 K\u00fchler NOS 8D0121251BB"}]},{"@type":"WebSite","@id":"https:\/\/audi-klaus.at\/shop\/#website","url":"https:\/\/audi-klaus.at\/shop\/","name":"Audi-Klaus","description":"Ihr Gebrauchtteile Spezialist f\u00fcr die Marken Audi, VW (VAG)","publisher":{"@id":"https:\/\/audi-klaus.at\/shop\/#organization"},"potentialAction":[{"@type":"SearchAction","target":{"@type":"EntryPoint","urlTemplate":"https:\/\/audi-klaus.at\/shop\/?s={search_term_string}"},"query-input":{"@type":"PropertyValueSpecification","valueRequired":true,"valueName":"search_term_string"}}],"inLanguage":"de-AT"},{"@type":"Organization","@id":"https:\/\/audi-klaus.at\/shop\/#organization","name":"Audi-Klaus","url":"https:\/\/audi-klaus.at\/shop\/","logo":{"@type":"ImageObject","inLanguage":"de-AT","@id":"https:\/\/audi-klaus.at\/shop\/#\/schema\/logo\/image\/","url":"https:\/\/audi-klaus.at\/shop\/wp-content\/uploads\/2024\/10\/Logo-Shop.webp","contentUrl":"https:\/\/audi-klaus.at\/shop\/wp-content\/uploads\/2024\/10\/Logo-Shop.webp","width":470,"height":164,"caption":"Audi-Klaus"},"image":{"@id":"https:\/\/audi-klaus.at\/shop\/#\/schema\/logo\/image\/"},"sameAs":["https:\/\/www.facebook.com\/audi.klaus.1312\/","https:\/\/www.instagram.com\/audi_klaus\/?igshid=1eca3qu2mdayg"]}]}},"_links":{"self":[{"href":"https:\/\/audi-klaus.at\/shop\/wp-json\/wp\/v2\/product\/62208","targetHints":{"allow":["GET"]}}],"collection":[{"href":"https:\/\/audi-klaus.at\/shop\/wp-json\/wp\/v2\/product"}],"about":[{"href":"https:\/\/audi-klaus.at\/shop\/wp-json\/wp\/v2\/types\/product"}],"wp:featuredmedia":[{"embeddable":true,"href":"https:\/\/audi-klaus.at\/shop\/wp-json\/wp\/v2\/media\/62199"}],"wp:attachment":[{"href":"https:\/\/audi-klaus.at\/shop\/wp-json\/wp\/v2\/media?parent=62208"}],"wp:term":[{"taxonomy":"product_brand","embeddable":true,"href":"https:\/\/audi-klaus.at\/shop\/wp-json\/wp\/v2\/product_brand?post=62208"},{"taxonomy":"product_cat","embeddable":true,"href":"https:\/\/audi-klaus.at\/shop\/wp-json\/wp\/v2\/product_cat?post=62208"},{"taxonomy":"product_tag","embeddable":true,"href":"https:\/\/audi-klaus.at\/shop\/wp-json\/wp\/v2\/product_tag?post=62208"}],"curies":[{"name":"wp","href":"https:\/\/api.w.org\/{rel}","templated":true}]}}