{"id":61169,"date":"2023-07-07T13:40:23","date_gmt":"2023-07-07T11:40:23","guid":{"rendered":"https:\/\/audi-klaus.at\/shop\/?post_type=product&#038;p=61169"},"modified":"2026-01-07T22:33:18","modified_gmt":"2026-01-07T21:33:18","slug":"vw-caddy-golf-cabrio-jetta-1-scirocco-1-2-kupplungsseil-nos-531721335c","status":"publish","type":"product","link":"https:\/\/audi-klaus.at\/shop\/produkt\/vw-caddy-golf-cabrio-jetta-1-scirocco-1-2-kupplungsseil-nos-531721335c\/","title":{"rendered":"Vw Caddy\/Golf\/Cabrio\/Jetta\/1\/Scirocco\/1\/2 Kupplungsseil NOS 531721335C"},"content":{"rendered":"<h5 class=\"western\"><span style=\"color: #060606\"><span style=\"font-family: Verdana, serif\"><span style=\"font-size: small\"><b>VAG Teilenummer<\/b><\/span><\/span><\/span><span style=\"color: #060606\"><span style=\"font-family: Verdana, serif\"><span style=\"font-size: small\">: 531 721 335C<\/span><\/span><\/span><\/h5>\n<h5 class=\"western\"><span style=\"color: #060606\"><span style=\"font-family: Verdana, serif\"><span style=\"font-size: small\"><b>Zustand: <\/b><\/span><\/span><\/span><span style=\"color: #060606\"><span style=\"font-family: Verdana, serif\"><span style=\"font-size: small\"><span lang=\"de-DE\">NEU<\/span><\/span><\/span><\/span><\/h5>\n<h5 class=\"western\"><span style=\"color: #060606\"><span style=\"font-family: Verdana, serif\"><span style=\"font-size: small\"><b>Lieferumfang:<\/b><\/span><\/span><\/span><span style=\"color: #060606\"><span style=\"font-family: Verdana, serif\"><span style=\"font-size: small\">\u00a0wie in den Original-Abbildungen angegeben<\/span><\/span><\/span><\/h5>\n<h5 class=\"western\"><span style=\"color: #060606\"><span style=\"font-family: Verdana, serif\"><span style=\"font-size: small\"><b>Hinweis:<\/b><\/span><\/span><\/span><span style=\"color: #060606\"><span style=\"font-family: Verdana, serif\"><span style=\"font-size: small\">\u00a0Bitte \u00fcberpr\u00fcfen Sie vor dem Kauf anhand der eindeutigen Teilenummern, ob der Artikel zum Fahrzeug passt, um R\u00fccksendungen zu vermeiden! Trotz Angabe der entsprechenden Fahrzeugdaten ist eine eindeutige Zuordnung nur \u00fcber die Teilenummer m\u00f6glich! Die abgelesene Teilenummer ist die Teilenummer des Teils, welches geliefert wird. Die Originalteilnummer ist diejenige, die bei Neubestellung f\u00fcr dieses Teil gilt und der m\u00f6glicherweise abweichenden, gelieferten Teilenummer entspricht. <\/span><\/span><\/span><\/h5>\n<h5 class=\"western\"><span style=\"color: #060606\"><span style=\"font-family: Verdana, serif\"><span style=\"font-size: small\"><span lang=\"de-DE\">Neu<\/span><\/span><\/span><\/span><span style=\"color: #060606\"><span style=\"font-family: Verdana, serif\"><span style=\"font-size: small\"> mit Gebrauchsspuren in Form von Verunreinigungen\/ kleinen Kratzern m\u00f6glich. Die Ware wird ungereinigt geliefert.<\/span><\/span><\/span><\/h5>\n<h5 class=\"western\"><span style=\"color: #060606\"><span style=\"font-family: Verdana, serif\"><span style=\"font-size: small\">Sollten weitere Fragen offen sein, kontaktieren Sie uns bitte unter\u00a0<\/span><\/span><\/span><a href=\"mailto:office@audi-klaus.at\"><span style=\"color: #0000ff\"><span style=\"font-family: Verdana, serif\"><span style=\"font-size: small\"><u>office@audi-klaus.at<\/u><\/span><\/span><\/span><\/a><\/h5>\n<p class=\"western\">\n","protected":false},"excerpt":{"rendered":"<h5 class=\"western\"><strong><span style=\"color: #000000\"><span style=\"font-family: Source Sans Pro, serif\"><span style=\"font-size: x-large\">Marke: Vw<br \/>\nModell: Caddy\/Golf\/Cabrio\/Jetta\/Scirocco<br \/>\nTyp: 1\/2 Baujahr 76-92<\/span><\/span><\/span><\/strong><\/h5>\n<h5 class=\"western\"><strong><span style=\"color: #c9211e\"><span style=\"font-family: Source Sans Pro, serif\"><span style=\"font-size: large\">Motor: 1,5l \/ 1,8l<\/span><\/span><\/span><\/strong><\/h5>\n<h5 class=\"western\"><strong><span style=\"color: #c9211e\"><span style=\"font-family: Source Sans Pro, serif\"><span style=\"font-size: large\">L\u00e4nge: 885 mm<\/span><\/span><\/span><\/strong><\/h5>\n","protected":false},"featured_media":61177,"template":"","meta":[],"product_brand":[],"product_cat":[1193,1762,1201,1204,1211,1212,1164,1241,1165,1269,1166,1349,1167,1381,1170,1451,1180,1461],"product_tag":[16562,21239,21240],"class_list":{"0":"post-61169","1":"product","2":"type-product","3":"status-publish","4":"has-post-thumbnail","6":"product_cat-1-171-1974-1985","7":"product_cat-motor-getriebe-1-14d-1978-1992","8":"product_cat-1-155-1979-1993","9":"product_cat-1-161-1978-1987","10":"product_cat-1-53-1974-1981","11":"product_cat-2-53b-1981-1992","12":"product_cat-vw","13":"product_cat-1-14d-1978-1992","14":"product_cat-golf","15":"product_cat-motor-getriebe-1-171-1974-1985","16":"product_cat-golf-cabrio","17":"product_cat-motor-getriebe-1-155-1979-1993","18":"product_cat-jetta","19":"product_cat-motor-getriebe-1-161-1978-1987","20":"product_cat-scirocco","21":"product_cat-motor-getriebe-1-53-1974-1981","22":"product_cat-caddy","23":"product_cat-motor-getriebe-2-53b-1981-1992","24":"product_tag-16562","25":"product_tag-531721335c","26":"product_tag-m1625","28":"first","29":"instock","30":"taxable","31":"shipping-taxable","32":"purchasable","33":"product-type-simple"},"yoast_head":"<!-- This site is optimized with the Yoast SEO plugin v27.5 - https:\/\/yoast.com\/product\/yoast-seo-wordpress\/ -->\n<title>Vw Caddy\/Golf\/Cabrio\/Jetta\/1\/Scirocco\/1\/2 Kupplungsseil NOS 531721335C - Audi-Klaus<\/title>\n<meta name=\"description\" content=\"Audi-Klaus Vw Caddy\/Golf\/Cabrio\/Jetta\/1\/Scirocco\/1\/2 Kupplungsseil NOS 531721335C Vw Caddy\/Golf\/Cabrio\/Jetta\/1\/Scirocco\/1\/2 Kupplungsseil NOS 531721335C\" \/>\n<meta name=\"robots\" content=\"index, follow, max-snippet:-1, max-image-preview:large, max-video-preview:-1\" \/>\n<link rel=\"canonical\" href=\"https:\/\/audi-klaus.at\/shop\/produkt\/vw-caddy-golf-cabrio-jetta-1-scirocco-1-2-kupplungsseil-nos-531721335c\/\" \/>\n<meta property=\"og:locale\" content=\"de_DE\" \/>\n<meta property=\"og:type\" content=\"article\" \/>\n<meta property=\"og:title\" content=\"Vw Caddy\/Golf\/Cabrio\/Jetta\/1\/Scirocco\/1\/2 Kupplungsseil NOS 531721335C - Audi-Klaus\" \/>\n<meta property=\"og:description\" content=\"Audi-Klaus Vw Caddy\/Golf\/Cabrio\/Jetta\/1\/Scirocco\/1\/2 Kupplungsseil NOS 531721335C Vw Caddy\/Golf\/Cabrio\/Jetta\/1\/Scirocco\/1\/2 Kupplungsseil NOS 531721335C\" \/>\n<meta property=\"og:url\" content=\"https:\/\/audi-klaus.at\/shop\/produkt\/vw-caddy-golf-cabrio-jetta-1-scirocco-1-2-kupplungsseil-nos-531721335c\/\" \/>\n<meta property=\"og:site_name\" content=\"Audi-Klaus\" \/>\n<meta property=\"article:publisher\" content=\"https:\/\/www.facebook.com\/audi.klaus.1312\/\" \/>\n<meta property=\"article:modified_time\" content=\"2026-01-07T21:33:18+00:00\" \/>\n<meta property=\"og:image\" content=\"https:\/\/audi-klaus.at\/shop\/wp-content\/uploads\/2023\/07\/M1625.jpg\" \/>\n\t<meta property=\"og:image:width\" content=\"480\" \/>\n\t<meta property=\"og:image:height\" content=\"480\" \/>\n\t<meta property=\"og:image:type\" content=\"image\/jpeg\" \/>\n<meta name=\"twitter:card\" content=\"summary_large_image\" \/>\n<meta name=\"twitter:label1\" content=\"Gesch\u00e4tzte Lesezeit\" \/>\n\t<meta name=\"twitter:data1\" content=\"1 Minute\" \/>\n<script type=\"application\/ld+json\" class=\"yoast-schema-graph\">{\"@context\":\"https:\\\/\\\/schema.org\",\"@graph\":[{\"@type\":\"WebPage\",\"@id\":\"https:\\\/\\\/audi-klaus.at\\\/shop\\\/produkt\\\/vw-caddy-golf-cabrio-jetta-1-scirocco-1-2-kupplungsseil-nos-531721335c\\\/\",\"url\":\"https:\\\/\\\/audi-klaus.at\\\/shop\\\/produkt\\\/vw-caddy-golf-cabrio-jetta-1-scirocco-1-2-kupplungsseil-nos-531721335c\\\/\",\"name\":\"Vw Caddy\\\/Golf\\\/Cabrio\\\/Jetta\\\/1\\\/Scirocco\\\/1\\\/2 Kupplungsseil NOS 531721335C - Audi-Klaus\",\"isPartOf\":{\"@id\":\"https:\\\/\\\/audi-klaus.at\\\/shop\\\/#website\"},\"primaryImageOfPage\":{\"@id\":\"https:\\\/\\\/audi-klaus.at\\\/shop\\\/produkt\\\/vw-caddy-golf-cabrio-jetta-1-scirocco-1-2-kupplungsseil-nos-531721335c\\\/#primaryimage\"},\"image\":{\"@id\":\"https:\\\/\\\/audi-klaus.at\\\/shop\\\/produkt\\\/vw-caddy-golf-cabrio-jetta-1-scirocco-1-2-kupplungsseil-nos-531721335c\\\/#primaryimage\"},\"thumbnailUrl\":\"https:\\\/\\\/audi-klaus.at\\\/shop\\\/wp-content\\\/uploads\\\/2023\\\/07\\\/M1625.jpg\",\"datePublished\":\"2023-07-07T11:40:23+00:00\",\"dateModified\":\"2026-01-07T21:33:18+00:00\",\"description\":\"Audi-Klaus Vw Caddy\\\/Golf\\\/Cabrio\\\/Jetta\\\/1\\\/Scirocco\\\/1\\\/2 Kupplungsseil NOS 531721335C Vw Caddy\\\/Golf\\\/Cabrio\\\/Jetta\\\/1\\\/Scirocco\\\/1\\\/2 Kupplungsseil NOS 531721335C\",\"breadcrumb\":{\"@id\":\"https:\\\/\\\/audi-klaus.at\\\/shop\\\/produkt\\\/vw-caddy-golf-cabrio-jetta-1-scirocco-1-2-kupplungsseil-nos-531721335c\\\/#breadcrumb\"},\"inLanguage\":\"de-AT\",\"potentialAction\":[{\"@type\":\"ReadAction\",\"target\":[\"https:\\\/\\\/audi-klaus.at\\\/shop\\\/produkt\\\/vw-caddy-golf-cabrio-jetta-1-scirocco-1-2-kupplungsseil-nos-531721335c\\\/\"]}]},{\"@type\":\"ImageObject\",\"inLanguage\":\"de-AT\",\"@id\":\"https:\\\/\\\/audi-klaus.at\\\/shop\\\/produkt\\\/vw-caddy-golf-cabrio-jetta-1-scirocco-1-2-kupplungsseil-nos-531721335c\\\/#primaryimage\",\"url\":\"https:\\\/\\\/audi-klaus.at\\\/shop\\\/wp-content\\\/uploads\\\/2023\\\/07\\\/M1625.jpg\",\"contentUrl\":\"https:\\\/\\\/audi-klaus.at\\\/shop\\\/wp-content\\\/uploads\\\/2023\\\/07\\\/M1625.jpg\",\"width\":480,\"height\":480},{\"@type\":\"BreadcrumbList\",\"@id\":\"https:\\\/\\\/audi-klaus.at\\\/shop\\\/produkt\\\/vw-caddy-golf-cabrio-jetta-1-scirocco-1-2-kupplungsseil-nos-531721335c\\\/#breadcrumb\",\"itemListElement\":[{\"@type\":\"ListItem\",\"position\":1,\"name\":\"Startseite\",\"item\":\"https:\\\/\\\/audi-klaus.at\\\/shop\\\/\"},{\"@type\":\"ListItem\",\"position\":2,\"name\":\"Shop\",\"item\":\"https:\\\/\\\/audi-klaus.at\\\/shop\\\/\"},{\"@type\":\"ListItem\",\"position\":3,\"name\":\"Vw Caddy\\\/Golf\\\/Cabrio\\\/Jetta\\\/1\\\/Scirocco\\\/1\\\/2 Kupplungsseil NOS 531721335C\"}]},{\"@type\":\"WebSite\",\"@id\":\"https:\\\/\\\/audi-klaus.at\\\/shop\\\/#website\",\"url\":\"https:\\\/\\\/audi-klaus.at\\\/shop\\\/\",\"name\":\"Audi-Klaus\",\"description\":\"Ihr Gebrauchtteile Spezialist f\u00fcr die Marken Audi, VW (VAG)\",\"publisher\":{\"@id\":\"https:\\\/\\\/audi-klaus.at\\\/shop\\\/#organization\"},\"potentialAction\":[{\"@type\":\"SearchAction\",\"target\":{\"@type\":\"EntryPoint\",\"urlTemplate\":\"https:\\\/\\\/audi-klaus.at\\\/shop\\\/?s={search_term_string}\"},\"query-input\":{\"@type\":\"PropertyValueSpecification\",\"valueRequired\":true,\"valueName\":\"search_term_string\"}}],\"inLanguage\":\"de-AT\"},{\"@type\":\"Organization\",\"@id\":\"https:\\\/\\\/audi-klaus.at\\\/shop\\\/#organization\",\"name\":\"Audi-Klaus\",\"url\":\"https:\\\/\\\/audi-klaus.at\\\/shop\\\/\",\"logo\":{\"@type\":\"ImageObject\",\"inLanguage\":\"de-AT\",\"@id\":\"https:\\\/\\\/audi-klaus.at\\\/shop\\\/#\\\/schema\\\/logo\\\/image\\\/\",\"url\":\"https:\\\/\\\/audi-klaus.at\\\/shop\\\/wp-content\\\/uploads\\\/2024\\\/10\\\/Logo-Shop.webp\",\"contentUrl\":\"https:\\\/\\\/audi-klaus.at\\\/shop\\\/wp-content\\\/uploads\\\/2024\\\/10\\\/Logo-Shop.webp\",\"width\":470,\"height\":164,\"caption\":\"Audi-Klaus\"},\"image\":{\"@id\":\"https:\\\/\\\/audi-klaus.at\\\/shop\\\/#\\\/schema\\\/logo\\\/image\\\/\"},\"sameAs\":[\"https:\\\/\\\/www.facebook.com\\\/audi.klaus.1312\\\/\",\"https:\\\/\\\/www.instagram.com\\\/audi_klaus\\\/?igshid=1eca3qu2mdayg\"]}]}<\/script>\n<!-- \/ Yoast SEO plugin. -->","yoast_head_json":{"title":"Vw Caddy\/Golf\/Cabrio\/Jetta\/1\/Scirocco\/1\/2 Kupplungsseil NOS 531721335C - Audi-Klaus","description":"Audi-Klaus Vw Caddy\/Golf\/Cabrio\/Jetta\/1\/Scirocco\/1\/2 Kupplungsseil NOS 531721335C Vw Caddy\/Golf\/Cabrio\/Jetta\/1\/Scirocco\/1\/2 Kupplungsseil NOS 531721335C","robots":{"index":"index","follow":"follow","max-snippet":"max-snippet:-1","max-image-preview":"max-image-preview:large","max-video-preview":"max-video-preview:-1"},"canonical":"https:\/\/audi-klaus.at\/shop\/produkt\/vw-caddy-golf-cabrio-jetta-1-scirocco-1-2-kupplungsseil-nos-531721335c\/","og_locale":"de_DE","og_type":"article","og_title":"Vw Caddy\/Golf\/Cabrio\/Jetta\/1\/Scirocco\/1\/2 Kupplungsseil NOS 531721335C - Audi-Klaus","og_description":"Audi-Klaus Vw Caddy\/Golf\/Cabrio\/Jetta\/1\/Scirocco\/1\/2 Kupplungsseil NOS 531721335C Vw Caddy\/Golf\/Cabrio\/Jetta\/1\/Scirocco\/1\/2 Kupplungsseil NOS 531721335C","og_url":"https:\/\/audi-klaus.at\/shop\/produkt\/vw-caddy-golf-cabrio-jetta-1-scirocco-1-2-kupplungsseil-nos-531721335c\/","og_site_name":"Audi-Klaus","article_publisher":"https:\/\/www.facebook.com\/audi.klaus.1312\/","article_modified_time":"2026-01-07T21:33:18+00:00","og_image":[{"width":480,"height":480,"url":"https:\/\/audi-klaus.at\/shop\/wp-content\/uploads\/2023\/07\/M1625.jpg","type":"image\/jpeg"}],"twitter_card":"summary_large_image","twitter_misc":{"Gesch\u00e4tzte Lesezeit":"1 Minute"},"schema":{"@context":"https:\/\/schema.org","@graph":[{"@type":"WebPage","@id":"https:\/\/audi-klaus.at\/shop\/produkt\/vw-caddy-golf-cabrio-jetta-1-scirocco-1-2-kupplungsseil-nos-531721335c\/","url":"https:\/\/audi-klaus.at\/shop\/produkt\/vw-caddy-golf-cabrio-jetta-1-scirocco-1-2-kupplungsseil-nos-531721335c\/","name":"Vw Caddy\/Golf\/Cabrio\/Jetta\/1\/Scirocco\/1\/2 Kupplungsseil NOS 531721335C - Audi-Klaus","isPartOf":{"@id":"https:\/\/audi-klaus.at\/shop\/#website"},"primaryImageOfPage":{"@id":"https:\/\/audi-klaus.at\/shop\/produkt\/vw-caddy-golf-cabrio-jetta-1-scirocco-1-2-kupplungsseil-nos-531721335c\/#primaryimage"},"image":{"@id":"https:\/\/audi-klaus.at\/shop\/produkt\/vw-caddy-golf-cabrio-jetta-1-scirocco-1-2-kupplungsseil-nos-531721335c\/#primaryimage"},"thumbnailUrl":"https:\/\/audi-klaus.at\/shop\/wp-content\/uploads\/2023\/07\/M1625.jpg","datePublished":"2023-07-07T11:40:23+00:00","dateModified":"2026-01-07T21:33:18+00:00","description":"Audi-Klaus Vw Caddy\/Golf\/Cabrio\/Jetta\/1\/Scirocco\/1\/2 Kupplungsseil NOS 531721335C Vw Caddy\/Golf\/Cabrio\/Jetta\/1\/Scirocco\/1\/2 Kupplungsseil NOS 531721335C","breadcrumb":{"@id":"https:\/\/audi-klaus.at\/shop\/produkt\/vw-caddy-golf-cabrio-jetta-1-scirocco-1-2-kupplungsseil-nos-531721335c\/#breadcrumb"},"inLanguage":"de-AT","potentialAction":[{"@type":"ReadAction","target":["https:\/\/audi-klaus.at\/shop\/produkt\/vw-caddy-golf-cabrio-jetta-1-scirocco-1-2-kupplungsseil-nos-531721335c\/"]}]},{"@type":"ImageObject","inLanguage":"de-AT","@id":"https:\/\/audi-klaus.at\/shop\/produkt\/vw-caddy-golf-cabrio-jetta-1-scirocco-1-2-kupplungsseil-nos-531721335c\/#primaryimage","url":"https:\/\/audi-klaus.at\/shop\/wp-content\/uploads\/2023\/07\/M1625.jpg","contentUrl":"https:\/\/audi-klaus.at\/shop\/wp-content\/uploads\/2023\/07\/M1625.jpg","width":480,"height":480},{"@type":"BreadcrumbList","@id":"https:\/\/audi-klaus.at\/shop\/produkt\/vw-caddy-golf-cabrio-jetta-1-scirocco-1-2-kupplungsseil-nos-531721335c\/#breadcrumb","itemListElement":[{"@type":"ListItem","position":1,"name":"Startseite","item":"https:\/\/audi-klaus.at\/shop\/"},{"@type":"ListItem","position":2,"name":"Shop","item":"https:\/\/audi-klaus.at\/shop\/"},{"@type":"ListItem","position":3,"name":"Vw Caddy\/Golf\/Cabrio\/Jetta\/1\/Scirocco\/1\/2 Kupplungsseil NOS 531721335C"}]},{"@type":"WebSite","@id":"https:\/\/audi-klaus.at\/shop\/#website","url":"https:\/\/audi-klaus.at\/shop\/","name":"Audi-Klaus","description":"Ihr Gebrauchtteile Spezialist f\u00fcr die Marken Audi, VW (VAG)","publisher":{"@id":"https:\/\/audi-klaus.at\/shop\/#organization"},"potentialAction":[{"@type":"SearchAction","target":{"@type":"EntryPoint","urlTemplate":"https:\/\/audi-klaus.at\/shop\/?s={search_term_string}"},"query-input":{"@type":"PropertyValueSpecification","valueRequired":true,"valueName":"search_term_string"}}],"inLanguage":"de-AT"},{"@type":"Organization","@id":"https:\/\/audi-klaus.at\/shop\/#organization","name":"Audi-Klaus","url":"https:\/\/audi-klaus.at\/shop\/","logo":{"@type":"ImageObject","inLanguage":"de-AT","@id":"https:\/\/audi-klaus.at\/shop\/#\/schema\/logo\/image\/","url":"https:\/\/audi-klaus.at\/shop\/wp-content\/uploads\/2024\/10\/Logo-Shop.webp","contentUrl":"https:\/\/audi-klaus.at\/shop\/wp-content\/uploads\/2024\/10\/Logo-Shop.webp","width":470,"height":164,"caption":"Audi-Klaus"},"image":{"@id":"https:\/\/audi-klaus.at\/shop\/#\/schema\/logo\/image\/"},"sameAs":["https:\/\/www.facebook.com\/audi.klaus.1312\/","https:\/\/www.instagram.com\/audi_klaus\/?igshid=1eca3qu2mdayg"]}]}},"_links":{"self":[{"href":"https:\/\/audi-klaus.at\/shop\/wp-json\/wp\/v2\/product\/61169","targetHints":{"allow":["GET"]}}],"collection":[{"href":"https:\/\/audi-klaus.at\/shop\/wp-json\/wp\/v2\/product"}],"about":[{"href":"https:\/\/audi-klaus.at\/shop\/wp-json\/wp\/v2\/types\/product"}],"wp:featuredmedia":[{"embeddable":true,"href":"https:\/\/audi-klaus.at\/shop\/wp-json\/wp\/v2\/media\/61177"}],"wp:attachment":[{"href":"https:\/\/audi-klaus.at\/shop\/wp-json\/wp\/v2\/media?parent=61169"}],"wp:term":[{"taxonomy":"product_brand","embeddable":true,"href":"https:\/\/audi-klaus.at\/shop\/wp-json\/wp\/v2\/product_brand?post=61169"},{"taxonomy":"product_cat","embeddable":true,"href":"https:\/\/audi-klaus.at\/shop\/wp-json\/wp\/v2\/product_cat?post=61169"},{"taxonomy":"product_tag","embeddable":true,"href":"https:\/\/audi-klaus.at\/shop\/wp-json\/wp\/v2\/product_tag?post=61169"}],"curies":[{"name":"wp","href":"https:\/\/api.w.org\/{rel}","templated":true}]}}