{"id":60689,"date":"2023-06-22T09:16:07","date_gmt":"2023-06-22T07:16:07","guid":{"rendered":"https:\/\/audi-klaus.at\/shop\/?post_type=product&#038;p=60689"},"modified":"2026-01-07T22:33:10","modified_gmt":"2026-01-07T21:33:10","slug":"audi-a6-c5-a4-b5-vw-sharan-1-passat-b5-multivan-t5-transporter-t5-seat-alhambra-1-skoda-superb-1-agr-ventil-neu","status":"publish","type":"product","link":"https:\/\/audi-klaus.at\/shop\/produkt\/audi-a6-c5-a4-b5-vw-sharan-1-passat-b5-multivan-t5-transporter-t5-seat-alhambra-1-skoda-superb-1-agr-ventil-neu\/","title":{"rendered":"Audi A6\/C5\/A4\/B6\/Vw Sharan\/1\/Vw\/Passat\/B5\/Bus\/T5\/Seat Alhambra\/1\/Skoda Superb\/1 AGR-Ventil WAHLER 7372D\/1 NEU"},"content":{"rendered":"<h5 class=\"western\"><span style=\"color: #060606;\"><span style=\"font-family: Verdana, serif;\"><span style=\"font-size: small;\"><b>VAG Teilenummer<\/b><\/span><\/span><\/span><span style=\"color: #060606;\"><span style=\"font-family: Verdana, serif;\"><span style=\"font-size: small;\">: 7372D\/1<\/span><\/span><\/span><\/h5>\n<h5 class=\"western\"><span style=\"color: #060606;\"><span style=\"font-family: Verdana, serif;\"><span style=\"font-size: small;\"><b>Zustand: <\/b><\/span><\/span><\/span><span style=\"color: #060606;\"><span style=\"font-family: Verdana, serif;\"><span style=\"font-size: small;\"><span lang=\"de-DE\">NEU Nachbau<\/span><\/span><\/span><\/span><\/h5>\n<h5 class=\"western\"><span style=\"color: #060606;\"><span style=\"font-family: Verdana, serif;\"><span style=\"font-size: small;\"><b>Lieferumfang:<\/b><\/span><\/span><\/span><span style=\"color: #060606;\"><span style=\"font-family: Verdana, serif;\"><span style=\"font-size: small;\">\u00a0wie in den Original-Abbildungen angegeben<\/span><\/span><\/span><\/h5>\n<h5 class=\"western\"><span style=\"color: #060606;\"><span style=\"font-family: Verdana, serif;\"><span style=\"font-size: small;\"><b>Hinweis:<\/b><\/span><\/span><\/span><span style=\"color: #060606;\"><span style=\"font-family: Verdana, serif;\"><span style=\"font-size: small;\">\u00a0Bitte \u00fcberpr\u00fcfen Sie vor dem Kauf anhand der eindeutigen Teilenummern, ob der Artikel zum Fahrzeug passt, um R\u00fccksendungen zu vermeiden! Trotz Angabe der entsprechenden Fahrzeugdaten ist eine eindeutige Zuordnung nur \u00fcber die Teilenummer m\u00f6glich! Die abgelesene Teilenummer ist die Teilenummer des Teils, welches geliefert wird. Die Originalteilnummer ist diejenige, die bei Neubestellung f\u00fcr dieses Teil gilt und der m\u00f6glicherweise abweichenden, gelieferten Teilenummer entspricht. <\/span><\/span><\/span><\/h5>\n<h5 class=\"western\"><span style=\"color: #060606;\"><span style=\"font-family: Verdana, serif;\"><span style=\"font-size: small;\"><span lang=\"de-DE\">Neu<\/span><\/span><\/span><\/span><span style=\"color: #060606;\"><span style=\"font-family: Verdana, serif;\"><span style=\"font-size: small;\"> mit Gebrauchsspuren in Form von Verunreinigungen\/ kleinen Kratzern m\u00f6glich. Die Ware wird ungereinigt geliefert.<\/span><\/span><\/span><\/h5>\n<h5 class=\"western\"><span style=\"color: #060606;\"><span style=\"font-family: Verdana, serif;\"><span style=\"font-size: small;\">Sollten weitere Fragen offen sein, kontaktieren Sie uns bitte unter\u00a0<\/span><\/span><\/span><a href=\"mailto:office@audi-klaus.at\"><span style=\"color: #0000ff;\"><span style=\"font-family: Verdana, serif;\"><span style=\"font-size: small;\"><u>office@audi-klaus.at<\/u><\/span><\/span><\/span><\/a><\/h5>\n","protected":false},"excerpt":{"rendered":"<h5 class=\"western\"><strong><span style=\"color: #000000;\"><span style=\"font-family: Source Sans Pro, serif;\"><span style=\"font-size: x-large;\">Marke: Audi\/Vw\/Seat\/Skoda<br \/>\nModell: A6\/A4\/Sharan\/Passat\/Bus\/Alhambra\/Superb<br \/>\nTyp: <\/span><\/span><\/span><\/strong><strong style=\"font-size: 16px;\"><span style=\"color: #000000;\"><span style=\"font-family: Source Sans Pro, serif;\"><span style=\"font-size: x-large;\">C5\/B6 \/1 \/B5\/T5 <\/span><\/span><\/span><\/strong><span style=\"color: #000000; font-family: Source Sans Pro, serif; font-size: x-large;\"><b>\/1 \/1 <\/b><\/span><\/h5>\n<h5 class=\"western\"><span style=\"color: #000000; font-family: Source Sans Pro, serif; font-size: x-large;\"><b>Motor: 1,9 TDI<\/b><\/span><\/h5>\n","protected":false},"featured_media":60694,"template":"","meta":[],"product_brand":[],"product_cat":[1378,2500,514,1379,587,1671,601,1732,1164,1922,1176,2046,1178,2048,1186,2185,32,1233,2230,370,1239,2254,372,1257,2468,498],"product_tag":[21066,21067,21078],"class_list":{"0":"post-60689","1":"product","2":"type-product","3":"status-publish","4":"has-post-thumbnail","6":"product_cat-seat","7":"product_cat-aktion","8":"product_cat-motor-getriebe-b6-2000-2004","9":"product_cat-skoda","10":"product_cat-c5-4b-1997-2005","11":"product_cat-motor-getriebe-b5-3b-1996-2005","12":"product_cat-motor-getriebe-c5-1997-2005","13":"product_cat-motor-getriebe-1-7m-1995-2010","14":"product_cat-vw","15":"product_cat-motor-getriebe-t5-7h-2003-2009","16":"product_cat-passat","17":"product_cat-superb","18":"product_cat-sharan","19":"product_cat-1-3u-fl-2006-2008","20":"product_cat-bus","21":"product_cat-motor-getriebe-1-3u-fl-2006-2008","22":"product_cat-audi","23":"product_cat-b5-3b-1996-2005","24":"product_cat-alhambra","25":"product_cat-a4","26":"product_cat-1-7m-1995-2010","27":"product_cat-1-7m-1996-2010","28":"product_cat-a6","29":"product_cat-t5-7h-2003-2009","30":"product_cat-motor-getriebe-1-7m-1996-2010","31":"product_cat-b6-2000-2004","32":"product_tag-agr-ventil","33":"product_tag-m1693","34":"product_tag-7372d-1","36":"first","37":"instock","38":"sale","39":"taxable","40":"shipping-taxable","41":"purchasable","42":"product-type-simple"},"yoast_head":"<!-- This site is optimized with the Yoast SEO plugin v27.4 - https:\/\/yoast.com\/product\/yoast-seo-wordpress\/ -->\n<title>Audi A6\/C5\/A4\/B6\/Vw Sharan\/1\/Vw\/Passat\/B5\/Bus\/T5\/Seat Alhambra\/1\/Skoda Superb\/1 AGR-Ventil WAHLER 7372D\/1 NEU - Audi-Klaus<\/title>\n<meta name=\"description\" content=\"Audi-Klaus Audi A6\/C5\/A4\/B6\/Vw Sharan\/1\/Vw\/Passat\/B5\/Bus\/T5\/Seat Alhambra\/1\/Skoda Superb\/1 AGR-Ventil WAHLER 7372D\/1 NEU Audi A6\/C5\/A4\/B5\/Vw Sharan\/1\/Passat\/B5\/Multivan\/T5\/Transporter\/T5\/Seat Alhambra\/1\/Skoda Superb\/1 AGR-Ventil NEU\" \/>\n<meta name=\"robots\" content=\"index, follow, max-snippet:-1, max-image-preview:large, max-video-preview:-1\" \/>\n<link rel=\"canonical\" href=\"https:\/\/audi-klaus.at\/shop\/produkt\/audi-a6-c5-a4-b5-vw-sharan-1-passat-b5-multivan-t5-transporter-t5-seat-alhambra-1-skoda-superb-1-agr-ventil-neu\/\" \/>\n<meta property=\"og:locale\" content=\"de_DE\" \/>\n<meta property=\"og:type\" content=\"article\" \/>\n<meta property=\"og:title\" content=\"Audi A6\/C5\/A4\/B6\/Vw Sharan\/1\/Vw\/Passat\/B5\/Bus\/T5\/Seat Alhambra\/1\/Skoda Superb\/1 AGR-Ventil WAHLER 7372D\/1 NEU - Audi-Klaus\" \/>\n<meta property=\"og:description\" content=\"Audi-Klaus Audi A6\/C5\/A4\/B6\/Vw Sharan\/1\/Vw\/Passat\/B5\/Bus\/T5\/Seat Alhambra\/1\/Skoda Superb\/1 AGR-Ventil WAHLER 7372D\/1 NEU Audi A6\/C5\/A4\/B5\/Vw Sharan\/1\/Passat\/B5\/Multivan\/T5\/Transporter\/T5\/Seat Alhambra\/1\/Skoda Superb\/1 AGR-Ventil NEU\" \/>\n<meta property=\"og:url\" content=\"https:\/\/audi-klaus.at\/shop\/produkt\/audi-a6-c5-a4-b5-vw-sharan-1-passat-b5-multivan-t5-transporter-t5-seat-alhambra-1-skoda-superb-1-agr-ventil-neu\/\" \/>\n<meta property=\"og:site_name\" content=\"Audi-Klaus\" \/>\n<meta property=\"article:publisher\" content=\"https:\/\/www.facebook.com\/audi.klaus.1312\/\" \/>\n<meta property=\"article:modified_time\" content=\"2026-01-07T21:33:10+00:00\" \/>\n<meta property=\"og:image\" content=\"https:\/\/audi-klaus.at\/shop\/wp-content\/uploads\/2023\/06\/M1693-3.jpg\" \/>\n\t<meta property=\"og:image:width\" content=\"480\" \/>\n\t<meta property=\"og:image:height\" content=\"480\" \/>\n\t<meta property=\"og:image:type\" content=\"image\/jpeg\" \/>\n<meta name=\"twitter:card\" content=\"summary_large_image\" \/>\n<meta name=\"twitter:label1\" content=\"Gesch\u00e4tzte Lesezeit\" \/>\n\t<meta name=\"twitter:data1\" content=\"1 Minute\" \/>\n<script type=\"application\/ld+json\" class=\"yoast-schema-graph\">{\"@context\":\"https:\\\/\\\/schema.org\",\"@graph\":[{\"@type\":\"WebPage\",\"@id\":\"https:\\\/\\\/audi-klaus.at\\\/shop\\\/produkt\\\/audi-a6-c5-a4-b5-vw-sharan-1-passat-b5-multivan-t5-transporter-t5-seat-alhambra-1-skoda-superb-1-agr-ventil-neu\\\/\",\"url\":\"https:\\\/\\\/audi-klaus.at\\\/shop\\\/produkt\\\/audi-a6-c5-a4-b5-vw-sharan-1-passat-b5-multivan-t5-transporter-t5-seat-alhambra-1-skoda-superb-1-agr-ventil-neu\\\/\",\"name\":\"Audi A6\\\/C5\\\/A4\\\/B6\\\/Vw Sharan\\\/1\\\/Vw\\\/Passat\\\/B5\\\/Bus\\\/T5\\\/Seat Alhambra\\\/1\\\/Skoda Superb\\\/1 AGR-Ventil WAHLER 7372D\\\/1 NEU - Audi-Klaus\",\"isPartOf\":{\"@id\":\"https:\\\/\\\/audi-klaus.at\\\/shop\\\/#website\"},\"primaryImageOfPage\":{\"@id\":\"https:\\\/\\\/audi-klaus.at\\\/shop\\\/produkt\\\/audi-a6-c5-a4-b5-vw-sharan-1-passat-b5-multivan-t5-transporter-t5-seat-alhambra-1-skoda-superb-1-agr-ventil-neu\\\/#primaryimage\"},\"image\":{\"@id\":\"https:\\\/\\\/audi-klaus.at\\\/shop\\\/produkt\\\/audi-a6-c5-a4-b5-vw-sharan-1-passat-b5-multivan-t5-transporter-t5-seat-alhambra-1-skoda-superb-1-agr-ventil-neu\\\/#primaryimage\"},\"thumbnailUrl\":\"https:\\\/\\\/audi-klaus.at\\\/shop\\\/wp-content\\\/uploads\\\/2023\\\/06\\\/M1693-3.jpg\",\"datePublished\":\"2023-06-22T07:16:07+00:00\",\"dateModified\":\"2026-01-07T21:33:10+00:00\",\"description\":\"Audi-Klaus Audi A6\\\/C5\\\/A4\\\/B6\\\/Vw Sharan\\\/1\\\/Vw\\\/Passat\\\/B5\\\/Bus\\\/T5\\\/Seat Alhambra\\\/1\\\/Skoda Superb\\\/1 AGR-Ventil WAHLER 7372D\\\/1 NEU Audi A6\\\/C5\\\/A4\\\/B5\\\/Vw Sharan\\\/1\\\/Passat\\\/B5\\\/Multivan\\\/T5\\\/Transporter\\\/T5\\\/Seat Alhambra\\\/1\\\/Skoda Superb\\\/1 AGR-Ventil NEU\",\"breadcrumb\":{\"@id\":\"https:\\\/\\\/audi-klaus.at\\\/shop\\\/produkt\\\/audi-a6-c5-a4-b5-vw-sharan-1-passat-b5-multivan-t5-transporter-t5-seat-alhambra-1-skoda-superb-1-agr-ventil-neu\\\/#breadcrumb\"},\"inLanguage\":\"de-AT\",\"potentialAction\":[{\"@type\":\"ReadAction\",\"target\":[\"https:\\\/\\\/audi-klaus.at\\\/shop\\\/produkt\\\/audi-a6-c5-a4-b5-vw-sharan-1-passat-b5-multivan-t5-transporter-t5-seat-alhambra-1-skoda-superb-1-agr-ventil-neu\\\/\"]}]},{\"@type\":\"ImageObject\",\"inLanguage\":\"de-AT\",\"@id\":\"https:\\\/\\\/audi-klaus.at\\\/shop\\\/produkt\\\/audi-a6-c5-a4-b5-vw-sharan-1-passat-b5-multivan-t5-transporter-t5-seat-alhambra-1-skoda-superb-1-agr-ventil-neu\\\/#primaryimage\",\"url\":\"https:\\\/\\\/audi-klaus.at\\\/shop\\\/wp-content\\\/uploads\\\/2023\\\/06\\\/M1693-3.jpg\",\"contentUrl\":\"https:\\\/\\\/audi-klaus.at\\\/shop\\\/wp-content\\\/uploads\\\/2023\\\/06\\\/M1693-3.jpg\",\"width\":480,\"height\":480},{\"@type\":\"BreadcrumbList\",\"@id\":\"https:\\\/\\\/audi-klaus.at\\\/shop\\\/produkt\\\/audi-a6-c5-a4-b5-vw-sharan-1-passat-b5-multivan-t5-transporter-t5-seat-alhambra-1-skoda-superb-1-agr-ventil-neu\\\/#breadcrumb\",\"itemListElement\":[{\"@type\":\"ListItem\",\"position\":1,\"name\":\"Startseite\",\"item\":\"https:\\\/\\\/audi-klaus.at\\\/shop\\\/\"},{\"@type\":\"ListItem\",\"position\":2,\"name\":\"Shop\",\"item\":\"https:\\\/\\\/audi-klaus.at\\\/shop\\\/\"},{\"@type\":\"ListItem\",\"position\":3,\"name\":\"Audi A6\\\/C5\\\/A4\\\/B6\\\/Vw Sharan\\\/1\\\/Vw\\\/Passat\\\/B5\\\/Bus\\\/T5\\\/Seat Alhambra\\\/1\\\/Skoda Superb\\\/1 AGR-Ventil WAHLER 7372D\\\/1 NEU\"}]},{\"@type\":\"WebSite\",\"@id\":\"https:\\\/\\\/audi-klaus.at\\\/shop\\\/#website\",\"url\":\"https:\\\/\\\/audi-klaus.at\\\/shop\\\/\",\"name\":\"Audi-Klaus\",\"description\":\"Ihr Gebrauchtteile Spezialist f\u00fcr die Marken Audi, VW (VAG)\",\"publisher\":{\"@id\":\"https:\\\/\\\/audi-klaus.at\\\/shop\\\/#organization\"},\"potentialAction\":[{\"@type\":\"SearchAction\",\"target\":{\"@type\":\"EntryPoint\",\"urlTemplate\":\"https:\\\/\\\/audi-klaus.at\\\/shop\\\/?s={search_term_string}\"},\"query-input\":{\"@type\":\"PropertyValueSpecification\",\"valueRequired\":true,\"valueName\":\"search_term_string\"}}],\"inLanguage\":\"de-AT\"},{\"@type\":\"Organization\",\"@id\":\"https:\\\/\\\/audi-klaus.at\\\/shop\\\/#organization\",\"name\":\"Audi-Klaus\",\"url\":\"https:\\\/\\\/audi-klaus.at\\\/shop\\\/\",\"logo\":{\"@type\":\"ImageObject\",\"inLanguage\":\"de-AT\",\"@id\":\"https:\\\/\\\/audi-klaus.at\\\/shop\\\/#\\\/schema\\\/logo\\\/image\\\/\",\"url\":\"https:\\\/\\\/audi-klaus.at\\\/shop\\\/wp-content\\\/uploads\\\/2024\\\/10\\\/Logo-Shop.webp\",\"contentUrl\":\"https:\\\/\\\/audi-klaus.at\\\/shop\\\/wp-content\\\/uploads\\\/2024\\\/10\\\/Logo-Shop.webp\",\"width\":470,\"height\":164,\"caption\":\"Audi-Klaus\"},\"image\":{\"@id\":\"https:\\\/\\\/audi-klaus.at\\\/shop\\\/#\\\/schema\\\/logo\\\/image\\\/\"},\"sameAs\":[\"https:\\\/\\\/www.facebook.com\\\/audi.klaus.1312\\\/\",\"https:\\\/\\\/www.instagram.com\\\/audi_klaus\\\/?igshid=1eca3qu2mdayg\"]}]}<\/script>\n<!-- \/ Yoast SEO plugin. -->","yoast_head_json":{"title":"Audi A6\/C5\/A4\/B6\/Vw Sharan\/1\/Vw\/Passat\/B5\/Bus\/T5\/Seat Alhambra\/1\/Skoda Superb\/1 AGR-Ventil WAHLER 7372D\/1 NEU - Audi-Klaus","description":"Audi-Klaus Audi A6\/C5\/A4\/B6\/Vw Sharan\/1\/Vw\/Passat\/B5\/Bus\/T5\/Seat Alhambra\/1\/Skoda Superb\/1 AGR-Ventil WAHLER 7372D\/1 NEU Audi A6\/C5\/A4\/B5\/Vw Sharan\/1\/Passat\/B5\/Multivan\/T5\/Transporter\/T5\/Seat Alhambra\/1\/Skoda Superb\/1 AGR-Ventil NEU","robots":{"index":"index","follow":"follow","max-snippet":"max-snippet:-1","max-image-preview":"max-image-preview:large","max-video-preview":"max-video-preview:-1"},"canonical":"https:\/\/audi-klaus.at\/shop\/produkt\/audi-a6-c5-a4-b5-vw-sharan-1-passat-b5-multivan-t5-transporter-t5-seat-alhambra-1-skoda-superb-1-agr-ventil-neu\/","og_locale":"de_DE","og_type":"article","og_title":"Audi A6\/C5\/A4\/B6\/Vw Sharan\/1\/Vw\/Passat\/B5\/Bus\/T5\/Seat Alhambra\/1\/Skoda Superb\/1 AGR-Ventil WAHLER 7372D\/1 NEU - Audi-Klaus","og_description":"Audi-Klaus Audi A6\/C5\/A4\/B6\/Vw Sharan\/1\/Vw\/Passat\/B5\/Bus\/T5\/Seat Alhambra\/1\/Skoda Superb\/1 AGR-Ventil WAHLER 7372D\/1 NEU Audi A6\/C5\/A4\/B5\/Vw Sharan\/1\/Passat\/B5\/Multivan\/T5\/Transporter\/T5\/Seat Alhambra\/1\/Skoda Superb\/1 AGR-Ventil NEU","og_url":"https:\/\/audi-klaus.at\/shop\/produkt\/audi-a6-c5-a4-b5-vw-sharan-1-passat-b5-multivan-t5-transporter-t5-seat-alhambra-1-skoda-superb-1-agr-ventil-neu\/","og_site_name":"Audi-Klaus","article_publisher":"https:\/\/www.facebook.com\/audi.klaus.1312\/","article_modified_time":"2026-01-07T21:33:10+00:00","og_image":[{"width":480,"height":480,"url":"https:\/\/audi-klaus.at\/shop\/wp-content\/uploads\/2023\/06\/M1693-3.jpg","type":"image\/jpeg"}],"twitter_card":"summary_large_image","twitter_misc":{"Gesch\u00e4tzte Lesezeit":"1 Minute"},"schema":{"@context":"https:\/\/schema.org","@graph":[{"@type":"WebPage","@id":"https:\/\/audi-klaus.at\/shop\/produkt\/audi-a6-c5-a4-b5-vw-sharan-1-passat-b5-multivan-t5-transporter-t5-seat-alhambra-1-skoda-superb-1-agr-ventil-neu\/","url":"https:\/\/audi-klaus.at\/shop\/produkt\/audi-a6-c5-a4-b5-vw-sharan-1-passat-b5-multivan-t5-transporter-t5-seat-alhambra-1-skoda-superb-1-agr-ventil-neu\/","name":"Audi A6\/C5\/A4\/B6\/Vw Sharan\/1\/Vw\/Passat\/B5\/Bus\/T5\/Seat Alhambra\/1\/Skoda Superb\/1 AGR-Ventil WAHLER 7372D\/1 NEU - Audi-Klaus","isPartOf":{"@id":"https:\/\/audi-klaus.at\/shop\/#website"},"primaryImageOfPage":{"@id":"https:\/\/audi-klaus.at\/shop\/produkt\/audi-a6-c5-a4-b5-vw-sharan-1-passat-b5-multivan-t5-transporter-t5-seat-alhambra-1-skoda-superb-1-agr-ventil-neu\/#primaryimage"},"image":{"@id":"https:\/\/audi-klaus.at\/shop\/produkt\/audi-a6-c5-a4-b5-vw-sharan-1-passat-b5-multivan-t5-transporter-t5-seat-alhambra-1-skoda-superb-1-agr-ventil-neu\/#primaryimage"},"thumbnailUrl":"https:\/\/audi-klaus.at\/shop\/wp-content\/uploads\/2023\/06\/M1693-3.jpg","datePublished":"2023-06-22T07:16:07+00:00","dateModified":"2026-01-07T21:33:10+00:00","description":"Audi-Klaus Audi A6\/C5\/A4\/B6\/Vw Sharan\/1\/Vw\/Passat\/B5\/Bus\/T5\/Seat Alhambra\/1\/Skoda Superb\/1 AGR-Ventil WAHLER 7372D\/1 NEU Audi A6\/C5\/A4\/B5\/Vw Sharan\/1\/Passat\/B5\/Multivan\/T5\/Transporter\/T5\/Seat Alhambra\/1\/Skoda Superb\/1 AGR-Ventil NEU","breadcrumb":{"@id":"https:\/\/audi-klaus.at\/shop\/produkt\/audi-a6-c5-a4-b5-vw-sharan-1-passat-b5-multivan-t5-transporter-t5-seat-alhambra-1-skoda-superb-1-agr-ventil-neu\/#breadcrumb"},"inLanguage":"de-AT","potentialAction":[{"@type":"ReadAction","target":["https:\/\/audi-klaus.at\/shop\/produkt\/audi-a6-c5-a4-b5-vw-sharan-1-passat-b5-multivan-t5-transporter-t5-seat-alhambra-1-skoda-superb-1-agr-ventil-neu\/"]}]},{"@type":"ImageObject","inLanguage":"de-AT","@id":"https:\/\/audi-klaus.at\/shop\/produkt\/audi-a6-c5-a4-b5-vw-sharan-1-passat-b5-multivan-t5-transporter-t5-seat-alhambra-1-skoda-superb-1-agr-ventil-neu\/#primaryimage","url":"https:\/\/audi-klaus.at\/shop\/wp-content\/uploads\/2023\/06\/M1693-3.jpg","contentUrl":"https:\/\/audi-klaus.at\/shop\/wp-content\/uploads\/2023\/06\/M1693-3.jpg","width":480,"height":480},{"@type":"BreadcrumbList","@id":"https:\/\/audi-klaus.at\/shop\/produkt\/audi-a6-c5-a4-b5-vw-sharan-1-passat-b5-multivan-t5-transporter-t5-seat-alhambra-1-skoda-superb-1-agr-ventil-neu\/#breadcrumb","itemListElement":[{"@type":"ListItem","position":1,"name":"Startseite","item":"https:\/\/audi-klaus.at\/shop\/"},{"@type":"ListItem","position":2,"name":"Shop","item":"https:\/\/audi-klaus.at\/shop\/"},{"@type":"ListItem","position":3,"name":"Audi A6\/C5\/A4\/B6\/Vw Sharan\/1\/Vw\/Passat\/B5\/Bus\/T5\/Seat Alhambra\/1\/Skoda Superb\/1 AGR-Ventil WAHLER 7372D\/1 NEU"}]},{"@type":"WebSite","@id":"https:\/\/audi-klaus.at\/shop\/#website","url":"https:\/\/audi-klaus.at\/shop\/","name":"Audi-Klaus","description":"Ihr Gebrauchtteile Spezialist f\u00fcr die Marken Audi, VW (VAG)","publisher":{"@id":"https:\/\/audi-klaus.at\/shop\/#organization"},"potentialAction":[{"@type":"SearchAction","target":{"@type":"EntryPoint","urlTemplate":"https:\/\/audi-klaus.at\/shop\/?s={search_term_string}"},"query-input":{"@type":"PropertyValueSpecification","valueRequired":true,"valueName":"search_term_string"}}],"inLanguage":"de-AT"},{"@type":"Organization","@id":"https:\/\/audi-klaus.at\/shop\/#organization","name":"Audi-Klaus","url":"https:\/\/audi-klaus.at\/shop\/","logo":{"@type":"ImageObject","inLanguage":"de-AT","@id":"https:\/\/audi-klaus.at\/shop\/#\/schema\/logo\/image\/","url":"https:\/\/audi-klaus.at\/shop\/wp-content\/uploads\/2024\/10\/Logo-Shop.webp","contentUrl":"https:\/\/audi-klaus.at\/shop\/wp-content\/uploads\/2024\/10\/Logo-Shop.webp","width":470,"height":164,"caption":"Audi-Klaus"},"image":{"@id":"https:\/\/audi-klaus.at\/shop\/#\/schema\/logo\/image\/"},"sameAs":["https:\/\/www.facebook.com\/audi.klaus.1312\/","https:\/\/www.instagram.com\/audi_klaus\/?igshid=1eca3qu2mdayg"]}]}},"_links":{"self":[{"href":"https:\/\/audi-klaus.at\/shop\/wp-json\/wp\/v2\/product\/60689","targetHints":{"allow":["GET"]}}],"collection":[{"href":"https:\/\/audi-klaus.at\/shop\/wp-json\/wp\/v2\/product"}],"about":[{"href":"https:\/\/audi-klaus.at\/shop\/wp-json\/wp\/v2\/types\/product"}],"wp:featuredmedia":[{"embeddable":true,"href":"https:\/\/audi-klaus.at\/shop\/wp-json\/wp\/v2\/media\/60694"}],"wp:attachment":[{"href":"https:\/\/audi-klaus.at\/shop\/wp-json\/wp\/v2\/media?parent=60689"}],"wp:term":[{"taxonomy":"product_brand","embeddable":true,"href":"https:\/\/audi-klaus.at\/shop\/wp-json\/wp\/v2\/product_brand?post=60689"},{"taxonomy":"product_cat","embeddable":true,"href":"https:\/\/audi-klaus.at\/shop\/wp-json\/wp\/v2\/product_cat?post=60689"},{"taxonomy":"product_tag","embeddable":true,"href":"https:\/\/audi-klaus.at\/shop\/wp-json\/wp\/v2\/product_tag?post=60689"}],"curies":[{"name":"wp","href":"https:\/\/api.w.org\/{rel}","templated":true}]}}