{"id":60127,"date":"2023-05-25T13:29:47","date_gmt":"2023-05-25T11:29:47","guid":{"rendered":"https:\/\/audi-klaus.at\/shop\/?post_type=product&#038;p=60127"},"modified":"2026-01-07T22:33:06","modified_gmt":"2026-01-07T21:33:06","slug":"audi-a1-8x-a3-8p-a4-b8-a5-b8-a6-c6-c7-a8-4d-q3-tt-8j-vw-caddy-3-4-bus-t5-t6-crafter-golf-jetta-5-6-passat-b6-b7-cc-polo-9n-scirocco-3-sharan-touareg-1-2-tiguan-touran-1-lambdasonde-nos-03g906262a","status":"publish","type":"product","link":"https:\/\/audi-klaus.at\/shop\/produkt\/audi-a1-8x-a3-8p-a4-b8-a5-b8-a6-c6-c7-a8-4d-q3-tt-8j-vw-caddy-3-4-bus-t5-t6-crafter-golf-jetta-5-6-passat-b6-b7-cc-polo-9n-scirocco-3-sharan-touareg-1-2-tiguan-touran-1-lambdasonde-nos-03g906262a\/","title":{"rendered":"Audi A1\/8x\/A3\/8P\/A4\/B8\/A5\/B8\/A6\/C6\/C7\/A8\/4D\/Q3\/TT\/8J\/Vw Caddy\/3\/4\/Bus\/T5\/T6\/Crafter\/Golf\/Jetta\/5\/6\/Passat\/B6\/B7\/CC\/Polo\/9N\/Scirocco\/3\/Sharan\/Touareg\/1\/2\/Tiguan\/Touran\/1 Lambdasonde NOS 03G906262A"},"content":{"rendered":"<h5 class=\"western\"><span style=\"color: #060606\"><span style=\"font-family: Verdana, serif\"><span style=\"font-size: small\"><b>VAG Teilenummer<\/b><\/span><\/span><\/span><span style=\"color: #060606\"><span style=\"font-family: Verdana, serif\"><span style=\"font-size: small\">: 03G 906 262A<\/span><\/span><\/span><\/h5>\n<h5 class=\"western\"><span style=\"color: #060606\"><span style=\"font-family: Verdana, serif\"><span style=\"font-size: small\"><b>Zustand: <\/b><\/span><\/span><\/span><span style=\"color: #060606\"><span style=\"font-family: Verdana, serif\"><span style=\"font-size: small\"><span lang=\"de-DE\">NEU<\/span><\/span><\/span><\/span><\/h5>\n<h5 class=\"western\"><span style=\"color: #060606\"><span style=\"font-family: Verdana, serif\"><span style=\"font-size: small\"><b>Lieferumfang:<\/b><\/span><\/span><\/span><span style=\"color: #060606\"><span style=\"font-family: Verdana, serif\"><span style=\"font-size: small\">\u00a0wie in den Original-Abbildungen angegeben<\/span><\/span><\/span><\/h5>\n<h5 class=\"western\"><span style=\"color: #060606\"><span style=\"font-family: Verdana, serif\"><span style=\"font-size: small\"><b>Hinweis:<\/b><\/span><\/span><\/span><span style=\"color: #060606\"><span style=\"font-family: Verdana, serif\"><span style=\"font-size: small\">\u00a0Bitte \u00fcberpr\u00fcfen Sie vor dem Kauf anhand der eindeutigen Teilenummern, ob der Artikel zum Fahrzeug passt, um R\u00fccksendungen zu vermeiden! Trotz Angabe der entsprechenden Fahrzeugdaten ist eine eindeutige Zuordnung nur \u00fcber die Teilenummer m\u00f6glich! Die abgelesene Teilenummer ist die Teilenummer des Teils, welches geliefert wird. Die Originalteilnummer ist diejenige, die bei Neubestellung f\u00fcr dieses Teil gilt und der m\u00f6glicherweise abweichenden, gelieferten Teilenummer entspricht. <\/span><\/span><\/span><\/h5>\n<h5 class=\"western\"><span style=\"color: #060606\"><span style=\"font-family: Verdana, serif\"><span style=\"font-size: small\"><span lang=\"de-DE\">Neu<\/span><\/span><\/span><\/span><span style=\"color: #060606\"><span style=\"font-family: Verdana, serif\"><span style=\"font-size: small\"> mit Gebrauchsspuren in Form von Verunreinigungen\/ kleinen Kratzern m\u00f6glich. Die Ware wird ungereinigt geliefert.<\/span><\/span><\/span><\/h5>\n<h5 class=\"western\"><span style=\"color: #060606\"><span style=\"font-family: Verdana, serif\"><span style=\"font-size: small\">Sollten weitere Fragen offen sein, kontaktieren Sie uns bitte unter\u00a0<\/span><\/span><\/span><a href=\"mailto:office@audi-klaus.at\"><span style=\"color: #0000ff\"><span style=\"font-family: Verdana, serif\"><span style=\"font-size: small\"><u>office@audi-klaus.at<\/u><\/span><\/span><\/span><\/a><\/h5>\n","protected":false},"excerpt":{"rendered":"<p class=\"western\"><strong><span style=\"color: #000000\"><span style=\"font-family: Source Sans Pro, serif\"><span style=\"font-size: x-large\">Marke: Audi\/Vw<br \/>\nModell: A1\/A3\/A4\/A5\/A6\/A8\/Q3\/Q5\/Q7\/R8\/TT\/Caddy\/Bus\/Crafter\/Golf\/Jetta\/Passat\/Polo\/Scirocco\/Sharan\/Touareg\/Tiguan\/Touran<br \/>\nTyp: 8x\/8P\/B8\/C6\/C7\/4D\/8J\/3\/4\/T5\/T6\/5\/6\/B6\/B7\/CC\/9N\/3\/1\/2\/1<\/span><\/span><\/span><\/strong><\/p>\n","protected":false},"featured_media":60088,"template":"","meta":[],"product_brand":[],"product_cat":[427,1213,1928,961,1250,370,1180,1717,454,1220,1938,991,1257,371,1182,1730,474,1234,1111,1258,372,1183,1738,500,1235,1141,1315,374,1184,1748,540,1236,1164,1327,376,1186,1788,588,1239,1165,1407,378,1188,1798,589,1243,1167,1417,380,1197,1818,618,1244,1170,1477,382,1198,1838,628,1246,32,1172,1547,384,1206,1848,949,1248,367,1176,1687,419,1207,1858,960,1249,369,1178,1697],"product_tag":[20931,20932,20933],"class_list":{"0":"post-60127","1":"product","2":"type-product","3":"status-publish","4":"has-post-thumbnail","6":"product_cat-elektrik-8x-2010-2018","7":"product_cat-3-2008-2014","8":"product_cat-elektrik-t5-7h-2003-2009","9":"product_cat-8j-2006-2015","10":"product_cat-1-1t-2003-2015","11":"product_cat-a4","12":"product_cat-caddy","13":"product_cat-elektrik-cc-3c-2008-2012","14":"product_cat-8p-2003-2013","15":"product_cat-4-9n-2001-2005","16":"product_cat-elektrik-t6-2009-2015","17":"product_cat-elektrik-d2-1994-2002","18":"product_cat-t5-7h-2003-2009","19":"product_cat-a5","20":"product_cat-tiguan","21":"product_cat-2-7n-2010","22":"product_cat-elektrik-8p-2003-2013","23":"product_cat-b6-3c-2005-2010","24":"product_cat-elektrik-4m-2018","25":"product_cat-t6-2009-2015","26":"product_cat-a6","27":"product_cat-touareg","28":"product_cat-elektrik-1-7m-1995-2010","29":"product_cat-b8-2007-2015","30":"product_cat-cc-3c-2008-2012","31":"product_cat-elektrik-8j-2006-2015","32":"product_cat-elektrik-5-1k-2003-2010","33":"product_cat-a8","34":"product_cat-touran","35":"product_cat-elektrik-2-7n-2010","36":"product_cat-elektrik-b8-2007-2015","37":"product_cat-b7-3c-2010-2014","38":"product_cat-vw","39":"product_cat-elektrik-6-5k-2008-2014","40":"product_cat-q3","41":"product_cat-bus","42":"product_cat-elektrik-3-2k-2003-2010","43":"product_cat-c6-4f-2004-2011","44":"product_cat-1-7m-1995-2010","45":"product_cat-golf","46":"product_cat-elektrik-5-1k2-2005-2010","47":"product_cat-q5","48":"product_cat-crafter","49":"product_cat-elektrik-4-2020","50":"product_cat-c7-4g-2011-2018","51":"product_cat-3-2k-2003-2015","52":"product_cat-jetta","53":"product_cat-elektrik-6-162-2010-2014","54":"product_cat-q8","55":"product_cat-5-1k-2003-2010","56":"product_cat-elektrik-1-5n-2007-2016","57":"product_cat-elektrik-c6-2004-2011","58":"product_cat-4-sa-2015-2020","59":"product_cat-scirocco","60":"product_cat-elektrik-3-2008-2014","61":"product_cat-r8-2007-2015","62":"product_cat-6-5k-2008-2014","63":"product_cat-elektrik-1-7l-2002-2010","64":"product_cat-elektrik-c7-2011-2018","65":"product_cat-1-5n-2007-2016","66":"product_cat-audi","67":"product_cat-polo","68":"product_cat-elektrik-4-9n-2001-2005","69":"product_cat-tt","70":"product_cat-5-1k2-2005-2010","71":"product_cat-elektrik-2-7p-2010","72":"product_cat-d2-4d-1994-2002","73":"product_cat-1-7l-2002-2010","74":"product_cat-a1-audi","75":"product_cat-passat","76":"product_cat-elektrik-b6-3c-2005-2010","77":"product_cat-8x-2010-2018","78":"product_cat-6-162-2010-2014","79":"product_cat-elektrik-1-1t-2003-2015","80":"product_cat-4m-2018","81":"product_cat-2-7p-2010","82":"product_cat-a3","83":"product_cat-sharan","84":"product_cat-elektrik-b7-3c-2010-2014","85":"product_tag-03g906262a","86":"product_tag-e363","87":"product_tag-03g906262","89":"first","90":"instock","91":"taxable","92":"shipping-taxable","93":"purchasable","94":"product-type-simple"},"yoast_head":"<!-- This site is optimized with the Yoast SEO plugin v27.4 - https:\/\/yoast.com\/product\/yoast-seo-wordpress\/ -->\n<title>Audi A1\/8x\/A3\/8P\/A4\/B8\/A5\/B8\/A6\/C6\/C7\/A8\/4D\/Q3\/TT\/8J\/Vw Caddy\/3\/4\/Bus\/T5\/T6\/Crafter\/Golf\/Jetta\/5\/6\/Passat\/B6\/B7\/CC\/Polo\/9N\/Scirocco\/3\/Sharan\/Touareg\/1\/2\/Tiguan\/Touran\/1 Lambdasonde NOS 03G906262A - Audi-Klaus<\/title>\n<meta name=\"description\" content=\"Audi-Klaus Audi A1\/8x\/A3\/8P\/A4\/B8\/A5\/B8\/A6\/C6\/C7\/A8\/4D\/Q3\/TT\/8J\/Vw Caddy\/3\/4\/Bus\/T5\/T6\/Crafter\/Golf\/Jetta\/5\/6\/Passat\/B6\/B7\/CC\/Polo\/9N\/Scirocco\/3\/Sharan\/Touareg\/1\/2\/Tiguan\/Touran\/1 Lambdasonde NOS 03G906262A Audi A1\/8x\/A3\/8P\/A4\/B8\/A5\/B8\/A6\/C6\/C7\/A8\/4D\/Q3\/TT\/8J Vw Caddy\/3\/4\/Bus\/T5\/T6\/Crafter\/Golf\/Jetta\/5\/6\/Passat\/B6\/B7\/CC\/Polo\/9N\/Scirocco\/3\/Sharan\/Touareg\/1\/2\/Tiguan\/Touran\/1 Lambdasonde NOS 03G906262A\" \/>\n<meta name=\"robots\" content=\"index, follow, max-snippet:-1, max-image-preview:large, max-video-preview:-1\" \/>\n<link rel=\"canonical\" href=\"https:\/\/audi-klaus.at\/shop\/produkt\/audi-a1-8x-a3-8p-a4-b8-a5-b8-a6-c6-c7-a8-4d-q3-tt-8j-vw-caddy-3-4-bus-t5-t6-crafter-golf-jetta-5-6-passat-b6-b7-cc-polo-9n-scirocco-3-sharan-touareg-1-2-tiguan-touran-1-lambdasonde-nos-03g906262a\/\" \/>\n<meta property=\"og:locale\" content=\"de_DE\" \/>\n<meta property=\"og:type\" content=\"article\" \/>\n<meta property=\"og:title\" content=\"Audi A1\/8x\/A3\/8P\/A4\/B8\/A5\/B8\/A6\/C6\/C7\/A8\/4D\/Q3\/TT\/8J\/Vw Caddy\/3\/4\/Bus\/T5\/T6\/Crafter\/Golf\/Jetta\/5\/6\/Passat\/B6\/B7\/CC\/Polo\/9N\/Scirocco\/3\/Sharan\/Touareg\/1\/2\/Tiguan\/Touran\/1 Lambdasonde NOS 03G906262A - Audi-Klaus\" \/>\n<meta property=\"og:description\" content=\"Audi-Klaus Audi A1\/8x\/A3\/8P\/A4\/B8\/A5\/B8\/A6\/C6\/C7\/A8\/4D\/Q3\/TT\/8J\/Vw Caddy\/3\/4\/Bus\/T5\/T6\/Crafter\/Golf\/Jetta\/5\/6\/Passat\/B6\/B7\/CC\/Polo\/9N\/Scirocco\/3\/Sharan\/Touareg\/1\/2\/Tiguan\/Touran\/1 Lambdasonde NOS 03G906262A Audi A1\/8x\/A3\/8P\/A4\/B8\/A5\/B8\/A6\/C6\/C7\/A8\/4D\/Q3\/TT\/8J Vw Caddy\/3\/4\/Bus\/T5\/T6\/Crafter\/Golf\/Jetta\/5\/6\/Passat\/B6\/B7\/CC\/Polo\/9N\/Scirocco\/3\/Sharan\/Touareg\/1\/2\/Tiguan\/Touran\/1 Lambdasonde NOS 03G906262A\" \/>\n<meta property=\"og:url\" content=\"https:\/\/audi-klaus.at\/shop\/produkt\/audi-a1-8x-a3-8p-a4-b8-a5-b8-a6-c6-c7-a8-4d-q3-tt-8j-vw-caddy-3-4-bus-t5-t6-crafter-golf-jetta-5-6-passat-b6-b7-cc-polo-9n-scirocco-3-sharan-touareg-1-2-tiguan-touran-1-lambdasonde-nos-03g906262a\/\" \/>\n<meta property=\"og:site_name\" content=\"Audi-Klaus\" \/>\n<meta property=\"article:publisher\" content=\"https:\/\/www.facebook.com\/audi.klaus.1312\/\" \/>\n<meta property=\"article:modified_time\" content=\"2026-01-07T21:33:06+00:00\" \/>\n<meta property=\"og:image\" content=\"https:\/\/audi-klaus.at\/shop\/wp-content\/uploads\/2023\/05\/E363.jpg\" \/>\n\t<meta property=\"og:image:width\" content=\"480\" \/>\n\t<meta property=\"og:image:height\" content=\"480\" \/>\n\t<meta property=\"og:image:type\" content=\"image\/jpeg\" \/>\n<meta name=\"twitter:card\" content=\"summary_large_image\" \/>\n<meta name=\"twitter:label1\" content=\"Gesch\u00e4tzte Lesezeit\" \/>\n\t<meta name=\"twitter:data1\" content=\"1 Minute\" \/>\n<script type=\"application\/ld+json\" class=\"yoast-schema-graph\">{\"@context\":\"https:\\\/\\\/schema.org\",\"@graph\":[{\"@type\":\"WebPage\",\"@id\":\"https:\\\/\\\/audi-klaus.at\\\/shop\\\/produkt\\\/audi-a1-8x-a3-8p-a4-b8-a5-b8-a6-c6-c7-a8-4d-q3-tt-8j-vw-caddy-3-4-bus-t5-t6-crafter-golf-jetta-5-6-passat-b6-b7-cc-polo-9n-scirocco-3-sharan-touareg-1-2-tiguan-touran-1-lambdasonde-nos-03g906262a\\\/\",\"url\":\"https:\\\/\\\/audi-klaus.at\\\/shop\\\/produkt\\\/audi-a1-8x-a3-8p-a4-b8-a5-b8-a6-c6-c7-a8-4d-q3-tt-8j-vw-caddy-3-4-bus-t5-t6-crafter-golf-jetta-5-6-passat-b6-b7-cc-polo-9n-scirocco-3-sharan-touareg-1-2-tiguan-touran-1-lambdasonde-nos-03g906262a\\\/\",\"name\":\"Audi A1\\\/8x\\\/A3\\\/8P\\\/A4\\\/B8\\\/A5\\\/B8\\\/A6\\\/C6\\\/C7\\\/A8\\\/4D\\\/Q3\\\/TT\\\/8J\\\/Vw Caddy\\\/3\\\/4\\\/Bus\\\/T5\\\/T6\\\/Crafter\\\/Golf\\\/Jetta\\\/5\\\/6\\\/Passat\\\/B6\\\/B7\\\/CC\\\/Polo\\\/9N\\\/Scirocco\\\/3\\\/Sharan\\\/Touareg\\\/1\\\/2\\\/Tiguan\\\/Touran\\\/1 Lambdasonde NOS 03G906262A - Audi-Klaus\",\"isPartOf\":{\"@id\":\"https:\\\/\\\/audi-klaus.at\\\/shop\\\/#website\"},\"primaryImageOfPage\":{\"@id\":\"https:\\\/\\\/audi-klaus.at\\\/shop\\\/produkt\\\/audi-a1-8x-a3-8p-a4-b8-a5-b8-a6-c6-c7-a8-4d-q3-tt-8j-vw-caddy-3-4-bus-t5-t6-crafter-golf-jetta-5-6-passat-b6-b7-cc-polo-9n-scirocco-3-sharan-touareg-1-2-tiguan-touran-1-lambdasonde-nos-03g906262a\\\/#primaryimage\"},\"image\":{\"@id\":\"https:\\\/\\\/audi-klaus.at\\\/shop\\\/produkt\\\/audi-a1-8x-a3-8p-a4-b8-a5-b8-a6-c6-c7-a8-4d-q3-tt-8j-vw-caddy-3-4-bus-t5-t6-crafter-golf-jetta-5-6-passat-b6-b7-cc-polo-9n-scirocco-3-sharan-touareg-1-2-tiguan-touran-1-lambdasonde-nos-03g906262a\\\/#primaryimage\"},\"thumbnailUrl\":\"https:\\\/\\\/audi-klaus.at\\\/shop\\\/wp-content\\\/uploads\\\/2023\\\/05\\\/E363.jpg\",\"datePublished\":\"2023-05-25T11:29:47+00:00\",\"dateModified\":\"2026-01-07T21:33:06+00:00\",\"description\":\"Audi-Klaus Audi A1\\\/8x\\\/A3\\\/8P\\\/A4\\\/B8\\\/A5\\\/B8\\\/A6\\\/C6\\\/C7\\\/A8\\\/4D\\\/Q3\\\/TT\\\/8J\\\/Vw Caddy\\\/3\\\/4\\\/Bus\\\/T5\\\/T6\\\/Crafter\\\/Golf\\\/Jetta\\\/5\\\/6\\\/Passat\\\/B6\\\/B7\\\/CC\\\/Polo\\\/9N\\\/Scirocco\\\/3\\\/Sharan\\\/Touareg\\\/1\\\/2\\\/Tiguan\\\/Touran\\\/1 Lambdasonde NOS 03G906262A Audi A1\\\/8x\\\/A3\\\/8P\\\/A4\\\/B8\\\/A5\\\/B8\\\/A6\\\/C6\\\/C7\\\/A8\\\/4D\\\/Q3\\\/TT\\\/8J Vw Caddy\\\/3\\\/4\\\/Bus\\\/T5\\\/T6\\\/Crafter\\\/Golf\\\/Jetta\\\/5\\\/6\\\/Passat\\\/B6\\\/B7\\\/CC\\\/Polo\\\/9N\\\/Scirocco\\\/3\\\/Sharan\\\/Touareg\\\/1\\\/2\\\/Tiguan\\\/Touran\\\/1 Lambdasonde NOS 03G906262A\",\"breadcrumb\":{\"@id\":\"https:\\\/\\\/audi-klaus.at\\\/shop\\\/produkt\\\/audi-a1-8x-a3-8p-a4-b8-a5-b8-a6-c6-c7-a8-4d-q3-tt-8j-vw-caddy-3-4-bus-t5-t6-crafter-golf-jetta-5-6-passat-b6-b7-cc-polo-9n-scirocco-3-sharan-touareg-1-2-tiguan-touran-1-lambdasonde-nos-03g906262a\\\/#breadcrumb\"},\"inLanguage\":\"de-AT\",\"potentialAction\":[{\"@type\":\"ReadAction\",\"target\":[\"https:\\\/\\\/audi-klaus.at\\\/shop\\\/produkt\\\/audi-a1-8x-a3-8p-a4-b8-a5-b8-a6-c6-c7-a8-4d-q3-tt-8j-vw-caddy-3-4-bus-t5-t6-crafter-golf-jetta-5-6-passat-b6-b7-cc-polo-9n-scirocco-3-sharan-touareg-1-2-tiguan-touran-1-lambdasonde-nos-03g906262a\\\/\"]}]},{\"@type\":\"ImageObject\",\"inLanguage\":\"de-AT\",\"@id\":\"https:\\\/\\\/audi-klaus.at\\\/shop\\\/produkt\\\/audi-a1-8x-a3-8p-a4-b8-a5-b8-a6-c6-c7-a8-4d-q3-tt-8j-vw-caddy-3-4-bus-t5-t6-crafter-golf-jetta-5-6-passat-b6-b7-cc-polo-9n-scirocco-3-sharan-touareg-1-2-tiguan-touran-1-lambdasonde-nos-03g906262a\\\/#primaryimage\",\"url\":\"https:\\\/\\\/audi-klaus.at\\\/shop\\\/wp-content\\\/uploads\\\/2023\\\/05\\\/E363.jpg\",\"contentUrl\":\"https:\\\/\\\/audi-klaus.at\\\/shop\\\/wp-content\\\/uploads\\\/2023\\\/05\\\/E363.jpg\",\"width\":480,\"height\":480},{\"@type\":\"BreadcrumbList\",\"@id\":\"https:\\\/\\\/audi-klaus.at\\\/shop\\\/produkt\\\/audi-a1-8x-a3-8p-a4-b8-a5-b8-a6-c6-c7-a8-4d-q3-tt-8j-vw-caddy-3-4-bus-t5-t6-crafter-golf-jetta-5-6-passat-b6-b7-cc-polo-9n-scirocco-3-sharan-touareg-1-2-tiguan-touran-1-lambdasonde-nos-03g906262a\\\/#breadcrumb\",\"itemListElement\":[{\"@type\":\"ListItem\",\"position\":1,\"name\":\"Startseite\",\"item\":\"https:\\\/\\\/audi-klaus.at\\\/shop\\\/\"},{\"@type\":\"ListItem\",\"position\":2,\"name\":\"Shop\",\"item\":\"https:\\\/\\\/audi-klaus.at\\\/shop\\\/\"},{\"@type\":\"ListItem\",\"position\":3,\"name\":\"Audi A1\\\/8x\\\/A3\\\/8P\\\/A4\\\/B8\\\/A5\\\/B8\\\/A6\\\/C6\\\/C7\\\/A8\\\/4D\\\/Q3\\\/TT\\\/8J\\\/Vw Caddy\\\/3\\\/4\\\/Bus\\\/T5\\\/T6\\\/Crafter\\\/Golf\\\/Jetta\\\/5\\\/6\\\/Passat\\\/B6\\\/B7\\\/CC\\\/Polo\\\/9N\\\/Scirocco\\\/3\\\/Sharan\\\/Touareg\\\/1\\\/2\\\/Tiguan\\\/Touran\\\/1 Lambdasonde NOS 03G906262A\"}]},{\"@type\":\"WebSite\",\"@id\":\"https:\\\/\\\/audi-klaus.at\\\/shop\\\/#website\",\"url\":\"https:\\\/\\\/audi-klaus.at\\\/shop\\\/\",\"name\":\"Audi-Klaus\",\"description\":\"Ihr Gebrauchtteile Spezialist f\u00fcr die Marken Audi, VW (VAG)\",\"publisher\":{\"@id\":\"https:\\\/\\\/audi-klaus.at\\\/shop\\\/#organization\"},\"potentialAction\":[{\"@type\":\"SearchAction\",\"target\":{\"@type\":\"EntryPoint\",\"urlTemplate\":\"https:\\\/\\\/audi-klaus.at\\\/shop\\\/?s={search_term_string}\"},\"query-input\":{\"@type\":\"PropertyValueSpecification\",\"valueRequired\":true,\"valueName\":\"search_term_string\"}}],\"inLanguage\":\"de-AT\"},{\"@type\":\"Organization\",\"@id\":\"https:\\\/\\\/audi-klaus.at\\\/shop\\\/#organization\",\"name\":\"Audi-Klaus\",\"url\":\"https:\\\/\\\/audi-klaus.at\\\/shop\\\/\",\"logo\":{\"@type\":\"ImageObject\",\"inLanguage\":\"de-AT\",\"@id\":\"https:\\\/\\\/audi-klaus.at\\\/shop\\\/#\\\/schema\\\/logo\\\/image\\\/\",\"url\":\"https:\\\/\\\/audi-klaus.at\\\/shop\\\/wp-content\\\/uploads\\\/2024\\\/10\\\/Logo-Shop.webp\",\"contentUrl\":\"https:\\\/\\\/audi-klaus.at\\\/shop\\\/wp-content\\\/uploads\\\/2024\\\/10\\\/Logo-Shop.webp\",\"width\":470,\"height\":164,\"caption\":\"Audi-Klaus\"},\"image\":{\"@id\":\"https:\\\/\\\/audi-klaus.at\\\/shop\\\/#\\\/schema\\\/logo\\\/image\\\/\"},\"sameAs\":[\"https:\\\/\\\/www.facebook.com\\\/audi.klaus.1312\\\/\",\"https:\\\/\\\/www.instagram.com\\\/audi_klaus\\\/?igshid=1eca3qu2mdayg\"]}]}<\/script>\n<!-- \/ Yoast SEO plugin. -->","yoast_head_json":{"title":"Audi A1\/8x\/A3\/8P\/A4\/B8\/A5\/B8\/A6\/C6\/C7\/A8\/4D\/Q3\/TT\/8J\/Vw Caddy\/3\/4\/Bus\/T5\/T6\/Crafter\/Golf\/Jetta\/5\/6\/Passat\/B6\/B7\/CC\/Polo\/9N\/Scirocco\/3\/Sharan\/Touareg\/1\/2\/Tiguan\/Touran\/1 Lambdasonde NOS 03G906262A - Audi-Klaus","description":"Audi-Klaus Audi A1\/8x\/A3\/8P\/A4\/B8\/A5\/B8\/A6\/C6\/C7\/A8\/4D\/Q3\/TT\/8J\/Vw Caddy\/3\/4\/Bus\/T5\/T6\/Crafter\/Golf\/Jetta\/5\/6\/Passat\/B6\/B7\/CC\/Polo\/9N\/Scirocco\/3\/Sharan\/Touareg\/1\/2\/Tiguan\/Touran\/1 Lambdasonde NOS 03G906262A Audi A1\/8x\/A3\/8P\/A4\/B8\/A5\/B8\/A6\/C6\/C7\/A8\/4D\/Q3\/TT\/8J Vw Caddy\/3\/4\/Bus\/T5\/T6\/Crafter\/Golf\/Jetta\/5\/6\/Passat\/B6\/B7\/CC\/Polo\/9N\/Scirocco\/3\/Sharan\/Touareg\/1\/2\/Tiguan\/Touran\/1 Lambdasonde NOS 03G906262A","robots":{"index":"index","follow":"follow","max-snippet":"max-snippet:-1","max-image-preview":"max-image-preview:large","max-video-preview":"max-video-preview:-1"},"canonical":"https:\/\/audi-klaus.at\/shop\/produkt\/audi-a1-8x-a3-8p-a4-b8-a5-b8-a6-c6-c7-a8-4d-q3-tt-8j-vw-caddy-3-4-bus-t5-t6-crafter-golf-jetta-5-6-passat-b6-b7-cc-polo-9n-scirocco-3-sharan-touareg-1-2-tiguan-touran-1-lambdasonde-nos-03g906262a\/","og_locale":"de_DE","og_type":"article","og_title":"Audi A1\/8x\/A3\/8P\/A4\/B8\/A5\/B8\/A6\/C6\/C7\/A8\/4D\/Q3\/TT\/8J\/Vw Caddy\/3\/4\/Bus\/T5\/T6\/Crafter\/Golf\/Jetta\/5\/6\/Passat\/B6\/B7\/CC\/Polo\/9N\/Scirocco\/3\/Sharan\/Touareg\/1\/2\/Tiguan\/Touran\/1 Lambdasonde NOS 03G906262A - Audi-Klaus","og_description":"Audi-Klaus Audi A1\/8x\/A3\/8P\/A4\/B8\/A5\/B8\/A6\/C6\/C7\/A8\/4D\/Q3\/TT\/8J\/Vw Caddy\/3\/4\/Bus\/T5\/T6\/Crafter\/Golf\/Jetta\/5\/6\/Passat\/B6\/B7\/CC\/Polo\/9N\/Scirocco\/3\/Sharan\/Touareg\/1\/2\/Tiguan\/Touran\/1 Lambdasonde NOS 03G906262A Audi A1\/8x\/A3\/8P\/A4\/B8\/A5\/B8\/A6\/C6\/C7\/A8\/4D\/Q3\/TT\/8J Vw Caddy\/3\/4\/Bus\/T5\/T6\/Crafter\/Golf\/Jetta\/5\/6\/Passat\/B6\/B7\/CC\/Polo\/9N\/Scirocco\/3\/Sharan\/Touareg\/1\/2\/Tiguan\/Touran\/1 Lambdasonde NOS 03G906262A","og_url":"https:\/\/audi-klaus.at\/shop\/produkt\/audi-a1-8x-a3-8p-a4-b8-a5-b8-a6-c6-c7-a8-4d-q3-tt-8j-vw-caddy-3-4-bus-t5-t6-crafter-golf-jetta-5-6-passat-b6-b7-cc-polo-9n-scirocco-3-sharan-touareg-1-2-tiguan-touran-1-lambdasonde-nos-03g906262a\/","og_site_name":"Audi-Klaus","article_publisher":"https:\/\/www.facebook.com\/audi.klaus.1312\/","article_modified_time":"2026-01-07T21:33:06+00:00","og_image":[{"width":480,"height":480,"url":"https:\/\/audi-klaus.at\/shop\/wp-content\/uploads\/2023\/05\/E363.jpg","type":"image\/jpeg"}],"twitter_card":"summary_large_image","twitter_misc":{"Gesch\u00e4tzte Lesezeit":"1 Minute"},"schema":{"@context":"https:\/\/schema.org","@graph":[{"@type":"WebPage","@id":"https:\/\/audi-klaus.at\/shop\/produkt\/audi-a1-8x-a3-8p-a4-b8-a5-b8-a6-c6-c7-a8-4d-q3-tt-8j-vw-caddy-3-4-bus-t5-t6-crafter-golf-jetta-5-6-passat-b6-b7-cc-polo-9n-scirocco-3-sharan-touareg-1-2-tiguan-touran-1-lambdasonde-nos-03g906262a\/","url":"https:\/\/audi-klaus.at\/shop\/produkt\/audi-a1-8x-a3-8p-a4-b8-a5-b8-a6-c6-c7-a8-4d-q3-tt-8j-vw-caddy-3-4-bus-t5-t6-crafter-golf-jetta-5-6-passat-b6-b7-cc-polo-9n-scirocco-3-sharan-touareg-1-2-tiguan-touran-1-lambdasonde-nos-03g906262a\/","name":"Audi A1\/8x\/A3\/8P\/A4\/B8\/A5\/B8\/A6\/C6\/C7\/A8\/4D\/Q3\/TT\/8J\/Vw Caddy\/3\/4\/Bus\/T5\/T6\/Crafter\/Golf\/Jetta\/5\/6\/Passat\/B6\/B7\/CC\/Polo\/9N\/Scirocco\/3\/Sharan\/Touareg\/1\/2\/Tiguan\/Touran\/1 Lambdasonde NOS 03G906262A - Audi-Klaus","isPartOf":{"@id":"https:\/\/audi-klaus.at\/shop\/#website"},"primaryImageOfPage":{"@id":"https:\/\/audi-klaus.at\/shop\/produkt\/audi-a1-8x-a3-8p-a4-b8-a5-b8-a6-c6-c7-a8-4d-q3-tt-8j-vw-caddy-3-4-bus-t5-t6-crafter-golf-jetta-5-6-passat-b6-b7-cc-polo-9n-scirocco-3-sharan-touareg-1-2-tiguan-touran-1-lambdasonde-nos-03g906262a\/#primaryimage"},"image":{"@id":"https:\/\/audi-klaus.at\/shop\/produkt\/audi-a1-8x-a3-8p-a4-b8-a5-b8-a6-c6-c7-a8-4d-q3-tt-8j-vw-caddy-3-4-bus-t5-t6-crafter-golf-jetta-5-6-passat-b6-b7-cc-polo-9n-scirocco-3-sharan-touareg-1-2-tiguan-touran-1-lambdasonde-nos-03g906262a\/#primaryimage"},"thumbnailUrl":"https:\/\/audi-klaus.at\/shop\/wp-content\/uploads\/2023\/05\/E363.jpg","datePublished":"2023-05-25T11:29:47+00:00","dateModified":"2026-01-07T21:33:06+00:00","description":"Audi-Klaus Audi A1\/8x\/A3\/8P\/A4\/B8\/A5\/B8\/A6\/C6\/C7\/A8\/4D\/Q3\/TT\/8J\/Vw Caddy\/3\/4\/Bus\/T5\/T6\/Crafter\/Golf\/Jetta\/5\/6\/Passat\/B6\/B7\/CC\/Polo\/9N\/Scirocco\/3\/Sharan\/Touareg\/1\/2\/Tiguan\/Touran\/1 Lambdasonde NOS 03G906262A Audi A1\/8x\/A3\/8P\/A4\/B8\/A5\/B8\/A6\/C6\/C7\/A8\/4D\/Q3\/TT\/8J Vw Caddy\/3\/4\/Bus\/T5\/T6\/Crafter\/Golf\/Jetta\/5\/6\/Passat\/B6\/B7\/CC\/Polo\/9N\/Scirocco\/3\/Sharan\/Touareg\/1\/2\/Tiguan\/Touran\/1 Lambdasonde NOS 03G906262A","breadcrumb":{"@id":"https:\/\/audi-klaus.at\/shop\/produkt\/audi-a1-8x-a3-8p-a4-b8-a5-b8-a6-c6-c7-a8-4d-q3-tt-8j-vw-caddy-3-4-bus-t5-t6-crafter-golf-jetta-5-6-passat-b6-b7-cc-polo-9n-scirocco-3-sharan-touareg-1-2-tiguan-touran-1-lambdasonde-nos-03g906262a\/#breadcrumb"},"inLanguage":"de-AT","potentialAction":[{"@type":"ReadAction","target":["https:\/\/audi-klaus.at\/shop\/produkt\/audi-a1-8x-a3-8p-a4-b8-a5-b8-a6-c6-c7-a8-4d-q3-tt-8j-vw-caddy-3-4-bus-t5-t6-crafter-golf-jetta-5-6-passat-b6-b7-cc-polo-9n-scirocco-3-sharan-touareg-1-2-tiguan-touran-1-lambdasonde-nos-03g906262a\/"]}]},{"@type":"ImageObject","inLanguage":"de-AT","@id":"https:\/\/audi-klaus.at\/shop\/produkt\/audi-a1-8x-a3-8p-a4-b8-a5-b8-a6-c6-c7-a8-4d-q3-tt-8j-vw-caddy-3-4-bus-t5-t6-crafter-golf-jetta-5-6-passat-b6-b7-cc-polo-9n-scirocco-3-sharan-touareg-1-2-tiguan-touran-1-lambdasonde-nos-03g906262a\/#primaryimage","url":"https:\/\/audi-klaus.at\/shop\/wp-content\/uploads\/2023\/05\/E363.jpg","contentUrl":"https:\/\/audi-klaus.at\/shop\/wp-content\/uploads\/2023\/05\/E363.jpg","width":480,"height":480},{"@type":"BreadcrumbList","@id":"https:\/\/audi-klaus.at\/shop\/produkt\/audi-a1-8x-a3-8p-a4-b8-a5-b8-a6-c6-c7-a8-4d-q3-tt-8j-vw-caddy-3-4-bus-t5-t6-crafter-golf-jetta-5-6-passat-b6-b7-cc-polo-9n-scirocco-3-sharan-touareg-1-2-tiguan-touran-1-lambdasonde-nos-03g906262a\/#breadcrumb","itemListElement":[{"@type":"ListItem","position":1,"name":"Startseite","item":"https:\/\/audi-klaus.at\/shop\/"},{"@type":"ListItem","position":2,"name":"Shop","item":"https:\/\/audi-klaus.at\/shop\/"},{"@type":"ListItem","position":3,"name":"Audi A1\/8x\/A3\/8P\/A4\/B8\/A5\/B8\/A6\/C6\/C7\/A8\/4D\/Q3\/TT\/8J\/Vw Caddy\/3\/4\/Bus\/T5\/T6\/Crafter\/Golf\/Jetta\/5\/6\/Passat\/B6\/B7\/CC\/Polo\/9N\/Scirocco\/3\/Sharan\/Touareg\/1\/2\/Tiguan\/Touran\/1 Lambdasonde NOS 03G906262A"}]},{"@type":"WebSite","@id":"https:\/\/audi-klaus.at\/shop\/#website","url":"https:\/\/audi-klaus.at\/shop\/","name":"Audi-Klaus","description":"Ihr Gebrauchtteile Spezialist f\u00fcr die Marken Audi, VW (VAG)","publisher":{"@id":"https:\/\/audi-klaus.at\/shop\/#organization"},"potentialAction":[{"@type":"SearchAction","target":{"@type":"EntryPoint","urlTemplate":"https:\/\/audi-klaus.at\/shop\/?s={search_term_string}"},"query-input":{"@type":"PropertyValueSpecification","valueRequired":true,"valueName":"search_term_string"}}],"inLanguage":"de-AT"},{"@type":"Organization","@id":"https:\/\/audi-klaus.at\/shop\/#organization","name":"Audi-Klaus","url":"https:\/\/audi-klaus.at\/shop\/","logo":{"@type":"ImageObject","inLanguage":"de-AT","@id":"https:\/\/audi-klaus.at\/shop\/#\/schema\/logo\/image\/","url":"https:\/\/audi-klaus.at\/shop\/wp-content\/uploads\/2024\/10\/Logo-Shop.webp","contentUrl":"https:\/\/audi-klaus.at\/shop\/wp-content\/uploads\/2024\/10\/Logo-Shop.webp","width":470,"height":164,"caption":"Audi-Klaus"},"image":{"@id":"https:\/\/audi-klaus.at\/shop\/#\/schema\/logo\/image\/"},"sameAs":["https:\/\/www.facebook.com\/audi.klaus.1312\/","https:\/\/www.instagram.com\/audi_klaus\/?igshid=1eca3qu2mdayg"]}]}},"_links":{"self":[{"href":"https:\/\/audi-klaus.at\/shop\/wp-json\/wp\/v2\/product\/60127","targetHints":{"allow":["GET"]}}],"collection":[{"href":"https:\/\/audi-klaus.at\/shop\/wp-json\/wp\/v2\/product"}],"about":[{"href":"https:\/\/audi-klaus.at\/shop\/wp-json\/wp\/v2\/types\/product"}],"wp:featuredmedia":[{"embeddable":true,"href":"https:\/\/audi-klaus.at\/shop\/wp-json\/wp\/v2\/media\/60088"}],"wp:attachment":[{"href":"https:\/\/audi-klaus.at\/shop\/wp-json\/wp\/v2\/media?parent=60127"}],"wp:term":[{"taxonomy":"product_brand","embeddable":true,"href":"https:\/\/audi-klaus.at\/shop\/wp-json\/wp\/v2\/product_brand?post=60127"},{"taxonomy":"product_cat","embeddable":true,"href":"https:\/\/audi-klaus.at\/shop\/wp-json\/wp\/v2\/product_cat?post=60127"},{"taxonomy":"product_tag","embeddable":true,"href":"https:\/\/audi-klaus.at\/shop\/wp-json\/wp\/v2\/product_tag?post=60127"}],"curies":[{"name":"wp","href":"https:\/\/api.w.org\/{rel}","templated":true}]}}