{"id":58661,"date":"2023-05-08T08:08:52","date_gmt":"2023-05-08T06:08:52","guid":{"rendered":"https:\/\/audi-klaus.at\/shop\/?post_type=product&#038;p=58661"},"modified":"2026-01-07T21:56:57","modified_gmt":"2026-01-07T20:56:57","slug":"audi-tt-8j-querlenker-ojne-traggelenk-links-rechts-neu-meyle-1160500092-vergleichsnr-8j0407151daudi-tt-8j-querlenker-ohne-traggelenk-links-rechts-neu-meyle-1160500092-vergleichsnr-8j0407151d","status":"publish","type":"product","link":"https:\/\/audi-klaus.at\/shop\/produkt\/audi-tt-8j-querlenker-ojne-traggelenk-links-rechts-neu-meyle-1160500092-vergleichsnr-8j0407151daudi-tt-8j-querlenker-ohne-traggelenk-links-rechts-neu-meyle-1160500092-vergleichsnr-8j0407151d\/","title":{"rendered":"Audi TT\/8J Querlenker ohne Traggelenk links\/rechts NEU Meyle 1160500092\/Vergleichsnr.: 8J0407151D"},"content":{"rendered":"<h5 class=\"western\"><span style=\"color: #060606\"><span style=\"font-family: Verdana, serif\"><span style=\"font-size: small\"><b>VAG Teilenummer<\/b><\/span><\/span><\/span><span style=\"color: #060606\"><span style=\"font-family: Verdana, serif\"><span style=\"font-size: small\">: Meyle 116 050 0092, Vergleichsnr.: 8J0 407 151D<\/span><\/span><\/span><\/h5>\n<h5 class=\"western\"><span style=\"color: #060606\"><span style=\"font-family: Verdana, serif\"><span style=\"font-size: small\"><b>Zustand: <\/b><\/span><\/span><\/span><span style=\"color: #060606\"><span style=\"font-family: Verdana, serif\"><span style=\"font-size: small\"><span lang=\"de-DE\">NEU<\/span><\/span><\/span><\/span><\/h5>\n<h5 class=\"western\"><span style=\"color: #060606\"><span style=\"font-family: Verdana, serif\"><span style=\"font-size: small\"><b>Lieferumfang:<\/b><\/span><\/span><\/span><span style=\"color: #060606\"><span style=\"font-family: Verdana, serif\"><span style=\"font-size: small\">\u00a0wie in den Original-Abbildungen angegeben<\/span><\/span><\/span><\/h5>\n<h5 class=\"western\"><span style=\"color: #060606\"><span style=\"font-family: Verdana, serif\"><span style=\"font-size: small\"><b>Hinweis:<\/b><\/span><\/span><\/span><span style=\"color: #060606\"><span style=\"font-family: Verdana, serif\"><span style=\"font-size: small\">\u00a0Bitte \u00fcberpr\u00fcfen Sie vor dem Kauf anhand der eindeutigen Teilenummern, ob der Artikel zum Fahrzeug passt, um R\u00fccksendungen zu vermeiden! Trotz Angabe der entsprechenden Fahrzeugdaten ist eine eindeutige Zuordnung nur \u00fcber die Teilenummer m\u00f6glich! Die abgelesene Teilenummer ist die Teilenummer des Teils, welches geliefert wird. Die Originalteilnummer ist diejenige, die bei Neubestellung f\u00fcr dieses Teil gilt und der m\u00f6glicherweise abweichenden, gelieferten Teilenummer entspricht. <\/span><\/span><\/span><\/h5>\n<h5 class=\"western\"><span style=\"color: #060606\"><span style=\"font-family: Verdana, serif\"><span style=\"font-size: small\"><span lang=\"de-DE\">Neu<\/span><\/span><\/span><\/span><span style=\"color: #060606\"><span style=\"font-family: Verdana, serif\"><span style=\"font-size: small\"> mit Gebrauchsspuren in Form von Verunreinigungen\/ kleinen Kratzern m\u00f6glich. Die Ware wird ungereinigt geliefert.<\/span><\/span><\/span><\/h5>\n<h5 class=\"western\"><span style=\"color: #060606\"><span style=\"font-family: Verdana, serif\"><span style=\"font-size: small\">Sollten weitere Fragen offen sein, kontaktieren Sie uns bitte unter\u00a0<\/span><\/span><\/span><a href=\"mailto:office@audi-klaus.at\"><span style=\"color: #0000ff\"><span style=\"font-family: Verdana, serif\"><span style=\"font-size: small\"><u>office@audi-klaus.at<\/u><\/span><\/span><\/span><\/a><\/h5>\n","protected":false},"excerpt":{"rendered":"<h5 class=\"western\"><strong><span style=\"color: #000000\"><span style=\"font-family: Source Sans Pro, serif\"><span style=\"font-size: x-large\">Marke: Audi<br \/>\nModell: TT<br \/>\nTyp: 8J<\/span><\/span><\/span><\/strong><\/h5>\n","protected":false},"featured_media":58709,"template":"","meta":[],"product_brand":[],"product_cat":[32,384,961,1135],"product_tag":[20174,20175,20176,20177],"class_list":{"0":"post-58661","1":"product","2":"type-product","3":"status-publish","4":"has-post-thumbnail","6":"product_cat-audi","7":"product_cat-tt","8":"product_cat-8j-2006-2015","9":"product_cat-motor-getriebe-8j-2006-2015","10":"product_tag-meyle-1160500092","11":"product_tag-8j0407151d","12":"product_tag-8j0407151","13":"product_tag-m1571","15":"first","16":"instock","17":"taxable","18":"shipping-taxable","19":"purchasable","20":"product-type-simple"},"yoast_head":"<!-- This site is optimized with the Yoast SEO plugin v27.4 - https:\/\/yoast.com\/product\/yoast-seo-wordpress\/ -->\n<title>Audi TT\/8J Querlenker ohne Traggelenk links\/rechts NEU Meyle 1160500092\/Vergleichsnr.: 8J0407151D - Audi-Klaus<\/title>\n<meta name=\"description\" content=\"Audi-Klaus Audi TT\/8J Querlenker ohne Traggelenk links\/rechts NEU Meyle 1160500092\/Vergleichsnr.: 8J0407151D Audi TT\/8J Querlenker ohne Traggelenk links\/rechts NEU Meyle 1160500092\/Vergleichsnr.: 8J0407151D\" \/>\n<meta name=\"robots\" content=\"index, follow, max-snippet:-1, max-image-preview:large, max-video-preview:-1\" \/>\n<link rel=\"canonical\" href=\"https:\/\/audi-klaus.at\/shop\/produkt\/audi-tt-8j-querlenker-ojne-traggelenk-links-rechts-neu-meyle-1160500092-vergleichsnr-8j0407151daudi-tt-8j-querlenker-ohne-traggelenk-links-rechts-neu-meyle-1160500092-vergleichsnr-8j0407151d\/\" \/>\n<meta property=\"og:locale\" content=\"de_DE\" \/>\n<meta property=\"og:type\" content=\"article\" \/>\n<meta property=\"og:title\" content=\"Audi TT\/8J Querlenker ohne Traggelenk links\/rechts NEU Meyle 1160500092\/Vergleichsnr.: 8J0407151D - Audi-Klaus\" \/>\n<meta property=\"og:description\" content=\"Audi-Klaus Audi TT\/8J Querlenker ohne Traggelenk links\/rechts NEU Meyle 1160500092\/Vergleichsnr.: 8J0407151D Audi TT\/8J Querlenker ohne Traggelenk links\/rechts NEU Meyle 1160500092\/Vergleichsnr.: 8J0407151D\" \/>\n<meta property=\"og:url\" content=\"https:\/\/audi-klaus.at\/shop\/produkt\/audi-tt-8j-querlenker-ojne-traggelenk-links-rechts-neu-meyle-1160500092-vergleichsnr-8j0407151daudi-tt-8j-querlenker-ohne-traggelenk-links-rechts-neu-meyle-1160500092-vergleichsnr-8j0407151d\/\" \/>\n<meta property=\"og:site_name\" content=\"Audi-Klaus\" \/>\n<meta property=\"article:publisher\" content=\"https:\/\/www.facebook.com\/audi.klaus.1312\/\" \/>\n<meta property=\"article:modified_time\" content=\"2026-01-07T20:56:57+00:00\" \/>\n<meta property=\"og:image\" content=\"https:\/\/audi-klaus.at\/shop\/wp-content\/uploads\/2023\/05\/M1571-1.jpg\" \/>\n\t<meta property=\"og:image:width\" content=\"480\" \/>\n\t<meta property=\"og:image:height\" content=\"480\" \/>\n\t<meta property=\"og:image:type\" content=\"image\/jpeg\" \/>\n<meta name=\"twitter:card\" content=\"summary_large_image\" \/>\n<meta name=\"twitter:label1\" content=\"Gesch\u00e4tzte Lesezeit\" \/>\n\t<meta name=\"twitter:data1\" content=\"1 Minute\" \/>\n<script type=\"application\/ld+json\" class=\"yoast-schema-graph\">{\"@context\":\"https:\\\/\\\/schema.org\",\"@graph\":[{\"@type\":\"WebPage\",\"@id\":\"https:\\\/\\\/audi-klaus.at\\\/shop\\\/produkt\\\/audi-tt-8j-querlenker-ojne-traggelenk-links-rechts-neu-meyle-1160500092-vergleichsnr-8j0407151daudi-tt-8j-querlenker-ohne-traggelenk-links-rechts-neu-meyle-1160500092-vergleichsnr-8j0407151d\\\/\",\"url\":\"https:\\\/\\\/audi-klaus.at\\\/shop\\\/produkt\\\/audi-tt-8j-querlenker-ojne-traggelenk-links-rechts-neu-meyle-1160500092-vergleichsnr-8j0407151daudi-tt-8j-querlenker-ohne-traggelenk-links-rechts-neu-meyle-1160500092-vergleichsnr-8j0407151d\\\/\",\"name\":\"Audi TT\\\/8J Querlenker ohne Traggelenk links\\\/rechts NEU Meyle 1160500092\\\/Vergleichsnr.: 8J0407151D - Audi-Klaus\",\"isPartOf\":{\"@id\":\"https:\\\/\\\/audi-klaus.at\\\/shop\\\/#website\"},\"primaryImageOfPage\":{\"@id\":\"https:\\\/\\\/audi-klaus.at\\\/shop\\\/produkt\\\/audi-tt-8j-querlenker-ojne-traggelenk-links-rechts-neu-meyle-1160500092-vergleichsnr-8j0407151daudi-tt-8j-querlenker-ohne-traggelenk-links-rechts-neu-meyle-1160500092-vergleichsnr-8j0407151d\\\/#primaryimage\"},\"image\":{\"@id\":\"https:\\\/\\\/audi-klaus.at\\\/shop\\\/produkt\\\/audi-tt-8j-querlenker-ojne-traggelenk-links-rechts-neu-meyle-1160500092-vergleichsnr-8j0407151daudi-tt-8j-querlenker-ohne-traggelenk-links-rechts-neu-meyle-1160500092-vergleichsnr-8j0407151d\\\/#primaryimage\"},\"thumbnailUrl\":\"https:\\\/\\\/audi-klaus.at\\\/shop\\\/wp-content\\\/uploads\\\/2023\\\/05\\\/M1571-1.jpg\",\"datePublished\":\"2023-05-08T06:08:52+00:00\",\"dateModified\":\"2026-01-07T20:56:57+00:00\",\"description\":\"Audi-Klaus Audi TT\\\/8J Querlenker ohne Traggelenk links\\\/rechts NEU Meyle 1160500092\\\/Vergleichsnr.: 8J0407151D Audi TT\\\/8J Querlenker ohne Traggelenk links\\\/rechts NEU Meyle 1160500092\\\/Vergleichsnr.: 8J0407151D\",\"breadcrumb\":{\"@id\":\"https:\\\/\\\/audi-klaus.at\\\/shop\\\/produkt\\\/audi-tt-8j-querlenker-ojne-traggelenk-links-rechts-neu-meyle-1160500092-vergleichsnr-8j0407151daudi-tt-8j-querlenker-ohne-traggelenk-links-rechts-neu-meyle-1160500092-vergleichsnr-8j0407151d\\\/#breadcrumb\"},\"inLanguage\":\"de-AT\",\"potentialAction\":[{\"@type\":\"ReadAction\",\"target\":[\"https:\\\/\\\/audi-klaus.at\\\/shop\\\/produkt\\\/audi-tt-8j-querlenker-ojne-traggelenk-links-rechts-neu-meyle-1160500092-vergleichsnr-8j0407151daudi-tt-8j-querlenker-ohne-traggelenk-links-rechts-neu-meyle-1160500092-vergleichsnr-8j0407151d\\\/\"]}]},{\"@type\":\"ImageObject\",\"inLanguage\":\"de-AT\",\"@id\":\"https:\\\/\\\/audi-klaus.at\\\/shop\\\/produkt\\\/audi-tt-8j-querlenker-ojne-traggelenk-links-rechts-neu-meyle-1160500092-vergleichsnr-8j0407151daudi-tt-8j-querlenker-ohne-traggelenk-links-rechts-neu-meyle-1160500092-vergleichsnr-8j0407151d\\\/#primaryimage\",\"url\":\"https:\\\/\\\/audi-klaus.at\\\/shop\\\/wp-content\\\/uploads\\\/2023\\\/05\\\/M1571-1.jpg\",\"contentUrl\":\"https:\\\/\\\/audi-klaus.at\\\/shop\\\/wp-content\\\/uploads\\\/2023\\\/05\\\/M1571-1.jpg\",\"width\":480,\"height\":480},{\"@type\":\"BreadcrumbList\",\"@id\":\"https:\\\/\\\/audi-klaus.at\\\/shop\\\/produkt\\\/audi-tt-8j-querlenker-ojne-traggelenk-links-rechts-neu-meyle-1160500092-vergleichsnr-8j0407151daudi-tt-8j-querlenker-ohne-traggelenk-links-rechts-neu-meyle-1160500092-vergleichsnr-8j0407151d\\\/#breadcrumb\",\"itemListElement\":[{\"@type\":\"ListItem\",\"position\":1,\"name\":\"Startseite\",\"item\":\"https:\\\/\\\/audi-klaus.at\\\/shop\\\/\"},{\"@type\":\"ListItem\",\"position\":2,\"name\":\"Shop\",\"item\":\"https:\\\/\\\/audi-klaus.at\\\/shop\\\/\"},{\"@type\":\"ListItem\",\"position\":3,\"name\":\"Audi TT\\\/8J Querlenker ohne Traggelenk links\\\/rechts NEU Meyle 1160500092\\\/Vergleichsnr.: 8J0407151D\"}]},{\"@type\":\"WebSite\",\"@id\":\"https:\\\/\\\/audi-klaus.at\\\/shop\\\/#website\",\"url\":\"https:\\\/\\\/audi-klaus.at\\\/shop\\\/\",\"name\":\"Audi-Klaus\",\"description\":\"Ihr Gebrauchtteile Spezialist f\u00fcr die Marken Audi, VW (VAG)\",\"publisher\":{\"@id\":\"https:\\\/\\\/audi-klaus.at\\\/shop\\\/#organization\"},\"potentialAction\":[{\"@type\":\"SearchAction\",\"target\":{\"@type\":\"EntryPoint\",\"urlTemplate\":\"https:\\\/\\\/audi-klaus.at\\\/shop\\\/?s={search_term_string}\"},\"query-input\":{\"@type\":\"PropertyValueSpecification\",\"valueRequired\":true,\"valueName\":\"search_term_string\"}}],\"inLanguage\":\"de-AT\"},{\"@type\":\"Organization\",\"@id\":\"https:\\\/\\\/audi-klaus.at\\\/shop\\\/#organization\",\"name\":\"Audi-Klaus\",\"url\":\"https:\\\/\\\/audi-klaus.at\\\/shop\\\/\",\"logo\":{\"@type\":\"ImageObject\",\"inLanguage\":\"de-AT\",\"@id\":\"https:\\\/\\\/audi-klaus.at\\\/shop\\\/#\\\/schema\\\/logo\\\/image\\\/\",\"url\":\"https:\\\/\\\/audi-klaus.at\\\/shop\\\/wp-content\\\/uploads\\\/2024\\\/10\\\/Logo-Shop.webp\",\"contentUrl\":\"https:\\\/\\\/audi-klaus.at\\\/shop\\\/wp-content\\\/uploads\\\/2024\\\/10\\\/Logo-Shop.webp\",\"width\":470,\"height\":164,\"caption\":\"Audi-Klaus\"},\"image\":{\"@id\":\"https:\\\/\\\/audi-klaus.at\\\/shop\\\/#\\\/schema\\\/logo\\\/image\\\/\"},\"sameAs\":[\"https:\\\/\\\/www.facebook.com\\\/audi.klaus.1312\\\/\",\"https:\\\/\\\/www.instagram.com\\\/audi_klaus\\\/?igshid=1eca3qu2mdayg\"]}]}<\/script>\n<!-- \/ Yoast SEO plugin. -->","yoast_head_json":{"title":"Audi TT\/8J Querlenker ohne Traggelenk links\/rechts NEU Meyle 1160500092\/Vergleichsnr.: 8J0407151D - Audi-Klaus","description":"Audi-Klaus Audi TT\/8J Querlenker ohne Traggelenk links\/rechts NEU Meyle 1160500092\/Vergleichsnr.: 8J0407151D Audi TT\/8J Querlenker ohne Traggelenk links\/rechts NEU Meyle 1160500092\/Vergleichsnr.: 8J0407151D","robots":{"index":"index","follow":"follow","max-snippet":"max-snippet:-1","max-image-preview":"max-image-preview:large","max-video-preview":"max-video-preview:-1"},"canonical":"https:\/\/audi-klaus.at\/shop\/produkt\/audi-tt-8j-querlenker-ojne-traggelenk-links-rechts-neu-meyle-1160500092-vergleichsnr-8j0407151daudi-tt-8j-querlenker-ohne-traggelenk-links-rechts-neu-meyle-1160500092-vergleichsnr-8j0407151d\/","og_locale":"de_DE","og_type":"article","og_title":"Audi TT\/8J Querlenker ohne Traggelenk links\/rechts NEU Meyle 1160500092\/Vergleichsnr.: 8J0407151D - Audi-Klaus","og_description":"Audi-Klaus Audi TT\/8J Querlenker ohne Traggelenk links\/rechts NEU Meyle 1160500092\/Vergleichsnr.: 8J0407151D Audi TT\/8J Querlenker ohne Traggelenk links\/rechts NEU Meyle 1160500092\/Vergleichsnr.: 8J0407151D","og_url":"https:\/\/audi-klaus.at\/shop\/produkt\/audi-tt-8j-querlenker-ojne-traggelenk-links-rechts-neu-meyle-1160500092-vergleichsnr-8j0407151daudi-tt-8j-querlenker-ohne-traggelenk-links-rechts-neu-meyle-1160500092-vergleichsnr-8j0407151d\/","og_site_name":"Audi-Klaus","article_publisher":"https:\/\/www.facebook.com\/audi.klaus.1312\/","article_modified_time":"2026-01-07T20:56:57+00:00","og_image":[{"width":480,"height":480,"url":"https:\/\/audi-klaus.at\/shop\/wp-content\/uploads\/2023\/05\/M1571-1.jpg","type":"image\/jpeg"}],"twitter_card":"summary_large_image","twitter_misc":{"Gesch\u00e4tzte Lesezeit":"1 Minute"},"schema":{"@context":"https:\/\/schema.org","@graph":[{"@type":"WebPage","@id":"https:\/\/audi-klaus.at\/shop\/produkt\/audi-tt-8j-querlenker-ojne-traggelenk-links-rechts-neu-meyle-1160500092-vergleichsnr-8j0407151daudi-tt-8j-querlenker-ohne-traggelenk-links-rechts-neu-meyle-1160500092-vergleichsnr-8j0407151d\/","url":"https:\/\/audi-klaus.at\/shop\/produkt\/audi-tt-8j-querlenker-ojne-traggelenk-links-rechts-neu-meyle-1160500092-vergleichsnr-8j0407151daudi-tt-8j-querlenker-ohne-traggelenk-links-rechts-neu-meyle-1160500092-vergleichsnr-8j0407151d\/","name":"Audi TT\/8J Querlenker ohne Traggelenk links\/rechts NEU Meyle 1160500092\/Vergleichsnr.: 8J0407151D - Audi-Klaus","isPartOf":{"@id":"https:\/\/audi-klaus.at\/shop\/#website"},"primaryImageOfPage":{"@id":"https:\/\/audi-klaus.at\/shop\/produkt\/audi-tt-8j-querlenker-ojne-traggelenk-links-rechts-neu-meyle-1160500092-vergleichsnr-8j0407151daudi-tt-8j-querlenker-ohne-traggelenk-links-rechts-neu-meyle-1160500092-vergleichsnr-8j0407151d\/#primaryimage"},"image":{"@id":"https:\/\/audi-klaus.at\/shop\/produkt\/audi-tt-8j-querlenker-ojne-traggelenk-links-rechts-neu-meyle-1160500092-vergleichsnr-8j0407151daudi-tt-8j-querlenker-ohne-traggelenk-links-rechts-neu-meyle-1160500092-vergleichsnr-8j0407151d\/#primaryimage"},"thumbnailUrl":"https:\/\/audi-klaus.at\/shop\/wp-content\/uploads\/2023\/05\/M1571-1.jpg","datePublished":"2023-05-08T06:08:52+00:00","dateModified":"2026-01-07T20:56:57+00:00","description":"Audi-Klaus Audi TT\/8J Querlenker ohne Traggelenk links\/rechts NEU Meyle 1160500092\/Vergleichsnr.: 8J0407151D Audi TT\/8J Querlenker ohne Traggelenk links\/rechts NEU Meyle 1160500092\/Vergleichsnr.: 8J0407151D","breadcrumb":{"@id":"https:\/\/audi-klaus.at\/shop\/produkt\/audi-tt-8j-querlenker-ojne-traggelenk-links-rechts-neu-meyle-1160500092-vergleichsnr-8j0407151daudi-tt-8j-querlenker-ohne-traggelenk-links-rechts-neu-meyle-1160500092-vergleichsnr-8j0407151d\/#breadcrumb"},"inLanguage":"de-AT","potentialAction":[{"@type":"ReadAction","target":["https:\/\/audi-klaus.at\/shop\/produkt\/audi-tt-8j-querlenker-ojne-traggelenk-links-rechts-neu-meyle-1160500092-vergleichsnr-8j0407151daudi-tt-8j-querlenker-ohne-traggelenk-links-rechts-neu-meyle-1160500092-vergleichsnr-8j0407151d\/"]}]},{"@type":"ImageObject","inLanguage":"de-AT","@id":"https:\/\/audi-klaus.at\/shop\/produkt\/audi-tt-8j-querlenker-ojne-traggelenk-links-rechts-neu-meyle-1160500092-vergleichsnr-8j0407151daudi-tt-8j-querlenker-ohne-traggelenk-links-rechts-neu-meyle-1160500092-vergleichsnr-8j0407151d\/#primaryimage","url":"https:\/\/audi-klaus.at\/shop\/wp-content\/uploads\/2023\/05\/M1571-1.jpg","contentUrl":"https:\/\/audi-klaus.at\/shop\/wp-content\/uploads\/2023\/05\/M1571-1.jpg","width":480,"height":480},{"@type":"BreadcrumbList","@id":"https:\/\/audi-klaus.at\/shop\/produkt\/audi-tt-8j-querlenker-ojne-traggelenk-links-rechts-neu-meyle-1160500092-vergleichsnr-8j0407151daudi-tt-8j-querlenker-ohne-traggelenk-links-rechts-neu-meyle-1160500092-vergleichsnr-8j0407151d\/#breadcrumb","itemListElement":[{"@type":"ListItem","position":1,"name":"Startseite","item":"https:\/\/audi-klaus.at\/shop\/"},{"@type":"ListItem","position":2,"name":"Shop","item":"https:\/\/audi-klaus.at\/shop\/"},{"@type":"ListItem","position":3,"name":"Audi TT\/8J Querlenker ohne Traggelenk links\/rechts NEU Meyle 1160500092\/Vergleichsnr.: 8J0407151D"}]},{"@type":"WebSite","@id":"https:\/\/audi-klaus.at\/shop\/#website","url":"https:\/\/audi-klaus.at\/shop\/","name":"Audi-Klaus","description":"Ihr Gebrauchtteile Spezialist f\u00fcr die Marken Audi, VW (VAG)","publisher":{"@id":"https:\/\/audi-klaus.at\/shop\/#organization"},"potentialAction":[{"@type":"SearchAction","target":{"@type":"EntryPoint","urlTemplate":"https:\/\/audi-klaus.at\/shop\/?s={search_term_string}"},"query-input":{"@type":"PropertyValueSpecification","valueRequired":true,"valueName":"search_term_string"}}],"inLanguage":"de-AT"},{"@type":"Organization","@id":"https:\/\/audi-klaus.at\/shop\/#organization","name":"Audi-Klaus","url":"https:\/\/audi-klaus.at\/shop\/","logo":{"@type":"ImageObject","inLanguage":"de-AT","@id":"https:\/\/audi-klaus.at\/shop\/#\/schema\/logo\/image\/","url":"https:\/\/audi-klaus.at\/shop\/wp-content\/uploads\/2024\/10\/Logo-Shop.webp","contentUrl":"https:\/\/audi-klaus.at\/shop\/wp-content\/uploads\/2024\/10\/Logo-Shop.webp","width":470,"height":164,"caption":"Audi-Klaus"},"image":{"@id":"https:\/\/audi-klaus.at\/shop\/#\/schema\/logo\/image\/"},"sameAs":["https:\/\/www.facebook.com\/audi.klaus.1312\/","https:\/\/www.instagram.com\/audi_klaus\/?igshid=1eca3qu2mdayg"]}]}},"_links":{"self":[{"href":"https:\/\/audi-klaus.at\/shop\/wp-json\/wp\/v2\/product\/58661","targetHints":{"allow":["GET"]}}],"collection":[{"href":"https:\/\/audi-klaus.at\/shop\/wp-json\/wp\/v2\/product"}],"about":[{"href":"https:\/\/audi-klaus.at\/shop\/wp-json\/wp\/v2\/types\/product"}],"wp:featuredmedia":[{"embeddable":true,"href":"https:\/\/audi-klaus.at\/shop\/wp-json\/wp\/v2\/media\/58709"}],"wp:attachment":[{"href":"https:\/\/audi-klaus.at\/shop\/wp-json\/wp\/v2\/media?parent=58661"}],"wp:term":[{"taxonomy":"product_brand","embeddable":true,"href":"https:\/\/audi-klaus.at\/shop\/wp-json\/wp\/v2\/product_brand?post=58661"},{"taxonomy":"product_cat","embeddable":true,"href":"https:\/\/audi-klaus.at\/shop\/wp-json\/wp\/v2\/product_cat?post=58661"},{"taxonomy":"product_tag","embeddable":true,"href":"https:\/\/audi-klaus.at\/shop\/wp-json\/wp\/v2\/product_tag?post=58661"}],"curies":[{"name":"wp","href":"https:\/\/api.w.org\/{rel}","templated":true}]}}