{"id":56580,"date":"2023-03-16T08:29:31","date_gmt":"2023-03-16T07:29:31","guid":{"rendered":"https:\/\/audi-klaus.at\/shop\/?post_type=product&#038;p=56580"},"modified":"2026-01-07T21:56:17","modified_gmt":"2026-01-07T20:56:17","slug":"vw-golf-jetta-2-leitungssatz-fuer-lambda-sonde-und-transistor-zuepndanlage-leitungssatz-fuer-taktrelais-nos-191971754b","status":"publish","type":"product","link":"https:\/\/audi-klaus.at\/shop\/produkt\/vw-golf-jetta-2-leitungssatz-fuer-lambda-sonde-und-transistor-zuepndanlage-leitungssatz-fuer-taktrelais-nos-191971754b\/","title":{"rendered":"Vw Golf\/Jetta\/2 Leitungssatz f\u00fcr Lambda-Sonde und Transistor-Z\u00fcndanlage Leitungssatz f\u00fcr Taktrelais NOS 191971754B"},"content":{"rendered":"<h5 class=\"western\"><span style=\"color: #060606;\"><span style=\"font-family: Verdana, serif;\"><span style=\"font-size: small;\"><b>VAG Teilenummer<\/b><\/span><\/span><\/span><span style=\"color: #060606;\"><span style=\"font-family: Verdana, serif;\"><span style=\"font-size: small;\">: 191 971 754B<\/span><\/span><\/span><\/h5>\n<h5 class=\"western\"><span style=\"color: #060606;\"><span style=\"font-family: Verdana, serif;\"><span style=\"font-size: small;\"><b>Zustand: <\/b><\/span><\/span><\/span><span style=\"color: #060606;\"><span style=\"font-family: Verdana, serif;\"><span style=\"font-size: small;\"><span lang=\"de-DE\">NEU<\/span><\/span><\/span><\/span><\/h5>\n<h5 class=\"western\"><span style=\"color: #060606;\"><span style=\"font-family: Verdana, serif;\"><span style=\"font-size: small;\"><b>Lieferumfang:<\/b><\/span><\/span><\/span><span style=\"color: #060606;\"><span style=\"font-family: Verdana, serif;\"><span style=\"font-size: small;\">\u00a0wie in den Original-Abbildungen angegeben<\/span><\/span><\/span><\/h5>\n<h5 class=\"western\"><span style=\"color: #060606;\"><span style=\"font-family: Verdana, serif;\"><span style=\"font-size: small;\"><b>Hinweis:<\/b><\/span><\/span><\/span><span style=\"color: #060606;\"><span style=\"font-family: Verdana, serif;\"><span style=\"font-size: small;\">\u00a0Bitte \u00fcberpr\u00fcfen Sie vor dem Kauf anhand der eindeutigen Teilenummern, ob der Artikel zum Fahrzeug passt, um R\u00fccksendungen zu vermeiden! Trotz Angabe der entsprechenden Fahrzeugdaten ist eine eindeutige Zuordnung nur \u00fcber die Teilenummer m\u00f6glich! Die abgelesene Teilenummer ist die Teilenummer des Teils, welches geliefert wird. Die Originalteilnummer ist diejenige, die bei Neubestellung f\u00fcr dieses Teil gilt und der m\u00f6glicherweise abweichenden, gelieferten Teilenummer entspricht. <\/span><\/span><\/span><\/h5>\n<h5 class=\"western\"><span style=\"color: #060606;\"><span style=\"font-family: Verdana, serif;\"><span style=\"font-size: small;\"><span lang=\"de-DE\">Neu<\/span><\/span><\/span><\/span><span style=\"color: #060606;\"><span style=\"font-family: Verdana, serif;\"><span style=\"font-size: small;\"> mit Gebrauchsspuren in Form von Verunreinigungen\/ kleinen Kratzern m\u00f6glich. Die Ware wird ungereinigt geliefert.<\/span><\/span><\/span><\/h5>\n<h5 class=\"western\"><span style=\"color: #060606;\"><span style=\"font-family: Verdana, serif;\"><span style=\"font-size: small;\">Sollten weitere Fragen offen sein, kontaktieren Sie uns bitte unter\u00a0<\/span><\/span><\/span><a href=\"mailto:office@audi-klaus.at\"><span style=\"color: #0000ff;\"><span style=\"font-family: Verdana, serif;\"><span style=\"font-size: small;\"><u>office@audi-klaus.at<\/u><\/span><\/span><\/span><\/a><\/h5>\n","protected":false},"excerpt":{"rendered":"<h5 class=\"western\"><strong><span style=\"color: #000000;\"><span style=\"font-family: Source Sans Pro, serif;\"><span style=\"font-size: x-large;\">Marke: Vw<br \/>\nModell: Golf\/Jetta<br \/>\nTyp: 2<\/span><\/span><\/span><\/strong><\/h5>\n<h5 class=\"western\"><span style=\"color: #c9211e; font-family: Source Sans Pro, serif; font-size: large;\"><b>Motor: PN<\/b><\/span><\/h5>\n","protected":false},"featured_media":56550,"template":"","meta":[],"product_brand":[],"product_cat":[1194,1205,1285,1397,1164,1165,1167],"product_tag":[19269,19270,19271],"class_list":{"0":"post-56580","1":"product","2":"type-product","3":"status-publish","4":"has-post-thumbnail","6":"product_cat-2-191-1983-1992","7":"product_cat-2-165-1983-1992","8":"product_cat-elektrik-2-191-1983-1992","9":"product_cat-elektrik-2-165-1983-1992","10":"product_cat-vw","11":"product_cat-golf","12":"product_cat-jetta","13":"product_tag-191971754b","14":"product_tag-19270","15":"product_tag-e296","17":"first","18":"outofstock","19":"taxable","20":"shipping-taxable","21":"purchasable","22":"product-type-simple"},"yoast_head":"<!-- This site is optimized with the Yoast SEO plugin v27.4 - https:\/\/yoast.com\/product\/yoast-seo-wordpress\/ -->\n<title>Vw Golf\/Jetta\/2 Leitungssatz f\u00fcr Lambda-Sonde und Transistor-Z\u00fcndanlage Leitungssatz f\u00fcr Taktrelais NOS 191971754B - Audi-Klaus<\/title>\n<meta name=\"description\" content=\"Audi-Klaus Vw Golf\/Jetta\/2 Leitungssatz f\u00fcr Lambda-Sonde und Transistor-Z\u00fcndanlage Leitungssatz f\u00fcr Taktrelais NOS 191971754B Vw Golf\/Jetta\/2 Leitungssatz f\u00fcr Lambda-Sonde und Transistor-Z\u00fcndanlage Leitungssatz f\u00fcr Taktrelais NOS 191971754B\" \/>\n<meta name=\"robots\" content=\"index, follow, max-snippet:-1, max-image-preview:large, max-video-preview:-1\" \/>\n<link rel=\"canonical\" href=\"https:\/\/audi-klaus.at\/shop\/produkt\/vw-golf-jetta-2-leitungssatz-fuer-lambda-sonde-und-transistor-zuepndanlage-leitungssatz-fuer-taktrelais-nos-191971754b\/\" \/>\n<meta property=\"og:locale\" content=\"de_DE\" \/>\n<meta property=\"og:type\" content=\"article\" \/>\n<meta property=\"og:title\" content=\"Vw Golf\/Jetta\/2 Leitungssatz f\u00fcr Lambda-Sonde und Transistor-Z\u00fcndanlage Leitungssatz f\u00fcr Taktrelais NOS 191971754B - Audi-Klaus\" \/>\n<meta property=\"og:description\" content=\"Audi-Klaus Vw Golf\/Jetta\/2 Leitungssatz f\u00fcr Lambda-Sonde und Transistor-Z\u00fcndanlage Leitungssatz f\u00fcr Taktrelais NOS 191971754B Vw Golf\/Jetta\/2 Leitungssatz f\u00fcr Lambda-Sonde und Transistor-Z\u00fcndanlage Leitungssatz f\u00fcr Taktrelais NOS 191971754B\" \/>\n<meta property=\"og:url\" content=\"https:\/\/audi-klaus.at\/shop\/produkt\/vw-golf-jetta-2-leitungssatz-fuer-lambda-sonde-und-transistor-zuepndanlage-leitungssatz-fuer-taktrelais-nos-191971754b\/\" \/>\n<meta property=\"og:site_name\" content=\"Audi-Klaus\" \/>\n<meta property=\"article:publisher\" content=\"https:\/\/www.facebook.com\/audi.klaus.1312\/\" \/>\n<meta property=\"article:modified_time\" content=\"2026-01-07T20:56:17+00:00\" \/>\n<meta property=\"og:image\" content=\"https:\/\/audi-klaus.at\/shop\/wp-content\/uploads\/2023\/03\/E296-2.jpg\" \/>\n\t<meta property=\"og:image:width\" content=\"480\" \/>\n\t<meta property=\"og:image:height\" content=\"480\" \/>\n\t<meta property=\"og:image:type\" content=\"image\/jpeg\" \/>\n<meta name=\"twitter:card\" content=\"summary_large_image\" \/>\n<meta name=\"twitter:label1\" content=\"Gesch\u00e4tzte Lesezeit\" \/>\n\t<meta name=\"twitter:data1\" content=\"1 Minute\" \/>\n<script type=\"application\/ld+json\" class=\"yoast-schema-graph\">{\"@context\":\"https:\\\/\\\/schema.org\",\"@graph\":[{\"@type\":\"WebPage\",\"@id\":\"https:\\\/\\\/audi-klaus.at\\\/shop\\\/produkt\\\/vw-golf-jetta-2-leitungssatz-fuer-lambda-sonde-und-transistor-zuepndanlage-leitungssatz-fuer-taktrelais-nos-191971754b\\\/\",\"url\":\"https:\\\/\\\/audi-klaus.at\\\/shop\\\/produkt\\\/vw-golf-jetta-2-leitungssatz-fuer-lambda-sonde-und-transistor-zuepndanlage-leitungssatz-fuer-taktrelais-nos-191971754b\\\/\",\"name\":\"Vw Golf\\\/Jetta\\\/2 Leitungssatz f\u00fcr Lambda-Sonde und Transistor-Z\u00fcndanlage Leitungssatz f\u00fcr Taktrelais NOS 191971754B - Audi-Klaus\",\"isPartOf\":{\"@id\":\"https:\\\/\\\/audi-klaus.at\\\/shop\\\/#website\"},\"primaryImageOfPage\":{\"@id\":\"https:\\\/\\\/audi-klaus.at\\\/shop\\\/produkt\\\/vw-golf-jetta-2-leitungssatz-fuer-lambda-sonde-und-transistor-zuepndanlage-leitungssatz-fuer-taktrelais-nos-191971754b\\\/#primaryimage\"},\"image\":{\"@id\":\"https:\\\/\\\/audi-klaus.at\\\/shop\\\/produkt\\\/vw-golf-jetta-2-leitungssatz-fuer-lambda-sonde-und-transistor-zuepndanlage-leitungssatz-fuer-taktrelais-nos-191971754b\\\/#primaryimage\"},\"thumbnailUrl\":\"https:\\\/\\\/audi-klaus.at\\\/shop\\\/wp-content\\\/uploads\\\/2023\\\/03\\\/E296-2.jpg\",\"datePublished\":\"2023-03-16T07:29:31+00:00\",\"dateModified\":\"2026-01-07T20:56:17+00:00\",\"description\":\"Audi-Klaus Vw Golf\\\/Jetta\\\/2 Leitungssatz f\u00fcr Lambda-Sonde und Transistor-Z\u00fcndanlage Leitungssatz f\u00fcr Taktrelais NOS 191971754B Vw Golf\\\/Jetta\\\/2 Leitungssatz f\u00fcr Lambda-Sonde und Transistor-Z\u00fcndanlage Leitungssatz f\u00fcr Taktrelais NOS 191971754B\",\"breadcrumb\":{\"@id\":\"https:\\\/\\\/audi-klaus.at\\\/shop\\\/produkt\\\/vw-golf-jetta-2-leitungssatz-fuer-lambda-sonde-und-transistor-zuepndanlage-leitungssatz-fuer-taktrelais-nos-191971754b\\\/#breadcrumb\"},\"inLanguage\":\"de-AT\",\"potentialAction\":[{\"@type\":\"ReadAction\",\"target\":[\"https:\\\/\\\/audi-klaus.at\\\/shop\\\/produkt\\\/vw-golf-jetta-2-leitungssatz-fuer-lambda-sonde-und-transistor-zuepndanlage-leitungssatz-fuer-taktrelais-nos-191971754b\\\/\"]}]},{\"@type\":\"ImageObject\",\"inLanguage\":\"de-AT\",\"@id\":\"https:\\\/\\\/audi-klaus.at\\\/shop\\\/produkt\\\/vw-golf-jetta-2-leitungssatz-fuer-lambda-sonde-und-transistor-zuepndanlage-leitungssatz-fuer-taktrelais-nos-191971754b\\\/#primaryimage\",\"url\":\"https:\\\/\\\/audi-klaus.at\\\/shop\\\/wp-content\\\/uploads\\\/2023\\\/03\\\/E296-2.jpg\",\"contentUrl\":\"https:\\\/\\\/audi-klaus.at\\\/shop\\\/wp-content\\\/uploads\\\/2023\\\/03\\\/E296-2.jpg\",\"width\":480,\"height\":480},{\"@type\":\"BreadcrumbList\",\"@id\":\"https:\\\/\\\/audi-klaus.at\\\/shop\\\/produkt\\\/vw-golf-jetta-2-leitungssatz-fuer-lambda-sonde-und-transistor-zuepndanlage-leitungssatz-fuer-taktrelais-nos-191971754b\\\/#breadcrumb\",\"itemListElement\":[{\"@type\":\"ListItem\",\"position\":1,\"name\":\"Startseite\",\"item\":\"https:\\\/\\\/audi-klaus.at\\\/shop\\\/\"},{\"@type\":\"ListItem\",\"position\":2,\"name\":\"Shop\",\"item\":\"https:\\\/\\\/audi-klaus.at\\\/shop\\\/\"},{\"@type\":\"ListItem\",\"position\":3,\"name\":\"Vw Golf\\\/Jetta\\\/2 Leitungssatz f\u00fcr Lambda-Sonde und Transistor-Z\u00fcndanlage Leitungssatz f\u00fcr Taktrelais NOS 191971754B\"}]},{\"@type\":\"WebSite\",\"@id\":\"https:\\\/\\\/audi-klaus.at\\\/shop\\\/#website\",\"url\":\"https:\\\/\\\/audi-klaus.at\\\/shop\\\/\",\"name\":\"Audi-Klaus\",\"description\":\"Ihr Gebrauchtteile Spezialist f\u00fcr die Marken Audi, VW (VAG)\",\"publisher\":{\"@id\":\"https:\\\/\\\/audi-klaus.at\\\/shop\\\/#organization\"},\"potentialAction\":[{\"@type\":\"SearchAction\",\"target\":{\"@type\":\"EntryPoint\",\"urlTemplate\":\"https:\\\/\\\/audi-klaus.at\\\/shop\\\/?s={search_term_string}\"},\"query-input\":{\"@type\":\"PropertyValueSpecification\",\"valueRequired\":true,\"valueName\":\"search_term_string\"}}],\"inLanguage\":\"de-AT\"},{\"@type\":\"Organization\",\"@id\":\"https:\\\/\\\/audi-klaus.at\\\/shop\\\/#organization\",\"name\":\"Audi-Klaus\",\"url\":\"https:\\\/\\\/audi-klaus.at\\\/shop\\\/\",\"logo\":{\"@type\":\"ImageObject\",\"inLanguage\":\"de-AT\",\"@id\":\"https:\\\/\\\/audi-klaus.at\\\/shop\\\/#\\\/schema\\\/logo\\\/image\\\/\",\"url\":\"https:\\\/\\\/audi-klaus.at\\\/shop\\\/wp-content\\\/uploads\\\/2024\\\/10\\\/Logo-Shop.webp\",\"contentUrl\":\"https:\\\/\\\/audi-klaus.at\\\/shop\\\/wp-content\\\/uploads\\\/2024\\\/10\\\/Logo-Shop.webp\",\"width\":470,\"height\":164,\"caption\":\"Audi-Klaus\"},\"image\":{\"@id\":\"https:\\\/\\\/audi-klaus.at\\\/shop\\\/#\\\/schema\\\/logo\\\/image\\\/\"},\"sameAs\":[\"https:\\\/\\\/www.facebook.com\\\/audi.klaus.1312\\\/\",\"https:\\\/\\\/www.instagram.com\\\/audi_klaus\\\/?igshid=1eca3qu2mdayg\"]}]}<\/script>\n<!-- \/ Yoast SEO plugin. -->","yoast_head_json":{"title":"Vw Golf\/Jetta\/2 Leitungssatz f\u00fcr Lambda-Sonde und Transistor-Z\u00fcndanlage Leitungssatz f\u00fcr Taktrelais NOS 191971754B - Audi-Klaus","description":"Audi-Klaus Vw Golf\/Jetta\/2 Leitungssatz f\u00fcr Lambda-Sonde und Transistor-Z\u00fcndanlage Leitungssatz f\u00fcr Taktrelais NOS 191971754B Vw Golf\/Jetta\/2 Leitungssatz f\u00fcr Lambda-Sonde und Transistor-Z\u00fcndanlage Leitungssatz f\u00fcr Taktrelais NOS 191971754B","robots":{"index":"index","follow":"follow","max-snippet":"max-snippet:-1","max-image-preview":"max-image-preview:large","max-video-preview":"max-video-preview:-1"},"canonical":"https:\/\/audi-klaus.at\/shop\/produkt\/vw-golf-jetta-2-leitungssatz-fuer-lambda-sonde-und-transistor-zuepndanlage-leitungssatz-fuer-taktrelais-nos-191971754b\/","og_locale":"de_DE","og_type":"article","og_title":"Vw Golf\/Jetta\/2 Leitungssatz f\u00fcr Lambda-Sonde und Transistor-Z\u00fcndanlage Leitungssatz f\u00fcr Taktrelais NOS 191971754B - Audi-Klaus","og_description":"Audi-Klaus Vw Golf\/Jetta\/2 Leitungssatz f\u00fcr Lambda-Sonde und Transistor-Z\u00fcndanlage Leitungssatz f\u00fcr Taktrelais NOS 191971754B Vw Golf\/Jetta\/2 Leitungssatz f\u00fcr Lambda-Sonde und Transistor-Z\u00fcndanlage Leitungssatz f\u00fcr Taktrelais NOS 191971754B","og_url":"https:\/\/audi-klaus.at\/shop\/produkt\/vw-golf-jetta-2-leitungssatz-fuer-lambda-sonde-und-transistor-zuepndanlage-leitungssatz-fuer-taktrelais-nos-191971754b\/","og_site_name":"Audi-Klaus","article_publisher":"https:\/\/www.facebook.com\/audi.klaus.1312\/","article_modified_time":"2026-01-07T20:56:17+00:00","og_image":[{"width":480,"height":480,"url":"https:\/\/audi-klaus.at\/shop\/wp-content\/uploads\/2023\/03\/E296-2.jpg","type":"image\/jpeg"}],"twitter_card":"summary_large_image","twitter_misc":{"Gesch\u00e4tzte Lesezeit":"1 Minute"},"schema":{"@context":"https:\/\/schema.org","@graph":[{"@type":"WebPage","@id":"https:\/\/audi-klaus.at\/shop\/produkt\/vw-golf-jetta-2-leitungssatz-fuer-lambda-sonde-und-transistor-zuepndanlage-leitungssatz-fuer-taktrelais-nos-191971754b\/","url":"https:\/\/audi-klaus.at\/shop\/produkt\/vw-golf-jetta-2-leitungssatz-fuer-lambda-sonde-und-transistor-zuepndanlage-leitungssatz-fuer-taktrelais-nos-191971754b\/","name":"Vw Golf\/Jetta\/2 Leitungssatz f\u00fcr Lambda-Sonde und Transistor-Z\u00fcndanlage Leitungssatz f\u00fcr Taktrelais NOS 191971754B - Audi-Klaus","isPartOf":{"@id":"https:\/\/audi-klaus.at\/shop\/#website"},"primaryImageOfPage":{"@id":"https:\/\/audi-klaus.at\/shop\/produkt\/vw-golf-jetta-2-leitungssatz-fuer-lambda-sonde-und-transistor-zuepndanlage-leitungssatz-fuer-taktrelais-nos-191971754b\/#primaryimage"},"image":{"@id":"https:\/\/audi-klaus.at\/shop\/produkt\/vw-golf-jetta-2-leitungssatz-fuer-lambda-sonde-und-transistor-zuepndanlage-leitungssatz-fuer-taktrelais-nos-191971754b\/#primaryimage"},"thumbnailUrl":"https:\/\/audi-klaus.at\/shop\/wp-content\/uploads\/2023\/03\/E296-2.jpg","datePublished":"2023-03-16T07:29:31+00:00","dateModified":"2026-01-07T20:56:17+00:00","description":"Audi-Klaus Vw Golf\/Jetta\/2 Leitungssatz f\u00fcr Lambda-Sonde und Transistor-Z\u00fcndanlage Leitungssatz f\u00fcr Taktrelais NOS 191971754B Vw Golf\/Jetta\/2 Leitungssatz f\u00fcr Lambda-Sonde und Transistor-Z\u00fcndanlage Leitungssatz f\u00fcr Taktrelais NOS 191971754B","breadcrumb":{"@id":"https:\/\/audi-klaus.at\/shop\/produkt\/vw-golf-jetta-2-leitungssatz-fuer-lambda-sonde-und-transistor-zuepndanlage-leitungssatz-fuer-taktrelais-nos-191971754b\/#breadcrumb"},"inLanguage":"de-AT","potentialAction":[{"@type":"ReadAction","target":["https:\/\/audi-klaus.at\/shop\/produkt\/vw-golf-jetta-2-leitungssatz-fuer-lambda-sonde-und-transistor-zuepndanlage-leitungssatz-fuer-taktrelais-nos-191971754b\/"]}]},{"@type":"ImageObject","inLanguage":"de-AT","@id":"https:\/\/audi-klaus.at\/shop\/produkt\/vw-golf-jetta-2-leitungssatz-fuer-lambda-sonde-und-transistor-zuepndanlage-leitungssatz-fuer-taktrelais-nos-191971754b\/#primaryimage","url":"https:\/\/audi-klaus.at\/shop\/wp-content\/uploads\/2023\/03\/E296-2.jpg","contentUrl":"https:\/\/audi-klaus.at\/shop\/wp-content\/uploads\/2023\/03\/E296-2.jpg","width":480,"height":480},{"@type":"BreadcrumbList","@id":"https:\/\/audi-klaus.at\/shop\/produkt\/vw-golf-jetta-2-leitungssatz-fuer-lambda-sonde-und-transistor-zuepndanlage-leitungssatz-fuer-taktrelais-nos-191971754b\/#breadcrumb","itemListElement":[{"@type":"ListItem","position":1,"name":"Startseite","item":"https:\/\/audi-klaus.at\/shop\/"},{"@type":"ListItem","position":2,"name":"Shop","item":"https:\/\/audi-klaus.at\/shop\/"},{"@type":"ListItem","position":3,"name":"Vw Golf\/Jetta\/2 Leitungssatz f\u00fcr Lambda-Sonde und Transistor-Z\u00fcndanlage Leitungssatz f\u00fcr Taktrelais NOS 191971754B"}]},{"@type":"WebSite","@id":"https:\/\/audi-klaus.at\/shop\/#website","url":"https:\/\/audi-klaus.at\/shop\/","name":"Audi-Klaus","description":"Ihr Gebrauchtteile Spezialist f\u00fcr die Marken Audi, VW (VAG)","publisher":{"@id":"https:\/\/audi-klaus.at\/shop\/#organization"},"potentialAction":[{"@type":"SearchAction","target":{"@type":"EntryPoint","urlTemplate":"https:\/\/audi-klaus.at\/shop\/?s={search_term_string}"},"query-input":{"@type":"PropertyValueSpecification","valueRequired":true,"valueName":"search_term_string"}}],"inLanguage":"de-AT"},{"@type":"Organization","@id":"https:\/\/audi-klaus.at\/shop\/#organization","name":"Audi-Klaus","url":"https:\/\/audi-klaus.at\/shop\/","logo":{"@type":"ImageObject","inLanguage":"de-AT","@id":"https:\/\/audi-klaus.at\/shop\/#\/schema\/logo\/image\/","url":"https:\/\/audi-klaus.at\/shop\/wp-content\/uploads\/2024\/10\/Logo-Shop.webp","contentUrl":"https:\/\/audi-klaus.at\/shop\/wp-content\/uploads\/2024\/10\/Logo-Shop.webp","width":470,"height":164,"caption":"Audi-Klaus"},"image":{"@id":"https:\/\/audi-klaus.at\/shop\/#\/schema\/logo\/image\/"},"sameAs":["https:\/\/www.facebook.com\/audi.klaus.1312\/","https:\/\/www.instagram.com\/audi_klaus\/?igshid=1eca3qu2mdayg"]}]}},"_links":{"self":[{"href":"https:\/\/audi-klaus.at\/shop\/wp-json\/wp\/v2\/product\/56580","targetHints":{"allow":["GET"]}}],"collection":[{"href":"https:\/\/audi-klaus.at\/shop\/wp-json\/wp\/v2\/product"}],"about":[{"href":"https:\/\/audi-klaus.at\/shop\/wp-json\/wp\/v2\/types\/product"}],"wp:featuredmedia":[{"embeddable":true,"href":"https:\/\/audi-klaus.at\/shop\/wp-json\/wp\/v2\/media\/56550"}],"wp:attachment":[{"href":"https:\/\/audi-klaus.at\/shop\/wp-json\/wp\/v2\/media?parent=56580"}],"wp:term":[{"taxonomy":"product_brand","embeddable":true,"href":"https:\/\/audi-klaus.at\/shop\/wp-json\/wp\/v2\/product_brand?post=56580"},{"taxonomy":"product_cat","embeddable":true,"href":"https:\/\/audi-klaus.at\/shop\/wp-json\/wp\/v2\/product_cat?post=56580"},{"taxonomy":"product_tag","embeddable":true,"href":"https:\/\/audi-klaus.at\/shop\/wp-json\/wp\/v2\/product_tag?post=56580"}],"curies":[{"name":"wp","href":"https:\/\/api.w.org\/{rel}","templated":true}]}}