{"id":56434,"date":"2023-03-15T09:10:20","date_gmt":"2023-03-15T08:10:20","guid":{"rendered":"https:\/\/audi-klaus.at\/shop\/?post_type=product&#038;p=56434"},"modified":"2026-01-07T21:56:14","modified_gmt":"2026-01-07T20:56:14","slug":"vw-bus-t3-t4-derby-golf-jetta-polo-scirocco-2-lt-1-leerlaufabschalt-ventil-nos-052129413a","status":"publish","type":"product","link":"https:\/\/audi-klaus.at\/shop\/produkt\/vw-bus-t3-t4-derby-golf-jetta-polo-scirocco-2-lt-1-leerlaufabschalt-ventil-nos-052129413a\/","title":{"rendered":"Vw Bus\/T3\/T4\/Derby\/Golf\/Jetta\/Polo\/Scirocco\/2\/LT\/1 Leerlaufabschalt Ventil NOS 052129413A"},"content":{"rendered":"<h5 class=\"western\"><span style=\"color: #060606\"><span style=\"font-family: Verdana, serif\"><span style=\"font-size: small\"><b>VAG Teilenummer<\/b><\/span><\/span><\/span><span style=\"color: #060606\"><span style=\"font-family: Verdana, serif\"><span style=\"font-size: small\">: 052 129 413A<\/span><\/span><\/span><\/h5>\n<h5 class=\"western\"><span style=\"color: #060606\"><span style=\"font-family: Verdana, serif\"><span style=\"font-size: small\"><b>Zustand: <\/b><\/span><\/span><\/span><span style=\"color: #060606\"><span style=\"font-family: Verdana, serif\"><span style=\"font-size: small\"><span lang=\"de-DE\">NEU<\/span><\/span><\/span><\/span><\/h5>\n<h5 class=\"western\"><span style=\"color: #060606\"><span style=\"font-family: Verdana, serif\"><span style=\"font-size: small\"><b>Lieferumfang:<\/b><\/span><\/span><\/span><span style=\"color: #060606\"><span style=\"font-family: Verdana, serif\"><span style=\"font-size: small\">\u00a0wie in den Original-Abbildungen angegeben<\/span><\/span><\/span><\/h5>\n<h5 class=\"western\"><span style=\"color: #060606\"><span style=\"font-family: Verdana, serif\"><span style=\"font-size: small\"><b>Hinweis:<\/b><\/span><\/span><\/span><span style=\"color: #060606\"><span style=\"font-family: Verdana, serif\"><span style=\"font-size: small\">\u00a0Bitte \u00fcberpr\u00fcfen Sie vor dem Kauf anhand der eindeutigen Teilenummern, ob der Artikel zum Fahrzeug passt, um R\u00fccksendungen zu vermeiden! Trotz Angabe der entsprechenden Fahrzeugdaten ist eine eindeutige Zuordnung nur \u00fcber die Teilenummer m\u00f6glich! Die abgelesene Teilenummer ist die Teilenummer des Teils, welches geliefert wird. Die Originalteilnummer ist diejenige, die bei Neubestellung f\u00fcr dieses Teil gilt und der m\u00f6glicherweise abweichenden, gelieferten Teilenummer entspricht. <\/span><\/span><\/span><\/h5>\n<h5 class=\"western\"><span style=\"color: #060606\"><span style=\"font-family: Verdana, serif\"><span style=\"font-size: small\"><span lang=\"de-DE\">Neu<\/span><\/span><\/span><\/span><span style=\"color: #060606\"><span style=\"font-family: Verdana, serif\"><span style=\"font-size: small\"> mit Gebrauchsspuren in Form von Verunreinigungen\/ kleinen Kratzern m\u00f6glich. Die Ware wird ungereinigt geliefert.<\/span><\/span><\/span><\/h5>\n<h5 class=\"western\"><span style=\"color: #060606\"><span style=\"font-family: Verdana, serif\"><span style=\"font-size: small\">Sollten weitere Fragen offen sein, kontaktieren Sie uns bitte unter\u00a0<\/span><\/span><\/span><a href=\"mailto:office@audi-klaus.at\"><span style=\"color: #0000ff\"><span style=\"font-family: Verdana, serif\"><span style=\"font-size: small\"><u>office@audi-klaus.at<\/u><\/span><\/span><\/span><\/a><\/h5>\n","protected":false},"excerpt":{"rendered":"<h5 class=\"western\"><strong><span style=\"color: #000000\"><span style=\"font-family: Source Sans Pro, serif\"><span style=\"font-size: x-large\">Marke: Vw<br \/>\nModell: Bus\/Derby\/Golf\/Jetta\/Polo\/Scirocco\/LT<br \/>\nTyp: T3\/T4\/2\/1<\/span><\/span><\/span><\/strong><\/h5>\n<h5 class=\"western\"><span style=\"color: #c9211e;font-family: Source Sans Pro, serif;font-size: large\"><b>Motor: WBX<\/b><\/span><\/h5>\n","protected":false},"featured_media":56417,"template":"","meta":[],"product_brand":[],"product_cat":[1194,1517,1205,1597,1212,1908,1164,1216,1918,1165,1225,1958,1167,1255,1170,1256,1172,1260,1173,1285,1186,1397,1187,1467],"product_tag":[19193,19194,19195],"class_list":{"0":"post-56434","1":"product","2":"type-product","3":"status-publish","4":"has-post-thumbnail","6":"product_cat-2-191-1983-1992","7":"product_cat-elektrik-2-86c-1981-1990","8":"product_cat-2-165-1983-1992","9":"product_cat-elektrik-1977-1979","10":"product_cat-2-53b-1981-1992","11":"product_cat-elektrik-t3-251-1979-1992","12":"product_cat-vw","13":"product_cat-2-86c-1981-1990","14":"product_cat-elektrik-t4-7d-1990-2003","15":"product_cat-golf","16":"product_cat-1977-1979","17":"product_cat-elektrik-1-1975-1996","18":"product_cat-jetta","19":"product_cat-t3-251-1979-1992","20":"product_cat-scirocco","21":"product_cat-t4-7d-1990-2003","22":"product_cat-polo","23":"product_cat-1-1975-1996","24":"product_cat-derby","25":"product_cat-elektrik-2-191-1983-1992","26":"product_cat-bus","27":"product_cat-elektrik-2-165-1983-1992","28":"product_cat-lt","29":"product_cat-elektrik-2-53b-1981-1992","30":"product_tag-052129413a","31":"product_tag-19194","32":"product_tag-e300","34":"first","35":"outofstock","36":"taxable","37":"shipping-taxable","38":"purchasable","39":"product-type-simple"},"yoast_head":"<!-- This site is optimized with the Yoast SEO plugin v27.5 - https:\/\/yoast.com\/product\/yoast-seo-wordpress\/ -->\n<title>Vw Bus\/T3\/T4\/Derby\/Golf\/Jetta\/Polo\/Scirocco\/2\/LT\/1 Leerlaufabschalt Ventil NOS 052129413A - Audi-Klaus<\/title>\n<meta name=\"description\" content=\"Audi-Klaus Vw Bus\/T3\/T4\/Derby\/Golf\/Jetta\/Polo\/Scirocco\/2\/LT\/1 Leerlaufabschalt Ventil NOS 052129413A Vw Bus\/T3\/T4\/Derby\/Golf\/Jetta\/Polo\/Scirocco\/2\/LT\/1 Leerlaufabschalt Ventil NOS 052129413A\" \/>\n<meta name=\"robots\" content=\"index, follow, max-snippet:-1, max-image-preview:large, max-video-preview:-1\" \/>\n<link rel=\"canonical\" href=\"https:\/\/audi-klaus.at\/shop\/produkt\/vw-bus-t3-t4-derby-golf-jetta-polo-scirocco-2-lt-1-leerlaufabschalt-ventil-nos-052129413a\/\" \/>\n<meta property=\"og:locale\" content=\"de_DE\" \/>\n<meta property=\"og:type\" content=\"article\" \/>\n<meta property=\"og:title\" content=\"Vw Bus\/T3\/T4\/Derby\/Golf\/Jetta\/Polo\/Scirocco\/2\/LT\/1 Leerlaufabschalt Ventil NOS 052129413A - Audi-Klaus\" \/>\n<meta property=\"og:description\" content=\"Audi-Klaus Vw Bus\/T3\/T4\/Derby\/Golf\/Jetta\/Polo\/Scirocco\/2\/LT\/1 Leerlaufabschalt Ventil NOS 052129413A Vw Bus\/T3\/T4\/Derby\/Golf\/Jetta\/Polo\/Scirocco\/2\/LT\/1 Leerlaufabschalt Ventil NOS 052129413A\" \/>\n<meta property=\"og:url\" content=\"https:\/\/audi-klaus.at\/shop\/produkt\/vw-bus-t3-t4-derby-golf-jetta-polo-scirocco-2-lt-1-leerlaufabschalt-ventil-nos-052129413a\/\" \/>\n<meta property=\"og:site_name\" content=\"Audi-Klaus\" \/>\n<meta property=\"article:publisher\" content=\"https:\/\/www.facebook.com\/audi.klaus.1312\/\" \/>\n<meta property=\"article:modified_time\" content=\"2026-01-07T20:56:14+00:00\" \/>\n<meta property=\"og:image\" content=\"https:\/\/audi-klaus.at\/shop\/wp-content\/uploads\/2023\/03\/E300-2.jpg\" \/>\n\t<meta property=\"og:image:width\" content=\"480\" \/>\n\t<meta property=\"og:image:height\" content=\"480\" \/>\n\t<meta property=\"og:image:type\" content=\"image\/jpeg\" \/>\n<meta name=\"twitter:card\" content=\"summary_large_image\" \/>\n<meta name=\"twitter:label1\" content=\"Gesch\u00e4tzte Lesezeit\" \/>\n\t<meta name=\"twitter:data1\" content=\"1 Minute\" \/>\n<script type=\"application\/ld+json\" class=\"yoast-schema-graph\">{\"@context\":\"https:\\\/\\\/schema.org\",\"@graph\":[{\"@type\":\"WebPage\",\"@id\":\"https:\\\/\\\/audi-klaus.at\\\/shop\\\/produkt\\\/vw-bus-t3-t4-derby-golf-jetta-polo-scirocco-2-lt-1-leerlaufabschalt-ventil-nos-052129413a\\\/\",\"url\":\"https:\\\/\\\/audi-klaus.at\\\/shop\\\/produkt\\\/vw-bus-t3-t4-derby-golf-jetta-polo-scirocco-2-lt-1-leerlaufabschalt-ventil-nos-052129413a\\\/\",\"name\":\"Vw Bus\\\/T3\\\/T4\\\/Derby\\\/Golf\\\/Jetta\\\/Polo\\\/Scirocco\\\/2\\\/LT\\\/1 Leerlaufabschalt Ventil NOS 052129413A - Audi-Klaus\",\"isPartOf\":{\"@id\":\"https:\\\/\\\/audi-klaus.at\\\/shop\\\/#website\"},\"primaryImageOfPage\":{\"@id\":\"https:\\\/\\\/audi-klaus.at\\\/shop\\\/produkt\\\/vw-bus-t3-t4-derby-golf-jetta-polo-scirocco-2-lt-1-leerlaufabschalt-ventil-nos-052129413a\\\/#primaryimage\"},\"image\":{\"@id\":\"https:\\\/\\\/audi-klaus.at\\\/shop\\\/produkt\\\/vw-bus-t3-t4-derby-golf-jetta-polo-scirocco-2-lt-1-leerlaufabschalt-ventil-nos-052129413a\\\/#primaryimage\"},\"thumbnailUrl\":\"https:\\\/\\\/audi-klaus.at\\\/shop\\\/wp-content\\\/uploads\\\/2023\\\/03\\\/E300-2.jpg\",\"datePublished\":\"2023-03-15T08:10:20+00:00\",\"dateModified\":\"2026-01-07T20:56:14+00:00\",\"description\":\"Audi-Klaus Vw Bus\\\/T3\\\/T4\\\/Derby\\\/Golf\\\/Jetta\\\/Polo\\\/Scirocco\\\/2\\\/LT\\\/1 Leerlaufabschalt Ventil NOS 052129413A Vw Bus\\\/T3\\\/T4\\\/Derby\\\/Golf\\\/Jetta\\\/Polo\\\/Scirocco\\\/2\\\/LT\\\/1 Leerlaufabschalt Ventil NOS 052129413A\",\"breadcrumb\":{\"@id\":\"https:\\\/\\\/audi-klaus.at\\\/shop\\\/produkt\\\/vw-bus-t3-t4-derby-golf-jetta-polo-scirocco-2-lt-1-leerlaufabschalt-ventil-nos-052129413a\\\/#breadcrumb\"},\"inLanguage\":\"de-AT\",\"potentialAction\":[{\"@type\":\"ReadAction\",\"target\":[\"https:\\\/\\\/audi-klaus.at\\\/shop\\\/produkt\\\/vw-bus-t3-t4-derby-golf-jetta-polo-scirocco-2-lt-1-leerlaufabschalt-ventil-nos-052129413a\\\/\"]}]},{\"@type\":\"ImageObject\",\"inLanguage\":\"de-AT\",\"@id\":\"https:\\\/\\\/audi-klaus.at\\\/shop\\\/produkt\\\/vw-bus-t3-t4-derby-golf-jetta-polo-scirocco-2-lt-1-leerlaufabschalt-ventil-nos-052129413a\\\/#primaryimage\",\"url\":\"https:\\\/\\\/audi-klaus.at\\\/shop\\\/wp-content\\\/uploads\\\/2023\\\/03\\\/E300-2.jpg\",\"contentUrl\":\"https:\\\/\\\/audi-klaus.at\\\/shop\\\/wp-content\\\/uploads\\\/2023\\\/03\\\/E300-2.jpg\",\"width\":480,\"height\":480},{\"@type\":\"BreadcrumbList\",\"@id\":\"https:\\\/\\\/audi-klaus.at\\\/shop\\\/produkt\\\/vw-bus-t3-t4-derby-golf-jetta-polo-scirocco-2-lt-1-leerlaufabschalt-ventil-nos-052129413a\\\/#breadcrumb\",\"itemListElement\":[{\"@type\":\"ListItem\",\"position\":1,\"name\":\"Startseite\",\"item\":\"https:\\\/\\\/audi-klaus.at\\\/shop\\\/\"},{\"@type\":\"ListItem\",\"position\":2,\"name\":\"Shop\",\"item\":\"https:\\\/\\\/audi-klaus.at\\\/shop\\\/\"},{\"@type\":\"ListItem\",\"position\":3,\"name\":\"Vw Bus\\\/T3\\\/T4\\\/Derby\\\/Golf\\\/Jetta\\\/Polo\\\/Scirocco\\\/2\\\/LT\\\/1 Leerlaufabschalt Ventil NOS 052129413A\"}]},{\"@type\":\"WebSite\",\"@id\":\"https:\\\/\\\/audi-klaus.at\\\/shop\\\/#website\",\"url\":\"https:\\\/\\\/audi-klaus.at\\\/shop\\\/\",\"name\":\"Audi-Klaus\",\"description\":\"Ihr Gebrauchtteile Spezialist f\u00fcr die Marken Audi, VW (VAG)\",\"publisher\":{\"@id\":\"https:\\\/\\\/audi-klaus.at\\\/shop\\\/#organization\"},\"potentialAction\":[{\"@type\":\"SearchAction\",\"target\":{\"@type\":\"EntryPoint\",\"urlTemplate\":\"https:\\\/\\\/audi-klaus.at\\\/shop\\\/?s={search_term_string}\"},\"query-input\":{\"@type\":\"PropertyValueSpecification\",\"valueRequired\":true,\"valueName\":\"search_term_string\"}}],\"inLanguage\":\"de-AT\"},{\"@type\":\"Organization\",\"@id\":\"https:\\\/\\\/audi-klaus.at\\\/shop\\\/#organization\",\"name\":\"Audi-Klaus\",\"url\":\"https:\\\/\\\/audi-klaus.at\\\/shop\\\/\",\"logo\":{\"@type\":\"ImageObject\",\"inLanguage\":\"de-AT\",\"@id\":\"https:\\\/\\\/audi-klaus.at\\\/shop\\\/#\\\/schema\\\/logo\\\/image\\\/\",\"url\":\"https:\\\/\\\/audi-klaus.at\\\/shop\\\/wp-content\\\/uploads\\\/2024\\\/10\\\/Logo-Shop.webp\",\"contentUrl\":\"https:\\\/\\\/audi-klaus.at\\\/shop\\\/wp-content\\\/uploads\\\/2024\\\/10\\\/Logo-Shop.webp\",\"width\":470,\"height\":164,\"caption\":\"Audi-Klaus\"},\"image\":{\"@id\":\"https:\\\/\\\/audi-klaus.at\\\/shop\\\/#\\\/schema\\\/logo\\\/image\\\/\"},\"sameAs\":[\"https:\\\/\\\/www.facebook.com\\\/audi.klaus.1312\\\/\",\"https:\\\/\\\/www.instagram.com\\\/audi_klaus\\\/?igshid=1eca3qu2mdayg\"]}]}<\/script>\n<!-- \/ Yoast SEO plugin. -->","yoast_head_json":{"title":"Vw Bus\/T3\/T4\/Derby\/Golf\/Jetta\/Polo\/Scirocco\/2\/LT\/1 Leerlaufabschalt Ventil NOS 052129413A - Audi-Klaus","description":"Audi-Klaus Vw Bus\/T3\/T4\/Derby\/Golf\/Jetta\/Polo\/Scirocco\/2\/LT\/1 Leerlaufabschalt Ventil NOS 052129413A Vw Bus\/T3\/T4\/Derby\/Golf\/Jetta\/Polo\/Scirocco\/2\/LT\/1 Leerlaufabschalt Ventil NOS 052129413A","robots":{"index":"index","follow":"follow","max-snippet":"max-snippet:-1","max-image-preview":"max-image-preview:large","max-video-preview":"max-video-preview:-1"},"canonical":"https:\/\/audi-klaus.at\/shop\/produkt\/vw-bus-t3-t4-derby-golf-jetta-polo-scirocco-2-lt-1-leerlaufabschalt-ventil-nos-052129413a\/","og_locale":"de_DE","og_type":"article","og_title":"Vw Bus\/T3\/T4\/Derby\/Golf\/Jetta\/Polo\/Scirocco\/2\/LT\/1 Leerlaufabschalt Ventil NOS 052129413A - Audi-Klaus","og_description":"Audi-Klaus Vw Bus\/T3\/T4\/Derby\/Golf\/Jetta\/Polo\/Scirocco\/2\/LT\/1 Leerlaufabschalt Ventil NOS 052129413A Vw Bus\/T3\/T4\/Derby\/Golf\/Jetta\/Polo\/Scirocco\/2\/LT\/1 Leerlaufabschalt Ventil NOS 052129413A","og_url":"https:\/\/audi-klaus.at\/shop\/produkt\/vw-bus-t3-t4-derby-golf-jetta-polo-scirocco-2-lt-1-leerlaufabschalt-ventil-nos-052129413a\/","og_site_name":"Audi-Klaus","article_publisher":"https:\/\/www.facebook.com\/audi.klaus.1312\/","article_modified_time":"2026-01-07T20:56:14+00:00","og_image":[{"width":480,"height":480,"url":"https:\/\/audi-klaus.at\/shop\/wp-content\/uploads\/2023\/03\/E300-2.jpg","type":"image\/jpeg"}],"twitter_card":"summary_large_image","twitter_misc":{"Gesch\u00e4tzte Lesezeit":"1 Minute"},"schema":{"@context":"https:\/\/schema.org","@graph":[{"@type":"WebPage","@id":"https:\/\/audi-klaus.at\/shop\/produkt\/vw-bus-t3-t4-derby-golf-jetta-polo-scirocco-2-lt-1-leerlaufabschalt-ventil-nos-052129413a\/","url":"https:\/\/audi-klaus.at\/shop\/produkt\/vw-bus-t3-t4-derby-golf-jetta-polo-scirocco-2-lt-1-leerlaufabschalt-ventil-nos-052129413a\/","name":"Vw Bus\/T3\/T4\/Derby\/Golf\/Jetta\/Polo\/Scirocco\/2\/LT\/1 Leerlaufabschalt Ventil NOS 052129413A - Audi-Klaus","isPartOf":{"@id":"https:\/\/audi-klaus.at\/shop\/#website"},"primaryImageOfPage":{"@id":"https:\/\/audi-klaus.at\/shop\/produkt\/vw-bus-t3-t4-derby-golf-jetta-polo-scirocco-2-lt-1-leerlaufabschalt-ventil-nos-052129413a\/#primaryimage"},"image":{"@id":"https:\/\/audi-klaus.at\/shop\/produkt\/vw-bus-t3-t4-derby-golf-jetta-polo-scirocco-2-lt-1-leerlaufabschalt-ventil-nos-052129413a\/#primaryimage"},"thumbnailUrl":"https:\/\/audi-klaus.at\/shop\/wp-content\/uploads\/2023\/03\/E300-2.jpg","datePublished":"2023-03-15T08:10:20+00:00","dateModified":"2026-01-07T20:56:14+00:00","description":"Audi-Klaus Vw Bus\/T3\/T4\/Derby\/Golf\/Jetta\/Polo\/Scirocco\/2\/LT\/1 Leerlaufabschalt Ventil NOS 052129413A Vw Bus\/T3\/T4\/Derby\/Golf\/Jetta\/Polo\/Scirocco\/2\/LT\/1 Leerlaufabschalt Ventil NOS 052129413A","breadcrumb":{"@id":"https:\/\/audi-klaus.at\/shop\/produkt\/vw-bus-t3-t4-derby-golf-jetta-polo-scirocco-2-lt-1-leerlaufabschalt-ventil-nos-052129413a\/#breadcrumb"},"inLanguage":"de-AT","potentialAction":[{"@type":"ReadAction","target":["https:\/\/audi-klaus.at\/shop\/produkt\/vw-bus-t3-t4-derby-golf-jetta-polo-scirocco-2-lt-1-leerlaufabschalt-ventil-nos-052129413a\/"]}]},{"@type":"ImageObject","inLanguage":"de-AT","@id":"https:\/\/audi-klaus.at\/shop\/produkt\/vw-bus-t3-t4-derby-golf-jetta-polo-scirocco-2-lt-1-leerlaufabschalt-ventil-nos-052129413a\/#primaryimage","url":"https:\/\/audi-klaus.at\/shop\/wp-content\/uploads\/2023\/03\/E300-2.jpg","contentUrl":"https:\/\/audi-klaus.at\/shop\/wp-content\/uploads\/2023\/03\/E300-2.jpg","width":480,"height":480},{"@type":"BreadcrumbList","@id":"https:\/\/audi-klaus.at\/shop\/produkt\/vw-bus-t3-t4-derby-golf-jetta-polo-scirocco-2-lt-1-leerlaufabschalt-ventil-nos-052129413a\/#breadcrumb","itemListElement":[{"@type":"ListItem","position":1,"name":"Startseite","item":"https:\/\/audi-klaus.at\/shop\/"},{"@type":"ListItem","position":2,"name":"Shop","item":"https:\/\/audi-klaus.at\/shop\/"},{"@type":"ListItem","position":3,"name":"Vw Bus\/T3\/T4\/Derby\/Golf\/Jetta\/Polo\/Scirocco\/2\/LT\/1 Leerlaufabschalt Ventil NOS 052129413A"}]},{"@type":"WebSite","@id":"https:\/\/audi-klaus.at\/shop\/#website","url":"https:\/\/audi-klaus.at\/shop\/","name":"Audi-Klaus","description":"Ihr Gebrauchtteile Spezialist f\u00fcr die Marken Audi, VW (VAG)","publisher":{"@id":"https:\/\/audi-klaus.at\/shop\/#organization"},"potentialAction":[{"@type":"SearchAction","target":{"@type":"EntryPoint","urlTemplate":"https:\/\/audi-klaus.at\/shop\/?s={search_term_string}"},"query-input":{"@type":"PropertyValueSpecification","valueRequired":true,"valueName":"search_term_string"}}],"inLanguage":"de-AT"},{"@type":"Organization","@id":"https:\/\/audi-klaus.at\/shop\/#organization","name":"Audi-Klaus","url":"https:\/\/audi-klaus.at\/shop\/","logo":{"@type":"ImageObject","inLanguage":"de-AT","@id":"https:\/\/audi-klaus.at\/shop\/#\/schema\/logo\/image\/","url":"https:\/\/audi-klaus.at\/shop\/wp-content\/uploads\/2024\/10\/Logo-Shop.webp","contentUrl":"https:\/\/audi-klaus.at\/shop\/wp-content\/uploads\/2024\/10\/Logo-Shop.webp","width":470,"height":164,"caption":"Audi-Klaus"},"image":{"@id":"https:\/\/audi-klaus.at\/shop\/#\/schema\/logo\/image\/"},"sameAs":["https:\/\/www.facebook.com\/audi.klaus.1312\/","https:\/\/www.instagram.com\/audi_klaus\/?igshid=1eca3qu2mdayg"]}]}},"_links":{"self":[{"href":"https:\/\/audi-klaus.at\/shop\/wp-json\/wp\/v2\/product\/56434","targetHints":{"allow":["GET"]}}],"collection":[{"href":"https:\/\/audi-klaus.at\/shop\/wp-json\/wp\/v2\/product"}],"about":[{"href":"https:\/\/audi-klaus.at\/shop\/wp-json\/wp\/v2\/types\/product"}],"wp:featuredmedia":[{"embeddable":true,"href":"https:\/\/audi-klaus.at\/shop\/wp-json\/wp\/v2\/media\/56417"}],"wp:attachment":[{"href":"https:\/\/audi-klaus.at\/shop\/wp-json\/wp\/v2\/media?parent=56434"}],"wp:term":[{"taxonomy":"product_brand","embeddable":true,"href":"https:\/\/audi-klaus.at\/shop\/wp-json\/wp\/v2\/product_brand?post=56434"},{"taxonomy":"product_cat","embeddable":true,"href":"https:\/\/audi-klaus.at\/shop\/wp-json\/wp\/v2\/product_cat?post=56434"},{"taxonomy":"product_tag","embeddable":true,"href":"https:\/\/audi-klaus.at\/shop\/wp-json\/wp\/v2\/product_tag?post=56434"}],"curies":[{"name":"wp","href":"https:\/\/api.w.org\/{rel}","templated":true}]}}