{"id":55468,"date":"2023-02-03T12:44:12","date_gmt":"2023-02-03T11:44:12","guid":{"rendered":"https:\/\/audi-klaus.at\/shop\/?post_type=product&#038;p=55468"},"modified":"2026-01-07T21:55:59","modified_gmt":"2026-01-07T20:55:59","slug":"audi-a1-8x-vw-eos-tiguan-1-golf-jetta-7-scirocco-3-sharan-2-skoda-fabia-2-seat-alhambra-2-ibiza-6j-kuehlwasserthermostat-neu-mahle-tx-18195d-vergleichsnr-03c121110g","status":"publish","type":"product","link":"https:\/\/audi-klaus.at\/shop\/produkt\/audi-a1-8x-vw-eos-tiguan-1-golf-jetta-7-scirocco-3-sharan-2-skoda-fabia-2-seat-alhambra-2-ibiza-6j-kuehlwasserthermostat-neu-mahle-tx-18195d-vergleichsnr-03c121110g\/","title":{"rendered":"Audi A1\/8x\/Vw Eos\/Tiguan\/1\/Golf\/Jetta\/7\/Scirocco\/3\/Sharan\/2\/Skoda Fabia\/2\/Seat Alhambra\/2\/Ibiza\/6J K\u00fchlwasserthermostat NEU Mahle TX 18195D\/Vergleichsnr.: 03C121110G"},"content":{"rendered":"<h5 class=\"western\"><span style=\"color: #060606\"><span style=\"font-family: Verdana, serif\"><span style=\"font-size: small\"><b>VAG Teilenummer<\/b><\/span><\/span><\/span><span style=\"color: #060606\"><span style=\"font-family: Verdana, serif\"><span style=\"font-size: small\">: Mahle TX 181 95D, Vergleichsnr.: 03C 121 110G<\/span><\/span><\/span><\/h5>\n<h5 class=\"western\"><span style=\"color: #060606\"><span style=\"font-family: Verdana, serif\"><span style=\"font-size: small\"><b>Zustand: <\/b><\/span><\/span><\/span><span style=\"color: #060606\"><span style=\"font-family: Verdana, serif\"><span style=\"font-size: small\"><span lang=\"de-DE\">NEU<\/span><\/span><\/span><\/span><\/h5>\n<h5 class=\"western\"><span style=\"color: #060606\"><span style=\"font-family: Verdana, serif\"><span style=\"font-size: small\"><b>Lieferumfang:<\/b><\/span><\/span><\/span><span style=\"color: #060606\"><span style=\"font-family: Verdana, serif\"><span style=\"font-size: small\">\u00a0wie in den Original-Abbildungen angegeben<\/span><\/span><\/span><\/h5>\n<h5 class=\"western\"><span style=\"color: #060606\"><span style=\"font-family: Verdana, serif\"><span style=\"font-size: small\"><b>Hinweis:<\/b><\/span><\/span><\/span><span style=\"color: #060606\"><span style=\"font-family: Verdana, serif\"><span style=\"font-size: small\">\u00a0Bitte \u00fcberpr\u00fcfen Sie vor dem Kauf anhand der eindeutigen Teilenummern, ob der Artikel zum Fahrzeug passt, um R\u00fccksendungen zu vermeiden! Trotz Angabe der entsprechenden Fahrzeugdaten ist eine eindeutige Zuordnung nur \u00fcber die Teilenummer m\u00f6glich! Die abgelesene Teilenummer ist die Teilenummer des Teils, welches geliefert wird. Die Originalteilnummer ist diejenige, die bei Neubestellung f\u00fcr dieses Teil gilt und der m\u00f6glicherweise abweichenden, gelieferten Teilenummer entspricht. <\/span><\/span><\/span><\/h5>\n<h5 class=\"western\"><span style=\"color: #060606\"><span style=\"font-family: Verdana, serif\"><span style=\"font-size: small\"><span lang=\"de-DE\">Neu<\/span><\/span><\/span><\/span><span style=\"color: #060606\"><span style=\"font-family: Verdana, serif\"><span style=\"font-size: small\"> mit Gebrauchsspuren in Form von Verunreinigungen\/ kleinen Kratzern m\u00f6glich. Die Ware wird ungereinigt geliefert.<\/span><\/span><\/span><\/h5>\n<h5 class=\"western\"><span style=\"color: #060606\"><span style=\"font-family: Verdana, serif\"><span style=\"font-size: small\">Sollten weitere Fragen offen sein, kontaktieren Sie uns bitte unter\u00a0<\/span><\/span><\/span><a href=\"mailto:office@audi-klaus.at\"><span style=\"color: #0000ff\"><span style=\"font-family: Verdana, serif\"><span style=\"font-size: small\"><u>office@audi-klaus.at<\/u><\/span><\/span><\/span><\/a><\/h5>\n","protected":false},"excerpt":{"rendered":"<p class=\"western\"><strong><span style=\"color: #000000\"><span style=\"font-family: Source Sans Pro, serif\"><span style=\"font-size: x-large\">Marke: Audi\/Vw\/Skoda\/Seat<br \/>\nModell: A1\/Eos\/Tiguan\/Golf\/Jetta\/Scirocco\/Sharan\/Fabia\/Alhambra\/Ibiza<br \/>\nTyp: 8X\/1\/7\/3\/2\/6J<\/span><\/span><\/span><\/strong><\/p>\n","protected":false},"featured_media":55447,"template":"","meta":[],"product_brand":[],"product_cat":[2236,1179,1471,2255,1182,1730,32,2298,1199,1742,367,2478,1208,1752,419,1213,1812,421,1240,2033,1164,1246,2035,1165,1329,2063,1167,1378,2224,1170,1379,2230,1178,1421],"product_tag":[18929,18930,18931,18932],"class_list":{"0":"post-55468","1":"product","2":"type-product","3":"status-publish","4":"has-post-thumbnail","6":"product_cat-4-6j-2008-2012","7":"product_cat-eos","8":"product_cat-motor-getriebe-3-2008-2014","9":"product_cat-2-7n-2010-alhambra","10":"product_cat-tiguan","11":"product_cat-2-7n-2010","12":"product_cat-audi","13":"product_cat-motor-getriebe-4-6j-2008-2012","14":"product_cat-7-5g-2012-2018","15":"product_cat-motor-getriebe-2-7n-2010","16":"product_cat-a1-audi","17":"product_cat-motor-getriebe-2-7n-2010-alhambra","18":"product_cat-7-2018-2021","19":"product_cat-motor-getriebe-1f-2006-2015","20":"product_cat-8x-2010-2018","21":"product_cat-3-2008-2014","22":"product_cat-motor-getriebe-1-5n-2007-2016","23":"product_cat-motor-getriebe-8x-2010-2018","24":"product_cat-1f-2006-2015","25":"product_cat-fabia","26":"product_cat-vw","27":"product_cat-1-5n-2007-2016","28":"product_cat-2-5j-2007-2014","29":"product_cat-golf","30":"product_cat-motor-getriebe-7-5g-2012-2018","31":"product_cat-motor-getriebe-2-5j-2007-2014","32":"product_cat-jetta","33":"product_cat-seat","34":"product_cat-ibiza","35":"product_cat-scirocco","36":"product_cat-skoda","37":"product_cat-alhambra","38":"product_cat-sharan","39":"product_cat-motor-getriebe-7-2018-2021","40":"product_tag-mahle-tx-18195d","41":"product_tag-03c121110g","42":"product_tag-03c121110","43":"product_tag-m1502","45":"first","46":"instock","47":"taxable","48":"shipping-taxable","49":"purchasable","50":"product-type-simple"},"yoast_head":"<!-- This site is optimized with the Yoast SEO plugin v27.4 - https:\/\/yoast.com\/product\/yoast-seo-wordpress\/ -->\n<title>Audi A1\/8x\/Vw Eos\/Tiguan\/1\/Golf\/Jetta\/7\/Scirocco\/3\/Sharan\/2\/Skoda Fabia\/2\/Seat Alhambra\/2\/Ibiza\/6J K\u00fchlwasserthermostat NEU Mahle TX 18195D\/Vergleichsnr.: 03C121110G - Audi-Klaus<\/title>\n<meta name=\"description\" content=\"Audi-Klaus Audi A1\/8x\/Vw Eos\/Tiguan\/1\/Golf\/Jetta\/7\/Scirocco\/3\/Sharan\/2\/Skoda Fabia\/2\/Seat Alhambra\/2\/Ibiza\/6J K\u00fchlwasserthermostat NEU Mahle TX 18195D\/Vergleichsnr.: 03C121110G Audi A1\/8x\/Vw Eos\/Tiguan\/1\/Golf\/Jetta\/7\/Scirocco\/3\/Sharan\/2\/Skoda Fabia\/2\/Seat Alhambra\/2\/Ibiza\/6J K\u00fchlwasserthermostat NEU Mahle TX 18195D\/Vergleichsnr.: 03C121110G\" \/>\n<meta name=\"robots\" content=\"index, follow, max-snippet:-1, max-image-preview:large, max-video-preview:-1\" \/>\n<link rel=\"canonical\" href=\"https:\/\/audi-klaus.at\/shop\/produkt\/audi-a1-8x-vw-eos-tiguan-1-golf-jetta-7-scirocco-3-sharan-2-skoda-fabia-2-seat-alhambra-2-ibiza-6j-kuehlwasserthermostat-neu-mahle-tx-18195d-vergleichsnr-03c121110g\/\" \/>\n<meta property=\"og:locale\" content=\"de_DE\" \/>\n<meta property=\"og:type\" content=\"article\" \/>\n<meta property=\"og:title\" content=\"Audi A1\/8x\/Vw Eos\/Tiguan\/1\/Golf\/Jetta\/7\/Scirocco\/3\/Sharan\/2\/Skoda Fabia\/2\/Seat Alhambra\/2\/Ibiza\/6J K\u00fchlwasserthermostat NEU Mahle TX 18195D\/Vergleichsnr.: 03C121110G - Audi-Klaus\" \/>\n<meta property=\"og:description\" content=\"Audi-Klaus Audi A1\/8x\/Vw Eos\/Tiguan\/1\/Golf\/Jetta\/7\/Scirocco\/3\/Sharan\/2\/Skoda Fabia\/2\/Seat Alhambra\/2\/Ibiza\/6J K\u00fchlwasserthermostat NEU Mahle TX 18195D\/Vergleichsnr.: 03C121110G Audi A1\/8x\/Vw Eos\/Tiguan\/1\/Golf\/Jetta\/7\/Scirocco\/3\/Sharan\/2\/Skoda Fabia\/2\/Seat Alhambra\/2\/Ibiza\/6J K\u00fchlwasserthermostat NEU Mahle TX 18195D\/Vergleichsnr.: 03C121110G\" \/>\n<meta property=\"og:url\" content=\"https:\/\/audi-klaus.at\/shop\/produkt\/audi-a1-8x-vw-eos-tiguan-1-golf-jetta-7-scirocco-3-sharan-2-skoda-fabia-2-seat-alhambra-2-ibiza-6j-kuehlwasserthermostat-neu-mahle-tx-18195d-vergleichsnr-03c121110g\/\" \/>\n<meta property=\"og:site_name\" content=\"Audi-Klaus\" \/>\n<meta property=\"article:publisher\" content=\"https:\/\/www.facebook.com\/audi.klaus.1312\/\" \/>\n<meta property=\"article:modified_time\" content=\"2026-01-07T20:55:59+00:00\" \/>\n<meta property=\"og:image\" content=\"https:\/\/audi-klaus.at\/shop\/wp-content\/uploads\/2023\/02\/M1502.jpg\" \/>\n\t<meta property=\"og:image:width\" content=\"480\" \/>\n\t<meta property=\"og:image:height\" content=\"480\" \/>\n\t<meta property=\"og:image:type\" content=\"image\/jpeg\" \/>\n<meta name=\"twitter:card\" content=\"summary_large_image\" \/>\n<meta name=\"twitter:label1\" content=\"Gesch\u00e4tzte Lesezeit\" \/>\n\t<meta name=\"twitter:data1\" content=\"1 Minute\" \/>\n<script type=\"application\/ld+json\" class=\"yoast-schema-graph\">{\"@context\":\"https:\\\/\\\/schema.org\",\"@graph\":[{\"@type\":\"WebPage\",\"@id\":\"https:\\\/\\\/audi-klaus.at\\\/shop\\\/produkt\\\/audi-a1-8x-vw-eos-tiguan-1-golf-jetta-7-scirocco-3-sharan-2-skoda-fabia-2-seat-alhambra-2-ibiza-6j-kuehlwasserthermostat-neu-mahle-tx-18195d-vergleichsnr-03c121110g\\\/\",\"url\":\"https:\\\/\\\/audi-klaus.at\\\/shop\\\/produkt\\\/audi-a1-8x-vw-eos-tiguan-1-golf-jetta-7-scirocco-3-sharan-2-skoda-fabia-2-seat-alhambra-2-ibiza-6j-kuehlwasserthermostat-neu-mahle-tx-18195d-vergleichsnr-03c121110g\\\/\",\"name\":\"Audi A1\\\/8x\\\/Vw Eos\\\/Tiguan\\\/1\\\/Golf\\\/Jetta\\\/7\\\/Scirocco\\\/3\\\/Sharan\\\/2\\\/Skoda Fabia\\\/2\\\/Seat Alhambra\\\/2\\\/Ibiza\\\/6J K\u00fchlwasserthermostat NEU Mahle TX 18195D\\\/Vergleichsnr.: 03C121110G - Audi-Klaus\",\"isPartOf\":{\"@id\":\"https:\\\/\\\/audi-klaus.at\\\/shop\\\/#website\"},\"primaryImageOfPage\":{\"@id\":\"https:\\\/\\\/audi-klaus.at\\\/shop\\\/produkt\\\/audi-a1-8x-vw-eos-tiguan-1-golf-jetta-7-scirocco-3-sharan-2-skoda-fabia-2-seat-alhambra-2-ibiza-6j-kuehlwasserthermostat-neu-mahle-tx-18195d-vergleichsnr-03c121110g\\\/#primaryimage\"},\"image\":{\"@id\":\"https:\\\/\\\/audi-klaus.at\\\/shop\\\/produkt\\\/audi-a1-8x-vw-eos-tiguan-1-golf-jetta-7-scirocco-3-sharan-2-skoda-fabia-2-seat-alhambra-2-ibiza-6j-kuehlwasserthermostat-neu-mahle-tx-18195d-vergleichsnr-03c121110g\\\/#primaryimage\"},\"thumbnailUrl\":\"https:\\\/\\\/audi-klaus.at\\\/shop\\\/wp-content\\\/uploads\\\/2023\\\/02\\\/M1502.jpg\",\"datePublished\":\"2023-02-03T11:44:12+00:00\",\"dateModified\":\"2026-01-07T20:55:59+00:00\",\"description\":\"Audi-Klaus Audi A1\\\/8x\\\/Vw Eos\\\/Tiguan\\\/1\\\/Golf\\\/Jetta\\\/7\\\/Scirocco\\\/3\\\/Sharan\\\/2\\\/Skoda Fabia\\\/2\\\/Seat Alhambra\\\/2\\\/Ibiza\\\/6J K\u00fchlwasserthermostat NEU Mahle TX 18195D\\\/Vergleichsnr.: 03C121110G Audi A1\\\/8x\\\/Vw Eos\\\/Tiguan\\\/1\\\/Golf\\\/Jetta\\\/7\\\/Scirocco\\\/3\\\/Sharan\\\/2\\\/Skoda Fabia\\\/2\\\/Seat Alhambra\\\/2\\\/Ibiza\\\/6J K\u00fchlwasserthermostat NEU Mahle TX 18195D\\\/Vergleichsnr.: 03C121110G\",\"breadcrumb\":{\"@id\":\"https:\\\/\\\/audi-klaus.at\\\/shop\\\/produkt\\\/audi-a1-8x-vw-eos-tiguan-1-golf-jetta-7-scirocco-3-sharan-2-skoda-fabia-2-seat-alhambra-2-ibiza-6j-kuehlwasserthermostat-neu-mahle-tx-18195d-vergleichsnr-03c121110g\\\/#breadcrumb\"},\"inLanguage\":\"de-AT\",\"potentialAction\":[{\"@type\":\"ReadAction\",\"target\":[\"https:\\\/\\\/audi-klaus.at\\\/shop\\\/produkt\\\/audi-a1-8x-vw-eos-tiguan-1-golf-jetta-7-scirocco-3-sharan-2-skoda-fabia-2-seat-alhambra-2-ibiza-6j-kuehlwasserthermostat-neu-mahle-tx-18195d-vergleichsnr-03c121110g\\\/\"]}]},{\"@type\":\"ImageObject\",\"inLanguage\":\"de-AT\",\"@id\":\"https:\\\/\\\/audi-klaus.at\\\/shop\\\/produkt\\\/audi-a1-8x-vw-eos-tiguan-1-golf-jetta-7-scirocco-3-sharan-2-skoda-fabia-2-seat-alhambra-2-ibiza-6j-kuehlwasserthermostat-neu-mahle-tx-18195d-vergleichsnr-03c121110g\\\/#primaryimage\",\"url\":\"https:\\\/\\\/audi-klaus.at\\\/shop\\\/wp-content\\\/uploads\\\/2023\\\/02\\\/M1502.jpg\",\"contentUrl\":\"https:\\\/\\\/audi-klaus.at\\\/shop\\\/wp-content\\\/uploads\\\/2023\\\/02\\\/M1502.jpg\",\"width\":480,\"height\":480},{\"@type\":\"BreadcrumbList\",\"@id\":\"https:\\\/\\\/audi-klaus.at\\\/shop\\\/produkt\\\/audi-a1-8x-vw-eos-tiguan-1-golf-jetta-7-scirocco-3-sharan-2-skoda-fabia-2-seat-alhambra-2-ibiza-6j-kuehlwasserthermostat-neu-mahle-tx-18195d-vergleichsnr-03c121110g\\\/#breadcrumb\",\"itemListElement\":[{\"@type\":\"ListItem\",\"position\":1,\"name\":\"Startseite\",\"item\":\"https:\\\/\\\/audi-klaus.at\\\/shop\\\/\"},{\"@type\":\"ListItem\",\"position\":2,\"name\":\"Shop\",\"item\":\"https:\\\/\\\/audi-klaus.at\\\/shop\\\/\"},{\"@type\":\"ListItem\",\"position\":3,\"name\":\"Audi A1\\\/8x\\\/Vw Eos\\\/Tiguan\\\/1\\\/Golf\\\/Jetta\\\/7\\\/Scirocco\\\/3\\\/Sharan\\\/2\\\/Skoda Fabia\\\/2\\\/Seat Alhambra\\\/2\\\/Ibiza\\\/6J K\u00fchlwasserthermostat NEU Mahle TX 18195D\\\/Vergleichsnr.: 03C121110G\"}]},{\"@type\":\"WebSite\",\"@id\":\"https:\\\/\\\/audi-klaus.at\\\/shop\\\/#website\",\"url\":\"https:\\\/\\\/audi-klaus.at\\\/shop\\\/\",\"name\":\"Audi-Klaus\",\"description\":\"Ihr Gebrauchtteile Spezialist f\u00fcr die Marken Audi, VW (VAG)\",\"publisher\":{\"@id\":\"https:\\\/\\\/audi-klaus.at\\\/shop\\\/#organization\"},\"potentialAction\":[{\"@type\":\"SearchAction\",\"target\":{\"@type\":\"EntryPoint\",\"urlTemplate\":\"https:\\\/\\\/audi-klaus.at\\\/shop\\\/?s={search_term_string}\"},\"query-input\":{\"@type\":\"PropertyValueSpecification\",\"valueRequired\":true,\"valueName\":\"search_term_string\"}}],\"inLanguage\":\"de-AT\"},{\"@type\":\"Organization\",\"@id\":\"https:\\\/\\\/audi-klaus.at\\\/shop\\\/#organization\",\"name\":\"Audi-Klaus\",\"url\":\"https:\\\/\\\/audi-klaus.at\\\/shop\\\/\",\"logo\":{\"@type\":\"ImageObject\",\"inLanguage\":\"de-AT\",\"@id\":\"https:\\\/\\\/audi-klaus.at\\\/shop\\\/#\\\/schema\\\/logo\\\/image\\\/\",\"url\":\"https:\\\/\\\/audi-klaus.at\\\/shop\\\/wp-content\\\/uploads\\\/2024\\\/10\\\/Logo-Shop.webp\",\"contentUrl\":\"https:\\\/\\\/audi-klaus.at\\\/shop\\\/wp-content\\\/uploads\\\/2024\\\/10\\\/Logo-Shop.webp\",\"width\":470,\"height\":164,\"caption\":\"Audi-Klaus\"},\"image\":{\"@id\":\"https:\\\/\\\/audi-klaus.at\\\/shop\\\/#\\\/schema\\\/logo\\\/image\\\/\"},\"sameAs\":[\"https:\\\/\\\/www.facebook.com\\\/audi.klaus.1312\\\/\",\"https:\\\/\\\/www.instagram.com\\\/audi_klaus\\\/?igshid=1eca3qu2mdayg\"]}]}<\/script>\n<!-- \/ Yoast SEO plugin. -->","yoast_head_json":{"title":"Audi A1\/8x\/Vw Eos\/Tiguan\/1\/Golf\/Jetta\/7\/Scirocco\/3\/Sharan\/2\/Skoda Fabia\/2\/Seat Alhambra\/2\/Ibiza\/6J K\u00fchlwasserthermostat NEU Mahle TX 18195D\/Vergleichsnr.: 03C121110G - Audi-Klaus","description":"Audi-Klaus Audi A1\/8x\/Vw Eos\/Tiguan\/1\/Golf\/Jetta\/7\/Scirocco\/3\/Sharan\/2\/Skoda Fabia\/2\/Seat Alhambra\/2\/Ibiza\/6J K\u00fchlwasserthermostat NEU Mahle TX 18195D\/Vergleichsnr.: 03C121110G Audi A1\/8x\/Vw Eos\/Tiguan\/1\/Golf\/Jetta\/7\/Scirocco\/3\/Sharan\/2\/Skoda Fabia\/2\/Seat Alhambra\/2\/Ibiza\/6J K\u00fchlwasserthermostat NEU Mahle TX 18195D\/Vergleichsnr.: 03C121110G","robots":{"index":"index","follow":"follow","max-snippet":"max-snippet:-1","max-image-preview":"max-image-preview:large","max-video-preview":"max-video-preview:-1"},"canonical":"https:\/\/audi-klaus.at\/shop\/produkt\/audi-a1-8x-vw-eos-tiguan-1-golf-jetta-7-scirocco-3-sharan-2-skoda-fabia-2-seat-alhambra-2-ibiza-6j-kuehlwasserthermostat-neu-mahle-tx-18195d-vergleichsnr-03c121110g\/","og_locale":"de_DE","og_type":"article","og_title":"Audi A1\/8x\/Vw Eos\/Tiguan\/1\/Golf\/Jetta\/7\/Scirocco\/3\/Sharan\/2\/Skoda Fabia\/2\/Seat Alhambra\/2\/Ibiza\/6J K\u00fchlwasserthermostat NEU Mahle TX 18195D\/Vergleichsnr.: 03C121110G - Audi-Klaus","og_description":"Audi-Klaus Audi A1\/8x\/Vw Eos\/Tiguan\/1\/Golf\/Jetta\/7\/Scirocco\/3\/Sharan\/2\/Skoda Fabia\/2\/Seat Alhambra\/2\/Ibiza\/6J K\u00fchlwasserthermostat NEU Mahle TX 18195D\/Vergleichsnr.: 03C121110G Audi A1\/8x\/Vw Eos\/Tiguan\/1\/Golf\/Jetta\/7\/Scirocco\/3\/Sharan\/2\/Skoda Fabia\/2\/Seat Alhambra\/2\/Ibiza\/6J K\u00fchlwasserthermostat NEU Mahle TX 18195D\/Vergleichsnr.: 03C121110G","og_url":"https:\/\/audi-klaus.at\/shop\/produkt\/audi-a1-8x-vw-eos-tiguan-1-golf-jetta-7-scirocco-3-sharan-2-skoda-fabia-2-seat-alhambra-2-ibiza-6j-kuehlwasserthermostat-neu-mahle-tx-18195d-vergleichsnr-03c121110g\/","og_site_name":"Audi-Klaus","article_publisher":"https:\/\/www.facebook.com\/audi.klaus.1312\/","article_modified_time":"2026-01-07T20:55:59+00:00","og_image":[{"width":480,"height":480,"url":"https:\/\/audi-klaus.at\/shop\/wp-content\/uploads\/2023\/02\/M1502.jpg","type":"image\/jpeg"}],"twitter_card":"summary_large_image","twitter_misc":{"Gesch\u00e4tzte Lesezeit":"1 Minute"},"schema":{"@context":"https:\/\/schema.org","@graph":[{"@type":"WebPage","@id":"https:\/\/audi-klaus.at\/shop\/produkt\/audi-a1-8x-vw-eos-tiguan-1-golf-jetta-7-scirocco-3-sharan-2-skoda-fabia-2-seat-alhambra-2-ibiza-6j-kuehlwasserthermostat-neu-mahle-tx-18195d-vergleichsnr-03c121110g\/","url":"https:\/\/audi-klaus.at\/shop\/produkt\/audi-a1-8x-vw-eos-tiguan-1-golf-jetta-7-scirocco-3-sharan-2-skoda-fabia-2-seat-alhambra-2-ibiza-6j-kuehlwasserthermostat-neu-mahle-tx-18195d-vergleichsnr-03c121110g\/","name":"Audi A1\/8x\/Vw Eos\/Tiguan\/1\/Golf\/Jetta\/7\/Scirocco\/3\/Sharan\/2\/Skoda Fabia\/2\/Seat Alhambra\/2\/Ibiza\/6J K\u00fchlwasserthermostat NEU Mahle TX 18195D\/Vergleichsnr.: 03C121110G - Audi-Klaus","isPartOf":{"@id":"https:\/\/audi-klaus.at\/shop\/#website"},"primaryImageOfPage":{"@id":"https:\/\/audi-klaus.at\/shop\/produkt\/audi-a1-8x-vw-eos-tiguan-1-golf-jetta-7-scirocco-3-sharan-2-skoda-fabia-2-seat-alhambra-2-ibiza-6j-kuehlwasserthermostat-neu-mahle-tx-18195d-vergleichsnr-03c121110g\/#primaryimage"},"image":{"@id":"https:\/\/audi-klaus.at\/shop\/produkt\/audi-a1-8x-vw-eos-tiguan-1-golf-jetta-7-scirocco-3-sharan-2-skoda-fabia-2-seat-alhambra-2-ibiza-6j-kuehlwasserthermostat-neu-mahle-tx-18195d-vergleichsnr-03c121110g\/#primaryimage"},"thumbnailUrl":"https:\/\/audi-klaus.at\/shop\/wp-content\/uploads\/2023\/02\/M1502.jpg","datePublished":"2023-02-03T11:44:12+00:00","dateModified":"2026-01-07T20:55:59+00:00","description":"Audi-Klaus Audi A1\/8x\/Vw Eos\/Tiguan\/1\/Golf\/Jetta\/7\/Scirocco\/3\/Sharan\/2\/Skoda Fabia\/2\/Seat Alhambra\/2\/Ibiza\/6J K\u00fchlwasserthermostat NEU Mahle TX 18195D\/Vergleichsnr.: 03C121110G Audi A1\/8x\/Vw Eos\/Tiguan\/1\/Golf\/Jetta\/7\/Scirocco\/3\/Sharan\/2\/Skoda Fabia\/2\/Seat Alhambra\/2\/Ibiza\/6J K\u00fchlwasserthermostat NEU Mahle TX 18195D\/Vergleichsnr.: 03C121110G","breadcrumb":{"@id":"https:\/\/audi-klaus.at\/shop\/produkt\/audi-a1-8x-vw-eos-tiguan-1-golf-jetta-7-scirocco-3-sharan-2-skoda-fabia-2-seat-alhambra-2-ibiza-6j-kuehlwasserthermostat-neu-mahle-tx-18195d-vergleichsnr-03c121110g\/#breadcrumb"},"inLanguage":"de-AT","potentialAction":[{"@type":"ReadAction","target":["https:\/\/audi-klaus.at\/shop\/produkt\/audi-a1-8x-vw-eos-tiguan-1-golf-jetta-7-scirocco-3-sharan-2-skoda-fabia-2-seat-alhambra-2-ibiza-6j-kuehlwasserthermostat-neu-mahle-tx-18195d-vergleichsnr-03c121110g\/"]}]},{"@type":"ImageObject","inLanguage":"de-AT","@id":"https:\/\/audi-klaus.at\/shop\/produkt\/audi-a1-8x-vw-eos-tiguan-1-golf-jetta-7-scirocco-3-sharan-2-skoda-fabia-2-seat-alhambra-2-ibiza-6j-kuehlwasserthermostat-neu-mahle-tx-18195d-vergleichsnr-03c121110g\/#primaryimage","url":"https:\/\/audi-klaus.at\/shop\/wp-content\/uploads\/2023\/02\/M1502.jpg","contentUrl":"https:\/\/audi-klaus.at\/shop\/wp-content\/uploads\/2023\/02\/M1502.jpg","width":480,"height":480},{"@type":"BreadcrumbList","@id":"https:\/\/audi-klaus.at\/shop\/produkt\/audi-a1-8x-vw-eos-tiguan-1-golf-jetta-7-scirocco-3-sharan-2-skoda-fabia-2-seat-alhambra-2-ibiza-6j-kuehlwasserthermostat-neu-mahle-tx-18195d-vergleichsnr-03c121110g\/#breadcrumb","itemListElement":[{"@type":"ListItem","position":1,"name":"Startseite","item":"https:\/\/audi-klaus.at\/shop\/"},{"@type":"ListItem","position":2,"name":"Shop","item":"https:\/\/audi-klaus.at\/shop\/"},{"@type":"ListItem","position":3,"name":"Audi A1\/8x\/Vw Eos\/Tiguan\/1\/Golf\/Jetta\/7\/Scirocco\/3\/Sharan\/2\/Skoda Fabia\/2\/Seat Alhambra\/2\/Ibiza\/6J K\u00fchlwasserthermostat NEU Mahle TX 18195D\/Vergleichsnr.: 03C121110G"}]},{"@type":"WebSite","@id":"https:\/\/audi-klaus.at\/shop\/#website","url":"https:\/\/audi-klaus.at\/shop\/","name":"Audi-Klaus","description":"Ihr Gebrauchtteile Spezialist f\u00fcr die Marken Audi, VW (VAG)","publisher":{"@id":"https:\/\/audi-klaus.at\/shop\/#organization"},"potentialAction":[{"@type":"SearchAction","target":{"@type":"EntryPoint","urlTemplate":"https:\/\/audi-klaus.at\/shop\/?s={search_term_string}"},"query-input":{"@type":"PropertyValueSpecification","valueRequired":true,"valueName":"search_term_string"}}],"inLanguage":"de-AT"},{"@type":"Organization","@id":"https:\/\/audi-klaus.at\/shop\/#organization","name":"Audi-Klaus","url":"https:\/\/audi-klaus.at\/shop\/","logo":{"@type":"ImageObject","inLanguage":"de-AT","@id":"https:\/\/audi-klaus.at\/shop\/#\/schema\/logo\/image\/","url":"https:\/\/audi-klaus.at\/shop\/wp-content\/uploads\/2024\/10\/Logo-Shop.webp","contentUrl":"https:\/\/audi-klaus.at\/shop\/wp-content\/uploads\/2024\/10\/Logo-Shop.webp","width":470,"height":164,"caption":"Audi-Klaus"},"image":{"@id":"https:\/\/audi-klaus.at\/shop\/#\/schema\/logo\/image\/"},"sameAs":["https:\/\/www.facebook.com\/audi.klaus.1312\/","https:\/\/www.instagram.com\/audi_klaus\/?igshid=1eca3qu2mdayg"]}]}},"_links":{"self":[{"href":"https:\/\/audi-klaus.at\/shop\/wp-json\/wp\/v2\/product\/55468","targetHints":{"allow":["GET"]}}],"collection":[{"href":"https:\/\/audi-klaus.at\/shop\/wp-json\/wp\/v2\/product"}],"about":[{"href":"https:\/\/audi-klaus.at\/shop\/wp-json\/wp\/v2\/types\/product"}],"wp:featuredmedia":[{"embeddable":true,"href":"https:\/\/audi-klaus.at\/shop\/wp-json\/wp\/v2\/media\/55447"}],"wp:attachment":[{"href":"https:\/\/audi-klaus.at\/shop\/wp-json\/wp\/v2\/media?parent=55468"}],"wp:term":[{"taxonomy":"product_brand","embeddable":true,"href":"https:\/\/audi-klaus.at\/shop\/wp-json\/wp\/v2\/product_brand?post=55468"},{"taxonomy":"product_cat","embeddable":true,"href":"https:\/\/audi-klaus.at\/shop\/wp-json\/wp\/v2\/product_cat?post=55468"},{"taxonomy":"product_tag","embeddable":true,"href":"https:\/\/audi-klaus.at\/shop\/wp-json\/wp\/v2\/product_tag?post=55468"}],"curies":[{"name":"wp","href":"https:\/\/api.w.org\/{rel}","templated":true}]}}