{"id":54472,"date":"2023-01-26T13:57:23","date_gmt":"2023-01-26T12:57:23","guid":{"rendered":"https:\/\/audi-klaus.at\/shop\/?post_type=product&#038;p=54472"},"modified":"2026-01-07T21:55:30","modified_gmt":"2026-01-07T20:55:30","slug":"aufi-100-a6-s6-s4-c4-abdeckkappe-fuer-scheinwerferrerinigungsanlage-rechts-4a0807156","status":"publish","type":"product","link":"https:\/\/audi-klaus.at\/shop\/produkt\/aufi-100-a6-s6-s4-c4-abdeckkappe-fuer-scheinwerferrerinigungsanlage-rechts-4a0807156\/","title":{"rendered":"Aufi 100\/A6\/S6\/S4\/C4 Abdeckkappe f\u00fcr Scheinwerferrerinigungsanlage rechts 4A0807156"},"content":{"rendered":"<h5 class=\"western\"><span style=\"color: #060606\"><span style=\"font-family: Verdana, serif\"><span style=\"font-size: small\"><b>VAG Teilenummer<\/b><\/span><\/span><\/span><span style=\"color: #060606\"><span style=\"font-family: Verdana, serif\"><span style=\"font-size: small\">: 4A0 807 156<\/span><\/span><\/span><\/h5>\n<h5 class=\"western\"><span style=\"color: #060606\"><span style=\"font-family: Verdana, serif\"><span style=\"font-size: small\"><b>Zustand:<\/b><\/span><\/span><\/span><span style=\"color: #060606\"><span style=\"font-family: Verdana, serif\"><span style=\"font-size: small\">\u00a0<\/span><\/span><\/span><span style=\"color: #060606\"><span style=\"font-family: Verdana, serif\"><span style=\"font-size: small\"><span lang=\"de-DE\">Gebraucht<\/span><\/span><\/span><\/span><\/h5>\n<h5 class=\"western\"><span style=\"color: #060606\"><span style=\"font-family: Verdana, serif\"><span style=\"font-size: small\"><b>Lieferumfang:<\/b><\/span><\/span><\/span><span style=\"color: #060606\"><span style=\"font-family: Verdana, serif\"><span style=\"font-size: small\">\u00a0wie in den Original-Abbildungen angegeben<\/span><\/span><\/span><\/h5>\n<h5 class=\"western\"><span style=\"color: #060606\"><span style=\"font-family: Verdana, serif\"><span style=\"font-size: small\"><b>Hinweis:<\/b><\/span><\/span><\/span><span style=\"color: #060606\"><span style=\"font-family: Verdana, serif\"><span style=\"font-size: small\">\u00a0Bitte \u00fcberpr\u00fcfen Sie vor dem Kauf anhand der eindeutigen Teilenummern, ob der Artikel zum Fahrzeug passt, um R\u00fccksendungen zu vermeiden! Trotz Angabe der entsprechenden Fahrzeugdaten ist eine eindeutige Zuordnung nur \u00fcber die Teilenummer m\u00f6glich! Die abgelesene Teilenummer ist die Teilenummer des Teils, welches geliefert wird. Die Originalteilnummer ist diejenige, die bei Neubestellung f\u00fcr dieses Teil gilt und der m\u00f6glicherweise abweichenden, gelieferten Teilenummer entspricht. <\/span><\/span><\/span><\/h5>\n<h5 class=\"western\"><span style=\"color: #060606\"><span style=\"font-family: Verdana, serif\"><span style=\"font-size: small\"><span lang=\"de-DE\">Gebraucht<\/span><\/span><\/span><\/span><span style=\"color: #060606\"><span style=\"font-family: Verdana, serif\"><span style=\"font-size: small\"> mit Gebrauchsspuren in Form von Verunreinigungen\/ kleinen Kratzern m\u00f6glich. Die Ware wird ungereinigt geliefert.<\/span><\/span><\/span><\/h5>\n<h5 class=\"western\"><span style=\"color: #060606\"><span style=\"font-family: Verdana, serif\"><span style=\"font-size: small\">Sollten weitere Fragen offen sein, kontaktieren Sie uns bitte unter\u00a0<\/span><\/span><\/span><a><span style=\"color: #0000ff\"><span style=\"font-family: Verdana, serif\"><span style=\"font-size: small\"><u>office@audi-klaus.at<\/u><\/span><\/span><\/span><\/a><\/h5>\n<p class=\"western\">\n","protected":false},"excerpt":{"rendered":"<p class=\"western\"><strong><span style=\"color: #000000\"><span style=\"font-family: Source Sans Pro, serif\"><span style=\"font-size: x-large\">Marke: Audi<br \/>\nModell: 100\/A6\/S6\/S4<br \/>\nTyp: C4<\/span><\/span><\/span><\/strong><\/p>\n","protected":false},"featured_media":54430,"template":"","meta":[],"product_brand":[],"product_cat":[32,642,786,795,643,658,784,372,586,598,155,171,352],"product_tag":[18367,18368],"class_list":{"0":"post-54472","1":"product","2":"type-product","3":"status-publish","4":"has-post-thumbnail","6":"product_cat-audi","7":"product_cat-s4","8":"product_cat-c4-1991-1994-s4","9":"product_cat-karosserie-c4-1991-1994-s4","10":"product_cat-s6","11":"product_cat-c4-4a-s6","12":"product_cat-karosserie-c4-s6","13":"product_cat-a6","14":"product_cat-c4-4a-1994-1997","15":"product_cat-karosserie-c4-1994-1997","16":"product_cat-155","17":"product_cat-c4-1991-1994","18":"product_cat-karosserie-c4-1991-1994","19":"product_tag-4a0807156","20":"product_tag-k2064","22":"first","23":"outofstock","24":"taxable","25":"shipping-taxable","26":"purchasable","27":"product-type-simple"},"yoast_head":"<!-- This site is optimized with the Yoast SEO plugin v27.3 - https:\/\/yoast.com\/product\/yoast-seo-wordpress\/ -->\n<title>Aufi 100\/A6\/S6\/S4\/C4 Abdeckkappe f\u00fcr Scheinwerferrerinigungsanlage rechts 4A0807156 - Audi-Klaus<\/title>\n<meta name=\"description\" content=\"Audi-Klaus Aufi 100\/A6\/S6\/S4\/C4 Abdeckkappe f\u00fcr Scheinwerferrerinigungsanlage rechts 4A0807156 Aufi 100\/A6\/S6\/S4\/C4 Abdeckkappe f\u00fcr Scheinwerferrerinigungsanlage rechts 4A0807156\" \/>\n<meta name=\"robots\" content=\"index, follow, max-snippet:-1, max-image-preview:large, max-video-preview:-1\" \/>\n<link rel=\"canonical\" href=\"https:\/\/audi-klaus.at\/shop\/produkt\/aufi-100-a6-s6-s4-c4-abdeckkappe-fuer-scheinwerferrerinigungsanlage-rechts-4a0807156\/\" \/>\n<meta property=\"og:locale\" content=\"de_DE\" \/>\n<meta property=\"og:type\" content=\"article\" \/>\n<meta property=\"og:title\" content=\"Aufi 100\/A6\/S6\/S4\/C4 Abdeckkappe f\u00fcr Scheinwerferrerinigungsanlage rechts 4A0807156 - Audi-Klaus\" \/>\n<meta property=\"og:description\" content=\"Audi-Klaus Aufi 100\/A6\/S6\/S4\/C4 Abdeckkappe f\u00fcr Scheinwerferrerinigungsanlage rechts 4A0807156 Aufi 100\/A6\/S6\/S4\/C4 Abdeckkappe f\u00fcr Scheinwerferrerinigungsanlage rechts 4A0807156\" \/>\n<meta property=\"og:url\" content=\"https:\/\/audi-klaus.at\/shop\/produkt\/aufi-100-a6-s6-s4-c4-abdeckkappe-fuer-scheinwerferrerinigungsanlage-rechts-4a0807156\/\" \/>\n<meta property=\"og:site_name\" content=\"Audi-Klaus\" \/>\n<meta property=\"article:publisher\" content=\"https:\/\/www.facebook.com\/audi.klaus.1312\/\" \/>\n<meta property=\"article:modified_time\" content=\"2026-01-07T20:55:30+00:00\" \/>\n<meta property=\"og:image\" content=\"https:\/\/audi-klaus.at\/shop\/wp-content\/uploads\/2023\/01\/K2064-2.jpg\" \/>\n\t<meta property=\"og:image:width\" content=\"480\" \/>\n\t<meta property=\"og:image:height\" content=\"480\" \/>\n\t<meta property=\"og:image:type\" content=\"image\/jpeg\" \/>\n<meta name=\"twitter:card\" content=\"summary_large_image\" \/>\n<meta name=\"twitter:label1\" content=\"Gesch\u00e4tzte Lesezeit\" \/>\n\t<meta name=\"twitter:data1\" content=\"1 Minute\" \/>\n<script type=\"application\/ld+json\" class=\"yoast-schema-graph\">{\"@context\":\"https:\\\/\\\/schema.org\",\"@graph\":[{\"@type\":\"WebPage\",\"@id\":\"https:\\\/\\\/audi-klaus.at\\\/shop\\\/produkt\\\/aufi-100-a6-s6-s4-c4-abdeckkappe-fuer-scheinwerferrerinigungsanlage-rechts-4a0807156\\\/\",\"url\":\"https:\\\/\\\/audi-klaus.at\\\/shop\\\/produkt\\\/aufi-100-a6-s6-s4-c4-abdeckkappe-fuer-scheinwerferrerinigungsanlage-rechts-4a0807156\\\/\",\"name\":\"Aufi 100\\\/A6\\\/S6\\\/S4\\\/C4 Abdeckkappe f\u00fcr Scheinwerferrerinigungsanlage rechts 4A0807156 - Audi-Klaus\",\"isPartOf\":{\"@id\":\"https:\\\/\\\/audi-klaus.at\\\/shop\\\/#website\"},\"primaryImageOfPage\":{\"@id\":\"https:\\\/\\\/audi-klaus.at\\\/shop\\\/produkt\\\/aufi-100-a6-s6-s4-c4-abdeckkappe-fuer-scheinwerferrerinigungsanlage-rechts-4a0807156\\\/#primaryimage\"},\"image\":{\"@id\":\"https:\\\/\\\/audi-klaus.at\\\/shop\\\/produkt\\\/aufi-100-a6-s6-s4-c4-abdeckkappe-fuer-scheinwerferrerinigungsanlage-rechts-4a0807156\\\/#primaryimage\"},\"thumbnailUrl\":\"https:\\\/\\\/audi-klaus.at\\\/shop\\\/wp-content\\\/uploads\\\/2023\\\/01\\\/K2064-2.jpg\",\"datePublished\":\"2023-01-26T12:57:23+00:00\",\"dateModified\":\"2026-01-07T20:55:30+00:00\",\"description\":\"Audi-Klaus Aufi 100\\\/A6\\\/S6\\\/S4\\\/C4 Abdeckkappe f\u00fcr Scheinwerferrerinigungsanlage rechts 4A0807156 Aufi 100\\\/A6\\\/S6\\\/S4\\\/C4 Abdeckkappe f\u00fcr Scheinwerferrerinigungsanlage rechts 4A0807156\",\"breadcrumb\":{\"@id\":\"https:\\\/\\\/audi-klaus.at\\\/shop\\\/produkt\\\/aufi-100-a6-s6-s4-c4-abdeckkappe-fuer-scheinwerferrerinigungsanlage-rechts-4a0807156\\\/#breadcrumb\"},\"inLanguage\":\"de-AT\",\"potentialAction\":[{\"@type\":\"ReadAction\",\"target\":[\"https:\\\/\\\/audi-klaus.at\\\/shop\\\/produkt\\\/aufi-100-a6-s6-s4-c4-abdeckkappe-fuer-scheinwerferrerinigungsanlage-rechts-4a0807156\\\/\"]}]},{\"@type\":\"ImageObject\",\"inLanguage\":\"de-AT\",\"@id\":\"https:\\\/\\\/audi-klaus.at\\\/shop\\\/produkt\\\/aufi-100-a6-s6-s4-c4-abdeckkappe-fuer-scheinwerferrerinigungsanlage-rechts-4a0807156\\\/#primaryimage\",\"url\":\"https:\\\/\\\/audi-klaus.at\\\/shop\\\/wp-content\\\/uploads\\\/2023\\\/01\\\/K2064-2.jpg\",\"contentUrl\":\"https:\\\/\\\/audi-klaus.at\\\/shop\\\/wp-content\\\/uploads\\\/2023\\\/01\\\/K2064-2.jpg\",\"width\":480,\"height\":480},{\"@type\":\"BreadcrumbList\",\"@id\":\"https:\\\/\\\/audi-klaus.at\\\/shop\\\/produkt\\\/aufi-100-a6-s6-s4-c4-abdeckkappe-fuer-scheinwerferrerinigungsanlage-rechts-4a0807156\\\/#breadcrumb\",\"itemListElement\":[{\"@type\":\"ListItem\",\"position\":1,\"name\":\"Startseite\",\"item\":\"https:\\\/\\\/audi-klaus.at\\\/shop\\\/\"},{\"@type\":\"ListItem\",\"position\":2,\"name\":\"Shop\",\"item\":\"https:\\\/\\\/audi-klaus.at\\\/shop\\\/\"},{\"@type\":\"ListItem\",\"position\":3,\"name\":\"Aufi 100\\\/A6\\\/S6\\\/S4\\\/C4 Abdeckkappe f\u00fcr Scheinwerferrerinigungsanlage rechts 4A0807156\"}]},{\"@type\":\"WebSite\",\"@id\":\"https:\\\/\\\/audi-klaus.at\\\/shop\\\/#website\",\"url\":\"https:\\\/\\\/audi-klaus.at\\\/shop\\\/\",\"name\":\"Audi-Klaus\",\"description\":\"Ihr Gebrauchtteile Spezialist f\u00fcr die Marken Audi, VW (VAG)\",\"publisher\":{\"@id\":\"https:\\\/\\\/audi-klaus.at\\\/shop\\\/#organization\"},\"potentialAction\":[{\"@type\":\"SearchAction\",\"target\":{\"@type\":\"EntryPoint\",\"urlTemplate\":\"https:\\\/\\\/audi-klaus.at\\\/shop\\\/?s={search_term_string}\"},\"query-input\":{\"@type\":\"PropertyValueSpecification\",\"valueRequired\":true,\"valueName\":\"search_term_string\"}}],\"inLanguage\":\"de-AT\"},{\"@type\":\"Organization\",\"@id\":\"https:\\\/\\\/audi-klaus.at\\\/shop\\\/#organization\",\"name\":\"Audi-Klaus\",\"url\":\"https:\\\/\\\/audi-klaus.at\\\/shop\\\/\",\"logo\":{\"@type\":\"ImageObject\",\"inLanguage\":\"de-AT\",\"@id\":\"https:\\\/\\\/audi-klaus.at\\\/shop\\\/#\\\/schema\\\/logo\\\/image\\\/\",\"url\":\"https:\\\/\\\/audi-klaus.at\\\/shop\\\/wp-content\\\/uploads\\\/2024\\\/10\\\/Logo-Shop.webp\",\"contentUrl\":\"https:\\\/\\\/audi-klaus.at\\\/shop\\\/wp-content\\\/uploads\\\/2024\\\/10\\\/Logo-Shop.webp\",\"width\":470,\"height\":164,\"caption\":\"Audi-Klaus\"},\"image\":{\"@id\":\"https:\\\/\\\/audi-klaus.at\\\/shop\\\/#\\\/schema\\\/logo\\\/image\\\/\"},\"sameAs\":[\"https:\\\/\\\/www.facebook.com\\\/audi.klaus.1312\\\/\",\"https:\\\/\\\/www.instagram.com\\\/audi_klaus\\\/?igshid=1eca3qu2mdayg\"]}]}<\/script>\n<!-- \/ Yoast SEO plugin. -->","yoast_head_json":{"title":"Aufi 100\/A6\/S6\/S4\/C4 Abdeckkappe f\u00fcr Scheinwerferrerinigungsanlage rechts 4A0807156 - Audi-Klaus","description":"Audi-Klaus Aufi 100\/A6\/S6\/S4\/C4 Abdeckkappe f\u00fcr Scheinwerferrerinigungsanlage rechts 4A0807156 Aufi 100\/A6\/S6\/S4\/C4 Abdeckkappe f\u00fcr Scheinwerferrerinigungsanlage rechts 4A0807156","robots":{"index":"index","follow":"follow","max-snippet":"max-snippet:-1","max-image-preview":"max-image-preview:large","max-video-preview":"max-video-preview:-1"},"canonical":"https:\/\/audi-klaus.at\/shop\/produkt\/aufi-100-a6-s6-s4-c4-abdeckkappe-fuer-scheinwerferrerinigungsanlage-rechts-4a0807156\/","og_locale":"de_DE","og_type":"article","og_title":"Aufi 100\/A6\/S6\/S4\/C4 Abdeckkappe f\u00fcr Scheinwerferrerinigungsanlage rechts 4A0807156 - Audi-Klaus","og_description":"Audi-Klaus Aufi 100\/A6\/S6\/S4\/C4 Abdeckkappe f\u00fcr Scheinwerferrerinigungsanlage rechts 4A0807156 Aufi 100\/A6\/S6\/S4\/C4 Abdeckkappe f\u00fcr Scheinwerferrerinigungsanlage rechts 4A0807156","og_url":"https:\/\/audi-klaus.at\/shop\/produkt\/aufi-100-a6-s6-s4-c4-abdeckkappe-fuer-scheinwerferrerinigungsanlage-rechts-4a0807156\/","og_site_name":"Audi-Klaus","article_publisher":"https:\/\/www.facebook.com\/audi.klaus.1312\/","article_modified_time":"2026-01-07T20:55:30+00:00","og_image":[{"width":480,"height":480,"url":"https:\/\/audi-klaus.at\/shop\/wp-content\/uploads\/2023\/01\/K2064-2.jpg","type":"image\/jpeg"}],"twitter_card":"summary_large_image","twitter_misc":{"Gesch\u00e4tzte Lesezeit":"1 Minute"},"schema":{"@context":"https:\/\/schema.org","@graph":[{"@type":"WebPage","@id":"https:\/\/audi-klaus.at\/shop\/produkt\/aufi-100-a6-s6-s4-c4-abdeckkappe-fuer-scheinwerferrerinigungsanlage-rechts-4a0807156\/","url":"https:\/\/audi-klaus.at\/shop\/produkt\/aufi-100-a6-s6-s4-c4-abdeckkappe-fuer-scheinwerferrerinigungsanlage-rechts-4a0807156\/","name":"Aufi 100\/A6\/S6\/S4\/C4 Abdeckkappe f\u00fcr Scheinwerferrerinigungsanlage rechts 4A0807156 - Audi-Klaus","isPartOf":{"@id":"https:\/\/audi-klaus.at\/shop\/#website"},"primaryImageOfPage":{"@id":"https:\/\/audi-klaus.at\/shop\/produkt\/aufi-100-a6-s6-s4-c4-abdeckkappe-fuer-scheinwerferrerinigungsanlage-rechts-4a0807156\/#primaryimage"},"image":{"@id":"https:\/\/audi-klaus.at\/shop\/produkt\/aufi-100-a6-s6-s4-c4-abdeckkappe-fuer-scheinwerferrerinigungsanlage-rechts-4a0807156\/#primaryimage"},"thumbnailUrl":"https:\/\/audi-klaus.at\/shop\/wp-content\/uploads\/2023\/01\/K2064-2.jpg","datePublished":"2023-01-26T12:57:23+00:00","dateModified":"2026-01-07T20:55:30+00:00","description":"Audi-Klaus Aufi 100\/A6\/S6\/S4\/C4 Abdeckkappe f\u00fcr Scheinwerferrerinigungsanlage rechts 4A0807156 Aufi 100\/A6\/S6\/S4\/C4 Abdeckkappe f\u00fcr Scheinwerferrerinigungsanlage rechts 4A0807156","breadcrumb":{"@id":"https:\/\/audi-klaus.at\/shop\/produkt\/aufi-100-a6-s6-s4-c4-abdeckkappe-fuer-scheinwerferrerinigungsanlage-rechts-4a0807156\/#breadcrumb"},"inLanguage":"de-AT","potentialAction":[{"@type":"ReadAction","target":["https:\/\/audi-klaus.at\/shop\/produkt\/aufi-100-a6-s6-s4-c4-abdeckkappe-fuer-scheinwerferrerinigungsanlage-rechts-4a0807156\/"]}]},{"@type":"ImageObject","inLanguage":"de-AT","@id":"https:\/\/audi-klaus.at\/shop\/produkt\/aufi-100-a6-s6-s4-c4-abdeckkappe-fuer-scheinwerferrerinigungsanlage-rechts-4a0807156\/#primaryimage","url":"https:\/\/audi-klaus.at\/shop\/wp-content\/uploads\/2023\/01\/K2064-2.jpg","contentUrl":"https:\/\/audi-klaus.at\/shop\/wp-content\/uploads\/2023\/01\/K2064-2.jpg","width":480,"height":480},{"@type":"BreadcrumbList","@id":"https:\/\/audi-klaus.at\/shop\/produkt\/aufi-100-a6-s6-s4-c4-abdeckkappe-fuer-scheinwerferrerinigungsanlage-rechts-4a0807156\/#breadcrumb","itemListElement":[{"@type":"ListItem","position":1,"name":"Startseite","item":"https:\/\/audi-klaus.at\/shop\/"},{"@type":"ListItem","position":2,"name":"Shop","item":"https:\/\/audi-klaus.at\/shop\/"},{"@type":"ListItem","position":3,"name":"Aufi 100\/A6\/S6\/S4\/C4 Abdeckkappe f\u00fcr Scheinwerferrerinigungsanlage rechts 4A0807156"}]},{"@type":"WebSite","@id":"https:\/\/audi-klaus.at\/shop\/#website","url":"https:\/\/audi-klaus.at\/shop\/","name":"Audi-Klaus","description":"Ihr Gebrauchtteile Spezialist f\u00fcr die Marken Audi, VW (VAG)","publisher":{"@id":"https:\/\/audi-klaus.at\/shop\/#organization"},"potentialAction":[{"@type":"SearchAction","target":{"@type":"EntryPoint","urlTemplate":"https:\/\/audi-klaus.at\/shop\/?s={search_term_string}"},"query-input":{"@type":"PropertyValueSpecification","valueRequired":true,"valueName":"search_term_string"}}],"inLanguage":"de-AT"},{"@type":"Organization","@id":"https:\/\/audi-klaus.at\/shop\/#organization","name":"Audi-Klaus","url":"https:\/\/audi-klaus.at\/shop\/","logo":{"@type":"ImageObject","inLanguage":"de-AT","@id":"https:\/\/audi-klaus.at\/shop\/#\/schema\/logo\/image\/","url":"https:\/\/audi-klaus.at\/shop\/wp-content\/uploads\/2024\/10\/Logo-Shop.webp","contentUrl":"https:\/\/audi-klaus.at\/shop\/wp-content\/uploads\/2024\/10\/Logo-Shop.webp","width":470,"height":164,"caption":"Audi-Klaus"},"image":{"@id":"https:\/\/audi-klaus.at\/shop\/#\/schema\/logo\/image\/"},"sameAs":["https:\/\/www.facebook.com\/audi.klaus.1312\/","https:\/\/www.instagram.com\/audi_klaus\/?igshid=1eca3qu2mdayg"]}]}},"_links":{"self":[{"href":"https:\/\/audi-klaus.at\/shop\/wp-json\/wp\/v2\/product\/54472","targetHints":{"allow":["GET"]}}],"collection":[{"href":"https:\/\/audi-klaus.at\/shop\/wp-json\/wp\/v2\/product"}],"about":[{"href":"https:\/\/audi-klaus.at\/shop\/wp-json\/wp\/v2\/types\/product"}],"wp:featuredmedia":[{"embeddable":true,"href":"https:\/\/audi-klaus.at\/shop\/wp-json\/wp\/v2\/media\/54430"}],"wp:attachment":[{"href":"https:\/\/audi-klaus.at\/shop\/wp-json\/wp\/v2\/media?parent=54472"}],"wp:term":[{"taxonomy":"product_brand","embeddable":true,"href":"https:\/\/audi-klaus.at\/shop\/wp-json\/wp\/v2\/product_brand?post=54472"},{"taxonomy":"product_cat","embeddable":true,"href":"https:\/\/audi-klaus.at\/shop\/wp-json\/wp\/v2\/product_cat?post=54472"},{"taxonomy":"product_tag","embeddable":true,"href":"https:\/\/audi-klaus.at\/shop\/wp-json\/wp\/v2\/product_tag?post=54472"}],"curies":[{"name":"wp","href":"https:\/\/api.w.org\/{rel}","templated":true}]}}