{"id":54089,"date":"2023-01-24T11:06:05","date_gmt":"2023-01-24T10:06:05","guid":{"rendered":"https:\/\/audi-klaus.at\/shop\/?post_type=product&#038;p=54089"},"modified":"2026-04-08T18:10:26","modified_gmt":"2026-04-08T16:10:26","slug":"audi-80-b4-cabrio-coupe-b3-federbeinrohr-links-893407253e","status":"publish","type":"product","link":"https:\/\/audi-klaus.at\/shop\/produkt\/audi-80-b4-cabrio-coupe-b3-federbeinrohr-links-893407253e\/","title":{"rendered":"Audi 80\/B4\/Cabrio\/Coup\u00e9\/B3 Federbeinrohr links 893407253E"},"content":{"rendered":"<h5 class=\"western\"><span style=\"color: #060606\"><span style=\"font-family: Verdana, serif\"><span style=\"font-size: small\"><b>VAG Teilenummer<\/b><\/span><\/span><\/span><span style=\"color: #060606\"><span style=\"font-family: Verdana, serif\"><span style=\"font-size: small\">: 893 407 253E<\/span><\/span><\/span><\/h5>\n<h5 class=\"western\"><span style=\"color: #060606\"><span style=\"font-family: Verdana, serif\"><span style=\"font-size: small\"><b>Zustand:<\/b><\/span><\/span><\/span><span style=\"color: #060606\"><span style=\"font-family: Verdana, serif\"><span style=\"font-size: small\">\u00a0<\/span><\/span><\/span><span style=\"color: #060606\"><span style=\"font-family: Verdana, serif\"><span style=\"font-size: small\"><span lang=\"de-DE\">Gebraucht<\/span><\/span><\/span><\/span><\/h5>\n<h5 class=\"western\"><span style=\"color: #060606\"><span style=\"font-family: Verdana, serif\"><span style=\"font-size: small\"><b>Lieferumfang:<\/b><\/span><\/span><\/span><span style=\"color: #060606\"><span style=\"font-family: Verdana, serif\"><span style=\"font-size: small\">\u00a0wie in den Original-Abbildungen angegeben<\/span><\/span><\/span><\/h5>\n<h5 class=\"western\"><span style=\"color: #060606\"><span style=\"font-family: Verdana, serif\"><span style=\"font-size: small\"><b>Hinweis:<\/b><\/span><\/span><\/span><span style=\"color: #060606\"><span style=\"font-family: Verdana, serif\"><span style=\"font-size: small\">\u00a0Bitte \u00fcberpr\u00fcfen Sie vor dem Kauf anhand der eindeutigen Teilenummern, ob der Artikel zum Fahrzeug passt, um R\u00fccksendungen zu vermeiden! Trotz Angabe der entsprechenden Fahrzeugdaten ist eine eindeutige Zuordnung nur \u00fcber die Teilenummer m\u00f6glich! Die abgelesene Teilenummer ist die Teilenummer des Teils, welches geliefert wird. Die Originalteilnummer ist diejenige, die bei Neubestellung f\u00fcr dieses Teil gilt und der m\u00f6glicherweise abweichenden, gelieferten Teilenummer entspricht. <\/span><\/span><\/span><\/h5>\n<h5 class=\"western\"><span style=\"color: #060606\"><span style=\"font-family: Verdana, serif\"><span style=\"font-size: small\"><span lang=\"de-DE\">Gebraucht<\/span><\/span><\/span><\/span><span style=\"color: #060606\"><span style=\"font-family: Verdana, serif\"><span style=\"font-size: small\"> mit Gebrauchsspuren in Form von Verunreinigungen\/ kleinen Kratzern m\u00f6glich. Die Ware wird ungereinigt geliefert.<\/span><\/span><\/span><\/h5>\n<h5 class=\"western\"><span style=\"color: #060606\"><span style=\"font-family: Verdana, serif\"><span style=\"font-size: small\">Sollten weitere Fragen offen sein, kontaktieren Sie uns bitte unter\u00a0<\/span><\/span><\/span><a><span style=\"color: #0000ff\"><span style=\"font-family: Verdana, serif\"><span style=\"font-size: small\"><u>office@audi-klaus.at<\/u><\/span><\/span><\/span><\/a><\/h5>\n","protected":false},"excerpt":{"rendered":"<h5><strong><span style=\"color: #000000\"><span style=\"font-family: Source Sans Pro, serif\"><span style=\"font-size: x-large\">Marke: Audi<br \/>\nModell: 80\/Cabrio\/Coup\u00e9<br \/>\nTyp: B4\/B3<\/span><\/span><\/span><\/strong><\/h5>\n<h5><span style=\"color: #c9211e;font-family: Source Sans Pro, serif;font-size: large\"><b>Baujahr 91-96<\/b><\/span><\/h5>\n<h5><strong><span style=\"color: #c9211e\"><span style=\"font-family: Source Sans Pro, serif\"><span style=\"font-size: large\">Aufnahme M14<\/span><\/span><\/span><\/strong><\/h5>\n<h5 class=\"western\"><strong><span style=\"color: #c9211e\"><span style=\"font-family: Source Sans Pro, serif\"><span style=\"font-size: large\">\u00f8 f\u00fcr Sto\u00dfd\u00e4mpferpatrone: 50 mm<\/span><\/span><\/span><\/strong><\/h5>\n<h5><strong><span style=\"color: #c9211e;font-family: Source Sans Pro, serif;font-size: large\">Passendes Zubeh\u00f6r finden sie unter: <\/span><\/strong><\/h5>\n<h5><strong><span style=\"color: #c9211e;font-family: Source Sans Pro, serif;font-size: large\">L337, C1289, C1290<\/span><\/strong><\/h5>\n<h5><strong><span style=\"color: #c9211e\"><span style=\"font-family: Source Sans Pro, serif\"><span style=\"font-size: large\">Gestrahlt \/ lackiert!!<\/span><\/span><\/span><\/strong><\/h5>\n","protected":false},"featured_media":54058,"template":"","meta":[],"product_brand":[],"product_cat":[247,268,32,78,82,83,84,85,87,238],"product_tag":[18170,18174,18175],"class_list":{"0":"post-54089","1":"product","2":"type-product","3":"status-publish","4":"has-post-thumbnail","6":"product_cat-vorder-hinterachse-typ89","7":"product_cat-vorder-hinterachse-b3-80","8":"product_cat-audi","9":"product_cat-78","10":"product_cat-b4-91","11":"product_cat-cabrio80","12":"product_cat-typ89","13":"product_cat-coupe80","14":"product_cat-b3-typ89-80","15":"product_cat-vorder-hinterachse-b4-91","16":"product_tag-18170","17":"product_tag-893407253e","18":"product_tag-l293","20":"first","21":"instock","22":"taxable","23":"shipping-taxable","24":"purchasable","25":"product-type-simple"},"yoast_head":"<!-- This site is optimized with the Yoast SEO plugin v27.5 - https:\/\/yoast.com\/product\/yoast-seo-wordpress\/ -->\n<title>Audi 80\/B4\/Cabrio\/Coup\u00e9\/B3 Federbeinrohr links 893407253E - Audi-Klaus<\/title>\n<meta name=\"description\" content=\"Audi-Klaus Audi 80\/B4\/Cabrio\/Coup\u00e9\/B3 Federbeinrohr links 893407253E Audi 80\/B4\/Cabrio\/Coup\u00e9\/B3 Federbeinrohr links 893407253E\" \/>\n<meta name=\"robots\" content=\"index, follow, max-snippet:-1, max-image-preview:large, max-video-preview:-1\" \/>\n<link rel=\"canonical\" href=\"https:\/\/audi-klaus.at\/shop\/produkt\/audi-80-b4-cabrio-coupe-b3-federbeinrohr-links-893407253e\/\" \/>\n<meta property=\"og:locale\" content=\"de_DE\" \/>\n<meta property=\"og:type\" content=\"article\" \/>\n<meta property=\"og:title\" content=\"Audi 80\/B4\/Cabrio\/Coup\u00e9\/B3 Federbeinrohr links 893407253E - Audi-Klaus\" \/>\n<meta property=\"og:description\" content=\"Audi-Klaus Audi 80\/B4\/Cabrio\/Coup\u00e9\/B3 Federbeinrohr links 893407253E Audi 80\/B4\/Cabrio\/Coup\u00e9\/B3 Federbeinrohr links 893407253E\" \/>\n<meta property=\"og:url\" content=\"https:\/\/audi-klaus.at\/shop\/produkt\/audi-80-b4-cabrio-coupe-b3-federbeinrohr-links-893407253e\/\" \/>\n<meta property=\"og:site_name\" content=\"Audi-Klaus\" \/>\n<meta property=\"article:publisher\" content=\"https:\/\/www.facebook.com\/audi.klaus.1312\/\" \/>\n<meta property=\"article:modified_time\" content=\"2026-04-08T16:10:26+00:00\" \/>\n<meta property=\"og:image\" content=\"https:\/\/audi-klaus.at\/shop\/wp-content\/uploads\/2023\/01\/L293-1.jpg\" \/>\n\t<meta property=\"og:image:width\" content=\"480\" \/>\n\t<meta property=\"og:image:height\" content=\"480\" \/>\n\t<meta property=\"og:image:type\" content=\"image\/jpeg\" \/>\n<meta name=\"twitter:card\" content=\"summary_large_image\" \/>\n<meta name=\"twitter:label1\" content=\"Gesch\u00e4tzte Lesezeit\" \/>\n\t<meta name=\"twitter:data1\" content=\"1 Minute\" \/>\n<script type=\"application\/ld+json\" class=\"yoast-schema-graph\">{\"@context\":\"https:\\\/\\\/schema.org\",\"@graph\":[{\"@type\":\"WebPage\",\"@id\":\"https:\\\/\\\/audi-klaus.at\\\/shop\\\/produkt\\\/audi-80-b4-cabrio-coupe-b3-federbeinrohr-links-893407253e\\\/\",\"url\":\"https:\\\/\\\/audi-klaus.at\\\/shop\\\/produkt\\\/audi-80-b4-cabrio-coupe-b3-federbeinrohr-links-893407253e\\\/\",\"name\":\"Audi 80\\\/B4\\\/Cabrio\\\/Coup\u00e9\\\/B3 Federbeinrohr links 893407253E - Audi-Klaus\",\"isPartOf\":{\"@id\":\"https:\\\/\\\/audi-klaus.at\\\/shop\\\/#website\"},\"primaryImageOfPage\":{\"@id\":\"https:\\\/\\\/audi-klaus.at\\\/shop\\\/produkt\\\/audi-80-b4-cabrio-coupe-b3-federbeinrohr-links-893407253e\\\/#primaryimage\"},\"image\":{\"@id\":\"https:\\\/\\\/audi-klaus.at\\\/shop\\\/produkt\\\/audi-80-b4-cabrio-coupe-b3-federbeinrohr-links-893407253e\\\/#primaryimage\"},\"thumbnailUrl\":\"https:\\\/\\\/audi-klaus.at\\\/shop\\\/wp-content\\\/uploads\\\/2023\\\/01\\\/L293-1.jpg\",\"datePublished\":\"2023-01-24T10:06:05+00:00\",\"dateModified\":\"2026-04-08T16:10:26+00:00\",\"description\":\"Audi-Klaus Audi 80\\\/B4\\\/Cabrio\\\/Coup\u00e9\\\/B3 Federbeinrohr links 893407253E Audi 80\\\/B4\\\/Cabrio\\\/Coup\u00e9\\\/B3 Federbeinrohr links 893407253E\",\"breadcrumb\":{\"@id\":\"https:\\\/\\\/audi-klaus.at\\\/shop\\\/produkt\\\/audi-80-b4-cabrio-coupe-b3-federbeinrohr-links-893407253e\\\/#breadcrumb\"},\"inLanguage\":\"de-AT\",\"potentialAction\":[{\"@type\":\"ReadAction\",\"target\":[\"https:\\\/\\\/audi-klaus.at\\\/shop\\\/produkt\\\/audi-80-b4-cabrio-coupe-b3-federbeinrohr-links-893407253e\\\/\"]}]},{\"@type\":\"ImageObject\",\"inLanguage\":\"de-AT\",\"@id\":\"https:\\\/\\\/audi-klaus.at\\\/shop\\\/produkt\\\/audi-80-b4-cabrio-coupe-b3-federbeinrohr-links-893407253e\\\/#primaryimage\",\"url\":\"https:\\\/\\\/audi-klaus.at\\\/shop\\\/wp-content\\\/uploads\\\/2023\\\/01\\\/L293-1.jpg\",\"contentUrl\":\"https:\\\/\\\/audi-klaus.at\\\/shop\\\/wp-content\\\/uploads\\\/2023\\\/01\\\/L293-1.jpg\",\"width\":480,\"height\":480},{\"@type\":\"BreadcrumbList\",\"@id\":\"https:\\\/\\\/audi-klaus.at\\\/shop\\\/produkt\\\/audi-80-b4-cabrio-coupe-b3-federbeinrohr-links-893407253e\\\/#breadcrumb\",\"itemListElement\":[{\"@type\":\"ListItem\",\"position\":1,\"name\":\"Startseite\",\"item\":\"https:\\\/\\\/audi-klaus.at\\\/shop\\\/\"},{\"@type\":\"ListItem\",\"position\":2,\"name\":\"Shop\",\"item\":\"https:\\\/\\\/audi-klaus.at\\\/shop\\\/\"},{\"@type\":\"ListItem\",\"position\":3,\"name\":\"Audi 80\\\/B4\\\/Cabrio\\\/Coup\u00e9\\\/B3 Federbeinrohr links 893407253E\"}]},{\"@type\":\"WebSite\",\"@id\":\"https:\\\/\\\/audi-klaus.at\\\/shop\\\/#website\",\"url\":\"https:\\\/\\\/audi-klaus.at\\\/shop\\\/\",\"name\":\"Audi-Klaus\",\"description\":\"Ihr Gebrauchtteile Spezialist f\u00fcr die Marken Audi, VW (VAG)\",\"publisher\":{\"@id\":\"https:\\\/\\\/audi-klaus.at\\\/shop\\\/#organization\"},\"potentialAction\":[{\"@type\":\"SearchAction\",\"target\":{\"@type\":\"EntryPoint\",\"urlTemplate\":\"https:\\\/\\\/audi-klaus.at\\\/shop\\\/?s={search_term_string}\"},\"query-input\":{\"@type\":\"PropertyValueSpecification\",\"valueRequired\":true,\"valueName\":\"search_term_string\"}}],\"inLanguage\":\"de-AT\"},{\"@type\":\"Organization\",\"@id\":\"https:\\\/\\\/audi-klaus.at\\\/shop\\\/#organization\",\"name\":\"Audi-Klaus\",\"url\":\"https:\\\/\\\/audi-klaus.at\\\/shop\\\/\",\"logo\":{\"@type\":\"ImageObject\",\"inLanguage\":\"de-AT\",\"@id\":\"https:\\\/\\\/audi-klaus.at\\\/shop\\\/#\\\/schema\\\/logo\\\/image\\\/\",\"url\":\"https:\\\/\\\/audi-klaus.at\\\/shop\\\/wp-content\\\/uploads\\\/2024\\\/10\\\/Logo-Shop.webp\",\"contentUrl\":\"https:\\\/\\\/audi-klaus.at\\\/shop\\\/wp-content\\\/uploads\\\/2024\\\/10\\\/Logo-Shop.webp\",\"width\":470,\"height\":164,\"caption\":\"Audi-Klaus\"},\"image\":{\"@id\":\"https:\\\/\\\/audi-klaus.at\\\/shop\\\/#\\\/schema\\\/logo\\\/image\\\/\"},\"sameAs\":[\"https:\\\/\\\/www.facebook.com\\\/audi.klaus.1312\\\/\",\"https:\\\/\\\/www.instagram.com\\\/audi_klaus\\\/?igshid=1eca3qu2mdayg\"]}]}<\/script>\n<!-- \/ Yoast SEO plugin. -->","yoast_head_json":{"title":"Audi 80\/B4\/Cabrio\/Coup\u00e9\/B3 Federbeinrohr links 893407253E - Audi-Klaus","description":"Audi-Klaus Audi 80\/B4\/Cabrio\/Coup\u00e9\/B3 Federbeinrohr links 893407253E Audi 80\/B4\/Cabrio\/Coup\u00e9\/B3 Federbeinrohr links 893407253E","robots":{"index":"index","follow":"follow","max-snippet":"max-snippet:-1","max-image-preview":"max-image-preview:large","max-video-preview":"max-video-preview:-1"},"canonical":"https:\/\/audi-klaus.at\/shop\/produkt\/audi-80-b4-cabrio-coupe-b3-federbeinrohr-links-893407253e\/","og_locale":"de_DE","og_type":"article","og_title":"Audi 80\/B4\/Cabrio\/Coup\u00e9\/B3 Federbeinrohr links 893407253E - Audi-Klaus","og_description":"Audi-Klaus Audi 80\/B4\/Cabrio\/Coup\u00e9\/B3 Federbeinrohr links 893407253E Audi 80\/B4\/Cabrio\/Coup\u00e9\/B3 Federbeinrohr links 893407253E","og_url":"https:\/\/audi-klaus.at\/shop\/produkt\/audi-80-b4-cabrio-coupe-b3-federbeinrohr-links-893407253e\/","og_site_name":"Audi-Klaus","article_publisher":"https:\/\/www.facebook.com\/audi.klaus.1312\/","article_modified_time":"2026-04-08T16:10:26+00:00","og_image":[{"width":480,"height":480,"url":"https:\/\/audi-klaus.at\/shop\/wp-content\/uploads\/2023\/01\/L293-1.jpg","type":"image\/jpeg"}],"twitter_card":"summary_large_image","twitter_misc":{"Gesch\u00e4tzte Lesezeit":"1 Minute"},"schema":{"@context":"https:\/\/schema.org","@graph":[{"@type":"WebPage","@id":"https:\/\/audi-klaus.at\/shop\/produkt\/audi-80-b4-cabrio-coupe-b3-federbeinrohr-links-893407253e\/","url":"https:\/\/audi-klaus.at\/shop\/produkt\/audi-80-b4-cabrio-coupe-b3-federbeinrohr-links-893407253e\/","name":"Audi 80\/B4\/Cabrio\/Coup\u00e9\/B3 Federbeinrohr links 893407253E - Audi-Klaus","isPartOf":{"@id":"https:\/\/audi-klaus.at\/shop\/#website"},"primaryImageOfPage":{"@id":"https:\/\/audi-klaus.at\/shop\/produkt\/audi-80-b4-cabrio-coupe-b3-federbeinrohr-links-893407253e\/#primaryimage"},"image":{"@id":"https:\/\/audi-klaus.at\/shop\/produkt\/audi-80-b4-cabrio-coupe-b3-federbeinrohr-links-893407253e\/#primaryimage"},"thumbnailUrl":"https:\/\/audi-klaus.at\/shop\/wp-content\/uploads\/2023\/01\/L293-1.jpg","datePublished":"2023-01-24T10:06:05+00:00","dateModified":"2026-04-08T16:10:26+00:00","description":"Audi-Klaus Audi 80\/B4\/Cabrio\/Coup\u00e9\/B3 Federbeinrohr links 893407253E Audi 80\/B4\/Cabrio\/Coup\u00e9\/B3 Federbeinrohr links 893407253E","breadcrumb":{"@id":"https:\/\/audi-klaus.at\/shop\/produkt\/audi-80-b4-cabrio-coupe-b3-federbeinrohr-links-893407253e\/#breadcrumb"},"inLanguage":"de-AT","potentialAction":[{"@type":"ReadAction","target":["https:\/\/audi-klaus.at\/shop\/produkt\/audi-80-b4-cabrio-coupe-b3-federbeinrohr-links-893407253e\/"]}]},{"@type":"ImageObject","inLanguage":"de-AT","@id":"https:\/\/audi-klaus.at\/shop\/produkt\/audi-80-b4-cabrio-coupe-b3-federbeinrohr-links-893407253e\/#primaryimage","url":"https:\/\/audi-klaus.at\/shop\/wp-content\/uploads\/2023\/01\/L293-1.jpg","contentUrl":"https:\/\/audi-klaus.at\/shop\/wp-content\/uploads\/2023\/01\/L293-1.jpg","width":480,"height":480},{"@type":"BreadcrumbList","@id":"https:\/\/audi-klaus.at\/shop\/produkt\/audi-80-b4-cabrio-coupe-b3-federbeinrohr-links-893407253e\/#breadcrumb","itemListElement":[{"@type":"ListItem","position":1,"name":"Startseite","item":"https:\/\/audi-klaus.at\/shop\/"},{"@type":"ListItem","position":2,"name":"Shop","item":"https:\/\/audi-klaus.at\/shop\/"},{"@type":"ListItem","position":3,"name":"Audi 80\/B4\/Cabrio\/Coup\u00e9\/B3 Federbeinrohr links 893407253E"}]},{"@type":"WebSite","@id":"https:\/\/audi-klaus.at\/shop\/#website","url":"https:\/\/audi-klaus.at\/shop\/","name":"Audi-Klaus","description":"Ihr Gebrauchtteile Spezialist f\u00fcr die Marken Audi, VW (VAG)","publisher":{"@id":"https:\/\/audi-klaus.at\/shop\/#organization"},"potentialAction":[{"@type":"SearchAction","target":{"@type":"EntryPoint","urlTemplate":"https:\/\/audi-klaus.at\/shop\/?s={search_term_string}"},"query-input":{"@type":"PropertyValueSpecification","valueRequired":true,"valueName":"search_term_string"}}],"inLanguage":"de-AT"},{"@type":"Organization","@id":"https:\/\/audi-klaus.at\/shop\/#organization","name":"Audi-Klaus","url":"https:\/\/audi-klaus.at\/shop\/","logo":{"@type":"ImageObject","inLanguage":"de-AT","@id":"https:\/\/audi-klaus.at\/shop\/#\/schema\/logo\/image\/","url":"https:\/\/audi-klaus.at\/shop\/wp-content\/uploads\/2024\/10\/Logo-Shop.webp","contentUrl":"https:\/\/audi-klaus.at\/shop\/wp-content\/uploads\/2024\/10\/Logo-Shop.webp","width":470,"height":164,"caption":"Audi-Klaus"},"image":{"@id":"https:\/\/audi-klaus.at\/shop\/#\/schema\/logo\/image\/"},"sameAs":["https:\/\/www.facebook.com\/audi.klaus.1312\/","https:\/\/www.instagram.com\/audi_klaus\/?igshid=1eca3qu2mdayg"]}]}},"_links":{"self":[{"href":"https:\/\/audi-klaus.at\/shop\/wp-json\/wp\/v2\/product\/54089","targetHints":{"allow":["GET"]}}],"collection":[{"href":"https:\/\/audi-klaus.at\/shop\/wp-json\/wp\/v2\/product"}],"about":[{"href":"https:\/\/audi-klaus.at\/shop\/wp-json\/wp\/v2\/types\/product"}],"wp:featuredmedia":[{"embeddable":true,"href":"https:\/\/audi-klaus.at\/shop\/wp-json\/wp\/v2\/media\/54058"}],"wp:attachment":[{"href":"https:\/\/audi-klaus.at\/shop\/wp-json\/wp\/v2\/media?parent=54089"}],"wp:term":[{"taxonomy":"product_brand","embeddable":true,"href":"https:\/\/audi-klaus.at\/shop\/wp-json\/wp\/v2\/product_brand?post=54089"},{"taxonomy":"product_cat","embeddable":true,"href":"https:\/\/audi-klaus.at\/shop\/wp-json\/wp\/v2\/product_cat?post=54089"},{"taxonomy":"product_tag","embeddable":true,"href":"https:\/\/audi-klaus.at\/shop\/wp-json\/wp\/v2\/product_tag?post=54089"}],"curies":[{"name":"wp","href":"https:\/\/api.w.org\/{rel}","templated":true}]}}