{"id":53868,"date":"2023-01-19T15:15:34","date_gmt":"2023-01-19T14:15:34","guid":{"rendered":"https:\/\/audi-klaus.at\/shop\/?post_type=product&#038;p=53868"},"modified":"2026-01-07T21:55:19","modified_gmt":"2026-01-07T20:55:19","slug":"volkswagen-vw-t1-camper-bus-summer-love-recycelte-plastikflaschen-rpet-wiederverwendbare-einkaufstasche","status":"publish","type":"product","link":"https:\/\/audi-klaus.at\/shop\/produkt\/volkswagen-vw-t1-camper-bus-summer-love-recycelte-plastikflaschen-rpet-wiederverwendbare-einkaufstasche\/","title":{"rendered":"Volkswagen VW T1 Camper Bus Summer Love Recycelte Plastikflaschen RPET Wiederverwendbare Einkaufstasche"},"content":{"rendered":"<h5 class=\"western\"><span style=\"color: #060606;\"><span style=\"font-family: Verdana, serif;\"><span style=\"font-size: small;\"><b>Zustand:<\/b><\/span><\/span><\/span><span style=\"color: #060606;\"><span style=\"font-family: Verdana, serif;\"><span style=\"font-size: small;\">\u00a0 <\/span><\/span><\/span><span style=\"color: #060606;\"><span style=\"font-family: Verdana, serif;\"><span style=\"font-size: small;\"><span lang=\"de-DE\">NEU<\/span><\/span><\/span><\/span><\/h5>\n<h5 class=\"western\"><span style=\"color: #060606;\"><span style=\"font-family: Verdana, serif;\"><span style=\"font-size: small;\"><b>Lieferumfang:<\/b><\/span><\/span><\/span><span style=\"color: #060606;\"><span style=\"font-family: Verdana, serif;\"><span style=\"font-size: small;\">\u00a0wie in den Original-Abbildungen angegeben<\/span><\/span><\/span><\/h5>\n<h5 class=\"western\"><span style=\"color: #060606;\"><span style=\"font-family: Verdana, serif;\"><span style=\"font-size: small;\"><b>Hinweis:<\/b><\/span><\/span><\/span><span style=\"color: #060606;\"><span style=\"font-family: Verdana, serif;\"><span style=\"font-size: small;\">\u00a0Bitte \u00fcberpr\u00fcfen Sie vor dem Kauf anhand der eindeutigen Teilenummern, ob der Artikel zum Fahrzeug passt, um R\u00fccksendungen zu vermeiden! Trotz Angabe der entsprechenden Fahrzeugdaten ist eine eindeutige Zuordnung nur \u00fcber die Teilenummer m\u00f6glich! Die abgelesene Teilenummer ist die Teilenummer des Teils, welches geliefert wird. Die Originalteilnummer ist diejenige, die bei Neubestellung f\u00fcr dieses Teil gilt und der m\u00f6glicherweise abweichenden, gelieferten Teilenummer entspricht. Sollten weitere Fragen offen sein, kontaktieren Sie uns bitte unter\u00a0<\/span><\/span><\/span><a href=\"mailto:office@audi-klaus.at\"><span style=\"color: #0000ff;\"><span style=\"font-family: Verdana, serif;\"><span style=\"font-size: small;\"><u>office@audi-klaus.at<\/u><\/span><\/span><\/span><\/a><\/h5>\n<h5 class=\"western\"><strong>Lizenzinformationen:<\/strong><\/h5>\n<p>Diese Produkte sind vollst\u00e4ndig lizenziert.<\/p>\n","protected":false},"excerpt":{"rendered":"<p><strong>Produktbeschreibung<\/strong><\/p>\n<div class=\"value\">\n<p><strong>Volkswagen VW T1 Camper Bus Summer Love Recycelte Plastikflaschen RPET Wiederverwendbare Einkaufstasche<\/strong><\/p>\n<ul>\n<li><strong>Material:\u00a0Flaschen aus recyceltem RPET-Kunststoff und Griffe aus Polypropylen-Gurtband<\/strong><\/li>\n<\/ul>\n<\/div>\n","protected":false},"featured_media":53869,"template":"","meta":[],"product_brand":[],"product_cat":[1164,2502],"product_tag":[18063,18064],"class_list":{"0":"post-53868","1":"product","2":"type-product","3":"status-publish","4":"has-post-thumbnail","6":"product_cat-vw","7":"product_cat-merchandising","8":"product_tag-volkswagen-vw-t1-camper-bus-summer-love-recycelte-plastikflaschen-rpet-wiederverwendbare-einkaufstasche","9":"product_tag-fan94","11":"first","12":"instock","13":"taxable","14":"shipping-taxable","15":"purchasable","16":"product-type-simple"},"yoast_head":"<!-- This site is optimized with the Yoast SEO plugin v27.5 - https:\/\/yoast.com\/product\/yoast-seo-wordpress\/ -->\n<title>Volkswagen VW T1 Camper Bus Summer Love Recycelte Plastikflaschen RPET Wiederverwendbare Einkaufstasche - Audi-Klaus<\/title>\n<meta name=\"robots\" content=\"index, follow, max-snippet:-1, max-image-preview:large, max-video-preview:-1\" \/>\n<link rel=\"canonical\" href=\"https:\/\/audi-klaus.at\/shop\/produkt\/volkswagen-vw-t1-camper-bus-summer-love-recycelte-plastikflaschen-rpet-wiederverwendbare-einkaufstasche\/\" \/>\n<meta property=\"og:locale\" content=\"de_DE\" \/>\n<meta property=\"og:type\" content=\"article\" \/>\n<meta property=\"og:title\" content=\"Volkswagen VW T1 Camper Bus Summer Love Recycelte Plastikflaschen RPET Wiederverwendbare Einkaufstasche - Audi-Klaus\" \/>\n<meta property=\"og:description\" content=\"Produktbeschreibung   Volkswagen VW T1 Camper Bus Summer Love Recycelte Plastikflaschen RPET Wiederverwendbare Einkaufstasche   Material:\u00a0Flaschen aus recyceltem RPET-Kunststoff und Griffe aus Polypropylen-Gurtband\" \/>\n<meta property=\"og:url\" content=\"https:\/\/audi-klaus.at\/shop\/produkt\/volkswagen-vw-t1-camper-bus-summer-love-recycelte-plastikflaschen-rpet-wiederverwendbare-einkaufstasche\/\" \/>\n<meta property=\"og:site_name\" content=\"Audi-Klaus\" \/>\n<meta property=\"article:publisher\" content=\"https:\/\/www.facebook.com\/audi.klaus.1312\/\" \/>\n<meta property=\"article:modified_time\" content=\"2026-01-07T20:55:19+00:00\" \/>\n<meta property=\"og:image\" content=\"https:\/\/audi-klaus.at\/shop\/wp-content\/uploads\/2023\/01\/FAN94.jpg\" \/>\n\t<meta property=\"og:image:width\" content=\"418\" \/>\n\t<meta property=\"og:image:height\" content=\"418\" \/>\n\t<meta property=\"og:image:type\" content=\"image\/jpeg\" \/>\n<meta name=\"twitter:card\" content=\"summary_large_image\" \/>\n<meta name=\"twitter:label1\" content=\"Gesch\u00e4tzte Lesezeit\" \/>\n\t<meta name=\"twitter:data1\" content=\"1 Minute\" \/>\n<script type=\"application\/ld+json\" class=\"yoast-schema-graph\">{\"@context\":\"https:\\\/\\\/schema.org\",\"@graph\":[{\"@type\":\"WebPage\",\"@id\":\"https:\\\/\\\/audi-klaus.at\\\/shop\\\/produkt\\\/volkswagen-vw-t1-camper-bus-summer-love-recycelte-plastikflaschen-rpet-wiederverwendbare-einkaufstasche\\\/\",\"url\":\"https:\\\/\\\/audi-klaus.at\\\/shop\\\/produkt\\\/volkswagen-vw-t1-camper-bus-summer-love-recycelte-plastikflaschen-rpet-wiederverwendbare-einkaufstasche\\\/\",\"name\":\"Volkswagen VW T1 Camper Bus Summer Love Recycelte Plastikflaschen RPET Wiederverwendbare Einkaufstasche - Audi-Klaus\",\"isPartOf\":{\"@id\":\"https:\\\/\\\/audi-klaus.at\\\/shop\\\/#website\"},\"primaryImageOfPage\":{\"@id\":\"https:\\\/\\\/audi-klaus.at\\\/shop\\\/produkt\\\/volkswagen-vw-t1-camper-bus-summer-love-recycelte-plastikflaschen-rpet-wiederverwendbare-einkaufstasche\\\/#primaryimage\"},\"image\":{\"@id\":\"https:\\\/\\\/audi-klaus.at\\\/shop\\\/produkt\\\/volkswagen-vw-t1-camper-bus-summer-love-recycelte-plastikflaschen-rpet-wiederverwendbare-einkaufstasche\\\/#primaryimage\"},\"thumbnailUrl\":\"https:\\\/\\\/audi-klaus.at\\\/shop\\\/wp-content\\\/uploads\\\/2023\\\/01\\\/FAN94.jpg\",\"datePublished\":\"2023-01-19T14:15:34+00:00\",\"dateModified\":\"2026-01-07T20:55:19+00:00\",\"breadcrumb\":{\"@id\":\"https:\\\/\\\/audi-klaus.at\\\/shop\\\/produkt\\\/volkswagen-vw-t1-camper-bus-summer-love-recycelte-plastikflaschen-rpet-wiederverwendbare-einkaufstasche\\\/#breadcrumb\"},\"inLanguage\":\"de-AT\",\"potentialAction\":[{\"@type\":\"ReadAction\",\"target\":[\"https:\\\/\\\/audi-klaus.at\\\/shop\\\/produkt\\\/volkswagen-vw-t1-camper-bus-summer-love-recycelte-plastikflaschen-rpet-wiederverwendbare-einkaufstasche\\\/\"]}]},{\"@type\":\"ImageObject\",\"inLanguage\":\"de-AT\",\"@id\":\"https:\\\/\\\/audi-klaus.at\\\/shop\\\/produkt\\\/volkswagen-vw-t1-camper-bus-summer-love-recycelte-plastikflaschen-rpet-wiederverwendbare-einkaufstasche\\\/#primaryimage\",\"url\":\"https:\\\/\\\/audi-klaus.at\\\/shop\\\/wp-content\\\/uploads\\\/2023\\\/01\\\/FAN94.jpg\",\"contentUrl\":\"https:\\\/\\\/audi-klaus.at\\\/shop\\\/wp-content\\\/uploads\\\/2023\\\/01\\\/FAN94.jpg\",\"width\":418,\"height\":418},{\"@type\":\"BreadcrumbList\",\"@id\":\"https:\\\/\\\/audi-klaus.at\\\/shop\\\/produkt\\\/volkswagen-vw-t1-camper-bus-summer-love-recycelte-plastikflaschen-rpet-wiederverwendbare-einkaufstasche\\\/#breadcrumb\",\"itemListElement\":[{\"@type\":\"ListItem\",\"position\":1,\"name\":\"Startseite\",\"item\":\"https:\\\/\\\/audi-klaus.at\\\/shop\\\/\"},{\"@type\":\"ListItem\",\"position\":2,\"name\":\"Shop\",\"item\":\"https:\\\/\\\/audi-klaus.at\\\/shop\\\/\"},{\"@type\":\"ListItem\",\"position\":3,\"name\":\"Volkswagen VW T1 Camper Bus Summer Love Recycelte Plastikflaschen RPET Wiederverwendbare Einkaufstasche\"}]},{\"@type\":\"WebSite\",\"@id\":\"https:\\\/\\\/audi-klaus.at\\\/shop\\\/#website\",\"url\":\"https:\\\/\\\/audi-klaus.at\\\/shop\\\/\",\"name\":\"Audi-Klaus\",\"description\":\"Ihr Gebrauchtteile Spezialist f\u00fcr die Marken Audi, VW (VAG)\",\"publisher\":{\"@id\":\"https:\\\/\\\/audi-klaus.at\\\/shop\\\/#organization\"},\"potentialAction\":[{\"@type\":\"SearchAction\",\"target\":{\"@type\":\"EntryPoint\",\"urlTemplate\":\"https:\\\/\\\/audi-klaus.at\\\/shop\\\/?s={search_term_string}\"},\"query-input\":{\"@type\":\"PropertyValueSpecification\",\"valueRequired\":true,\"valueName\":\"search_term_string\"}}],\"inLanguage\":\"de-AT\"},{\"@type\":\"Organization\",\"@id\":\"https:\\\/\\\/audi-klaus.at\\\/shop\\\/#organization\",\"name\":\"Audi-Klaus\",\"url\":\"https:\\\/\\\/audi-klaus.at\\\/shop\\\/\",\"logo\":{\"@type\":\"ImageObject\",\"inLanguage\":\"de-AT\",\"@id\":\"https:\\\/\\\/audi-klaus.at\\\/shop\\\/#\\\/schema\\\/logo\\\/image\\\/\",\"url\":\"https:\\\/\\\/audi-klaus.at\\\/shop\\\/wp-content\\\/uploads\\\/2024\\\/10\\\/Logo-Shop.webp\",\"contentUrl\":\"https:\\\/\\\/audi-klaus.at\\\/shop\\\/wp-content\\\/uploads\\\/2024\\\/10\\\/Logo-Shop.webp\",\"width\":470,\"height\":164,\"caption\":\"Audi-Klaus\"},\"image\":{\"@id\":\"https:\\\/\\\/audi-klaus.at\\\/shop\\\/#\\\/schema\\\/logo\\\/image\\\/\"},\"sameAs\":[\"https:\\\/\\\/www.facebook.com\\\/audi.klaus.1312\\\/\",\"https:\\\/\\\/www.instagram.com\\\/audi_klaus\\\/?igshid=1eca3qu2mdayg\"]}]}<\/script>\n<!-- \/ Yoast SEO plugin. -->","yoast_head_json":{"title":"Volkswagen VW T1 Camper Bus Summer Love Recycelte Plastikflaschen RPET Wiederverwendbare Einkaufstasche - Audi-Klaus","robots":{"index":"index","follow":"follow","max-snippet":"max-snippet:-1","max-image-preview":"max-image-preview:large","max-video-preview":"max-video-preview:-1"},"canonical":"https:\/\/audi-klaus.at\/shop\/produkt\/volkswagen-vw-t1-camper-bus-summer-love-recycelte-plastikflaschen-rpet-wiederverwendbare-einkaufstasche\/","og_locale":"de_DE","og_type":"article","og_title":"Volkswagen VW T1 Camper Bus Summer Love Recycelte Plastikflaschen RPET Wiederverwendbare Einkaufstasche - Audi-Klaus","og_description":"Produktbeschreibung   Volkswagen VW T1 Camper Bus Summer Love Recycelte Plastikflaschen RPET Wiederverwendbare Einkaufstasche   Material:\u00a0Flaschen aus recyceltem RPET-Kunststoff und Griffe aus Polypropylen-Gurtband","og_url":"https:\/\/audi-klaus.at\/shop\/produkt\/volkswagen-vw-t1-camper-bus-summer-love-recycelte-plastikflaschen-rpet-wiederverwendbare-einkaufstasche\/","og_site_name":"Audi-Klaus","article_publisher":"https:\/\/www.facebook.com\/audi.klaus.1312\/","article_modified_time":"2026-01-07T20:55:19+00:00","og_image":[{"width":418,"height":418,"url":"https:\/\/audi-klaus.at\/shop\/wp-content\/uploads\/2023\/01\/FAN94.jpg","type":"image\/jpeg"}],"twitter_card":"summary_large_image","twitter_misc":{"Gesch\u00e4tzte Lesezeit":"1 Minute"},"schema":{"@context":"https:\/\/schema.org","@graph":[{"@type":"WebPage","@id":"https:\/\/audi-klaus.at\/shop\/produkt\/volkswagen-vw-t1-camper-bus-summer-love-recycelte-plastikflaschen-rpet-wiederverwendbare-einkaufstasche\/","url":"https:\/\/audi-klaus.at\/shop\/produkt\/volkswagen-vw-t1-camper-bus-summer-love-recycelte-plastikflaschen-rpet-wiederverwendbare-einkaufstasche\/","name":"Volkswagen VW T1 Camper Bus Summer Love Recycelte Plastikflaschen RPET Wiederverwendbare Einkaufstasche - Audi-Klaus","isPartOf":{"@id":"https:\/\/audi-klaus.at\/shop\/#website"},"primaryImageOfPage":{"@id":"https:\/\/audi-klaus.at\/shop\/produkt\/volkswagen-vw-t1-camper-bus-summer-love-recycelte-plastikflaschen-rpet-wiederverwendbare-einkaufstasche\/#primaryimage"},"image":{"@id":"https:\/\/audi-klaus.at\/shop\/produkt\/volkswagen-vw-t1-camper-bus-summer-love-recycelte-plastikflaschen-rpet-wiederverwendbare-einkaufstasche\/#primaryimage"},"thumbnailUrl":"https:\/\/audi-klaus.at\/shop\/wp-content\/uploads\/2023\/01\/FAN94.jpg","datePublished":"2023-01-19T14:15:34+00:00","dateModified":"2026-01-07T20:55:19+00:00","breadcrumb":{"@id":"https:\/\/audi-klaus.at\/shop\/produkt\/volkswagen-vw-t1-camper-bus-summer-love-recycelte-plastikflaschen-rpet-wiederverwendbare-einkaufstasche\/#breadcrumb"},"inLanguage":"de-AT","potentialAction":[{"@type":"ReadAction","target":["https:\/\/audi-klaus.at\/shop\/produkt\/volkswagen-vw-t1-camper-bus-summer-love-recycelte-plastikflaschen-rpet-wiederverwendbare-einkaufstasche\/"]}]},{"@type":"ImageObject","inLanguage":"de-AT","@id":"https:\/\/audi-klaus.at\/shop\/produkt\/volkswagen-vw-t1-camper-bus-summer-love-recycelte-plastikflaschen-rpet-wiederverwendbare-einkaufstasche\/#primaryimage","url":"https:\/\/audi-klaus.at\/shop\/wp-content\/uploads\/2023\/01\/FAN94.jpg","contentUrl":"https:\/\/audi-klaus.at\/shop\/wp-content\/uploads\/2023\/01\/FAN94.jpg","width":418,"height":418},{"@type":"BreadcrumbList","@id":"https:\/\/audi-klaus.at\/shop\/produkt\/volkswagen-vw-t1-camper-bus-summer-love-recycelte-plastikflaschen-rpet-wiederverwendbare-einkaufstasche\/#breadcrumb","itemListElement":[{"@type":"ListItem","position":1,"name":"Startseite","item":"https:\/\/audi-klaus.at\/shop\/"},{"@type":"ListItem","position":2,"name":"Shop","item":"https:\/\/audi-klaus.at\/shop\/"},{"@type":"ListItem","position":3,"name":"Volkswagen VW T1 Camper Bus Summer Love Recycelte Plastikflaschen RPET Wiederverwendbare Einkaufstasche"}]},{"@type":"WebSite","@id":"https:\/\/audi-klaus.at\/shop\/#website","url":"https:\/\/audi-klaus.at\/shop\/","name":"Audi-Klaus","description":"Ihr Gebrauchtteile Spezialist f\u00fcr die Marken Audi, VW (VAG)","publisher":{"@id":"https:\/\/audi-klaus.at\/shop\/#organization"},"potentialAction":[{"@type":"SearchAction","target":{"@type":"EntryPoint","urlTemplate":"https:\/\/audi-klaus.at\/shop\/?s={search_term_string}"},"query-input":{"@type":"PropertyValueSpecification","valueRequired":true,"valueName":"search_term_string"}}],"inLanguage":"de-AT"},{"@type":"Organization","@id":"https:\/\/audi-klaus.at\/shop\/#organization","name":"Audi-Klaus","url":"https:\/\/audi-klaus.at\/shop\/","logo":{"@type":"ImageObject","inLanguage":"de-AT","@id":"https:\/\/audi-klaus.at\/shop\/#\/schema\/logo\/image\/","url":"https:\/\/audi-klaus.at\/shop\/wp-content\/uploads\/2024\/10\/Logo-Shop.webp","contentUrl":"https:\/\/audi-klaus.at\/shop\/wp-content\/uploads\/2024\/10\/Logo-Shop.webp","width":470,"height":164,"caption":"Audi-Klaus"},"image":{"@id":"https:\/\/audi-klaus.at\/shop\/#\/schema\/logo\/image\/"},"sameAs":["https:\/\/www.facebook.com\/audi.klaus.1312\/","https:\/\/www.instagram.com\/audi_klaus\/?igshid=1eca3qu2mdayg"]}]}},"_links":{"self":[{"href":"https:\/\/audi-klaus.at\/shop\/wp-json\/wp\/v2\/product\/53868","targetHints":{"allow":["GET"]}}],"collection":[{"href":"https:\/\/audi-klaus.at\/shop\/wp-json\/wp\/v2\/product"}],"about":[{"href":"https:\/\/audi-klaus.at\/shop\/wp-json\/wp\/v2\/types\/product"}],"wp:featuredmedia":[{"embeddable":true,"href":"https:\/\/audi-klaus.at\/shop\/wp-json\/wp\/v2\/media\/53869"}],"wp:attachment":[{"href":"https:\/\/audi-klaus.at\/shop\/wp-json\/wp\/v2\/media?parent=53868"}],"wp:term":[{"taxonomy":"product_brand","embeddable":true,"href":"https:\/\/audi-klaus.at\/shop\/wp-json\/wp\/v2\/product_brand?post=53868"},{"taxonomy":"product_cat","embeddable":true,"href":"https:\/\/audi-klaus.at\/shop\/wp-json\/wp\/v2\/product_cat?post=53868"},{"taxonomy":"product_tag","embeddable":true,"href":"https:\/\/audi-klaus.at\/shop\/wp-json\/wp\/v2\/product_tag?post=53868"}],"curies":[{"name":"wp","href":"https:\/\/api.w.org\/{rel}","templated":true}]}}