{"id":52563,"date":"2022-12-08T17:42:27","date_gmt":"2022-12-08T16:42:27","guid":{"rendered":"https:\/\/audi-klaus.at\/shop\/?post_type=product&#038;p=52563"},"modified":"2026-01-07T21:55:01","modified_gmt":"2026-01-07T20:55:01","slug":"audi-vw-derby-golf-jetta-polo-scirocco-2-original-unterdruckdose-zuendverteiler-nos-036905271","status":"publish","type":"product","link":"https:\/\/audi-klaus.at\/shop\/produkt\/audi-vw-derby-golf-jetta-polo-scirocco-2-original-unterdruckdose-zuendverteiler-nos-036905271\/","title":{"rendered":"Audi\/Vw Derby\/Golf\/Jetta\/Polo\/Scirocco\/2 Original Unterdruckdose Z\u00fcndverteiler NOS 036905271"},"content":{"rendered":"<h5 class=\"western\"><span style=\"font-size: small;\"><span style=\"color: #060606;\"><span style=\"font-family: Verdana, serif;\"><b>VAG Teilenummer<\/b><\/span><\/span><span style=\"color: #060606;\"><span style=\"font-family: Verdana, serif;\">: 036 905 271<\/span><\/span><\/span><\/h5>\n<h5 class=\"western\"><span style=\"font-size: small;\"><span style=\"color: #060606;\"><span style=\"font-family: Verdana, serif;\"><b>Zustand:<\/b><\/span><\/span><span style=\"color: #060606;\"><span style=\"font-family: Verdana, serif;\">\u00a0<\/span><\/span><span style=\"color: #060606;\"><span style=\"font-family: Verdana, serif;\"><span lang=\"de-DE\">NOS (kann Lagerspuren aufweisen<\/span><\/span><\/span><span style=\"color: #060606;\"><span style=\"font-family: Verdana, serif;\"><span lang=\"de-DE\">)<\/span><\/span><\/span><\/span><\/h5>\n<h5 class=\"western\"><span style=\"color: #060606;\"><span style=\"font-family: Verdana, serif;\"><span style=\"font-size: small;\"><b>Lieferumfang:<\/b><\/span><\/span><\/span><span style=\"color: #060606;\"><span style=\"font-family: Verdana, serif;\"><span style=\"font-size: small;\">\u00a0wie in den Original-Abbildungen angegeben<\/span><\/span><\/span><\/h5>\n<h5 class=\"western\"><span style=\"color: #060606;\"><span style=\"font-family: Verdana, serif;\"><span style=\"font-size: small;\"><b>Hinweis:<\/b><\/span><\/span><\/span><span style=\"color: #060606;\"><span style=\"font-family: Verdana, serif;\"><span style=\"font-size: small;\">\u00a0Bitte \u00fcberpr\u00fcfen Sie vor dem Kauf anhand der eindeutigen Teilenummern, ob der Artikel zum Fahrzeug passt, um R\u00fccksendungen zu vermeiden! Trotz Angabe der entsprechenden Fahrzeugdaten ist eine eindeutige Zuordnung nur \u00fcber die Teilenummer m\u00f6glich! Die abgelesene Teilenummer ist die Teilenummer des Teils, welches geliefert wird. Die Originalteilnummer ist diejenige, die bei Neubestellung f\u00fcr dieses Teil gilt und der m\u00f6glicherweise abweichenden, gelieferten Teilenummer entspricht. <\/span><\/span><\/span><\/h5>\n<h5 class=\"western\"><span style=\"color: #060606;\"><span style=\"font-family: Verdana, serif;\"><span style=\"font-size: small;\"><span lang=\"de-DE\">Neu<\/span><\/span><\/span><\/span><span style=\"color: #060606;\"><span style=\"font-family: Verdana, serif;\"><span style=\"font-size: small;\"> mit Gebrauchsspuren in Form von Verunreinigungen\/ kleinen Kratzern m\u00f6glich. Die Ware wird ungereinigt geliefert.<\/span><\/span><\/span><\/h5>\n<h5 class=\"western\"><span style=\"color: #060606;\"><span style=\"font-family: Verdana, serif;\"><span style=\"font-size: small;\">Sollten weitere Fragen offen sein, kontaktieren Sie uns bitte unter<\/span><\/span><\/span><span style=\"color: #060606;\"><span style=\"font-family: Verdana, serif;\"><span style=\"font-size: small;\"><u>\u00a0<\/u><\/span><\/span><\/span><a href=\"mailto:office@audi-klaus.at\"><span style=\"color: #0000ff;\"><span style=\"font-family: Verdana, serif;\"><span style=\"font-size: small;\"><u>office@audi-klaus.at<\/u><\/span><\/span><\/span><\/a><\/h5>\n<p class=\"western\">\n","protected":false},"excerpt":{"rendered":"<h5 class=\"western\"><strong><span style=\"color: #000000;\"><span style=\"font-family: Source Sans Pro, serif;\"><span style=\"font-size: x-large;\">Marke: Audi\/Vw<br \/>\nModell: Derby\/Golf\/Jetta\/Polo\/Scirocco<br \/>\nTyp: 2<\/span><\/span><\/span><\/strong><\/h5>\n<h5 class=\"western\"><span style=\"color: #c9211e; font-family: Source Sans Pro, serif; font-size: large;\"><span style=\"caret-color: #c9211e;\"><b>Lagerspuren!!<\/b><\/span><\/span><\/h5>\n","protected":false},"featured_media":52587,"template":"","meta":[],"product_brand":[],"product_cat":[1391,1167,1461,1170,1511,1172,1591,1173,1194,1205,1212,1216,32,1225,1164,1279,1165],"product_tag":[16692,17521],"class_list":{"0":"post-52563","1":"product","2":"type-product","3":"status-publish","4":"has-post-thumbnail","6":"product_cat-motor-getriebe-2-165-1983-1992","7":"product_cat-jetta","8":"product_cat-motor-getriebe-2-53b-1981-1992","9":"product_cat-scirocco","10":"product_cat-motor-getriebe-2-86c-1981-1990","11":"product_cat-polo","12":"product_cat-motor-getriebe-1977-1979","13":"product_cat-derby","14":"product_cat-2-191-1983-1992","15":"product_cat-2-165-1983-1992","16":"product_cat-2-53b-1981-1992","17":"product_cat-2-86c-1981-1990","18":"product_cat-audi","19":"product_cat-1977-1979","20":"product_cat-vw","21":"product_cat-motor-getriebe-2-191-1983-1992","22":"product_cat-golf","23":"product_tag-m1393","24":"product_tag-17521","26":"first","27":"outofstock","28":"taxable","29":"shipping-taxable","30":"purchasable","31":"product-type-simple"},"yoast_head":"<!-- This site is optimized with the Yoast SEO plugin v27.5 - https:\/\/yoast.com\/product\/yoast-seo-wordpress\/ -->\n<title>Audi\/Vw Derby\/Golf\/Jetta\/Polo\/Scirocco\/2 Original Unterdruckdose Z\u00fcndverteiler NOS 036905271 - Audi-Klaus<\/title>\n<meta name=\"description\" content=\"Audi-Klaus Audi\/Vw Derby\/Golf\/Jetta\/Polo\/Scirocco\/2 Original Unterdruckdose Z\u00fcndverteiler NOS 036905271 Audi\/Vw Derby\/Golf\/Jetta\/Polo\/Scirocco\/2 Original Unterdruckdose Z\u00fcndverteiler NOS 036905271\" \/>\n<meta name=\"robots\" content=\"index, follow, max-snippet:-1, max-image-preview:large, max-video-preview:-1\" \/>\n<link rel=\"canonical\" href=\"https:\/\/audi-klaus.at\/shop\/produkt\/audi-vw-derby-golf-jetta-polo-scirocco-2-original-unterdruckdose-zuendverteiler-nos-036905271\/\" \/>\n<meta property=\"og:locale\" content=\"de_DE\" \/>\n<meta property=\"og:type\" content=\"article\" \/>\n<meta property=\"og:title\" content=\"Audi\/Vw Derby\/Golf\/Jetta\/Polo\/Scirocco\/2 Original Unterdruckdose Z\u00fcndverteiler NOS 036905271 - Audi-Klaus\" \/>\n<meta property=\"og:description\" content=\"Audi-Klaus Audi\/Vw Derby\/Golf\/Jetta\/Polo\/Scirocco\/2 Original Unterdruckdose Z\u00fcndverteiler NOS 036905271 Audi\/Vw Derby\/Golf\/Jetta\/Polo\/Scirocco\/2 Original Unterdruckdose Z\u00fcndverteiler NOS 036905271\" \/>\n<meta property=\"og:url\" content=\"https:\/\/audi-klaus.at\/shop\/produkt\/audi-vw-derby-golf-jetta-polo-scirocco-2-original-unterdruckdose-zuendverteiler-nos-036905271\/\" \/>\n<meta property=\"og:site_name\" content=\"Audi-Klaus\" \/>\n<meta property=\"article:publisher\" content=\"https:\/\/www.facebook.com\/audi.klaus.1312\/\" \/>\n<meta property=\"article:modified_time\" content=\"2026-01-07T20:55:01+00:00\" \/>\n<meta property=\"og:image\" content=\"https:\/\/audi-klaus.at\/shop\/wp-content\/uploads\/2022\/12\/M1393-1.jpg\" \/>\n\t<meta property=\"og:image:width\" content=\"418\" \/>\n\t<meta property=\"og:image:height\" content=\"418\" \/>\n\t<meta property=\"og:image:type\" content=\"image\/jpeg\" \/>\n<meta name=\"twitter:card\" content=\"summary_large_image\" \/>\n<meta name=\"twitter:label1\" content=\"Gesch\u00e4tzte Lesezeit\" \/>\n\t<meta name=\"twitter:data1\" content=\"1 Minute\" \/>\n<script type=\"application\/ld+json\" class=\"yoast-schema-graph\">{\"@context\":\"https:\\\/\\\/schema.org\",\"@graph\":[{\"@type\":\"WebPage\",\"@id\":\"https:\\\/\\\/audi-klaus.at\\\/shop\\\/produkt\\\/audi-vw-derby-golf-jetta-polo-scirocco-2-original-unterdruckdose-zuendverteiler-nos-036905271\\\/\",\"url\":\"https:\\\/\\\/audi-klaus.at\\\/shop\\\/produkt\\\/audi-vw-derby-golf-jetta-polo-scirocco-2-original-unterdruckdose-zuendverteiler-nos-036905271\\\/\",\"name\":\"Audi\\\/Vw Derby\\\/Golf\\\/Jetta\\\/Polo\\\/Scirocco\\\/2 Original Unterdruckdose Z\u00fcndverteiler NOS 036905271 - Audi-Klaus\",\"isPartOf\":{\"@id\":\"https:\\\/\\\/audi-klaus.at\\\/shop\\\/#website\"},\"primaryImageOfPage\":{\"@id\":\"https:\\\/\\\/audi-klaus.at\\\/shop\\\/produkt\\\/audi-vw-derby-golf-jetta-polo-scirocco-2-original-unterdruckdose-zuendverteiler-nos-036905271\\\/#primaryimage\"},\"image\":{\"@id\":\"https:\\\/\\\/audi-klaus.at\\\/shop\\\/produkt\\\/audi-vw-derby-golf-jetta-polo-scirocco-2-original-unterdruckdose-zuendverteiler-nos-036905271\\\/#primaryimage\"},\"thumbnailUrl\":\"https:\\\/\\\/audi-klaus.at\\\/shop\\\/wp-content\\\/uploads\\\/2022\\\/12\\\/M1393-1.jpg\",\"datePublished\":\"2022-12-08T16:42:27+00:00\",\"dateModified\":\"2026-01-07T20:55:01+00:00\",\"description\":\"Audi-Klaus Audi\\\/Vw Derby\\\/Golf\\\/Jetta\\\/Polo\\\/Scirocco\\\/2 Original Unterdruckdose Z\u00fcndverteiler NOS 036905271 Audi\\\/Vw Derby\\\/Golf\\\/Jetta\\\/Polo\\\/Scirocco\\\/2 Original Unterdruckdose Z\u00fcndverteiler NOS 036905271\",\"breadcrumb\":{\"@id\":\"https:\\\/\\\/audi-klaus.at\\\/shop\\\/produkt\\\/audi-vw-derby-golf-jetta-polo-scirocco-2-original-unterdruckdose-zuendverteiler-nos-036905271\\\/#breadcrumb\"},\"inLanguage\":\"de-AT\",\"potentialAction\":[{\"@type\":\"ReadAction\",\"target\":[\"https:\\\/\\\/audi-klaus.at\\\/shop\\\/produkt\\\/audi-vw-derby-golf-jetta-polo-scirocco-2-original-unterdruckdose-zuendverteiler-nos-036905271\\\/\"]}]},{\"@type\":\"ImageObject\",\"inLanguage\":\"de-AT\",\"@id\":\"https:\\\/\\\/audi-klaus.at\\\/shop\\\/produkt\\\/audi-vw-derby-golf-jetta-polo-scirocco-2-original-unterdruckdose-zuendverteiler-nos-036905271\\\/#primaryimage\",\"url\":\"https:\\\/\\\/audi-klaus.at\\\/shop\\\/wp-content\\\/uploads\\\/2022\\\/12\\\/M1393-1.jpg\",\"contentUrl\":\"https:\\\/\\\/audi-klaus.at\\\/shop\\\/wp-content\\\/uploads\\\/2022\\\/12\\\/M1393-1.jpg\",\"width\":418,\"height\":418},{\"@type\":\"BreadcrumbList\",\"@id\":\"https:\\\/\\\/audi-klaus.at\\\/shop\\\/produkt\\\/audi-vw-derby-golf-jetta-polo-scirocco-2-original-unterdruckdose-zuendverteiler-nos-036905271\\\/#breadcrumb\",\"itemListElement\":[{\"@type\":\"ListItem\",\"position\":1,\"name\":\"Startseite\",\"item\":\"https:\\\/\\\/audi-klaus.at\\\/shop\\\/\"},{\"@type\":\"ListItem\",\"position\":2,\"name\":\"Shop\",\"item\":\"https:\\\/\\\/audi-klaus.at\\\/shop\\\/\"},{\"@type\":\"ListItem\",\"position\":3,\"name\":\"Audi\\\/Vw Derby\\\/Golf\\\/Jetta\\\/Polo\\\/Scirocco\\\/2 Original Unterdruckdose Z\u00fcndverteiler NOS 036905271\"}]},{\"@type\":\"WebSite\",\"@id\":\"https:\\\/\\\/audi-klaus.at\\\/shop\\\/#website\",\"url\":\"https:\\\/\\\/audi-klaus.at\\\/shop\\\/\",\"name\":\"Audi-Klaus\",\"description\":\"Ihr Gebrauchtteile Spezialist f\u00fcr die Marken Audi, VW (VAG)\",\"publisher\":{\"@id\":\"https:\\\/\\\/audi-klaus.at\\\/shop\\\/#organization\"},\"potentialAction\":[{\"@type\":\"SearchAction\",\"target\":{\"@type\":\"EntryPoint\",\"urlTemplate\":\"https:\\\/\\\/audi-klaus.at\\\/shop\\\/?s={search_term_string}\"},\"query-input\":{\"@type\":\"PropertyValueSpecification\",\"valueRequired\":true,\"valueName\":\"search_term_string\"}}],\"inLanguage\":\"de-AT\"},{\"@type\":\"Organization\",\"@id\":\"https:\\\/\\\/audi-klaus.at\\\/shop\\\/#organization\",\"name\":\"Audi-Klaus\",\"url\":\"https:\\\/\\\/audi-klaus.at\\\/shop\\\/\",\"logo\":{\"@type\":\"ImageObject\",\"inLanguage\":\"de-AT\",\"@id\":\"https:\\\/\\\/audi-klaus.at\\\/shop\\\/#\\\/schema\\\/logo\\\/image\\\/\",\"url\":\"https:\\\/\\\/audi-klaus.at\\\/shop\\\/wp-content\\\/uploads\\\/2024\\\/10\\\/Logo-Shop.webp\",\"contentUrl\":\"https:\\\/\\\/audi-klaus.at\\\/shop\\\/wp-content\\\/uploads\\\/2024\\\/10\\\/Logo-Shop.webp\",\"width\":470,\"height\":164,\"caption\":\"Audi-Klaus\"},\"image\":{\"@id\":\"https:\\\/\\\/audi-klaus.at\\\/shop\\\/#\\\/schema\\\/logo\\\/image\\\/\"},\"sameAs\":[\"https:\\\/\\\/www.facebook.com\\\/audi.klaus.1312\\\/\",\"https:\\\/\\\/www.instagram.com\\\/audi_klaus\\\/?igshid=1eca3qu2mdayg\"]}]}<\/script>\n<!-- \/ Yoast SEO plugin. -->","yoast_head_json":{"title":"Audi\/Vw Derby\/Golf\/Jetta\/Polo\/Scirocco\/2 Original Unterdruckdose Z\u00fcndverteiler NOS 036905271 - Audi-Klaus","description":"Audi-Klaus Audi\/Vw Derby\/Golf\/Jetta\/Polo\/Scirocco\/2 Original Unterdruckdose Z\u00fcndverteiler NOS 036905271 Audi\/Vw Derby\/Golf\/Jetta\/Polo\/Scirocco\/2 Original Unterdruckdose Z\u00fcndverteiler NOS 036905271","robots":{"index":"index","follow":"follow","max-snippet":"max-snippet:-1","max-image-preview":"max-image-preview:large","max-video-preview":"max-video-preview:-1"},"canonical":"https:\/\/audi-klaus.at\/shop\/produkt\/audi-vw-derby-golf-jetta-polo-scirocco-2-original-unterdruckdose-zuendverteiler-nos-036905271\/","og_locale":"de_DE","og_type":"article","og_title":"Audi\/Vw Derby\/Golf\/Jetta\/Polo\/Scirocco\/2 Original Unterdruckdose Z\u00fcndverteiler NOS 036905271 - Audi-Klaus","og_description":"Audi-Klaus Audi\/Vw Derby\/Golf\/Jetta\/Polo\/Scirocco\/2 Original Unterdruckdose Z\u00fcndverteiler NOS 036905271 Audi\/Vw Derby\/Golf\/Jetta\/Polo\/Scirocco\/2 Original Unterdruckdose Z\u00fcndverteiler NOS 036905271","og_url":"https:\/\/audi-klaus.at\/shop\/produkt\/audi-vw-derby-golf-jetta-polo-scirocco-2-original-unterdruckdose-zuendverteiler-nos-036905271\/","og_site_name":"Audi-Klaus","article_publisher":"https:\/\/www.facebook.com\/audi.klaus.1312\/","article_modified_time":"2026-01-07T20:55:01+00:00","og_image":[{"width":418,"height":418,"url":"https:\/\/audi-klaus.at\/shop\/wp-content\/uploads\/2022\/12\/M1393-1.jpg","type":"image\/jpeg"}],"twitter_card":"summary_large_image","twitter_misc":{"Gesch\u00e4tzte Lesezeit":"1 Minute"},"schema":{"@context":"https:\/\/schema.org","@graph":[{"@type":"WebPage","@id":"https:\/\/audi-klaus.at\/shop\/produkt\/audi-vw-derby-golf-jetta-polo-scirocco-2-original-unterdruckdose-zuendverteiler-nos-036905271\/","url":"https:\/\/audi-klaus.at\/shop\/produkt\/audi-vw-derby-golf-jetta-polo-scirocco-2-original-unterdruckdose-zuendverteiler-nos-036905271\/","name":"Audi\/Vw Derby\/Golf\/Jetta\/Polo\/Scirocco\/2 Original Unterdruckdose Z\u00fcndverteiler NOS 036905271 - Audi-Klaus","isPartOf":{"@id":"https:\/\/audi-klaus.at\/shop\/#website"},"primaryImageOfPage":{"@id":"https:\/\/audi-klaus.at\/shop\/produkt\/audi-vw-derby-golf-jetta-polo-scirocco-2-original-unterdruckdose-zuendverteiler-nos-036905271\/#primaryimage"},"image":{"@id":"https:\/\/audi-klaus.at\/shop\/produkt\/audi-vw-derby-golf-jetta-polo-scirocco-2-original-unterdruckdose-zuendverteiler-nos-036905271\/#primaryimage"},"thumbnailUrl":"https:\/\/audi-klaus.at\/shop\/wp-content\/uploads\/2022\/12\/M1393-1.jpg","datePublished":"2022-12-08T16:42:27+00:00","dateModified":"2026-01-07T20:55:01+00:00","description":"Audi-Klaus Audi\/Vw Derby\/Golf\/Jetta\/Polo\/Scirocco\/2 Original Unterdruckdose Z\u00fcndverteiler NOS 036905271 Audi\/Vw Derby\/Golf\/Jetta\/Polo\/Scirocco\/2 Original Unterdruckdose Z\u00fcndverteiler NOS 036905271","breadcrumb":{"@id":"https:\/\/audi-klaus.at\/shop\/produkt\/audi-vw-derby-golf-jetta-polo-scirocco-2-original-unterdruckdose-zuendverteiler-nos-036905271\/#breadcrumb"},"inLanguage":"de-AT","potentialAction":[{"@type":"ReadAction","target":["https:\/\/audi-klaus.at\/shop\/produkt\/audi-vw-derby-golf-jetta-polo-scirocco-2-original-unterdruckdose-zuendverteiler-nos-036905271\/"]}]},{"@type":"ImageObject","inLanguage":"de-AT","@id":"https:\/\/audi-klaus.at\/shop\/produkt\/audi-vw-derby-golf-jetta-polo-scirocco-2-original-unterdruckdose-zuendverteiler-nos-036905271\/#primaryimage","url":"https:\/\/audi-klaus.at\/shop\/wp-content\/uploads\/2022\/12\/M1393-1.jpg","contentUrl":"https:\/\/audi-klaus.at\/shop\/wp-content\/uploads\/2022\/12\/M1393-1.jpg","width":418,"height":418},{"@type":"BreadcrumbList","@id":"https:\/\/audi-klaus.at\/shop\/produkt\/audi-vw-derby-golf-jetta-polo-scirocco-2-original-unterdruckdose-zuendverteiler-nos-036905271\/#breadcrumb","itemListElement":[{"@type":"ListItem","position":1,"name":"Startseite","item":"https:\/\/audi-klaus.at\/shop\/"},{"@type":"ListItem","position":2,"name":"Shop","item":"https:\/\/audi-klaus.at\/shop\/"},{"@type":"ListItem","position":3,"name":"Audi\/Vw Derby\/Golf\/Jetta\/Polo\/Scirocco\/2 Original Unterdruckdose Z\u00fcndverteiler NOS 036905271"}]},{"@type":"WebSite","@id":"https:\/\/audi-klaus.at\/shop\/#website","url":"https:\/\/audi-klaus.at\/shop\/","name":"Audi-Klaus","description":"Ihr Gebrauchtteile Spezialist f\u00fcr die Marken Audi, VW (VAG)","publisher":{"@id":"https:\/\/audi-klaus.at\/shop\/#organization"},"potentialAction":[{"@type":"SearchAction","target":{"@type":"EntryPoint","urlTemplate":"https:\/\/audi-klaus.at\/shop\/?s={search_term_string}"},"query-input":{"@type":"PropertyValueSpecification","valueRequired":true,"valueName":"search_term_string"}}],"inLanguage":"de-AT"},{"@type":"Organization","@id":"https:\/\/audi-klaus.at\/shop\/#organization","name":"Audi-Klaus","url":"https:\/\/audi-klaus.at\/shop\/","logo":{"@type":"ImageObject","inLanguage":"de-AT","@id":"https:\/\/audi-klaus.at\/shop\/#\/schema\/logo\/image\/","url":"https:\/\/audi-klaus.at\/shop\/wp-content\/uploads\/2024\/10\/Logo-Shop.webp","contentUrl":"https:\/\/audi-klaus.at\/shop\/wp-content\/uploads\/2024\/10\/Logo-Shop.webp","width":470,"height":164,"caption":"Audi-Klaus"},"image":{"@id":"https:\/\/audi-klaus.at\/shop\/#\/schema\/logo\/image\/"},"sameAs":["https:\/\/www.facebook.com\/audi.klaus.1312\/","https:\/\/www.instagram.com\/audi_klaus\/?igshid=1eca3qu2mdayg"]}]}},"_links":{"self":[{"href":"https:\/\/audi-klaus.at\/shop\/wp-json\/wp\/v2\/product\/52563","targetHints":{"allow":["GET"]}}],"collection":[{"href":"https:\/\/audi-klaus.at\/shop\/wp-json\/wp\/v2\/product"}],"about":[{"href":"https:\/\/audi-klaus.at\/shop\/wp-json\/wp\/v2\/types\/product"}],"wp:featuredmedia":[{"embeddable":true,"href":"https:\/\/audi-klaus.at\/shop\/wp-json\/wp\/v2\/media\/52587"}],"wp:attachment":[{"href":"https:\/\/audi-klaus.at\/shop\/wp-json\/wp\/v2\/media?parent=52563"}],"wp:term":[{"taxonomy":"product_brand","embeddable":true,"href":"https:\/\/audi-klaus.at\/shop\/wp-json\/wp\/v2\/product_brand?post=52563"},{"taxonomy":"product_cat","embeddable":true,"href":"https:\/\/audi-klaus.at\/shop\/wp-json\/wp\/v2\/product_cat?post=52563"},{"taxonomy":"product_tag","embeddable":true,"href":"https:\/\/audi-klaus.at\/shop\/wp-json\/wp\/v2\/product_tag?post=52563"}],"curies":[{"name":"wp","href":"https:\/\/api.w.org\/{rel}","templated":true}]}}