{"id":52442,"date":"2022-12-07T14:20:28","date_gmt":"2022-12-07T13:20:28","guid":{"rendered":"https:\/\/audi-klaus.at\/shop\/?post_type=product&#038;p=52442"},"modified":"2026-01-27T12:09:29","modified_gmt":"2026-01-27T11:09:29","slug":"audi-v8-d11-80-90-cabrio-coupe-b3-100-200-c3-lenkstockschalter-mit-tempomat-443953513j","status":"publish","type":"product","link":"https:\/\/audi-klaus.at\/shop\/produkt\/audi-v8-d11-80-90-cabrio-coupe-b3-100-200-c3-lenkstockschalter-mit-tempomat-443953513j\/","title":{"rendered":"Audi V8\/D11\/80\/90\/Cabrio\/Coup\u00e9\/B3\/100\/200\/C3 Lenkstockschalter mit Tempomat 443953513J"},"content":{"rendered":"<h5 class=\"western\"><span style=\"color: #060606;\"><span style=\"font-family: Verdana, serif;\"><span style=\"font-size: small;\"><b>VAG Teilenummer<\/b><\/span><\/span><\/span><span style=\"color: #060606;\"><span style=\"font-family: Verdana, serif;\"><span style=\"font-size: small;\">: 443 953 513J<\/span><\/span><\/span><\/h5>\n<h5 class=\"western\"><span style=\"color: #060606;\"><span style=\"font-family: Verdana, serif;\"><span style=\"font-size: small;\"><b>Zustand:<\/b><\/span><\/span><\/span><span style=\"color: #060606;\"><span style=\"font-family: Verdana, serif;\"><span style=\"font-size: small;\">\u00a0<\/span><\/span><\/span><span style=\"color: #060606;\"><span style=\"font-family: Verdana, serif;\"><span style=\"font-size: small;\"><span lang=\"de-DE\">Gebraucht<\/span><\/span><\/span><\/span><\/h5>\n<h5 class=\"western\"><span style=\"color: #060606;\"><span style=\"font-family: Verdana, serif;\"><span style=\"font-size: small;\"><b>Lieferumfang:<\/b><\/span><\/span><\/span><span style=\"color: #060606;\"><span style=\"font-family: Verdana, serif;\"><span style=\"font-size: small;\">\u00a0wie in den Original-Abbildungen angegeben<\/span><\/span><\/span><\/h5>\n<h5 class=\"western\"><span style=\"color: #060606;\"><span style=\"font-family: Verdana, serif;\"><span style=\"font-size: small;\"><b>Hinweis:<\/b><\/span><\/span><\/span><span style=\"color: #060606;\"><span style=\"font-family: Verdana, serif;\"><span style=\"font-size: small;\">\u00a0Bitte \u00fcberpr\u00fcfen Sie vor dem Kauf anhand der eindeutigen Teilenummern, ob der Artikel zum Fahrzeug passt, um R\u00fccksendungen zu vermeiden! Trotz Angabe der entsprechenden Fahrzeugdaten ist eine eindeutige Zuordnung nur \u00fcber die Teilenummer m\u00f6glich! Die abgelesene Teilenummer ist die Teilenummer des Teils, welches geliefert wird. Die Originalteilnummer ist diejenige, die bei Neubestellung f\u00fcr dieses Teil gilt und der m\u00f6glicherweise abweichenden, gelieferten Teilenummer entspricht. <\/span><\/span><\/span><\/h5>\n<h5 class=\"western\"><span style=\"color: #060606;\"><span style=\"font-family: Verdana, serif;\"><span style=\"font-size: small;\"><span lang=\"de-DE\">Gebraucht<\/span><\/span><\/span><\/span><span style=\"color: #060606;\"><span style=\"font-family: Verdana, serif;\"><span style=\"font-size: small;\"> mit Gebrauchsspuren in Form von Verunreinigungen\/ kleinen Kratzern m\u00f6glich. Die Ware wird ungereinigt geliefert.<\/span><\/span><\/span><\/h5>\n<h5 class=\"western\"><span style=\"color: #060606;\"><span style=\"font-family: Verdana, serif;\"><span style=\"font-size: small;\">Sollten weitere Fragen offen sein, kontaktieren Sie uns bitte unter\u00a0<\/span><\/span><\/span><a><span style=\"color: #0000ff;\"><span style=\"font-family: Verdana, serif;\"><span style=\"font-size: small;\"><u>office@audi-klaus.at<\/u><\/span><\/span><\/span><\/a><\/h5>\n","protected":false},"excerpt":{"rendered":"<h5 class=\"western\"><strong><span style=\"color: #000000;\"><span style=\"font-family: Source Sans Pro, serif;\"><span style=\"font-size: x-large;\">Marke: Audi<br \/>\nModell: V8\/80\/90\/Cabrio\/Coup\u00e9\/100\/200<br \/>\nTyp: D11\/B3\/C3<\/span><\/span><\/span><\/strong><\/h5>\n<h5 class=\"western\"><span style=\"color: #c9211e; font-family: Source Sans Pro, serif; font-size: large;\"><b>Kleine Lenks\u00e4ule!!<\/b><\/span><\/h5>\n","protected":false},"featured_media":52384,"template":"","meta":[],"product_brand":[],"product_cat":[32,223,78,243,81,263,83,304,84,334,85,365,87,385,154,387,155,398,167,408,170,409],"product_tag":[3003,17437,17438],"class_list":{"0":"post-52442","1":"product","2":"type-product","3":"status-publish","4":"has-post-thumbnail","6":"product_cat-audi","7":"product_cat-innenraum-b3-86","8":"product_cat-78","9":"product_cat-innenraum-typ89","10":"product_cat-b3-86","11":"product_cat-innenraum-b3-80","12":"product_cat-cabrio80","13":"product_cat-innenraum-b3-1987-1991","14":"product_cat-typ89","15":"product_cat-innenraum-c3-1982-1990","16":"product_cat-coupe80","17":"product_cat-v8","18":"product_cat-b3-typ89-80","19":"product_cat-385","20":"product_cat-154","21":"product_cat-c3-typ44-1983-1991","22":"product_cat-155","23":"product_cat-innenraum-c2-1983-1991","24":"product_cat-b3-1987-1991","25":"product_cat-d11-1988-1994","26":"product_cat-c3-typ44-1982-1990","27":"product_cat-innenraum-d11-1988-1994","28":"product_tag-3003","29":"product_tag-443953513j","30":"product_tag-ia2426","32":"first","33":"outofstock","34":"taxable","35":"shipping-taxable","36":"purchasable","37":"product-type-simple"},"yoast_head":"<!-- This site is optimized with the Yoast SEO plugin v27.3 - https:\/\/yoast.com\/product\/yoast-seo-wordpress\/ -->\n<title>Audi V8\/D11\/80\/90\/Cabrio\/Coup\u00e9\/B3\/100\/200\/C3 Lenkstockschalter mit Tempomat 443953513J - Audi-Klaus<\/title>\n<meta name=\"description\" content=\"Audi-Klaus Audi V8\/D11\/80\/90\/Cabrio\/Coup\u00e9\/B3\/100\/200\/C3 Lenkstockschalter mit Tempomat 443953513J Audi V8\/D11\/80\/90\/Cabrio\/Coup\u00e9\/B3\/100\/200\/C3 Lenkstockschalter mit Tempomat 443953513J\" \/>\n<meta name=\"robots\" content=\"index, follow, max-snippet:-1, max-image-preview:large, max-video-preview:-1\" \/>\n<link rel=\"canonical\" href=\"https:\/\/audi-klaus.at\/shop\/produkt\/audi-v8-d11-80-90-cabrio-coupe-b3-100-200-c3-lenkstockschalter-mit-tempomat-443953513j\/\" \/>\n<meta property=\"og:locale\" content=\"de_DE\" \/>\n<meta property=\"og:type\" content=\"article\" \/>\n<meta property=\"og:title\" content=\"Audi V8\/D11\/80\/90\/Cabrio\/Coup\u00e9\/B3\/100\/200\/C3 Lenkstockschalter mit Tempomat 443953513J - Audi-Klaus\" \/>\n<meta property=\"og:description\" content=\"Audi-Klaus Audi V8\/D11\/80\/90\/Cabrio\/Coup\u00e9\/B3\/100\/200\/C3 Lenkstockschalter mit Tempomat 443953513J Audi V8\/D11\/80\/90\/Cabrio\/Coup\u00e9\/B3\/100\/200\/C3 Lenkstockschalter mit Tempomat 443953513J\" \/>\n<meta property=\"og:url\" content=\"https:\/\/audi-klaus.at\/shop\/produkt\/audi-v8-d11-80-90-cabrio-coupe-b3-100-200-c3-lenkstockschalter-mit-tempomat-443953513j\/\" \/>\n<meta property=\"og:site_name\" content=\"Audi-Klaus\" \/>\n<meta property=\"article:publisher\" content=\"https:\/\/www.facebook.com\/audi.klaus.1312\/\" \/>\n<meta property=\"article:modified_time\" content=\"2026-01-27T11:09:29+00:00\" \/>\n<meta property=\"og:image\" content=\"https:\/\/audi-klaus.at\/shop\/wp-content\/uploads\/2022\/12\/IA2426-2.jpg\" \/>\n\t<meta property=\"og:image:width\" content=\"418\" \/>\n\t<meta property=\"og:image:height\" content=\"418\" \/>\n\t<meta property=\"og:image:type\" content=\"image\/jpeg\" \/>\n<meta name=\"twitter:card\" content=\"summary_large_image\" \/>\n<meta name=\"twitter:label1\" content=\"Gesch\u00e4tzte Lesezeit\" \/>\n\t<meta name=\"twitter:data1\" content=\"1 Minute\" \/>\n<script type=\"application\/ld+json\" class=\"yoast-schema-graph\">{\"@context\":\"https:\\\/\\\/schema.org\",\"@graph\":[{\"@type\":\"WebPage\",\"@id\":\"https:\\\/\\\/audi-klaus.at\\\/shop\\\/produkt\\\/audi-v8-d11-80-90-cabrio-coupe-b3-100-200-c3-lenkstockschalter-mit-tempomat-443953513j\\\/\",\"url\":\"https:\\\/\\\/audi-klaus.at\\\/shop\\\/produkt\\\/audi-v8-d11-80-90-cabrio-coupe-b3-100-200-c3-lenkstockschalter-mit-tempomat-443953513j\\\/\",\"name\":\"Audi V8\\\/D11\\\/80\\\/90\\\/Cabrio\\\/Coup\u00e9\\\/B3\\\/100\\\/200\\\/C3 Lenkstockschalter mit Tempomat 443953513J - Audi-Klaus\",\"isPartOf\":{\"@id\":\"https:\\\/\\\/audi-klaus.at\\\/shop\\\/#website\"},\"primaryImageOfPage\":{\"@id\":\"https:\\\/\\\/audi-klaus.at\\\/shop\\\/produkt\\\/audi-v8-d11-80-90-cabrio-coupe-b3-100-200-c3-lenkstockschalter-mit-tempomat-443953513j\\\/#primaryimage\"},\"image\":{\"@id\":\"https:\\\/\\\/audi-klaus.at\\\/shop\\\/produkt\\\/audi-v8-d11-80-90-cabrio-coupe-b3-100-200-c3-lenkstockschalter-mit-tempomat-443953513j\\\/#primaryimage\"},\"thumbnailUrl\":\"https:\\\/\\\/audi-klaus.at\\\/shop\\\/wp-content\\\/uploads\\\/2022\\\/12\\\/IA2426-2.jpg\",\"datePublished\":\"2022-12-07T13:20:28+00:00\",\"dateModified\":\"2026-01-27T11:09:29+00:00\",\"description\":\"Audi-Klaus Audi V8\\\/D11\\\/80\\\/90\\\/Cabrio\\\/Coup\u00e9\\\/B3\\\/100\\\/200\\\/C3 Lenkstockschalter mit Tempomat 443953513J Audi V8\\\/D11\\\/80\\\/90\\\/Cabrio\\\/Coup\u00e9\\\/B3\\\/100\\\/200\\\/C3 Lenkstockschalter mit Tempomat 443953513J\",\"breadcrumb\":{\"@id\":\"https:\\\/\\\/audi-klaus.at\\\/shop\\\/produkt\\\/audi-v8-d11-80-90-cabrio-coupe-b3-100-200-c3-lenkstockschalter-mit-tempomat-443953513j\\\/#breadcrumb\"},\"inLanguage\":\"de-AT\",\"potentialAction\":[{\"@type\":\"ReadAction\",\"target\":[\"https:\\\/\\\/audi-klaus.at\\\/shop\\\/produkt\\\/audi-v8-d11-80-90-cabrio-coupe-b3-100-200-c3-lenkstockschalter-mit-tempomat-443953513j\\\/\"]}]},{\"@type\":\"ImageObject\",\"inLanguage\":\"de-AT\",\"@id\":\"https:\\\/\\\/audi-klaus.at\\\/shop\\\/produkt\\\/audi-v8-d11-80-90-cabrio-coupe-b3-100-200-c3-lenkstockschalter-mit-tempomat-443953513j\\\/#primaryimage\",\"url\":\"https:\\\/\\\/audi-klaus.at\\\/shop\\\/wp-content\\\/uploads\\\/2022\\\/12\\\/IA2426-2.jpg\",\"contentUrl\":\"https:\\\/\\\/audi-klaus.at\\\/shop\\\/wp-content\\\/uploads\\\/2022\\\/12\\\/IA2426-2.jpg\",\"width\":418,\"height\":418},{\"@type\":\"BreadcrumbList\",\"@id\":\"https:\\\/\\\/audi-klaus.at\\\/shop\\\/produkt\\\/audi-v8-d11-80-90-cabrio-coupe-b3-100-200-c3-lenkstockschalter-mit-tempomat-443953513j\\\/#breadcrumb\",\"itemListElement\":[{\"@type\":\"ListItem\",\"position\":1,\"name\":\"Startseite\",\"item\":\"https:\\\/\\\/audi-klaus.at\\\/shop\\\/\"},{\"@type\":\"ListItem\",\"position\":2,\"name\":\"Shop\",\"item\":\"https:\\\/\\\/audi-klaus.at\\\/shop\\\/\"},{\"@type\":\"ListItem\",\"position\":3,\"name\":\"Audi V8\\\/D11\\\/80\\\/90\\\/Cabrio\\\/Coup\u00e9\\\/B3\\\/100\\\/200\\\/C3 Lenkstockschalter mit Tempomat 443953513J\"}]},{\"@type\":\"WebSite\",\"@id\":\"https:\\\/\\\/audi-klaus.at\\\/shop\\\/#website\",\"url\":\"https:\\\/\\\/audi-klaus.at\\\/shop\\\/\",\"name\":\"Audi-Klaus\",\"description\":\"Ihr Gebrauchtteile Spezialist f\u00fcr die Marken Audi, VW (VAG)\",\"publisher\":{\"@id\":\"https:\\\/\\\/audi-klaus.at\\\/shop\\\/#organization\"},\"potentialAction\":[{\"@type\":\"SearchAction\",\"target\":{\"@type\":\"EntryPoint\",\"urlTemplate\":\"https:\\\/\\\/audi-klaus.at\\\/shop\\\/?s={search_term_string}\"},\"query-input\":{\"@type\":\"PropertyValueSpecification\",\"valueRequired\":true,\"valueName\":\"search_term_string\"}}],\"inLanguage\":\"de-AT\"},{\"@type\":\"Organization\",\"@id\":\"https:\\\/\\\/audi-klaus.at\\\/shop\\\/#organization\",\"name\":\"Audi-Klaus\",\"url\":\"https:\\\/\\\/audi-klaus.at\\\/shop\\\/\",\"logo\":{\"@type\":\"ImageObject\",\"inLanguage\":\"de-AT\",\"@id\":\"https:\\\/\\\/audi-klaus.at\\\/shop\\\/#\\\/schema\\\/logo\\\/image\\\/\",\"url\":\"https:\\\/\\\/audi-klaus.at\\\/shop\\\/wp-content\\\/uploads\\\/2024\\\/10\\\/Logo-Shop.webp\",\"contentUrl\":\"https:\\\/\\\/audi-klaus.at\\\/shop\\\/wp-content\\\/uploads\\\/2024\\\/10\\\/Logo-Shop.webp\",\"width\":470,\"height\":164,\"caption\":\"Audi-Klaus\"},\"image\":{\"@id\":\"https:\\\/\\\/audi-klaus.at\\\/shop\\\/#\\\/schema\\\/logo\\\/image\\\/\"},\"sameAs\":[\"https:\\\/\\\/www.facebook.com\\\/audi.klaus.1312\\\/\",\"https:\\\/\\\/www.instagram.com\\\/audi_klaus\\\/?igshid=1eca3qu2mdayg\"]}]}<\/script>\n<!-- \/ Yoast SEO plugin. -->","yoast_head_json":{"title":"Audi V8\/D11\/80\/90\/Cabrio\/Coup\u00e9\/B3\/100\/200\/C3 Lenkstockschalter mit Tempomat 443953513J - Audi-Klaus","description":"Audi-Klaus Audi V8\/D11\/80\/90\/Cabrio\/Coup\u00e9\/B3\/100\/200\/C3 Lenkstockschalter mit Tempomat 443953513J Audi V8\/D11\/80\/90\/Cabrio\/Coup\u00e9\/B3\/100\/200\/C3 Lenkstockschalter mit Tempomat 443953513J","robots":{"index":"index","follow":"follow","max-snippet":"max-snippet:-1","max-image-preview":"max-image-preview:large","max-video-preview":"max-video-preview:-1"},"canonical":"https:\/\/audi-klaus.at\/shop\/produkt\/audi-v8-d11-80-90-cabrio-coupe-b3-100-200-c3-lenkstockschalter-mit-tempomat-443953513j\/","og_locale":"de_DE","og_type":"article","og_title":"Audi V8\/D11\/80\/90\/Cabrio\/Coup\u00e9\/B3\/100\/200\/C3 Lenkstockschalter mit Tempomat 443953513J - Audi-Klaus","og_description":"Audi-Klaus Audi V8\/D11\/80\/90\/Cabrio\/Coup\u00e9\/B3\/100\/200\/C3 Lenkstockschalter mit Tempomat 443953513J Audi V8\/D11\/80\/90\/Cabrio\/Coup\u00e9\/B3\/100\/200\/C3 Lenkstockschalter mit Tempomat 443953513J","og_url":"https:\/\/audi-klaus.at\/shop\/produkt\/audi-v8-d11-80-90-cabrio-coupe-b3-100-200-c3-lenkstockschalter-mit-tempomat-443953513j\/","og_site_name":"Audi-Klaus","article_publisher":"https:\/\/www.facebook.com\/audi.klaus.1312\/","article_modified_time":"2026-01-27T11:09:29+00:00","og_image":[{"width":418,"height":418,"url":"https:\/\/audi-klaus.at\/shop\/wp-content\/uploads\/2022\/12\/IA2426-2.jpg","type":"image\/jpeg"}],"twitter_card":"summary_large_image","twitter_misc":{"Gesch\u00e4tzte Lesezeit":"1 Minute"},"schema":{"@context":"https:\/\/schema.org","@graph":[{"@type":"WebPage","@id":"https:\/\/audi-klaus.at\/shop\/produkt\/audi-v8-d11-80-90-cabrio-coupe-b3-100-200-c3-lenkstockschalter-mit-tempomat-443953513j\/","url":"https:\/\/audi-klaus.at\/shop\/produkt\/audi-v8-d11-80-90-cabrio-coupe-b3-100-200-c3-lenkstockschalter-mit-tempomat-443953513j\/","name":"Audi V8\/D11\/80\/90\/Cabrio\/Coup\u00e9\/B3\/100\/200\/C3 Lenkstockschalter mit Tempomat 443953513J - Audi-Klaus","isPartOf":{"@id":"https:\/\/audi-klaus.at\/shop\/#website"},"primaryImageOfPage":{"@id":"https:\/\/audi-klaus.at\/shop\/produkt\/audi-v8-d11-80-90-cabrio-coupe-b3-100-200-c3-lenkstockschalter-mit-tempomat-443953513j\/#primaryimage"},"image":{"@id":"https:\/\/audi-klaus.at\/shop\/produkt\/audi-v8-d11-80-90-cabrio-coupe-b3-100-200-c3-lenkstockschalter-mit-tempomat-443953513j\/#primaryimage"},"thumbnailUrl":"https:\/\/audi-klaus.at\/shop\/wp-content\/uploads\/2022\/12\/IA2426-2.jpg","datePublished":"2022-12-07T13:20:28+00:00","dateModified":"2026-01-27T11:09:29+00:00","description":"Audi-Klaus Audi V8\/D11\/80\/90\/Cabrio\/Coup\u00e9\/B3\/100\/200\/C3 Lenkstockschalter mit Tempomat 443953513J Audi V8\/D11\/80\/90\/Cabrio\/Coup\u00e9\/B3\/100\/200\/C3 Lenkstockschalter mit Tempomat 443953513J","breadcrumb":{"@id":"https:\/\/audi-klaus.at\/shop\/produkt\/audi-v8-d11-80-90-cabrio-coupe-b3-100-200-c3-lenkstockschalter-mit-tempomat-443953513j\/#breadcrumb"},"inLanguage":"de-AT","potentialAction":[{"@type":"ReadAction","target":["https:\/\/audi-klaus.at\/shop\/produkt\/audi-v8-d11-80-90-cabrio-coupe-b3-100-200-c3-lenkstockschalter-mit-tempomat-443953513j\/"]}]},{"@type":"ImageObject","inLanguage":"de-AT","@id":"https:\/\/audi-klaus.at\/shop\/produkt\/audi-v8-d11-80-90-cabrio-coupe-b3-100-200-c3-lenkstockschalter-mit-tempomat-443953513j\/#primaryimage","url":"https:\/\/audi-klaus.at\/shop\/wp-content\/uploads\/2022\/12\/IA2426-2.jpg","contentUrl":"https:\/\/audi-klaus.at\/shop\/wp-content\/uploads\/2022\/12\/IA2426-2.jpg","width":418,"height":418},{"@type":"BreadcrumbList","@id":"https:\/\/audi-klaus.at\/shop\/produkt\/audi-v8-d11-80-90-cabrio-coupe-b3-100-200-c3-lenkstockschalter-mit-tempomat-443953513j\/#breadcrumb","itemListElement":[{"@type":"ListItem","position":1,"name":"Startseite","item":"https:\/\/audi-klaus.at\/shop\/"},{"@type":"ListItem","position":2,"name":"Shop","item":"https:\/\/audi-klaus.at\/shop\/"},{"@type":"ListItem","position":3,"name":"Audi V8\/D11\/80\/90\/Cabrio\/Coup\u00e9\/B3\/100\/200\/C3 Lenkstockschalter mit Tempomat 443953513J"}]},{"@type":"WebSite","@id":"https:\/\/audi-klaus.at\/shop\/#website","url":"https:\/\/audi-klaus.at\/shop\/","name":"Audi-Klaus","description":"Ihr Gebrauchtteile Spezialist f\u00fcr die Marken Audi, VW (VAG)","publisher":{"@id":"https:\/\/audi-klaus.at\/shop\/#organization"},"potentialAction":[{"@type":"SearchAction","target":{"@type":"EntryPoint","urlTemplate":"https:\/\/audi-klaus.at\/shop\/?s={search_term_string}"},"query-input":{"@type":"PropertyValueSpecification","valueRequired":true,"valueName":"search_term_string"}}],"inLanguage":"de-AT"},{"@type":"Organization","@id":"https:\/\/audi-klaus.at\/shop\/#organization","name":"Audi-Klaus","url":"https:\/\/audi-klaus.at\/shop\/","logo":{"@type":"ImageObject","inLanguage":"de-AT","@id":"https:\/\/audi-klaus.at\/shop\/#\/schema\/logo\/image\/","url":"https:\/\/audi-klaus.at\/shop\/wp-content\/uploads\/2024\/10\/Logo-Shop.webp","contentUrl":"https:\/\/audi-klaus.at\/shop\/wp-content\/uploads\/2024\/10\/Logo-Shop.webp","width":470,"height":164,"caption":"Audi-Klaus"},"image":{"@id":"https:\/\/audi-klaus.at\/shop\/#\/schema\/logo\/image\/"},"sameAs":["https:\/\/www.facebook.com\/audi.klaus.1312\/","https:\/\/www.instagram.com\/audi_klaus\/?igshid=1eca3qu2mdayg"]}]}},"_links":{"self":[{"href":"https:\/\/audi-klaus.at\/shop\/wp-json\/wp\/v2\/product\/52442","targetHints":{"allow":["GET"]}}],"collection":[{"href":"https:\/\/audi-klaus.at\/shop\/wp-json\/wp\/v2\/product"}],"about":[{"href":"https:\/\/audi-klaus.at\/shop\/wp-json\/wp\/v2\/types\/product"}],"wp:featuredmedia":[{"embeddable":true,"href":"https:\/\/audi-klaus.at\/shop\/wp-json\/wp\/v2\/media\/52384"}],"wp:attachment":[{"href":"https:\/\/audi-klaus.at\/shop\/wp-json\/wp\/v2\/media?parent=52442"}],"wp:term":[{"taxonomy":"product_brand","embeddable":true,"href":"https:\/\/audi-klaus.at\/shop\/wp-json\/wp\/v2\/product_brand?post=52442"},{"taxonomy":"product_cat","embeddable":true,"href":"https:\/\/audi-klaus.at\/shop\/wp-json\/wp\/v2\/product_cat?post=52442"},{"taxonomy":"product_tag","embeddable":true,"href":"https:\/\/audi-klaus.at\/shop\/wp-json\/wp\/v2\/product_tag?post=52442"}],"curies":[{"name":"wp","href":"https:\/\/api.w.org\/{rel}","templated":true}]}}