{"id":52345,"date":"2022-12-06T17:41:30","date_gmt":"2022-12-06T16:41:30","guid":{"rendered":"https:\/\/audi-klaus.at\/shop\/?post_type=product&#038;p=52345"},"modified":"2026-01-07T21:54:51","modified_gmt":"2026-01-07T20:54:51","slug":"audi-100-a6-c3-c4-80-90-coupe-cabrio-b3-b4-vw-passat-35i-b3-b4-32b-oelmessstab-nos-053115611c","status":"publish","type":"product","link":"https:\/\/audi-klaus.at\/shop\/produkt\/audi-100-a6-c3-c4-80-90-coupe-cabrio-b3-b4-vw-passat-35i-b3-b4-32b-oelmessstab-nos-053115611c\/","title":{"rendered":"Audi 100\/A6\/C3\/C4\/80\/90\/Coup\u00e9\/Cabrio\/B3\/B4\/Vw Passat 35i\/B3\/B4\/32B \u00d6lmessstab NOS 053115611C"},"content":{"rendered":"<h5 class=\"western\"><span style=\"color: #060606;\"><span style=\"font-family: Verdana, serif;\"><span style=\"font-size: small;\"><b>VAG Teilenummer<\/b><\/span><\/span><\/span><span style=\"color: #060606;\"><span style=\"font-family: Verdana, serif;\"><span style=\"font-size: small;\">: 053 115 611C<\/span><\/span><\/span><\/h5>\n<h5 class=\"western\"><span style=\"color: #060606;\"><span style=\"font-family: Verdana, serif;\"><span style=\"font-size: small;\"><b>Zustand: <\/b><\/span><\/span><\/span><span style=\"color: #060606;\"><span style=\"font-family: Verdana, serif;\"><span style=\"font-size: small;\"><span lang=\"de-DE\">NEU<\/span><\/span><\/span><\/span><\/h5>\n<h5 class=\"western\"><span style=\"color: #060606;\"><span style=\"font-family: Verdana, serif;\"><span style=\"font-size: small;\"><b>Lieferumfang:<\/b><\/span><\/span><\/span><span style=\"color: #060606;\"><span style=\"font-family: Verdana, serif;\"><span style=\"font-size: small;\">\u00a0wie in den Original-Abbildungen angegeben<\/span><\/span><\/span><\/h5>\n<h5 class=\"western\"><span style=\"color: #060606;\"><span style=\"font-family: Verdana, serif;\"><span style=\"font-size: small;\"><b>Hinweis:<\/b><\/span><\/span><\/span><span style=\"color: #060606;\"><span style=\"font-family: Verdana, serif;\"><span style=\"font-size: small;\">\u00a0Bitte \u00fcberpr\u00fcfen Sie vor dem Kauf anhand der eindeutigen Teilenummern, ob der Artikel zum Fahrzeug passt, um R\u00fccksendungen zu vermeiden! Trotz Angabe der entsprechenden Fahrzeugdaten ist eine eindeutige Zuordnung nur \u00fcber die Teilenummer m\u00f6glich! Die abgelesene Teilenummer ist die Teilenummer des Teils, welches geliefert wird. Die Originalteilnummer ist diejenige, die bei Neubestellung f\u00fcr dieses Teil gilt und der m\u00f6glicherweise abweichenden, gelieferten Teilenummer entspricht. <\/span><\/span><\/span><\/h5>\n<h5 class=\"western\"><span style=\"color: #060606;\"><span style=\"font-family: Verdana, serif;\"><span style=\"font-size: small;\"><span lang=\"de-DE\">Neu<\/span><\/span><\/span><\/span><span style=\"color: #060606;\"><span style=\"font-family: Verdana, serif;\"><span style=\"font-size: small;\"> mit Gebrauchsspuren in Form von Verunreinigungen\/ kleinen Kratzern m\u00f6glich. Die Ware wird ungereinigt geliefert.<\/span><\/span><\/span><\/h5>\n<h5 class=\"western\"><span style=\"color: #060606;\"><span style=\"font-family: Verdana, serif;\"><span style=\"font-size: small;\">Sollten weitere Fragen offen sein, kontaktieren Sie uns bitte unter\u00a0<\/span><\/span><\/span><a><span style=\"color: #0000ff;\"><span style=\"font-family: Verdana, serif;\"><span style=\"font-size: small;\"><u>office@audi-klaus.at<\/u><\/span><\/span><\/span><\/a><\/h5>\n","protected":false},"excerpt":{"rendered":"<p class=\"western\"><strong><span style=\"color: #000000;\"><span style=\"font-family: Source Sans Pro, serif;\"><span style=\"font-size: x-large;\">Marke: Audi\/Vw<br \/>\nModell: 100\/A6\/80\/90\/Coup\u00e9\/Cabrio\/Passat 35i<br \/>\nTyp: C3\/C4\/B3\/B4\/32B<\/span><\/span><\/span><\/strong><\/p>\n","protected":false},"featured_media":52274,"template":"","meta":[],"product_brand":[],"product_cat":[85,372,87,586,155,591,170,1164,171,1176,32,224,1230,78,234,1231,81,244,1232,82,264,1641,83,335,1651,84,345,1661],"product_tag":[17398,17399,17400],"class_list":{"0":"post-52345","1":"product","2":"type-product","3":"status-publish","4":"has-post-thumbnail","6":"product_cat-coupe80","7":"product_cat-a6","8":"product_cat-b3-typ89-80","9":"product_cat-c4-4a-1994-1997","10":"product_cat-155","11":"product_cat-motor-getriebe-c4-1994-1997","12":"product_cat-c3-typ44-1982-1990","13":"product_cat-vw","14":"product_cat-c4-1991-1994","15":"product_cat-passat","16":"product_cat-audi","17":"product_cat-motor-getriebe-b3-86","18":"product_cat-b2-32b-1980-1988","19":"product_cat-78","20":"product_cat-motor-getriebe-b4-91","21":"product_cat-b3-35i-1988-1993","22":"product_cat-b3-86","23":"product_cat-motor-getriebe-typ89","24":"product_cat-b4-3a-1993-1997","25":"product_cat-b4-91","26":"product_cat-motor-getriebe-b3-80","27":"product_cat-motor-getriebe-b2-32b-1980-1988","28":"product_cat-cabrio80","29":"product_cat-motor-getriebe-c3-1982-1990","30":"product_cat-motor-getriebe-b3-35i-1988-1993","31":"product_cat-typ89","32":"product_cat-motor-getriebe-c4-1991-1994","33":"product_cat-motor-getriebe-b4-3a-1993-1997","34":"product_tag-053115611c","35":"product_tag-17399","36":"product_tag-m1425","38":"first","39":"instock","40":"taxable","41":"shipping-taxable","42":"purchasable","43":"product-type-simple"},"yoast_head":"<!-- This site is optimized with the Yoast SEO plugin v27.3 - https:\/\/yoast.com\/product\/yoast-seo-wordpress\/ -->\n<title>Audi 100\/A6\/C3\/C4\/80\/90\/Coup\u00e9\/Cabrio\/B3\/B4\/Vw Passat 35i\/B3\/B4\/32B \u00d6lmessstab NOS 053115611C - Audi-Klaus<\/title>\n<meta name=\"description\" content=\"Audi-Klaus Audi 100\/A6\/C3\/C4\/80\/90\/Coup\u00e9\/Cabrio\/B3\/B4\/Vw Passat 35i\/B3\/B4\/32B \u00d6lmessstab NOS 053115611C Audi 100\/A6\/C3\/C4\/80\/90\/Coup\u00e9\/Cabrio\/B3\/B4\/Vw Passat 35i\/B3\/B4\/32B \u00d6lmessstab NOS 053115611C\" \/>\n<meta name=\"robots\" content=\"index, follow, max-snippet:-1, max-image-preview:large, max-video-preview:-1\" \/>\n<link rel=\"canonical\" href=\"https:\/\/audi-klaus.at\/shop\/produkt\/audi-100-a6-c3-c4-80-90-coupe-cabrio-b3-b4-vw-passat-35i-b3-b4-32b-oelmessstab-nos-053115611c\/\" \/>\n<meta property=\"og:locale\" content=\"de_DE\" \/>\n<meta property=\"og:type\" content=\"article\" \/>\n<meta property=\"og:title\" content=\"Audi 100\/A6\/C3\/C4\/80\/90\/Coup\u00e9\/Cabrio\/B3\/B4\/Vw Passat 35i\/B3\/B4\/32B \u00d6lmessstab NOS 053115611C - Audi-Klaus\" \/>\n<meta property=\"og:description\" content=\"Audi-Klaus Audi 100\/A6\/C3\/C4\/80\/90\/Coup\u00e9\/Cabrio\/B3\/B4\/Vw Passat 35i\/B3\/B4\/32B \u00d6lmessstab NOS 053115611C Audi 100\/A6\/C3\/C4\/80\/90\/Coup\u00e9\/Cabrio\/B3\/B4\/Vw Passat 35i\/B3\/B4\/32B \u00d6lmessstab NOS 053115611C\" \/>\n<meta property=\"og:url\" content=\"https:\/\/audi-klaus.at\/shop\/produkt\/audi-100-a6-c3-c4-80-90-coupe-cabrio-b3-b4-vw-passat-35i-b3-b4-32b-oelmessstab-nos-053115611c\/\" \/>\n<meta property=\"og:site_name\" content=\"Audi-Klaus\" \/>\n<meta property=\"article:publisher\" content=\"https:\/\/www.facebook.com\/audi.klaus.1312\/\" \/>\n<meta property=\"article:modified_time\" content=\"2026-01-07T20:54:51+00:00\" \/>\n<meta property=\"og:image\" content=\"https:\/\/audi-klaus.at\/shop\/wp-content\/uploads\/2022\/12\/M1425.jpg\" \/>\n\t<meta property=\"og:image:width\" content=\"418\" \/>\n\t<meta property=\"og:image:height\" content=\"418\" \/>\n\t<meta property=\"og:image:type\" content=\"image\/jpeg\" \/>\n<meta name=\"twitter:card\" content=\"summary_large_image\" \/>\n<meta name=\"twitter:label1\" content=\"Gesch\u00e4tzte Lesezeit\" \/>\n\t<meta name=\"twitter:data1\" content=\"1 Minute\" \/>\n<script type=\"application\/ld+json\" class=\"yoast-schema-graph\">{\"@context\":\"https:\\\/\\\/schema.org\",\"@graph\":[{\"@type\":\"WebPage\",\"@id\":\"https:\\\/\\\/audi-klaus.at\\\/shop\\\/produkt\\\/audi-100-a6-c3-c4-80-90-coupe-cabrio-b3-b4-vw-passat-35i-b3-b4-32b-oelmessstab-nos-053115611c\\\/\",\"url\":\"https:\\\/\\\/audi-klaus.at\\\/shop\\\/produkt\\\/audi-100-a6-c3-c4-80-90-coupe-cabrio-b3-b4-vw-passat-35i-b3-b4-32b-oelmessstab-nos-053115611c\\\/\",\"name\":\"Audi 100\\\/A6\\\/C3\\\/C4\\\/80\\\/90\\\/Coup\u00e9\\\/Cabrio\\\/B3\\\/B4\\\/Vw Passat 35i\\\/B3\\\/B4\\\/32B \u00d6lmessstab NOS 053115611C - Audi-Klaus\",\"isPartOf\":{\"@id\":\"https:\\\/\\\/audi-klaus.at\\\/shop\\\/#website\"},\"primaryImageOfPage\":{\"@id\":\"https:\\\/\\\/audi-klaus.at\\\/shop\\\/produkt\\\/audi-100-a6-c3-c4-80-90-coupe-cabrio-b3-b4-vw-passat-35i-b3-b4-32b-oelmessstab-nos-053115611c\\\/#primaryimage\"},\"image\":{\"@id\":\"https:\\\/\\\/audi-klaus.at\\\/shop\\\/produkt\\\/audi-100-a6-c3-c4-80-90-coupe-cabrio-b3-b4-vw-passat-35i-b3-b4-32b-oelmessstab-nos-053115611c\\\/#primaryimage\"},\"thumbnailUrl\":\"https:\\\/\\\/audi-klaus.at\\\/shop\\\/wp-content\\\/uploads\\\/2022\\\/12\\\/M1425.jpg\",\"datePublished\":\"2022-12-06T16:41:30+00:00\",\"dateModified\":\"2026-01-07T20:54:51+00:00\",\"description\":\"Audi-Klaus Audi 100\\\/A6\\\/C3\\\/C4\\\/80\\\/90\\\/Coup\u00e9\\\/Cabrio\\\/B3\\\/B4\\\/Vw Passat 35i\\\/B3\\\/B4\\\/32B \u00d6lmessstab NOS 053115611C Audi 100\\\/A6\\\/C3\\\/C4\\\/80\\\/90\\\/Coup\u00e9\\\/Cabrio\\\/B3\\\/B4\\\/Vw Passat 35i\\\/B3\\\/B4\\\/32B \u00d6lmessstab NOS 053115611C\",\"breadcrumb\":{\"@id\":\"https:\\\/\\\/audi-klaus.at\\\/shop\\\/produkt\\\/audi-100-a6-c3-c4-80-90-coupe-cabrio-b3-b4-vw-passat-35i-b3-b4-32b-oelmessstab-nos-053115611c\\\/#breadcrumb\"},\"inLanguage\":\"de-AT\",\"potentialAction\":[{\"@type\":\"ReadAction\",\"target\":[\"https:\\\/\\\/audi-klaus.at\\\/shop\\\/produkt\\\/audi-100-a6-c3-c4-80-90-coupe-cabrio-b3-b4-vw-passat-35i-b3-b4-32b-oelmessstab-nos-053115611c\\\/\"]}]},{\"@type\":\"ImageObject\",\"inLanguage\":\"de-AT\",\"@id\":\"https:\\\/\\\/audi-klaus.at\\\/shop\\\/produkt\\\/audi-100-a6-c3-c4-80-90-coupe-cabrio-b3-b4-vw-passat-35i-b3-b4-32b-oelmessstab-nos-053115611c\\\/#primaryimage\",\"url\":\"https:\\\/\\\/audi-klaus.at\\\/shop\\\/wp-content\\\/uploads\\\/2022\\\/12\\\/M1425.jpg\",\"contentUrl\":\"https:\\\/\\\/audi-klaus.at\\\/shop\\\/wp-content\\\/uploads\\\/2022\\\/12\\\/M1425.jpg\",\"width\":418,\"height\":418},{\"@type\":\"BreadcrumbList\",\"@id\":\"https:\\\/\\\/audi-klaus.at\\\/shop\\\/produkt\\\/audi-100-a6-c3-c4-80-90-coupe-cabrio-b3-b4-vw-passat-35i-b3-b4-32b-oelmessstab-nos-053115611c\\\/#breadcrumb\",\"itemListElement\":[{\"@type\":\"ListItem\",\"position\":1,\"name\":\"Startseite\",\"item\":\"https:\\\/\\\/audi-klaus.at\\\/shop\\\/\"},{\"@type\":\"ListItem\",\"position\":2,\"name\":\"Shop\",\"item\":\"https:\\\/\\\/audi-klaus.at\\\/shop\\\/\"},{\"@type\":\"ListItem\",\"position\":3,\"name\":\"Audi 100\\\/A6\\\/C3\\\/C4\\\/80\\\/90\\\/Coup\u00e9\\\/Cabrio\\\/B3\\\/B4\\\/Vw Passat 35i\\\/B3\\\/B4\\\/32B \u00d6lmessstab NOS 053115611C\"}]},{\"@type\":\"WebSite\",\"@id\":\"https:\\\/\\\/audi-klaus.at\\\/shop\\\/#website\",\"url\":\"https:\\\/\\\/audi-klaus.at\\\/shop\\\/\",\"name\":\"Audi-Klaus\",\"description\":\"Ihr Gebrauchtteile Spezialist f\u00fcr die Marken Audi, VW (VAG)\",\"publisher\":{\"@id\":\"https:\\\/\\\/audi-klaus.at\\\/shop\\\/#organization\"},\"potentialAction\":[{\"@type\":\"SearchAction\",\"target\":{\"@type\":\"EntryPoint\",\"urlTemplate\":\"https:\\\/\\\/audi-klaus.at\\\/shop\\\/?s={search_term_string}\"},\"query-input\":{\"@type\":\"PropertyValueSpecification\",\"valueRequired\":true,\"valueName\":\"search_term_string\"}}],\"inLanguage\":\"de-AT\"},{\"@type\":\"Organization\",\"@id\":\"https:\\\/\\\/audi-klaus.at\\\/shop\\\/#organization\",\"name\":\"Audi-Klaus\",\"url\":\"https:\\\/\\\/audi-klaus.at\\\/shop\\\/\",\"logo\":{\"@type\":\"ImageObject\",\"inLanguage\":\"de-AT\",\"@id\":\"https:\\\/\\\/audi-klaus.at\\\/shop\\\/#\\\/schema\\\/logo\\\/image\\\/\",\"url\":\"https:\\\/\\\/audi-klaus.at\\\/shop\\\/wp-content\\\/uploads\\\/2024\\\/10\\\/Logo-Shop.webp\",\"contentUrl\":\"https:\\\/\\\/audi-klaus.at\\\/shop\\\/wp-content\\\/uploads\\\/2024\\\/10\\\/Logo-Shop.webp\",\"width\":470,\"height\":164,\"caption\":\"Audi-Klaus\"},\"image\":{\"@id\":\"https:\\\/\\\/audi-klaus.at\\\/shop\\\/#\\\/schema\\\/logo\\\/image\\\/\"},\"sameAs\":[\"https:\\\/\\\/www.facebook.com\\\/audi.klaus.1312\\\/\",\"https:\\\/\\\/www.instagram.com\\\/audi_klaus\\\/?igshid=1eca3qu2mdayg\"]}]}<\/script>\n<!-- \/ Yoast SEO plugin. -->","yoast_head_json":{"title":"Audi 100\/A6\/C3\/C4\/80\/90\/Coup\u00e9\/Cabrio\/B3\/B4\/Vw Passat 35i\/B3\/B4\/32B \u00d6lmessstab NOS 053115611C - Audi-Klaus","description":"Audi-Klaus Audi 100\/A6\/C3\/C4\/80\/90\/Coup\u00e9\/Cabrio\/B3\/B4\/Vw Passat 35i\/B3\/B4\/32B \u00d6lmessstab NOS 053115611C Audi 100\/A6\/C3\/C4\/80\/90\/Coup\u00e9\/Cabrio\/B3\/B4\/Vw Passat 35i\/B3\/B4\/32B \u00d6lmessstab NOS 053115611C","robots":{"index":"index","follow":"follow","max-snippet":"max-snippet:-1","max-image-preview":"max-image-preview:large","max-video-preview":"max-video-preview:-1"},"canonical":"https:\/\/audi-klaus.at\/shop\/produkt\/audi-100-a6-c3-c4-80-90-coupe-cabrio-b3-b4-vw-passat-35i-b3-b4-32b-oelmessstab-nos-053115611c\/","og_locale":"de_DE","og_type":"article","og_title":"Audi 100\/A6\/C3\/C4\/80\/90\/Coup\u00e9\/Cabrio\/B3\/B4\/Vw Passat 35i\/B3\/B4\/32B \u00d6lmessstab NOS 053115611C - Audi-Klaus","og_description":"Audi-Klaus Audi 100\/A6\/C3\/C4\/80\/90\/Coup\u00e9\/Cabrio\/B3\/B4\/Vw Passat 35i\/B3\/B4\/32B \u00d6lmessstab NOS 053115611C Audi 100\/A6\/C3\/C4\/80\/90\/Coup\u00e9\/Cabrio\/B3\/B4\/Vw Passat 35i\/B3\/B4\/32B \u00d6lmessstab NOS 053115611C","og_url":"https:\/\/audi-klaus.at\/shop\/produkt\/audi-100-a6-c3-c4-80-90-coupe-cabrio-b3-b4-vw-passat-35i-b3-b4-32b-oelmessstab-nos-053115611c\/","og_site_name":"Audi-Klaus","article_publisher":"https:\/\/www.facebook.com\/audi.klaus.1312\/","article_modified_time":"2026-01-07T20:54:51+00:00","og_image":[{"width":418,"height":418,"url":"https:\/\/audi-klaus.at\/shop\/wp-content\/uploads\/2022\/12\/M1425.jpg","type":"image\/jpeg"}],"twitter_card":"summary_large_image","twitter_misc":{"Gesch\u00e4tzte Lesezeit":"1 Minute"},"schema":{"@context":"https:\/\/schema.org","@graph":[{"@type":"WebPage","@id":"https:\/\/audi-klaus.at\/shop\/produkt\/audi-100-a6-c3-c4-80-90-coupe-cabrio-b3-b4-vw-passat-35i-b3-b4-32b-oelmessstab-nos-053115611c\/","url":"https:\/\/audi-klaus.at\/shop\/produkt\/audi-100-a6-c3-c4-80-90-coupe-cabrio-b3-b4-vw-passat-35i-b3-b4-32b-oelmessstab-nos-053115611c\/","name":"Audi 100\/A6\/C3\/C4\/80\/90\/Coup\u00e9\/Cabrio\/B3\/B4\/Vw Passat 35i\/B3\/B4\/32B \u00d6lmessstab NOS 053115611C - Audi-Klaus","isPartOf":{"@id":"https:\/\/audi-klaus.at\/shop\/#website"},"primaryImageOfPage":{"@id":"https:\/\/audi-klaus.at\/shop\/produkt\/audi-100-a6-c3-c4-80-90-coupe-cabrio-b3-b4-vw-passat-35i-b3-b4-32b-oelmessstab-nos-053115611c\/#primaryimage"},"image":{"@id":"https:\/\/audi-klaus.at\/shop\/produkt\/audi-100-a6-c3-c4-80-90-coupe-cabrio-b3-b4-vw-passat-35i-b3-b4-32b-oelmessstab-nos-053115611c\/#primaryimage"},"thumbnailUrl":"https:\/\/audi-klaus.at\/shop\/wp-content\/uploads\/2022\/12\/M1425.jpg","datePublished":"2022-12-06T16:41:30+00:00","dateModified":"2026-01-07T20:54:51+00:00","description":"Audi-Klaus Audi 100\/A6\/C3\/C4\/80\/90\/Coup\u00e9\/Cabrio\/B3\/B4\/Vw Passat 35i\/B3\/B4\/32B \u00d6lmessstab NOS 053115611C Audi 100\/A6\/C3\/C4\/80\/90\/Coup\u00e9\/Cabrio\/B3\/B4\/Vw Passat 35i\/B3\/B4\/32B \u00d6lmessstab NOS 053115611C","breadcrumb":{"@id":"https:\/\/audi-klaus.at\/shop\/produkt\/audi-100-a6-c3-c4-80-90-coupe-cabrio-b3-b4-vw-passat-35i-b3-b4-32b-oelmessstab-nos-053115611c\/#breadcrumb"},"inLanguage":"de-AT","potentialAction":[{"@type":"ReadAction","target":["https:\/\/audi-klaus.at\/shop\/produkt\/audi-100-a6-c3-c4-80-90-coupe-cabrio-b3-b4-vw-passat-35i-b3-b4-32b-oelmessstab-nos-053115611c\/"]}]},{"@type":"ImageObject","inLanguage":"de-AT","@id":"https:\/\/audi-klaus.at\/shop\/produkt\/audi-100-a6-c3-c4-80-90-coupe-cabrio-b3-b4-vw-passat-35i-b3-b4-32b-oelmessstab-nos-053115611c\/#primaryimage","url":"https:\/\/audi-klaus.at\/shop\/wp-content\/uploads\/2022\/12\/M1425.jpg","contentUrl":"https:\/\/audi-klaus.at\/shop\/wp-content\/uploads\/2022\/12\/M1425.jpg","width":418,"height":418},{"@type":"BreadcrumbList","@id":"https:\/\/audi-klaus.at\/shop\/produkt\/audi-100-a6-c3-c4-80-90-coupe-cabrio-b3-b4-vw-passat-35i-b3-b4-32b-oelmessstab-nos-053115611c\/#breadcrumb","itemListElement":[{"@type":"ListItem","position":1,"name":"Startseite","item":"https:\/\/audi-klaus.at\/shop\/"},{"@type":"ListItem","position":2,"name":"Shop","item":"https:\/\/audi-klaus.at\/shop\/"},{"@type":"ListItem","position":3,"name":"Audi 100\/A6\/C3\/C4\/80\/90\/Coup\u00e9\/Cabrio\/B3\/B4\/Vw Passat 35i\/B3\/B4\/32B \u00d6lmessstab NOS 053115611C"}]},{"@type":"WebSite","@id":"https:\/\/audi-klaus.at\/shop\/#website","url":"https:\/\/audi-klaus.at\/shop\/","name":"Audi-Klaus","description":"Ihr Gebrauchtteile Spezialist f\u00fcr die Marken Audi, VW (VAG)","publisher":{"@id":"https:\/\/audi-klaus.at\/shop\/#organization"},"potentialAction":[{"@type":"SearchAction","target":{"@type":"EntryPoint","urlTemplate":"https:\/\/audi-klaus.at\/shop\/?s={search_term_string}"},"query-input":{"@type":"PropertyValueSpecification","valueRequired":true,"valueName":"search_term_string"}}],"inLanguage":"de-AT"},{"@type":"Organization","@id":"https:\/\/audi-klaus.at\/shop\/#organization","name":"Audi-Klaus","url":"https:\/\/audi-klaus.at\/shop\/","logo":{"@type":"ImageObject","inLanguage":"de-AT","@id":"https:\/\/audi-klaus.at\/shop\/#\/schema\/logo\/image\/","url":"https:\/\/audi-klaus.at\/shop\/wp-content\/uploads\/2024\/10\/Logo-Shop.webp","contentUrl":"https:\/\/audi-klaus.at\/shop\/wp-content\/uploads\/2024\/10\/Logo-Shop.webp","width":470,"height":164,"caption":"Audi-Klaus"},"image":{"@id":"https:\/\/audi-klaus.at\/shop\/#\/schema\/logo\/image\/"},"sameAs":["https:\/\/www.facebook.com\/audi.klaus.1312\/","https:\/\/www.instagram.com\/audi_klaus\/?igshid=1eca3qu2mdayg"]}]}},"_links":{"self":[{"href":"https:\/\/audi-klaus.at\/shop\/wp-json\/wp\/v2\/product\/52345","targetHints":{"allow":["GET"]}}],"collection":[{"href":"https:\/\/audi-klaus.at\/shop\/wp-json\/wp\/v2\/product"}],"about":[{"href":"https:\/\/audi-klaus.at\/shop\/wp-json\/wp\/v2\/types\/product"}],"wp:featuredmedia":[{"embeddable":true,"href":"https:\/\/audi-klaus.at\/shop\/wp-json\/wp\/v2\/media\/52274"}],"wp:attachment":[{"href":"https:\/\/audi-klaus.at\/shop\/wp-json\/wp\/v2\/media?parent=52345"}],"wp:term":[{"taxonomy":"product_brand","embeddable":true,"href":"https:\/\/audi-klaus.at\/shop\/wp-json\/wp\/v2\/product_brand?post=52345"},{"taxonomy":"product_cat","embeddable":true,"href":"https:\/\/audi-klaus.at\/shop\/wp-json\/wp\/v2\/product_cat?post=52345"},{"taxonomy":"product_tag","embeddable":true,"href":"https:\/\/audi-klaus.at\/shop\/wp-json\/wp\/v2\/product_tag?post=52345"}],"curies":[{"name":"wp","href":"https:\/\/api.w.org\/{rel}","templated":true}]}}