{"id":52091,"date":"2022-12-05T09:31:27","date_gmt":"2022-12-05T08:31:27","guid":{"rendered":"https:\/\/audi-klaus.at\/shop\/?post_type=product&#038;p=52091"},"modified":"2026-01-07T21:54:45","modified_gmt":"2026-01-07T20:54:45","slug":"vw-audi-v8-d11-80-rs2-b4-a6-s6-100-200-c3-c4-a8-d2-lager-fuer-lenker-hinterachse-beidseitig-neu-4d0511523c","status":"publish","type":"product","link":"https:\/\/audi-klaus.at\/shop\/produkt\/vw-audi-v8-d11-80-rs2-b4-a6-s6-100-200-c3-c4-a8-d2-lager-fuer-lenker-hinterachse-beidseitig-neu-4d0511523c\/","title":{"rendered":"Vw\/Audi V8\/D11\/80\/RS2\/B4\/A6\/S6\/100\/200\/C3\/C4\/A8\/D2 Lager f\u00fcr Lenker Hinterachse beidseitig NEU 4D0511523C"},"content":{"rendered":"<h5 class=\"western\"><span style=\"color: #060606\"><span style=\"font-family: Verdana, serif\"><span style=\"font-size: small\"><b>VAG Teilenummer<\/b><\/span><\/span><\/span><span style=\"color: #060606\"><span style=\"font-family: Verdana, serif\"><span style=\"font-size: small\">: 4D0 511 523C<\/span><\/span><\/span><\/h5>\n<h5 class=\"western\"><span style=\"color: #060606\"><span style=\"font-family: Verdana, serif\"><span style=\"font-size: small\"><b>Zustand: <\/b><\/span><\/span><\/span><span style=\"color: #060606\"><span style=\"font-family: Verdana, serif\"><span style=\"font-size: small\"><span lang=\"de-DE\">NEU<\/span><\/span><\/span><\/span><\/h5>\n<h5 class=\"western\"><span style=\"color: #060606\"><span style=\"font-family: Verdana, serif\"><span style=\"font-size: small\"><b>Lieferumfang:<\/b><\/span><\/span><\/span><span style=\"color: #060606\"><span style=\"font-family: Verdana, serif\"><span style=\"font-size: small\">\u00a0wie in den Original-Abbildungen angegeben<\/span><\/span><\/span><\/h5>\n<h5 class=\"western\"><span style=\"color: #060606\"><span style=\"font-family: Verdana, serif\"><span style=\"font-size: small\"><b>Hinweis:<\/b><\/span><\/span><\/span><span style=\"color: #060606\"><span style=\"font-family: Verdana, serif\"><span style=\"font-size: small\">\u00a0Bitte \u00fcberpr\u00fcfen Sie vor dem Kauf anhand der eindeutigen Teilenummern, ob der Artikel zum Fahrzeug passt, um R\u00fccksendungen zu vermeiden! Trotz Angabe der entsprechenden Fahrzeugdaten ist eine eindeutige Zuordnung nur \u00fcber die Teilenummer m\u00f6glich! Die abgelesene Teilenummer ist die Teilenummer des Teils, welches geliefert wird. Die Originalteilnummer ist diejenige, die bei Neubestellung f\u00fcr dieses Teil gilt und der m\u00f6glicherweise abweichenden, gelieferten Teilenummer entspricht. <\/span><\/span><\/span><\/h5>\n<h5 class=\"western\"><span style=\"color: #060606\"><span style=\"font-family: Verdana, serif\"><span style=\"font-size: small\"><span lang=\"de-DE\">Neu<\/span><\/span><\/span><\/span><span style=\"color: #060606\"><span style=\"font-family: Verdana, serif\"><span style=\"font-size: small\"> mit Gebrauchsspuren in Form von Verunreinigungen\/ kleinen Kratzern m\u00f6glich. Die Ware wird ungereinigt geliefert.<\/span><\/span><\/span><\/h5>\n<h5 class=\"western\"><span style=\"color: #060606\"><span style=\"font-family: Verdana, serif\"><span style=\"font-size: small\">Sollten weitere Fragen offen sein, kontaktieren Sie uns bitte unter\u00a0<\/span><\/span><\/span><a><span style=\"color: #0000ff\"><span style=\"font-family: Verdana, serif\"><span style=\"font-size: small\"><u>office@audi-klaus.at<\/u><\/span><\/span><\/span><\/a><\/h5>\n","protected":false},"excerpt":{"rendered":"<h5 class=\"western\"><strong><span style=\"color: #000000\"><span style=\"font-family: Source Sans Pro, serif\"><span style=\"font-size: x-large\">Marke: Vw\/Audi<br \/>\nModell: V8\/80\/RS2\/A6\/S6\/100\/200\/A8<br \/>\nTyp: D11\/B4\/C3\/C4\/D2<\/span><\/span><\/span><\/strong><\/h5>\n<h5 class=\"western\"><span style=\"color: #c9211e;font-family: Source Sans Pro, serif;font-size: large\"><b>F\u00fcr Querlenker!!<\/b><\/span><\/h5>\n","protected":false},"featured_media":52076,"template":"","meta":[],"product_brand":[],"product_cat":[289,586,339,595,349,643,365,658,372,781,32,374,949,89,385,989,91,387,1164,155,403,170,408,171,414],"product_tag":[17275,17273,17274],"class_list":{"0":"post-52091","1":"product","2":"type-product","3":"status-publish","4":"has-post-thumbnail","6":"product_cat-vorder-hinterachse-b4-rs2-80","7":"product_cat-c4-4a-1994-1997","8":"product_cat-vorder-hinterachse-c3-1982-1990","9":"product_cat-vorder-hinterachse-c4-1994-1997","10":"product_cat-vorder-hinterachse-c4-1991-1994","11":"product_cat-s6","12":"product_cat-v8","13":"product_cat-c4-4a-s6","14":"product_cat-a6","15":"product_cat-vorder-hinterachse-c4-s6","16":"product_cat-audi","17":"product_cat-a8","18":"product_cat-d2-4d-1994-2002","19":"product_cat-rs2-80","20":"product_cat-385","21":"product_cat-vorder-hinterachse-d2-1994-2002","22":"product_cat-b4-rs2-80","23":"product_cat-c3-typ44-1983-1991","24":"product_cat-vw","25":"product_cat-155","26":"product_cat-vorder-hinterachse-c2-1983-1991","27":"product_cat-c3-typ44-1982-1990","28":"product_cat-d11-1988-1994","29":"product_cat-c4-1991-1994","30":"product_cat-vorder-hinterachse-d11-1988-1994","31":"product_tag-l266","32":"product_tag-4d0511523c","33":"product_tag-4d0511523","35":"first","36":"instock","37":"taxable","38":"shipping-taxable","39":"purchasable","40":"product-type-simple"},"yoast_head":"<!-- This site is optimized with the Yoast SEO plugin v27.5 - https:\/\/yoast.com\/product\/yoast-seo-wordpress\/ -->\n<title>Vw\/Audi V8\/D11\/80\/RS2\/B4\/A6\/S6\/100\/200\/C3\/C4\/A8\/D2 Lager f\u00fcr Lenker Hinterachse beidseitig NEU 4D0511523C - Audi-Klaus<\/title>\n<meta name=\"description\" content=\"Audi-Klaus Vw\/Audi V8\/D11\/80\/RS2\/B4\/A6\/S6\/100\/200\/C3\/C4\/A8\/D2 Lager f\u00fcr Lenker Hinterachse beidseitig NEU 4D0511523C Vw\/Audi V8\/D11\/80\/RS2\/B4\/A6\/S6\/100\/200\/C3\/C4\/A8\/D2 Lager f\u00fcr Lenker Hinterachse beidseitig NEU 4D0511523C\" \/>\n<meta name=\"robots\" content=\"index, follow, max-snippet:-1, max-image-preview:large, max-video-preview:-1\" \/>\n<link rel=\"canonical\" href=\"https:\/\/audi-klaus.at\/shop\/produkt\/vw-audi-v8-d11-80-rs2-b4-a6-s6-100-200-c3-c4-a8-d2-lager-fuer-lenker-hinterachse-beidseitig-neu-4d0511523c\/\" \/>\n<meta property=\"og:locale\" content=\"de_DE\" \/>\n<meta property=\"og:type\" content=\"article\" \/>\n<meta property=\"og:title\" content=\"Vw\/Audi V8\/D11\/80\/RS2\/B4\/A6\/S6\/100\/200\/C3\/C4\/A8\/D2 Lager f\u00fcr Lenker Hinterachse beidseitig NEU 4D0511523C - Audi-Klaus\" \/>\n<meta property=\"og:description\" content=\"Audi-Klaus Vw\/Audi V8\/D11\/80\/RS2\/B4\/A6\/S6\/100\/200\/C3\/C4\/A8\/D2 Lager f\u00fcr Lenker Hinterachse beidseitig NEU 4D0511523C Vw\/Audi V8\/D11\/80\/RS2\/B4\/A6\/S6\/100\/200\/C3\/C4\/A8\/D2 Lager f\u00fcr Lenker Hinterachse beidseitig NEU 4D0511523C\" \/>\n<meta property=\"og:url\" content=\"https:\/\/audi-klaus.at\/shop\/produkt\/vw-audi-v8-d11-80-rs2-b4-a6-s6-100-200-c3-c4-a8-d2-lager-fuer-lenker-hinterachse-beidseitig-neu-4d0511523c\/\" \/>\n<meta property=\"og:site_name\" content=\"Audi-Klaus\" \/>\n<meta property=\"article:publisher\" content=\"https:\/\/www.facebook.com\/audi.klaus.1312\/\" \/>\n<meta property=\"article:modified_time\" content=\"2026-01-07T20:54:45+00:00\" \/>\n<meta property=\"og:image\" content=\"https:\/\/audi-klaus.at\/shop\/wp-content\/uploads\/2022\/12\/L266.jpg\" \/>\n\t<meta property=\"og:image:width\" content=\"418\" \/>\n\t<meta property=\"og:image:height\" content=\"418\" \/>\n\t<meta property=\"og:image:type\" content=\"image\/jpeg\" \/>\n<meta name=\"twitter:card\" content=\"summary_large_image\" \/>\n<meta name=\"twitter:label1\" content=\"Gesch\u00e4tzte Lesezeit\" \/>\n\t<meta name=\"twitter:data1\" content=\"1 Minute\" \/>\n<script type=\"application\/ld+json\" class=\"yoast-schema-graph\">{\"@context\":\"https:\\\/\\\/schema.org\",\"@graph\":[{\"@type\":\"WebPage\",\"@id\":\"https:\\\/\\\/audi-klaus.at\\\/shop\\\/produkt\\\/vw-audi-v8-d11-80-rs2-b4-a6-s6-100-200-c3-c4-a8-d2-lager-fuer-lenker-hinterachse-beidseitig-neu-4d0511523c\\\/\",\"url\":\"https:\\\/\\\/audi-klaus.at\\\/shop\\\/produkt\\\/vw-audi-v8-d11-80-rs2-b4-a6-s6-100-200-c3-c4-a8-d2-lager-fuer-lenker-hinterachse-beidseitig-neu-4d0511523c\\\/\",\"name\":\"Vw\\\/Audi V8\\\/D11\\\/80\\\/RS2\\\/B4\\\/A6\\\/S6\\\/100\\\/200\\\/C3\\\/C4\\\/A8\\\/D2 Lager f\u00fcr Lenker Hinterachse beidseitig NEU 4D0511523C - Audi-Klaus\",\"isPartOf\":{\"@id\":\"https:\\\/\\\/audi-klaus.at\\\/shop\\\/#website\"},\"primaryImageOfPage\":{\"@id\":\"https:\\\/\\\/audi-klaus.at\\\/shop\\\/produkt\\\/vw-audi-v8-d11-80-rs2-b4-a6-s6-100-200-c3-c4-a8-d2-lager-fuer-lenker-hinterachse-beidseitig-neu-4d0511523c\\\/#primaryimage\"},\"image\":{\"@id\":\"https:\\\/\\\/audi-klaus.at\\\/shop\\\/produkt\\\/vw-audi-v8-d11-80-rs2-b4-a6-s6-100-200-c3-c4-a8-d2-lager-fuer-lenker-hinterachse-beidseitig-neu-4d0511523c\\\/#primaryimage\"},\"thumbnailUrl\":\"https:\\\/\\\/audi-klaus.at\\\/shop\\\/wp-content\\\/uploads\\\/2022\\\/12\\\/L266.jpg\",\"datePublished\":\"2022-12-05T08:31:27+00:00\",\"dateModified\":\"2026-01-07T20:54:45+00:00\",\"description\":\"Audi-Klaus Vw\\\/Audi V8\\\/D11\\\/80\\\/RS2\\\/B4\\\/A6\\\/S6\\\/100\\\/200\\\/C3\\\/C4\\\/A8\\\/D2 Lager f\u00fcr Lenker Hinterachse beidseitig NEU 4D0511523C Vw\\\/Audi V8\\\/D11\\\/80\\\/RS2\\\/B4\\\/A6\\\/S6\\\/100\\\/200\\\/C3\\\/C4\\\/A8\\\/D2 Lager f\u00fcr Lenker Hinterachse beidseitig NEU 4D0511523C\",\"breadcrumb\":{\"@id\":\"https:\\\/\\\/audi-klaus.at\\\/shop\\\/produkt\\\/vw-audi-v8-d11-80-rs2-b4-a6-s6-100-200-c3-c4-a8-d2-lager-fuer-lenker-hinterachse-beidseitig-neu-4d0511523c\\\/#breadcrumb\"},\"inLanguage\":\"de-AT\",\"potentialAction\":[{\"@type\":\"ReadAction\",\"target\":[\"https:\\\/\\\/audi-klaus.at\\\/shop\\\/produkt\\\/vw-audi-v8-d11-80-rs2-b4-a6-s6-100-200-c3-c4-a8-d2-lager-fuer-lenker-hinterachse-beidseitig-neu-4d0511523c\\\/\"]}]},{\"@type\":\"ImageObject\",\"inLanguage\":\"de-AT\",\"@id\":\"https:\\\/\\\/audi-klaus.at\\\/shop\\\/produkt\\\/vw-audi-v8-d11-80-rs2-b4-a6-s6-100-200-c3-c4-a8-d2-lager-fuer-lenker-hinterachse-beidseitig-neu-4d0511523c\\\/#primaryimage\",\"url\":\"https:\\\/\\\/audi-klaus.at\\\/shop\\\/wp-content\\\/uploads\\\/2022\\\/12\\\/L266.jpg\",\"contentUrl\":\"https:\\\/\\\/audi-klaus.at\\\/shop\\\/wp-content\\\/uploads\\\/2022\\\/12\\\/L266.jpg\",\"width\":418,\"height\":418},{\"@type\":\"BreadcrumbList\",\"@id\":\"https:\\\/\\\/audi-klaus.at\\\/shop\\\/produkt\\\/vw-audi-v8-d11-80-rs2-b4-a6-s6-100-200-c3-c4-a8-d2-lager-fuer-lenker-hinterachse-beidseitig-neu-4d0511523c\\\/#breadcrumb\",\"itemListElement\":[{\"@type\":\"ListItem\",\"position\":1,\"name\":\"Startseite\",\"item\":\"https:\\\/\\\/audi-klaus.at\\\/shop\\\/\"},{\"@type\":\"ListItem\",\"position\":2,\"name\":\"Shop\",\"item\":\"https:\\\/\\\/audi-klaus.at\\\/shop\\\/\"},{\"@type\":\"ListItem\",\"position\":3,\"name\":\"Vw\\\/Audi V8\\\/D11\\\/80\\\/RS2\\\/B4\\\/A6\\\/S6\\\/100\\\/200\\\/C3\\\/C4\\\/A8\\\/D2 Lager f\u00fcr Lenker Hinterachse beidseitig NEU 4D0511523C\"}]},{\"@type\":\"WebSite\",\"@id\":\"https:\\\/\\\/audi-klaus.at\\\/shop\\\/#website\",\"url\":\"https:\\\/\\\/audi-klaus.at\\\/shop\\\/\",\"name\":\"Audi-Klaus\",\"description\":\"Ihr Gebrauchtteile Spezialist f\u00fcr die Marken Audi, VW (VAG)\",\"publisher\":{\"@id\":\"https:\\\/\\\/audi-klaus.at\\\/shop\\\/#organization\"},\"potentialAction\":[{\"@type\":\"SearchAction\",\"target\":{\"@type\":\"EntryPoint\",\"urlTemplate\":\"https:\\\/\\\/audi-klaus.at\\\/shop\\\/?s={search_term_string}\"},\"query-input\":{\"@type\":\"PropertyValueSpecification\",\"valueRequired\":true,\"valueName\":\"search_term_string\"}}],\"inLanguage\":\"de-AT\"},{\"@type\":\"Organization\",\"@id\":\"https:\\\/\\\/audi-klaus.at\\\/shop\\\/#organization\",\"name\":\"Audi-Klaus\",\"url\":\"https:\\\/\\\/audi-klaus.at\\\/shop\\\/\",\"logo\":{\"@type\":\"ImageObject\",\"inLanguage\":\"de-AT\",\"@id\":\"https:\\\/\\\/audi-klaus.at\\\/shop\\\/#\\\/schema\\\/logo\\\/image\\\/\",\"url\":\"https:\\\/\\\/audi-klaus.at\\\/shop\\\/wp-content\\\/uploads\\\/2024\\\/10\\\/Logo-Shop.webp\",\"contentUrl\":\"https:\\\/\\\/audi-klaus.at\\\/shop\\\/wp-content\\\/uploads\\\/2024\\\/10\\\/Logo-Shop.webp\",\"width\":470,\"height\":164,\"caption\":\"Audi-Klaus\"},\"image\":{\"@id\":\"https:\\\/\\\/audi-klaus.at\\\/shop\\\/#\\\/schema\\\/logo\\\/image\\\/\"},\"sameAs\":[\"https:\\\/\\\/www.facebook.com\\\/audi.klaus.1312\\\/\",\"https:\\\/\\\/www.instagram.com\\\/audi_klaus\\\/?igshid=1eca3qu2mdayg\"]}]}<\/script>\n<!-- \/ Yoast SEO plugin. -->","yoast_head_json":{"title":"Vw\/Audi V8\/D11\/80\/RS2\/B4\/A6\/S6\/100\/200\/C3\/C4\/A8\/D2 Lager f\u00fcr Lenker Hinterachse beidseitig NEU 4D0511523C - Audi-Klaus","description":"Audi-Klaus Vw\/Audi V8\/D11\/80\/RS2\/B4\/A6\/S6\/100\/200\/C3\/C4\/A8\/D2 Lager f\u00fcr Lenker Hinterachse beidseitig NEU 4D0511523C Vw\/Audi V8\/D11\/80\/RS2\/B4\/A6\/S6\/100\/200\/C3\/C4\/A8\/D2 Lager f\u00fcr Lenker Hinterachse beidseitig NEU 4D0511523C","robots":{"index":"index","follow":"follow","max-snippet":"max-snippet:-1","max-image-preview":"max-image-preview:large","max-video-preview":"max-video-preview:-1"},"canonical":"https:\/\/audi-klaus.at\/shop\/produkt\/vw-audi-v8-d11-80-rs2-b4-a6-s6-100-200-c3-c4-a8-d2-lager-fuer-lenker-hinterachse-beidseitig-neu-4d0511523c\/","og_locale":"de_DE","og_type":"article","og_title":"Vw\/Audi V8\/D11\/80\/RS2\/B4\/A6\/S6\/100\/200\/C3\/C4\/A8\/D2 Lager f\u00fcr Lenker Hinterachse beidseitig NEU 4D0511523C - Audi-Klaus","og_description":"Audi-Klaus Vw\/Audi V8\/D11\/80\/RS2\/B4\/A6\/S6\/100\/200\/C3\/C4\/A8\/D2 Lager f\u00fcr Lenker Hinterachse beidseitig NEU 4D0511523C Vw\/Audi V8\/D11\/80\/RS2\/B4\/A6\/S6\/100\/200\/C3\/C4\/A8\/D2 Lager f\u00fcr Lenker Hinterachse beidseitig NEU 4D0511523C","og_url":"https:\/\/audi-klaus.at\/shop\/produkt\/vw-audi-v8-d11-80-rs2-b4-a6-s6-100-200-c3-c4-a8-d2-lager-fuer-lenker-hinterachse-beidseitig-neu-4d0511523c\/","og_site_name":"Audi-Klaus","article_publisher":"https:\/\/www.facebook.com\/audi.klaus.1312\/","article_modified_time":"2026-01-07T20:54:45+00:00","og_image":[{"width":418,"height":418,"url":"https:\/\/audi-klaus.at\/shop\/wp-content\/uploads\/2022\/12\/L266.jpg","type":"image\/jpeg"}],"twitter_card":"summary_large_image","twitter_misc":{"Gesch\u00e4tzte Lesezeit":"1 Minute"},"schema":{"@context":"https:\/\/schema.org","@graph":[{"@type":"WebPage","@id":"https:\/\/audi-klaus.at\/shop\/produkt\/vw-audi-v8-d11-80-rs2-b4-a6-s6-100-200-c3-c4-a8-d2-lager-fuer-lenker-hinterachse-beidseitig-neu-4d0511523c\/","url":"https:\/\/audi-klaus.at\/shop\/produkt\/vw-audi-v8-d11-80-rs2-b4-a6-s6-100-200-c3-c4-a8-d2-lager-fuer-lenker-hinterachse-beidseitig-neu-4d0511523c\/","name":"Vw\/Audi V8\/D11\/80\/RS2\/B4\/A6\/S6\/100\/200\/C3\/C4\/A8\/D2 Lager f\u00fcr Lenker Hinterachse beidseitig NEU 4D0511523C - Audi-Klaus","isPartOf":{"@id":"https:\/\/audi-klaus.at\/shop\/#website"},"primaryImageOfPage":{"@id":"https:\/\/audi-klaus.at\/shop\/produkt\/vw-audi-v8-d11-80-rs2-b4-a6-s6-100-200-c3-c4-a8-d2-lager-fuer-lenker-hinterachse-beidseitig-neu-4d0511523c\/#primaryimage"},"image":{"@id":"https:\/\/audi-klaus.at\/shop\/produkt\/vw-audi-v8-d11-80-rs2-b4-a6-s6-100-200-c3-c4-a8-d2-lager-fuer-lenker-hinterachse-beidseitig-neu-4d0511523c\/#primaryimage"},"thumbnailUrl":"https:\/\/audi-klaus.at\/shop\/wp-content\/uploads\/2022\/12\/L266.jpg","datePublished":"2022-12-05T08:31:27+00:00","dateModified":"2026-01-07T20:54:45+00:00","description":"Audi-Klaus Vw\/Audi V8\/D11\/80\/RS2\/B4\/A6\/S6\/100\/200\/C3\/C4\/A8\/D2 Lager f\u00fcr Lenker Hinterachse beidseitig NEU 4D0511523C Vw\/Audi V8\/D11\/80\/RS2\/B4\/A6\/S6\/100\/200\/C3\/C4\/A8\/D2 Lager f\u00fcr Lenker Hinterachse beidseitig NEU 4D0511523C","breadcrumb":{"@id":"https:\/\/audi-klaus.at\/shop\/produkt\/vw-audi-v8-d11-80-rs2-b4-a6-s6-100-200-c3-c4-a8-d2-lager-fuer-lenker-hinterachse-beidseitig-neu-4d0511523c\/#breadcrumb"},"inLanguage":"de-AT","potentialAction":[{"@type":"ReadAction","target":["https:\/\/audi-klaus.at\/shop\/produkt\/vw-audi-v8-d11-80-rs2-b4-a6-s6-100-200-c3-c4-a8-d2-lager-fuer-lenker-hinterachse-beidseitig-neu-4d0511523c\/"]}]},{"@type":"ImageObject","inLanguage":"de-AT","@id":"https:\/\/audi-klaus.at\/shop\/produkt\/vw-audi-v8-d11-80-rs2-b4-a6-s6-100-200-c3-c4-a8-d2-lager-fuer-lenker-hinterachse-beidseitig-neu-4d0511523c\/#primaryimage","url":"https:\/\/audi-klaus.at\/shop\/wp-content\/uploads\/2022\/12\/L266.jpg","contentUrl":"https:\/\/audi-klaus.at\/shop\/wp-content\/uploads\/2022\/12\/L266.jpg","width":418,"height":418},{"@type":"BreadcrumbList","@id":"https:\/\/audi-klaus.at\/shop\/produkt\/vw-audi-v8-d11-80-rs2-b4-a6-s6-100-200-c3-c4-a8-d2-lager-fuer-lenker-hinterachse-beidseitig-neu-4d0511523c\/#breadcrumb","itemListElement":[{"@type":"ListItem","position":1,"name":"Startseite","item":"https:\/\/audi-klaus.at\/shop\/"},{"@type":"ListItem","position":2,"name":"Shop","item":"https:\/\/audi-klaus.at\/shop\/"},{"@type":"ListItem","position":3,"name":"Vw\/Audi V8\/D11\/80\/RS2\/B4\/A6\/S6\/100\/200\/C3\/C4\/A8\/D2 Lager f\u00fcr Lenker Hinterachse beidseitig NEU 4D0511523C"}]},{"@type":"WebSite","@id":"https:\/\/audi-klaus.at\/shop\/#website","url":"https:\/\/audi-klaus.at\/shop\/","name":"Audi-Klaus","description":"Ihr Gebrauchtteile Spezialist f\u00fcr die Marken Audi, VW (VAG)","publisher":{"@id":"https:\/\/audi-klaus.at\/shop\/#organization"},"potentialAction":[{"@type":"SearchAction","target":{"@type":"EntryPoint","urlTemplate":"https:\/\/audi-klaus.at\/shop\/?s={search_term_string}"},"query-input":{"@type":"PropertyValueSpecification","valueRequired":true,"valueName":"search_term_string"}}],"inLanguage":"de-AT"},{"@type":"Organization","@id":"https:\/\/audi-klaus.at\/shop\/#organization","name":"Audi-Klaus","url":"https:\/\/audi-klaus.at\/shop\/","logo":{"@type":"ImageObject","inLanguage":"de-AT","@id":"https:\/\/audi-klaus.at\/shop\/#\/schema\/logo\/image\/","url":"https:\/\/audi-klaus.at\/shop\/wp-content\/uploads\/2024\/10\/Logo-Shop.webp","contentUrl":"https:\/\/audi-klaus.at\/shop\/wp-content\/uploads\/2024\/10\/Logo-Shop.webp","width":470,"height":164,"caption":"Audi-Klaus"},"image":{"@id":"https:\/\/audi-klaus.at\/shop\/#\/schema\/logo\/image\/"},"sameAs":["https:\/\/www.facebook.com\/audi.klaus.1312\/","https:\/\/www.instagram.com\/audi_klaus\/?igshid=1eca3qu2mdayg"]}]}},"_links":{"self":[{"href":"https:\/\/audi-klaus.at\/shop\/wp-json\/wp\/v2\/product\/52091","targetHints":{"allow":["GET"]}}],"collection":[{"href":"https:\/\/audi-klaus.at\/shop\/wp-json\/wp\/v2\/product"}],"about":[{"href":"https:\/\/audi-klaus.at\/shop\/wp-json\/wp\/v2\/types\/product"}],"wp:featuredmedia":[{"embeddable":true,"href":"https:\/\/audi-klaus.at\/shop\/wp-json\/wp\/v2\/media\/52076"}],"wp:attachment":[{"href":"https:\/\/audi-klaus.at\/shop\/wp-json\/wp\/v2\/media?parent=52091"}],"wp:term":[{"taxonomy":"product_brand","embeddable":true,"href":"https:\/\/audi-klaus.at\/shop\/wp-json\/wp\/v2\/product_brand?post=52091"},{"taxonomy":"product_cat","embeddable":true,"href":"https:\/\/audi-klaus.at\/shop\/wp-json\/wp\/v2\/product_cat?post=52091"},{"taxonomy":"product_tag","embeddable":true,"href":"https:\/\/audi-klaus.at\/shop\/wp-json\/wp\/v2\/product_tag?post=52091"}],"curies":[{"name":"wp","href":"https:\/\/api.w.org\/{rel}","templated":true}]}}