{"id":50732,"date":"2022-10-25T13:25:05","date_gmt":"2022-10-25T11:25:05","guid":{"rendered":"https:\/\/audi-klaus.at\/shop\/?post_type=product&#038;p=50732"},"modified":"2026-01-07T21:54:11","modified_gmt":"2026-01-07T20:54:11","slug":"audi-80-90-typ-81-85-100-200-typ-44-umlenkhebel-fuer-zentralverriegelung-links-813839823b","status":"publish","type":"product","link":"https:\/\/audi-klaus.at\/shop\/produkt\/audi-80-90-typ-81-85-100-200-typ-44-umlenkhebel-fuer-zentralverriegelung-links-813839823b\/","title":{"rendered":"Audi 80\/90\/Typ 81\/85\/100\/200\/Typ 44 Umlenkhebel f\u00fcr Zentralverriegelung links 813839823B"},"content":{"rendered":"<h5 class=\"western\"><span style=\"color: #060606\"><span style=\"font-family: Verdana, serif\"><span style=\"font-size: small\"><b>VAG Teilenummer<\/b><\/span><\/span><\/span><span style=\"color: #060606\"><span style=\"font-family: Verdana, serif\"><span style=\"font-size: small\">: 813 839 823B<\/span><\/span><\/span><\/h5>\n<h5 class=\"western\"><span style=\"color: #060606\"><span style=\"font-family: Verdana, serif\"><span style=\"font-size: small\"><b>Zustand:<\/b><\/span><\/span><\/span><span style=\"color: #060606\"><span style=\"font-family: Verdana, serif\"><span style=\"font-size: small\">\u00a0<\/span><\/span><\/span><span style=\"color: #060606\"><span style=\"font-family: Verdana, serif\"><span style=\"font-size: small\"><span lang=\"de-DE\">Gebraucht<\/span><\/span><\/span><\/span><\/h5>\n<h5 class=\"western\"><span style=\"color: #060606\"><span style=\"font-family: Verdana, serif\"><span style=\"font-size: small\"><b>Lieferumfang:<\/b><\/span><\/span><\/span><span style=\"color: #060606\"><span style=\"font-family: Verdana, serif\"><span style=\"font-size: small\">\u00a0wie in den Original-Abbildungen angegeben<\/span><\/span><\/span><\/h5>\n<h5 class=\"western\"><span style=\"color: #060606\"><span style=\"font-family: Verdana, serif\"><span style=\"font-size: small\"><b>Hinweis:<\/b><\/span><\/span><\/span><span style=\"color: #060606\"><span style=\"font-family: Verdana, serif\"><span style=\"font-size: small\">\u00a0Bitte \u00fcberpr\u00fcfen Sie vor dem Kauf anhand der eindeutigen Teilenummern, ob der Artikel zum Fahrzeug passt, um R\u00fccksendungen zu vermeiden! Trotz Angabe der entsprechenden Fahrzeugdaten ist eine eindeutige Zuordnung nur \u00fcber die Teilenummer m\u00f6glich! Die abgelesene Teilenummer ist die Teilenummer des Teils, welches geliefert wird. Die Originalteilnummer ist diejenige, die bei Neubestellung f\u00fcr dieses Teil gilt und der m\u00f6glicherweise abweichenden, gelieferten Teilenummer entspricht. <\/span><\/span><\/span><\/h5>\n<h5 class=\"western\"><span style=\"color: #060606\"><span style=\"font-family: Verdana, serif\"><span style=\"font-size: small\"><span lang=\"de-DE\">Gebraucht<\/span><\/span><\/span><\/span><span style=\"color: #060606\"><span style=\"font-family: Verdana, serif\"><span style=\"font-size: small\"> mit Gebrauchsspuren in Form von Verunreinigungen\/ kleinen Kratzern m\u00f6glich. Die Ware wird ungereinigt geliefert.<\/span><\/span><\/span><\/h5>\n<h5 class=\"western\"><span style=\"color: #060606\"><span style=\"font-family: Verdana, serif\"><span style=\"font-size: small\">Sollten weitere Fragen offen sein, kontaktieren Sie uns bitte unter\u00a0<\/span><\/span><\/span><a><span style=\"color: #0000ff\"><span style=\"font-family: Verdana, serif\"><span style=\"font-size: small\"><u>office@audi-klaus.at<\/u><\/span><\/span><\/span><\/a><\/h5>\n","protected":false},"excerpt":{"rendered":"<p class=\"western\"><strong><span style=\"color: #000000;font-family: Source Sans Pro, serif;font-size: x-large\">Marke:\u00a0Audi\u00a0<\/span><br \/>\n<span style=\"color: #000000;font-family: Source Sans Pro, serif;font-size: x-large\">Modell: 80\/90\/100\/200<\/span><br \/>\n<span style=\"color: #000000;font-family: Source Sans Pro, serif;font-size: x-large\">Typ: 81\/85\/44<\/span><\/strong><\/p>\n","protected":false},"featured_media":50575,"template":"","meta":[],"product_brand":[],"product_cat":[32,78,80,154,155,166,170,385,387,7179],"product_tag":[7873,16684,16685],"class_list":{"0":"post-50732","1":"product","2":"type-product","3":"status-publish","4":"has-post-thumbnail","6":"product_cat-audi","7":"product_cat-78","8":"product_cat-b2-typ81-85-78","9":"product_cat-154","10":"product_cat-155","11":"product_cat-b2-type81-85-1984-1987","12":"product_cat-c3-typ44-1982-1990","13":"product_cat-385","14":"product_cat-c3-typ44-1983-1991","15":"product_cat-kleinmaterial","16":"product_tag-7873","17":"product_tag-813839823b","18":"product_tag-c1000","20":"first","21":"outofstock","22":"taxable","23":"shipping-taxable","24":"purchasable","25":"product-type-simple"},"yoast_head":"<!-- This site is optimized with the Yoast SEO plugin v27.4 - https:\/\/yoast.com\/product\/yoast-seo-wordpress\/ -->\n<title>Audi 80\/90\/Typ 81\/85\/100\/200\/Typ 44 Umlenkhebel f\u00fcr Zentralverriegelung links 813839823B - Audi-Klaus<\/title>\n<meta name=\"description\" content=\"Audi-Klaus Audi 80\/90\/Typ 81\/85\/100\/200\/Typ 44 Umlenkhebel f\u00fcr Zentralverriegelung links 813839823B Audi 80\/90\/Typ 81\/85\/100\/200\/Typ 44 Umlenkhebel f\u00fcr Zentralverriegelung links 813839823B\" \/>\n<meta name=\"robots\" content=\"index, follow, max-snippet:-1, max-image-preview:large, max-video-preview:-1\" \/>\n<link rel=\"canonical\" href=\"https:\/\/audi-klaus.at\/shop\/produkt\/audi-80-90-typ-81-85-100-200-typ-44-umlenkhebel-fuer-zentralverriegelung-links-813839823b\/\" \/>\n<meta property=\"og:locale\" content=\"de_DE\" \/>\n<meta property=\"og:type\" content=\"article\" \/>\n<meta property=\"og:title\" content=\"Audi 80\/90\/Typ 81\/85\/100\/200\/Typ 44 Umlenkhebel f\u00fcr Zentralverriegelung links 813839823B - Audi-Klaus\" \/>\n<meta property=\"og:description\" content=\"Audi-Klaus Audi 80\/90\/Typ 81\/85\/100\/200\/Typ 44 Umlenkhebel f\u00fcr Zentralverriegelung links 813839823B Audi 80\/90\/Typ 81\/85\/100\/200\/Typ 44 Umlenkhebel f\u00fcr Zentralverriegelung links 813839823B\" \/>\n<meta property=\"og:url\" content=\"https:\/\/audi-klaus.at\/shop\/produkt\/audi-80-90-typ-81-85-100-200-typ-44-umlenkhebel-fuer-zentralverriegelung-links-813839823b\/\" \/>\n<meta property=\"og:site_name\" content=\"Audi-Klaus\" \/>\n<meta property=\"article:publisher\" content=\"https:\/\/www.facebook.com\/audi.klaus.1312\/\" \/>\n<meta property=\"article:modified_time\" content=\"2026-01-07T20:54:11+00:00\" \/>\n<meta property=\"og:image\" content=\"https:\/\/audi-klaus.at\/shop\/wp-content\/uploads\/2022\/10\/C1000-1.jpg\" \/>\n\t<meta property=\"og:image:width\" content=\"418\" \/>\n\t<meta property=\"og:image:height\" content=\"418\" \/>\n\t<meta property=\"og:image:type\" content=\"image\/jpeg\" \/>\n<meta name=\"twitter:card\" content=\"summary_large_image\" \/>\n<meta name=\"twitter:label1\" content=\"Gesch\u00e4tzte Lesezeit\" \/>\n\t<meta name=\"twitter:data1\" content=\"1 Minute\" \/>\n<script type=\"application\/ld+json\" class=\"yoast-schema-graph\">{\"@context\":\"https:\\\/\\\/schema.org\",\"@graph\":[{\"@type\":\"WebPage\",\"@id\":\"https:\\\/\\\/audi-klaus.at\\\/shop\\\/produkt\\\/audi-80-90-typ-81-85-100-200-typ-44-umlenkhebel-fuer-zentralverriegelung-links-813839823b\\\/\",\"url\":\"https:\\\/\\\/audi-klaus.at\\\/shop\\\/produkt\\\/audi-80-90-typ-81-85-100-200-typ-44-umlenkhebel-fuer-zentralverriegelung-links-813839823b\\\/\",\"name\":\"Audi 80\\\/90\\\/Typ 81\\\/85\\\/100\\\/200\\\/Typ 44 Umlenkhebel f\u00fcr Zentralverriegelung links 813839823B - Audi-Klaus\",\"isPartOf\":{\"@id\":\"https:\\\/\\\/audi-klaus.at\\\/shop\\\/#website\"},\"primaryImageOfPage\":{\"@id\":\"https:\\\/\\\/audi-klaus.at\\\/shop\\\/produkt\\\/audi-80-90-typ-81-85-100-200-typ-44-umlenkhebel-fuer-zentralverriegelung-links-813839823b\\\/#primaryimage\"},\"image\":{\"@id\":\"https:\\\/\\\/audi-klaus.at\\\/shop\\\/produkt\\\/audi-80-90-typ-81-85-100-200-typ-44-umlenkhebel-fuer-zentralverriegelung-links-813839823b\\\/#primaryimage\"},\"thumbnailUrl\":\"https:\\\/\\\/audi-klaus.at\\\/shop\\\/wp-content\\\/uploads\\\/2022\\\/10\\\/C1000-1.jpg\",\"datePublished\":\"2022-10-25T11:25:05+00:00\",\"dateModified\":\"2026-01-07T20:54:11+00:00\",\"description\":\"Audi-Klaus Audi 80\\\/90\\\/Typ 81\\\/85\\\/100\\\/200\\\/Typ 44 Umlenkhebel f\u00fcr Zentralverriegelung links 813839823B Audi 80\\\/90\\\/Typ 81\\\/85\\\/100\\\/200\\\/Typ 44 Umlenkhebel f\u00fcr Zentralverriegelung links 813839823B\",\"breadcrumb\":{\"@id\":\"https:\\\/\\\/audi-klaus.at\\\/shop\\\/produkt\\\/audi-80-90-typ-81-85-100-200-typ-44-umlenkhebel-fuer-zentralverriegelung-links-813839823b\\\/#breadcrumb\"},\"inLanguage\":\"de-AT\",\"potentialAction\":[{\"@type\":\"ReadAction\",\"target\":[\"https:\\\/\\\/audi-klaus.at\\\/shop\\\/produkt\\\/audi-80-90-typ-81-85-100-200-typ-44-umlenkhebel-fuer-zentralverriegelung-links-813839823b\\\/\"]}]},{\"@type\":\"ImageObject\",\"inLanguage\":\"de-AT\",\"@id\":\"https:\\\/\\\/audi-klaus.at\\\/shop\\\/produkt\\\/audi-80-90-typ-81-85-100-200-typ-44-umlenkhebel-fuer-zentralverriegelung-links-813839823b\\\/#primaryimage\",\"url\":\"https:\\\/\\\/audi-klaus.at\\\/shop\\\/wp-content\\\/uploads\\\/2022\\\/10\\\/C1000-1.jpg\",\"contentUrl\":\"https:\\\/\\\/audi-klaus.at\\\/shop\\\/wp-content\\\/uploads\\\/2022\\\/10\\\/C1000-1.jpg\",\"width\":418,\"height\":418},{\"@type\":\"BreadcrumbList\",\"@id\":\"https:\\\/\\\/audi-klaus.at\\\/shop\\\/produkt\\\/audi-80-90-typ-81-85-100-200-typ-44-umlenkhebel-fuer-zentralverriegelung-links-813839823b\\\/#breadcrumb\",\"itemListElement\":[{\"@type\":\"ListItem\",\"position\":1,\"name\":\"Startseite\",\"item\":\"https:\\\/\\\/audi-klaus.at\\\/shop\\\/\"},{\"@type\":\"ListItem\",\"position\":2,\"name\":\"Shop\",\"item\":\"https:\\\/\\\/audi-klaus.at\\\/shop\\\/\"},{\"@type\":\"ListItem\",\"position\":3,\"name\":\"Audi 80\\\/90\\\/Typ 81\\\/85\\\/100\\\/200\\\/Typ 44 Umlenkhebel f\u00fcr Zentralverriegelung links 813839823B\"}]},{\"@type\":\"WebSite\",\"@id\":\"https:\\\/\\\/audi-klaus.at\\\/shop\\\/#website\",\"url\":\"https:\\\/\\\/audi-klaus.at\\\/shop\\\/\",\"name\":\"Audi-Klaus\",\"description\":\"Ihr Gebrauchtteile Spezialist f\u00fcr die Marken Audi, VW (VAG)\",\"publisher\":{\"@id\":\"https:\\\/\\\/audi-klaus.at\\\/shop\\\/#organization\"},\"potentialAction\":[{\"@type\":\"SearchAction\",\"target\":{\"@type\":\"EntryPoint\",\"urlTemplate\":\"https:\\\/\\\/audi-klaus.at\\\/shop\\\/?s={search_term_string}\"},\"query-input\":{\"@type\":\"PropertyValueSpecification\",\"valueRequired\":true,\"valueName\":\"search_term_string\"}}],\"inLanguage\":\"de-AT\"},{\"@type\":\"Organization\",\"@id\":\"https:\\\/\\\/audi-klaus.at\\\/shop\\\/#organization\",\"name\":\"Audi-Klaus\",\"url\":\"https:\\\/\\\/audi-klaus.at\\\/shop\\\/\",\"logo\":{\"@type\":\"ImageObject\",\"inLanguage\":\"de-AT\",\"@id\":\"https:\\\/\\\/audi-klaus.at\\\/shop\\\/#\\\/schema\\\/logo\\\/image\\\/\",\"url\":\"https:\\\/\\\/audi-klaus.at\\\/shop\\\/wp-content\\\/uploads\\\/2024\\\/10\\\/Logo-Shop.webp\",\"contentUrl\":\"https:\\\/\\\/audi-klaus.at\\\/shop\\\/wp-content\\\/uploads\\\/2024\\\/10\\\/Logo-Shop.webp\",\"width\":470,\"height\":164,\"caption\":\"Audi-Klaus\"},\"image\":{\"@id\":\"https:\\\/\\\/audi-klaus.at\\\/shop\\\/#\\\/schema\\\/logo\\\/image\\\/\"},\"sameAs\":[\"https:\\\/\\\/www.facebook.com\\\/audi.klaus.1312\\\/\",\"https:\\\/\\\/www.instagram.com\\\/audi_klaus\\\/?igshid=1eca3qu2mdayg\"]}]}<\/script>\n<!-- \/ Yoast SEO plugin. -->","yoast_head_json":{"title":"Audi 80\/90\/Typ 81\/85\/100\/200\/Typ 44 Umlenkhebel f\u00fcr Zentralverriegelung links 813839823B - Audi-Klaus","description":"Audi-Klaus Audi 80\/90\/Typ 81\/85\/100\/200\/Typ 44 Umlenkhebel f\u00fcr Zentralverriegelung links 813839823B Audi 80\/90\/Typ 81\/85\/100\/200\/Typ 44 Umlenkhebel f\u00fcr Zentralverriegelung links 813839823B","robots":{"index":"index","follow":"follow","max-snippet":"max-snippet:-1","max-image-preview":"max-image-preview:large","max-video-preview":"max-video-preview:-1"},"canonical":"https:\/\/audi-klaus.at\/shop\/produkt\/audi-80-90-typ-81-85-100-200-typ-44-umlenkhebel-fuer-zentralverriegelung-links-813839823b\/","og_locale":"de_DE","og_type":"article","og_title":"Audi 80\/90\/Typ 81\/85\/100\/200\/Typ 44 Umlenkhebel f\u00fcr Zentralverriegelung links 813839823B - Audi-Klaus","og_description":"Audi-Klaus Audi 80\/90\/Typ 81\/85\/100\/200\/Typ 44 Umlenkhebel f\u00fcr Zentralverriegelung links 813839823B Audi 80\/90\/Typ 81\/85\/100\/200\/Typ 44 Umlenkhebel f\u00fcr Zentralverriegelung links 813839823B","og_url":"https:\/\/audi-klaus.at\/shop\/produkt\/audi-80-90-typ-81-85-100-200-typ-44-umlenkhebel-fuer-zentralverriegelung-links-813839823b\/","og_site_name":"Audi-Klaus","article_publisher":"https:\/\/www.facebook.com\/audi.klaus.1312\/","article_modified_time":"2026-01-07T20:54:11+00:00","og_image":[{"width":418,"height":418,"url":"https:\/\/audi-klaus.at\/shop\/wp-content\/uploads\/2022\/10\/C1000-1.jpg","type":"image\/jpeg"}],"twitter_card":"summary_large_image","twitter_misc":{"Gesch\u00e4tzte Lesezeit":"1 Minute"},"schema":{"@context":"https:\/\/schema.org","@graph":[{"@type":"WebPage","@id":"https:\/\/audi-klaus.at\/shop\/produkt\/audi-80-90-typ-81-85-100-200-typ-44-umlenkhebel-fuer-zentralverriegelung-links-813839823b\/","url":"https:\/\/audi-klaus.at\/shop\/produkt\/audi-80-90-typ-81-85-100-200-typ-44-umlenkhebel-fuer-zentralverriegelung-links-813839823b\/","name":"Audi 80\/90\/Typ 81\/85\/100\/200\/Typ 44 Umlenkhebel f\u00fcr Zentralverriegelung links 813839823B - Audi-Klaus","isPartOf":{"@id":"https:\/\/audi-klaus.at\/shop\/#website"},"primaryImageOfPage":{"@id":"https:\/\/audi-klaus.at\/shop\/produkt\/audi-80-90-typ-81-85-100-200-typ-44-umlenkhebel-fuer-zentralverriegelung-links-813839823b\/#primaryimage"},"image":{"@id":"https:\/\/audi-klaus.at\/shop\/produkt\/audi-80-90-typ-81-85-100-200-typ-44-umlenkhebel-fuer-zentralverriegelung-links-813839823b\/#primaryimage"},"thumbnailUrl":"https:\/\/audi-klaus.at\/shop\/wp-content\/uploads\/2022\/10\/C1000-1.jpg","datePublished":"2022-10-25T11:25:05+00:00","dateModified":"2026-01-07T20:54:11+00:00","description":"Audi-Klaus Audi 80\/90\/Typ 81\/85\/100\/200\/Typ 44 Umlenkhebel f\u00fcr Zentralverriegelung links 813839823B Audi 80\/90\/Typ 81\/85\/100\/200\/Typ 44 Umlenkhebel f\u00fcr Zentralverriegelung links 813839823B","breadcrumb":{"@id":"https:\/\/audi-klaus.at\/shop\/produkt\/audi-80-90-typ-81-85-100-200-typ-44-umlenkhebel-fuer-zentralverriegelung-links-813839823b\/#breadcrumb"},"inLanguage":"de-AT","potentialAction":[{"@type":"ReadAction","target":["https:\/\/audi-klaus.at\/shop\/produkt\/audi-80-90-typ-81-85-100-200-typ-44-umlenkhebel-fuer-zentralverriegelung-links-813839823b\/"]}]},{"@type":"ImageObject","inLanguage":"de-AT","@id":"https:\/\/audi-klaus.at\/shop\/produkt\/audi-80-90-typ-81-85-100-200-typ-44-umlenkhebel-fuer-zentralverriegelung-links-813839823b\/#primaryimage","url":"https:\/\/audi-klaus.at\/shop\/wp-content\/uploads\/2022\/10\/C1000-1.jpg","contentUrl":"https:\/\/audi-klaus.at\/shop\/wp-content\/uploads\/2022\/10\/C1000-1.jpg","width":418,"height":418},{"@type":"BreadcrumbList","@id":"https:\/\/audi-klaus.at\/shop\/produkt\/audi-80-90-typ-81-85-100-200-typ-44-umlenkhebel-fuer-zentralverriegelung-links-813839823b\/#breadcrumb","itemListElement":[{"@type":"ListItem","position":1,"name":"Startseite","item":"https:\/\/audi-klaus.at\/shop\/"},{"@type":"ListItem","position":2,"name":"Shop","item":"https:\/\/audi-klaus.at\/shop\/"},{"@type":"ListItem","position":3,"name":"Audi 80\/90\/Typ 81\/85\/100\/200\/Typ 44 Umlenkhebel f\u00fcr Zentralverriegelung links 813839823B"}]},{"@type":"WebSite","@id":"https:\/\/audi-klaus.at\/shop\/#website","url":"https:\/\/audi-klaus.at\/shop\/","name":"Audi-Klaus","description":"Ihr Gebrauchtteile Spezialist f\u00fcr die Marken Audi, VW (VAG)","publisher":{"@id":"https:\/\/audi-klaus.at\/shop\/#organization"},"potentialAction":[{"@type":"SearchAction","target":{"@type":"EntryPoint","urlTemplate":"https:\/\/audi-klaus.at\/shop\/?s={search_term_string}"},"query-input":{"@type":"PropertyValueSpecification","valueRequired":true,"valueName":"search_term_string"}}],"inLanguage":"de-AT"},{"@type":"Organization","@id":"https:\/\/audi-klaus.at\/shop\/#organization","name":"Audi-Klaus","url":"https:\/\/audi-klaus.at\/shop\/","logo":{"@type":"ImageObject","inLanguage":"de-AT","@id":"https:\/\/audi-klaus.at\/shop\/#\/schema\/logo\/image\/","url":"https:\/\/audi-klaus.at\/shop\/wp-content\/uploads\/2024\/10\/Logo-Shop.webp","contentUrl":"https:\/\/audi-klaus.at\/shop\/wp-content\/uploads\/2024\/10\/Logo-Shop.webp","width":470,"height":164,"caption":"Audi-Klaus"},"image":{"@id":"https:\/\/audi-klaus.at\/shop\/#\/schema\/logo\/image\/"},"sameAs":["https:\/\/www.facebook.com\/audi.klaus.1312\/","https:\/\/www.instagram.com\/audi_klaus\/?igshid=1eca3qu2mdayg"]}]}},"_links":{"self":[{"href":"https:\/\/audi-klaus.at\/shop\/wp-json\/wp\/v2\/product\/50732","targetHints":{"allow":["GET"]}}],"collection":[{"href":"https:\/\/audi-klaus.at\/shop\/wp-json\/wp\/v2\/product"}],"about":[{"href":"https:\/\/audi-klaus.at\/shop\/wp-json\/wp\/v2\/types\/product"}],"wp:featuredmedia":[{"embeddable":true,"href":"https:\/\/audi-klaus.at\/shop\/wp-json\/wp\/v2\/media\/50575"}],"wp:attachment":[{"href":"https:\/\/audi-klaus.at\/shop\/wp-json\/wp\/v2\/media?parent=50732"}],"wp:term":[{"taxonomy":"product_brand","embeddable":true,"href":"https:\/\/audi-klaus.at\/shop\/wp-json\/wp\/v2\/product_brand?post=50732"},{"taxonomy":"product_cat","embeddable":true,"href":"https:\/\/audi-klaus.at\/shop\/wp-json\/wp\/v2\/product_cat?post=50732"},{"taxonomy":"product_tag","embeddable":true,"href":"https:\/\/audi-klaus.at\/shop\/wp-json\/wp\/v2\/product_tag?post=50732"}],"curies":[{"name":"wp","href":"https:\/\/api.w.org\/{rel}","templated":true}]}}