{"id":50423,"date":"2022-10-21T12:29:48","date_gmt":"2022-10-21T10:29:48","guid":{"rendered":"https:\/\/audi-klaus.at\/shop\/?post_type=product&#038;p=50423"},"modified":"2026-01-07T21:54:06","modified_gmt":"2026-01-07T20:54:06","slug":"vw-caddy-golf-cabrio-jetta-scirocco-1-2-16v-motorhalter-nos-055199293g","status":"publish","type":"product","link":"https:\/\/audi-klaus.at\/shop\/produkt\/vw-caddy-golf-cabrio-jetta-scirocco-1-2-16v-motorhalter-nos-055199293g\/","title":{"rendered":"Vw Caddy\/Golf\/Cabrio\/Jetta\/Scirocco\/1\/2 16V Motorhalter NOS 055199293G"},"content":{"rendered":"<h5 class=\"western\"><span style=\"color: #060606;\"><span style=\"font-family: Verdana, serif;\"><span style=\"font-size: small;\"><b>VAG Teilenummer<\/b><\/span><\/span><\/span><span style=\"color: #060606;\"><span style=\"font-family: Verdana, serif;\"><span style=\"font-size: small;\">: 055 199 293G<\/span><\/span><\/span><\/h5>\n<h5 class=\"western\"><span style=\"color: #060606;\"><span style=\"font-family: Verdana, serif;\"><span style=\"font-size: small;\"><b>Zustand:<\/b><\/span><\/span><\/span><span style=\"color: #060606;\"><span style=\"font-family: Verdana, serif;\"><span style=\"font-size: small;\">\u00a0<\/span><\/span><\/span><span style=\"color: #060606;\"><span style=\"font-family: Verdana, serif;\"><span style=\"font-size: small;\"><span lang=\"de-DE\">NOS (kann Lagerspuren aufweisen)<\/span><\/span><\/span><\/span><\/h5>\n<h5 class=\"western\"><span style=\"color: #060606;\"><span style=\"font-family: Verdana, serif;\"><span style=\"font-size: small;\"><b>Lieferumfang:<\/b><\/span><\/span><\/span><span style=\"color: #060606;\"><span style=\"font-family: Verdana, serif;\"><span style=\"font-size: small;\">\u00a0wie in den Original-Abbildungen angegeben<\/span><\/span><\/span><\/h5>\n<h5 class=\"western\"><span style=\"color: #060606;\"><span style=\"font-family: Verdana, serif;\"><span style=\"font-size: small;\"><b>Hinweis:<\/b><\/span><\/span><\/span><span style=\"color: #060606;\"><span style=\"font-family: Verdana, serif;\"><span style=\"font-size: small;\">\u00a0Bitte \u00fcberpr\u00fcfen Sie vor dem Kauf anhand der eindeutigen Teilenummern, ob der Artikel zum Fahrzeug passt, um R\u00fccksendungen zu vermeiden! Trotz Angabe der entsprechenden Fahrzeugdaten ist eine eindeutige Zuordnung nur \u00fcber die Teilenummer m\u00f6glich! Die abgelesene Teilenummer ist die Teilenummer des Teils, welches geliefert wird. Die Originalteilnummer ist diejenige, die bei Neubestellung f\u00fcr dieses Teil gilt und der m\u00f6glicherweise abweichenden, gelieferten Teilenummer entspricht. <\/span><\/span><\/span><\/h5>\n<h5 class=\"western\"><span style=\"color: #060606;\"><span style=\"font-family: Verdana, serif;\"><span style=\"font-size: small;\"><span lang=\"de-DE\">Neu<\/span><\/span><\/span><\/span><span style=\"color: #060606;\"><span style=\"font-family: Verdana, serif;\"><span style=\"font-size: small;\"> mit Gebrauchsspuren in Form von Verunreinigungen\/ kleinen Kratzern m\u00f6glich. Die Ware wird ungereinigt geliefert.<\/span><\/span><\/span><\/h5>\n<h5 class=\"western\"><span style=\"color: #060606;\"><span style=\"font-family: Verdana, serif;\"><span style=\"font-size: small;\">Sollten weitere Fragen offen sein, kontaktieren Sie uns bitte unter<\/span><\/span><\/span><span style=\"color: #060606;\"><span style=\"font-family: Verdana, serif;\"><span style=\"font-size: small;\"><u>\u00a0<\/u><\/span><\/span><\/span><a href=\"mailto:office@audi-klaus.at\"><span style=\"color: #0000ff;\"><span style=\"font-family: Verdana, serif;\"><span style=\"font-size: small;\"><u>office@audi-klaus.at<\/u><\/span><\/span><\/span><\/a><\/h5>\n","protected":false},"excerpt":{"rendered":"<p class=\"western\"><strong><span style=\"color: #000000;\"><span style=\"font-family: Source Sans Pro, serif;\"><span style=\"font-size: x-large;\">Marke: Vw<br \/>\nModell: Caddy\/Golf\/Cabrio\/Jetta\/Scirocco<br \/>\nTyp: 1\/2\/ 16V<\/span><\/span><\/span><\/strong><\/p>\n","protected":false},"featured_media":50351,"template":"","meta":[],"product_brand":[],"product_cat":[1194,1381,1201,1391,1204,1451,1205,1461,1164,1211,1762,1165,1212,1772,1166,1241,1167,1242,1170,1269,1180,1279,1193,1349],"product_tag":[16516,16517,33550],"class_list":{"0":"post-50423","1":"product","2":"type-product","3":"status-publish","4":"has-post-thumbnail","6":"product_cat-2-191-1983-1992","7":"product_cat-motor-getriebe-1-161-1978-1987","8":"product_cat-1-155-1979-1993","9":"product_cat-motor-getriebe-2-165-1983-1992","10":"product_cat-1-161-1978-1987","11":"product_cat-motor-getriebe-1-53-1974-1981","12":"product_cat-2-165-1983-1992","13":"product_cat-motor-getriebe-2-53b-1981-1992","14":"product_cat-vw","15":"product_cat-1-53-1974-1981","16":"product_cat-motor-getriebe-1-14d-1978-1992","17":"product_cat-golf","18":"product_cat-2-53b-1981-1992","19":"product_cat-motor-getriebe-2-9kv-1995-2003","20":"product_cat-golf-cabrio","21":"product_cat-1-14d-1978-1992","22":"product_cat-jetta","23":"product_cat-2-9kv-1995-2003","24":"product_cat-scirocco","25":"product_cat-motor-getriebe-1-171-1974-1985","26":"product_cat-caddy","27":"product_cat-motor-getriebe-2-191-1983-1992","28":"product_cat-1-171-1974-1985","29":"product_cat-motor-getriebe-1-155-1979-1993","30":"product_tag-055199293g","31":"product_tag-16517","32":"product_tag-m1374","34":"first","35":"outofstock","36":"taxable","37":"shipping-taxable","38":"purchasable","39":"product-type-simple"},"yoast_head":"<!-- This site is optimized with the Yoast SEO plugin v27.5 - https:\/\/yoast.com\/product\/yoast-seo-wordpress\/ -->\n<title>Vw Caddy\/Golf\/Cabrio\/Jetta\/Scirocco\/1\/2 16V Motorhalter NOS 055199293G - Audi-Klaus<\/title>\n<meta name=\"description\" content=\"Audi-Klaus Vw Caddy\/Golf\/Cabrio\/Jetta\/Scirocco\/1\/2 16V Motorhalter NOS 055199293G Vw Caddy\/Golf\/Cabrio\/Jetta\/Scirocco\/1\/2 16V Motorhalter NOS 055199293G\" \/>\n<meta name=\"robots\" content=\"index, follow, max-snippet:-1, max-image-preview:large, max-video-preview:-1\" \/>\n<link rel=\"canonical\" href=\"https:\/\/audi-klaus.at\/shop\/produkt\/vw-caddy-golf-cabrio-jetta-scirocco-1-2-16v-motorhalter-nos-055199293g\/\" \/>\n<meta property=\"og:locale\" content=\"de_DE\" \/>\n<meta property=\"og:type\" content=\"article\" \/>\n<meta property=\"og:title\" content=\"Vw Caddy\/Golf\/Cabrio\/Jetta\/Scirocco\/1\/2 16V Motorhalter NOS 055199293G - Audi-Klaus\" \/>\n<meta property=\"og:description\" content=\"Audi-Klaus Vw Caddy\/Golf\/Cabrio\/Jetta\/Scirocco\/1\/2 16V Motorhalter NOS 055199293G Vw Caddy\/Golf\/Cabrio\/Jetta\/Scirocco\/1\/2 16V Motorhalter NOS 055199293G\" \/>\n<meta property=\"og:url\" content=\"https:\/\/audi-klaus.at\/shop\/produkt\/vw-caddy-golf-cabrio-jetta-scirocco-1-2-16v-motorhalter-nos-055199293g\/\" \/>\n<meta property=\"og:site_name\" content=\"Audi-Klaus\" \/>\n<meta property=\"article:publisher\" content=\"https:\/\/www.facebook.com\/audi.klaus.1312\/\" \/>\n<meta property=\"article:modified_time\" content=\"2026-01-07T20:54:06+00:00\" \/>\n<meta property=\"og:image\" content=\"https:\/\/audi-klaus.at\/shop\/wp-content\/uploads\/2022\/10\/M1374-2.jpg\" \/>\n\t<meta property=\"og:image:width\" content=\"418\" \/>\n\t<meta property=\"og:image:height\" content=\"418\" \/>\n\t<meta property=\"og:image:type\" content=\"image\/jpeg\" \/>\n<meta name=\"twitter:card\" content=\"summary_large_image\" \/>\n<meta name=\"twitter:label1\" content=\"Gesch\u00e4tzte Lesezeit\" \/>\n\t<meta name=\"twitter:data1\" content=\"1 Minute\" \/>\n<script type=\"application\/ld+json\" class=\"yoast-schema-graph\">{\"@context\":\"https:\\\/\\\/schema.org\",\"@graph\":[{\"@type\":\"WebPage\",\"@id\":\"https:\\\/\\\/audi-klaus.at\\\/shop\\\/produkt\\\/vw-caddy-golf-cabrio-jetta-scirocco-1-2-16v-motorhalter-nos-055199293g\\\/\",\"url\":\"https:\\\/\\\/audi-klaus.at\\\/shop\\\/produkt\\\/vw-caddy-golf-cabrio-jetta-scirocco-1-2-16v-motorhalter-nos-055199293g\\\/\",\"name\":\"Vw Caddy\\\/Golf\\\/Cabrio\\\/Jetta\\\/Scirocco\\\/1\\\/2 16V Motorhalter NOS 055199293G - Audi-Klaus\",\"isPartOf\":{\"@id\":\"https:\\\/\\\/audi-klaus.at\\\/shop\\\/#website\"},\"primaryImageOfPage\":{\"@id\":\"https:\\\/\\\/audi-klaus.at\\\/shop\\\/produkt\\\/vw-caddy-golf-cabrio-jetta-scirocco-1-2-16v-motorhalter-nos-055199293g\\\/#primaryimage\"},\"image\":{\"@id\":\"https:\\\/\\\/audi-klaus.at\\\/shop\\\/produkt\\\/vw-caddy-golf-cabrio-jetta-scirocco-1-2-16v-motorhalter-nos-055199293g\\\/#primaryimage\"},\"thumbnailUrl\":\"https:\\\/\\\/audi-klaus.at\\\/shop\\\/wp-content\\\/uploads\\\/2022\\\/10\\\/M1374-2.jpg\",\"datePublished\":\"2022-10-21T10:29:48+00:00\",\"dateModified\":\"2026-01-07T20:54:06+00:00\",\"description\":\"Audi-Klaus Vw Caddy\\\/Golf\\\/Cabrio\\\/Jetta\\\/Scirocco\\\/1\\\/2 16V Motorhalter NOS 055199293G Vw Caddy\\\/Golf\\\/Cabrio\\\/Jetta\\\/Scirocco\\\/1\\\/2 16V Motorhalter NOS 055199293G\",\"breadcrumb\":{\"@id\":\"https:\\\/\\\/audi-klaus.at\\\/shop\\\/produkt\\\/vw-caddy-golf-cabrio-jetta-scirocco-1-2-16v-motorhalter-nos-055199293g\\\/#breadcrumb\"},\"inLanguage\":\"de-AT\",\"potentialAction\":[{\"@type\":\"ReadAction\",\"target\":[\"https:\\\/\\\/audi-klaus.at\\\/shop\\\/produkt\\\/vw-caddy-golf-cabrio-jetta-scirocco-1-2-16v-motorhalter-nos-055199293g\\\/\"]}]},{\"@type\":\"ImageObject\",\"inLanguage\":\"de-AT\",\"@id\":\"https:\\\/\\\/audi-klaus.at\\\/shop\\\/produkt\\\/vw-caddy-golf-cabrio-jetta-scirocco-1-2-16v-motorhalter-nos-055199293g\\\/#primaryimage\",\"url\":\"https:\\\/\\\/audi-klaus.at\\\/shop\\\/wp-content\\\/uploads\\\/2022\\\/10\\\/M1374-2.jpg\",\"contentUrl\":\"https:\\\/\\\/audi-klaus.at\\\/shop\\\/wp-content\\\/uploads\\\/2022\\\/10\\\/M1374-2.jpg\",\"width\":418,\"height\":418},{\"@type\":\"BreadcrumbList\",\"@id\":\"https:\\\/\\\/audi-klaus.at\\\/shop\\\/produkt\\\/vw-caddy-golf-cabrio-jetta-scirocco-1-2-16v-motorhalter-nos-055199293g\\\/#breadcrumb\",\"itemListElement\":[{\"@type\":\"ListItem\",\"position\":1,\"name\":\"Startseite\",\"item\":\"https:\\\/\\\/audi-klaus.at\\\/shop\\\/\"},{\"@type\":\"ListItem\",\"position\":2,\"name\":\"Shop\",\"item\":\"https:\\\/\\\/audi-klaus.at\\\/shop\\\/\"},{\"@type\":\"ListItem\",\"position\":3,\"name\":\"Vw Caddy\\\/Golf\\\/Cabrio\\\/Jetta\\\/Scirocco\\\/1\\\/2 16V Motorhalter NOS 055199293G\"}]},{\"@type\":\"WebSite\",\"@id\":\"https:\\\/\\\/audi-klaus.at\\\/shop\\\/#website\",\"url\":\"https:\\\/\\\/audi-klaus.at\\\/shop\\\/\",\"name\":\"Audi-Klaus\",\"description\":\"Ihr Gebrauchtteile Spezialist f\u00fcr die Marken Audi, VW (VAG)\",\"publisher\":{\"@id\":\"https:\\\/\\\/audi-klaus.at\\\/shop\\\/#organization\"},\"potentialAction\":[{\"@type\":\"SearchAction\",\"target\":{\"@type\":\"EntryPoint\",\"urlTemplate\":\"https:\\\/\\\/audi-klaus.at\\\/shop\\\/?s={search_term_string}\"},\"query-input\":{\"@type\":\"PropertyValueSpecification\",\"valueRequired\":true,\"valueName\":\"search_term_string\"}}],\"inLanguage\":\"de-AT\"},{\"@type\":\"Organization\",\"@id\":\"https:\\\/\\\/audi-klaus.at\\\/shop\\\/#organization\",\"name\":\"Audi-Klaus\",\"url\":\"https:\\\/\\\/audi-klaus.at\\\/shop\\\/\",\"logo\":{\"@type\":\"ImageObject\",\"inLanguage\":\"de-AT\",\"@id\":\"https:\\\/\\\/audi-klaus.at\\\/shop\\\/#\\\/schema\\\/logo\\\/image\\\/\",\"url\":\"https:\\\/\\\/audi-klaus.at\\\/shop\\\/wp-content\\\/uploads\\\/2024\\\/10\\\/Logo-Shop.webp\",\"contentUrl\":\"https:\\\/\\\/audi-klaus.at\\\/shop\\\/wp-content\\\/uploads\\\/2024\\\/10\\\/Logo-Shop.webp\",\"width\":470,\"height\":164,\"caption\":\"Audi-Klaus\"},\"image\":{\"@id\":\"https:\\\/\\\/audi-klaus.at\\\/shop\\\/#\\\/schema\\\/logo\\\/image\\\/\"},\"sameAs\":[\"https:\\\/\\\/www.facebook.com\\\/audi.klaus.1312\\\/\",\"https:\\\/\\\/www.instagram.com\\\/audi_klaus\\\/?igshid=1eca3qu2mdayg\"]}]}<\/script>\n<!-- \/ Yoast SEO plugin. -->","yoast_head_json":{"title":"Vw Caddy\/Golf\/Cabrio\/Jetta\/Scirocco\/1\/2 16V Motorhalter NOS 055199293G - Audi-Klaus","description":"Audi-Klaus Vw Caddy\/Golf\/Cabrio\/Jetta\/Scirocco\/1\/2 16V Motorhalter NOS 055199293G Vw Caddy\/Golf\/Cabrio\/Jetta\/Scirocco\/1\/2 16V Motorhalter NOS 055199293G","robots":{"index":"index","follow":"follow","max-snippet":"max-snippet:-1","max-image-preview":"max-image-preview:large","max-video-preview":"max-video-preview:-1"},"canonical":"https:\/\/audi-klaus.at\/shop\/produkt\/vw-caddy-golf-cabrio-jetta-scirocco-1-2-16v-motorhalter-nos-055199293g\/","og_locale":"de_DE","og_type":"article","og_title":"Vw Caddy\/Golf\/Cabrio\/Jetta\/Scirocco\/1\/2 16V Motorhalter NOS 055199293G - Audi-Klaus","og_description":"Audi-Klaus Vw Caddy\/Golf\/Cabrio\/Jetta\/Scirocco\/1\/2 16V Motorhalter NOS 055199293G Vw Caddy\/Golf\/Cabrio\/Jetta\/Scirocco\/1\/2 16V Motorhalter NOS 055199293G","og_url":"https:\/\/audi-klaus.at\/shop\/produkt\/vw-caddy-golf-cabrio-jetta-scirocco-1-2-16v-motorhalter-nos-055199293g\/","og_site_name":"Audi-Klaus","article_publisher":"https:\/\/www.facebook.com\/audi.klaus.1312\/","article_modified_time":"2026-01-07T20:54:06+00:00","og_image":[{"width":418,"height":418,"url":"https:\/\/audi-klaus.at\/shop\/wp-content\/uploads\/2022\/10\/M1374-2.jpg","type":"image\/jpeg"}],"twitter_card":"summary_large_image","twitter_misc":{"Gesch\u00e4tzte Lesezeit":"1 Minute"},"schema":{"@context":"https:\/\/schema.org","@graph":[{"@type":"WebPage","@id":"https:\/\/audi-klaus.at\/shop\/produkt\/vw-caddy-golf-cabrio-jetta-scirocco-1-2-16v-motorhalter-nos-055199293g\/","url":"https:\/\/audi-klaus.at\/shop\/produkt\/vw-caddy-golf-cabrio-jetta-scirocco-1-2-16v-motorhalter-nos-055199293g\/","name":"Vw Caddy\/Golf\/Cabrio\/Jetta\/Scirocco\/1\/2 16V Motorhalter NOS 055199293G - Audi-Klaus","isPartOf":{"@id":"https:\/\/audi-klaus.at\/shop\/#website"},"primaryImageOfPage":{"@id":"https:\/\/audi-klaus.at\/shop\/produkt\/vw-caddy-golf-cabrio-jetta-scirocco-1-2-16v-motorhalter-nos-055199293g\/#primaryimage"},"image":{"@id":"https:\/\/audi-klaus.at\/shop\/produkt\/vw-caddy-golf-cabrio-jetta-scirocco-1-2-16v-motorhalter-nos-055199293g\/#primaryimage"},"thumbnailUrl":"https:\/\/audi-klaus.at\/shop\/wp-content\/uploads\/2022\/10\/M1374-2.jpg","datePublished":"2022-10-21T10:29:48+00:00","dateModified":"2026-01-07T20:54:06+00:00","description":"Audi-Klaus Vw Caddy\/Golf\/Cabrio\/Jetta\/Scirocco\/1\/2 16V Motorhalter NOS 055199293G Vw Caddy\/Golf\/Cabrio\/Jetta\/Scirocco\/1\/2 16V Motorhalter NOS 055199293G","breadcrumb":{"@id":"https:\/\/audi-klaus.at\/shop\/produkt\/vw-caddy-golf-cabrio-jetta-scirocco-1-2-16v-motorhalter-nos-055199293g\/#breadcrumb"},"inLanguage":"de-AT","potentialAction":[{"@type":"ReadAction","target":["https:\/\/audi-klaus.at\/shop\/produkt\/vw-caddy-golf-cabrio-jetta-scirocco-1-2-16v-motorhalter-nos-055199293g\/"]}]},{"@type":"ImageObject","inLanguage":"de-AT","@id":"https:\/\/audi-klaus.at\/shop\/produkt\/vw-caddy-golf-cabrio-jetta-scirocco-1-2-16v-motorhalter-nos-055199293g\/#primaryimage","url":"https:\/\/audi-klaus.at\/shop\/wp-content\/uploads\/2022\/10\/M1374-2.jpg","contentUrl":"https:\/\/audi-klaus.at\/shop\/wp-content\/uploads\/2022\/10\/M1374-2.jpg","width":418,"height":418},{"@type":"BreadcrumbList","@id":"https:\/\/audi-klaus.at\/shop\/produkt\/vw-caddy-golf-cabrio-jetta-scirocco-1-2-16v-motorhalter-nos-055199293g\/#breadcrumb","itemListElement":[{"@type":"ListItem","position":1,"name":"Startseite","item":"https:\/\/audi-klaus.at\/shop\/"},{"@type":"ListItem","position":2,"name":"Shop","item":"https:\/\/audi-klaus.at\/shop\/"},{"@type":"ListItem","position":3,"name":"Vw Caddy\/Golf\/Cabrio\/Jetta\/Scirocco\/1\/2 16V Motorhalter NOS 055199293G"}]},{"@type":"WebSite","@id":"https:\/\/audi-klaus.at\/shop\/#website","url":"https:\/\/audi-klaus.at\/shop\/","name":"Audi-Klaus","description":"Ihr Gebrauchtteile Spezialist f\u00fcr die Marken Audi, VW (VAG)","publisher":{"@id":"https:\/\/audi-klaus.at\/shop\/#organization"},"potentialAction":[{"@type":"SearchAction","target":{"@type":"EntryPoint","urlTemplate":"https:\/\/audi-klaus.at\/shop\/?s={search_term_string}"},"query-input":{"@type":"PropertyValueSpecification","valueRequired":true,"valueName":"search_term_string"}}],"inLanguage":"de-AT"},{"@type":"Organization","@id":"https:\/\/audi-klaus.at\/shop\/#organization","name":"Audi-Klaus","url":"https:\/\/audi-klaus.at\/shop\/","logo":{"@type":"ImageObject","inLanguage":"de-AT","@id":"https:\/\/audi-klaus.at\/shop\/#\/schema\/logo\/image\/","url":"https:\/\/audi-klaus.at\/shop\/wp-content\/uploads\/2024\/10\/Logo-Shop.webp","contentUrl":"https:\/\/audi-klaus.at\/shop\/wp-content\/uploads\/2024\/10\/Logo-Shop.webp","width":470,"height":164,"caption":"Audi-Klaus"},"image":{"@id":"https:\/\/audi-klaus.at\/shop\/#\/schema\/logo\/image\/"},"sameAs":["https:\/\/www.facebook.com\/audi.klaus.1312\/","https:\/\/www.instagram.com\/audi_klaus\/?igshid=1eca3qu2mdayg"]}]}},"_links":{"self":[{"href":"https:\/\/audi-klaus.at\/shop\/wp-json\/wp\/v2\/product\/50423","targetHints":{"allow":["GET"]}}],"collection":[{"href":"https:\/\/audi-klaus.at\/shop\/wp-json\/wp\/v2\/product"}],"about":[{"href":"https:\/\/audi-klaus.at\/shop\/wp-json\/wp\/v2\/types\/product"}],"wp:featuredmedia":[{"embeddable":true,"href":"https:\/\/audi-klaus.at\/shop\/wp-json\/wp\/v2\/media\/50351"}],"wp:attachment":[{"href":"https:\/\/audi-klaus.at\/shop\/wp-json\/wp\/v2\/media?parent=50423"}],"wp:term":[{"taxonomy":"product_brand","embeddable":true,"href":"https:\/\/audi-klaus.at\/shop\/wp-json\/wp\/v2\/product_brand?post=50423"},{"taxonomy":"product_cat","embeddable":true,"href":"https:\/\/audi-klaus.at\/shop\/wp-json\/wp\/v2\/product_cat?post=50423"},{"taxonomy":"product_tag","embeddable":true,"href":"https:\/\/audi-klaus.at\/shop\/wp-json\/wp\/v2\/product_tag?post=50423"}],"curies":[{"name":"wp","href":"https:\/\/api.w.org\/{rel}","templated":true}]}}