{"id":50268,"date":"2022-10-20T11:15:12","date_gmt":"2022-10-20T09:15:12","guid":{"rendered":"https:\/\/audi-klaus.at\/shop\/?post_type=product&#038;p=50268"},"modified":"2026-01-07T21:53:57","modified_gmt":"2026-01-07T20:53:57","slug":"audi-a3-8l-vw-bora-golf-4-jetta-5-sharan-1-spannarm-keilriemen-neu-ina-534013230","status":"publish","type":"product","link":"https:\/\/audi-klaus.at\/shop\/produkt\/audi-a3-8l-vw-bora-golf-4-jetta-5-sharan-1-spannarm-keilriemen-neu-ina-534013230\/","title":{"rendered":"Audi A3\/8L\/Vw Bora\/Golf\/4\/Jetta\/5\/Sharan\/1 Spannarm Keilriemen NEU INA 534013230"},"content":{"rendered":"<h5 class=\"western\"><span style=\"color: #060606\"><span style=\"font-family: Verdana, serif\"><span style=\"font-size: small\"><b>VAG Teilenummer<\/b><\/span><\/span><\/span><span style=\"color: #060606\"><span style=\"font-family: Verdana, serif\"><span style=\"font-size: small\">: INA 534 013 230<\/span><\/span><\/span><\/h5>\n<h5 class=\"western\"><span style=\"color: #060606\"><span style=\"font-family: Verdana, serif\"><span style=\"font-size: small\"><b>Zustand: <\/b><\/span><\/span><\/span><span style=\"color: #060606\"><span style=\"font-family: Verdana, serif\"><span style=\"font-size: small\"><span lang=\"de-DE\">NEU<\/span><\/span><\/span><\/span><\/h5>\n<h5 class=\"western\"><span style=\"color: #060606\"><span style=\"font-family: Verdana, serif\"><span style=\"font-size: small\"><b>Lieferumfang:<\/b><\/span><\/span><\/span><span style=\"color: #060606\"><span style=\"font-family: Verdana, serif\"><span style=\"font-size: small\">\u00a0wie in den Original-Abbildungen angegeben<\/span><\/span><\/span><\/h5>\n<h5 class=\"western\"><span style=\"color: #060606\"><span style=\"font-family: Verdana, serif\"><span style=\"font-size: small\"><b>Hinweis:<\/b><\/span><\/span><\/span><span style=\"color: #060606\"><span style=\"font-family: Verdana, serif\"><span style=\"font-size: small\">\u00a0Bitte \u00fcberpr\u00fcfen Sie vor dem Kauf anhand der eindeutigen Teilenummern, ob der Artikel zum Fahrzeug passt, um R\u00fccksendungen zu vermeiden! Trotz Angabe der entsprechenden Fahrzeugdaten ist eine eindeutige Zuordnung nur \u00fcber die Teilenummer m\u00f6glich! Die abgelesene Teilenummer ist die Teilenummer des Teils, welches geliefert wird. Die Originalteilnummer ist diejenige, die bei Neubestellung f\u00fcr dieses Teil gilt und der m\u00f6glicherweise abweichenden, gelieferten Teilenummer entspricht. <\/span><\/span><\/span><\/h5>\n<h5 class=\"western\"><span style=\"color: #060606\"><span style=\"font-family: Verdana, serif\"><span style=\"font-size: small\"><span lang=\"de-DE\">Neu<\/span><\/span><\/span><\/span><span style=\"color: #060606\"><span style=\"font-family: Verdana, serif\"><span style=\"font-size: small\"> mit Gebrauchsspuren in Form von Verunreinigungen\/ kleinen Kratzern m\u00f6glich. Die Ware wird ungereinigt geliefert.<\/span><\/span><\/span><\/h5>\n<h5 class=\"western\"><span style=\"color: #060606\"><span style=\"font-family: Verdana, serif\"><span style=\"font-size: small\">Sollten weitere Fragen offen sein, kontaktieren Sie uns bitte unter\u00a0<\/span><\/span><\/span><a><span style=\"color: #0000ff\"><span style=\"font-family: Verdana, serif\"><span style=\"font-size: small\"><u>office@audi-klaus.at<\/u><\/span><\/span><\/span><\/a><\/h5>\n","protected":false},"excerpt":{"rendered":"<h5 class=\"western\"><strong><span style=\"color: #000000\"><span style=\"font-family: Source Sans Pro, serif\"><span style=\"font-size: x-large\">Marke: Audi\/Vw<br \/>\nModell: A3\/Bora\/Golf\/Jetta\/Sharan<br \/>\nTyp: 8L\/4\/5\/1<\/span><\/span><\/span><\/strong><\/h5>\n<h5 class=\"western\"><span style=\"color: #c9211e;font-family: Source Sans Pro, serif;font-size: large\"><span><b>1,9 TDi<\/b><\/span><\/span><\/h5>\n","protected":false},"featured_media":50229,"template":"","meta":[],"product_brand":[],"product_cat":[1401,1164,1441,1165,1732,1167,1169,1178,1196,1206,32,1210,369,1239,453,1299,458],"product_tag":[16438,16439],"class_list":{"0":"post-50268","1":"product","2":"type-product","3":"status-publish","4":"has-post-thumbnail","6":"product_cat-motor-getriebe-5-1k2-2005-2010","7":"product_cat-vw","8":"product_cat-motor-getriebe-1j2-1998-2013","9":"product_cat-golf","10":"product_cat-motor-getriebe-1-7m-1995-2010","11":"product_cat-jetta","12":"product_cat-bora","13":"product_cat-sharan","14":"product_cat-4-1j-1997-2007","15":"product_cat-5-1k2-2005-2010","16":"product_cat-audi","17":"product_cat-1j2-1998-2013","18":"product_cat-a3","19":"product_cat-1-7m-1995-2010","20":"product_cat-8l-1996-2003","21":"product_cat-motor-getriebe-4-1j-1997-2007","22":"product_cat-motor-getriebe-8l-1996-2003","23":"product_tag-ina-534013230","24":"product_tag-m1364","26":"first","27":"instock","28":"taxable","29":"shipping-taxable","30":"purchasable","31":"product-type-simple"},"yoast_head":"<!-- This site is optimized with the Yoast SEO plugin v27.5 - https:\/\/yoast.com\/product\/yoast-seo-wordpress\/ -->\n<title>Audi A3\/8L\/Vw Bora\/Golf\/4\/Jetta\/5\/Sharan\/1 Spannarm Keilriemen NEU INA 534013230 - Audi-Klaus<\/title>\n<meta name=\"description\" content=\"Audi-Klaus Audi A3\/8L\/Vw Bora\/Golf\/4\/Jetta\/5\/Sharan\/1 Spannarm Keilriemen NEU INA 534013230 Audi A3\/8L\/Vw Bora\/Golf\/4\/Jetta\/5\/Sharan\/1 Spannarm Keilriemen NEU INA 534013230\" \/>\n<meta name=\"robots\" content=\"index, follow, max-snippet:-1, max-image-preview:large, max-video-preview:-1\" \/>\n<link rel=\"canonical\" href=\"https:\/\/audi-klaus.at\/shop\/produkt\/audi-a3-8l-vw-bora-golf-4-jetta-5-sharan-1-spannarm-keilriemen-neu-ina-534013230\/\" \/>\n<meta property=\"og:locale\" content=\"de_DE\" \/>\n<meta property=\"og:type\" content=\"article\" \/>\n<meta property=\"og:title\" content=\"Audi A3\/8L\/Vw Bora\/Golf\/4\/Jetta\/5\/Sharan\/1 Spannarm Keilriemen NEU INA 534013230 - Audi-Klaus\" \/>\n<meta property=\"og:description\" content=\"Audi-Klaus Audi A3\/8L\/Vw Bora\/Golf\/4\/Jetta\/5\/Sharan\/1 Spannarm Keilriemen NEU INA 534013230 Audi A3\/8L\/Vw Bora\/Golf\/4\/Jetta\/5\/Sharan\/1 Spannarm Keilriemen NEU INA 534013230\" \/>\n<meta property=\"og:url\" content=\"https:\/\/audi-klaus.at\/shop\/produkt\/audi-a3-8l-vw-bora-golf-4-jetta-5-sharan-1-spannarm-keilriemen-neu-ina-534013230\/\" \/>\n<meta property=\"og:site_name\" content=\"Audi-Klaus\" \/>\n<meta property=\"article:publisher\" content=\"https:\/\/www.facebook.com\/audi.klaus.1312\/\" \/>\n<meta property=\"article:modified_time\" content=\"2026-01-07T20:53:57+00:00\" \/>\n<meta property=\"og:image\" content=\"https:\/\/audi-klaus.at\/shop\/wp-content\/uploads\/2022\/10\/M1364-1.jpg\" \/>\n\t<meta property=\"og:image:width\" content=\"418\" \/>\n\t<meta property=\"og:image:height\" content=\"418\" \/>\n\t<meta property=\"og:image:type\" content=\"image\/jpeg\" \/>\n<meta name=\"twitter:card\" content=\"summary_large_image\" \/>\n<meta name=\"twitter:label1\" content=\"Gesch\u00e4tzte Lesezeit\" \/>\n\t<meta name=\"twitter:data1\" content=\"1 Minute\" \/>\n<script type=\"application\/ld+json\" class=\"yoast-schema-graph\">{\"@context\":\"https:\\\/\\\/schema.org\",\"@graph\":[{\"@type\":\"WebPage\",\"@id\":\"https:\\\/\\\/audi-klaus.at\\\/shop\\\/produkt\\\/audi-a3-8l-vw-bora-golf-4-jetta-5-sharan-1-spannarm-keilriemen-neu-ina-534013230\\\/\",\"url\":\"https:\\\/\\\/audi-klaus.at\\\/shop\\\/produkt\\\/audi-a3-8l-vw-bora-golf-4-jetta-5-sharan-1-spannarm-keilriemen-neu-ina-534013230\\\/\",\"name\":\"Audi A3\\\/8L\\\/Vw Bora\\\/Golf\\\/4\\\/Jetta\\\/5\\\/Sharan\\\/1 Spannarm Keilriemen NEU INA 534013230 - Audi-Klaus\",\"isPartOf\":{\"@id\":\"https:\\\/\\\/audi-klaus.at\\\/shop\\\/#website\"},\"primaryImageOfPage\":{\"@id\":\"https:\\\/\\\/audi-klaus.at\\\/shop\\\/produkt\\\/audi-a3-8l-vw-bora-golf-4-jetta-5-sharan-1-spannarm-keilriemen-neu-ina-534013230\\\/#primaryimage\"},\"image\":{\"@id\":\"https:\\\/\\\/audi-klaus.at\\\/shop\\\/produkt\\\/audi-a3-8l-vw-bora-golf-4-jetta-5-sharan-1-spannarm-keilriemen-neu-ina-534013230\\\/#primaryimage\"},\"thumbnailUrl\":\"https:\\\/\\\/audi-klaus.at\\\/shop\\\/wp-content\\\/uploads\\\/2022\\\/10\\\/M1364-1.jpg\",\"datePublished\":\"2022-10-20T09:15:12+00:00\",\"dateModified\":\"2026-01-07T20:53:57+00:00\",\"description\":\"Audi-Klaus Audi A3\\\/8L\\\/Vw Bora\\\/Golf\\\/4\\\/Jetta\\\/5\\\/Sharan\\\/1 Spannarm Keilriemen NEU INA 534013230 Audi A3\\\/8L\\\/Vw Bora\\\/Golf\\\/4\\\/Jetta\\\/5\\\/Sharan\\\/1 Spannarm Keilriemen NEU INA 534013230\",\"breadcrumb\":{\"@id\":\"https:\\\/\\\/audi-klaus.at\\\/shop\\\/produkt\\\/audi-a3-8l-vw-bora-golf-4-jetta-5-sharan-1-spannarm-keilriemen-neu-ina-534013230\\\/#breadcrumb\"},\"inLanguage\":\"de-AT\",\"potentialAction\":[{\"@type\":\"ReadAction\",\"target\":[\"https:\\\/\\\/audi-klaus.at\\\/shop\\\/produkt\\\/audi-a3-8l-vw-bora-golf-4-jetta-5-sharan-1-spannarm-keilriemen-neu-ina-534013230\\\/\"]}]},{\"@type\":\"ImageObject\",\"inLanguage\":\"de-AT\",\"@id\":\"https:\\\/\\\/audi-klaus.at\\\/shop\\\/produkt\\\/audi-a3-8l-vw-bora-golf-4-jetta-5-sharan-1-spannarm-keilriemen-neu-ina-534013230\\\/#primaryimage\",\"url\":\"https:\\\/\\\/audi-klaus.at\\\/shop\\\/wp-content\\\/uploads\\\/2022\\\/10\\\/M1364-1.jpg\",\"contentUrl\":\"https:\\\/\\\/audi-klaus.at\\\/shop\\\/wp-content\\\/uploads\\\/2022\\\/10\\\/M1364-1.jpg\",\"width\":418,\"height\":418},{\"@type\":\"BreadcrumbList\",\"@id\":\"https:\\\/\\\/audi-klaus.at\\\/shop\\\/produkt\\\/audi-a3-8l-vw-bora-golf-4-jetta-5-sharan-1-spannarm-keilriemen-neu-ina-534013230\\\/#breadcrumb\",\"itemListElement\":[{\"@type\":\"ListItem\",\"position\":1,\"name\":\"Startseite\",\"item\":\"https:\\\/\\\/audi-klaus.at\\\/shop\\\/\"},{\"@type\":\"ListItem\",\"position\":2,\"name\":\"Shop\",\"item\":\"https:\\\/\\\/audi-klaus.at\\\/shop\\\/\"},{\"@type\":\"ListItem\",\"position\":3,\"name\":\"Audi A3\\\/8L\\\/Vw Bora\\\/Golf\\\/4\\\/Jetta\\\/5\\\/Sharan\\\/1 Spannarm Keilriemen NEU INA 534013230\"}]},{\"@type\":\"WebSite\",\"@id\":\"https:\\\/\\\/audi-klaus.at\\\/shop\\\/#website\",\"url\":\"https:\\\/\\\/audi-klaus.at\\\/shop\\\/\",\"name\":\"Audi-Klaus\",\"description\":\"Ihr Gebrauchtteile Spezialist f\u00fcr die Marken Audi, VW (VAG)\",\"publisher\":{\"@id\":\"https:\\\/\\\/audi-klaus.at\\\/shop\\\/#organization\"},\"potentialAction\":[{\"@type\":\"SearchAction\",\"target\":{\"@type\":\"EntryPoint\",\"urlTemplate\":\"https:\\\/\\\/audi-klaus.at\\\/shop\\\/?s={search_term_string}\"},\"query-input\":{\"@type\":\"PropertyValueSpecification\",\"valueRequired\":true,\"valueName\":\"search_term_string\"}}],\"inLanguage\":\"de-AT\"},{\"@type\":\"Organization\",\"@id\":\"https:\\\/\\\/audi-klaus.at\\\/shop\\\/#organization\",\"name\":\"Audi-Klaus\",\"url\":\"https:\\\/\\\/audi-klaus.at\\\/shop\\\/\",\"logo\":{\"@type\":\"ImageObject\",\"inLanguage\":\"de-AT\",\"@id\":\"https:\\\/\\\/audi-klaus.at\\\/shop\\\/#\\\/schema\\\/logo\\\/image\\\/\",\"url\":\"https:\\\/\\\/audi-klaus.at\\\/shop\\\/wp-content\\\/uploads\\\/2024\\\/10\\\/Logo-Shop.webp\",\"contentUrl\":\"https:\\\/\\\/audi-klaus.at\\\/shop\\\/wp-content\\\/uploads\\\/2024\\\/10\\\/Logo-Shop.webp\",\"width\":470,\"height\":164,\"caption\":\"Audi-Klaus\"},\"image\":{\"@id\":\"https:\\\/\\\/audi-klaus.at\\\/shop\\\/#\\\/schema\\\/logo\\\/image\\\/\"},\"sameAs\":[\"https:\\\/\\\/www.facebook.com\\\/audi.klaus.1312\\\/\",\"https:\\\/\\\/www.instagram.com\\\/audi_klaus\\\/?igshid=1eca3qu2mdayg\"]}]}<\/script>\n<!-- \/ Yoast SEO plugin. -->","yoast_head_json":{"title":"Audi A3\/8L\/Vw Bora\/Golf\/4\/Jetta\/5\/Sharan\/1 Spannarm Keilriemen NEU INA 534013230 - Audi-Klaus","description":"Audi-Klaus Audi A3\/8L\/Vw Bora\/Golf\/4\/Jetta\/5\/Sharan\/1 Spannarm Keilriemen NEU INA 534013230 Audi A3\/8L\/Vw Bora\/Golf\/4\/Jetta\/5\/Sharan\/1 Spannarm Keilriemen NEU INA 534013230","robots":{"index":"index","follow":"follow","max-snippet":"max-snippet:-1","max-image-preview":"max-image-preview:large","max-video-preview":"max-video-preview:-1"},"canonical":"https:\/\/audi-klaus.at\/shop\/produkt\/audi-a3-8l-vw-bora-golf-4-jetta-5-sharan-1-spannarm-keilriemen-neu-ina-534013230\/","og_locale":"de_DE","og_type":"article","og_title":"Audi A3\/8L\/Vw Bora\/Golf\/4\/Jetta\/5\/Sharan\/1 Spannarm Keilriemen NEU INA 534013230 - Audi-Klaus","og_description":"Audi-Klaus Audi A3\/8L\/Vw Bora\/Golf\/4\/Jetta\/5\/Sharan\/1 Spannarm Keilriemen NEU INA 534013230 Audi A3\/8L\/Vw Bora\/Golf\/4\/Jetta\/5\/Sharan\/1 Spannarm Keilriemen NEU INA 534013230","og_url":"https:\/\/audi-klaus.at\/shop\/produkt\/audi-a3-8l-vw-bora-golf-4-jetta-5-sharan-1-spannarm-keilriemen-neu-ina-534013230\/","og_site_name":"Audi-Klaus","article_publisher":"https:\/\/www.facebook.com\/audi.klaus.1312\/","article_modified_time":"2026-01-07T20:53:57+00:00","og_image":[{"width":418,"height":418,"url":"https:\/\/audi-klaus.at\/shop\/wp-content\/uploads\/2022\/10\/M1364-1.jpg","type":"image\/jpeg"}],"twitter_card":"summary_large_image","twitter_misc":{"Gesch\u00e4tzte Lesezeit":"1 Minute"},"schema":{"@context":"https:\/\/schema.org","@graph":[{"@type":"WebPage","@id":"https:\/\/audi-klaus.at\/shop\/produkt\/audi-a3-8l-vw-bora-golf-4-jetta-5-sharan-1-spannarm-keilriemen-neu-ina-534013230\/","url":"https:\/\/audi-klaus.at\/shop\/produkt\/audi-a3-8l-vw-bora-golf-4-jetta-5-sharan-1-spannarm-keilriemen-neu-ina-534013230\/","name":"Audi A3\/8L\/Vw Bora\/Golf\/4\/Jetta\/5\/Sharan\/1 Spannarm Keilriemen NEU INA 534013230 - Audi-Klaus","isPartOf":{"@id":"https:\/\/audi-klaus.at\/shop\/#website"},"primaryImageOfPage":{"@id":"https:\/\/audi-klaus.at\/shop\/produkt\/audi-a3-8l-vw-bora-golf-4-jetta-5-sharan-1-spannarm-keilriemen-neu-ina-534013230\/#primaryimage"},"image":{"@id":"https:\/\/audi-klaus.at\/shop\/produkt\/audi-a3-8l-vw-bora-golf-4-jetta-5-sharan-1-spannarm-keilriemen-neu-ina-534013230\/#primaryimage"},"thumbnailUrl":"https:\/\/audi-klaus.at\/shop\/wp-content\/uploads\/2022\/10\/M1364-1.jpg","datePublished":"2022-10-20T09:15:12+00:00","dateModified":"2026-01-07T20:53:57+00:00","description":"Audi-Klaus Audi A3\/8L\/Vw Bora\/Golf\/4\/Jetta\/5\/Sharan\/1 Spannarm Keilriemen NEU INA 534013230 Audi A3\/8L\/Vw Bora\/Golf\/4\/Jetta\/5\/Sharan\/1 Spannarm Keilriemen NEU INA 534013230","breadcrumb":{"@id":"https:\/\/audi-klaus.at\/shop\/produkt\/audi-a3-8l-vw-bora-golf-4-jetta-5-sharan-1-spannarm-keilriemen-neu-ina-534013230\/#breadcrumb"},"inLanguage":"de-AT","potentialAction":[{"@type":"ReadAction","target":["https:\/\/audi-klaus.at\/shop\/produkt\/audi-a3-8l-vw-bora-golf-4-jetta-5-sharan-1-spannarm-keilriemen-neu-ina-534013230\/"]}]},{"@type":"ImageObject","inLanguage":"de-AT","@id":"https:\/\/audi-klaus.at\/shop\/produkt\/audi-a3-8l-vw-bora-golf-4-jetta-5-sharan-1-spannarm-keilriemen-neu-ina-534013230\/#primaryimage","url":"https:\/\/audi-klaus.at\/shop\/wp-content\/uploads\/2022\/10\/M1364-1.jpg","contentUrl":"https:\/\/audi-klaus.at\/shop\/wp-content\/uploads\/2022\/10\/M1364-1.jpg","width":418,"height":418},{"@type":"BreadcrumbList","@id":"https:\/\/audi-klaus.at\/shop\/produkt\/audi-a3-8l-vw-bora-golf-4-jetta-5-sharan-1-spannarm-keilriemen-neu-ina-534013230\/#breadcrumb","itemListElement":[{"@type":"ListItem","position":1,"name":"Startseite","item":"https:\/\/audi-klaus.at\/shop\/"},{"@type":"ListItem","position":2,"name":"Shop","item":"https:\/\/audi-klaus.at\/shop\/"},{"@type":"ListItem","position":3,"name":"Audi A3\/8L\/Vw Bora\/Golf\/4\/Jetta\/5\/Sharan\/1 Spannarm Keilriemen NEU INA 534013230"}]},{"@type":"WebSite","@id":"https:\/\/audi-klaus.at\/shop\/#website","url":"https:\/\/audi-klaus.at\/shop\/","name":"Audi-Klaus","description":"Ihr Gebrauchtteile Spezialist f\u00fcr die Marken Audi, VW (VAG)","publisher":{"@id":"https:\/\/audi-klaus.at\/shop\/#organization"},"potentialAction":[{"@type":"SearchAction","target":{"@type":"EntryPoint","urlTemplate":"https:\/\/audi-klaus.at\/shop\/?s={search_term_string}"},"query-input":{"@type":"PropertyValueSpecification","valueRequired":true,"valueName":"search_term_string"}}],"inLanguage":"de-AT"},{"@type":"Organization","@id":"https:\/\/audi-klaus.at\/shop\/#organization","name":"Audi-Klaus","url":"https:\/\/audi-klaus.at\/shop\/","logo":{"@type":"ImageObject","inLanguage":"de-AT","@id":"https:\/\/audi-klaus.at\/shop\/#\/schema\/logo\/image\/","url":"https:\/\/audi-klaus.at\/shop\/wp-content\/uploads\/2024\/10\/Logo-Shop.webp","contentUrl":"https:\/\/audi-klaus.at\/shop\/wp-content\/uploads\/2024\/10\/Logo-Shop.webp","width":470,"height":164,"caption":"Audi-Klaus"},"image":{"@id":"https:\/\/audi-klaus.at\/shop\/#\/schema\/logo\/image\/"},"sameAs":["https:\/\/www.facebook.com\/audi.klaus.1312\/","https:\/\/www.instagram.com\/audi_klaus\/?igshid=1eca3qu2mdayg"]}]}},"_links":{"self":[{"href":"https:\/\/audi-klaus.at\/shop\/wp-json\/wp\/v2\/product\/50268","targetHints":{"allow":["GET"]}}],"collection":[{"href":"https:\/\/audi-klaus.at\/shop\/wp-json\/wp\/v2\/product"}],"about":[{"href":"https:\/\/audi-klaus.at\/shop\/wp-json\/wp\/v2\/types\/product"}],"wp:featuredmedia":[{"embeddable":true,"href":"https:\/\/audi-klaus.at\/shop\/wp-json\/wp\/v2\/media\/50229"}],"wp:attachment":[{"href":"https:\/\/audi-klaus.at\/shop\/wp-json\/wp\/v2\/media?parent=50268"}],"wp:term":[{"taxonomy":"product_brand","embeddable":true,"href":"https:\/\/audi-klaus.at\/shop\/wp-json\/wp\/v2\/product_brand?post=50268"},{"taxonomy":"product_cat","embeddable":true,"href":"https:\/\/audi-klaus.at\/shop\/wp-json\/wp\/v2\/product_cat?post=50268"},{"taxonomy":"product_tag","embeddable":true,"href":"https:\/\/audi-klaus.at\/shop\/wp-json\/wp\/v2\/product_tag?post=50268"}],"curies":[{"name":"wp","href":"https:\/\/api.w.org\/{rel}","templated":true}]}}