{"id":50257,"date":"2022-11-10T13:52:47","date_gmt":"2022-11-10T12:52:47","guid":{"rendered":"https:\/\/audi-klaus.at\/shop\/?post_type=product&#038;p=50257"},"modified":"2026-01-07T21:53:57","modified_gmt":"2026-01-07T20:53:57","slug":"audi-80-90-coupe-b1-b2-b3-b4-100-200-c2-c3-c4-a4-b5-a6-c4-c5-50-vw-corrado-iltis-golf-jetta-polo-scirocco-1-2-passat-b1-b2-b3-b4-bus-t4-ventilschaftdichtungen-neu-elring-553-1980","status":"publish","type":"product","link":"https:\/\/audi-klaus.at\/shop\/produkt\/audi-80-90-coupe-b1-b2-b3-b4-100-200-c2-c3-c4-a4-b5-a6-c4-c5-50-vw-corrado-iltis-golf-jetta-polo-scirocco-1-2-passat-b1-b2-b3-b4-bus-t4-ventilschaftdichtungen-neu-elring-553-1980\/","title":{"rendered":"Audi 80\/90\/Coup\u00e9\/B1\/B2\/B3\/B4\/100\/200\/C2\/C3\/C4\/A4\/B5\/A6\/C4\/C5\/50\/VW Corrado\/Iltis\/Golf\/Jetta\/Polo\/Scirocco\/1\/2\/Passat\/B1\/B2\/B3\/B4\/Bus\/T3\/T4 Ventilschaftdichtungen NEU Elring 553.1980"},"content":{"rendered":"<h5 class=\"western\"><span style=\"color: #060606;\"><span style=\"font-family: Verdana, serif;\"><span style=\"font-size: small;\"><b>VAG Teilenummer<\/b><\/span><\/span><\/span><span style=\"color: #060606;\"><span style=\"font-family: Verdana, serif;\"><span style=\"font-size: small;\">: 553.1980<\/span><\/span><\/span><\/h5>\n<h5 class=\"western\"><span style=\"color: #060606;\"><span style=\"font-family: Verdana, serif;\"><span style=\"font-size: small;\"><b>Zustand: <\/b><\/span><\/span><\/span><span style=\"color: #060606;\"><span style=\"font-family: Verdana, serif;\"><span style=\"font-size: small;\"><span lang=\"de-DE\">NEU<\/span><\/span><\/span><\/span><\/h5>\n<h5 class=\"western\"><span style=\"color: #060606;\"><span style=\"font-family: Verdana, serif;\"><span style=\"font-size: small;\"><b>Lieferumfang:<\/b><\/span><\/span><\/span><span style=\"color: #060606;\"><span style=\"font-family: Verdana, serif;\"><span style=\"font-size: small;\">\u00a0wie in den Original-Abbildungen angegeben<\/span><\/span><\/span><\/h5>\n<h5 class=\"western\"><span style=\"color: #060606;\"><span style=\"font-family: Verdana, serif;\"><span style=\"font-size: small;\"><b>Hinweis:<\/b><\/span><\/span><\/span><span style=\"color: #060606;\"><span style=\"font-family: Verdana, serif;\"><span style=\"font-size: small;\">\u00a0Bitte \u00fcberpr\u00fcfen Sie vor dem Kauf anhand der eindeutigen Teilenummern, ob der Artikel zum Fahrzeug passt, um R\u00fccksendungen zu vermeiden! Trotz Angabe der entsprechenden Fahrzeugdaten ist eine eindeutige Zuordnung nur \u00fcber die Teilenummer m\u00f6glich! Die abgelesene Teilenummer ist die Teilenummer des Teils, welches geliefert wird. Die Originalteilnummer ist diejenige, die bei Neubestellung f\u00fcr dieses Teil gilt und der m\u00f6glicherweise abweichenden, gelieferten Teilenummer entspricht. <\/span><\/span><\/span><\/h5>\n<h5 class=\"western\"><span style=\"color: #060606;\"><span style=\"font-family: Verdana, serif;\"><span style=\"font-size: small;\"><span lang=\"de-DE\">Neu<\/span><\/span><\/span><\/span><span style=\"color: #060606;\"><span style=\"font-family: Verdana, serif;\"><span style=\"font-size: small;\"> mit Gebrauchsspuren in Form von Verunreinigungen\/ kleinen Kratzern m\u00f6glich. Die Ware wird ungereinigt geliefert.<\/span><\/span><\/span><\/h5>\n<h5 class=\"western\"><span style=\"color: #060606;\"><span style=\"font-family: Verdana, serif;\"><span style=\"font-size: small;\">Sollten weitere Fragen offen sein, kontaktieren Sie uns bitte unter\u00a0<\/span><\/span><\/span><a><span style=\"color: #0000ff;\"><span style=\"font-family: Verdana, serif;\"><span style=\"font-size: small;\"><u>office@audi-klaus.at<\/u><\/span><\/span><\/span><\/a><\/h5>\n<p class=\"western\">\n","protected":false},"excerpt":{"rendered":"<h5 class=\"western\"><strong><span style=\"color: #000000;\"><span style=\"font-family: Source Sans Pro, serif;\"><span style=\"font-size: x-large;\">Marke: Vw \/Audi\u00a0<\/span><\/span><\/span><\/strong><\/h5>\n<h5 class=\"western\"><span style=\"color: #000000;\"><span style=\"font-family: Source Sans Pro, serif;\"><span style=\"font-size: x-large;\"><span style=\"color: #000000; font-family: Source Sans Pro, serif; font-size: x-large;\"><b>Modell: Corrado\/Iltis\/Golf\/Jetta\/Polo\/Scirocco\/Passat\/Bus\/80\/90\/100\/200\/Coupe\/A4\/A6\/50<\/b><\/span><br \/>\n<span style=\"color: #000000; font-family: Source Sans Pro, serif; font-size: x-large;\"><b>Typ:1\/2\/B1\/B2\/B3\/B4\/T4\/T5\/B5\/C2\/C3\/C4<\/b><\/span><\/span><\/span><\/span><\/h5>\n<h5 class=\"western\"><span style=\"color: #c9211e; font-family: Source Sans Pro, serif; font-size: large;\"><b>10,8 mm<\/b><\/span><\/h5>\n","protected":false},"featured_media":50227,"template":"","meta":[],"product_brand":[],"product_cat":[86,1170,1461,234,1209,2022,399,1255,87,1171,1481,254,1211,2757,586,1256,154,1172,1491,264,1212,2776,32,587,1267,155,1176,1501,295,1214,34,591,1269,157,1186,1511,305,1215,78,601,1279,166,1192,1631,345,1216,79,1164,1349,167,1193,1641,372,1217,80,1165,1381,171,1194,1651,385,1229,81,1166,1391,204,1201,1661,386,1230,82,1167,1431,214,1204,1902,387,1231,85,1168,1451,224,1205,1912,389,1232],"product_tag":[16428,17010],"class_list":{"0":"post-50257","1":"product","2":"type-product","3":"status-publish","4":"has-post-thumbnail","6":"product_cat-b2-type81-85-80","7":"product_cat-scirocco","8":"product_cat-motor-getriebe-2-53b-1981-1992","9":"product_cat-motor-getriebe-b4-91","10":"product_cat-1h5-1991-1998","11":"product_cat-motor-getriebe-183-1978-1988","12":"product_cat-motor-getriebe-c2-1983-1991","13":"product_cat-t3-251-1979-1992","14":"product_cat-b3-typ89-80","15":"product_cat-corrado","16":"product_cat-motor-getriebe-53i-1988-1995","17":"product_cat-motor-getriebe-b2-80","18":"product_cat-1-53-1974-1981","19":"product_cat-b4","20":"product_cat-c4-4a-1994-1997","21":"product_cat-t4-7d-1990-2003","22":"product_cat-154","23":"product_cat-polo","24":"product_cat-motor-getriebe-1-86-1975-1981","25":"product_cat-motor-getriebe-b3-80","26":"product_cat-2-53b-1981-1992","27":"product_cat-motor-getriebe-b4","28":"product_cat-audi","29":"product_cat-c5-4b-1997-2005","30":"product_cat-183-1978-1988","31":"product_cat-155","32":"product_cat-passat","33":"product_cat-motor-getriebe-2-2f-1990-1994","34":"product_cat-motor-getriebe-b2-1984-1987","35":"product_cat-53i-1988-1995","36":"product_cat-34","37":"product_cat-motor-getriebe-c4-1994-1997","38":"product_cat-motor-getriebe-1-171-1974-1985","39":"product_cat-motor-getriebe","40":"product_cat-bus","41":"product_cat-motor-getriebe-2-86c-1981-1990","42":"product_cat-motor-getriebe-b3-1987-1991","43":"product_cat-1-86-1975-1981","44":"product_cat-78","45":"product_cat-motor-getriebe-c5-1997-2005","46":"product_cat-motor-getriebe-2-191-1983-1992","47":"product_cat-b2-type81-85-1984-1987","48":"product_cat-iltis","49":"product_cat-motor-getriebe-b1-32-1973-1977","50":"product_cat-motor-getriebe-c4-1991-1994","51":"product_cat-2-86c-1981-1990","52":"product_cat-b1-typ82-75","53":"product_cat-vw","54":"product_cat-motor-getriebe-1-155-1979-1993","55":"product_cat-b3-1987-1991","56":"product_cat-1-171-1974-1985","57":"product_cat-motor-getriebe-b2-32b-1980-1988","58":"product_cat-a6","59":"product_cat-2-2f-1990-1994","60":"product_cat-b2-typ81-85-78","61":"product_cat-golf","62":"product_cat-motor-getriebe-1-161-1978-1987","63":"product_cat-c4-1991-1994","64":"product_cat-2-191-1983-1992","65":"product_cat-motor-getriebe-b3-35i-1988-1993","66":"product_cat-385","67":"product_cat-b1-32-1973-1977","68":"product_cat-b3-86","69":"product_cat-golf-cabrio","70":"product_cat-motor-getriebe-2-165-1983-1992","71":"product_cat-motor-getriebe-b1-75","72":"product_cat-1-155-1979-1993","73":"product_cat-motor-getriebe-b4-3a-1993-1997","74":"product_cat-c2-typ43-1979-1982","75":"product_cat-b2-32b-1980-1988","76":"product_cat-b4-91","77":"product_cat-jetta","78":"product_cat-motor-getriebe-1h5-1991-1998","79":"product_cat-motor-getriebe-b2-78","80":"product_cat-1-161-1978-1987","81":"product_cat-motor-getriebe-t3-251-1979-1992","82":"product_cat-c3-typ44-1983-1991","83":"product_cat-b3-35i-1988-1993","84":"product_cat-coupe80","85":"product_cat-vento","86":"product_cat-motor-getriebe-1-53-1974-1981","87":"product_cat-motor-getriebe-b3-86","88":"product_cat-2-165-1983-1992","89":"product_cat-motor-getriebe-t4-7d-1990-2003","90":"product_cat-motor-getriebe-c2-1979-1982","91":"product_cat-b4-3a-1993-1997","92":"product_tag-m1362","93":"product_tag-elring-553-1980","95":"first","96":"instock","97":"taxable","98":"shipping-taxable","99":"purchasable","100":"product-type-simple"},"yoast_head":"<!-- This site is optimized with the Yoast SEO plugin v27.4 - https:\/\/yoast.com\/product\/yoast-seo-wordpress\/ -->\n<title>Audi 80\/90\/Coup\u00e9\/B1\/B2\/B3\/B4\/100\/200\/C2\/C3\/C4\/A4\/B5\/A6\/C4\/C5\/50\/VW Corrado\/Iltis\/Golf\/Jetta\/Polo\/Scirocco\/1\/2\/Passat\/B1\/B2\/B3\/B4\/Bus\/T3\/T4 Ventilschaftdichtungen NEU Elring 553.1980 - Audi-Klaus<\/title>\n<meta name=\"robots\" content=\"index, follow, max-snippet:-1, max-image-preview:large, max-video-preview:-1\" \/>\n<link rel=\"canonical\" href=\"https:\/\/audi-klaus.at\/shop\/produkt\/audi-80-90-coupe-b1-b2-b3-b4-100-200-c2-c3-c4-a4-b5-a6-c4-c5-50-vw-corrado-iltis-golf-jetta-polo-scirocco-1-2-passat-b1-b2-b3-b4-bus-t4-ventilschaftdichtungen-neu-elring-553-1980\/\" \/>\n<meta property=\"og:locale\" content=\"de_DE\" \/>\n<meta property=\"og:type\" content=\"article\" \/>\n<meta property=\"og:title\" content=\"Audi 80\/90\/Coup\u00e9\/B1\/B2\/B3\/B4\/100\/200\/C2\/C3\/C4\/A4\/B5\/A6\/C4\/C5\/50\/VW Corrado\/Iltis\/Golf\/Jetta\/Polo\/Scirocco\/1\/2\/Passat\/B1\/B2\/B3\/B4\/Bus\/T3\/T4 Ventilschaftdichtungen NEU Elring 553.1980 - Audi-Klaus\" \/>\n<meta property=\"og:description\" content=\"Marke: Vw \/Audi\u00a0 Modell: Corrado\/Iltis\/Golf\/Jetta\/Polo\/Scirocco\/Passat\/Bus\/80\/90\/100\/200\/Coupe\/A4\/A6\/50 Typ:1\/2\/B1\/B2\/B3\/B4\/T4\/T5\/B5\/C2\/C3\/C4 10,8 mm\" \/>\n<meta property=\"og:url\" content=\"https:\/\/audi-klaus.at\/shop\/produkt\/audi-80-90-coupe-b1-b2-b3-b4-100-200-c2-c3-c4-a4-b5-a6-c4-c5-50-vw-corrado-iltis-golf-jetta-polo-scirocco-1-2-passat-b1-b2-b3-b4-bus-t4-ventilschaftdichtungen-neu-elring-553-1980\/\" \/>\n<meta property=\"og:site_name\" content=\"Audi-Klaus\" \/>\n<meta property=\"article:publisher\" content=\"https:\/\/www.facebook.com\/audi.klaus.1312\/\" \/>\n<meta property=\"article:modified_time\" content=\"2026-01-07T20:53:57+00:00\" \/>\n<meta property=\"og:image\" content=\"https:\/\/audi-klaus.at\/shop\/wp-content\/uploads\/2022\/10\/M1362-2.jpg\" \/>\n\t<meta property=\"og:image:width\" content=\"418\" \/>\n\t<meta property=\"og:image:height\" content=\"418\" \/>\n\t<meta property=\"og:image:type\" content=\"image\/jpeg\" \/>\n<meta name=\"twitter:card\" content=\"summary_large_image\" \/>\n<meta name=\"twitter:label1\" content=\"Gesch\u00e4tzte Lesezeit\" \/>\n\t<meta name=\"twitter:data1\" content=\"1 Minute\" \/>\n<script type=\"application\/ld+json\" class=\"yoast-schema-graph\">{\"@context\":\"https:\\\/\\\/schema.org\",\"@graph\":[{\"@type\":\"WebPage\",\"@id\":\"https:\\\/\\\/audi-klaus.at\\\/shop\\\/produkt\\\/audi-80-90-coupe-b1-b2-b3-b4-100-200-c2-c3-c4-a4-b5-a6-c4-c5-50-vw-corrado-iltis-golf-jetta-polo-scirocco-1-2-passat-b1-b2-b3-b4-bus-t4-ventilschaftdichtungen-neu-elring-553-1980\\\/\",\"url\":\"https:\\\/\\\/audi-klaus.at\\\/shop\\\/produkt\\\/audi-80-90-coupe-b1-b2-b3-b4-100-200-c2-c3-c4-a4-b5-a6-c4-c5-50-vw-corrado-iltis-golf-jetta-polo-scirocco-1-2-passat-b1-b2-b3-b4-bus-t4-ventilschaftdichtungen-neu-elring-553-1980\\\/\",\"name\":\"Audi 80\\\/90\\\/Coup\u00e9\\\/B1\\\/B2\\\/B3\\\/B4\\\/100\\\/200\\\/C2\\\/C3\\\/C4\\\/A4\\\/B5\\\/A6\\\/C4\\\/C5\\\/50\\\/VW Corrado\\\/Iltis\\\/Golf\\\/Jetta\\\/Polo\\\/Scirocco\\\/1\\\/2\\\/Passat\\\/B1\\\/B2\\\/B3\\\/B4\\\/Bus\\\/T3\\\/T4 Ventilschaftdichtungen NEU Elring 553.1980 - Audi-Klaus\",\"isPartOf\":{\"@id\":\"https:\\\/\\\/audi-klaus.at\\\/shop\\\/#website\"},\"primaryImageOfPage\":{\"@id\":\"https:\\\/\\\/audi-klaus.at\\\/shop\\\/produkt\\\/audi-80-90-coupe-b1-b2-b3-b4-100-200-c2-c3-c4-a4-b5-a6-c4-c5-50-vw-corrado-iltis-golf-jetta-polo-scirocco-1-2-passat-b1-b2-b3-b4-bus-t4-ventilschaftdichtungen-neu-elring-553-1980\\\/#primaryimage\"},\"image\":{\"@id\":\"https:\\\/\\\/audi-klaus.at\\\/shop\\\/produkt\\\/audi-80-90-coupe-b1-b2-b3-b4-100-200-c2-c3-c4-a4-b5-a6-c4-c5-50-vw-corrado-iltis-golf-jetta-polo-scirocco-1-2-passat-b1-b2-b3-b4-bus-t4-ventilschaftdichtungen-neu-elring-553-1980\\\/#primaryimage\"},\"thumbnailUrl\":\"https:\\\/\\\/audi-klaus.at\\\/shop\\\/wp-content\\\/uploads\\\/2022\\\/10\\\/M1362-2.jpg\",\"datePublished\":\"2022-11-10T12:52:47+00:00\",\"dateModified\":\"2026-01-07T20:53:57+00:00\",\"breadcrumb\":{\"@id\":\"https:\\\/\\\/audi-klaus.at\\\/shop\\\/produkt\\\/audi-80-90-coupe-b1-b2-b3-b4-100-200-c2-c3-c4-a4-b5-a6-c4-c5-50-vw-corrado-iltis-golf-jetta-polo-scirocco-1-2-passat-b1-b2-b3-b4-bus-t4-ventilschaftdichtungen-neu-elring-553-1980\\\/#breadcrumb\"},\"inLanguage\":\"de-AT\",\"potentialAction\":[{\"@type\":\"ReadAction\",\"target\":[\"https:\\\/\\\/audi-klaus.at\\\/shop\\\/produkt\\\/audi-80-90-coupe-b1-b2-b3-b4-100-200-c2-c3-c4-a4-b5-a6-c4-c5-50-vw-corrado-iltis-golf-jetta-polo-scirocco-1-2-passat-b1-b2-b3-b4-bus-t4-ventilschaftdichtungen-neu-elring-553-1980\\\/\"]}]},{\"@type\":\"ImageObject\",\"inLanguage\":\"de-AT\",\"@id\":\"https:\\\/\\\/audi-klaus.at\\\/shop\\\/produkt\\\/audi-80-90-coupe-b1-b2-b3-b4-100-200-c2-c3-c4-a4-b5-a6-c4-c5-50-vw-corrado-iltis-golf-jetta-polo-scirocco-1-2-passat-b1-b2-b3-b4-bus-t4-ventilschaftdichtungen-neu-elring-553-1980\\\/#primaryimage\",\"url\":\"https:\\\/\\\/audi-klaus.at\\\/shop\\\/wp-content\\\/uploads\\\/2022\\\/10\\\/M1362-2.jpg\",\"contentUrl\":\"https:\\\/\\\/audi-klaus.at\\\/shop\\\/wp-content\\\/uploads\\\/2022\\\/10\\\/M1362-2.jpg\",\"width\":418,\"height\":418},{\"@type\":\"BreadcrumbList\",\"@id\":\"https:\\\/\\\/audi-klaus.at\\\/shop\\\/produkt\\\/audi-80-90-coupe-b1-b2-b3-b4-100-200-c2-c3-c4-a4-b5-a6-c4-c5-50-vw-corrado-iltis-golf-jetta-polo-scirocco-1-2-passat-b1-b2-b3-b4-bus-t4-ventilschaftdichtungen-neu-elring-553-1980\\\/#breadcrumb\",\"itemListElement\":[{\"@type\":\"ListItem\",\"position\":1,\"name\":\"Startseite\",\"item\":\"https:\\\/\\\/audi-klaus.at\\\/shop\\\/\"},{\"@type\":\"ListItem\",\"position\":2,\"name\":\"Shop\",\"item\":\"https:\\\/\\\/audi-klaus.at\\\/shop\\\/\"},{\"@type\":\"ListItem\",\"position\":3,\"name\":\"Audi 80\\\/90\\\/Coup\u00e9\\\/B1\\\/B2\\\/B3\\\/B4\\\/100\\\/200\\\/C2\\\/C3\\\/C4\\\/A4\\\/B5\\\/A6\\\/C4\\\/C5\\\/50\\\/VW Corrado\\\/Iltis\\\/Golf\\\/Jetta\\\/Polo\\\/Scirocco\\\/1\\\/2\\\/Passat\\\/B1\\\/B2\\\/B3\\\/B4\\\/Bus\\\/T3\\\/T4 Ventilschaftdichtungen NEU Elring 553.1980\"}]},{\"@type\":\"WebSite\",\"@id\":\"https:\\\/\\\/audi-klaus.at\\\/shop\\\/#website\",\"url\":\"https:\\\/\\\/audi-klaus.at\\\/shop\\\/\",\"name\":\"Audi-Klaus\",\"description\":\"Ihr Gebrauchtteile Spezialist f\u00fcr die Marken Audi, VW (VAG)\",\"publisher\":{\"@id\":\"https:\\\/\\\/audi-klaus.at\\\/shop\\\/#organization\"},\"potentialAction\":[{\"@type\":\"SearchAction\",\"target\":{\"@type\":\"EntryPoint\",\"urlTemplate\":\"https:\\\/\\\/audi-klaus.at\\\/shop\\\/?s={search_term_string}\"},\"query-input\":{\"@type\":\"PropertyValueSpecification\",\"valueRequired\":true,\"valueName\":\"search_term_string\"}}],\"inLanguage\":\"de-AT\"},{\"@type\":\"Organization\",\"@id\":\"https:\\\/\\\/audi-klaus.at\\\/shop\\\/#organization\",\"name\":\"Audi-Klaus\",\"url\":\"https:\\\/\\\/audi-klaus.at\\\/shop\\\/\",\"logo\":{\"@type\":\"ImageObject\",\"inLanguage\":\"de-AT\",\"@id\":\"https:\\\/\\\/audi-klaus.at\\\/shop\\\/#\\\/schema\\\/logo\\\/image\\\/\",\"url\":\"https:\\\/\\\/audi-klaus.at\\\/shop\\\/wp-content\\\/uploads\\\/2024\\\/10\\\/Logo-Shop.webp\",\"contentUrl\":\"https:\\\/\\\/audi-klaus.at\\\/shop\\\/wp-content\\\/uploads\\\/2024\\\/10\\\/Logo-Shop.webp\",\"width\":470,\"height\":164,\"caption\":\"Audi-Klaus\"},\"image\":{\"@id\":\"https:\\\/\\\/audi-klaus.at\\\/shop\\\/#\\\/schema\\\/logo\\\/image\\\/\"},\"sameAs\":[\"https:\\\/\\\/www.facebook.com\\\/audi.klaus.1312\\\/\",\"https:\\\/\\\/www.instagram.com\\\/audi_klaus\\\/?igshid=1eca3qu2mdayg\"]}]}<\/script>\n<!-- \/ Yoast SEO plugin. -->","yoast_head_json":{"title":"Audi 80\/90\/Coup\u00e9\/B1\/B2\/B3\/B4\/100\/200\/C2\/C3\/C4\/A4\/B5\/A6\/C4\/C5\/50\/VW Corrado\/Iltis\/Golf\/Jetta\/Polo\/Scirocco\/1\/2\/Passat\/B1\/B2\/B3\/B4\/Bus\/T3\/T4 Ventilschaftdichtungen NEU Elring 553.1980 - Audi-Klaus","robots":{"index":"index","follow":"follow","max-snippet":"max-snippet:-1","max-image-preview":"max-image-preview:large","max-video-preview":"max-video-preview:-1"},"canonical":"https:\/\/audi-klaus.at\/shop\/produkt\/audi-80-90-coupe-b1-b2-b3-b4-100-200-c2-c3-c4-a4-b5-a6-c4-c5-50-vw-corrado-iltis-golf-jetta-polo-scirocco-1-2-passat-b1-b2-b3-b4-bus-t4-ventilschaftdichtungen-neu-elring-553-1980\/","og_locale":"de_DE","og_type":"article","og_title":"Audi 80\/90\/Coup\u00e9\/B1\/B2\/B3\/B4\/100\/200\/C2\/C3\/C4\/A4\/B5\/A6\/C4\/C5\/50\/VW Corrado\/Iltis\/Golf\/Jetta\/Polo\/Scirocco\/1\/2\/Passat\/B1\/B2\/B3\/B4\/Bus\/T3\/T4 Ventilschaftdichtungen NEU Elring 553.1980 - Audi-Klaus","og_description":"Marke: Vw \/Audi\u00a0 Modell: Corrado\/Iltis\/Golf\/Jetta\/Polo\/Scirocco\/Passat\/Bus\/80\/90\/100\/200\/Coupe\/A4\/A6\/50 Typ:1\/2\/B1\/B2\/B3\/B4\/T4\/T5\/B5\/C2\/C3\/C4 10,8 mm","og_url":"https:\/\/audi-klaus.at\/shop\/produkt\/audi-80-90-coupe-b1-b2-b3-b4-100-200-c2-c3-c4-a4-b5-a6-c4-c5-50-vw-corrado-iltis-golf-jetta-polo-scirocco-1-2-passat-b1-b2-b3-b4-bus-t4-ventilschaftdichtungen-neu-elring-553-1980\/","og_site_name":"Audi-Klaus","article_publisher":"https:\/\/www.facebook.com\/audi.klaus.1312\/","article_modified_time":"2026-01-07T20:53:57+00:00","og_image":[{"width":418,"height":418,"url":"https:\/\/audi-klaus.at\/shop\/wp-content\/uploads\/2022\/10\/M1362-2.jpg","type":"image\/jpeg"}],"twitter_card":"summary_large_image","twitter_misc":{"Gesch\u00e4tzte Lesezeit":"1 Minute"},"schema":{"@context":"https:\/\/schema.org","@graph":[{"@type":"WebPage","@id":"https:\/\/audi-klaus.at\/shop\/produkt\/audi-80-90-coupe-b1-b2-b3-b4-100-200-c2-c3-c4-a4-b5-a6-c4-c5-50-vw-corrado-iltis-golf-jetta-polo-scirocco-1-2-passat-b1-b2-b3-b4-bus-t4-ventilschaftdichtungen-neu-elring-553-1980\/","url":"https:\/\/audi-klaus.at\/shop\/produkt\/audi-80-90-coupe-b1-b2-b3-b4-100-200-c2-c3-c4-a4-b5-a6-c4-c5-50-vw-corrado-iltis-golf-jetta-polo-scirocco-1-2-passat-b1-b2-b3-b4-bus-t4-ventilschaftdichtungen-neu-elring-553-1980\/","name":"Audi 80\/90\/Coup\u00e9\/B1\/B2\/B3\/B4\/100\/200\/C2\/C3\/C4\/A4\/B5\/A6\/C4\/C5\/50\/VW Corrado\/Iltis\/Golf\/Jetta\/Polo\/Scirocco\/1\/2\/Passat\/B1\/B2\/B3\/B4\/Bus\/T3\/T4 Ventilschaftdichtungen NEU Elring 553.1980 - Audi-Klaus","isPartOf":{"@id":"https:\/\/audi-klaus.at\/shop\/#website"},"primaryImageOfPage":{"@id":"https:\/\/audi-klaus.at\/shop\/produkt\/audi-80-90-coupe-b1-b2-b3-b4-100-200-c2-c3-c4-a4-b5-a6-c4-c5-50-vw-corrado-iltis-golf-jetta-polo-scirocco-1-2-passat-b1-b2-b3-b4-bus-t4-ventilschaftdichtungen-neu-elring-553-1980\/#primaryimage"},"image":{"@id":"https:\/\/audi-klaus.at\/shop\/produkt\/audi-80-90-coupe-b1-b2-b3-b4-100-200-c2-c3-c4-a4-b5-a6-c4-c5-50-vw-corrado-iltis-golf-jetta-polo-scirocco-1-2-passat-b1-b2-b3-b4-bus-t4-ventilschaftdichtungen-neu-elring-553-1980\/#primaryimage"},"thumbnailUrl":"https:\/\/audi-klaus.at\/shop\/wp-content\/uploads\/2022\/10\/M1362-2.jpg","datePublished":"2022-11-10T12:52:47+00:00","dateModified":"2026-01-07T20:53:57+00:00","breadcrumb":{"@id":"https:\/\/audi-klaus.at\/shop\/produkt\/audi-80-90-coupe-b1-b2-b3-b4-100-200-c2-c3-c4-a4-b5-a6-c4-c5-50-vw-corrado-iltis-golf-jetta-polo-scirocco-1-2-passat-b1-b2-b3-b4-bus-t4-ventilschaftdichtungen-neu-elring-553-1980\/#breadcrumb"},"inLanguage":"de-AT","potentialAction":[{"@type":"ReadAction","target":["https:\/\/audi-klaus.at\/shop\/produkt\/audi-80-90-coupe-b1-b2-b3-b4-100-200-c2-c3-c4-a4-b5-a6-c4-c5-50-vw-corrado-iltis-golf-jetta-polo-scirocco-1-2-passat-b1-b2-b3-b4-bus-t4-ventilschaftdichtungen-neu-elring-553-1980\/"]}]},{"@type":"ImageObject","inLanguage":"de-AT","@id":"https:\/\/audi-klaus.at\/shop\/produkt\/audi-80-90-coupe-b1-b2-b3-b4-100-200-c2-c3-c4-a4-b5-a6-c4-c5-50-vw-corrado-iltis-golf-jetta-polo-scirocco-1-2-passat-b1-b2-b3-b4-bus-t4-ventilschaftdichtungen-neu-elring-553-1980\/#primaryimage","url":"https:\/\/audi-klaus.at\/shop\/wp-content\/uploads\/2022\/10\/M1362-2.jpg","contentUrl":"https:\/\/audi-klaus.at\/shop\/wp-content\/uploads\/2022\/10\/M1362-2.jpg","width":418,"height":418},{"@type":"BreadcrumbList","@id":"https:\/\/audi-klaus.at\/shop\/produkt\/audi-80-90-coupe-b1-b2-b3-b4-100-200-c2-c3-c4-a4-b5-a6-c4-c5-50-vw-corrado-iltis-golf-jetta-polo-scirocco-1-2-passat-b1-b2-b3-b4-bus-t4-ventilschaftdichtungen-neu-elring-553-1980\/#breadcrumb","itemListElement":[{"@type":"ListItem","position":1,"name":"Startseite","item":"https:\/\/audi-klaus.at\/shop\/"},{"@type":"ListItem","position":2,"name":"Shop","item":"https:\/\/audi-klaus.at\/shop\/"},{"@type":"ListItem","position":3,"name":"Audi 80\/90\/Coup\u00e9\/B1\/B2\/B3\/B4\/100\/200\/C2\/C3\/C4\/A4\/B5\/A6\/C4\/C5\/50\/VW Corrado\/Iltis\/Golf\/Jetta\/Polo\/Scirocco\/1\/2\/Passat\/B1\/B2\/B3\/B4\/Bus\/T3\/T4 Ventilschaftdichtungen NEU Elring 553.1980"}]},{"@type":"WebSite","@id":"https:\/\/audi-klaus.at\/shop\/#website","url":"https:\/\/audi-klaus.at\/shop\/","name":"Audi-Klaus","description":"Ihr Gebrauchtteile Spezialist f\u00fcr die Marken Audi, VW (VAG)","publisher":{"@id":"https:\/\/audi-klaus.at\/shop\/#organization"},"potentialAction":[{"@type":"SearchAction","target":{"@type":"EntryPoint","urlTemplate":"https:\/\/audi-klaus.at\/shop\/?s={search_term_string}"},"query-input":{"@type":"PropertyValueSpecification","valueRequired":true,"valueName":"search_term_string"}}],"inLanguage":"de-AT"},{"@type":"Organization","@id":"https:\/\/audi-klaus.at\/shop\/#organization","name":"Audi-Klaus","url":"https:\/\/audi-klaus.at\/shop\/","logo":{"@type":"ImageObject","inLanguage":"de-AT","@id":"https:\/\/audi-klaus.at\/shop\/#\/schema\/logo\/image\/","url":"https:\/\/audi-klaus.at\/shop\/wp-content\/uploads\/2024\/10\/Logo-Shop.webp","contentUrl":"https:\/\/audi-klaus.at\/shop\/wp-content\/uploads\/2024\/10\/Logo-Shop.webp","width":470,"height":164,"caption":"Audi-Klaus"},"image":{"@id":"https:\/\/audi-klaus.at\/shop\/#\/schema\/logo\/image\/"},"sameAs":["https:\/\/www.facebook.com\/audi.klaus.1312\/","https:\/\/www.instagram.com\/audi_klaus\/?igshid=1eca3qu2mdayg"]}]}},"_links":{"self":[{"href":"https:\/\/audi-klaus.at\/shop\/wp-json\/wp\/v2\/product\/50257","targetHints":{"allow":["GET"]}}],"collection":[{"href":"https:\/\/audi-klaus.at\/shop\/wp-json\/wp\/v2\/product"}],"about":[{"href":"https:\/\/audi-klaus.at\/shop\/wp-json\/wp\/v2\/types\/product"}],"wp:featuredmedia":[{"embeddable":true,"href":"https:\/\/audi-klaus.at\/shop\/wp-json\/wp\/v2\/media\/50227"}],"wp:attachment":[{"href":"https:\/\/audi-klaus.at\/shop\/wp-json\/wp\/v2\/media?parent=50257"}],"wp:term":[{"taxonomy":"product_brand","embeddable":true,"href":"https:\/\/audi-klaus.at\/shop\/wp-json\/wp\/v2\/product_brand?post=50257"},{"taxonomy":"product_cat","embeddable":true,"href":"https:\/\/audi-klaus.at\/shop\/wp-json\/wp\/v2\/product_cat?post=50257"},{"taxonomy":"product_tag","embeddable":true,"href":"https:\/\/audi-klaus.at\/shop\/wp-json\/wp\/v2\/product_tag?post=50257"}],"curies":[{"name":"wp","href":"https:\/\/api.w.org\/{rel}","templated":true}]}}