{"id":50247,"date":"2022-10-20T08:42:05","date_gmt":"2022-10-20T06:42:05","guid":{"rendered":"https:\/\/audi-klaus.at\/shop\/?post_type=product&#038;p=50247"},"modified":"2026-01-07T21:53:56","modified_gmt":"2026-01-07T20:53:56","slug":"audi-a3-8p-a4-b6-b7-q5-8r-q7-4l-wischermotor-hinten-neu-valeo-579603-8e9955711e","status":"publish","type":"product","link":"https:\/\/audi-klaus.at\/shop\/produkt\/audi-a3-8p-a4-b6-b7-q5-8r-q7-4l-wischermotor-hinten-neu-valeo-579603-8e9955711e\/","title":{"rendered":"Audi A3\/8P\/A4\/B6\/B7\/Q5\/8R\/Q7\/4L Wischermotor hinten NEU Valeo 579603\/8E9955711E"},"content":{"rendered":"<h5 class=\"western\"><span style=\"color: #060606;\"><span style=\"font-family: Verdana, serif;\"><span style=\"font-size: small;\"><b>VAG Teilenummer<\/b><\/span><\/span><\/span><span style=\"color: #060606;\"><span style=\"font-family: Verdana, serif;\"><span style=\"font-size: small;\">: Valeo 579 603, 8E9 955 711E<\/span><\/span><\/span><\/h5>\n<h5 class=\"western\"><span style=\"color: #060606;\"><span style=\"font-family: Verdana, serif;\"><span style=\"font-size: small;\"><b>Zustand: <\/b><\/span><\/span><\/span><span style=\"color: #060606;\"><span style=\"font-family: Verdana, serif;\"><span style=\"font-size: small;\"><span lang=\"de-DE\">NEU<\/span><\/span><\/span><\/span><\/h5>\n<h5 class=\"western\"><span style=\"color: #060606;\"><span style=\"font-family: Verdana, serif;\"><span style=\"font-size: small;\"><b>Lieferumfang:<\/b><\/span><\/span><\/span><span style=\"color: #060606;\"><span style=\"font-family: Verdana, serif;\"><span style=\"font-size: small;\">\u00a0wie in den Original-Abbildungen angegeben<\/span><\/span><\/span><\/h5>\n<h5 class=\"western\"><span style=\"color: #060606;\"><span style=\"font-family: Verdana, serif;\"><span style=\"font-size: small;\"><b>Hinweis:<\/b><\/span><\/span><\/span><span style=\"color: #060606;\"><span style=\"font-family: Verdana, serif;\"><span style=\"font-size: small;\">\u00a0Bitte \u00fcberpr\u00fcfen Sie vor dem Kauf anhand der eindeutigen Teilenummern, ob der Artikel zum Fahrzeug passt, um R\u00fccksendungen zu vermeiden! Trotz Angabe der entsprechenden Fahrzeugdaten ist eine eindeutige Zuordnung nur \u00fcber die Teilenummer m\u00f6glich! Die abgelesene Teilenummer ist die Teilenummer des Teils, welches geliefert wird. Die Originalteilnummer ist diejenige, die bei Neubestellung f\u00fcr dieses Teil gilt und der m\u00f6glicherweise abweichenden, gelieferten Teilenummer entspricht. <\/span><\/span><\/span><\/h5>\n<h5 class=\"western\"><span style=\"color: #060606;\"><span style=\"font-family: Verdana, serif;\"><span style=\"font-size: small;\"><span lang=\"de-DE\">Neu<\/span><\/span><\/span><\/span><span style=\"color: #060606;\"><span style=\"font-family: Verdana, serif;\"><span style=\"font-size: small;\"> mit Gebrauchsspuren in Form von Verunreinigungen\/ kleinen Kratzern m\u00f6glich. Die Ware wird ungereinigt geliefert.<\/span><\/span><\/span><\/h5>\n<h5 class=\"western\"><span style=\"color: #060606;\"><span style=\"font-family: Verdana, serif;\"><span style=\"font-size: small;\">Sollten weitere Fragen offen sein, kontaktieren Sie uns bitte unter\u00a0<\/span><\/span><\/span><a><span style=\"color: #0000ff;\"><span style=\"font-family: Verdana, serif;\"><span style=\"font-size: small;\"><u>office@audi-klaus.at<\/u><\/span><\/span><\/span><\/a><\/h5>\n<h5 class=\"western\"><\/h5>\n","protected":false},"excerpt":{"rendered":"<p class=\"western\"><strong><span style=\"color: #000000;\"><span style=\"font-family: Source Sans Pro, serif;\"><span style=\"font-size: x-large;\">Marke: Audi<br \/>\nModell: A3\/A4\/Q5\/Q7<br \/>\nTyp: 8P\/B6\/B7\/8R\/4L<\/span><\/span><\/span><\/strong><\/p>\n","protected":false},"featured_media":50199,"template":"","meta":[],"product_brand":[],"product_cat":[499,520,530,32,956,369,958,370,1071,378,1091,379,454,474,498],"product_tag":[16411,16412,16413,16414],"class_list":{"0":"post-50247","1":"product","2":"type-product","3":"status-publish","4":"has-post-thumbnail","6":"product_cat-b7-2004-2008","7":"product_cat-elektrik-b6-2000-2004","8":"product_cat-elektrik-b7-2004-2008","9":"product_cat-audi","10":"product_cat-8r-2008-2017","11":"product_cat-a3","12":"product_cat-4l-2006-2016","13":"product_cat-a4","14":"product_cat-elektrik-8r-2008-2017","15":"product_cat-q5","16":"product_cat-elektrik-4l-2006-2016","17":"product_cat-q7","18":"product_cat-8p-2003-2013","19":"product_cat-elektrik-8p-2003-2013","20":"product_cat-b6-2000-2004","21":"product_tag-valeo-579603","22":"product_tag-8e9955711e","23":"product_tag-16413","24":"product_tag-e1099","26":"first","27":"outofstock","28":"taxable","29":"shipping-taxable","30":"purchasable","31":"product-type-simple"},"yoast_head":"<!-- This site is optimized with the Yoast SEO plugin v27.4 - https:\/\/yoast.com\/product\/yoast-seo-wordpress\/ -->\n<title>Audi A3\/8P\/A4\/B6\/B7\/Q5\/8R\/Q7\/4L Wischermotor hinten NEU Valeo 579603\/8E9955711E - Audi-Klaus<\/title>\n<meta name=\"description\" content=\"Audi-Klaus Audi A3\/8P\/A4\/B6\/B7\/Q5\/8R\/Q7\/4L Wischermotor hinten NEU Valeo 579603\/8E9955711E Audi A3\/8P\/A4\/B6\/B7\/Q5\/8R\/Q7\/4L Wischermotor hinten NEU Valeo 579603\/8E9955711E\" \/>\n<meta name=\"robots\" content=\"index, follow, max-snippet:-1, max-image-preview:large, max-video-preview:-1\" \/>\n<link rel=\"canonical\" href=\"https:\/\/audi-klaus.at\/shop\/produkt\/audi-a3-8p-a4-b6-b7-q5-8r-q7-4l-wischermotor-hinten-neu-valeo-579603-8e9955711e\/\" \/>\n<meta property=\"og:locale\" content=\"de_DE\" \/>\n<meta property=\"og:type\" content=\"article\" \/>\n<meta property=\"og:title\" content=\"Audi A3\/8P\/A4\/B6\/B7\/Q5\/8R\/Q7\/4L Wischermotor hinten NEU Valeo 579603\/8E9955711E - Audi-Klaus\" \/>\n<meta property=\"og:description\" content=\"Audi-Klaus Audi A3\/8P\/A4\/B6\/B7\/Q5\/8R\/Q7\/4L Wischermotor hinten NEU Valeo 579603\/8E9955711E Audi A3\/8P\/A4\/B6\/B7\/Q5\/8R\/Q7\/4L Wischermotor hinten NEU Valeo 579603\/8E9955711E\" \/>\n<meta property=\"og:url\" content=\"https:\/\/audi-klaus.at\/shop\/produkt\/audi-a3-8p-a4-b6-b7-q5-8r-q7-4l-wischermotor-hinten-neu-valeo-579603-8e9955711e\/\" \/>\n<meta property=\"og:site_name\" content=\"Audi-Klaus\" \/>\n<meta property=\"article:publisher\" content=\"https:\/\/www.facebook.com\/audi.klaus.1312\/\" \/>\n<meta property=\"article:modified_time\" content=\"2026-01-07T20:53:56+00:00\" \/>\n<meta property=\"og:image\" content=\"https:\/\/audi-klaus.at\/shop\/wp-content\/uploads\/2022\/10\/E1099-1.jpg\" \/>\n\t<meta property=\"og:image:width\" content=\"418\" \/>\n\t<meta property=\"og:image:height\" content=\"418\" \/>\n\t<meta property=\"og:image:type\" content=\"image\/jpeg\" \/>\n<meta name=\"twitter:card\" content=\"summary_large_image\" \/>\n<meta name=\"twitter:label1\" content=\"Gesch\u00e4tzte Lesezeit\" \/>\n\t<meta name=\"twitter:data1\" content=\"1 Minute\" \/>\n<script type=\"application\/ld+json\" class=\"yoast-schema-graph\">{\"@context\":\"https:\\\/\\\/schema.org\",\"@graph\":[{\"@type\":\"WebPage\",\"@id\":\"https:\\\/\\\/audi-klaus.at\\\/shop\\\/produkt\\\/audi-a3-8p-a4-b6-b7-q5-8r-q7-4l-wischermotor-hinten-neu-valeo-579603-8e9955711e\\\/\",\"url\":\"https:\\\/\\\/audi-klaus.at\\\/shop\\\/produkt\\\/audi-a3-8p-a4-b6-b7-q5-8r-q7-4l-wischermotor-hinten-neu-valeo-579603-8e9955711e\\\/\",\"name\":\"Audi A3\\\/8P\\\/A4\\\/B6\\\/B7\\\/Q5\\\/8R\\\/Q7\\\/4L Wischermotor hinten NEU Valeo 579603\\\/8E9955711E - Audi-Klaus\",\"isPartOf\":{\"@id\":\"https:\\\/\\\/audi-klaus.at\\\/shop\\\/#website\"},\"primaryImageOfPage\":{\"@id\":\"https:\\\/\\\/audi-klaus.at\\\/shop\\\/produkt\\\/audi-a3-8p-a4-b6-b7-q5-8r-q7-4l-wischermotor-hinten-neu-valeo-579603-8e9955711e\\\/#primaryimage\"},\"image\":{\"@id\":\"https:\\\/\\\/audi-klaus.at\\\/shop\\\/produkt\\\/audi-a3-8p-a4-b6-b7-q5-8r-q7-4l-wischermotor-hinten-neu-valeo-579603-8e9955711e\\\/#primaryimage\"},\"thumbnailUrl\":\"https:\\\/\\\/audi-klaus.at\\\/shop\\\/wp-content\\\/uploads\\\/2022\\\/10\\\/E1099-1.jpg\",\"datePublished\":\"2022-10-20T06:42:05+00:00\",\"dateModified\":\"2026-01-07T20:53:56+00:00\",\"description\":\"Audi-Klaus Audi A3\\\/8P\\\/A4\\\/B6\\\/B7\\\/Q5\\\/8R\\\/Q7\\\/4L Wischermotor hinten NEU Valeo 579603\\\/8E9955711E Audi A3\\\/8P\\\/A4\\\/B6\\\/B7\\\/Q5\\\/8R\\\/Q7\\\/4L Wischermotor hinten NEU Valeo 579603\\\/8E9955711E\",\"breadcrumb\":{\"@id\":\"https:\\\/\\\/audi-klaus.at\\\/shop\\\/produkt\\\/audi-a3-8p-a4-b6-b7-q5-8r-q7-4l-wischermotor-hinten-neu-valeo-579603-8e9955711e\\\/#breadcrumb\"},\"inLanguage\":\"de-AT\",\"potentialAction\":[{\"@type\":\"ReadAction\",\"target\":[\"https:\\\/\\\/audi-klaus.at\\\/shop\\\/produkt\\\/audi-a3-8p-a4-b6-b7-q5-8r-q7-4l-wischermotor-hinten-neu-valeo-579603-8e9955711e\\\/\"]}]},{\"@type\":\"ImageObject\",\"inLanguage\":\"de-AT\",\"@id\":\"https:\\\/\\\/audi-klaus.at\\\/shop\\\/produkt\\\/audi-a3-8p-a4-b6-b7-q5-8r-q7-4l-wischermotor-hinten-neu-valeo-579603-8e9955711e\\\/#primaryimage\",\"url\":\"https:\\\/\\\/audi-klaus.at\\\/shop\\\/wp-content\\\/uploads\\\/2022\\\/10\\\/E1099-1.jpg\",\"contentUrl\":\"https:\\\/\\\/audi-klaus.at\\\/shop\\\/wp-content\\\/uploads\\\/2022\\\/10\\\/E1099-1.jpg\",\"width\":418,\"height\":418},{\"@type\":\"BreadcrumbList\",\"@id\":\"https:\\\/\\\/audi-klaus.at\\\/shop\\\/produkt\\\/audi-a3-8p-a4-b6-b7-q5-8r-q7-4l-wischermotor-hinten-neu-valeo-579603-8e9955711e\\\/#breadcrumb\",\"itemListElement\":[{\"@type\":\"ListItem\",\"position\":1,\"name\":\"Startseite\",\"item\":\"https:\\\/\\\/audi-klaus.at\\\/shop\\\/\"},{\"@type\":\"ListItem\",\"position\":2,\"name\":\"Shop\",\"item\":\"https:\\\/\\\/audi-klaus.at\\\/shop\\\/\"},{\"@type\":\"ListItem\",\"position\":3,\"name\":\"Audi A3\\\/8P\\\/A4\\\/B6\\\/B7\\\/Q5\\\/8R\\\/Q7\\\/4L Wischermotor hinten NEU Valeo 579603\\\/8E9955711E\"}]},{\"@type\":\"WebSite\",\"@id\":\"https:\\\/\\\/audi-klaus.at\\\/shop\\\/#website\",\"url\":\"https:\\\/\\\/audi-klaus.at\\\/shop\\\/\",\"name\":\"Audi-Klaus\",\"description\":\"Ihr Gebrauchtteile Spezialist f\u00fcr die Marken Audi, VW (VAG)\",\"publisher\":{\"@id\":\"https:\\\/\\\/audi-klaus.at\\\/shop\\\/#organization\"},\"potentialAction\":[{\"@type\":\"SearchAction\",\"target\":{\"@type\":\"EntryPoint\",\"urlTemplate\":\"https:\\\/\\\/audi-klaus.at\\\/shop\\\/?s={search_term_string}\"},\"query-input\":{\"@type\":\"PropertyValueSpecification\",\"valueRequired\":true,\"valueName\":\"search_term_string\"}}],\"inLanguage\":\"de-AT\"},{\"@type\":\"Organization\",\"@id\":\"https:\\\/\\\/audi-klaus.at\\\/shop\\\/#organization\",\"name\":\"Audi-Klaus\",\"url\":\"https:\\\/\\\/audi-klaus.at\\\/shop\\\/\",\"logo\":{\"@type\":\"ImageObject\",\"inLanguage\":\"de-AT\",\"@id\":\"https:\\\/\\\/audi-klaus.at\\\/shop\\\/#\\\/schema\\\/logo\\\/image\\\/\",\"url\":\"https:\\\/\\\/audi-klaus.at\\\/shop\\\/wp-content\\\/uploads\\\/2024\\\/10\\\/Logo-Shop.webp\",\"contentUrl\":\"https:\\\/\\\/audi-klaus.at\\\/shop\\\/wp-content\\\/uploads\\\/2024\\\/10\\\/Logo-Shop.webp\",\"width\":470,\"height\":164,\"caption\":\"Audi-Klaus\"},\"image\":{\"@id\":\"https:\\\/\\\/audi-klaus.at\\\/shop\\\/#\\\/schema\\\/logo\\\/image\\\/\"},\"sameAs\":[\"https:\\\/\\\/www.facebook.com\\\/audi.klaus.1312\\\/\",\"https:\\\/\\\/www.instagram.com\\\/audi_klaus\\\/?igshid=1eca3qu2mdayg\"]}]}<\/script>\n<!-- \/ Yoast SEO plugin. -->","yoast_head_json":{"title":"Audi A3\/8P\/A4\/B6\/B7\/Q5\/8R\/Q7\/4L Wischermotor hinten NEU Valeo 579603\/8E9955711E - Audi-Klaus","description":"Audi-Klaus Audi A3\/8P\/A4\/B6\/B7\/Q5\/8R\/Q7\/4L Wischermotor hinten NEU Valeo 579603\/8E9955711E Audi A3\/8P\/A4\/B6\/B7\/Q5\/8R\/Q7\/4L Wischermotor hinten NEU Valeo 579603\/8E9955711E","robots":{"index":"index","follow":"follow","max-snippet":"max-snippet:-1","max-image-preview":"max-image-preview:large","max-video-preview":"max-video-preview:-1"},"canonical":"https:\/\/audi-klaus.at\/shop\/produkt\/audi-a3-8p-a4-b6-b7-q5-8r-q7-4l-wischermotor-hinten-neu-valeo-579603-8e9955711e\/","og_locale":"de_DE","og_type":"article","og_title":"Audi A3\/8P\/A4\/B6\/B7\/Q5\/8R\/Q7\/4L Wischermotor hinten NEU Valeo 579603\/8E9955711E - Audi-Klaus","og_description":"Audi-Klaus Audi A3\/8P\/A4\/B6\/B7\/Q5\/8R\/Q7\/4L Wischermotor hinten NEU Valeo 579603\/8E9955711E Audi A3\/8P\/A4\/B6\/B7\/Q5\/8R\/Q7\/4L Wischermotor hinten NEU Valeo 579603\/8E9955711E","og_url":"https:\/\/audi-klaus.at\/shop\/produkt\/audi-a3-8p-a4-b6-b7-q5-8r-q7-4l-wischermotor-hinten-neu-valeo-579603-8e9955711e\/","og_site_name":"Audi-Klaus","article_publisher":"https:\/\/www.facebook.com\/audi.klaus.1312\/","article_modified_time":"2026-01-07T20:53:56+00:00","og_image":[{"width":418,"height":418,"url":"https:\/\/audi-klaus.at\/shop\/wp-content\/uploads\/2022\/10\/E1099-1.jpg","type":"image\/jpeg"}],"twitter_card":"summary_large_image","twitter_misc":{"Gesch\u00e4tzte Lesezeit":"1 Minute"},"schema":{"@context":"https:\/\/schema.org","@graph":[{"@type":"WebPage","@id":"https:\/\/audi-klaus.at\/shop\/produkt\/audi-a3-8p-a4-b6-b7-q5-8r-q7-4l-wischermotor-hinten-neu-valeo-579603-8e9955711e\/","url":"https:\/\/audi-klaus.at\/shop\/produkt\/audi-a3-8p-a4-b6-b7-q5-8r-q7-4l-wischermotor-hinten-neu-valeo-579603-8e9955711e\/","name":"Audi A3\/8P\/A4\/B6\/B7\/Q5\/8R\/Q7\/4L Wischermotor hinten NEU Valeo 579603\/8E9955711E - Audi-Klaus","isPartOf":{"@id":"https:\/\/audi-klaus.at\/shop\/#website"},"primaryImageOfPage":{"@id":"https:\/\/audi-klaus.at\/shop\/produkt\/audi-a3-8p-a4-b6-b7-q5-8r-q7-4l-wischermotor-hinten-neu-valeo-579603-8e9955711e\/#primaryimage"},"image":{"@id":"https:\/\/audi-klaus.at\/shop\/produkt\/audi-a3-8p-a4-b6-b7-q5-8r-q7-4l-wischermotor-hinten-neu-valeo-579603-8e9955711e\/#primaryimage"},"thumbnailUrl":"https:\/\/audi-klaus.at\/shop\/wp-content\/uploads\/2022\/10\/E1099-1.jpg","datePublished":"2022-10-20T06:42:05+00:00","dateModified":"2026-01-07T20:53:56+00:00","description":"Audi-Klaus Audi A3\/8P\/A4\/B6\/B7\/Q5\/8R\/Q7\/4L Wischermotor hinten NEU Valeo 579603\/8E9955711E Audi A3\/8P\/A4\/B6\/B7\/Q5\/8R\/Q7\/4L Wischermotor hinten NEU Valeo 579603\/8E9955711E","breadcrumb":{"@id":"https:\/\/audi-klaus.at\/shop\/produkt\/audi-a3-8p-a4-b6-b7-q5-8r-q7-4l-wischermotor-hinten-neu-valeo-579603-8e9955711e\/#breadcrumb"},"inLanguage":"de-AT","potentialAction":[{"@type":"ReadAction","target":["https:\/\/audi-klaus.at\/shop\/produkt\/audi-a3-8p-a4-b6-b7-q5-8r-q7-4l-wischermotor-hinten-neu-valeo-579603-8e9955711e\/"]}]},{"@type":"ImageObject","inLanguage":"de-AT","@id":"https:\/\/audi-klaus.at\/shop\/produkt\/audi-a3-8p-a4-b6-b7-q5-8r-q7-4l-wischermotor-hinten-neu-valeo-579603-8e9955711e\/#primaryimage","url":"https:\/\/audi-klaus.at\/shop\/wp-content\/uploads\/2022\/10\/E1099-1.jpg","contentUrl":"https:\/\/audi-klaus.at\/shop\/wp-content\/uploads\/2022\/10\/E1099-1.jpg","width":418,"height":418},{"@type":"BreadcrumbList","@id":"https:\/\/audi-klaus.at\/shop\/produkt\/audi-a3-8p-a4-b6-b7-q5-8r-q7-4l-wischermotor-hinten-neu-valeo-579603-8e9955711e\/#breadcrumb","itemListElement":[{"@type":"ListItem","position":1,"name":"Startseite","item":"https:\/\/audi-klaus.at\/shop\/"},{"@type":"ListItem","position":2,"name":"Shop","item":"https:\/\/audi-klaus.at\/shop\/"},{"@type":"ListItem","position":3,"name":"Audi A3\/8P\/A4\/B6\/B7\/Q5\/8R\/Q7\/4L Wischermotor hinten NEU Valeo 579603\/8E9955711E"}]},{"@type":"WebSite","@id":"https:\/\/audi-klaus.at\/shop\/#website","url":"https:\/\/audi-klaus.at\/shop\/","name":"Audi-Klaus","description":"Ihr Gebrauchtteile Spezialist f\u00fcr die Marken Audi, VW (VAG)","publisher":{"@id":"https:\/\/audi-klaus.at\/shop\/#organization"},"potentialAction":[{"@type":"SearchAction","target":{"@type":"EntryPoint","urlTemplate":"https:\/\/audi-klaus.at\/shop\/?s={search_term_string}"},"query-input":{"@type":"PropertyValueSpecification","valueRequired":true,"valueName":"search_term_string"}}],"inLanguage":"de-AT"},{"@type":"Organization","@id":"https:\/\/audi-klaus.at\/shop\/#organization","name":"Audi-Klaus","url":"https:\/\/audi-klaus.at\/shop\/","logo":{"@type":"ImageObject","inLanguage":"de-AT","@id":"https:\/\/audi-klaus.at\/shop\/#\/schema\/logo\/image\/","url":"https:\/\/audi-klaus.at\/shop\/wp-content\/uploads\/2024\/10\/Logo-Shop.webp","contentUrl":"https:\/\/audi-klaus.at\/shop\/wp-content\/uploads\/2024\/10\/Logo-Shop.webp","width":470,"height":164,"caption":"Audi-Klaus"},"image":{"@id":"https:\/\/audi-klaus.at\/shop\/#\/schema\/logo\/image\/"},"sameAs":["https:\/\/www.facebook.com\/audi.klaus.1312\/","https:\/\/www.instagram.com\/audi_klaus\/?igshid=1eca3qu2mdayg"]}]}},"_links":{"self":[{"href":"https:\/\/audi-klaus.at\/shop\/wp-json\/wp\/v2\/product\/50247","targetHints":{"allow":["GET"]}}],"collection":[{"href":"https:\/\/audi-klaus.at\/shop\/wp-json\/wp\/v2\/product"}],"about":[{"href":"https:\/\/audi-klaus.at\/shop\/wp-json\/wp\/v2\/types\/product"}],"wp:featuredmedia":[{"embeddable":true,"href":"https:\/\/audi-klaus.at\/shop\/wp-json\/wp\/v2\/media\/50199"}],"wp:attachment":[{"href":"https:\/\/audi-klaus.at\/shop\/wp-json\/wp\/v2\/media?parent=50247"}],"wp:term":[{"taxonomy":"product_brand","embeddable":true,"href":"https:\/\/audi-klaus.at\/shop\/wp-json\/wp\/v2\/product_brand?post=50247"},{"taxonomy":"product_cat","embeddable":true,"href":"https:\/\/audi-klaus.at\/shop\/wp-json\/wp\/v2\/product_cat?post=50247"},{"taxonomy":"product_tag","embeddable":true,"href":"https:\/\/audi-klaus.at\/shop\/wp-json\/wp\/v2\/product_tag?post=50247"}],"curies":[{"name":"wp","href":"https:\/\/api.w.org\/{rel}","templated":true}]}}